{"id":16,"date":"2022-04-20T09:47:32","date_gmt":"2022-04-20T08:47:32","guid":{"rendered":"https:\/\/dev4copopalhinhas.devdg.pt\/minha-conta\/"},"modified":"2024-11-14T19:07:06","modified_gmt":"2024-11-14T19:07:06","slug":"minha-conta","status":"publish","type":"page","link":"https:\/\/dev4copopalhinhas.devdg.pt\/es\/minha-conta\/","title":{"rendered":"Mi cuenta"},"content":{"rendered":"<div data-elementor-type=\"wp-page\" data-elementor-id=\"16\" class=\"elementor elementor-16\" data-elementor-post-type=\"page\">\n\t\t\t\t\t\t<section class=\"elementor-section elementor-top-section elementor-element elementor-element-676d8e9 elementor-section-full_width elementor-section-height-default elementor-section-height-default xts-section-disabled\" data-id=\"676d8e9\" data-element_type=\"section\">\n\t\t\t\t\t\t<div class=\"elementor-container elementor-column-gap-default\">\n\t\t\t\t\t<div class=\"elementor-column elementor-col-100 elementor-top-column elementor-element elementor-element-40ecc76\" data-id=\"40ecc76\" data-element_type=\"column\">\n\t\t\t<div class=\"elementor-widget-wrap elementor-element-populated\">\n\t\t\t\t\t\t<div class=\"elementor-element elementor-element-2d7f845 elementor-widget elementor-widget-xts_title\" data-id=\"2d7f845\" data-element_type=\"widget\" data-widget_type=\"xts_title.default\">\n\t\t\t\t<div class=\"elementor-widget-container\">\n\t\t\t\t\t\t<div class=\"xts-section-heading xts-reset-mb-10 xts-reset-last xts-textalign-center\" data-animation-delay=\"\">\r\n\t\t\t\t\r\n\t\t\t\t\t\t\t\t\t<h4 class=\"xts-section-title title xts-design-default xts-fontsize-l\">\r\n\t\t\t\t\t\t<span class=\"xts-section-title-text\" data-elementor-setting-key=\"title\">\r\n\t\t\t\t\t\t\tTenemos una nueva tienda\t\t\t\t\t\t<\/span>\r\n\r\n\t\t\t\t\t\t\t\t\t\t\t<\/h4>\r\n\t\t\t\t\r\n\t\t\t\t\r\n\t\t\t\t\t\t\t<\/div>\r\n\t\t\t\t<\/div>\n\t\t\t\t<\/div>\n\t\t\t\t<div class=\"elementor-element elementor-element-1a083d6 elementor-widget elementor-widget-xts_animated_text\" data-id=\"1a083d6\" data-element_type=\"widget\" data-widget_type=\"xts_animated_text.default\">\n\t\t\t\t<div class=\"elementor-widget-container\">\n\t\t\t\t\t\t<div class=\"xts-anim-text xts-textalign-center xts-effect-word\" data-interval-time=\"1500\" data-character-time=\"\" data-animation-time=\"600\">\r\n\t\t\t\t<span class=\"xts-anim-text-before xts-textcolor-secondary xts-fontsize-m\" data-elementor-setting-key=\"before_text\">\r\n\t\t\t\t\tM\u00e1s \t\t\t\t<\/span>\r\n\r\n\t\t\t\t<span class=\"xts-anim-text-list xts-textcolor-primary xts-fontsize-m\" data-effect=\"word\">\r\n\t\t\t\t\t\t\t\t\t\t\t\t\t\t\t\t\t<span class=\"xts-anim-text-item xts-active\">\r\n\t\t\t\t\t\t\tr\u00e1pido.\t\t\t\t\t\t<\/span>\r\n\t\t\t\t\t\t\t\t\t\t\t\t\t\t\t\t\t<span class=\"xts-anim-text-item xts-hidden\">\r\n\t\t\t\t\t\t\tacess\u00edvel.\t\t\t\t\t\t<\/span>\r\n\t\t\t\t\t\t\t\t\t\t\t\t\t\t\t\t\t<span class=\"xts-anim-text-item xts-hidden\">\r\n\t\t\t\t\t\t\tflex\u00edvel.\t\t\t\t\t\t<\/span>\r\n\t\t\t\t\t\t\t\t\t\t\t\t\t\t\t\t\t<span class=\"xts-anim-text-item xts-hidden\">\r\n\t\t\t\t\t\t\tfuncional.\t\t\t\t\t\t<\/span>\r\n\t\t\t\t\t\t\t\t\t\t\t\t\t\t\t\t\t<span class=\"xts-anim-text-item xts-hidden\">\r\n\t\t\t\t\t\t\tdetallado.\t\t\t\t\t\t<\/span>\r\n\t\t\t\t\t\t\t\t\t<\/span>\r\n\r\n\t\t\t\t<span class=\"xts-anim-text-after xts-textcolor-secondary xts-fontsize-m\"\r\n\t\t\t\t\tdata-elementor-setting-key=\"after_text\">\r\n\t\t\t\t\t\t\t\t\t<\/span>\r\n\t\t\t<\/div>\r\n\t\t\t\t<\/div>\n\t\t\t\t<\/div>\n\t\t\t\t<div class=\"elementor-element elementor-element-ef0290b elementor-widget elementor-widget-xts_title\" data-id=\"ef0290b\" data-element_type=\"widget\" data-widget_type=\"xts_title.default\">\n\t\t\t\t<div class=\"elementor-widget-container\">\n\t\t\t\t\t\t<div class=\"xts-section-heading xts-reset-mb-10 xts-reset-last xts-textalign-center\" data-animation-delay=\"\">\r\n\t\t\t\t\t\t\t\t\t<div class=\"xts-section-subtitle xts-textcolor-secondary xts-fontsize-s\">\r\n\t\t\t\t\t\t<span class=\"xts-section-subtitle-text\" data-elementor-setting-key=\"subtitle\">\r\n\t\t\t\t\t\t\tSe j\u00e1 tem conta na nossa loja basta definir uma nova senha de acesso.\t\t\t\t\t\t<\/span>\r\n\r\n\t\t\t\t\t\t\t\t\t\t\t<\/div>\r\n\t\t\t\t\r\n\t\t\t\t\t\t\t\t\t<h3 class=\"xts-section-title title xts-design-simple xts-fontsize-s\">\r\n\t\t\t\t\t\t<span class=\"xts-section-title-text\" data-elementor-setting-key=\"title\">\r\n\t\t\t\t\t\t\t<a href=\"\/es\/minha-conta\/recuperar-senha\/\"> Establecer una nueva contrase\u00f1a<\/a>\t\t\t\t\t\t<\/span>\r\n\r\n\t\t\t\t\t\t\t\t\t\t\t\t\t<div class=\"xts-section-title-divider\"><\/div>\r\n\t\t\t\t\t\t\t\t\t\t\t<\/h3>\r\n\t\t\t\t\r\n\t\t\t\t\r\n\t\t\t\t\t\t\t\t\t<div class=\"xts-section-desc xts-textcolor-secondary xts-fontsize-s\">\r\n\t\t\t\t\t\t<div class=\"xts-section-desc-text xts-reset-all-last\" data-elementor-setting-key=\"description\">\r\n\t\t\t\t\t\t\t<p>Se est\u00e1 pela primeira vez na nossa loja, registe a sua conta para usufruir dos nossos produtos e servi\u00e7os.<\/p>\n<p>Puedes elegir tu tipo de registro, Privado o Revendedor.<\/p>\t\t\t\t\t\t<\/div>\r\n\t\t\t\t\t<\/div>\r\n\t\t\t\t\t\t\t<\/div>\r\n\t\t\t\t<\/div>\n\t\t\t\t<\/div>\n\t\t\t\t\t<\/div>\n\t\t<\/div>\n\t\t\t\t\t<\/div>\n\t\t<\/section>\n\t\t\t\t<section class=\"elementor-section elementor-top-section elementor-element elementor-element-7c7f5543 elementor-section-boxed elementor-section-height-default elementor-section-height-default xts-section-disabled\" data-id=\"7c7f5543\" data-element_type=\"section\">\n\t\t\t\t\t\t<div class=\"elementor-container elementor-column-gap-default\">\n\t\t\t\t\t<div class=\"elementor-column elementor-col-100 elementor-top-column elementor-element elementor-element-1afad637\" data-id=\"1afad637\" data-element_type=\"column\">\n\t\t\t<div class=\"elementor-widget-wrap elementor-element-populated\">\n\t\t\t\t\t\t<div class=\"elementor-element elementor-element-2bf97f6d xts-scheme-inherit xts-textalign-inherit elementor-widget elementor-widget-text-editor\" data-id=\"2bf97f6d\" data-element_type=\"widget\" data-widget_type=\"text-editor.default\">\n\t\t\t\t<div class=\"elementor-widget-container\">\n\t\t\t\t\t\t\t<!-- wp:shortcode -->\n<p><div class=\"woocommerce\"><\/div><\/p>\n<!-- \/wp:shortcode -->\t\t\t\t\t\t<\/div>\n\t\t\t\t<\/div>\n\t\t\t\t\t<\/div>\n\t\t<\/div>\n\t\t\t\t\t<\/div>\n\t\t<\/section>\n\t\t\t\t<\/div>","protected":false},"excerpt":{"rendered":"<p>Temos uma nova Loja Mais r\u00e1pido. acess\u00edvel. flex\u00edvel. funcional. pormenorizado. Se j\u00e1 tem conta na nossa loja basta definir uma nova senha de acesso. Definir uma nova senha Se est\u00e1 pela primeira vez na nossa loja, registe a sua conta para usufruir dos nossos produtos e servi\u00e7os. Pode escolher o seu tipo de registo, Particular [&hellip;]<\/p>","protected":false},"author":1,"featured_media":0,"parent":0,"menu_order":0,"comment_status":"closed","ping_status":"closed","template":"elementor_theme","meta":{"_acf_changed":false,"footnotes":""},"class_list":["post-16","page","type-page","status-publish","hentry"],"acf":[],"yoast_head":"<!-- This site is optimized with the Yoast SEO Premium plugin v23.9 (Yoast SEO v23.9) - https:\/\/yoast.com\/wordpress\/plugins\/seo\/ -->\n<title>A minha conta - Copopalhinhas<\/title>\n<meta name=\"robots\" content=\"index, follow, max-snippet:-1, max-image-preview:large, max-video-preview:-1\" \/>\n<link rel=\"canonical\" href=\"https:\/\/dev4copopalhinhas.devdg.pt\/es\/minha-conta\/\" \/>\n<meta property=\"og:locale\" content=\"es_ES\" \/>\n<meta property=\"og:type\" content=\"article\" \/>\n<meta property=\"og:title\" content=\"A minha conta\" \/>\n<meta property=\"og:description\" content=\"Temos uma nova Loja Mais r\u00e1pido. acess\u00edvel. flex\u00edvel. funcional. pormenorizado. Se j\u00e1 tem conta na nossa loja basta definir uma nova senha de acesso. Definir uma nova senha Se est\u00e1 pela primeira vez na nossa loja, registe a sua conta para usufruir dos nossos produtos e servi\u00e7os. Pode escolher o seu tipo de registo, Particular [&hellip;]\" \/>\n<meta property=\"og:url\" content=\"https:\/\/dev4copopalhinhas.devdg.pt\/es\/minha-conta\/\" \/>\n<meta property=\"og:site_name\" content=\"Copopalhinhas\" \/>\n<meta property=\"article:publisher\" content=\"https:\/\/www.facebook.com\/copopalhinhas\" \/>\n<meta property=\"article:modified_time\" content=\"2024-11-14T19:07:06+00:00\" \/>\n<meta name=\"twitter:card\" content=\"summary_large_image\" \/>\n<meta name=\"twitter:site\" content=\"@copopalhinhas\" \/>\n<script type=\"application\/ld+json\" class=\"yoast-schema-graph\">{\"@context\":\"https:\/\/schema.org\",\"@graph\":[{\"@type\":\"WebPage\",\"@id\":\"https:\/\/dev4copopalhinhas.devdg.pt\/minha-conta\/\",\"url\":\"https:\/\/dev4copopalhinhas.devdg.pt\/minha-conta\/\",\"name\":\"A minha conta - Copopalhinhas\",\"isPartOf\":{\"@id\":\"https:\/\/dev4copopalhinhas.devdg.pt\/#website\"},\"datePublished\":\"2022-04-20T08:47:32+00:00\",\"dateModified\":\"2024-11-14T19:07:06+00:00\",\"breadcrumb\":{\"@id\":\"https:\/\/dev4copopalhinhas.devdg.pt\/minha-conta\/#breadcrumb\"},\"inLanguage\":\"es\",\"potentialAction\":[{\"@type\":\"ReadAction\",\"target\":[\"https:\/\/dev4copopalhinhas.devdg.pt\/minha-conta\/\"]}]},{\"@type\":\"BreadcrumbList\",\"@id\":\"https:\/\/dev4copopalhinhas.devdg.pt\/minha-conta\/#breadcrumb\",\"itemListElement\":[{\"@type\":\"ListItem\",\"position\":1,\"name\":\"In\u00edcio\",\"item\":\"https:\/\/dev4copopalhinhas.devdg.pt\/\"},{\"@type\":\"ListItem\",\"position\":2,\"name\":\"A minha conta\"}]},{\"@type\":\"WebSite\",\"@id\":\"https:\/\/dev4copopalhinhas.devdg.pt\/#website\",\"url\":\"https:\/\/dev4copopalhinhas.devdg.pt\/\",\"name\":\"Copopalhinhas\",\"description\":\"Os Melhores Pre\u00e7os\",\"publisher\":{\"@id\":\"https:\/\/dev4copopalhinhas.devdg.pt\/#organization\"},\"potentialAction\":[{\"@type\":\"SearchAction\",\"target\":{\"@type\":\"EntryPoint\",\"urlTemplate\":\"https:\/\/dev4copopalhinhas.devdg.pt\/?s={search_term_string}\"},\"query-input\":{\"@type\":\"PropertyValueSpecification\",\"valueRequired\":true,\"valueName\":\"search_term_string\"}}],\"inLanguage\":\"es\"},{\"@type\":\"Organization\",\"@id\":\"https:\/\/dev4copopalhinhas.devdg.pt\/#organization\",\"name\":\"Copopalhinhas\",\"url\":\"https:\/\/dev4copopalhinhas.devdg.pt\/\",\"logo\":{\"@type\":\"ImageObject\",\"inLanguage\":\"es\",\"@id\":\"https:\/\/dev4copopalhinhas.devdg.pt\/#\/schema\/logo\/image\/\",\"url\":\"https:\/\/dev4copopalhinhas.devdg.pt\/wp-content\/uploads\/2022\/05\/COPOPALHINHASlogo.png\",\"contentUrl\":\"https:\/\/dev4copopalhinhas.devdg.pt\/wp-content\/uploads\/2022\/05\/COPOPALHINHASlogo.png\",\"width\":1200,\"height\":323,\"caption\":\"Copopalhinhas\"},\"image\":{\"@id\":\"https:\/\/dev4copopalhinhas.devdg.pt\/#\/schema\/logo\/image\/\"},\"sameAs\":[\"https:\/\/www.facebook.com\/copopalhinhas\",\"https:\/\/x.com\/copopalhinhas\",\"https:\/\/copopalhinhas.blogspot.pt\/\"]}]}<\/script>\n<!-- \/ Yoast SEO Premium plugin. -->","yoast_head_json":{"title":"A minha conta - Copopalhinhas","robots":{"index":"index","follow":"follow","max-snippet":"max-snippet:-1","max-image-preview":"max-image-preview:large","max-video-preview":"max-video-preview:-1"},"canonical":"https:\/\/dev4copopalhinhas.devdg.pt\/es\/minha-conta\/","og_locale":"es_ES","og_type":"article","og_title":"A minha conta","og_description":"Temos uma nova Loja Mais r\u00e1pido. acess\u00edvel. flex\u00edvel. funcional. pormenorizado. Se j\u00e1 tem conta na nossa loja basta definir uma nova senha de acesso. Definir uma nova senha Se est\u00e1 pela primeira vez na nossa loja, registe a sua conta para usufruir dos nossos produtos e servi\u00e7os. Pode escolher o seu tipo de registo, Particular [&hellip;]","og_url":"https:\/\/dev4copopalhinhas.devdg.pt\/es\/minha-conta\/","og_site_name":"Copopalhinhas","article_publisher":"https:\/\/www.facebook.com\/copopalhinhas","article_modified_time":"2024-11-14T19:07:06+00:00","twitter_card":"summary_large_image","twitter_site":"@copopalhinhas","schema":{"@context":"https:\/\/schema.org","@graph":[{"@type":"WebPage","@id":"https:\/\/dev4copopalhinhas.devdg.pt\/minha-conta\/","url":"https:\/\/dev4copopalhinhas.devdg.pt\/minha-conta\/","name":"A minha conta - Copopalhinhas","isPartOf":{"@id":"https:\/\/dev4copopalhinhas.devdg.pt\/#website"},"datePublished":"2022-04-20T08:47:32+00:00","dateModified":"2024-11-14T19:07:06+00:00","breadcrumb":{"@id":"https:\/\/dev4copopalhinhas.devdg.pt\/minha-conta\/#breadcrumb"},"inLanguage":"es","potentialAction":[{"@type":"ReadAction","target":["https:\/\/dev4copopalhinhas.devdg.pt\/minha-conta\/"]}]},{"@type":"BreadcrumbList","@id":"https:\/\/dev4copopalhinhas.devdg.pt\/minha-conta\/#breadcrumb","itemListElement":[{"@type":"ListItem","position":1,"name":"In\u00edcio","item":"https:\/\/dev4copopalhinhas.devdg.pt\/"},{"@type":"ListItem","position":2,"name":"A minha conta"}]},{"@type":"WebSite","@id":"https:\/\/dev4copopalhinhas.devdg.pt\/#website","url":"https:\/\/dev4copopalhinhas.devdg.pt\/","name":"Pajitas para vasos","description":"Os Melhores Pre\u00e7os","publisher":{"@id":"https:\/\/dev4copopalhinhas.devdg.pt\/#organization"},"potentialAction":[{"@type":"SearchAction","target":{"@type":"EntryPoint","urlTemplate":"https:\/\/dev4copopalhinhas.devdg.pt\/?s={search_term_string}"},"query-input":{"@type":"PropertyValueSpecification","valueRequired":true,"valueName":"search_term_string"}}],"inLanguage":"es"},{"@type":"Organization","@id":"https:\/\/dev4copopalhinhas.devdg.pt\/#organization","name":"Pajitas para vasos","url":"https:\/\/dev4copopalhinhas.devdg.pt\/","logo":{"@type":"ImageObject","inLanguage":"es","@id":"https:\/\/dev4copopalhinhas.devdg.pt\/#\/schema\/logo\/image\/","url":"https:\/\/dev4copopalhinhas.devdg.pt\/wp-content\/uploads\/2022\/05\/COPOPALHINHASlogo.png","contentUrl":"https:\/\/dev4copopalhinhas.devdg.pt\/wp-content\/uploads\/2022\/05\/COPOPALHINHASlogo.png","width":1200,"height":323,"caption":"Copopalhinhas"},"image":{"@id":"https:\/\/dev4copopalhinhas.devdg.pt\/#\/schema\/logo\/image\/"},"sameAs":["https:\/\/www.facebook.com\/copopalhinhas","https:\/\/x.com\/copopalhinhas","https:\/\/copopalhinhas.blogspot.pt\/"]}]}},"_links":{"self":[{"href":"https:\/\/dev4copopalhinhas.devdg.pt\/es\/wp-json\/wp\/v2\/pages\/16","targetHints":{"allow":["GET"]}}],"collection":[{"href":"https:\/\/dev4copopalhinhas.devdg.pt\/es\/wp-json\/wp\/v2\/pages"}],"about":[{"href":"https:\/\/dev4copopalhinhas.devdg.pt\/es\/wp-json\/wp\/v2\/types\/page"}],"author":[{"embeddable":true,"href":"https:\/\/dev4copopalhinhas.devdg.pt\/es\/wp-json\/wp\/v2\/users\/1"}],"replies":[{"embeddable":true,"href":"https:\/\/dev4copopalhinhas.devdg.pt\/es\/wp-json\/wp\/v2\/comments?post=16"}],"version-history":[{"count":0,"href":"https:\/\/dev4copopalhinhas.devdg.pt\/es\/wp-json\/wp\/v2\/pages\/16\/revisions"}],"wp:attachment":[{"href":"https:\/\/dev4copopalhinhas.devdg.pt\/es\/wp-json\/wp\/v2\/media?parent=16"}],"curies":[{"name":"wp","href":"https:\/\/api.w.org\/{rel}","templated":true}]}}