{"id":22113,"date":"2022-08-25T17:21:23","date_gmt":"2022-08-25T16:21:23","guid":{"rendered":"https:\/\/dev4copopalhinhas.devdg.pt\/?page_id=22113"},"modified":"2024-02-16T12:06:34","modified_gmt":"2024-02-16T12:06:34","slug":"personalizacao","status":"publish","type":"page","link":"https:\/\/dev4copopalhinhas.devdg.pt\/es\/personalizacao\/","title":{"rendered":"Personaliza\u00e7\u00e3o"},"content":{"rendered":"<h3><a href=\"\/es\/home\/\"><span style=\"color: #d4564a;\"><a href=\"https:\/\/dev4copopalhinhas.devdg.pt\/wp-content\/uploads\/teste-2.png\"><img fetchpriority=\"high\" decoding=\"async\" class=\"alignnone wp-image-31926\" src=\"https:\/\/dev4copopalhinhas.devdg.pt\/wp-content\/uploads\/teste-2-300x75.png\" alt=\"\" width=\"904\" height=\"226\" srcset=\"https:\/\/dev4copopalhinhas.devdg.pt\/wp-content\/uploads\/teste-2-300x75.png 300w, https:\/\/dev4copopalhinhas.devdg.pt\/wp-content\/uploads\/teste-2-1000x250.png 1000w, https:\/\/dev4copopalhinhas.devdg.pt\/wp-content\/uploads\/teste-2-768x192.png 768w, https:\/\/dev4copopalhinhas.devdg.pt\/wp-content\/uploads\/teste-2-1536x384.png 1536w, https:\/\/dev4copopalhinhas.devdg.pt\/wp-content\/uploads\/teste-2-450x113.png 450w, https:\/\/dev4copopalhinhas.devdg.pt\/wp-content\/uploads\/teste-2-80x20.png 80w, https:\/\/dev4copopalhinhas.devdg.pt\/wp-content\/uploads\/teste-2.png 2000w\" sizes=\"(max-width: 904px) 100vw, 904px\" \/><\/a><\/span><\/a><\/h3>\n<h3><a href=\"\/es\/home\/\"><span style=\"color: #d4564a;\">Servi\u00e7o de Personaliza\u00e7\u00e3o na Copopalhinhas: Destaque a Sua Marca com Estilo<\/span><\/a><\/h3>\n<p>Na Copopalhinhas, reconhecemos a import\u00e2ncia de destacar a identidade da sua marca de forma memor\u00e1vel e sustent\u00e1vel. \u00c9 por isso que oferecemos um servi\u00e7o de personaliza\u00e7\u00e3o exclusivo, permitindo que o seu log\u00f3tipo ou design ficam impressos nos nossos copos e lou\u00e7as, elevando o seu evento ou neg\u00f3cio a um novo patamar.<\/p>\n<p><span style=\"color: #d4564a;\"><strong>Personaliza\u00e7\u00e3o de Copos e Lou\u00e7as:<\/strong><\/span><\/p>\n<p>Imagine os seus clientes ou convidados a desfrutar de bebidas nos copos que exibem orgulhosamente a sua marca corporativa ou um design exclusivo do seu estabelecimento. Com o nosso servi\u00e7o de personaliza\u00e7\u00e3o, garantimos resultados impec\u00e1veis que ir\u00e3o impressionar.<\/p>\n<p>Seja para um evento corporativo, uma festa privada ou um restaurante, os nossos copos e lou\u00e7as personalizados oferecem uma maneira \u00fanica de promover a sua marca enquanto proporcionam um atendimento memor\u00e1vel aos seus clientes.<\/p>\n<p><span style=\"color: #d4564a;\"><strong>Ecocup con Arte:<\/strong><\/span><\/p>\n<p>Para eventos que queiram destacar-se pela sua originalidade e consci\u00eancia ambiental, oferecemos a gama Ecocopo com arte a volta do copo. Combina a versatilidade do copo reutiliz\u00e1vel com a arte em toda a sua extens\u00e3o, permitindo que a sua marca seja vista em todos os \u00e2ngulos.<\/p>\n<p>Com o nosso servi\u00e7o de personaliza\u00e7\u00e3o, a sua arte ganha vida, envolvendo o copo de forma impactante. Al\u00e9m de promover a sua marca, sendo uma \u00f3tima ferramenta de comunica\u00e7\u00e3o, o Ecocopo demonstra o seu compromisso com pr\u00e1ticas sustent\u00e1veis, contribuindo para um futuro mais verde e consciente.<\/p>\n<p><span style=\"color: #d4564a;\"><strong>\u00bfC\u00f3mo personalizar?<\/strong><\/span><\/p>\n<p>Queremos que o seu produto seja \u00fanico!<br \/>\nPara tornar isso poss\u00edvel, basta enviar-nos um arquivo no formato vetorial que contenha o seu design, log\u00f3tipo ou arte personalizada.<\/p>\n<p>Ap\u00f3s recebermos o seu ficheiro, a nossa equipa far\u00e1 a revis\u00e3o do mesmo e criaremos uma maquete digital do seu produto personalizado, que ser\u00e1 enviada para a sua aprova\u00e7\u00e3o. Assim poder\u00e1 ver como o seu design ficar\u00e1 no produto final antes de seguir em frente com a sua encomenda.<\/p>\n<p><span style=\"color: #d4564a;\"><strong>Envie o seu pedido de or\u00e7amento para o email comercial@copopalhinhas.pt e comece j\u00e1 a trabalhar connosco!<\/strong><\/span><\/p>\n<p><strong><em>Seja qual for o tamanho ou a natureza do seu evento, a nossa personaliza\u00e7\u00e3o oferece uma forma \u00fanica e eficaz de promover a sua marca, enquanto adiciona um toque de estilo e sofistica\u00e7\u00e3o. Entre em contacto connosco hoje mesmo para come\u00e7ar a personalizar os seus copos e lou\u00e7as, e deixe a sua marca brilhar em cada ocasi\u00e3o.<\/em><\/strong><\/p>\n<h3><a href=\"https:\/\/dev4copopalhinhas.devdg.pt\/es\/categorias\/personalizacao\/\"><span style=\"color: #d4564a;\">Acceso <strong>aqu\u00ed<\/strong> aos nossos modelos personaliz\u00e1veis<\/span><\/a><\/h3>","protected":false},"excerpt":{"rendered":"<p>Servi\u00e7o de Personaliza\u00e7\u00e3o na Copopalhinhas: Destaque a Sua Marca com Estilo Na Copopalhinhas, reconhecemos a import\u00e2ncia de destacar a identidade da sua marca de forma memor\u00e1vel e sustent\u00e1vel. \u00c9 por isso que oferecemos um servi\u00e7o de personaliza\u00e7\u00e3o exclusivo, permitindo que o seu log\u00f3tipo ou design ficam impressos nos nossos copos e lou\u00e7as, elevando o seu [&hellip;]<\/p>","protected":false},"author":1,"featured_media":0,"parent":0,"menu_order":0,"comment_status":"closed","ping_status":"closed","template":"","meta":{"_acf_changed":false,"footnotes":""},"class_list":["post-22113","page","type-page","status-publish","hentry"],"acf":[],"yoast_head":"<!-- This site is optimized with the Yoast SEO Premium plugin v23.9 (Yoast SEO v23.9) - https:\/\/yoast.com\/wordpress\/plugins\/seo\/ -->\n<title>Personaliza\u00e7\u00e3o - Copopalhinhas<\/title>\n<meta name=\"robots\" content=\"index, follow, max-snippet:-1, max-image-preview:large, max-video-preview:-1\" \/>\n<link rel=\"canonical\" href=\"https:\/\/dev4copopalhinhas.devdg.pt\/es\/personalizacao\/\" \/>\n<meta property=\"og:locale\" content=\"es_ES\" \/>\n<meta property=\"og:type\" content=\"article\" \/>\n<meta property=\"og:title\" content=\"Personaliza\u00e7\u00e3o\" \/>\n<meta property=\"og:description\" content=\"Servi\u00e7o de Personaliza\u00e7\u00e3o na Copopalhinhas: Destaque a Sua Marca com Estilo Na Copopalhinhas, reconhecemos a import\u00e2ncia de destacar a identidade da sua marca de forma memor\u00e1vel e sustent\u00e1vel. \u00c9 por isso que oferecemos um servi\u00e7o de personaliza\u00e7\u00e3o exclusivo, permitindo que o seu log\u00f3tipo ou design ficam impressos nos nossos copos e lou\u00e7as, elevando o seu [&hellip;]\" \/>\n<meta property=\"og:url\" content=\"https:\/\/dev4copopalhinhas.devdg.pt\/es\/personalizacao\/\" \/>\n<meta property=\"og:site_name\" content=\"Copopalhinhas\" \/>\n<meta property=\"article:publisher\" content=\"https:\/\/www.facebook.com\/copopalhinhas\" \/>\n<meta property=\"article:modified_time\" content=\"2024-02-16T12:06:34+00:00\" \/>\n<meta property=\"og:image\" content=\"https:\/\/dev4copopalhinhas.devdg.pt\/wp-content\/uploads\/teste-2.png\" \/>\n\t<meta property=\"og:image:width\" content=\"2000\" \/>\n\t<meta property=\"og:image:height\" content=\"500\" \/>\n\t<meta property=\"og:image:type\" content=\"image\/png\" \/>\n<meta name=\"twitter:card\" content=\"summary_large_image\" \/>\n<meta name=\"twitter:site\" content=\"@copopalhinhas\" \/>\n<script type=\"application\/ld+json\" class=\"yoast-schema-graph\">{\"@context\":\"https:\/\/schema.org\",\"@graph\":[{\"@type\":\"WebPage\",\"@id\":\"https:\/\/dev4copopalhinhas.devdg.pt\/personalizacao\/\",\"url\":\"https:\/\/dev4copopalhinhas.devdg.pt\/personalizacao\/\",\"name\":\"Personaliza\u00e7\u00e3o - Copopalhinhas\",\"isPartOf\":{\"@id\":\"https:\/\/dev4copopalhinhas.devdg.pt\/#website\"},\"primaryImageOfPage\":{\"@id\":\"https:\/\/dev4copopalhinhas.devdg.pt\/personalizacao\/#primaryimage\"},\"image\":{\"@id\":\"https:\/\/dev4copopalhinhas.devdg.pt\/personalizacao\/#primaryimage\"},\"thumbnailUrl\":\"https:\/\/dev4copopalhinhas.devdg.pt\/wp-content\/uploads\/teste-2-300x75.png\",\"datePublished\":\"2022-08-25T16:21:23+00:00\",\"dateModified\":\"2024-02-16T12:06:34+00:00\",\"breadcrumb\":{\"@id\":\"https:\/\/dev4copopalhinhas.devdg.pt\/personalizacao\/#breadcrumb\"},\"inLanguage\":\"es\",\"potentialAction\":[{\"@type\":\"ReadAction\",\"target\":[\"https:\/\/dev4copopalhinhas.devdg.pt\/personalizacao\/\"]}]},{\"@type\":\"ImageObject\",\"inLanguage\":\"es\",\"@id\":\"https:\/\/dev4copopalhinhas.devdg.pt\/personalizacao\/#primaryimage\",\"url\":\"https:\/\/dev4copopalhinhas.devdg.pt\/wp-content\/uploads\/teste-2-300x75.png\",\"contentUrl\":\"https:\/\/dev4copopalhinhas.devdg.pt\/wp-content\/uploads\/teste-2-300x75.png\"},{\"@type\":\"BreadcrumbList\",\"@id\":\"https:\/\/dev4copopalhinhas.devdg.pt\/personalizacao\/#breadcrumb\",\"itemListElement\":[{\"@type\":\"ListItem\",\"position\":1,\"name\":\"In\u00edcio\",\"item\":\"https:\/\/dev4copopalhinhas.devdg.pt\/\"},{\"@type\":\"ListItem\",\"position\":2,\"name\":\"Personaliza\u00e7\u00e3o\"}]},{\"@type\":\"WebSite\",\"@id\":\"https:\/\/dev4copopalhinhas.devdg.pt\/#website\",\"url\":\"https:\/\/dev4copopalhinhas.devdg.pt\/\",\"name\":\"Copopalhinhas\",\"description\":\"Os Melhores Pre\u00e7os\",\"publisher\":{\"@id\":\"https:\/\/dev4copopalhinhas.devdg.pt\/#organization\"},\"potentialAction\":[{\"@type\":\"SearchAction\",\"target\":{\"@type\":\"EntryPoint\",\"urlTemplate\":\"https:\/\/dev4copopalhinhas.devdg.pt\/?s={search_term_string}\"},\"query-input\":{\"@type\":\"PropertyValueSpecification\",\"valueRequired\":true,\"valueName\":\"search_term_string\"}}],\"inLanguage\":\"es\"},{\"@type\":\"Organization\",\"@id\":\"https:\/\/dev4copopalhinhas.devdg.pt\/#organization\",\"name\":\"Copopalhinhas\",\"url\":\"https:\/\/dev4copopalhinhas.devdg.pt\/\",\"logo\":{\"@type\":\"ImageObject\",\"inLanguage\":\"es\",\"@id\":\"https:\/\/dev4copopalhinhas.devdg.pt\/#\/schema\/logo\/image\/\",\"url\":\"https:\/\/dev4copopalhinhas.devdg.pt\/wp-content\/uploads\/2022\/05\/COPOPALHINHASlogo.png\",\"contentUrl\":\"https:\/\/dev4copopalhinhas.devdg.pt\/wp-content\/uploads\/2022\/05\/COPOPALHINHASlogo.png\",\"width\":1200,\"height\":323,\"caption\":\"Copopalhinhas\"},\"image\":{\"@id\":\"https:\/\/dev4copopalhinhas.devdg.pt\/#\/schema\/logo\/image\/\"},\"sameAs\":[\"https:\/\/www.facebook.com\/copopalhinhas\",\"https:\/\/x.com\/copopalhinhas\",\"https:\/\/copopalhinhas.blogspot.pt\/\"]}]}<\/script>\n<!-- \/ Yoast SEO Premium plugin. -->","yoast_head_json":{"title":"Personaliza\u00e7\u00e3o - Copopalhinhas","robots":{"index":"index","follow":"follow","max-snippet":"max-snippet:-1","max-image-preview":"max-image-preview:large","max-video-preview":"max-video-preview:-1"},"canonical":"https:\/\/dev4copopalhinhas.devdg.pt\/es\/personalizacao\/","og_locale":"es_ES","og_type":"article","og_title":"Personaliza\u00e7\u00e3o","og_description":"Servi\u00e7o de Personaliza\u00e7\u00e3o na Copopalhinhas: Destaque a Sua Marca com Estilo Na Copopalhinhas, reconhecemos a import\u00e2ncia de destacar a identidade da sua marca de forma memor\u00e1vel e sustent\u00e1vel. \u00c9 por isso que oferecemos um servi\u00e7o de personaliza\u00e7\u00e3o exclusivo, permitindo que o seu log\u00f3tipo ou design ficam impressos nos nossos copos e lou\u00e7as, elevando o seu [&hellip;]","og_url":"https:\/\/dev4copopalhinhas.devdg.pt\/es\/personalizacao\/","og_site_name":"Copopalhinhas","article_publisher":"https:\/\/www.facebook.com\/copopalhinhas","article_modified_time":"2024-02-16T12:06:34+00:00","og_image":[{"width":2000,"height":500,"url":"https:\/\/dev4copopalhinhas.devdg.pt\/wp-content\/uploads\/teste-2.png","type":"image\/png"}],"twitter_card":"summary_large_image","twitter_site":"@copopalhinhas","schema":{"@context":"https:\/\/schema.org","@graph":[{"@type":"WebPage","@id":"https:\/\/dev4copopalhinhas.devdg.pt\/personalizacao\/","url":"https:\/\/dev4copopalhinhas.devdg.pt\/personalizacao\/","name":"Personaliza\u00e7\u00e3o - Copopalhinhas","isPartOf":{"@id":"https:\/\/dev4copopalhinhas.devdg.pt\/#website"},"primaryImageOfPage":{"@id":"https:\/\/dev4copopalhinhas.devdg.pt\/personalizacao\/#primaryimage"},"image":{"@id":"https:\/\/dev4copopalhinhas.devdg.pt\/personalizacao\/#primaryimage"},"thumbnailUrl":"https:\/\/dev4copopalhinhas.devdg.pt\/wp-content\/uploads\/teste-2-300x75.png","datePublished":"2022-08-25T16:21:23+00:00","dateModified":"2024-02-16T12:06:34+00:00","breadcrumb":{"@id":"https:\/\/dev4copopalhinhas.devdg.pt\/personalizacao\/#breadcrumb"},"inLanguage":"es","potentialAction":[{"@type":"ReadAction","target":["https:\/\/dev4copopalhinhas.devdg.pt\/personalizacao\/"]}]},{"@type":"ImageObject","inLanguage":"es","@id":"https:\/\/dev4copopalhinhas.devdg.pt\/personalizacao\/#primaryimage","url":"https:\/\/dev4copopalhinhas.devdg.pt\/wp-content\/uploads\/teste-2-300x75.png","contentUrl":"https:\/\/dev4copopalhinhas.devdg.pt\/wp-content\/uploads\/teste-2-300x75.png"},{"@type":"BreadcrumbList","@id":"https:\/\/dev4copopalhinhas.devdg.pt\/personalizacao\/#breadcrumb","itemListElement":[{"@type":"ListItem","position":1,"name":"In\u00edcio","item":"https:\/\/dev4copopalhinhas.devdg.pt\/"},{"@type":"ListItem","position":2,"name":"Personaliza\u00e7\u00e3o"}]},{"@type":"WebSite","@id":"https:\/\/dev4copopalhinhas.devdg.pt\/#website","url":"https:\/\/dev4copopalhinhas.devdg.pt\/","name":"Pajitas para vasos","description":"Os Melhores Pre\u00e7os","publisher":{"@id":"https:\/\/dev4copopalhinhas.devdg.pt\/#organization"},"potentialAction":[{"@type":"SearchAction","target":{"@type":"EntryPoint","urlTemplate":"https:\/\/dev4copopalhinhas.devdg.pt\/?s={search_term_string}"},"query-input":{"@type":"PropertyValueSpecification","valueRequired":true,"valueName":"search_term_string"}}],"inLanguage":"es"},{"@type":"Organization","@id":"https:\/\/dev4copopalhinhas.devdg.pt\/#organization","name":"Pajitas para vasos","url":"https:\/\/dev4copopalhinhas.devdg.pt\/","logo":{"@type":"ImageObject","inLanguage":"es","@id":"https:\/\/dev4copopalhinhas.devdg.pt\/#\/schema\/logo\/image\/","url":"https:\/\/dev4copopalhinhas.devdg.pt\/wp-content\/uploads\/2022\/05\/COPOPALHINHASlogo.png","contentUrl":"https:\/\/dev4copopalhinhas.devdg.pt\/wp-content\/uploads\/2022\/05\/COPOPALHINHASlogo.png","width":1200,"height":323,"caption":"Copopalhinhas"},"image":{"@id":"https:\/\/dev4copopalhinhas.devdg.pt\/#\/schema\/logo\/image\/"},"sameAs":["https:\/\/www.facebook.com\/copopalhinhas","https:\/\/x.com\/copopalhinhas","https:\/\/copopalhinhas.blogspot.pt\/"]}]}},"_links":{"self":[{"href":"https:\/\/dev4copopalhinhas.devdg.pt\/es\/wp-json\/wp\/v2\/pages\/22113","targetHints":{"allow":["GET"]}}],"collection":[{"href":"https:\/\/dev4copopalhinhas.devdg.pt\/es\/wp-json\/wp\/v2\/pages"}],"about":[{"href":"https:\/\/dev4copopalhinhas.devdg.pt\/es\/wp-json\/wp\/v2\/types\/page"}],"author":[{"embeddable":true,"href":"https:\/\/dev4copopalhinhas.devdg.pt\/es\/wp-json\/wp\/v2\/users\/1"}],"replies":[{"embeddable":true,"href":"https:\/\/dev4copopalhinhas.devdg.pt\/es\/wp-json\/wp\/v2\/comments?post=22113"}],"version-history":[{"count":0,"href":"https:\/\/dev4copopalhinhas.devdg.pt\/es\/wp-json\/wp\/v2\/pages\/22113\/revisions"}],"wp:attachment":[{"href":"https:\/\/dev4copopalhinhas.devdg.pt\/es\/wp-json\/wp\/v2\/media?parent=22113"}],"curies":[{"name":"wp","href":"https:\/\/api.w.org\/{rel}","templated":true}]}}