{"id":3330,"date":"2022-04-21T18:12:47","date_gmt":"2022-04-21T17:12:47","guid":{"rendered":"https:\/\/dev4copopalhinhas.devdg.pt\/?page_id=3330"},"modified":"2024-02-16T12:25:27","modified_gmt":"2024-02-16T12:25:27","slug":"entregas","status":"publish","type":"page","link":"https:\/\/dev4copopalhinhas.devdg.pt\/es\/entregas\/","title":{"rendered":"Entregas"},"content":{"rendered":"<div data-elementor-type=\"wp-page\" data-elementor-id=\"3330\" class=\"elementor elementor-3330\" data-elementor-post-type=\"page\">\n\t\t\t\t\t\t<section class=\"elementor-section elementor-top-section elementor-element elementor-element-4652b03f elementor-section-boxed elementor-section-height-default elementor-section-height-default xts-section-disabled\" data-id=\"4652b03f\" data-element_type=\"section\">\n\t\t\t\t\t\t<div class=\"elementor-container elementor-column-gap-default\">\n\t\t\t\t\t<div class=\"elementor-column elementor-col-100 elementor-top-column elementor-element elementor-element-add44bf\" data-id=\"add44bf\" data-element_type=\"column\">\n\t\t\t<div class=\"elementor-widget-wrap elementor-element-populated\">\n\t\t\t\t\t\t<div class=\"elementor-element elementor-element-d7a7e54 elementor-widget elementor-widget-xts_title\" data-id=\"d7a7e54\" data-element_type=\"widget\" data-widget_type=\"xts_title.default\">\n\t\t\t\t<div class=\"elementor-widget-container\">\n\t\t\t\t\t\t<div class=\"xts-section-heading xts-reset-mb-10 xts-reset-last xts-textalign-center\" data-animation-delay=\"\">\r\n\t\t\t\t\r\n\t\t\t\t\t\t\t\t\t<h4 class=\"xts-section-title title xts-design-default xts-fontsize-xl\">\r\n\t\t\t\t\t\t<span class=\"xts-section-title-text\" data-elementor-setting-key=\"title\">\r\n\t\t\t\t\t\t\tEntregas\t\t\t\t\t\t<\/span>\r\n\r\n\t\t\t\t\t\t\t\t\t\t\t<\/h4>\r\n\t\t\t\t\r\n\t\t\t\t\r\n\t\t\t\t\t\t\t<\/div>\r\n\t\t\t\t<\/div>\n\t\t\t\t<\/div>\n\t\t\t\t\t<\/div>\n\t\t<\/div>\n\t\t\t\t\t<\/div>\n\t\t<\/section>\n\t\t\t\t<section class=\"elementor-section elementor-top-section elementor-element elementor-element-2871931 elementor-section-boxed elementor-section-height-default elementor-section-height-default xts-section-disabled\" data-id=\"2871931\" data-element_type=\"section\">\n\t\t\t\t\t\t<div class=\"elementor-container elementor-column-gap-default\">\n\t\t\t\t\t<div class=\"elementor-column elementor-col-100 elementor-top-column elementor-element elementor-element-0fa243d\" data-id=\"0fa243d\" data-element_type=\"column\">\n\t\t\t<div class=\"elementor-widget-wrap elementor-element-populated\">\n\t\t\t\t\t\t<div class=\"elementor-element elementor-element-9b80ddc elementor-widget elementor-widget-xts_accordion\" data-id=\"9b80ddc\" data-element_type=\"widget\" data-widget_type=\"xts_accordion.default\">\n\t\t\t\t<div class=\"elementor-widget-container\">\n\t\t\t\t\t<div class=\"xts-accordion xts-style-shadow\" data-toggle-self=\"yes\" data-state=\"all_closed\">\r\n\t\t\t\t\t\t\t<div class=\"xts-accordion-item\">\r\n\t\t\t\t\t\r\n\t\t\t\t\t<div class=\"xts-accordion-title xts-textalign-left xts-icon-right\"\r\n\t\t\t\t\t\tdata-accordion-index=\"0\">\r\n\t\t\t\t\t\t<span class=\"xts-accordion-title-text\">Gastos de env\u00edo<\/span>\r\n\t\t\t\t\t\t<span class=\"xts-accordion-icon xts-style-arrow\"><\/span>\r\n\t\t\t\t\t<\/div>\r\n\r\n\t\t\t\t\t<div class=\"xts-accordion-content elementor-repeater-item-129c3e5 xts-textalign-left\"\r\n\t\t\t\t\t\tdata-accordion-index=\"0\">\r\n\t\t\t\t\t\t\t\t\t\t\t\t\t<div class=\"xts-accordion-desc\"\r\n\t\t\t\t\t\t\t\tdata-elementor-setting-key=\"accordion_items.0.item_desc\">\r\n\t\t\t\t\t\t\t\t<p><b>Portugal continental<\/b><\/p>\n\nOs portes de envio em Portugal continental ser\u00e3o suportados pelo cliente <b>(exce\u00e7\u00e3o em compras superiores a 15\u20ac + IVA que s\u00e3o GR\u00c1TIS)<\/b> e o valor dos mesmos varia, dependendo do peso. As encomendas ser\u00e3o entregues via transportadora na morada indicada pelo cliente.\n<br>Caso n\u00e3o se encontre ningu\u00e9m no domicilio ser\u00e1 efetuada nova tentativa de entrega no dia seguinte.\n\n<br>Findo este prazo a encomenda ser\u00e1 devolvida \u00e0s nossas instala\u00e7\u00f5es.\n\n<br>&nbsp;<br>\n\n<p><b>Fuera de Portugal continental <\/b><\/p>\n\n<p>Os portes de envio fora do Portugal Continental ser\u00e3o suportados pelo cliente e o valor dos mesmos varia, dependendo do peso, volume e destino. As encomendas ser\u00e3o entregues via transportadora na morada indicada pelo cliente. Caso n\u00e3o se encontre ningu\u00e9m no domicilio \u00e9 deixado um aviso para posterior levantamento da encomenda no prazo de 3 dias \u00fateis. Findo este prazo ser\u00e1 devolvida \u00e0s nossas instala\u00e7\u00f5es.<\/p>\t\t\t\t\t\t\t<\/div>\r\n\t\t\t\t\t\t\t\t\t\t\t<\/div>\r\n\t\t\t\t<\/div>\r\n\t\t\t\t\t\t\t<div class=\"xts-accordion-item\">\r\n\t\t\t\t\t\r\n\t\t\t\t\t<div class=\"xts-accordion-title xts-textalign-left xts-icon-right\"\r\n\t\t\t\t\t\tdata-accordion-index=\"1\">\r\n\t\t\t\t\t\t<span class=\"xts-accordion-title-text\">Plazos de entrega<\/span>\r\n\t\t\t\t\t\t<span class=\"xts-accordion-icon xts-style-arrow\"><\/span>\r\n\t\t\t\t\t<\/div>\r\n\r\n\t\t\t\t\t<div class=\"xts-accordion-content elementor-repeater-item-6842f9c xts-textalign-left\"\r\n\t\t\t\t\t\tdata-accordion-index=\"1\">\r\n\t\t\t\t\t\t\t\t\t\t\t\t\t<div class=\"xts-accordion-desc\"\r\n\t\t\t\t\t\t\t\tdata-elementor-setting-key=\"accordion_items.1.item_desc\">\r\n\t\t\t\t\t\t\t\t<b>Portugal continental:<\/b>\n<br>\nNas 24h\/36h seguintes, dias \u00fateis, ao do envio.\n<br>\nAs entregas s\u00e3o efetuadas em dias \u00fateis.\n\n<br>&nbsp;<br>\n\n<b>Islas:<\/b>\n\n<br>\n\n<b>A\u00e7ores:<\/b> Entre os 7 e os 15 dias \u00fateis seguintes ao do envio.\n\n<br>\n\n<b>Madera:<\/b> Nos 5 dias \u00fateis seguinte ao do envio.\n\n<br>&nbsp;<br>\n\n<b>Fica salvaguardada a seguinte exce\u00e7\u00e3o:<\/b>\n\n<br>\n\n1. Situa\u00e7\u00f5es de rutura de stock (O cliente ser\u00e1 notificado ap\u00f3s o seu primeiro contacto).\t\t\t\t\t\t\t<\/div>\r\n\t\t\t\t\t\t\t\t\t\t\t<\/div>\r\n\t\t\t\t<\/div>\r\n\t\t\t\t\t\t\t<div class=\"xts-accordion-item\">\r\n\t\t\t\t\t\r\n\t\t\t\t\t<div class=\"xts-accordion-title xts-textalign-left xts-icon-right\"\r\n\t\t\t\t\t\tdata-accordion-index=\"2\">\r\n\t\t\t\t\t\t<span class=\"xts-accordion-title-text\">Contacto del transportista DPD<\/span>\r\n\t\t\t\t\t\t<span class=\"xts-accordion-icon xts-style-arrow\"><\/span>\r\n\t\t\t\t\t<\/div>\r\n\r\n\t\t\t\t\t<div class=\"xts-accordion-content elementor-repeater-item-569c505 xts-textalign-left\"\r\n\t\t\t\t\t\tdata-accordion-index=\"2\">\r\n\t\t\t\t\t\t\t\t\t\t\t\t\t<div class=\"xts-accordion-desc\"\r\n\t\t\t\t\t\t\t\tdata-elementor-setting-key=\"accordion_items.2.item_desc\">\r\n\t\t\t\t\t\t\t\t<b>https:\/\/www.dpd.com\/pt\/pt\/ajuda\/contactos\/  <br>\n<br>\n<b>Lisboa<\/b>\n<br>\nAvenida Infante D. Henrique\n<br>\nLote 10 - Olivais Sul\n<br>\n1849-003 Lisboa\n<br>\nTel\u00e9fono: 218 546 000\n<br>\n2<sup>\u00aa<\/sup> a 6<sup>\u00ba<\/sup> - 8:30 a. m. a 7:00 p. m.\n\n<br>&nbsp;<br>\n\n<b>Puerto<\/b>\n<br>\nCalle Nuestra Se\u00f1ora del Amparo,\n<br>\nN\u00ba 2501\n<br>\n4445-153 Alfena\n<br>\nTel\u00e9fono: 229 688 300\n<br>\n2<sup>\u00aa<\/sup> a 6<sup>\u00ba<\/sup> - 8:30 a. m. a 7:00 p. m.\t\t\t\t\t\t\t<\/div>\r\n\t\t\t\t\t\t\t\t\t\t\t<\/div>\r\n\t\t\t\t<\/div>\r\n\t\t\t\t\t\t\t<div class=\"xts-accordion-item\">\r\n\t\t\t\t\t\r\n\t\t\t\t\t<div class=\"xts-accordion-title xts-textalign-left xts-icon-right\"\r\n\t\t\t\t\t\tdata-accordion-index=\"3\">\r\n\t\t\t\t\t\t<span class=\"xts-accordion-title-text\">Gastos de env\u00edo<\/span>\r\n\t\t\t\t\t\t<span class=\"xts-accordion-icon xts-style-arrow\"><\/span>\r\n\t\t\t\t\t<\/div>\r\n\r\n\t\t\t\t\t<div class=\"xts-accordion-content elementor-repeater-item-56e7056 xts-textalign-left\"\r\n\t\t\t\t\t\tdata-accordion-index=\"3\">\r\n\t\t\t\t\t\t\t\t\t\t\t\t\t<div class=\"xts-accordion-desc\"\r\n\t\t\t\t\t\t\t\tdata-elementor-setting-key=\"accordion_items.3.item_desc\">\r\n\t\t\t\t\t\t\t\tOs custos de envio s\u00e3o calculados conforme o peso da sua encomenda e indicado no seu carrinho de compras.\n<br>\nPara compras superiores a 15\u20ac + IVA os portes s\u00e3o gratuitos em Portugal continental.\t\t\t\t\t\t\t<\/div>\r\n\t\t\t\t\t\t\t\t\t\t\t<\/div>\r\n\t\t\t\t<\/div>\r\n\t\t\t\t\t\t\t<div class=\"xts-accordion-item\">\r\n\t\t\t\t\t\r\n\t\t\t\t\t<div class=\"xts-accordion-title xts-textalign-left xts-icon-right\"\r\n\t\t\t\t\t\tdata-accordion-index=\"4\">\r\n\t\t\t\t\t\t<span class=\"xts-accordion-title-text\">Envios \u00e0 cobran\u00e7a<\/span>\r\n\t\t\t\t\t\t<span class=\"xts-accordion-icon xts-style-arrow\"><\/span>\r\n\t\t\t\t\t<\/div>\r\n\r\n\t\t\t\t\t<div class=\"xts-accordion-content elementor-repeater-item-bc929fc xts-textalign-left\"\r\n\t\t\t\t\t\tdata-accordion-index=\"4\">\r\n\t\t\t\t\t\t\t\t\t\t\t\t\t<div class=\"xts-accordion-desc\"\r\n\t\t\t\t\t\t\t\tdata-elementor-setting-key=\"accordion_items.4.item_desc\">\r\n\t\t\t\t\t\t\t\tPara as encomendas com envios \u00e0 cobran\u00e7a acresce 2,50\u20ac+IVA do custo do servi\u00e7o.\t\t\t\t\t\t\t<\/div>\r\n\t\t\t\t\t\t\t\t\t\t\t<\/div>\r\n\t\t\t\t<\/div>\r\n\t\t\t\t\t\t\t<div class=\"xts-accordion-item\">\r\n\t\t\t\t\t\r\n\t\t\t\t\t<div class=\"xts-accordion-title xts-textalign-left xts-icon-right\"\r\n\t\t\t\t\t\tdata-accordion-index=\"5\">\r\n\t\t\t\t\t\t<span class=\"xts-accordion-title-text\">Costos de env\u00edo para pedidos internacionales e insulares<\/span>\r\n\t\t\t\t\t\t<span class=\"xts-accordion-icon xts-style-arrow\"><\/span>\r\n\t\t\t\t\t<\/div>\r\n\r\n\t\t\t\t\t<div class=\"xts-accordion-content elementor-repeater-item-f3b3043 xts-textalign-left\"\r\n\t\t\t\t\t\tdata-accordion-index=\"5\">\r\n\t\t\t\t\t\t\t\t\t\t\t\t\t<div class=\"xts-accordion-desc\"\r\n\t\t\t\t\t\t\t\tdata-elementor-setting-key=\"accordion_items.5.item_desc\">\r\n\t\t\t\t\t\t\t\t<p>Para consultar os custos de expedi\u00e7\u00e3o para encomendas internacionais e ilhas, solicite informa\u00e7\u00e3o por:<\/p>\n\n<ul>\n       <li>Tel\u00e9fono: (+351) 964 292 907<\/li>\n       <li>Correio eletr\u00f3nico: <a href=\"mailto:geral@copopalhinhas.pt\">general@copopalhinhas.pt<\/a><\/li>\n<\/ul>\t\t\t\t\t\t\t<\/div>\r\n\t\t\t\t\t\t\t\t\t\t\t<\/div>\r\n\t\t\t\t<\/div>\r\n\t\t\t\t\t<\/div>\r\n\t\t\t\t<\/div>\n\t\t\t\t<\/div>\n\t\t\t\t\t<\/div>\n\t\t<\/div>\n\t\t\t\t\t<\/div>\n\t\t<\/section>\n\t\t\t\t<\/div>","protected":false},"excerpt":{"rendered":"<p>Entregas Portes de envio Portugal Continental Os portes de envio em Portugal continental ser\u00e3o suportados pelo cliente (exce\u00e7\u00e3o em compras superiores a 15\u20ac + IVA que s\u00e3o GR\u00c1TIS) e o valor dos mesmos varia, dependendo do peso. As encomendas ser\u00e3o entregues via transportadora na morada indicada pelo cliente. Caso n\u00e3o se encontre ningu\u00e9m no domicilio [&hellip;]<\/p>","protected":false},"author":1,"featured_media":0,"parent":0,"menu_order":0,"comment_status":"closed","ping_status":"closed","template":"","meta":{"_acf_changed":false,"footnotes":""},"class_list":["post-3330","page","type-page","status-publish","hentry"],"acf":[],"yoast_head":"<!-- This site is optimized with the Yoast SEO Premium plugin v23.9 (Yoast SEO v23.9) - https:\/\/yoast.com\/wordpress\/plugins\/seo\/ -->\n<title>Entregas - Copopalhinhas<\/title>\n<meta name=\"robots\" content=\"index, follow, max-snippet:-1, max-image-preview:large, max-video-preview:-1\" \/>\n<link rel=\"canonical\" href=\"https:\/\/dev4copopalhinhas.devdg.pt\/es\/entregas\/\" \/>\n<meta property=\"og:locale\" content=\"es_ES\" \/>\n<meta property=\"og:type\" content=\"article\" \/>\n<meta property=\"og:title\" content=\"Entregas\" \/>\n<meta property=\"og:description\" content=\"Entregas Portes de envio Portugal Continental Os portes de envio em Portugal continental ser\u00e3o suportados pelo cliente (exce\u00e7\u00e3o em compras superiores a 15\u20ac + IVA que s\u00e3o GR\u00c1TIS) e o valor dos mesmos varia, dependendo do peso. As encomendas ser\u00e3o entregues via transportadora na morada indicada pelo cliente. Caso n\u00e3o se encontre ningu\u00e9m no domicilio [&hellip;]\" \/>\n<meta property=\"og:url\" content=\"https:\/\/dev4copopalhinhas.devdg.pt\/es\/entregas\/\" \/>\n<meta property=\"og:site_name\" content=\"Copopalhinhas\" \/>\n<meta property=\"article:publisher\" content=\"https:\/\/www.facebook.com\/copopalhinhas\" \/>\n<meta property=\"article:modified_time\" content=\"2024-02-16T12:25:27+00:00\" \/>\n<meta name=\"twitter:card\" content=\"summary_large_image\" \/>\n<meta name=\"twitter:site\" content=\"@copopalhinhas\" \/>\n<script type=\"application\/ld+json\" class=\"yoast-schema-graph\">{\"@context\":\"https:\/\/schema.org\",\"@graph\":[{\"@type\":\"WebPage\",\"@id\":\"https:\/\/dev4copopalhinhas.devdg.pt\/entregas\/\",\"url\":\"https:\/\/dev4copopalhinhas.devdg.pt\/entregas\/\",\"name\":\"Entregas - Copopalhinhas\",\"isPartOf\":{\"@id\":\"https:\/\/dev4copopalhinhas.devdg.pt\/#website\"},\"datePublished\":\"2022-04-21T17:12:47+00:00\",\"dateModified\":\"2024-02-16T12:25:27+00:00\",\"breadcrumb\":{\"@id\":\"https:\/\/dev4copopalhinhas.devdg.pt\/entregas\/#breadcrumb\"},\"inLanguage\":\"es\",\"potentialAction\":[{\"@type\":\"ReadAction\",\"target\":[\"https:\/\/dev4copopalhinhas.devdg.pt\/entregas\/\"]}]},{\"@type\":\"BreadcrumbList\",\"@id\":\"https:\/\/dev4copopalhinhas.devdg.pt\/entregas\/#breadcrumb\",\"itemListElement\":[{\"@type\":\"ListItem\",\"position\":1,\"name\":\"In\u00edcio\",\"item\":\"https:\/\/dev4copopalhinhas.devdg.pt\/\"},{\"@type\":\"ListItem\",\"position\":2,\"name\":\"Entregas\"}]},{\"@type\":\"WebSite\",\"@id\":\"https:\/\/dev4copopalhinhas.devdg.pt\/#website\",\"url\":\"https:\/\/dev4copopalhinhas.devdg.pt\/\",\"name\":\"Copopalhinhas\",\"description\":\"Os Melhores Pre\u00e7os\",\"publisher\":{\"@id\":\"https:\/\/dev4copopalhinhas.devdg.pt\/#organization\"},\"potentialAction\":[{\"@type\":\"SearchAction\",\"target\":{\"@type\":\"EntryPoint\",\"urlTemplate\":\"https:\/\/dev4copopalhinhas.devdg.pt\/?s={search_term_string}\"},\"query-input\":{\"@type\":\"PropertyValueSpecification\",\"valueRequired\":true,\"valueName\":\"search_term_string\"}}],\"inLanguage\":\"es\"},{\"@type\":\"Organization\",\"@id\":\"https:\/\/dev4copopalhinhas.devdg.pt\/#organization\",\"name\":\"Copopalhinhas\",\"url\":\"https:\/\/dev4copopalhinhas.devdg.pt\/\",\"logo\":{\"@type\":\"ImageObject\",\"inLanguage\":\"es\",\"@id\":\"https:\/\/dev4copopalhinhas.devdg.pt\/#\/schema\/logo\/image\/\",\"url\":\"https:\/\/dev4copopalhinhas.devdg.pt\/wp-content\/uploads\/2022\/05\/COPOPALHINHASlogo.png\",\"contentUrl\":\"https:\/\/dev4copopalhinhas.devdg.pt\/wp-content\/uploads\/2022\/05\/COPOPALHINHASlogo.png\",\"width\":1200,\"height\":323,\"caption\":\"Copopalhinhas\"},\"image\":{\"@id\":\"https:\/\/dev4copopalhinhas.devdg.pt\/#\/schema\/logo\/image\/\"},\"sameAs\":[\"https:\/\/www.facebook.com\/copopalhinhas\",\"https:\/\/x.com\/copopalhinhas\",\"https:\/\/copopalhinhas.blogspot.pt\/\"]}]}<\/script>\n<!-- \/ Yoast SEO Premium plugin. -->","yoast_head_json":{"title":"Entregas - Copopalhinhas","robots":{"index":"index","follow":"follow","max-snippet":"max-snippet:-1","max-image-preview":"max-image-preview:large","max-video-preview":"max-video-preview:-1"},"canonical":"https:\/\/dev4copopalhinhas.devdg.pt\/es\/entregas\/","og_locale":"es_ES","og_type":"article","og_title":"Entregas","og_description":"Entregas Portes de envio Portugal Continental Os portes de envio em Portugal continental ser\u00e3o suportados pelo cliente (exce\u00e7\u00e3o em compras superiores a 15\u20ac + IVA que s\u00e3o GR\u00c1TIS) e o valor dos mesmos varia, dependendo do peso. As encomendas ser\u00e3o entregues via transportadora na morada indicada pelo cliente. Caso n\u00e3o se encontre ningu\u00e9m no domicilio [&hellip;]","og_url":"https:\/\/dev4copopalhinhas.devdg.pt\/es\/entregas\/","og_site_name":"Copopalhinhas","article_publisher":"https:\/\/www.facebook.com\/copopalhinhas","article_modified_time":"2024-02-16T12:25:27+00:00","twitter_card":"summary_large_image","twitter_site":"@copopalhinhas","schema":{"@context":"https:\/\/schema.org","@graph":[{"@type":"WebPage","@id":"https:\/\/dev4copopalhinhas.devdg.pt\/entregas\/","url":"https:\/\/dev4copopalhinhas.devdg.pt\/entregas\/","name":"Entregas - Copopalhinhas","isPartOf":{"@id":"https:\/\/dev4copopalhinhas.devdg.pt\/#website"},"datePublished":"2022-04-21T17:12:47+00:00","dateModified":"2024-02-16T12:25:27+00:00","breadcrumb":{"@id":"https:\/\/dev4copopalhinhas.devdg.pt\/entregas\/#breadcrumb"},"inLanguage":"es","potentialAction":[{"@type":"ReadAction","target":["https:\/\/dev4copopalhinhas.devdg.pt\/entregas\/"]}]},{"@type":"BreadcrumbList","@id":"https:\/\/dev4copopalhinhas.devdg.pt\/entregas\/#breadcrumb","itemListElement":[{"@type":"ListItem","position":1,"name":"In\u00edcio","item":"https:\/\/dev4copopalhinhas.devdg.pt\/"},{"@type":"ListItem","position":2,"name":"Entregas"}]},{"@type":"WebSite","@id":"https:\/\/dev4copopalhinhas.devdg.pt\/#website","url":"https:\/\/dev4copopalhinhas.devdg.pt\/","name":"Pajitas para vasos","description":"Os Melhores Pre\u00e7os","publisher":{"@id":"https:\/\/dev4copopalhinhas.devdg.pt\/#organization"},"potentialAction":[{"@type":"SearchAction","target":{"@type":"EntryPoint","urlTemplate":"https:\/\/dev4copopalhinhas.devdg.pt\/?s={search_term_string}"},"query-input":{"@type":"PropertyValueSpecification","valueRequired":true,"valueName":"search_term_string"}}],"inLanguage":"es"},{"@type":"Organization","@id":"https:\/\/dev4copopalhinhas.devdg.pt\/#organization","name":"Pajitas para vasos","url":"https:\/\/dev4copopalhinhas.devdg.pt\/","logo":{"@type":"ImageObject","inLanguage":"es","@id":"https:\/\/dev4copopalhinhas.devdg.pt\/#\/schema\/logo\/image\/","url":"https:\/\/dev4copopalhinhas.devdg.pt\/wp-content\/uploads\/2022\/05\/COPOPALHINHASlogo.png","contentUrl":"https:\/\/dev4copopalhinhas.devdg.pt\/wp-content\/uploads\/2022\/05\/COPOPALHINHASlogo.png","width":1200,"height":323,"caption":"Copopalhinhas"},"image":{"@id":"https:\/\/dev4copopalhinhas.devdg.pt\/#\/schema\/logo\/image\/"},"sameAs":["https:\/\/www.facebook.com\/copopalhinhas","https:\/\/x.com\/copopalhinhas","https:\/\/copopalhinhas.blogspot.pt\/"]}]}},"_links":{"self":[{"href":"https:\/\/dev4copopalhinhas.devdg.pt\/es\/wp-json\/wp\/v2\/pages\/3330","targetHints":{"allow":["GET"]}}],"collection":[{"href":"https:\/\/dev4copopalhinhas.devdg.pt\/es\/wp-json\/wp\/v2\/pages"}],"about":[{"href":"https:\/\/dev4copopalhinhas.devdg.pt\/es\/wp-json\/wp\/v2\/types\/page"}],"author":[{"embeddable":true,"href":"https:\/\/dev4copopalhinhas.devdg.pt\/es\/wp-json\/wp\/v2\/users\/1"}],"replies":[{"embeddable":true,"href":"https:\/\/dev4copopalhinhas.devdg.pt\/es\/wp-json\/wp\/v2\/comments?post=3330"}],"version-history":[{"count":0,"href":"https:\/\/dev4copopalhinhas.devdg.pt\/es\/wp-json\/wp\/v2\/pages\/3330\/revisions"}],"wp:attachment":[{"href":"https:\/\/dev4copopalhinhas.devdg.pt\/es\/wp-json\/wp\/v2\/media?parent=3330"}],"curies":[{"name":"wp","href":"https:\/\/api.w.org\/{rel}","templated":true}]}}