{"id":3339,"date":"2022-04-22T09:51:21","date_gmt":"2022-04-22T08:51:21","guid":{"rendered":"https:\/\/dev4copopalhinhas.devdg.pt\/?page_id=3339"},"modified":"2024-02-16T12:40:06","modified_gmt":"2024-02-16T12:40:06","slug":"formas-de-pagamento","status":"publish","type":"page","link":"https:\/\/dev4copopalhinhas.devdg.pt\/es\/formas-de-pagamento\/","title":{"rendered":"M\u00e9todos de pago"},"content":{"rendered":"<div data-elementor-type=\"wp-page\" data-elementor-id=\"3339\" class=\"elementor elementor-3339\" data-elementor-post-type=\"page\">\n\t\t\t\t\t\t<section class=\"elementor-section elementor-top-section elementor-element elementor-element-4652b03f elementor-section-boxed elementor-section-height-default elementor-section-height-default xts-section-disabled\" data-id=\"4652b03f\" data-element_type=\"section\">\n\t\t\t\t\t\t<div class=\"elementor-container elementor-column-gap-default\">\n\t\t\t\t\t<div class=\"elementor-column elementor-col-100 elementor-top-column elementor-element elementor-element-add44bf\" data-id=\"add44bf\" data-element_type=\"column\">\n\t\t\t<div class=\"elementor-widget-wrap elementor-element-populated\">\n\t\t\t\t\t\t<div class=\"elementor-element elementor-element-d7a7e54 elementor-widget elementor-widget-xts_title\" data-id=\"d7a7e54\" data-element_type=\"widget\" data-widget_type=\"xts_title.default\">\n\t\t\t\t<div class=\"elementor-widget-container\">\n\t\t\t\t\t\t<div class=\"xts-section-heading xts-reset-mb-10 xts-reset-last xts-textalign-center\" data-animation-delay=\"\">\r\n\t\t\t\t\r\n\t\t\t\t\t\t\t\t\t<h4 class=\"xts-section-title title xts-design-default xts-fontsize-xl\">\r\n\t\t\t\t\t\t<span class=\"xts-section-title-text\" data-elementor-setting-key=\"title\">\r\n\t\t\t\t\t\t\tM\u00e9todos de pago\t\t\t\t\t\t<\/span>\r\n\r\n\t\t\t\t\t\t\t\t\t\t\t<\/h4>\r\n\t\t\t\t\r\n\t\t\t\t\r\n\t\t\t\t\t\t\t<\/div>\r\n\t\t\t\t<\/div>\n\t\t\t\t<\/div>\n\t\t\t\t<div class=\"elementor-element elementor-element-f98edaf xts-textalign-center xts-scheme-inherit elementor-widget elementor-widget-text-editor\" data-id=\"f98edaf\" data-element_type=\"widget\" data-widget_type=\"text-editor.default\">\n\t\t\t\t<div class=\"elementor-widget-container\">\n\t\t\t\t\t\t\tAl comprar productos vendidos en <a href=\"\/es\/www.copopalhinhas.pt\/\">www.copopalhinhas.pt<\/a> Copopalhinhas, Unipessoal Lda acepta los siguientes m\u00e9todos de pago:\t\t\t\t\t\t<\/div>\n\t\t\t\t<\/div>\n\t\t\t\t\t<\/div>\n\t\t<\/div>\n\t\t\t\t\t<\/div>\n\t\t<\/section>\n\t\t\t\t<section class=\"elementor-section elementor-top-section elementor-element elementor-element-2871931 elementor-section-boxed elementor-section-height-default elementor-section-height-default xts-section-disabled\" data-id=\"2871931\" data-element_type=\"section\">\n\t\t\t\t\t\t<div class=\"elementor-container elementor-column-gap-default\">\n\t\t\t\t\t<div class=\"elementor-column elementor-col-100 elementor-top-column elementor-element elementor-element-0fa243d\" data-id=\"0fa243d\" data-element_type=\"column\">\n\t\t\t<div class=\"elementor-widget-wrap elementor-element-populated\">\n\t\t\t\t\t\t<div class=\"elementor-element elementor-element-9b80ddc elementor-widget elementor-widget-xts_accordion\" data-id=\"9b80ddc\" data-element_type=\"widget\" data-widget_type=\"xts_accordion.default\">\n\t\t\t\t<div class=\"elementor-widget-container\">\n\t\t\t\t\t<div class=\"xts-accordion xts-style-shadow\" data-toggle-self=\"yes\" data-state=\"first\">\r\n\t\t\t\t\t\t\t<div class=\"xts-accordion-item\">\r\n\t\t\t\t\t\r\n\t\t\t\t\t<div class=\"xts-accordion-title xts-textalign-left xts-icon-right xts-active\"\r\n\t\t\t\t\t\tdata-accordion-index=\"0\">\r\n\t\t\t\t\t\t<span class=\"xts-accordion-title-text\">M\u00e9todos de pago<\/span>\r\n\t\t\t\t\t\t<span class=\"xts-accordion-icon xts-style-arrow\"><\/span>\r\n\t\t\t\t\t<\/div>\r\n\r\n\t\t\t\t\t<div class=\"xts-accordion-content xts-active elementor-repeater-item-129c3e5 xts-textalign-left\"\r\n\t\t\t\t\t\tdata-accordion-index=\"0\">\r\n\t\t\t\t\t\t\t\t\t\t\t\t\t<div class=\"xts-accordion-desc\"\r\n\t\t\t\t\t\t\t\tdata-elementor-setting-key=\"accordion_items.0.item_desc\">\r\n\t\t\t\t\t\t\t\t<ul>\n        <li><b>Transferencia bancaria;<\/b><\/li>\n<ul>\n       <li>NIB - 0033 0000 4539 8989 444 05<\/li>\n       <li>IBAN-PT50 0033 0000 4539 8989 444 05<\/li>\n       <li>SWIFT - BCOMPTPL<\/li>\n<\/ul>\n<br>\n        <li><b>Cobro contra Devoluci\u00f3n;<\/b><\/li>\n        <li><b>Controlar<\/b><\/li>\n<ul>\n       <li> Emitido a nombre de Copopalhinhas, Unipessoal Lda;<\/li>\n<\/ul>\n<br>\n        <li><b>PayPal;<\/b><\/li>\n        <li><b>Monedero MEO:<\/b><\/li>\n<ul>\n       <li>Referencia Multibanco;<\/li>\n       <li>Tarjeta de cr\u00e9dito.<\/li>\n<\/ul>\n<\/ul>\t\t\t\t\t\t\t<\/div>\r\n\t\t\t\t\t\t\t\t\t\t\t<\/div>\r\n\t\t\t\t<\/div>\r\n\t\t\t\t\t<\/div>\r\n\t\t\t\t<\/div>\n\t\t\t\t<\/div>\n\t\t\t\t\t<\/div>\n\t\t<\/div>\n\t\t\t\t\t<\/div>\n\t\t<\/section>\n\t\t\t\t<\/div>","protected":false},"excerpt":{"rendered":"<p>Formas de Pagamento Na compra dos produtos comercializados em www.copopalhinhas.pt a Copopalhinhas, Unipessoal Lda admite as seguintes modalidades de pagamento: Formas de Pagamento Transfer\u00eancia Banc\u00e1ria; NIB &#8211; 0033 0000 4539 8989 444 05 IBAN &#8211; PT50 0033 0000 4539 8989 444 05 SWIFT &#8211; BCOMPTPL Cobran\u00e7a contra Reembolso; Cheque Emitido \u00e0 Copopalhinhas, Unipessoal Lda; Paypal; [&hellip;]<\/p>","protected":false},"author":1,"featured_media":0,"parent":0,"menu_order":0,"comment_status":"closed","ping_status":"closed","template":"","meta":{"_acf_changed":false,"footnotes":""},"class_list":["post-3339","page","type-page","status-publish","hentry"],"acf":[],"yoast_head":"<!-- This site is optimized with the Yoast SEO Premium plugin v23.9 (Yoast SEO v23.9) - https:\/\/yoast.com\/wordpress\/plugins\/seo\/ -->\n<title>Formas de Pagamento - Copopalhinhas<\/title>\n<meta name=\"robots\" content=\"index, follow, max-snippet:-1, max-image-preview:large, max-video-preview:-1\" \/>\n<link rel=\"canonical\" href=\"https:\/\/dev4copopalhinhas.devdg.pt\/es\/formas-de-pagamento\/\" \/>\n<meta property=\"og:locale\" content=\"es_ES\" \/>\n<meta property=\"og:type\" content=\"article\" \/>\n<meta property=\"og:title\" content=\"Formas de Pagamento\" \/>\n<meta property=\"og:description\" content=\"Formas de Pagamento Na compra dos produtos comercializados em www.copopalhinhas.pt a Copopalhinhas, Unipessoal Lda admite as seguintes modalidades de pagamento: Formas de Pagamento Transfer\u00eancia Banc\u00e1ria; NIB &#8211; 0033 0000 4539 8989 444 05 IBAN &#8211; PT50 0033 0000 4539 8989 444 05 SWIFT &#8211; BCOMPTPL Cobran\u00e7a contra Reembolso; Cheque Emitido \u00e0 Copopalhinhas, Unipessoal Lda; Paypal; [&hellip;]\" \/>\n<meta property=\"og:url\" content=\"https:\/\/dev4copopalhinhas.devdg.pt\/es\/formas-de-pagamento\/\" \/>\n<meta property=\"og:site_name\" content=\"Copopalhinhas\" \/>\n<meta property=\"article:publisher\" content=\"https:\/\/www.facebook.com\/copopalhinhas\" \/>\n<meta property=\"article:modified_time\" content=\"2024-02-16T12:40:06+00:00\" \/>\n<meta name=\"twitter:card\" content=\"summary_large_image\" \/>\n<meta name=\"twitter:site\" content=\"@copopalhinhas\" \/>\n<script type=\"application\/ld+json\" class=\"yoast-schema-graph\">{\"@context\":\"https:\/\/schema.org\",\"@graph\":[{\"@type\":\"WebPage\",\"@id\":\"https:\/\/dev4copopalhinhas.devdg.pt\/formas-de-pagamento\/\",\"url\":\"https:\/\/dev4copopalhinhas.devdg.pt\/formas-de-pagamento\/\",\"name\":\"Formas de Pagamento - Copopalhinhas\",\"isPartOf\":{\"@id\":\"https:\/\/dev4copopalhinhas.devdg.pt\/#website\"},\"datePublished\":\"2022-04-22T08:51:21+00:00\",\"dateModified\":\"2024-02-16T12:40:06+00:00\",\"breadcrumb\":{\"@id\":\"https:\/\/dev4copopalhinhas.devdg.pt\/formas-de-pagamento\/#breadcrumb\"},\"inLanguage\":\"es\",\"potentialAction\":[{\"@type\":\"ReadAction\",\"target\":[\"https:\/\/dev4copopalhinhas.devdg.pt\/formas-de-pagamento\/\"]}]},{\"@type\":\"BreadcrumbList\",\"@id\":\"https:\/\/dev4copopalhinhas.devdg.pt\/formas-de-pagamento\/#breadcrumb\",\"itemListElement\":[{\"@type\":\"ListItem\",\"position\":1,\"name\":\"In\u00edcio\",\"item\":\"https:\/\/dev4copopalhinhas.devdg.pt\/\"},{\"@type\":\"ListItem\",\"position\":2,\"name\":\"Formas de Pagamento\"}]},{\"@type\":\"WebSite\",\"@id\":\"https:\/\/dev4copopalhinhas.devdg.pt\/#website\",\"url\":\"https:\/\/dev4copopalhinhas.devdg.pt\/\",\"name\":\"Copopalhinhas\",\"description\":\"Os Melhores Pre\u00e7os\",\"publisher\":{\"@id\":\"https:\/\/dev4copopalhinhas.devdg.pt\/#organization\"},\"potentialAction\":[{\"@type\":\"SearchAction\",\"target\":{\"@type\":\"EntryPoint\",\"urlTemplate\":\"https:\/\/dev4copopalhinhas.devdg.pt\/?s={search_term_string}\"},\"query-input\":{\"@type\":\"PropertyValueSpecification\",\"valueRequired\":true,\"valueName\":\"search_term_string\"}}],\"inLanguage\":\"es\"},{\"@type\":\"Organization\",\"@id\":\"https:\/\/dev4copopalhinhas.devdg.pt\/#organization\",\"name\":\"Copopalhinhas\",\"url\":\"https:\/\/dev4copopalhinhas.devdg.pt\/\",\"logo\":{\"@type\":\"ImageObject\",\"inLanguage\":\"es\",\"@id\":\"https:\/\/dev4copopalhinhas.devdg.pt\/#\/schema\/logo\/image\/\",\"url\":\"https:\/\/dev4copopalhinhas.devdg.pt\/wp-content\/uploads\/2022\/05\/COPOPALHINHASlogo.png\",\"contentUrl\":\"https:\/\/dev4copopalhinhas.devdg.pt\/wp-content\/uploads\/2022\/05\/COPOPALHINHASlogo.png\",\"width\":1200,\"height\":323,\"caption\":\"Copopalhinhas\"},\"image\":{\"@id\":\"https:\/\/dev4copopalhinhas.devdg.pt\/#\/schema\/logo\/image\/\"},\"sameAs\":[\"https:\/\/www.facebook.com\/copopalhinhas\",\"https:\/\/x.com\/copopalhinhas\",\"https:\/\/copopalhinhas.blogspot.pt\/\"]}]}<\/script>\n<!-- \/ Yoast SEO Premium plugin. -->","yoast_head_json":{"title":"Formas de Pagamento - Copopalhinhas","robots":{"index":"index","follow":"follow","max-snippet":"max-snippet:-1","max-image-preview":"max-image-preview:large","max-video-preview":"max-video-preview:-1"},"canonical":"https:\/\/dev4copopalhinhas.devdg.pt\/es\/formas-de-pagamento\/","og_locale":"es_ES","og_type":"article","og_title":"Formas de Pagamento","og_description":"Formas de Pagamento Na compra dos produtos comercializados em www.copopalhinhas.pt a Copopalhinhas, Unipessoal Lda admite as seguintes modalidades de pagamento: Formas de Pagamento Transfer\u00eancia Banc\u00e1ria; NIB &#8211; 0033 0000 4539 8989 444 05 IBAN &#8211; PT50 0033 0000 4539 8989 444 05 SWIFT &#8211; BCOMPTPL Cobran\u00e7a contra Reembolso; Cheque Emitido \u00e0 Copopalhinhas, Unipessoal Lda; Paypal; [&hellip;]","og_url":"https:\/\/dev4copopalhinhas.devdg.pt\/es\/formas-de-pagamento\/","og_site_name":"Copopalhinhas","article_publisher":"https:\/\/www.facebook.com\/copopalhinhas","article_modified_time":"2024-02-16T12:40:06+00:00","twitter_card":"summary_large_image","twitter_site":"@copopalhinhas","schema":{"@context":"https:\/\/schema.org","@graph":[{"@type":"WebPage","@id":"https:\/\/dev4copopalhinhas.devdg.pt\/formas-de-pagamento\/","url":"https:\/\/dev4copopalhinhas.devdg.pt\/formas-de-pagamento\/","name":"Formas de Pagamento - Copopalhinhas","isPartOf":{"@id":"https:\/\/dev4copopalhinhas.devdg.pt\/#website"},"datePublished":"2022-04-22T08:51:21+00:00","dateModified":"2024-02-16T12:40:06+00:00","breadcrumb":{"@id":"https:\/\/dev4copopalhinhas.devdg.pt\/formas-de-pagamento\/#breadcrumb"},"inLanguage":"es","potentialAction":[{"@type":"ReadAction","target":["https:\/\/dev4copopalhinhas.devdg.pt\/formas-de-pagamento\/"]}]},{"@type":"BreadcrumbList","@id":"https:\/\/dev4copopalhinhas.devdg.pt\/formas-de-pagamento\/#breadcrumb","itemListElement":[{"@type":"ListItem","position":1,"name":"In\u00edcio","item":"https:\/\/dev4copopalhinhas.devdg.pt\/"},{"@type":"ListItem","position":2,"name":"Formas de Pagamento"}]},{"@type":"WebSite","@id":"https:\/\/dev4copopalhinhas.devdg.pt\/#website","url":"https:\/\/dev4copopalhinhas.devdg.pt\/","name":"Pajitas para vasos","description":"Los mejores precios","publisher":{"@id":"https:\/\/dev4copopalhinhas.devdg.pt\/#organization"},"potentialAction":[{"@type":"SearchAction","target":{"@type":"EntryPoint","urlTemplate":"https:\/\/dev4copopalhinhas.devdg.pt\/?s={search_term_string}"},"query-input":{"@type":"PropertyValueSpecification","valueRequired":true,"valueName":"search_term_string"}}],"inLanguage":"es"},{"@type":"Organization","@id":"https:\/\/dev4copopalhinhas.devdg.pt\/#organization","name":"Pajitas para vasos","url":"https:\/\/dev4copopalhinhas.devdg.pt\/","logo":{"@type":"ImageObject","inLanguage":"es","@id":"https:\/\/dev4copopalhinhas.devdg.pt\/#\/schema\/logo\/image\/","url":"https:\/\/dev4copopalhinhas.devdg.pt\/wp-content\/uploads\/2022\/05\/COPOPALHINHASlogo.png","contentUrl":"https:\/\/dev4copopalhinhas.devdg.pt\/wp-content\/uploads\/2022\/05\/COPOPALHINHASlogo.png","width":1200,"height":323,"caption":"Copopalhinhas"},"image":{"@id":"https:\/\/dev4copopalhinhas.devdg.pt\/#\/schema\/logo\/image\/"},"sameAs":["https:\/\/www.facebook.com\/copopalhinhas","https:\/\/x.com\/copopalhinhas","https:\/\/copopalhinhas.blogspot.pt\/"]}]}},"_links":{"self":[{"href":"https:\/\/dev4copopalhinhas.devdg.pt\/es\/wp-json\/wp\/v2\/pages\/3339","targetHints":{"allow":["GET"]}}],"collection":[{"href":"https:\/\/dev4copopalhinhas.devdg.pt\/es\/wp-json\/wp\/v2\/pages"}],"about":[{"href":"https:\/\/dev4copopalhinhas.devdg.pt\/es\/wp-json\/wp\/v2\/types\/page"}],"author":[{"embeddable":true,"href":"https:\/\/dev4copopalhinhas.devdg.pt\/es\/wp-json\/wp\/v2\/users\/1"}],"replies":[{"embeddable":true,"href":"https:\/\/dev4copopalhinhas.devdg.pt\/es\/wp-json\/wp\/v2\/comments?post=3339"}],"version-history":[{"count":0,"href":"https:\/\/dev4copopalhinhas.devdg.pt\/es\/wp-json\/wp\/v2\/pages\/3339\/revisions"}],"wp:attachment":[{"href":"https:\/\/dev4copopalhinhas.devdg.pt\/es\/wp-json\/wp\/v2\/media?parent=3339"}],"curies":[{"name":"wp","href":"https:\/\/api.w.org\/{rel}","templated":true}]}}