{"id":11385,"date":"2022-07-25T16:09:23","date_gmt":"2022-07-25T15:09:23","guid":{"rendered":"https:\/\/dev4copopalhinhas.devdg.pt\/produto\/eco-copo-20cl-laranja-pp\/"},"modified":"2025-10-07T12:31:49","modified_gmt":"2025-10-07T11:31:49","slug":"eco-copo-20cl-laranja-pp","status":"publish","type":"product","link":"https:\/\/dev4copopalhinhas.devdg.pt\/es\/producto\/eco-copo-20cl-laranja-pp\/","title":{"rendered":"ECO COPO EM PP LARANJA 20CL (200ML)"},"content":{"rendered":"<h4>Eco Copo em PP Laranja 20cl (200ml) &#8211; Sustentabilidade e Praticidade<\/h4>\n<p>O Eco Copo em PP Laranja 20cl (200ml) oferece a solu\u00e7\u00e3o perfeita para quem procura um copo funcional, resistente e sustent\u00e1vel. Fabricado em polipropileno (PP), este copo \u00e9 reutiliz\u00e1vel, resistente a impactos e completamente livre de BPA, tornando-se assim uma escolha amiga do ambiente.<\/p>\n<p>Com capacidade para 20cl (200ml), este copo serve idealmente sumos, refrigerantes, cocktails e outras bebidas, tanto em eventos e festas como no dia a dia. Al\u00e9m disso, a cor laranja vibrante adiciona um toque alegre e moderno, tornando-o, assim, perfeito para diversas ocasi\u00f5es, desde celebra\u00e7\u00f5es ao ar livre at\u00e9 encontros descontra\u00eddos.<\/p>\n<p>Al\u00e9m de ser uma excelente alternativa ecol\u00f3gica aos copos descart\u00e1veis de pl\u00e1stico, este Eco Copo \u00e9 f\u00e1cil de lavar e pode ser reutilizado v\u00e1rias vezes. Assim, contribui para a redu\u00e7\u00e3o de res\u00edduos e promove um consumo mais respons\u00e1vel. A sua robustez e versatilidade fazem dele a escolha ideal para bares, caf\u00e9s, restaurantes e empresas que desejam proporcionar aos seus clientes uma experi\u00eancia sustent\u00e1vel e consciente.<\/p>\n<h4>Caracter\u00edsticas do Eco Copo em PP Laranja 20cl (200ml):<\/h4>\n<ul>\n<li>Capacidade: 20cl (200ml)<\/li>\n<li>Material: Polipropileno (PP) sem BPA<\/li>\n<li>Cor: Laranja vibrante<\/li>\n<li>Reutiliz\u00e1vel e f\u00e1cil de lavar<\/li>\n<li>Ideal para bebidas frias e quentes<\/li>\n<li>Perfeito para eventos, festas e uso di\u00e1rio<\/li>\n<\/ul>\n<p>Opta por uma solu\u00e7\u00e3o ecol\u00f3gica e pr\u00e1tica com o Eco Copo faz a diferen\u00e7a no teu consumo di\u00e1rio, contribuindo assim para um futuro mais sustent\u00e1vel. Al\u00e9m disso, temos outros modelos de <a href=\"https:\/\/dev4copopalhinhas.devdg.pt\/es\/categorias\/ecocopos\/\">Copa ecol\u00f3gica<\/a> para que possas escolher o que melhor se adapta \u00e0s tuas necessidades.<\/p>","protected":false},"excerpt":{"rendered":"<p>O Eco Copo em PP Laranja 20cl (200ml) \u00e9 a solu\u00e7\u00e3o ideal para quem procura um copo funcional, resistente e sustent\u00e1vel. Feito de polipropileno (PP), este copo \u00e9 reutiliz\u00e1vel, resistente a impactos e totalmente livre de BPA, tornando-se uma escolha amiga do ambiente.<\/p>\n<p><strong>Marca: ECOCOPO\u00ae<br \/>\n<\/strong><strong>DO DESCART\u00c1VEL AO DUR\u00c1VEL! Consumo respons\u00e1vel e sustent\u00e1vel!<br \/>\n<\/strong><strong>Copos Reutiliz\u00e1veis para Eventos, Empresas e Institui\u00e7\u00f5es<\/strong><\/p>","protected":false},"featured_media":30803,"comment_status":"open","ping_status":"closed","template":"","meta":{"_acf_changed":false},"product_cat":[1720,2002,2023,2016,2056,1515,1511,1432,1436,1738,1447,225],"product_tag":[1579,1591,1574,1839,1568],"class_list":{"0":"post-11385","1":"product","2":"type-product","3":"status-publish","4":"has-post-thumbnail","6":"product_cat-laranja","7":"product_cat-copos-reutilizaveis","8":"product_cat-copos-reutilizaveis-polipropileno-pp","9":"product_cat-ecocopos-modelo","10":"product_cat-ecocopos-coloridos","11":"product_cat-21-30cl","12":"product_cat-reutilizaveis-caracteristica","13":"product_cat-materia-prima-pp","14":"product_cat-agua","15":"product_cat-ecocopos","16":"product_cat-sumos","17":"product_cat-copos","18":"product_tag-sub-menu-copos-reutilizaveis","19":"product_tag-sub-menu-copos-reutilizaveis-polipropileno-pp","20":"product_tag-menu-ecocopo","21":"product_tag-sub-menu-ecocopo-coloridos","22":"product_tag-menu-reutilizaveis","23":"pa_qtd-por-caixa-284","24":"pa_qtd-por-caixa-281","25":"pa_qtd-por-caixa-1305","26":"tm-no-options","28":"first","29":"outofstock","30":"taxable","31":"shipping-taxable","32":"purchasable","33":"product-type-variable"},"acf":[],"yoast_head":"<!-- This site is optimized with the Yoast SEO Premium plugin v23.9 (Yoast SEO v23.9) - https:\/\/yoast.com\/wordpress\/plugins\/seo\/ -->\n<title>ECO COPO EM PP LARANJA 20CL (200ML) - Copopalhinhas<\/title>\n<meta name=\"description\" content=\"O Eco Copo em PP Laranja 20cl (200ml) feito de polipropileno (PP), este copo \u00e9 reutiliz\u00e1vel, resistente a impactos e totalmente livre de BPA.\" \/>\n<meta name=\"robots\" content=\"index, follow, max-snippet:-1, max-image-preview:large, max-video-preview:-1\" \/>\n<link rel=\"canonical\" href=\"https:\/\/dev4copopalhinhas.devdg.pt\/es\/producto\/eco-copo-20cl-laranja-pp\/\" \/>\n<meta property=\"og:locale\" content=\"es_ES\" \/>\n<meta property=\"og:type\" content=\"article\" \/>\n<meta property=\"og:title\" content=\"ECO COPO EM PP LARANJA 20CL (200ML)\" \/>\n<meta property=\"og:description\" content=\"O Eco Copo em PP Laranja 20cl (200ml) feito de polipropileno (PP), este copo \u00e9 reutiliz\u00e1vel, resistente a impactos e totalmente livre de BPA.\" \/>\n<meta property=\"og:url\" content=\"https:\/\/dev4copopalhinhas.devdg.pt\/es\/producto\/eco-copo-20cl-laranja-pp\/\" \/>\n<meta property=\"og:site_name\" content=\"Copopalhinhas\" \/>\n<meta property=\"article:publisher\" content=\"https:\/\/www.facebook.com\/copopalhinhas\" \/>\n<meta property=\"article:modified_time\" content=\"2025-10-07T11:31:49+00:00\" \/>\n<meta property=\"og:image\" content=\"https:\/\/dev4copopalhinhas.devdg.pt\/wp-content\/uploads\/ECO20PPLARANJAUN-ECO-COPO-PP-LARANJA-20CL-copopalhinhas-web-1.png\" \/>\n\t<meta property=\"og:image:width\" content=\"1000\" \/>\n\t<meta property=\"og:image:height\" content=\"1000\" \/>\n\t<meta property=\"og:image:type\" content=\"image\/png\" \/>\n<meta name=\"twitter:card\" content=\"summary_large_image\" \/>\n<meta name=\"twitter:site\" content=\"@copopalhinhas\" \/>\n<script type=\"application\/ld+json\" class=\"yoast-schema-graph\">{\"@context\":\"https:\/\/schema.org\",\"@graph\":[{\"@type\":\"WebPage\",\"@id\":\"https:\/\/dev4copopalhinhas.devdg.pt\/produto\/eco-copo-20cl-laranja-pp\/\",\"url\":\"https:\/\/dev4copopalhinhas.devdg.pt\/produto\/eco-copo-20cl-laranja-pp\/\",\"name\":\"ECO COPO EM PP LARANJA 20CL (200ML) - Copopalhinhas\",\"isPartOf\":{\"@id\":\"https:\/\/dev4copopalhinhas.devdg.pt\/#website\"},\"primaryImageOfPage\":{\"@id\":\"https:\/\/dev4copopalhinhas.devdg.pt\/produto\/eco-copo-20cl-laranja-pp\/#primaryimage\"},\"image\":{\"@id\":\"https:\/\/dev4copopalhinhas.devdg.pt\/produto\/eco-copo-20cl-laranja-pp\/#primaryimage\"},\"thumbnailUrl\":\"https:\/\/dev4copopalhinhas.devdg.pt\/wp-content\/uploads\/ECO20PPLARANJAUN-ECO-COPO-PP-LARANJA-20CL-copopalhinhas-web-1.png\",\"datePublished\":\"2022-07-25T15:09:23+00:00\",\"dateModified\":\"2025-10-07T11:31:49+00:00\",\"description\":\"O Eco Copo em PP Laranja 20cl (200ml) feito de polipropileno (PP), este copo \u00e9 reutiliz\u00e1vel, resistente a impactos e totalmente livre de BPA.\",\"breadcrumb\":{\"@id\":\"https:\/\/dev4copopalhinhas.devdg.pt\/produto\/eco-copo-20cl-laranja-pp\/#breadcrumb\"},\"inLanguage\":\"es\",\"potentialAction\":[{\"@type\":\"ReadAction\",\"target\":[\"https:\/\/dev4copopalhinhas.devdg.pt\/produto\/eco-copo-20cl-laranja-pp\/\"]}]},{\"@type\":\"ImageObject\",\"inLanguage\":\"es\",\"@id\":\"https:\/\/dev4copopalhinhas.devdg.pt\/produto\/eco-copo-20cl-laranja-pp\/#primaryimage\",\"url\":\"https:\/\/dev4copopalhinhas.devdg.pt\/wp-content\/uploads\/ECO20PPLARANJAUN-ECO-COPO-PP-LARANJA-20CL-copopalhinhas-web-1.png\",\"contentUrl\":\"https:\/\/dev4copopalhinhas.devdg.pt\/wp-content\/uploads\/ECO20PPLARANJAUN-ECO-COPO-PP-LARANJA-20CL-copopalhinhas-web-1.png\",\"width\":1000,\"height\":1000,\"caption\":\"ECO20PPLARANJAUN-ECO-COPO-PP-LARANJA-20CL-copopalhinhas-web-1\"},{\"@type\":\"BreadcrumbList\",\"@id\":\"https:\/\/dev4copopalhinhas.devdg.pt\/produto\/eco-copo-20cl-laranja-pp\/#breadcrumb\",\"itemListElement\":[{\"@type\":\"ListItem\",\"position\":1,\"name\":\"In\u00edcio\",\"item\":\"https:\/\/dev4copopalhinhas.devdg.pt\/\"},{\"@type\":\"ListItem\",\"position\":2,\"name\":\"Loja\",\"item\":\"https:\/\/dev4copopalhinhas.devdg.pt\/loja\/\"},{\"@type\":\"ListItem\",\"position\":3,\"name\":\"ECO COPO EM PP LARANJA 20CL (200ML)\"}]},{\"@type\":\"WebSite\",\"@id\":\"https:\/\/dev4copopalhinhas.devdg.pt\/#website\",\"url\":\"https:\/\/dev4copopalhinhas.devdg.pt\/\",\"name\":\"Copopalhinhas\",\"description\":\"Os Melhores Pre\u00e7os\",\"publisher\":{\"@id\":\"https:\/\/dev4copopalhinhas.devdg.pt\/#organization\"},\"potentialAction\":[{\"@type\":\"SearchAction\",\"target\":{\"@type\":\"EntryPoint\",\"urlTemplate\":\"https:\/\/dev4copopalhinhas.devdg.pt\/?s={search_term_string}\"},\"query-input\":{\"@type\":\"PropertyValueSpecification\",\"valueRequired\":true,\"valueName\":\"search_term_string\"}}],\"inLanguage\":\"es\"},{\"@type\":\"Organization\",\"@id\":\"https:\/\/dev4copopalhinhas.devdg.pt\/#organization\",\"name\":\"Copopalhinhas\",\"url\":\"https:\/\/dev4copopalhinhas.devdg.pt\/\",\"logo\":{\"@type\":\"ImageObject\",\"inLanguage\":\"es\",\"@id\":\"https:\/\/dev4copopalhinhas.devdg.pt\/#\/schema\/logo\/image\/\",\"url\":\"https:\/\/dev4copopalhinhas.devdg.pt\/wp-content\/uploads\/2022\/05\/COPOPALHINHASlogo.png\",\"contentUrl\":\"https:\/\/dev4copopalhinhas.devdg.pt\/wp-content\/uploads\/2022\/05\/COPOPALHINHASlogo.png\",\"width\":1200,\"height\":323,\"caption\":\"Copopalhinhas\"},\"image\":{\"@id\":\"https:\/\/dev4copopalhinhas.devdg.pt\/#\/schema\/logo\/image\/\"},\"sameAs\":[\"https:\/\/www.facebook.com\/copopalhinhas\",\"https:\/\/x.com\/copopalhinhas\",\"https:\/\/copopalhinhas.blogspot.pt\/\"]}]}<\/script>\n<!-- \/ Yoast SEO Premium plugin. -->","yoast_head_json":{"title":"ECO COPO EM PP LARANJA 20CL (200ML) - Copopalhinhas","description":"O Eco Copo em PP Laranja 20cl (200ml) feito de polipropileno (PP), este copo \u00e9 reutiliz\u00e1vel, resistente a impactos e totalmente livre de BPA.","robots":{"index":"index","follow":"follow","max-snippet":"max-snippet:-1","max-image-preview":"max-image-preview:large","max-video-preview":"max-video-preview:-1"},"canonical":"https:\/\/dev4copopalhinhas.devdg.pt\/es\/producto\/eco-copo-20cl-laranja-pp\/","og_locale":"es_ES","og_type":"article","og_title":"ECO COPO EM PP LARANJA 20CL (200ML)","og_description":"O Eco Copo em PP Laranja 20cl (200ml) feito de polipropileno (PP), este copo \u00e9 reutiliz\u00e1vel, resistente a impactos e totalmente livre de BPA.","og_url":"https:\/\/dev4copopalhinhas.devdg.pt\/es\/producto\/eco-copo-20cl-laranja-pp\/","og_site_name":"Copopalhinhas","article_publisher":"https:\/\/www.facebook.com\/copopalhinhas","article_modified_time":"2025-10-07T11:31:49+00:00","og_image":[{"width":1000,"height":1000,"url":"https:\/\/dev4copopalhinhas.devdg.pt\/wp-content\/uploads\/ECO20PPLARANJAUN-ECO-COPO-PP-LARANJA-20CL-copopalhinhas-web-1.png","type":"image\/png"}],"twitter_card":"summary_large_image","twitter_site":"@copopalhinhas","schema":{"@context":"https:\/\/schema.org","@graph":[{"@type":"WebPage","@id":"https:\/\/dev4copopalhinhas.devdg.pt\/produto\/eco-copo-20cl-laranja-pp\/","url":"https:\/\/dev4copopalhinhas.devdg.pt\/produto\/eco-copo-20cl-laranja-pp\/","name":"ECO COPO EM PP LARANJA 20CL (200ML) - Copopalhinhas","isPartOf":{"@id":"https:\/\/dev4copopalhinhas.devdg.pt\/#website"},"primaryImageOfPage":{"@id":"https:\/\/dev4copopalhinhas.devdg.pt\/produto\/eco-copo-20cl-laranja-pp\/#primaryimage"},"image":{"@id":"https:\/\/dev4copopalhinhas.devdg.pt\/produto\/eco-copo-20cl-laranja-pp\/#primaryimage"},"thumbnailUrl":"https:\/\/dev4copopalhinhas.devdg.pt\/wp-content\/uploads\/ECO20PPLARANJAUN-ECO-COPO-PP-LARANJA-20CL-copopalhinhas-web-1.png","datePublished":"2022-07-25T15:09:23+00:00","dateModified":"2025-10-07T11:31:49+00:00","description":"O Eco Copo em PP Laranja 20cl (200ml) feito de polipropileno (PP), este copo \u00e9 reutiliz\u00e1vel, resistente a impactos e totalmente livre de BPA.","breadcrumb":{"@id":"https:\/\/dev4copopalhinhas.devdg.pt\/produto\/eco-copo-20cl-laranja-pp\/#breadcrumb"},"inLanguage":"es","potentialAction":[{"@type":"ReadAction","target":["https:\/\/dev4copopalhinhas.devdg.pt\/produto\/eco-copo-20cl-laranja-pp\/"]}]},{"@type":"ImageObject","inLanguage":"es","@id":"https:\/\/dev4copopalhinhas.devdg.pt\/produto\/eco-copo-20cl-laranja-pp\/#primaryimage","url":"https:\/\/dev4copopalhinhas.devdg.pt\/wp-content\/uploads\/ECO20PPLARANJAUN-ECO-COPO-PP-LARANJA-20CL-copopalhinhas-web-1.png","contentUrl":"https:\/\/dev4copopalhinhas.devdg.pt\/wp-content\/uploads\/ECO20PPLARANJAUN-ECO-COPO-PP-LARANJA-20CL-copopalhinhas-web-1.png","width":1000,"height":1000,"caption":"ECO20PPLARANJAUN-ECO-COPO-PP-LARANJA-20CL-copopalhinhas-web-1"},{"@type":"BreadcrumbList","@id":"https:\/\/dev4copopalhinhas.devdg.pt\/produto\/eco-copo-20cl-laranja-pp\/#breadcrumb","itemListElement":[{"@type":"ListItem","position":1,"name":"In\u00edcio","item":"https:\/\/dev4copopalhinhas.devdg.pt\/"},{"@type":"ListItem","position":2,"name":"Loja","item":"https:\/\/dev4copopalhinhas.devdg.pt\/loja\/"},{"@type":"ListItem","position":3,"name":"ECO COPO EM PP LARANJA 20CL (200ML)"}]},{"@type":"WebSite","@id":"https:\/\/dev4copopalhinhas.devdg.pt\/#website","url":"https:\/\/dev4copopalhinhas.devdg.pt\/","name":"Pajitas para vasos","description":"Os Melhores Pre\u00e7os","publisher":{"@id":"https:\/\/dev4copopalhinhas.devdg.pt\/#organization"},"potentialAction":[{"@type":"SearchAction","target":{"@type":"EntryPoint","urlTemplate":"https:\/\/dev4copopalhinhas.devdg.pt\/?s={search_term_string}"},"query-input":{"@type":"PropertyValueSpecification","valueRequired":true,"valueName":"search_term_string"}}],"inLanguage":"es"},{"@type":"Organization","@id":"https:\/\/dev4copopalhinhas.devdg.pt\/#organization","name":"Pajitas para vasos","url":"https:\/\/dev4copopalhinhas.devdg.pt\/","logo":{"@type":"ImageObject","inLanguage":"es","@id":"https:\/\/dev4copopalhinhas.devdg.pt\/#\/schema\/logo\/image\/","url":"https:\/\/dev4copopalhinhas.devdg.pt\/wp-content\/uploads\/2022\/05\/COPOPALHINHASlogo.png","contentUrl":"https:\/\/dev4copopalhinhas.devdg.pt\/wp-content\/uploads\/2022\/05\/COPOPALHINHASlogo.png","width":1200,"height":323,"caption":"Copopalhinhas"},"image":{"@id":"https:\/\/dev4copopalhinhas.devdg.pt\/#\/schema\/logo\/image\/"},"sameAs":["https:\/\/www.facebook.com\/copopalhinhas","https:\/\/x.com\/copopalhinhas","https:\/\/copopalhinhas.blogspot.pt\/"]}]}},"_links":{"self":[{"href":"https:\/\/dev4copopalhinhas.devdg.pt\/es\/wp-json\/wp\/v2\/product\/11385","targetHints":{"allow":["GET"]}}],"collection":[{"href":"https:\/\/dev4copopalhinhas.devdg.pt\/es\/wp-json\/wp\/v2\/product"}],"about":[{"href":"https:\/\/dev4copopalhinhas.devdg.pt\/es\/wp-json\/wp\/v2\/types\/product"}],"replies":[{"embeddable":true,"href":"https:\/\/dev4copopalhinhas.devdg.pt\/es\/wp-json\/wp\/v2\/comments?post=11385"}],"wp:featuredmedia":[{"embeddable":true,"href":"https:\/\/dev4copopalhinhas.devdg.pt\/es\/wp-json\/wp\/v2\/media\/30803"}],"wp:attachment":[{"href":"https:\/\/dev4copopalhinhas.devdg.pt\/es\/wp-json\/wp\/v2\/media?parent=11385"}],"wp:term":[{"taxonomy":"product_cat","embeddable":true,"href":"https:\/\/dev4copopalhinhas.devdg.pt\/es\/wp-json\/wp\/v2\/product_cat?post=11385"},{"taxonomy":"product_tag","embeddable":true,"href":"https:\/\/dev4copopalhinhas.devdg.pt\/es\/wp-json\/wp\/v2\/product_tag?post=11385"}],"curies":[{"name":"wp","href":"https:\/\/api.w.org\/{rel}","templated":true}]}}