{"id":11685,"date":"2022-07-25T16:05:16","date_gmt":"2022-07-25T15:05:16","guid":{"rendered":"https:\/\/dev4copopalhinhas.devdg.pt\/produto\/caixa-take-away-fibra-bagaco-natural-450ml-com-tampa\/"},"modified":"2025-04-16T17:22:51","modified_gmt":"2025-04-16T16:22:51","slug":"caixa-take-away-fibra-bagaco-natural-450ml-com-tampa","status":"publish","type":"product","link":"https:\/\/dev4copopalhinhas.devdg.pt\/es\/producto\/caixa-take-away-fibra-bagaco-natural-450ml-com-tampa\/","title":{"rendered":"CAIXA EM BAGA\u00c7O NATURAL COM TAMPA 45CL (450ML)"},"content":{"rendered":"<p>Esta Caixa em Baga\u00e7o Natural com Tampa \u00e9 uma escolha consciente para estabelecimentos de food service que desejam adotar pr\u00e1ticas sustent\u00e1veis. Al\u00e9m disso, \u00e9 uma solu\u00e7\u00e3o vers\u00e1til que se adapta a diferentes tipos de alimentos.<\/p>\n<p>Feita a partir do baga\u00e7o, res\u00edduo natural que sobra ap\u00f3s a extra\u00e7\u00e3o do a\u00e7\u00facar pela ind\u00fastria aliment\u00edcia. A utiliza\u00e7\u00e3o destes restos naturais permite obter este material adequado para todos os tipos de alimentos, quentes ou frios. Por serem provenientes de um recurso natural, esses produtos s\u00e3o compost\u00e1veis \u200b\u200be biodegrad\u00e1veis, tornando-os uma alternativa sustent\u00e1vel e ecologicamente correta.<\/p>\n<p>Fa\u00e7a parte do movimento em prol da sustentabilidade e escolha a nossa Caixa em Baga\u00e7o Natural com Tampa para servir as suas refei\u00e7\u00f5es de forma respons\u00e1vel e pr\u00e1tica. Esteja comprometido com o meio ambiente e ofere\u00e7a aos seus clientes uma experi\u00eancia positiva e eco-friendly.<\/p>\n<ul>\n<li>Sustent\u00e1vel: Fabricada a partir de baga\u00e7o natural, uma mat\u00e9ria-prima renov\u00e1vel e res\u00edduo da produ\u00e7\u00e3o de cana-de-a\u00e7\u00facar, esta caixa \u00e9 uma alternativa amiga do ambiente \u00e0s embalagens convencionais.<\/li>\n<li>Tampa Inclu\u00edda: A tampa ajustada proporciona um fecho seguro, garantindo que os alimentos permane\u00e7am frescos e quentes.<\/li>\n<li>Versatilidade: Ideal para uma ampla gama de refei\u00e7\u00f5es, desde pratos principais a acompanhamentos.<\/li>\n<li>Durabilidade: O baga\u00e7o natural \u00e9 resistente ao calor, gordura e l\u00edquidos, proporcionando uma experi\u00eancia de consumo sem preocupa\u00e7\u00f5es.<\/li>\n<\/ul>\n<p><img decoding=\"async\" src=\"https:\/\/dev4copopalhinhas.devdg.pt\/wp-content\/uploads\/Icon_DESCARTAVEL.png\" alt=\"\" width=\"30\" height=\"30\" \/> <strong>Descart\u00e1vel<\/strong><\/p>\n<p><img decoding=\"async\" src=\"https:\/\/dev4copopalhinhas.devdg.pt\/wp-content\/uploads\/Icons_alimentos.png\" alt=\"\" width=\"30\" height=\"30\" \/> <strong>Alimento<\/strong>: Pr\u00f3prios para consumo alimentar<\/p>\n<p><img decoding=\"async\" src=\"https:\/\/dev4copopalhinhas.devdg.pt\/wp-content\/uploads\/Icon_reciclaveis.png\" alt=\"\" width=\"30\" height=\"30\" \/> <strong>Recicl\u00e1veis<\/strong>: Produtos que podem ser reciclados ou usados para recupera\u00e7\u00e3o energ\u00e9tica.<\/p>","protected":false},"excerpt":{"rendered":"<p>Caixa em Baga\u00e7o Natural com Tampa, uma op\u00e7\u00e3o ecol\u00f3gica e vers\u00e1til para embalar e servir refei\u00e7\u00f5es deliciosas. Com uma capacidade de 45cl (450ml), esta embalagem \u00e9 ideal para eventos e muito mais.<\/p>\n<p><img decoding=\"async\" src=\"https:\/\/dev4copopalhinhas.devdg.pt\/wp-content\/uploads\/Icons_alimentos.png\" alt=\"\" width=\"30\" height=\"30\" \/> <img decoding=\"async\" src=\"https:\/\/dev4copopalhinhas.devdg.pt\/wp-content\/uploads\/Icon_DESCARTAVEL.png\" alt=\"\" width=\"30\" height=\"30\" \/> <img decoding=\"async\" src=\"https:\/\/dev4copopalhinhas.devdg.pt\/wp-content\/uploads\/Icon_reciclaveis.png\" alt=\"\" width=\"30\" height=\"30\" \/><\/p>","protected":false},"featured_media":28324,"comment_status":"open","ping_status":"closed","template":"","meta":{"_acf_changed":false},"product_cat":[2010,2045,2011,1455,1512,1507,1490,1397],"product_tag":[1569,1606,1604,1610],"class_list":{"0":"post-11685","1":"product","2":"type-product","3":"status-publish","4":"has-post-thumbnail","6":"product_cat-embalagens-descartaveis","7":"product_cat-embalagens-descartaveis-biodegradaveis","8":"product_cat-embalagens-free-plastic-takeaway","9":"product_cat-41-50cl","10":"product_cat-descartavel","11":"product_cat-bagaco","12":"product_cat-caixas","13":"product_cat-embalagens","14":"product_tag-menu-descartaveis","15":"product_tag-sub-menu-embalagens-biodegradaveis","16":"product_tag-sub-menu-embalagens-descartaveis","17":"product_tag-sub-menu-embalagens-free-plastic-takeaway","18":"pa_qtd-por-caixa-1273","19":"pa_qtd-por-caixa-1275","20":"tm-no-options","22":"first","23":"instock","24":"taxable","25":"shipping-taxable","26":"purchasable","27":"product-type-variable"},"acf":[],"yoast_head":"<!-- This site is optimized with the Yoast SEO Premium plugin v23.9 (Yoast SEO v23.9) - https:\/\/yoast.com\/wordpress\/plugins\/seo\/ -->\n<title>CAIXA EM BAGA\u00c7O NATURAL COM TAMPA 45CL (450ML) - Copopalhinhas<\/title>\n<meta name=\"robots\" content=\"index, follow, max-snippet:-1, max-image-preview:large, max-video-preview:-1\" \/>\n<link rel=\"canonical\" href=\"https:\/\/dev4copopalhinhas.devdg.pt\/es\/producto\/caixa-take-away-fibra-bagaco-natural-450ml-com-tampa\/\" \/>\n<meta property=\"og:locale\" content=\"es_ES\" \/>\n<meta property=\"og:type\" content=\"article\" \/>\n<meta property=\"og:title\" content=\"CAIXA EM BAGA\u00c7O NATURAL COM TAMPA 45CL (450ML)\" \/>\n<meta property=\"og:description\" content=\"Caixa em Baga\u00e7o Natural com Tampa, uma op\u00e7\u00e3o ecol\u00f3gica e vers\u00e1til para embalar e servir refei\u00e7\u00f5es deliciosas. Com uma capacidade de 45cl (450ml), esta embalagem \u00e9 ideal para eventos e muito mais.\" \/>\n<meta property=\"og:url\" content=\"https:\/\/dev4copopalhinhas.devdg.pt\/es\/producto\/caixa-take-away-fibra-bagaco-natural-450ml-com-tampa\/\" \/>\n<meta property=\"og:site_name\" content=\"Copopalhinhas\" \/>\n<meta property=\"article:publisher\" content=\"https:\/\/www.facebook.com\/copopalhinhas\" \/>\n<meta property=\"article:modified_time\" content=\"2025-04-16T16:22:51+00:00\" \/>\n<meta property=\"og:image\" content=\"https:\/\/dev4copopalhinhas.devdg.pt\/wp-content\/uploads\/TKKRAFT14GR-CAIXA-FIBRA-BAGACO-NATURAL-450ML-TAMPA-Copopalhinhas-web-2.png\" \/>\n\t<meta property=\"og:image:width\" content=\"1000\" \/>\n\t<meta property=\"og:image:height\" content=\"1000\" \/>\n\t<meta property=\"og:image:type\" content=\"image\/png\" \/>\n<meta name=\"twitter:card\" content=\"summary_large_image\" \/>\n<meta name=\"twitter:site\" content=\"@copopalhinhas\" \/>\n<script type=\"application\/ld+json\" class=\"yoast-schema-graph\">{\"@context\":\"https:\/\/schema.org\",\"@graph\":[{\"@type\":\"WebPage\",\"@id\":\"https:\/\/dev4copopalhinhas.devdg.pt\/produto\/caixa-take-away-fibra-bagaco-natural-450ml-com-tampa\/\",\"url\":\"https:\/\/dev4copopalhinhas.devdg.pt\/produto\/caixa-take-away-fibra-bagaco-natural-450ml-com-tampa\/\",\"name\":\"CAIXA EM BAGA\u00c7O NATURAL COM TAMPA 45CL (450ML) - Copopalhinhas\",\"isPartOf\":{\"@id\":\"https:\/\/dev4copopalhinhas.devdg.pt\/#website\"},\"primaryImageOfPage\":{\"@id\":\"https:\/\/dev4copopalhinhas.devdg.pt\/produto\/caixa-take-away-fibra-bagaco-natural-450ml-com-tampa\/#primaryimage\"},\"image\":{\"@id\":\"https:\/\/dev4copopalhinhas.devdg.pt\/produto\/caixa-take-away-fibra-bagaco-natural-450ml-com-tampa\/#primaryimage\"},\"thumbnailUrl\":\"https:\/\/dev4copopalhinhas.devdg.pt\/wp-content\/uploads\/TKKRAFT14GR-CAIXA-FIBRA-BAGACO-NATURAL-450ML-TAMPA-Copopalhinhas-web-2.png\",\"datePublished\":\"2022-07-25T15:05:16+00:00\",\"dateModified\":\"2025-04-16T16:22:51+00:00\",\"breadcrumb\":{\"@id\":\"https:\/\/dev4copopalhinhas.devdg.pt\/produto\/caixa-take-away-fibra-bagaco-natural-450ml-com-tampa\/#breadcrumb\"},\"inLanguage\":\"es\",\"potentialAction\":[{\"@type\":\"ReadAction\",\"target\":[\"https:\/\/dev4copopalhinhas.devdg.pt\/produto\/caixa-take-away-fibra-bagaco-natural-450ml-com-tampa\/\"]}]},{\"@type\":\"ImageObject\",\"inLanguage\":\"es\",\"@id\":\"https:\/\/dev4copopalhinhas.devdg.pt\/produto\/caixa-take-away-fibra-bagaco-natural-450ml-com-tampa\/#primaryimage\",\"url\":\"https:\/\/dev4copopalhinhas.devdg.pt\/wp-content\/uploads\/TKKRAFT14GR-CAIXA-FIBRA-BAGACO-NATURAL-450ML-TAMPA-Copopalhinhas-web-2.png\",\"contentUrl\":\"https:\/\/dev4copopalhinhas.devdg.pt\/wp-content\/uploads\/TKKRAFT14GR-CAIXA-FIBRA-BAGACO-NATURAL-450ML-TAMPA-Copopalhinhas-web-2.png\",\"width\":1000,\"height\":1000},{\"@type\":\"BreadcrumbList\",\"@id\":\"https:\/\/dev4copopalhinhas.devdg.pt\/produto\/caixa-take-away-fibra-bagaco-natural-450ml-com-tampa\/#breadcrumb\",\"itemListElement\":[{\"@type\":\"ListItem\",\"position\":1,\"name\":\"In\u00edcio\",\"item\":\"https:\/\/dev4copopalhinhas.devdg.pt\/\"},{\"@type\":\"ListItem\",\"position\":2,\"name\":\"Loja\",\"item\":\"https:\/\/dev4copopalhinhas.devdg.pt\/loja\/\"},{\"@type\":\"ListItem\",\"position\":3,\"name\":\"CAIXA EM BAGA\u00c7O NATURAL COM TAMPA 45CL (450ML)\"}]},{\"@type\":\"WebSite\",\"@id\":\"https:\/\/dev4copopalhinhas.devdg.pt\/#website\",\"url\":\"https:\/\/dev4copopalhinhas.devdg.pt\/\",\"name\":\"Copopalhinhas\",\"description\":\"Os Melhores Pre\u00e7os\",\"publisher\":{\"@id\":\"https:\/\/dev4copopalhinhas.devdg.pt\/#organization\"},\"potentialAction\":[{\"@type\":\"SearchAction\",\"target\":{\"@type\":\"EntryPoint\",\"urlTemplate\":\"https:\/\/dev4copopalhinhas.devdg.pt\/?s={search_term_string}\"},\"query-input\":{\"@type\":\"PropertyValueSpecification\",\"valueRequired\":true,\"valueName\":\"search_term_string\"}}],\"inLanguage\":\"es\"},{\"@type\":\"Organization\",\"@id\":\"https:\/\/dev4copopalhinhas.devdg.pt\/#organization\",\"name\":\"Copopalhinhas\",\"url\":\"https:\/\/dev4copopalhinhas.devdg.pt\/\",\"logo\":{\"@type\":\"ImageObject\",\"inLanguage\":\"es\",\"@id\":\"https:\/\/dev4copopalhinhas.devdg.pt\/#\/schema\/logo\/image\/\",\"url\":\"https:\/\/dev4copopalhinhas.devdg.pt\/wp-content\/uploads\/2022\/05\/COPOPALHINHASlogo.png\",\"contentUrl\":\"https:\/\/dev4copopalhinhas.devdg.pt\/wp-content\/uploads\/2022\/05\/COPOPALHINHASlogo.png\",\"width\":1200,\"height\":323,\"caption\":\"Copopalhinhas\"},\"image\":{\"@id\":\"https:\/\/dev4copopalhinhas.devdg.pt\/#\/schema\/logo\/image\/\"},\"sameAs\":[\"https:\/\/www.facebook.com\/copopalhinhas\",\"https:\/\/x.com\/copopalhinhas\",\"https:\/\/copopalhinhas.blogspot.pt\/\"]}]}<\/script>\n<!-- \/ Yoast SEO Premium plugin. -->","yoast_head_json":{"title":"CAIXA EM BAGA\u00c7O NATURAL COM TAMPA 45CL (450ML) - Copopalhinhas","robots":{"index":"index","follow":"follow","max-snippet":"max-snippet:-1","max-image-preview":"max-image-preview:large","max-video-preview":"max-video-preview:-1"},"canonical":"https:\/\/dev4copopalhinhas.devdg.pt\/es\/producto\/caixa-take-away-fibra-bagaco-natural-450ml-com-tampa\/","og_locale":"es_ES","og_type":"article","og_title":"CAIXA EM BAGA\u00c7O NATURAL COM TAMPA 45CL (450ML)","og_description":"Caixa em Baga\u00e7o Natural com Tampa, uma op\u00e7\u00e3o ecol\u00f3gica e vers\u00e1til para embalar e servir refei\u00e7\u00f5es deliciosas. Com uma capacidade de 45cl (450ml), esta embalagem \u00e9 ideal para eventos e muito mais.","og_url":"https:\/\/dev4copopalhinhas.devdg.pt\/es\/producto\/caixa-take-away-fibra-bagaco-natural-450ml-com-tampa\/","og_site_name":"Copopalhinhas","article_publisher":"https:\/\/www.facebook.com\/copopalhinhas","article_modified_time":"2025-04-16T16:22:51+00:00","og_image":[{"width":1000,"height":1000,"url":"https:\/\/dev4copopalhinhas.devdg.pt\/wp-content\/uploads\/TKKRAFT14GR-CAIXA-FIBRA-BAGACO-NATURAL-450ML-TAMPA-Copopalhinhas-web-2.png","type":"image\/png"}],"twitter_card":"summary_large_image","twitter_site":"@copopalhinhas","schema":{"@context":"https:\/\/schema.org","@graph":[{"@type":"WebPage","@id":"https:\/\/dev4copopalhinhas.devdg.pt\/produto\/caixa-take-away-fibra-bagaco-natural-450ml-com-tampa\/","url":"https:\/\/dev4copopalhinhas.devdg.pt\/produto\/caixa-take-away-fibra-bagaco-natural-450ml-com-tampa\/","name":"CAIXA EM BAGA\u00c7O NATURAL COM TAMPA 45CL (450ML) - Copopalhinhas","isPartOf":{"@id":"https:\/\/dev4copopalhinhas.devdg.pt\/#website"},"primaryImageOfPage":{"@id":"https:\/\/dev4copopalhinhas.devdg.pt\/produto\/caixa-take-away-fibra-bagaco-natural-450ml-com-tampa\/#primaryimage"},"image":{"@id":"https:\/\/dev4copopalhinhas.devdg.pt\/produto\/caixa-take-away-fibra-bagaco-natural-450ml-com-tampa\/#primaryimage"},"thumbnailUrl":"https:\/\/dev4copopalhinhas.devdg.pt\/wp-content\/uploads\/TKKRAFT14GR-CAIXA-FIBRA-BAGACO-NATURAL-450ML-TAMPA-Copopalhinhas-web-2.png","datePublished":"2022-07-25T15:05:16+00:00","dateModified":"2025-04-16T16:22:51+00:00","breadcrumb":{"@id":"https:\/\/dev4copopalhinhas.devdg.pt\/produto\/caixa-take-away-fibra-bagaco-natural-450ml-com-tampa\/#breadcrumb"},"inLanguage":"es","potentialAction":[{"@type":"ReadAction","target":["https:\/\/dev4copopalhinhas.devdg.pt\/produto\/caixa-take-away-fibra-bagaco-natural-450ml-com-tampa\/"]}]},{"@type":"ImageObject","inLanguage":"es","@id":"https:\/\/dev4copopalhinhas.devdg.pt\/produto\/caixa-take-away-fibra-bagaco-natural-450ml-com-tampa\/#primaryimage","url":"https:\/\/dev4copopalhinhas.devdg.pt\/wp-content\/uploads\/TKKRAFT14GR-CAIXA-FIBRA-BAGACO-NATURAL-450ML-TAMPA-Copopalhinhas-web-2.png","contentUrl":"https:\/\/dev4copopalhinhas.devdg.pt\/wp-content\/uploads\/TKKRAFT14GR-CAIXA-FIBRA-BAGACO-NATURAL-450ML-TAMPA-Copopalhinhas-web-2.png","width":1000,"height":1000},{"@type":"BreadcrumbList","@id":"https:\/\/dev4copopalhinhas.devdg.pt\/produto\/caixa-take-away-fibra-bagaco-natural-450ml-com-tampa\/#breadcrumb","itemListElement":[{"@type":"ListItem","position":1,"name":"In\u00edcio","item":"https:\/\/dev4copopalhinhas.devdg.pt\/"},{"@type":"ListItem","position":2,"name":"Loja","item":"https:\/\/dev4copopalhinhas.devdg.pt\/loja\/"},{"@type":"ListItem","position":3,"name":"CAIXA EM BAGA\u00c7O NATURAL COM TAMPA 45CL (450ML)"}]},{"@type":"WebSite","@id":"https:\/\/dev4copopalhinhas.devdg.pt\/#website","url":"https:\/\/dev4copopalhinhas.devdg.pt\/","name":"Pajitas para vasos","description":"Os Melhores Pre\u00e7os","publisher":{"@id":"https:\/\/dev4copopalhinhas.devdg.pt\/#organization"},"potentialAction":[{"@type":"SearchAction","target":{"@type":"EntryPoint","urlTemplate":"https:\/\/dev4copopalhinhas.devdg.pt\/?s={search_term_string}"},"query-input":{"@type":"PropertyValueSpecification","valueRequired":true,"valueName":"search_term_string"}}],"inLanguage":"es"},{"@type":"Organization","@id":"https:\/\/dev4copopalhinhas.devdg.pt\/#organization","name":"Pajitas para vasos","url":"https:\/\/dev4copopalhinhas.devdg.pt\/","logo":{"@type":"ImageObject","inLanguage":"es","@id":"https:\/\/dev4copopalhinhas.devdg.pt\/#\/schema\/logo\/image\/","url":"https:\/\/dev4copopalhinhas.devdg.pt\/wp-content\/uploads\/2022\/05\/COPOPALHINHASlogo.png","contentUrl":"https:\/\/dev4copopalhinhas.devdg.pt\/wp-content\/uploads\/2022\/05\/COPOPALHINHASlogo.png","width":1200,"height":323,"caption":"Copopalhinhas"},"image":{"@id":"https:\/\/dev4copopalhinhas.devdg.pt\/#\/schema\/logo\/image\/"},"sameAs":["https:\/\/www.facebook.com\/copopalhinhas","https:\/\/x.com\/copopalhinhas","https:\/\/copopalhinhas.blogspot.pt\/"]}]}},"_links":{"self":[{"href":"https:\/\/dev4copopalhinhas.devdg.pt\/es\/wp-json\/wp\/v2\/product\/11685","targetHints":{"allow":["GET"]}}],"collection":[{"href":"https:\/\/dev4copopalhinhas.devdg.pt\/es\/wp-json\/wp\/v2\/product"}],"about":[{"href":"https:\/\/dev4copopalhinhas.devdg.pt\/es\/wp-json\/wp\/v2\/types\/product"}],"replies":[{"embeddable":true,"href":"https:\/\/dev4copopalhinhas.devdg.pt\/es\/wp-json\/wp\/v2\/comments?post=11685"}],"wp:featuredmedia":[{"embeddable":true,"href":"https:\/\/dev4copopalhinhas.devdg.pt\/es\/wp-json\/wp\/v2\/media\/28324"}],"wp:attachment":[{"href":"https:\/\/dev4copopalhinhas.devdg.pt\/es\/wp-json\/wp\/v2\/media?parent=11685"}],"wp:term":[{"taxonomy":"product_cat","embeddable":true,"href":"https:\/\/dev4copopalhinhas.devdg.pt\/es\/wp-json\/wp\/v2\/product_cat?post=11685"},{"taxonomy":"product_tag","embeddable":true,"href":"https:\/\/dev4copopalhinhas.devdg.pt\/es\/wp-json\/wp\/v2\/product_tag?post=11685"}],"curies":[{"name":"wp","href":"https:\/\/api.w.org\/{rel}","templated":true}]}}