{"id":11792,"date":"2022-06-22T14:47:29","date_gmt":"2022-06-22T13:47:29","guid":{"rendered":"https:\/\/dev4copopalhinhas.devdg.pt\/produto\/caixa-takeaway-natural-kraft-com-tampa-pet-2100ml\/"},"modified":"2025-09-27T17:05:13","modified_gmt":"2025-09-27T16:05:13","slug":"caixa-takeaway-natural-kraft-com-tampa-pet-2100ml","status":"publish","type":"product","link":"https:\/\/dev4copopalhinhas.devdg.pt\/es\/producto\/caixa-takeaway-natural-kraft-com-tampa-pet-2100ml\/","title":{"rendered":"CAJA PARA LLEVAR KRAFT NATURAL CON TAPA PET 2100ML"},"content":{"rendered":"<p>Caixa\u00a0em papel kraft para transporte de alimentos takeaway\/delivery com tampa em PET e capacidade de\u00a02100ml<\/p>\n<p>N\u00e3o apto para o forno nem para microondas, recicl\u00e1vel, resistente a \u00f3leos e gordura<\/p>\n<p>Material KRAFT<br \/>\nColor NATURAL<br \/>\nUnidades \/ caixa 200 (4 Pacotes de 50 unidades)<br \/>\nCapacidade 2100 ML<br \/>\nUnidade de peso 41 gr.<br \/>\nGrammage 300 +20 PE G\/M2<br \/>\nFaixa de temperatura 0\u00baC\/+100\u00baC.<br \/>\nCertificados Contato alimentar, Registo sanit\u00e1rio<br \/>\nUsos N\u00e3o apto para micro-ondas, N\u00e3o apto para o forno, Recicl\u00e1vel, Resistente a \u00f3leos e gordura<\/p>\n<p><img decoding=\"async\" src=\"https:\/\/dev4copopalhinhas.devdg.pt\/wp-content\/uploads\/Icon_DESCARTAVEL.png\" alt=\"\" width=\"30\" height=\"30\" \/> <strong>Descart\u00e1vel<\/strong><\/p>\n<p><img decoding=\"async\" src=\"https:\/\/dev4copopalhinhas.devdg.pt\/wp-content\/uploads\/Icons_alimentos.png\" alt=\"\" width=\"30\" height=\"30\" \/> <strong>Alimento<\/strong>: Pr\u00f3prios para consumo alimentar<\/p>\n<p><img decoding=\"async\" src=\"https:\/\/dev4copopalhinhas.devdg.pt\/wp-content\/uploads\/Icon_reciclaveis.png\" alt=\"\" width=\"30\" height=\"30\" \/> <strong>Recicl\u00e1veis<\/strong>: Produtos que podem ser reciclados ou usados para recupera\u00e7\u00e3o energ\u00e9tica.<\/p>","protected":false},"excerpt":{"rendered":"<p>Caixa\u00a0em papel kraft para transporte de alimentos takeaway\/delivery com tampa em PET e capacidade de 2100ml<\/p>\n<p>N\u00e3o apto para o forno nem para microondas, recicl\u00e1vel, resistente a \u00f3leos e gordura<\/p>\n<p><img decoding=\"async\" src=\"https:\/\/dev4copopalhinhas.devdg.pt\/wp-content\/uploads\/Icons_alimentos.png\" alt=\"\" width=\"30\" height=\"30\" \/> <img decoding=\"async\" src=\"https:\/\/dev4copopalhinhas.devdg.pt\/wp-content\/uploads\/Icon_DESCARTAVEL.png\" alt=\"\" width=\"30\" height=\"30\" \/> <img decoding=\"async\" src=\"https:\/\/dev4copopalhinhas.devdg.pt\/wp-content\/uploads\/Icon_reciclaveis.png\" alt=\"\" width=\"30\" height=\"30\" \/><\/p>","protected":false},"featured_media":34169,"comment_status":"open","ping_status":"closed","template":"","meta":{"_acf_changed":false},"product_cat":[2046,2010,1725,1645,1484,1508,1397],"product_tag":[1569,1607,1604],"class_list":{"0":"post-11792","1":"product","2":"type-product","3":"status-publish","4":"has-post-thumbnail","6":"product_cat-embalagens-cartao","7":"product_cat-embalagens-descartaveis","8":"product_cat-castanho","9":"product_cat-21l-3l","10":"product_cat-cartao","11":"product_cat-kraft","12":"product_cat-embalagens","13":"product_tag-menu-descartaveis","14":"product_tag-sub-menu-embalagens-cartao","15":"product_tag-sub-menu-embalagens-descartaveis","16":"pa_qtd-por-caixa-1273","17":"pa_qtd-por-caixa-282","18":"tm-no-options","20":"first","21":"instock","22":"taxable","23":"shipping-taxable","24":"purchasable","25":"product-type-variable"},"acf":[],"yoast_head":"<!-- This site is optimized with the Yoast SEO Premium plugin v23.9 (Yoast SEO v23.9) - https:\/\/yoast.com\/wordpress\/plugins\/seo\/ -->\n<title>CAIXA TAKEAWAY NATURAL KRAFT COM TAMPA PET 2100ML - Copopalhinhas<\/title>\n<meta name=\"robots\" content=\"index, follow, max-snippet:-1, max-image-preview:large, max-video-preview:-1\" \/>\n<link rel=\"canonical\" href=\"https:\/\/dev4copopalhinhas.devdg.pt\/es\/producto\/caixa-takeaway-natural-kraft-com-tampa-pet-2100ml\/\" \/>\n<meta property=\"og:locale\" content=\"es_ES\" \/>\n<meta property=\"og:type\" content=\"article\" \/>\n<meta property=\"og:title\" content=\"CAIXA TAKEAWAY NATURAL KRAFT COM TAMPA PET 2100ML\" \/>\n<meta property=\"og:description\" content=\"Caixa\u00a0em papel kraft para transporte de alimentos takeaway\/delivery com tampa em PET e capacidade de 2100ml N\u00e3o apto para o forno nem para microondas, recicl\u00e1vel, resistente a \u00f3leos e gordura\" \/>\n<meta property=\"og:url\" content=\"https:\/\/dev4copopalhinhas.devdg.pt\/es\/producto\/caixa-takeaway-natural-kraft-com-tampa-pet-2100ml\/\" \/>\n<meta property=\"og:site_name\" content=\"Copopalhinhas\" \/>\n<meta property=\"article:publisher\" content=\"https:\/\/www.facebook.com\/copopalhinhas\" \/>\n<meta property=\"article:modified_time\" content=\"2025-09-27T16:05:13+00:00\" \/>\n<meta property=\"og:image\" content=\"https:\/\/copopalhinhas.b-cdn.net\/wp-content\/uploads\/HOS227.00-caixa-natural-kraft-com-tampa-pet-2100ml-e1730288950471.png\" \/>\n\t<meta property=\"og:image:width\" content=\"497\" \/>\n\t<meta property=\"og:image:height\" content=\"497\" \/>\n\t<meta property=\"og:image:type\" content=\"image\/png\" \/>\n<meta name=\"twitter:card\" content=\"summary_large_image\" \/>\n<meta name=\"twitter:site\" content=\"@copopalhinhas\" \/>\n<script type=\"application\/ld+json\" class=\"yoast-schema-graph\">{\"@context\":\"https:\/\/schema.org\",\"@graph\":[{\"@type\":\"WebPage\",\"@id\":\"https:\/\/dev4copopalhinhas.devdg.pt\/produto\/caixa-takeaway-natural-kraft-com-tampa-pet-2100ml\/\",\"url\":\"https:\/\/dev4copopalhinhas.devdg.pt\/produto\/caixa-takeaway-natural-kraft-com-tampa-pet-2100ml\/\",\"name\":\"CAIXA TAKEAWAY NATURAL KRAFT COM TAMPA PET 2100ML - Copopalhinhas\",\"isPartOf\":{\"@id\":\"https:\/\/dev4copopalhinhas.devdg.pt\/#website\"},\"primaryImageOfPage\":{\"@id\":\"https:\/\/dev4copopalhinhas.devdg.pt\/produto\/caixa-takeaway-natural-kraft-com-tampa-pet-2100ml\/#primaryimage\"},\"image\":{\"@id\":\"https:\/\/dev4copopalhinhas.devdg.pt\/produto\/caixa-takeaway-natural-kraft-com-tampa-pet-2100ml\/#primaryimage\"},\"thumbnailUrl\":\"https:\/\/dev4copopalhinhas.devdg.pt\/wp-content\/uploads\/HOS227.00-caixa-natural-kraft-com-tampa-pet-2100ml-e1730288950471.png\",\"datePublished\":\"2022-06-22T13:47:29+00:00\",\"dateModified\":\"2025-09-27T16:05:13+00:00\",\"breadcrumb\":{\"@id\":\"https:\/\/dev4copopalhinhas.devdg.pt\/produto\/caixa-takeaway-natural-kraft-com-tampa-pet-2100ml\/#breadcrumb\"},\"inLanguage\":\"es\",\"potentialAction\":[{\"@type\":\"ReadAction\",\"target\":[\"https:\/\/dev4copopalhinhas.devdg.pt\/produto\/caixa-takeaway-natural-kraft-com-tampa-pet-2100ml\/\"]}]},{\"@type\":\"ImageObject\",\"inLanguage\":\"es\",\"@id\":\"https:\/\/dev4copopalhinhas.devdg.pt\/produto\/caixa-takeaway-natural-kraft-com-tampa-pet-2100ml\/#primaryimage\",\"url\":\"https:\/\/dev4copopalhinhas.devdg.pt\/wp-content\/uploads\/HOS227.00-caixa-natural-kraft-com-tampa-pet-2100ml-e1730288950471.png\",\"contentUrl\":\"https:\/\/dev4copopalhinhas.devdg.pt\/wp-content\/uploads\/HOS227.00-caixa-natural-kraft-com-tampa-pet-2100ml-e1730288950471.png\",\"width\":497,\"height\":497},{\"@type\":\"BreadcrumbList\",\"@id\":\"https:\/\/dev4copopalhinhas.devdg.pt\/produto\/caixa-takeaway-natural-kraft-com-tampa-pet-2100ml\/#breadcrumb\",\"itemListElement\":[{\"@type\":\"ListItem\",\"position\":1,\"name\":\"In\u00edcio\",\"item\":\"https:\/\/dev4copopalhinhas.devdg.pt\/\"},{\"@type\":\"ListItem\",\"position\":2,\"name\":\"Loja\",\"item\":\"https:\/\/dev4copopalhinhas.devdg.pt\/loja\/\"},{\"@type\":\"ListItem\",\"position\":3,\"name\":\"CAIXA TAKEAWAY NATURAL KRAFT COM TAMPA PET 2100ML\"}]},{\"@type\":\"WebSite\",\"@id\":\"https:\/\/dev4copopalhinhas.devdg.pt\/#website\",\"url\":\"https:\/\/dev4copopalhinhas.devdg.pt\/\",\"name\":\"Copopalhinhas\",\"description\":\"Os Melhores Pre\u00e7os\",\"publisher\":{\"@id\":\"https:\/\/dev4copopalhinhas.devdg.pt\/#organization\"},\"potentialAction\":[{\"@type\":\"SearchAction\",\"target\":{\"@type\":\"EntryPoint\",\"urlTemplate\":\"https:\/\/dev4copopalhinhas.devdg.pt\/?s={search_term_string}\"},\"query-input\":{\"@type\":\"PropertyValueSpecification\",\"valueRequired\":true,\"valueName\":\"search_term_string\"}}],\"inLanguage\":\"es\"},{\"@type\":\"Organization\",\"@id\":\"https:\/\/dev4copopalhinhas.devdg.pt\/#organization\",\"name\":\"Copopalhinhas\",\"url\":\"https:\/\/dev4copopalhinhas.devdg.pt\/\",\"logo\":{\"@type\":\"ImageObject\",\"inLanguage\":\"es\",\"@id\":\"https:\/\/dev4copopalhinhas.devdg.pt\/#\/schema\/logo\/image\/\",\"url\":\"https:\/\/dev4copopalhinhas.devdg.pt\/wp-content\/uploads\/2022\/05\/COPOPALHINHASlogo.png\",\"contentUrl\":\"https:\/\/dev4copopalhinhas.devdg.pt\/wp-content\/uploads\/2022\/05\/COPOPALHINHASlogo.png\",\"width\":1200,\"height\":323,\"caption\":\"Copopalhinhas\"},\"image\":{\"@id\":\"https:\/\/dev4copopalhinhas.devdg.pt\/#\/schema\/logo\/image\/\"},\"sameAs\":[\"https:\/\/www.facebook.com\/copopalhinhas\",\"https:\/\/x.com\/copopalhinhas\",\"https:\/\/copopalhinhas.blogspot.pt\/\"]}]}<\/script>\n<!-- \/ Yoast SEO Premium plugin. -->","yoast_head_json":{"title":"CAIXA TAKEAWAY NATURAL KRAFT COM TAMPA PET 2100ML - Copopalhinhas","robots":{"index":"index","follow":"follow","max-snippet":"max-snippet:-1","max-image-preview":"max-image-preview:large","max-video-preview":"max-video-preview:-1"},"canonical":"https:\/\/dev4copopalhinhas.devdg.pt\/es\/producto\/caixa-takeaway-natural-kraft-com-tampa-pet-2100ml\/","og_locale":"es_ES","og_type":"article","og_title":"CAIXA TAKEAWAY NATURAL KRAFT COM TAMPA PET 2100ML","og_description":"Caixa\u00a0em papel kraft para transporte de alimentos takeaway\/delivery com tampa em PET e capacidade de 2100ml N\u00e3o apto para o forno nem para microondas, recicl\u00e1vel, resistente a \u00f3leos e gordura","og_url":"https:\/\/dev4copopalhinhas.devdg.pt\/es\/producto\/caixa-takeaway-natural-kraft-com-tampa-pet-2100ml\/","og_site_name":"Copopalhinhas","article_publisher":"https:\/\/www.facebook.com\/copopalhinhas","article_modified_time":"2025-09-27T16:05:13+00:00","og_image":[{"width":497,"height":497,"url":"https:\/\/copopalhinhas.b-cdn.net\/wp-content\/uploads\/HOS227.00-caixa-natural-kraft-com-tampa-pet-2100ml-e1730288950471.png","type":"image\/png"}],"twitter_card":"summary_large_image","twitter_site":"@copopalhinhas","schema":{"@context":"https:\/\/schema.org","@graph":[{"@type":"WebPage","@id":"https:\/\/dev4copopalhinhas.devdg.pt\/produto\/caixa-takeaway-natural-kraft-com-tampa-pet-2100ml\/","url":"https:\/\/dev4copopalhinhas.devdg.pt\/produto\/caixa-takeaway-natural-kraft-com-tampa-pet-2100ml\/","name":"CAIXA TAKEAWAY NATURAL KRAFT COM TAMPA PET 2100ML - Copopalhinhas","isPartOf":{"@id":"https:\/\/dev4copopalhinhas.devdg.pt\/#website"},"primaryImageOfPage":{"@id":"https:\/\/dev4copopalhinhas.devdg.pt\/produto\/caixa-takeaway-natural-kraft-com-tampa-pet-2100ml\/#primaryimage"},"image":{"@id":"https:\/\/dev4copopalhinhas.devdg.pt\/produto\/caixa-takeaway-natural-kraft-com-tampa-pet-2100ml\/#primaryimage"},"thumbnailUrl":"https:\/\/dev4copopalhinhas.devdg.pt\/wp-content\/uploads\/HOS227.00-caixa-natural-kraft-com-tampa-pet-2100ml-e1730288950471.png","datePublished":"2022-06-22T13:47:29+00:00","dateModified":"2025-09-27T16:05:13+00:00","breadcrumb":{"@id":"https:\/\/dev4copopalhinhas.devdg.pt\/produto\/caixa-takeaway-natural-kraft-com-tampa-pet-2100ml\/#breadcrumb"},"inLanguage":"es","potentialAction":[{"@type":"ReadAction","target":["https:\/\/dev4copopalhinhas.devdg.pt\/produto\/caixa-takeaway-natural-kraft-com-tampa-pet-2100ml\/"]}]},{"@type":"ImageObject","inLanguage":"es","@id":"https:\/\/dev4copopalhinhas.devdg.pt\/produto\/caixa-takeaway-natural-kraft-com-tampa-pet-2100ml\/#primaryimage","url":"https:\/\/dev4copopalhinhas.devdg.pt\/wp-content\/uploads\/HOS227.00-caixa-natural-kraft-com-tampa-pet-2100ml-e1730288950471.png","contentUrl":"https:\/\/dev4copopalhinhas.devdg.pt\/wp-content\/uploads\/HOS227.00-caixa-natural-kraft-com-tampa-pet-2100ml-e1730288950471.png","width":497,"height":497},{"@type":"BreadcrumbList","@id":"https:\/\/dev4copopalhinhas.devdg.pt\/produto\/caixa-takeaway-natural-kraft-com-tampa-pet-2100ml\/#breadcrumb","itemListElement":[{"@type":"ListItem","position":1,"name":"In\u00edcio","item":"https:\/\/dev4copopalhinhas.devdg.pt\/"},{"@type":"ListItem","position":2,"name":"Loja","item":"https:\/\/dev4copopalhinhas.devdg.pt\/loja\/"},{"@type":"ListItem","position":3,"name":"CAIXA TAKEAWAY NATURAL KRAFT COM TAMPA PET 2100ML"}]},{"@type":"WebSite","@id":"https:\/\/dev4copopalhinhas.devdg.pt\/#website","url":"https:\/\/dev4copopalhinhas.devdg.pt\/","name":"Pajitas para vasos","description":"Os Melhores Pre\u00e7os","publisher":{"@id":"https:\/\/dev4copopalhinhas.devdg.pt\/#organization"},"potentialAction":[{"@type":"SearchAction","target":{"@type":"EntryPoint","urlTemplate":"https:\/\/dev4copopalhinhas.devdg.pt\/?s={search_term_string}"},"query-input":{"@type":"PropertyValueSpecification","valueRequired":true,"valueName":"search_term_string"}}],"inLanguage":"es"},{"@type":"Organization","@id":"https:\/\/dev4copopalhinhas.devdg.pt\/#organization","name":"Pajitas para vasos","url":"https:\/\/dev4copopalhinhas.devdg.pt\/","logo":{"@type":"ImageObject","inLanguage":"es","@id":"https:\/\/dev4copopalhinhas.devdg.pt\/#\/schema\/logo\/image\/","url":"https:\/\/dev4copopalhinhas.devdg.pt\/wp-content\/uploads\/2022\/05\/COPOPALHINHASlogo.png","contentUrl":"https:\/\/dev4copopalhinhas.devdg.pt\/wp-content\/uploads\/2022\/05\/COPOPALHINHASlogo.png","width":1200,"height":323,"caption":"Copopalhinhas"},"image":{"@id":"https:\/\/dev4copopalhinhas.devdg.pt\/#\/schema\/logo\/image\/"},"sameAs":["https:\/\/www.facebook.com\/copopalhinhas","https:\/\/x.com\/copopalhinhas","https:\/\/copopalhinhas.blogspot.pt\/"]}]}},"_links":{"self":[{"href":"https:\/\/dev4copopalhinhas.devdg.pt\/es\/wp-json\/wp\/v2\/product\/11792","targetHints":{"allow":["GET"]}}],"collection":[{"href":"https:\/\/dev4copopalhinhas.devdg.pt\/es\/wp-json\/wp\/v2\/product"}],"about":[{"href":"https:\/\/dev4copopalhinhas.devdg.pt\/es\/wp-json\/wp\/v2\/types\/product"}],"replies":[{"embeddable":true,"href":"https:\/\/dev4copopalhinhas.devdg.pt\/es\/wp-json\/wp\/v2\/comments?post=11792"}],"wp:featuredmedia":[{"embeddable":true,"href":"https:\/\/dev4copopalhinhas.devdg.pt\/es\/wp-json\/wp\/v2\/media\/34169"}],"wp:attachment":[{"href":"https:\/\/dev4copopalhinhas.devdg.pt\/es\/wp-json\/wp\/v2\/media?parent=11792"}],"wp:term":[{"taxonomy":"product_cat","embeddable":true,"href":"https:\/\/dev4copopalhinhas.devdg.pt\/es\/wp-json\/wp\/v2\/product_cat?post=11792"},{"taxonomy":"product_tag","embeddable":true,"href":"https:\/\/dev4copopalhinhas.devdg.pt\/es\/wp-json\/wp\/v2\/product_tag?post=11792"}],"curies":[{"name":"wp","href":"https:\/\/api.w.org\/{rel}","templated":true}]}}