{"id":11853,"date":"2022-06-22T14:47:44","date_gmt":"2022-06-22T13:47:44","guid":{"rendered":"https:\/\/dev4copopalhinhas.devdg.pt\/produto\/pote-sopa-branco-take-away-pp-com-tampa-pp-50cl\/"},"modified":"2025-10-20T11:46:55","modified_gmt":"2025-10-20T10:46:55","slug":"pote-sopa-branco-take-away-pp-com-tampa-pp-50cl","status":"publish","type":"product","link":"https:\/\/dev4copopalhinhas.devdg.pt\/es\/producto\/pote-sopa-branco-take-away-pp-com-tampa-pp-50cl\/","title":{"rendered":"OLLA DE PP BLANCA CON TAPA PARA SOPA 50CL (500ML)"},"content":{"rendered":"<p>Pote em PP Branco com Tampa para Sopa 50cl (500ml) para oferecer uma solu\u00e7\u00e3o pr\u00e1tica e t\u00e9rmica para servir sopas de qualidade em seu estabelecimento<\/p>\n<ul>\n<li>Material em Polipropileno (PP): Fabricado em PP branco, o pote oferece resist\u00eancia e durabilidade, sendo seguro para o contacto com alimentos quentes.<\/li>\n<li>Capacidade de 50cl (500ml): Com uma capacidade significativa, o pote \u00e9 ideal para por\u00e7\u00f5es individuais ou compartilhadas de sopas e outros pratos quentes.<\/li>\n<li>Tampa Inclusa: A tampa complementa o pote, proporcionando veda\u00e7\u00e3o segura para preservar a temperatura e a frescura dos alimentos durante o transporte.<\/li>\n<li>Versatilidade de Uso: Adequado para restaurantes, eventos e qualquer situa\u00e7\u00e3o em que seja necess\u00e1rio servir sopas de forma pr\u00e1tica.<\/li>\n<li>Superf\u00edcie Neutra: A superf\u00edcie do PP branco oferece espa\u00e7o para personaliza\u00e7\u00e3o com etiquetas, carimbos ou r\u00f3tulos, permitindo uma identidade visual \u00fanica.<\/li>\n<li>Durabilidade T\u00e9rmica: O material do pote em PP ajuda a manter a temperatura dos alimentos, garantindo que as sopas sejam servidas quentes e saborosas.<\/li>\n<li>Reutiliz\u00e1vel em condi\u00e7\u00f5es normais.<\/li>\n<li>Adequado para lavar e enxaguar a uma temperatura m\u00e1xima de 40\u00b0C.<\/li>\n<li>Este produto \u00e9 adequado para qualquer contacto com alimentos em condi\u00e7\u00f5es de refrigera\u00e7\u00e3o.<\/li>\n<li>Armazenamento em temperatura ambiente ou inferior (m\u00ednimo 3\u00b0C).<\/li>\n<\/ul>\n<p><img decoding=\"async\" src=\"https:\/\/dev4copopalhinhas.devdg.pt\/wp-content\/uploads\/Icons_alimentos.png\" alt=\"\" width=\"30\" height=\"30\" \/>\u00a0<img decoding=\"async\" src=\"https:\/\/dev4copopalhinhas.devdg.pt\/wp-content\/uploads\/Icon_DESCARTAVEL.png\" alt=\"\" width=\"30\" height=\"30\" \/>\u00a0<img decoding=\"async\" src=\"https:\/\/dev4copopalhinhas.devdg.pt\/wp-content\/uploads\/Icon_reciclaveis.png\" alt=\"\" width=\"30\" height=\"30\" \/><\/p>","protected":false},"excerpt":{"rendered":"<p>Pote em Polipropileno (PP) Branco com Tampa, projetado para sopas, com uma generosa capacidade de 50cl (500ml). Este pote \u00e9 uma escolha pr\u00e1tica e eficiente para servir sopas, caldos e outras refei\u00e7\u00f5es quentes, proporcionando conveni\u00eancia e mantendo a qualidade dos alimentos.<\/p>\n<p><img decoding=\"async\" src=\"https:\/\/dev4copopalhinhas.devdg.pt\/wp-content\/uploads\/Icons_alimentos.png\" alt=\"\" width=\"30\" height=\"30\" \/>\u00a0<img decoding=\"async\" src=\"https:\/\/dev4copopalhinhas.devdg.pt\/wp-content\/uploads\/Icon_DESCARTAVEL.png\" alt=\"\" width=\"30\" height=\"30\" \/>\u00a0<img decoding=\"async\" src=\"https:\/\/dev4copopalhinhas.devdg.pt\/wp-content\/uploads\/Icon_reciclaveis.png\" alt=\"\" width=\"30\" height=\"30\" \/><\/p>","protected":false},"featured_media":30235,"comment_status":"open","ping_status":"closed","template":"","meta":{"_acf_changed":false},"product_cat":[2010,2047,2004,1719,1455,1511,1432,1492,1498,1426,1397],"product_tag":[1608,1586,1852,1568],"class_list":{"0":"post-11853","1":"product","2":"type-product","3":"status-publish","4":"has-post-thumbnail","6":"product_cat-embalagens-descartaveis","7":"product_cat-embalagens-pp-ps-rpet","8":"product_cat-embalagens-reutilizaveis","9":"product_cat-branco","10":"product_cat-41-50cl","11":"product_cat-reutilizaveis-caracteristica","12":"product_cat-materia-prima-pp","13":"product_cat-potes","14":"product_cat-sopa","15":"product_cat-embalagens-potes","16":"product_cat-embalagens","17":"product_tag-sub-menu-emalagens-pp-ps-pet","18":"product_tag-sub-menu-embalagens-reutilizaveis","19":"product_tag-embalagens-homepage","20":"product_tag-menu-reutilizaveis","21":"pa_qtd-por-caixa-1273","22":"pa_qtd-por-caixa-1287","23":"tm-no-options","25":"first","26":"instock","27":"taxable","28":"shipping-taxable","29":"purchasable","30":"product-type-variable"},"acf":[],"yoast_head":"<!-- This site is optimized with the Yoast SEO Premium plugin v23.9 (Yoast SEO v23.9) - https:\/\/yoast.com\/wordpress\/plugins\/seo\/ -->\n<title>POTE EM PP BRANCO COM TAMPA PARA SOPA 50CL (500ML) - Copopalhinhas<\/title>\n<meta name=\"robots\" content=\"index, follow, max-snippet:-1, max-image-preview:large, max-video-preview:-1\" \/>\n<link rel=\"canonical\" href=\"https:\/\/dev4copopalhinhas.devdg.pt\/es\/producto\/pote-sopa-branco-take-away-pp-com-tampa-pp-50cl\/\" \/>\n<meta property=\"og:locale\" content=\"es_ES\" \/>\n<meta property=\"og:type\" content=\"article\" \/>\n<meta property=\"og:title\" content=\"POTE EM PP BRANCO COM TAMPA PARA SOPA 50CL (500ML)\" \/>\n<meta property=\"og:description\" content=\"Pote em Polipropileno (PP) Branco com Tampa, projetado para sopas, com uma generosa capacidade de 50cl (500ml). Este pote \u00e9 uma escolha pr\u00e1tica e eficiente para servir sopas, caldos e outras refei\u00e7\u00f5es quentes, proporcionando conveni\u00eancia e mantendo a qualidade dos alimentos. \u00a0\u00a0\" \/>\n<meta property=\"og:url\" content=\"https:\/\/dev4copopalhinhas.devdg.pt\/es\/producto\/pote-sopa-branco-take-away-pp-com-tampa-pp-50cl\/\" \/>\n<meta property=\"og:site_name\" content=\"Copopalhinhas\" \/>\n<meta property=\"article:publisher\" content=\"https:\/\/www.facebook.com\/copopalhinhas\" \/>\n<meta property=\"article:modified_time\" content=\"2025-10-20T10:46:55+00:00\" \/>\n<meta property=\"og:image\" content=\"https:\/\/copopalhinhas.b-cdn.net\/wp-content\/uploads\/C003-3B-500BRPP-pote-sopa-branco-500ml-Copopalhinhas-web-1.png\" \/>\n\t<meta property=\"og:image:width\" content=\"1000\" \/>\n\t<meta property=\"og:image:height\" content=\"1000\" \/>\n\t<meta property=\"og:image:type\" content=\"image\/png\" \/>\n<meta name=\"twitter:card\" content=\"summary_large_image\" \/>\n<meta name=\"twitter:site\" content=\"@copopalhinhas\" \/>\n<script type=\"application\/ld+json\" class=\"yoast-schema-graph\">{\"@context\":\"https:\/\/schema.org\",\"@graph\":[{\"@type\":\"WebPage\",\"@id\":\"https:\/\/dev4copopalhinhas.devdg.pt\/produto\/pote-sopa-branco-take-away-pp-com-tampa-pp-50cl\/\",\"url\":\"https:\/\/dev4copopalhinhas.devdg.pt\/produto\/pote-sopa-branco-take-away-pp-com-tampa-pp-50cl\/\",\"name\":\"POTE EM PP BRANCO COM TAMPA PARA SOPA 50CL (500ML) - Copopalhinhas\",\"isPartOf\":{\"@id\":\"https:\/\/dev4copopalhinhas.devdg.pt\/#website\"},\"primaryImageOfPage\":{\"@id\":\"https:\/\/dev4copopalhinhas.devdg.pt\/produto\/pote-sopa-branco-take-away-pp-com-tampa-pp-50cl\/#primaryimage\"},\"image\":{\"@id\":\"https:\/\/dev4copopalhinhas.devdg.pt\/produto\/pote-sopa-branco-take-away-pp-com-tampa-pp-50cl\/#primaryimage\"},\"thumbnailUrl\":\"https:\/\/dev4copopalhinhas.devdg.pt\/wp-content\/uploads\/C003-3B-500BRPP-pote-sopa-branco-500ml-Copopalhinhas-web-1.png\",\"datePublished\":\"2022-06-22T13:47:44+00:00\",\"dateModified\":\"2025-10-20T10:46:55+00:00\",\"breadcrumb\":{\"@id\":\"https:\/\/dev4copopalhinhas.devdg.pt\/produto\/pote-sopa-branco-take-away-pp-com-tampa-pp-50cl\/#breadcrumb\"},\"inLanguage\":\"es\",\"potentialAction\":[{\"@type\":\"ReadAction\",\"target\":[\"https:\/\/dev4copopalhinhas.devdg.pt\/produto\/pote-sopa-branco-take-away-pp-com-tampa-pp-50cl\/\"]}]},{\"@type\":\"ImageObject\",\"inLanguage\":\"es\",\"@id\":\"https:\/\/dev4copopalhinhas.devdg.pt\/produto\/pote-sopa-branco-take-away-pp-com-tampa-pp-50cl\/#primaryimage\",\"url\":\"https:\/\/dev4copopalhinhas.devdg.pt\/wp-content\/uploads\/C003-3B-500BRPP-pote-sopa-branco-500ml-Copopalhinhas-web-1.png\",\"contentUrl\":\"https:\/\/dev4copopalhinhas.devdg.pt\/wp-content\/uploads\/C003-3B-500BRPP-pote-sopa-branco-500ml-Copopalhinhas-web-1.png\",\"width\":1000,\"height\":1000,\"caption\":\"C003-3B-500BRPP-pote-sopa-branco-500ml-Copopalhinhas-web-1\"},{\"@type\":\"BreadcrumbList\",\"@id\":\"https:\/\/dev4copopalhinhas.devdg.pt\/produto\/pote-sopa-branco-take-away-pp-com-tampa-pp-50cl\/#breadcrumb\",\"itemListElement\":[{\"@type\":\"ListItem\",\"position\":1,\"name\":\"In\u00edcio\",\"item\":\"https:\/\/dev4copopalhinhas.devdg.pt\/\"},{\"@type\":\"ListItem\",\"position\":2,\"name\":\"Loja\",\"item\":\"https:\/\/dev4copopalhinhas.devdg.pt\/loja\/\"},{\"@type\":\"ListItem\",\"position\":3,\"name\":\"POTE EM PP BRANCO COM TAMPA PARA SOPA 50CL (500ML)\"}]},{\"@type\":\"WebSite\",\"@id\":\"https:\/\/dev4copopalhinhas.devdg.pt\/#website\",\"url\":\"https:\/\/dev4copopalhinhas.devdg.pt\/\",\"name\":\"Copopalhinhas\",\"description\":\"Os Melhores Pre\u00e7os\",\"publisher\":{\"@id\":\"https:\/\/dev4copopalhinhas.devdg.pt\/#organization\"},\"potentialAction\":[{\"@type\":\"SearchAction\",\"target\":{\"@type\":\"EntryPoint\",\"urlTemplate\":\"https:\/\/dev4copopalhinhas.devdg.pt\/?s={search_term_string}\"},\"query-input\":{\"@type\":\"PropertyValueSpecification\",\"valueRequired\":true,\"valueName\":\"search_term_string\"}}],\"inLanguage\":\"es\"},{\"@type\":\"Organization\",\"@id\":\"https:\/\/dev4copopalhinhas.devdg.pt\/#organization\",\"name\":\"Copopalhinhas\",\"url\":\"https:\/\/dev4copopalhinhas.devdg.pt\/\",\"logo\":{\"@type\":\"ImageObject\",\"inLanguage\":\"es\",\"@id\":\"https:\/\/dev4copopalhinhas.devdg.pt\/#\/schema\/logo\/image\/\",\"url\":\"https:\/\/dev4copopalhinhas.devdg.pt\/wp-content\/uploads\/2022\/05\/COPOPALHINHASlogo.png\",\"contentUrl\":\"https:\/\/dev4copopalhinhas.devdg.pt\/wp-content\/uploads\/2022\/05\/COPOPALHINHASlogo.png\",\"width\":1200,\"height\":323,\"caption\":\"Copopalhinhas\"},\"image\":{\"@id\":\"https:\/\/dev4copopalhinhas.devdg.pt\/#\/schema\/logo\/image\/\"},\"sameAs\":[\"https:\/\/www.facebook.com\/copopalhinhas\",\"https:\/\/x.com\/copopalhinhas\",\"https:\/\/copopalhinhas.blogspot.pt\/\"]}]}<\/script>\n<!-- \/ Yoast SEO Premium plugin. -->","yoast_head_json":{"title":"POTE EM PP BRANCO COM TAMPA PARA SOPA 50CL (500ML) - Copopalhinhas","robots":{"index":"index","follow":"follow","max-snippet":"max-snippet:-1","max-image-preview":"max-image-preview:large","max-video-preview":"max-video-preview:-1"},"canonical":"https:\/\/dev4copopalhinhas.devdg.pt\/es\/producto\/pote-sopa-branco-take-away-pp-com-tampa-pp-50cl\/","og_locale":"es_ES","og_type":"article","og_title":"POTE EM PP BRANCO COM TAMPA PARA SOPA 50CL (500ML)","og_description":"Pote em Polipropileno (PP) Branco com Tampa, projetado para sopas, com uma generosa capacidade de 50cl (500ml). Este pote \u00e9 uma escolha pr\u00e1tica e eficiente para servir sopas, caldos e outras refei\u00e7\u00f5es quentes, proporcionando conveni\u00eancia e mantendo a qualidade dos alimentos. \u00a0\u00a0","og_url":"https:\/\/dev4copopalhinhas.devdg.pt\/es\/producto\/pote-sopa-branco-take-away-pp-com-tampa-pp-50cl\/","og_site_name":"Copopalhinhas","article_publisher":"https:\/\/www.facebook.com\/copopalhinhas","article_modified_time":"2025-10-20T10:46:55+00:00","og_image":[{"width":1000,"height":1000,"url":"https:\/\/copopalhinhas.b-cdn.net\/wp-content\/uploads\/C003-3B-500BRPP-pote-sopa-branco-500ml-Copopalhinhas-web-1.png","type":"image\/png"}],"twitter_card":"summary_large_image","twitter_site":"@copopalhinhas","schema":{"@context":"https:\/\/schema.org","@graph":[{"@type":"WebPage","@id":"https:\/\/dev4copopalhinhas.devdg.pt\/produto\/pote-sopa-branco-take-away-pp-com-tampa-pp-50cl\/","url":"https:\/\/dev4copopalhinhas.devdg.pt\/produto\/pote-sopa-branco-take-away-pp-com-tampa-pp-50cl\/","name":"POTE EM PP BRANCO COM TAMPA PARA SOPA 50CL (500ML) - Copopalhinhas","isPartOf":{"@id":"https:\/\/dev4copopalhinhas.devdg.pt\/#website"},"primaryImageOfPage":{"@id":"https:\/\/dev4copopalhinhas.devdg.pt\/produto\/pote-sopa-branco-take-away-pp-com-tampa-pp-50cl\/#primaryimage"},"image":{"@id":"https:\/\/dev4copopalhinhas.devdg.pt\/produto\/pote-sopa-branco-take-away-pp-com-tampa-pp-50cl\/#primaryimage"},"thumbnailUrl":"https:\/\/dev4copopalhinhas.devdg.pt\/wp-content\/uploads\/C003-3B-500BRPP-pote-sopa-branco-500ml-Copopalhinhas-web-1.png","datePublished":"2022-06-22T13:47:44+00:00","dateModified":"2025-10-20T10:46:55+00:00","breadcrumb":{"@id":"https:\/\/dev4copopalhinhas.devdg.pt\/produto\/pote-sopa-branco-take-away-pp-com-tampa-pp-50cl\/#breadcrumb"},"inLanguage":"es","potentialAction":[{"@type":"ReadAction","target":["https:\/\/dev4copopalhinhas.devdg.pt\/produto\/pote-sopa-branco-take-away-pp-com-tampa-pp-50cl\/"]}]},{"@type":"ImageObject","inLanguage":"es","@id":"https:\/\/dev4copopalhinhas.devdg.pt\/produto\/pote-sopa-branco-take-away-pp-com-tampa-pp-50cl\/#primaryimage","url":"https:\/\/dev4copopalhinhas.devdg.pt\/wp-content\/uploads\/C003-3B-500BRPP-pote-sopa-branco-500ml-Copopalhinhas-web-1.png","contentUrl":"https:\/\/dev4copopalhinhas.devdg.pt\/wp-content\/uploads\/C003-3B-500BRPP-pote-sopa-branco-500ml-Copopalhinhas-web-1.png","width":1000,"height":1000,"caption":"C003-3B-500BRPP-pote-sopa-branco-500ml-Copopalhinhas-web-1"},{"@type":"BreadcrumbList","@id":"https:\/\/dev4copopalhinhas.devdg.pt\/produto\/pote-sopa-branco-take-away-pp-com-tampa-pp-50cl\/#breadcrumb","itemListElement":[{"@type":"ListItem","position":1,"name":"In\u00edcio","item":"https:\/\/dev4copopalhinhas.devdg.pt\/"},{"@type":"ListItem","position":2,"name":"Loja","item":"https:\/\/dev4copopalhinhas.devdg.pt\/loja\/"},{"@type":"ListItem","position":3,"name":"POTE EM PP BRANCO COM TAMPA PARA SOPA 50CL (500ML)"}]},{"@type":"WebSite","@id":"https:\/\/dev4copopalhinhas.devdg.pt\/#website","url":"https:\/\/dev4copopalhinhas.devdg.pt\/","name":"Pajitas para vasos","description":"Os Melhores Pre\u00e7os","publisher":{"@id":"https:\/\/dev4copopalhinhas.devdg.pt\/#organization"},"potentialAction":[{"@type":"SearchAction","target":{"@type":"EntryPoint","urlTemplate":"https:\/\/dev4copopalhinhas.devdg.pt\/?s={search_term_string}"},"query-input":{"@type":"PropertyValueSpecification","valueRequired":true,"valueName":"search_term_string"}}],"inLanguage":"es"},{"@type":"Organization","@id":"https:\/\/dev4copopalhinhas.devdg.pt\/#organization","name":"Pajitas para vasos","url":"https:\/\/dev4copopalhinhas.devdg.pt\/","logo":{"@type":"ImageObject","inLanguage":"es","@id":"https:\/\/dev4copopalhinhas.devdg.pt\/#\/schema\/logo\/image\/","url":"https:\/\/dev4copopalhinhas.devdg.pt\/wp-content\/uploads\/2022\/05\/COPOPALHINHASlogo.png","contentUrl":"https:\/\/dev4copopalhinhas.devdg.pt\/wp-content\/uploads\/2022\/05\/COPOPALHINHASlogo.png","width":1200,"height":323,"caption":"Copopalhinhas"},"image":{"@id":"https:\/\/dev4copopalhinhas.devdg.pt\/#\/schema\/logo\/image\/"},"sameAs":["https:\/\/www.facebook.com\/copopalhinhas","https:\/\/x.com\/copopalhinhas","https:\/\/copopalhinhas.blogspot.pt\/"]}]}},"_links":{"self":[{"href":"https:\/\/dev4copopalhinhas.devdg.pt\/es\/wp-json\/wp\/v2\/product\/11853","targetHints":{"allow":["GET"]}}],"collection":[{"href":"https:\/\/dev4copopalhinhas.devdg.pt\/es\/wp-json\/wp\/v2\/product"}],"about":[{"href":"https:\/\/dev4copopalhinhas.devdg.pt\/es\/wp-json\/wp\/v2\/types\/product"}],"replies":[{"embeddable":true,"href":"https:\/\/dev4copopalhinhas.devdg.pt\/es\/wp-json\/wp\/v2\/comments?post=11853"}],"wp:featuredmedia":[{"embeddable":true,"href":"https:\/\/dev4copopalhinhas.devdg.pt\/es\/wp-json\/wp\/v2\/media\/30235"}],"wp:attachment":[{"href":"https:\/\/dev4copopalhinhas.devdg.pt\/es\/wp-json\/wp\/v2\/media?parent=11853"}],"wp:term":[{"taxonomy":"product_cat","embeddable":true,"href":"https:\/\/dev4copopalhinhas.devdg.pt\/es\/wp-json\/wp\/v2\/product_cat?post=11853"},{"taxonomy":"product_tag","embeddable":true,"href":"https:\/\/dev4copopalhinhas.devdg.pt\/es\/wp-json\/wp\/v2\/product_tag?post=11853"}],"curies":[{"name":"wp","href":"https:\/\/api.w.org\/{rel}","templated":true}]}}