{"id":11940,"date":"2022-07-25T16:13:39","date_gmt":"2022-07-25T15:13:39","guid":{"rendered":"https:\/\/dev4copopalhinhas.devdg.pt\/produto\/saladeira-kraft-1400ml-c-tampa-pp\/"},"modified":"2025-09-24T21:29:09","modified_gmt":"2025-09-24T20:29:09","slug":"saladeira-kraft-1400ml-c-tampa-pp","status":"publish","type":"product","link":"https:\/\/dev4copopalhinhas.devdg.pt\/es\/producto\/saladeira-kraft-1400ml-c-tampa-pp\/","title":{"rendered":"ENSALADERA KRAFT CON TAPA PP 1.4L (1400ML)"},"content":{"rendered":"<p>Saladeira em Kraft com Tampa em PP 1,4L (1400ml) solu\u00e7\u00e3o pr\u00e1tica, sustent\u00e1vel e estilizada para quem busca refei\u00e7\u00f5es frescas e saud\u00e1veis em movimento.<\/p>\n<ul>\n<li>Material Sustent\u00e1vel: Fabricada em kraft, a saladeira destaca-se por sua est\u00e9tica natural e \u00e9 uma escolha eco-friendly, alinhada com pr\u00e1ticas sustent\u00e1veis. A tampa em PP (polipropileno) \u00e9 uma op\u00e7\u00e3o recicl\u00e1vel.<\/li>\n<li>Capacidade Generosa: Com uma capacidade de 1,4L (1400ml), a saladeira \u00e9 espa\u00e7osa o suficiente para acomodar por\u00e7\u00f5es generosas, tornando-a ideal para saladas individuais ou compartilhadas.<\/li>\n<li>Tampa para Conserva\u00e7\u00e3o: A tampa em PP oferece uma veda\u00e7\u00e3o segura, mantendo a integridade e a frescura da salada durante o transporte e armazenamento.<\/li>\n<li>Design Pr\u00e1tico: O design da saladeira \u00e9 pensado para facilitar o consumo on-the-go, proporcionando uma experi\u00eancia pr\u00e1tica para quem busca uma op\u00e7\u00e3o saud\u00e1vel e r\u00e1pida.<\/li>\n<li>Versatilidade de Uso: Al\u00e9m de saladas, a saladeira pode ser utilizada para servir uma variedade de pratos frescos, como wraps, frutas cortadas e outros alimentos de consumo r\u00e1pido.<\/li>\n<li>Resistente \u00e0 humidade e gordura.<\/li>\n<li>Multifuncional.<\/li>\n<li>Resist\u00eancia e rigidez.<\/li>\n<li>F\u00e1cil de manusear e transportar.<\/li>\n<li>Se puede meter en el congelador.<\/li>\n<li>N\u00e3o aconselh\u00e1vel utiliza\u00e7\u00e3o de micro-ondas.<\/li>\n<\/ul>\n<p>Certificados:<\/p>\n<ul>\n<li><strong>Para alimentar<\/strong>: Este produto est\u00e1 apto para utiliza\u00e7\u00e3o hoteleira e dom\u00e9stica, apresenta os requisitos normativos para que a lou\u00e7a entre em contacto com os alimentos.<\/li>\n<\/ul>\n<p><img decoding=\"async\" src=\"https:\/\/dev4copopalhinhas.devdg.pt\/wp-content\/uploads\/Icon_DESCARTAVEL.png\" alt=\"\" width=\"30\" height=\"30\" \/> <strong>Descart\u00e1vel<\/strong><\/p>\n<p><img decoding=\"async\" src=\"https:\/\/dev4copopalhinhas.devdg.pt\/wp-content\/uploads\/Icons_alimentos.png\" alt=\"\" width=\"30\" height=\"30\" \/> <strong>Alimento<\/strong>: Pr\u00f3prios para consumo alimentar<\/p>\n<p><img decoding=\"async\" src=\"https:\/\/dev4copopalhinhas.devdg.pt\/wp-content\/uploads\/Icon_reciclaveis.png\" alt=\"\" width=\"30\" height=\"30\" \/> <strong>Recicl\u00e1veis<\/strong>: Produtos que podem ser reciclados ou usados para recupera\u00e7\u00e3o energ\u00e9tica.<\/p>","protected":false},"excerpt":{"rendered":"<p>Saladeira em Kraft com Tampa em PP, solu\u00e7\u00e3o pr\u00e1tica e eco-friendly para saborear saladas frescas em qualquer lugar. Com uma capacidade de 1,4L (1400ml), esta saladeira \u00e9 projetada para preservar a frescura dos seus pratos enquanto oferece conveni\u00eancia no transporte.<\/p>\n<p><img decoding=\"async\" src=\"https:\/\/dev4copopalhinhas.devdg.pt\/wp-content\/uploads\/Icons_alimentos.png\" alt=\"\" width=\"30\" height=\"30\" \/> <img decoding=\"async\" src=\"https:\/\/dev4copopalhinhas.devdg.pt\/wp-content\/uploads\/Icon_DESCARTAVEL.png\" alt=\"\" width=\"30\" height=\"30\" \/> <img decoding=\"async\" src=\"https:\/\/dev4copopalhinhas.devdg.pt\/wp-content\/uploads\/Icon_reciclaveis.png\" alt=\"\" width=\"30\" height=\"30\" \/><\/p>","protected":false},"featured_media":29700,"comment_status":"open","ping_status":"closed","template":"","meta":{"_acf_changed":false},"product_cat":[2046,2010,2249,1725,1512,1484,1508,1491,1427,1397],"product_tag":[1569,1607,1604],"class_list":{"0":"post-11940","1":"product","2":"type-product","3":"status-publish","4":"has-post-thumbnail","6":"product_cat-embalagens-cartao","7":"product_cat-embalagens-descartaveis","8":"product_cat-take-away","9":"product_cat-castanho","10":"product_cat-descartavel","11":"product_cat-cartao","12":"product_cat-kraft","13":"product_cat-saladeiras","14":"product_cat-embalangens-saladeiras","15":"product_cat-embalagens","16":"product_tag-menu-descartaveis","17":"product_tag-sub-menu-embalagens-cartao","18":"product_tag-sub-menu-embalagens-descartaveis","19":"pa_qtd-por-caixa-1273","20":"pa_qtd-por-caixa-1347","21":"tm-no-options","23":"first","24":"instock","25":"taxable","26":"shipping-taxable","27":"purchasable","28":"product-type-variable"},"acf":[],"yoast_head":"<!-- This site is optimized with the Yoast SEO Premium plugin v23.9 (Yoast SEO v23.9) - https:\/\/yoast.com\/wordpress\/plugins\/seo\/ -->\n<title>SALADEIRA EM KRAFT COM TAMPA EM PP 1,4L (1400ML) - Copopalhinhas<\/title>\n<meta name=\"robots\" content=\"index, follow, max-snippet:-1, max-image-preview:large, max-video-preview:-1\" \/>\n<link rel=\"canonical\" href=\"https:\/\/dev4copopalhinhas.devdg.pt\/es\/producto\/saladeira-kraft-1400ml-c-tampa-pp\/\" \/>\n<meta property=\"og:locale\" content=\"es_ES\" \/>\n<meta property=\"og:type\" content=\"article\" \/>\n<meta property=\"og:title\" content=\"SALADEIRA EM KRAFT COM TAMPA EM PP 1,4L (1400ML)\" \/>\n<meta property=\"og:description\" content=\"Saladeira em Kraft com Tampa em PP, solu\u00e7\u00e3o pr\u00e1tica e eco-friendly para saborear saladas frescas em qualquer lugar. Com uma capacidade de 1,4L (1400ml), esta saladeira \u00e9 projetada para preservar a frescura dos seus pratos enquanto oferece conveni\u00eancia no transporte.\" \/>\n<meta property=\"og:url\" content=\"https:\/\/dev4copopalhinhas.devdg.pt\/es\/producto\/saladeira-kraft-1400ml-c-tampa-pp\/\" \/>\n<meta property=\"og:site_name\" content=\"Copopalhinhas\" \/>\n<meta property=\"article:publisher\" content=\"https:\/\/www.facebook.com\/copopalhinhas\" \/>\n<meta property=\"article:modified_time\" content=\"2025-09-24T20:29:09+00:00\" \/>\n<meta property=\"og:image\" content=\"https:\/\/copopalhinhas.b-cdn.net\/wp-content\/uploads\/1534391400-SALADEIRA-KRAFT-COM-TAMPA-PP-14L-Copopalhinhas-web-1.png\" \/>\n\t<meta property=\"og:image:width\" content=\"1000\" \/>\n\t<meta property=\"og:image:height\" content=\"1000\" \/>\n\t<meta property=\"og:image:type\" content=\"image\/png\" \/>\n<meta name=\"twitter:card\" content=\"summary_large_image\" \/>\n<meta name=\"twitter:site\" content=\"@copopalhinhas\" \/>\n<script type=\"application\/ld+json\" class=\"yoast-schema-graph\">{\"@context\":\"https:\/\/schema.org\",\"@graph\":[{\"@type\":\"WebPage\",\"@id\":\"https:\/\/dev4copopalhinhas.devdg.pt\/produto\/saladeira-kraft-1400ml-c-tampa-pp\/\",\"url\":\"https:\/\/dev4copopalhinhas.devdg.pt\/produto\/saladeira-kraft-1400ml-c-tampa-pp\/\",\"name\":\"SALADEIRA EM KRAFT COM TAMPA EM PP 1,4L (1400ML) - Copopalhinhas\",\"isPartOf\":{\"@id\":\"https:\/\/dev4copopalhinhas.devdg.pt\/#website\"},\"primaryImageOfPage\":{\"@id\":\"https:\/\/dev4copopalhinhas.devdg.pt\/produto\/saladeira-kraft-1400ml-c-tampa-pp\/#primaryimage\"},\"image\":{\"@id\":\"https:\/\/dev4copopalhinhas.devdg.pt\/produto\/saladeira-kraft-1400ml-c-tampa-pp\/#primaryimage\"},\"thumbnailUrl\":\"https:\/\/dev4copopalhinhas.devdg.pt\/wp-content\/uploads\/1534391400-SALADEIRA-KRAFT-COM-TAMPA-PP-14L-Copopalhinhas-web-1.png\",\"datePublished\":\"2022-07-25T15:13:39+00:00\",\"dateModified\":\"2025-09-24T20:29:09+00:00\",\"breadcrumb\":{\"@id\":\"https:\/\/dev4copopalhinhas.devdg.pt\/produto\/saladeira-kraft-1400ml-c-tampa-pp\/#breadcrumb\"},\"inLanguage\":\"es\",\"potentialAction\":[{\"@type\":\"ReadAction\",\"target\":[\"https:\/\/dev4copopalhinhas.devdg.pt\/produto\/saladeira-kraft-1400ml-c-tampa-pp\/\"]}]},{\"@type\":\"ImageObject\",\"inLanguage\":\"es\",\"@id\":\"https:\/\/dev4copopalhinhas.devdg.pt\/produto\/saladeira-kraft-1400ml-c-tampa-pp\/#primaryimage\",\"url\":\"https:\/\/dev4copopalhinhas.devdg.pt\/wp-content\/uploads\/1534391400-SALADEIRA-KRAFT-COM-TAMPA-PP-14L-Copopalhinhas-web-1.png\",\"contentUrl\":\"https:\/\/dev4copopalhinhas.devdg.pt\/wp-content\/uploads\/1534391400-SALADEIRA-KRAFT-COM-TAMPA-PP-14L-Copopalhinhas-web-1.png\",\"width\":1000,\"height\":1000,\"caption\":\"1534391400-SALADEIRA-KRAFT-COM-TAMPA-PP-14L-Copopalhinhas-web-1\"},{\"@type\":\"BreadcrumbList\",\"@id\":\"https:\/\/dev4copopalhinhas.devdg.pt\/produto\/saladeira-kraft-1400ml-c-tampa-pp\/#breadcrumb\",\"itemListElement\":[{\"@type\":\"ListItem\",\"position\":1,\"name\":\"In\u00edcio\",\"item\":\"https:\/\/dev4copopalhinhas.devdg.pt\/\"},{\"@type\":\"ListItem\",\"position\":2,\"name\":\"Loja\",\"item\":\"https:\/\/dev4copopalhinhas.devdg.pt\/loja\/\"},{\"@type\":\"ListItem\",\"position\":3,\"name\":\"SALADEIRA EM KRAFT COM TAMPA EM PP 1,4L (1400ML)\"}]},{\"@type\":\"WebSite\",\"@id\":\"https:\/\/dev4copopalhinhas.devdg.pt\/#website\",\"url\":\"https:\/\/dev4copopalhinhas.devdg.pt\/\",\"name\":\"Copopalhinhas\",\"description\":\"Os Melhores Pre\u00e7os\",\"publisher\":{\"@id\":\"https:\/\/dev4copopalhinhas.devdg.pt\/#organization\"},\"potentialAction\":[{\"@type\":\"SearchAction\",\"target\":{\"@type\":\"EntryPoint\",\"urlTemplate\":\"https:\/\/dev4copopalhinhas.devdg.pt\/?s={search_term_string}\"},\"query-input\":{\"@type\":\"PropertyValueSpecification\",\"valueRequired\":true,\"valueName\":\"search_term_string\"}}],\"inLanguage\":\"es\"},{\"@type\":\"Organization\",\"@id\":\"https:\/\/dev4copopalhinhas.devdg.pt\/#organization\",\"name\":\"Copopalhinhas\",\"url\":\"https:\/\/dev4copopalhinhas.devdg.pt\/\",\"logo\":{\"@type\":\"ImageObject\",\"inLanguage\":\"es\",\"@id\":\"https:\/\/dev4copopalhinhas.devdg.pt\/#\/schema\/logo\/image\/\",\"url\":\"https:\/\/dev4copopalhinhas.devdg.pt\/wp-content\/uploads\/2022\/05\/COPOPALHINHASlogo.png\",\"contentUrl\":\"https:\/\/dev4copopalhinhas.devdg.pt\/wp-content\/uploads\/2022\/05\/COPOPALHINHASlogo.png\",\"width\":1200,\"height\":323,\"caption\":\"Copopalhinhas\"},\"image\":{\"@id\":\"https:\/\/dev4copopalhinhas.devdg.pt\/#\/schema\/logo\/image\/\"},\"sameAs\":[\"https:\/\/www.facebook.com\/copopalhinhas\",\"https:\/\/x.com\/copopalhinhas\",\"https:\/\/copopalhinhas.blogspot.pt\/\"]}]}<\/script>\n<!-- \/ Yoast SEO Premium plugin. -->","yoast_head_json":{"title":"SALADEIRA EM KRAFT COM TAMPA EM PP 1,4L (1400ML) - Copopalhinhas","robots":{"index":"index","follow":"follow","max-snippet":"max-snippet:-1","max-image-preview":"max-image-preview:large","max-video-preview":"max-video-preview:-1"},"canonical":"https:\/\/dev4copopalhinhas.devdg.pt\/es\/producto\/saladeira-kraft-1400ml-c-tampa-pp\/","og_locale":"es_ES","og_type":"article","og_title":"SALADEIRA EM KRAFT COM TAMPA EM PP 1,4L (1400ML)","og_description":"Saladeira em Kraft com Tampa em PP, solu\u00e7\u00e3o pr\u00e1tica e eco-friendly para saborear saladas frescas em qualquer lugar. Com uma capacidade de 1,4L (1400ml), esta saladeira \u00e9 projetada para preservar a frescura dos seus pratos enquanto oferece conveni\u00eancia no transporte.","og_url":"https:\/\/dev4copopalhinhas.devdg.pt\/es\/producto\/saladeira-kraft-1400ml-c-tampa-pp\/","og_site_name":"Copopalhinhas","article_publisher":"https:\/\/www.facebook.com\/copopalhinhas","article_modified_time":"2025-09-24T20:29:09+00:00","og_image":[{"width":1000,"height":1000,"url":"https:\/\/copopalhinhas.b-cdn.net\/wp-content\/uploads\/1534391400-SALADEIRA-KRAFT-COM-TAMPA-PP-14L-Copopalhinhas-web-1.png","type":"image\/png"}],"twitter_card":"summary_large_image","twitter_site":"@copopalhinhas","schema":{"@context":"https:\/\/schema.org","@graph":[{"@type":"WebPage","@id":"https:\/\/dev4copopalhinhas.devdg.pt\/produto\/saladeira-kraft-1400ml-c-tampa-pp\/","url":"https:\/\/dev4copopalhinhas.devdg.pt\/produto\/saladeira-kraft-1400ml-c-tampa-pp\/","name":"SALADEIRA EM KRAFT COM TAMPA EM PP 1,4L (1400ML) - Copopalhinhas","isPartOf":{"@id":"https:\/\/dev4copopalhinhas.devdg.pt\/#website"},"primaryImageOfPage":{"@id":"https:\/\/dev4copopalhinhas.devdg.pt\/produto\/saladeira-kraft-1400ml-c-tampa-pp\/#primaryimage"},"image":{"@id":"https:\/\/dev4copopalhinhas.devdg.pt\/produto\/saladeira-kraft-1400ml-c-tampa-pp\/#primaryimage"},"thumbnailUrl":"https:\/\/dev4copopalhinhas.devdg.pt\/wp-content\/uploads\/1534391400-SALADEIRA-KRAFT-COM-TAMPA-PP-14L-Copopalhinhas-web-1.png","datePublished":"2022-07-25T15:13:39+00:00","dateModified":"2025-09-24T20:29:09+00:00","breadcrumb":{"@id":"https:\/\/dev4copopalhinhas.devdg.pt\/produto\/saladeira-kraft-1400ml-c-tampa-pp\/#breadcrumb"},"inLanguage":"es","potentialAction":[{"@type":"ReadAction","target":["https:\/\/dev4copopalhinhas.devdg.pt\/produto\/saladeira-kraft-1400ml-c-tampa-pp\/"]}]},{"@type":"ImageObject","inLanguage":"es","@id":"https:\/\/dev4copopalhinhas.devdg.pt\/produto\/saladeira-kraft-1400ml-c-tampa-pp\/#primaryimage","url":"https:\/\/dev4copopalhinhas.devdg.pt\/wp-content\/uploads\/1534391400-SALADEIRA-KRAFT-COM-TAMPA-PP-14L-Copopalhinhas-web-1.png","contentUrl":"https:\/\/dev4copopalhinhas.devdg.pt\/wp-content\/uploads\/1534391400-SALADEIRA-KRAFT-COM-TAMPA-PP-14L-Copopalhinhas-web-1.png","width":1000,"height":1000,"caption":"1534391400-SALADEIRA-KRAFT-COM-TAMPA-PP-14L-Copopalhinhas-web-1"},{"@type":"BreadcrumbList","@id":"https:\/\/dev4copopalhinhas.devdg.pt\/produto\/saladeira-kraft-1400ml-c-tampa-pp\/#breadcrumb","itemListElement":[{"@type":"ListItem","position":1,"name":"In\u00edcio","item":"https:\/\/dev4copopalhinhas.devdg.pt\/"},{"@type":"ListItem","position":2,"name":"Loja","item":"https:\/\/dev4copopalhinhas.devdg.pt\/loja\/"},{"@type":"ListItem","position":3,"name":"SALADEIRA EM KRAFT COM TAMPA EM PP 1,4L (1400ML)"}]},{"@type":"WebSite","@id":"https:\/\/dev4copopalhinhas.devdg.pt\/#website","url":"https:\/\/dev4copopalhinhas.devdg.pt\/","name":"Pajitas para vasos","description":"Os Melhores Pre\u00e7os","publisher":{"@id":"https:\/\/dev4copopalhinhas.devdg.pt\/#organization"},"potentialAction":[{"@type":"SearchAction","target":{"@type":"EntryPoint","urlTemplate":"https:\/\/dev4copopalhinhas.devdg.pt\/?s={search_term_string}"},"query-input":{"@type":"PropertyValueSpecification","valueRequired":true,"valueName":"search_term_string"}}],"inLanguage":"es"},{"@type":"Organization","@id":"https:\/\/dev4copopalhinhas.devdg.pt\/#organization","name":"Pajitas para vasos","url":"https:\/\/dev4copopalhinhas.devdg.pt\/","logo":{"@type":"ImageObject","inLanguage":"es","@id":"https:\/\/dev4copopalhinhas.devdg.pt\/#\/schema\/logo\/image\/","url":"https:\/\/dev4copopalhinhas.devdg.pt\/wp-content\/uploads\/2022\/05\/COPOPALHINHASlogo.png","contentUrl":"https:\/\/dev4copopalhinhas.devdg.pt\/wp-content\/uploads\/2022\/05\/COPOPALHINHASlogo.png","width":1200,"height":323,"caption":"Copopalhinhas"},"image":{"@id":"https:\/\/dev4copopalhinhas.devdg.pt\/#\/schema\/logo\/image\/"},"sameAs":["https:\/\/www.facebook.com\/copopalhinhas","https:\/\/x.com\/copopalhinhas","https:\/\/copopalhinhas.blogspot.pt\/"]}]}},"_links":{"self":[{"href":"https:\/\/dev4copopalhinhas.devdg.pt\/es\/wp-json\/wp\/v2\/product\/11940","targetHints":{"allow":["GET"]}}],"collection":[{"href":"https:\/\/dev4copopalhinhas.devdg.pt\/es\/wp-json\/wp\/v2\/product"}],"about":[{"href":"https:\/\/dev4copopalhinhas.devdg.pt\/es\/wp-json\/wp\/v2\/types\/product"}],"replies":[{"embeddable":true,"href":"https:\/\/dev4copopalhinhas.devdg.pt\/es\/wp-json\/wp\/v2\/comments?post=11940"}],"wp:featuredmedia":[{"embeddable":true,"href":"https:\/\/dev4copopalhinhas.devdg.pt\/es\/wp-json\/wp\/v2\/media\/29700"}],"wp:attachment":[{"href":"https:\/\/dev4copopalhinhas.devdg.pt\/es\/wp-json\/wp\/v2\/media?parent=11940"}],"wp:term":[{"taxonomy":"product_cat","embeddable":true,"href":"https:\/\/dev4copopalhinhas.devdg.pt\/es\/wp-json\/wp\/v2\/product_cat?post=11940"},{"taxonomy":"product_tag","embeddable":true,"href":"https:\/\/dev4copopalhinhas.devdg.pt\/es\/wp-json\/wp\/v2\/product_tag?post=11940"}],"curies":[{"name":"wp","href":"https:\/\/api.w.org\/{rel}","templated":true}]}}