{"id":12314,"date":"2022-07-25T16:06:34","date_gmt":"2022-07-25T15:06:34","guid":{"rendered":"https:\/\/dev4copopalhinhas.devdg.pt\/produto\/caixa-sushi-com-janela-197x9x45-cm-em-cartao-ondulado-nano-micro\/"},"modified":"2025-09-27T19:06:06","modified_gmt":"2025-09-27T18:06:06","slug":"caixa-sushi-com-janela-197x9x45-cm-em-cartao-ondulado-nano-micro","status":"publish","type":"product","link":"https:\/\/dev4copopalhinhas.devdg.pt\/es\/producto\/caixa-sushi-com-janela-197x9x45-cm-em-cartao-ondulado-nano-micro\/","title":{"rendered":"CAIXA SUSHI COM JANELA 19,7x9x4,5 CM EM CART\u00c3O ONDULADO NANO-MICRO"},"content":{"rendered":"<h4>Caixa em Cart\u00e3o Ondulado Nano-Micro com Janela 19,7x9x4,5cm &#8211; Ideal para Embalagem de Sushi<\/h4>\n<p>Biodegrad\u00e1vel, Recicl\u00e1vel, Reciclado, Resistente a \u00f3leos e gordura.<\/p>\n<p>Caixas multiuso com janela. Alta visibilidade. Janela OPP f\u00e1cil de remover.<\/p>\n<p>Nano-micro \u00e9 o tamanho mais pequeno para o cart\u00e3o ondulado. Envolve muita tecnologia, investimento e conhecimento para produzir nano-micro ondula\u00e7\u00e3o com papeis de pouca gramagem. Com a nanotecnologia, as embalagens ficam mais fortes, mais leves e mais t\u00e9rmicas. (Permitem manter a temperatura interior por mais tempo). A nano-micro ondula\u00e7\u00e3o a proporciona maior rigidez \u00e0s embalagens e permite reduzir a quantidade de papel usado na fabrica\u00e7\u00e3o.<\/p>\n<h4>Caracter\u00edsticas principais:<\/h4>\n<ul>\n<li>Dimens\u00f5es: 19,7 cm (largura) x 9cm (profundidade) x 4,5 cm (altura)<\/li>\n<li>Material: Cart\u00e3o ondulado nano-micro de alta qualidade<\/li>\n<li>Inclui janela frontal transparente<\/li>\n<li>F\u00e1cil de montar e usar<\/li>\n<li>Produto recicl\u00e1vel e biodegrad\u00e1vel<\/li>\n<li>Perfeita para criar uma apresenta\u00e7\u00e3o profissional e diferenciada, esta caixa com janela ajuda a valorizar a sua marca..<\/li>\n<li>Recicl\u00e1vel. A janela f\u00e1cil de retirar para uma reciclagem ideal.<\/li>\n<li>N\u00e3o apto para micro-ondas nem para forno.<\/li>\n<li>Suporte Temperaturas entre -18\u00baC a +70\u00baC.<\/li>\n<li>Resistente a \u00f3leos e gorduras.<\/li>\n<\/ul>\n<h4>Certificados:<\/h4>\n<ul>\n<li><strong>Para alimentar<\/strong>: Regulamento (CE) n.\u00b0 1935\/2004 do Parlamento Europeu e do Conselho, de 27 de Outubro de 2004, relativo aos materiais e objetos destinados a entrar em contacto com os alimentos.<\/li>\n<li>Regulamento (UE) n. \u00b0 10\/2011 da Comiss\u00e3o, de 14 de Janeiro de 2011 , relativo aos materiais e objetos de mat\u00e9ria pl\u00e1stica destinados a entrar em contacto com os alimentos. Registo Sanit\u00e1rio de Ind\u00fastrias e Produtos Alimentares.<\/li>\n<\/ul>\n<p><img decoding=\"async\" src=\"https:\/\/dev4copopalhinhas.devdg.pt\/wp-content\/uploads\/Icon_DESCARTAVEL.png\" alt=\"\" width=\"30\" height=\"30\" \/> <strong>Descart\u00e1vel<\/strong><\/p>\n<p><img decoding=\"async\" src=\"https:\/\/dev4copopalhinhas.devdg.pt\/wp-content\/uploads\/Icons_alimentos.png\" alt=\"\" width=\"30\" height=\"30\" \/> <strong>Alimento<\/strong>: Pr\u00f3prios para consumo alimentar<\/p>\n<p><img decoding=\"async\" src=\"https:\/\/dev4copopalhinhas.devdg.pt\/wp-content\/uploads\/Icon_reciclaveis.png\" alt=\"\" width=\"30\" height=\"30\" \/> <strong>Recicl\u00e1veis<\/strong>: Produtos que podem ser reciclados ou usados para recupera\u00e7\u00e3o energ\u00e9tica.<\/p>","protected":false},"excerpt":{"rendered":"<p>Caixa em cart\u00e3o ondulado nano-micro com janela para levar ou entregar comida. Fabricado com medidas 19,7x9x4,5cm. Alta visibilidade. Janela OPP f\u00e1cil de remover.<\/p>\n<p><img decoding=\"async\" src=\"https:\/\/dev4copopalhinhas.devdg.pt\/wp-content\/uploads\/Icons_alimentos.png\" alt=\"\" width=\"30\" height=\"30\" \/> <img decoding=\"async\" src=\"https:\/\/dev4copopalhinhas.devdg.pt\/wp-content\/uploads\/Icon_DESCARTAVEL.png\" alt=\"\" width=\"30\" height=\"30\" \/> <img decoding=\"async\" src=\"https:\/\/dev4copopalhinhas.devdg.pt\/wp-content\/uploads\/Icon_reciclaveis.png\" alt=\"\" width=\"30\" height=\"30\" \/><\/p>","protected":false},"featured_media":65640,"comment_status":"open","ping_status":"closed","template":"","meta":{"_acf_changed":false},"product_cat":[2010,1725,1512,1484,1490,1497],"product_tag":[1569,1604],"class_list":{"0":"post-12314","1":"product","2":"type-product","3":"status-publish","4":"has-post-thumbnail","6":"product_cat-embalagens-descartaveis","7":"product_cat-castanho","8":"product_cat-descartavel","9":"product_cat-cartao","10":"product_cat-caixas","11":"product_cat-sushi","12":"product_tag-menu-descartaveis","13":"product_tag-sub-menu-embalagens-descartaveis","14":"pa_qtd-por-caixa-1273","15":"pa_qtd-por-caixa-1277","16":"tm-no-options","18":"first","19":"outofstock","20":"taxable","21":"shipping-taxable","22":"purchasable","23":"product-type-variable"},"acf":[],"yoast_head":"<!-- This site is optimized with the Yoast SEO Premium plugin v23.9 (Yoast SEO v23.9) - https:\/\/yoast.com\/wordpress\/plugins\/seo\/ -->\n<title>CAIXA SUSHI COM JANELA 19,7x9x4,5 CM EM CART\u00c3O ONDULADO NANO-MICRO - Copopalhinhas<\/title>\n<meta name=\"robots\" content=\"index, follow, max-snippet:-1, max-image-preview:large, max-video-preview:-1\" \/>\n<link rel=\"canonical\" href=\"https:\/\/dev4copopalhinhas.devdg.pt\/es\/producto\/caixa-sushi-com-janela-197x9x45-cm-em-cartao-ondulado-nano-micro\/\" \/>\n<meta property=\"og:locale\" content=\"es_ES\" \/>\n<meta property=\"og:type\" content=\"article\" \/>\n<meta property=\"og:title\" content=\"CAIXA SUSHI COM JANELA 19,7x9x4,5 CM EM CART\u00c3O ONDULADO NANO-MICRO\" \/>\n<meta property=\"og:description\" content=\"Caixa em cart\u00e3o ondulado nano-micro com janela para levar ou entregar comida. Fabricado com medidas 19,7x9x4,5cm. Alta visibilidade. Janela OPP f\u00e1cil de remover.\" \/>\n<meta property=\"og:url\" content=\"https:\/\/dev4copopalhinhas.devdg.pt\/es\/producto\/caixa-sushi-com-janela-197x9x45-cm-em-cartao-ondulado-nano-micro\/\" \/>\n<meta property=\"og:site_name\" content=\"Copopalhinhas\" \/>\n<meta property=\"article:publisher\" content=\"https:\/\/www.facebook.com\/copopalhinhas\" \/>\n<meta property=\"article:modified_time\" content=\"2025-09-27T18:06:06+00:00\" \/>\n<meta property=\"og:image\" content=\"https:\/\/copopalhinhas.b-cdn.net\/wp-content\/uploads\/CAIXA-SUSHI-COM-JANELA-197x9x45-CM-EM-CARTAO-ONDULADO-NANO-MICRO-HOS253.37-Copopalhinhas-web1.png\" \/>\n\t<meta property=\"og:image:width\" content=\"1000\" \/>\n\t<meta property=\"og:image:height\" content=\"1000\" \/>\n\t<meta property=\"og:image:type\" content=\"image\/png\" \/>\n<meta name=\"twitter:card\" content=\"summary_large_image\" \/>\n<meta name=\"twitter:site\" content=\"@copopalhinhas\" \/>\n<script type=\"application\/ld+json\" class=\"yoast-schema-graph\">{\"@context\":\"https:\/\/schema.org\",\"@graph\":[{\"@type\":\"WebPage\",\"@id\":\"https:\/\/dev4copopalhinhas.devdg.pt\/produto\/caixa-sushi-com-janela-197x9x45-cm-em-cartao-ondulado-nano-micro\/\",\"url\":\"https:\/\/dev4copopalhinhas.devdg.pt\/produto\/caixa-sushi-com-janela-197x9x45-cm-em-cartao-ondulado-nano-micro\/\",\"name\":\"CAIXA SUSHI COM JANELA 19,7x9x4,5 CM EM CART\u00c3O ONDULADO NANO-MICRO - Copopalhinhas\",\"isPartOf\":{\"@id\":\"https:\/\/dev4copopalhinhas.devdg.pt\/#website\"},\"primaryImageOfPage\":{\"@id\":\"https:\/\/dev4copopalhinhas.devdg.pt\/produto\/caixa-sushi-com-janela-197x9x45-cm-em-cartao-ondulado-nano-micro\/#primaryimage\"},\"image\":{\"@id\":\"https:\/\/dev4copopalhinhas.devdg.pt\/produto\/caixa-sushi-com-janela-197x9x45-cm-em-cartao-ondulado-nano-micro\/#primaryimage\"},\"thumbnailUrl\":\"https:\/\/dev4copopalhinhas.devdg.pt\/wp-content\/uploads\/CAIXA-SUSHI-COM-JANELA-197x9x45-CM-EM-CARTAO-ONDULADO-NANO-MICRO-HOS253.37-Copopalhinhas-web1.png\",\"datePublished\":\"2022-07-25T15:06:34+00:00\",\"dateModified\":\"2025-09-27T18:06:06+00:00\",\"breadcrumb\":{\"@id\":\"https:\/\/dev4copopalhinhas.devdg.pt\/produto\/caixa-sushi-com-janela-197x9x45-cm-em-cartao-ondulado-nano-micro\/#breadcrumb\"},\"inLanguage\":\"es\",\"potentialAction\":[{\"@type\":\"ReadAction\",\"target\":[\"https:\/\/dev4copopalhinhas.devdg.pt\/produto\/caixa-sushi-com-janela-197x9x45-cm-em-cartao-ondulado-nano-micro\/\"]}]},{\"@type\":\"ImageObject\",\"inLanguage\":\"es\",\"@id\":\"https:\/\/dev4copopalhinhas.devdg.pt\/produto\/caixa-sushi-com-janela-197x9x45-cm-em-cartao-ondulado-nano-micro\/#primaryimage\",\"url\":\"https:\/\/dev4copopalhinhas.devdg.pt\/wp-content\/uploads\/CAIXA-SUSHI-COM-JANELA-197x9x45-CM-EM-CARTAO-ONDULADO-NANO-MICRO-HOS253.37-Copopalhinhas-web1.png\",\"contentUrl\":\"https:\/\/dev4copopalhinhas.devdg.pt\/wp-content\/uploads\/CAIXA-SUSHI-COM-JANELA-197x9x45-CM-EM-CARTAO-ONDULADO-NANO-MICRO-HOS253.37-Copopalhinhas-web1.png\",\"width\":1000,\"height\":1000,\"caption\":\"CAIXA SUSHI COM JANELA 19,7x9x4,5 CM EM CART\u00c3O ONDULADO NANO-MICRO-HOS253.37-Copopalhinhas-web4\"},{\"@type\":\"BreadcrumbList\",\"@id\":\"https:\/\/dev4copopalhinhas.devdg.pt\/produto\/caixa-sushi-com-janela-197x9x45-cm-em-cartao-ondulado-nano-micro\/#breadcrumb\",\"itemListElement\":[{\"@type\":\"ListItem\",\"position\":1,\"name\":\"In\u00edcio\",\"item\":\"https:\/\/dev4copopalhinhas.devdg.pt\/\"},{\"@type\":\"ListItem\",\"position\":2,\"name\":\"Loja\",\"item\":\"https:\/\/dev4copopalhinhas.devdg.pt\/loja\/\"},{\"@type\":\"ListItem\",\"position\":3,\"name\":\"CAIXA SUSHI COM JANELA 19,7x9x4,5 CM EM CART\u00c3O ONDULADO NANO-MICRO\"}]},{\"@type\":\"WebSite\",\"@id\":\"https:\/\/dev4copopalhinhas.devdg.pt\/#website\",\"url\":\"https:\/\/dev4copopalhinhas.devdg.pt\/\",\"name\":\"Copopalhinhas\",\"description\":\"Os Melhores Pre\u00e7os\",\"publisher\":{\"@id\":\"https:\/\/dev4copopalhinhas.devdg.pt\/#organization\"},\"potentialAction\":[{\"@type\":\"SearchAction\",\"target\":{\"@type\":\"EntryPoint\",\"urlTemplate\":\"https:\/\/dev4copopalhinhas.devdg.pt\/?s={search_term_string}\"},\"query-input\":{\"@type\":\"PropertyValueSpecification\",\"valueRequired\":true,\"valueName\":\"search_term_string\"}}],\"inLanguage\":\"es\"},{\"@type\":\"Organization\",\"@id\":\"https:\/\/dev4copopalhinhas.devdg.pt\/#organization\",\"name\":\"Copopalhinhas\",\"url\":\"https:\/\/dev4copopalhinhas.devdg.pt\/\",\"logo\":{\"@type\":\"ImageObject\",\"inLanguage\":\"es\",\"@id\":\"https:\/\/dev4copopalhinhas.devdg.pt\/#\/schema\/logo\/image\/\",\"url\":\"https:\/\/dev4copopalhinhas.devdg.pt\/wp-content\/uploads\/2022\/05\/COPOPALHINHASlogo.png\",\"contentUrl\":\"https:\/\/dev4copopalhinhas.devdg.pt\/wp-content\/uploads\/2022\/05\/COPOPALHINHASlogo.png\",\"width\":1200,\"height\":323,\"caption\":\"Copopalhinhas\"},\"image\":{\"@id\":\"https:\/\/dev4copopalhinhas.devdg.pt\/#\/schema\/logo\/image\/\"},\"sameAs\":[\"https:\/\/www.facebook.com\/copopalhinhas\",\"https:\/\/x.com\/copopalhinhas\",\"https:\/\/copopalhinhas.blogspot.pt\/\"]}]}<\/script>\n<!-- \/ Yoast SEO Premium plugin. -->","yoast_head_json":{"title":"CAIXA SUSHI COM JANELA 19,7x9x4,5 CM EM CART\u00c3O ONDULADO NANO-MICRO - Copopalhinhas","robots":{"index":"index","follow":"follow","max-snippet":"max-snippet:-1","max-image-preview":"max-image-preview:large","max-video-preview":"max-video-preview:-1"},"canonical":"https:\/\/dev4copopalhinhas.devdg.pt\/es\/producto\/caixa-sushi-com-janela-197x9x45-cm-em-cartao-ondulado-nano-micro\/","og_locale":"es_ES","og_type":"article","og_title":"CAIXA SUSHI COM JANELA 19,7x9x4,5 CM EM CART\u00c3O ONDULADO NANO-MICRO","og_description":"Caixa em cart\u00e3o ondulado nano-micro com janela para levar ou entregar comida. Fabricado com medidas 19,7x9x4,5cm. Alta visibilidade. Janela OPP f\u00e1cil de remover.","og_url":"https:\/\/dev4copopalhinhas.devdg.pt\/es\/producto\/caixa-sushi-com-janela-197x9x45-cm-em-cartao-ondulado-nano-micro\/","og_site_name":"Copopalhinhas","article_publisher":"https:\/\/www.facebook.com\/copopalhinhas","article_modified_time":"2025-09-27T18:06:06+00:00","og_image":[{"width":1000,"height":1000,"url":"https:\/\/copopalhinhas.b-cdn.net\/wp-content\/uploads\/CAIXA-SUSHI-COM-JANELA-197x9x45-CM-EM-CARTAO-ONDULADO-NANO-MICRO-HOS253.37-Copopalhinhas-web1.png","type":"image\/png"}],"twitter_card":"summary_large_image","twitter_site":"@copopalhinhas","schema":{"@context":"https:\/\/schema.org","@graph":[{"@type":"WebPage","@id":"https:\/\/dev4copopalhinhas.devdg.pt\/produto\/caixa-sushi-com-janela-197x9x45-cm-em-cartao-ondulado-nano-micro\/","url":"https:\/\/dev4copopalhinhas.devdg.pt\/produto\/caixa-sushi-com-janela-197x9x45-cm-em-cartao-ondulado-nano-micro\/","name":"CAIXA SUSHI COM JANELA 19,7x9x4,5 CM EM CART\u00c3O ONDULADO NANO-MICRO - Copopalhinhas","isPartOf":{"@id":"https:\/\/dev4copopalhinhas.devdg.pt\/#website"},"primaryImageOfPage":{"@id":"https:\/\/dev4copopalhinhas.devdg.pt\/produto\/caixa-sushi-com-janela-197x9x45-cm-em-cartao-ondulado-nano-micro\/#primaryimage"},"image":{"@id":"https:\/\/dev4copopalhinhas.devdg.pt\/produto\/caixa-sushi-com-janela-197x9x45-cm-em-cartao-ondulado-nano-micro\/#primaryimage"},"thumbnailUrl":"https:\/\/dev4copopalhinhas.devdg.pt\/wp-content\/uploads\/CAIXA-SUSHI-COM-JANELA-197x9x45-CM-EM-CARTAO-ONDULADO-NANO-MICRO-HOS253.37-Copopalhinhas-web1.png","datePublished":"2022-07-25T15:06:34+00:00","dateModified":"2025-09-27T18:06:06+00:00","breadcrumb":{"@id":"https:\/\/dev4copopalhinhas.devdg.pt\/produto\/caixa-sushi-com-janela-197x9x45-cm-em-cartao-ondulado-nano-micro\/#breadcrumb"},"inLanguage":"es","potentialAction":[{"@type":"ReadAction","target":["https:\/\/dev4copopalhinhas.devdg.pt\/produto\/caixa-sushi-com-janela-197x9x45-cm-em-cartao-ondulado-nano-micro\/"]}]},{"@type":"ImageObject","inLanguage":"es","@id":"https:\/\/dev4copopalhinhas.devdg.pt\/produto\/caixa-sushi-com-janela-197x9x45-cm-em-cartao-ondulado-nano-micro\/#primaryimage","url":"https:\/\/dev4copopalhinhas.devdg.pt\/wp-content\/uploads\/CAIXA-SUSHI-COM-JANELA-197x9x45-CM-EM-CARTAO-ONDULADO-NANO-MICRO-HOS253.37-Copopalhinhas-web1.png","contentUrl":"https:\/\/dev4copopalhinhas.devdg.pt\/wp-content\/uploads\/CAIXA-SUSHI-COM-JANELA-197x9x45-CM-EM-CARTAO-ONDULADO-NANO-MICRO-HOS253.37-Copopalhinhas-web1.png","width":1000,"height":1000,"caption":"CAIXA SUSHI COM JANELA 19,7x9x4,5 CM EM CART\u00c3O ONDULADO NANO-MICRO-HOS253.37-Copopalhinhas-web4"},{"@type":"BreadcrumbList","@id":"https:\/\/dev4copopalhinhas.devdg.pt\/produto\/caixa-sushi-com-janela-197x9x45-cm-em-cartao-ondulado-nano-micro\/#breadcrumb","itemListElement":[{"@type":"ListItem","position":1,"name":"In\u00edcio","item":"https:\/\/dev4copopalhinhas.devdg.pt\/"},{"@type":"ListItem","position":2,"name":"Loja","item":"https:\/\/dev4copopalhinhas.devdg.pt\/loja\/"},{"@type":"ListItem","position":3,"name":"CAIXA SUSHI COM JANELA 19,7x9x4,5 CM EM CART\u00c3O ONDULADO NANO-MICRO"}]},{"@type":"WebSite","@id":"https:\/\/dev4copopalhinhas.devdg.pt\/#website","url":"https:\/\/dev4copopalhinhas.devdg.pt\/","name":"Pajitas para vasos","description":"Os Melhores Pre\u00e7os","publisher":{"@id":"https:\/\/dev4copopalhinhas.devdg.pt\/#organization"},"potentialAction":[{"@type":"SearchAction","target":{"@type":"EntryPoint","urlTemplate":"https:\/\/dev4copopalhinhas.devdg.pt\/?s={search_term_string}"},"query-input":{"@type":"PropertyValueSpecification","valueRequired":true,"valueName":"search_term_string"}}],"inLanguage":"es"},{"@type":"Organization","@id":"https:\/\/dev4copopalhinhas.devdg.pt\/#organization","name":"Pajitas para vasos","url":"https:\/\/dev4copopalhinhas.devdg.pt\/","logo":{"@type":"ImageObject","inLanguage":"es","@id":"https:\/\/dev4copopalhinhas.devdg.pt\/#\/schema\/logo\/image\/","url":"https:\/\/dev4copopalhinhas.devdg.pt\/wp-content\/uploads\/2022\/05\/COPOPALHINHASlogo.png","contentUrl":"https:\/\/dev4copopalhinhas.devdg.pt\/wp-content\/uploads\/2022\/05\/COPOPALHINHASlogo.png","width":1200,"height":323,"caption":"Copopalhinhas"},"image":{"@id":"https:\/\/dev4copopalhinhas.devdg.pt\/#\/schema\/logo\/image\/"},"sameAs":["https:\/\/www.facebook.com\/copopalhinhas","https:\/\/x.com\/copopalhinhas","https:\/\/copopalhinhas.blogspot.pt\/"]}]}},"_links":{"self":[{"href":"https:\/\/dev4copopalhinhas.devdg.pt\/es\/wp-json\/wp\/v2\/product\/12314","targetHints":{"allow":["GET"]}}],"collection":[{"href":"https:\/\/dev4copopalhinhas.devdg.pt\/es\/wp-json\/wp\/v2\/product"}],"about":[{"href":"https:\/\/dev4copopalhinhas.devdg.pt\/es\/wp-json\/wp\/v2\/types\/product"}],"replies":[{"embeddable":true,"href":"https:\/\/dev4copopalhinhas.devdg.pt\/es\/wp-json\/wp\/v2\/comments?post=12314"}],"wp:featuredmedia":[{"embeddable":true,"href":"https:\/\/dev4copopalhinhas.devdg.pt\/es\/wp-json\/wp\/v2\/media\/65640"}],"wp:attachment":[{"href":"https:\/\/dev4copopalhinhas.devdg.pt\/es\/wp-json\/wp\/v2\/media?parent=12314"}],"wp:term":[{"taxonomy":"product_cat","embeddable":true,"href":"https:\/\/dev4copopalhinhas.devdg.pt\/es\/wp-json\/wp\/v2\/product_cat?post=12314"},{"taxonomy":"product_tag","embeddable":true,"href":"https:\/\/dev4copopalhinhas.devdg.pt\/es\/wp-json\/wp\/v2\/product_tag?post=12314"}],"curies":[{"name":"wp","href":"https:\/\/api.w.org\/{rel}","templated":true}]}}