{"id":12694,"date":"2022-07-25T16:14:22","date_gmt":"2022-07-25T15:14:22","guid":{"rendered":"https:\/\/dev4copopalhinhas.devdg.pt\/produto\/palhinha-flexivel-branca-o58-x-220-em-papel-embalado-individualmente\/"},"modified":"2025-09-27T09:35:47","modified_gmt":"2025-09-27T08:35:47","slug":"palhinha-flexivel-papel-branca-058x22-embalagem-individual","status":"publish","type":"product","link":"https:\/\/dev4copopalhinhas.devdg.pt\/es\/producto\/palhinha-flexivel-papel-branca-058x22-embalagem-individual\/","title":{"rendered":"PALHINHA FLEX\u00cdVEL DE PAPEL BRANCA 0,58X22CM (EMBALAGEM INDIVIDUAL)"},"content":{"rendered":"<h3><strong>Palhinha Flex\u00edvel de Papel Branca 0,58x22cm (5,8x200mm) \u2013 Sustent\u00e1vel, Higi\u00e9nica e Vers\u00e1til<br \/>\n<\/strong><\/h3>\n<p>A palhinha flex\u00edvel de papel branca \u00e9 a solu\u00e7\u00e3o perfeita para quem procura uma alternativa pr\u00e1tica, ecol\u00f3gica e estilosa para servir bebidas quentes ou frias. Com uma medida de 0,58x22cm, esta palhinha de papel combina funcionalidade e sustentabilidade, sendo ideal para restaurantes, caf\u00e9s, eventos , assim como para uso dom\u00e9stico. Feita de papel de alta qualidade, \u00e9 resistente e flex\u00edvel, garantindo que os seus clientes tenham uma experi\u00eancia confort\u00e1vel ao consumir as suas bebidas preferidas.<\/p>\n<p>A embalagem individual da palhinha flex\u00edvel de papel garante acima de tudo o m\u00e1ximo de higiene, tornando-a a escolha perfeita para ambientes que valorizam a seguran\u00e7a alimentar. Para al\u00e9m disso, o design em branco adapta-se a qualquer ocasi\u00e3o, desde festas formais at\u00e9 eventos mais descontra\u00eddos, mantendo sempre uma apar\u00eancia elegante.<\/p>\n<h4>Alternativa sustent\u00e1vel<\/h4>\n<p>Como alternativa sustent\u00e1vel \u00e0s tradicionais palhinhas de pl\u00e1stico, estas palhinhas de papel s\u00e3o biodegrad\u00e1veis e recicl\u00e1veis, ajudando a reduzir o impacto ambiental. A ado\u00e7\u00e3o de produtos como esta palhinha de papel demonstra o compromisso com pr\u00e1ticas mais respons\u00e1veis, atendendo \u00e0 crescente procura por solu\u00e7\u00f5es amigas do ambiente.<\/p>\n<p>Seja para um caf\u00e9, bem como um sumo ou uma bebida alco\u00f3lica, a palhinha flex\u00edvel de papel ajusta-se perfeitamente ao copo e \u00e0s necessidades dos utilizadores.<\/p>\n<p>Ofere\u00e7a aos seus clientes uma experi\u00eancia diferenciada e sustent\u00e1vel com a palhinha de papel branca e fa\u00e7a a diferen\u00e7a ao adotar produtos que respeitam o ambiente e promovem a mudan\u00e7a para um futuro mais verde. Ver mais <a href=\"https:\/\/dev4copopalhinhas.devdg.pt\/es\/categorias\/palhinhas\/\">pajitas<\/a>.<\/p>\n<ul>\n<li><strong>Eleg\u00e2ncia em Branco :<\/strong> A palhinha de papel branco adiciona um toque de sofistica\u00e7\u00e3o \u00e0s suas bebidas, tornando-as adequadas para diversas ocasi\u00f5es, desde cocktails em festas at\u00e9 caf\u00e9s requintados.<\/li>\n<li><strong>Flexibilidade:<\/strong> Esta palhinha \u00e9 flex\u00edvel, permitindo que a curve de acordo com a sua prefer\u00eancia, facilitando a degusta\u00e7\u00e3o das suas bebidas.<\/li>\n<li><strong>Sustentabilidade em Foco:<\/strong> Feita de papel, esta palhinha \u00e9 uma alternativa ecologicamente correta \u00e0s palhinhas de pl\u00e1stico, contribuindo para a redu\u00e7\u00e3o de res\u00edduos pl\u00e1sticos. Al\u00e9m disso, tem menor pegada de carbono quando comparada com palhinhas de papel \u201cconvencionais\u201d (-20% papel, -10% adesivo, -50% consumo de energia).<\/li>\n<li><strong>Embalagem Individual:<\/strong> Cada palhinha \u00e9 embalada individualmente, garantindo higiene e praticidade.<\/li>\n<li><strong>Versatilidad:<\/strong> Esta palhinha \u00e9 adequada para uma ampla gama de bebidas, tornando-a ideal para uso dom\u00e9stico, em bares, cafeterias e restaurantes.<\/li>\n<li><strong>Alta Desempenho:<\/strong> supera os padr\u00f5es de mercado de 2 horas em l\u00edquidos.<\/li>\n<li><strong>Sem PFAS:<\/strong> Este produto \u00e9 livre de PFAS, garantindo portanto seguran\u00e7a e qualidade.<\/li>\n<\/ul>","protected":false},"excerpt":{"rendered":"<p>A palhinha flex\u00edvel de papel branca, com 0,58x22cm, \u00e9 a escolha ideal para quem valoriza sustentabilidade e praticidade. Feita de papel de alta qualidade, esta palhinha de papel \u00e9 resistente, flex\u00edvel e embalada individualmente, garantindo higiene e conveni\u00eancia. Perfeita para bebidas quentes ou frias, \u00e9 a solu\u00e7\u00e3o ecol\u00f3gica ideal para restaurantes, eventos e uso di\u00e1rio.<br \/>\nAlto Desempenho: supera os padr\u00f5es de mercado de 2 horas em l\u00edquidos. Este produto \u00e9 livre de PFAS, garantido seguran\u00e7a e qualidade.<\/p>","protected":false},"featured_media":32224,"comment_status":"open","ping_status":"closed","template":"","meta":{"_acf_changed":false},"product_cat":[1719,2052,2053,1479,1705,1484,1898,1469,229],"product_tag":[1570,1611,1612],"class_list":{"0":"post-12694","1":"product","2":"type-product","3":"status-publish","4":"has-post-thumbnail","6":"product_cat-branco","7":"product_cat-palhinhas-embaladas-individualmente","8":"product_cat-palhinhas-flexiveis","9":"product_cat-embalado-individualmente","10":"product_cat-flexivel","11":"product_cat-cartao","12":"product_cat-58cm","13":"product_cat-22cm","14":"product_cat-palhinhas","15":"product_tag-menu-palhinhas","16":"product_tag-sub-menu-plahinhas-embaladas-individualmente","17":"product_tag-sub-menu-palhinhas-flexiveis","18":"pa_qtd-por-caixa-1308","19":"pa_qtd-por-caixa-1361","20":"tm-no-options","22":"first","23":"instock","24":"taxable","25":"shipping-taxable","26":"purchasable","27":"product-type-variable"},"acf":[],"yoast_head":"<!-- This site is optimized with the Yoast SEO Premium plugin v23.9 (Yoast SEO v23.9) - https:\/\/yoast.com\/wordpress\/plugins\/seo\/ -->\n<title>PALHINHA FLEX\u00cdVEL DE PAPEL BRANCA 0,58X22CM (EMBALAGEM INDIVIDUAL) - Copopalhinhas<\/title>\n<meta name=\"description\" content=\"Palhinha flex\u00edvel de papel branca, resistente e ecol\u00f3gica. Com 0,58x22cm, \u00e9 embalada individualmente, garantindo praticidade e higiene. Ideal para eventos.\" \/>\n<meta name=\"robots\" content=\"index, follow, max-snippet:-1, max-image-preview:large, max-video-preview:-1\" \/>\n<link rel=\"canonical\" href=\"https:\/\/dev4copopalhinhas.devdg.pt\/es\/producto\/palhinha-flexivel-papel-branca-058x22-embalagem-individual\/\" \/>\n<meta property=\"og:locale\" content=\"es_ES\" \/>\n<meta property=\"og:type\" content=\"article\" \/>\n<meta property=\"og:title\" content=\"PALHINHA FLEX\u00cdVEL DE PAPEL BRANCA 0,58X22CM (EMBALAGEM INDIVIDUAL)\" \/>\n<meta property=\"og:description\" content=\"Palhinha flex\u00edvel de papel branca, resistente e ecol\u00f3gica. Com 0,58x22cm, \u00e9 embalada individualmente, garantindo praticidade e higiene. Ideal para eventos.\" \/>\n<meta property=\"og:url\" content=\"https:\/\/dev4copopalhinhas.devdg.pt\/es\/producto\/palhinha-flexivel-papel-branca-058x22-embalagem-individual\/\" \/>\n<meta property=\"og:site_name\" content=\"Copopalhinhas\" \/>\n<meta property=\"article:publisher\" content=\"https:\/\/www.facebook.com\/copopalhinhas\" \/>\n<meta property=\"article:modified_time\" content=\"2025-09-27T08:35:47+00:00\" \/>\n<meta property=\"og:image\" content=\"https:\/\/copopalhinhas.b-cdn.net\/wp-content\/uploads\/06.1457.01043457-PALHINHAS-FLEXIVEL-BRANCA-58x22-PAPEL-EMBALADO-INDIVIDUALMENTE-web-1-1.png\" \/>\n\t<meta property=\"og:image:width\" content=\"1000\" \/>\n\t<meta property=\"og:image:height\" content=\"1000\" \/>\n\t<meta property=\"og:image:type\" content=\"image\/png\" \/>\n<meta name=\"twitter:card\" content=\"summary_large_image\" \/>\n<meta name=\"twitter:site\" content=\"@copopalhinhas\" \/>\n<script type=\"application\/ld+json\" class=\"yoast-schema-graph\">{\"@context\":\"https:\/\/schema.org\",\"@graph\":[{\"@type\":\"WebPage\",\"@id\":\"https:\/\/dev4copopalhinhas.devdg.pt\/produto\/palhinha-flexivel-papel-branca-058x22-embalagem-individual\/\",\"url\":\"https:\/\/dev4copopalhinhas.devdg.pt\/produto\/palhinha-flexivel-papel-branca-058x22-embalagem-individual\/\",\"name\":\"PALHINHA FLEX\u00cdVEL DE PAPEL BRANCA 0,58X22CM (EMBALAGEM INDIVIDUAL) - Copopalhinhas\",\"isPartOf\":{\"@id\":\"https:\/\/dev4copopalhinhas.devdg.pt\/#website\"},\"primaryImageOfPage\":{\"@id\":\"https:\/\/dev4copopalhinhas.devdg.pt\/produto\/palhinha-flexivel-papel-branca-058x22-embalagem-individual\/#primaryimage\"},\"image\":{\"@id\":\"https:\/\/dev4copopalhinhas.devdg.pt\/produto\/palhinha-flexivel-papel-branca-058x22-embalagem-individual\/#primaryimage\"},\"thumbnailUrl\":\"https:\/\/dev4copopalhinhas.devdg.pt\/wp-content\/uploads\/06.1457.01043457-PALHINHAS-FLEXIVEL-BRANCA-58x22-PAPEL-EMBALADO-INDIVIDUALMENTE-web-1-1.png\",\"datePublished\":\"2022-07-25T15:14:22+00:00\",\"dateModified\":\"2025-09-27T08:35:47+00:00\",\"description\":\"Palhinha flex\u00edvel de papel branca, resistente e ecol\u00f3gica. Com 0,58x22cm, \u00e9 embalada individualmente, garantindo praticidade e higiene. Ideal para eventos.\",\"breadcrumb\":{\"@id\":\"https:\/\/dev4copopalhinhas.devdg.pt\/produto\/palhinha-flexivel-papel-branca-058x22-embalagem-individual\/#breadcrumb\"},\"inLanguage\":\"es\",\"potentialAction\":[{\"@type\":\"ReadAction\",\"target\":[\"https:\/\/dev4copopalhinhas.devdg.pt\/produto\/palhinha-flexivel-papel-branca-058x22-embalagem-individual\/\"]}]},{\"@type\":\"ImageObject\",\"inLanguage\":\"es\",\"@id\":\"https:\/\/dev4copopalhinhas.devdg.pt\/produto\/palhinha-flexivel-papel-branca-058x22-embalagem-individual\/#primaryimage\",\"url\":\"https:\/\/dev4copopalhinhas.devdg.pt\/wp-content\/uploads\/06.1457.01043457-PALHINHAS-FLEXIVEL-BRANCA-58x22-PAPEL-EMBALADO-INDIVIDUALMENTE-web-1-1.png\",\"contentUrl\":\"https:\/\/dev4copopalhinhas.devdg.pt\/wp-content\/uploads\/06.1457.01043457-PALHINHAS-FLEXIVEL-BRANCA-58x22-PAPEL-EMBALADO-INDIVIDUALMENTE-web-1-1.png\",\"width\":1000,\"height\":1000,\"caption\":\"06.1457.01043457-PALHINHAS-FLEXIVEL-BRANCA-58x22-PAPEL-EMBALADO-INDIVIDUALMENTE-web-1-1\"},{\"@type\":\"BreadcrumbList\",\"@id\":\"https:\/\/dev4copopalhinhas.devdg.pt\/produto\/palhinha-flexivel-papel-branca-058x22-embalagem-individual\/#breadcrumb\",\"itemListElement\":[{\"@type\":\"ListItem\",\"position\":1,\"name\":\"In\u00edcio\",\"item\":\"https:\/\/dev4copopalhinhas.devdg.pt\/\"},{\"@type\":\"ListItem\",\"position\":2,\"name\":\"Loja\",\"item\":\"https:\/\/dev4copopalhinhas.devdg.pt\/loja\/\"},{\"@type\":\"ListItem\",\"position\":3,\"name\":\"PALHINHA FLEX\u00cdVEL DE PAPEL BRANCA 0,58X22CM (EMBALAGEM INDIVIDUAL)\"}]},{\"@type\":\"WebSite\",\"@id\":\"https:\/\/dev4copopalhinhas.devdg.pt\/#website\",\"url\":\"https:\/\/dev4copopalhinhas.devdg.pt\/\",\"name\":\"Copopalhinhas\",\"description\":\"Os Melhores Pre\u00e7os\",\"publisher\":{\"@id\":\"https:\/\/dev4copopalhinhas.devdg.pt\/#organization\"},\"potentialAction\":[{\"@type\":\"SearchAction\",\"target\":{\"@type\":\"EntryPoint\",\"urlTemplate\":\"https:\/\/dev4copopalhinhas.devdg.pt\/?s={search_term_string}\"},\"query-input\":{\"@type\":\"PropertyValueSpecification\",\"valueRequired\":true,\"valueName\":\"search_term_string\"}}],\"inLanguage\":\"es\"},{\"@type\":\"Organization\",\"@id\":\"https:\/\/dev4copopalhinhas.devdg.pt\/#organization\",\"name\":\"Copopalhinhas\",\"url\":\"https:\/\/dev4copopalhinhas.devdg.pt\/\",\"logo\":{\"@type\":\"ImageObject\",\"inLanguage\":\"es\",\"@id\":\"https:\/\/dev4copopalhinhas.devdg.pt\/#\/schema\/logo\/image\/\",\"url\":\"https:\/\/dev4copopalhinhas.devdg.pt\/wp-content\/uploads\/2022\/05\/COPOPALHINHASlogo.png\",\"contentUrl\":\"https:\/\/dev4copopalhinhas.devdg.pt\/wp-content\/uploads\/2022\/05\/COPOPALHINHASlogo.png\",\"width\":1200,\"height\":323,\"caption\":\"Copopalhinhas\"},\"image\":{\"@id\":\"https:\/\/dev4copopalhinhas.devdg.pt\/#\/schema\/logo\/image\/\"},\"sameAs\":[\"https:\/\/www.facebook.com\/copopalhinhas\",\"https:\/\/x.com\/copopalhinhas\",\"https:\/\/copopalhinhas.blogspot.pt\/\"]}]}<\/script>\n<!-- \/ Yoast SEO Premium plugin. -->","yoast_head_json":{"title":"PALHINHA FLEX\u00cdVEL DE PAPEL BRANCA 0,58X22CM (EMBALAGEM INDIVIDUAL) - Copopalhinhas","description":"Palhinha flex\u00edvel de papel branca, resistente e ecol\u00f3gica. Com 0,58x22cm, \u00e9 embalada individualmente, garantindo praticidade e higiene. Ideal para eventos.","robots":{"index":"index","follow":"follow","max-snippet":"max-snippet:-1","max-image-preview":"max-image-preview:large","max-video-preview":"max-video-preview:-1"},"canonical":"https:\/\/dev4copopalhinhas.devdg.pt\/es\/producto\/palhinha-flexivel-papel-branca-058x22-embalagem-individual\/","og_locale":"es_ES","og_type":"article","og_title":"PALHINHA FLEX\u00cdVEL DE PAPEL BRANCA 0,58X22CM (EMBALAGEM INDIVIDUAL)","og_description":"Palhinha flex\u00edvel de papel branca, resistente e ecol\u00f3gica. Com 0,58x22cm, \u00e9 embalada individualmente, garantindo praticidade e higiene. Ideal para eventos.","og_url":"https:\/\/dev4copopalhinhas.devdg.pt\/es\/producto\/palhinha-flexivel-papel-branca-058x22-embalagem-individual\/","og_site_name":"Copopalhinhas","article_publisher":"https:\/\/www.facebook.com\/copopalhinhas","article_modified_time":"2025-09-27T08:35:47+00:00","og_image":[{"width":1000,"height":1000,"url":"https:\/\/copopalhinhas.b-cdn.net\/wp-content\/uploads\/06.1457.01043457-PALHINHAS-FLEXIVEL-BRANCA-58x22-PAPEL-EMBALADO-INDIVIDUALMENTE-web-1-1.png","type":"image\/png"}],"twitter_card":"summary_large_image","twitter_site":"@copopalhinhas","schema":{"@context":"https:\/\/schema.org","@graph":[{"@type":"WebPage","@id":"https:\/\/dev4copopalhinhas.devdg.pt\/produto\/palhinha-flexivel-papel-branca-058x22-embalagem-individual\/","url":"https:\/\/dev4copopalhinhas.devdg.pt\/produto\/palhinha-flexivel-papel-branca-058x22-embalagem-individual\/","name":"PALHINHA FLEX\u00cdVEL DE PAPEL BRANCA 0,58X22CM (EMBALAGEM INDIVIDUAL) - Copopalhinhas","isPartOf":{"@id":"https:\/\/dev4copopalhinhas.devdg.pt\/#website"},"primaryImageOfPage":{"@id":"https:\/\/dev4copopalhinhas.devdg.pt\/produto\/palhinha-flexivel-papel-branca-058x22-embalagem-individual\/#primaryimage"},"image":{"@id":"https:\/\/dev4copopalhinhas.devdg.pt\/produto\/palhinha-flexivel-papel-branca-058x22-embalagem-individual\/#primaryimage"},"thumbnailUrl":"https:\/\/dev4copopalhinhas.devdg.pt\/wp-content\/uploads\/06.1457.01043457-PALHINHAS-FLEXIVEL-BRANCA-58x22-PAPEL-EMBALADO-INDIVIDUALMENTE-web-1-1.png","datePublished":"2022-07-25T15:14:22+00:00","dateModified":"2025-09-27T08:35:47+00:00","description":"Palhinha flex\u00edvel de papel branca, resistente e ecol\u00f3gica. Com 0,58x22cm, \u00e9 embalada individualmente, garantindo praticidade e higiene. Ideal para eventos.","breadcrumb":{"@id":"https:\/\/dev4copopalhinhas.devdg.pt\/produto\/palhinha-flexivel-papel-branca-058x22-embalagem-individual\/#breadcrumb"},"inLanguage":"es","potentialAction":[{"@type":"ReadAction","target":["https:\/\/dev4copopalhinhas.devdg.pt\/produto\/palhinha-flexivel-papel-branca-058x22-embalagem-individual\/"]}]},{"@type":"ImageObject","inLanguage":"es","@id":"https:\/\/dev4copopalhinhas.devdg.pt\/produto\/palhinha-flexivel-papel-branca-058x22-embalagem-individual\/#primaryimage","url":"https:\/\/dev4copopalhinhas.devdg.pt\/wp-content\/uploads\/06.1457.01043457-PALHINHAS-FLEXIVEL-BRANCA-58x22-PAPEL-EMBALADO-INDIVIDUALMENTE-web-1-1.png","contentUrl":"https:\/\/dev4copopalhinhas.devdg.pt\/wp-content\/uploads\/06.1457.01043457-PALHINHAS-FLEXIVEL-BRANCA-58x22-PAPEL-EMBALADO-INDIVIDUALMENTE-web-1-1.png","width":1000,"height":1000,"caption":"06.1457.01043457-PALHINHAS-FLEXIVEL-BRANCA-58x22-PAPEL-EMBALADO-INDIVIDUALMENTE-web-1-1"},{"@type":"BreadcrumbList","@id":"https:\/\/dev4copopalhinhas.devdg.pt\/produto\/palhinha-flexivel-papel-branca-058x22-embalagem-individual\/#breadcrumb","itemListElement":[{"@type":"ListItem","position":1,"name":"In\u00edcio","item":"https:\/\/dev4copopalhinhas.devdg.pt\/"},{"@type":"ListItem","position":2,"name":"Loja","item":"https:\/\/dev4copopalhinhas.devdg.pt\/loja\/"},{"@type":"ListItem","position":3,"name":"PALHINHA FLEX\u00cdVEL DE PAPEL BRANCA 0,58X22CM (EMBALAGEM INDIVIDUAL)"}]},{"@type":"WebSite","@id":"https:\/\/dev4copopalhinhas.devdg.pt\/#website","url":"https:\/\/dev4copopalhinhas.devdg.pt\/","name":"Pajitas para vasos","description":"Os Melhores Pre\u00e7os","publisher":{"@id":"https:\/\/dev4copopalhinhas.devdg.pt\/#organization"},"potentialAction":[{"@type":"SearchAction","target":{"@type":"EntryPoint","urlTemplate":"https:\/\/dev4copopalhinhas.devdg.pt\/?s={search_term_string}"},"query-input":{"@type":"PropertyValueSpecification","valueRequired":true,"valueName":"search_term_string"}}],"inLanguage":"es"},{"@type":"Organization","@id":"https:\/\/dev4copopalhinhas.devdg.pt\/#organization","name":"Pajitas para vasos","url":"https:\/\/dev4copopalhinhas.devdg.pt\/","logo":{"@type":"ImageObject","inLanguage":"es","@id":"https:\/\/dev4copopalhinhas.devdg.pt\/#\/schema\/logo\/image\/","url":"https:\/\/dev4copopalhinhas.devdg.pt\/wp-content\/uploads\/2022\/05\/COPOPALHINHASlogo.png","contentUrl":"https:\/\/dev4copopalhinhas.devdg.pt\/wp-content\/uploads\/2022\/05\/COPOPALHINHASlogo.png","width":1200,"height":323,"caption":"Copopalhinhas"},"image":{"@id":"https:\/\/dev4copopalhinhas.devdg.pt\/#\/schema\/logo\/image\/"},"sameAs":["https:\/\/www.facebook.com\/copopalhinhas","https:\/\/x.com\/copopalhinhas","https:\/\/copopalhinhas.blogspot.pt\/"]}]}},"_links":{"self":[{"href":"https:\/\/dev4copopalhinhas.devdg.pt\/es\/wp-json\/wp\/v2\/product\/12694","targetHints":{"allow":["GET"]}}],"collection":[{"href":"https:\/\/dev4copopalhinhas.devdg.pt\/es\/wp-json\/wp\/v2\/product"}],"about":[{"href":"https:\/\/dev4copopalhinhas.devdg.pt\/es\/wp-json\/wp\/v2\/types\/product"}],"replies":[{"embeddable":true,"href":"https:\/\/dev4copopalhinhas.devdg.pt\/es\/wp-json\/wp\/v2\/comments?post=12694"}],"wp:featuredmedia":[{"embeddable":true,"href":"https:\/\/dev4copopalhinhas.devdg.pt\/es\/wp-json\/wp\/v2\/media\/32224"}],"wp:attachment":[{"href":"https:\/\/dev4copopalhinhas.devdg.pt\/es\/wp-json\/wp\/v2\/media?parent=12694"}],"wp:term":[{"taxonomy":"product_cat","embeddable":true,"href":"https:\/\/dev4copopalhinhas.devdg.pt\/es\/wp-json\/wp\/v2\/product_cat?post=12694"},{"taxonomy":"product_tag","embeddable":true,"href":"https:\/\/dev4copopalhinhas.devdg.pt\/es\/wp-json\/wp\/v2\/product_tag?post=12694"}],"curies":[{"name":"wp","href":"https:\/\/api.w.org\/{rel}","templated":true}]}}