{"id":12698,"date":"2022-07-25T16:14:22","date_gmt":"2022-07-25T15:14:22","guid":{"rendered":"https:\/\/dev4copopalhinhas.devdg.pt\/produto\/palhinha-flexivel-de-papel-kraft-58x220mm\/"},"modified":"2025-10-09T12:24:45","modified_gmt":"2025-10-09T11:24:45","slug":"palhinha-flexivel-de-papel-kraft-058x22","status":"publish","type":"product","link":"https:\/\/dev4copopalhinhas.devdg.pt\/es\/producto\/palhinha-flexivel-de-papel-kraft-058x22\/","title":{"rendered":"PALHINHA FLEX\u00cdVEL DE PAPEL KRAFT 0,58X22CM"},"content":{"rendered":"<h3>Palhinha Flex\u00edvel de Papel Kraft 0,58x22cm \u2013 Sustent\u00e1vel e Biodegrad\u00e1vel<\/h3>\n<p>Escolha a palhinha flex\u00edvel de papel kraft 0,58x22cm e adote uma solu\u00e7\u00e3o pr\u00e1tica e sustent\u00e1vel. Al\u00e9m disso, o seu papel kraft resistente garante durabilidade, enquanto a composi\u00e7\u00e3o biodegrad\u00e1vel e recicl\u00e1vel reduz o impacto ambiental. Mais importante ainda, o design flex\u00edvel proporciona conforto ao beber qualquer tipo de bebida.<\/p>\n<p>Por outro lado, estas palhinhas de papel kraft s\u00e3o ideais para bebidas quentes ou frias, tornando-se uma excelente op\u00e7\u00e3o para caf\u00e9s, restaurantes e eventos. Gra\u00e7as ao seu aspeto natural e ecol\u00f3gico, destacam-se como uma alternativa moderna e respons\u00e1vel \u00e0s palhinhas de pl\u00e1stico.<\/p>\n<p>Afinal, ao optar pela palhinha flex\u00edvel de papel kraft, promove um consumo mais sustent\u00e1vel e contribui para um futuro mais verde. Dessa forma, mant\u00e9m a qualidade e a conveni\u00eancia sem comprometer o meio ambiente. Ver mais <a href=\"https:\/\/dev4copopalhinhas.devdg.pt\/es\/categorias\/palhinhas\/?wpf_filter_cat_list_0=1508&amp;wpf_fbv=1\">palhinhas de papel Kraft<\/a>.<\/p>\n<ul>\n<li><strong>Flexibilidade em Design:<\/strong> As palhinhas flex\u00edveis permitem que voc\u00ea desfrute das suas bebidas de forma confort\u00e1vel, independentemente do \u00e2ngulo, tornando-as ideais para cocktails\u00a0 elaborados e bebidas refrescantes.<\/li>\n<li><strong>Tamanho Vers\u00e1til:<\/strong> Com um comprimento de 22cm, essas palhinhas s\u00e3o adequadas para uma ampla variedade de bebidas, desde cocktails tropicais at\u00e9 smoothies espessos.<\/li>\n<li><strong>Material Sustent\u00e1vel:<\/strong> Feitas de papel kraft de alta qualidade, essas palhinhas s\u00e3o uma alternativa ecologicamente correta \u00e0s palhinhas de pl\u00e1stico, contribuindo para a redu\u00e7\u00e3o de res\u00edduos pl\u00e1sticos. Menor pegada de carbono quando comparada com palhinhas de papel \u201cconvencionais\u201d (-20% papel, -10% adesivo, -50% consumo de energia).<\/li>\n<li><strong>Versatilidade Sustent\u00e1vel:<\/strong> Estas palhinhas s\u00e3o ideais para uso dom\u00e9stico, bares, restaurantes e qualquer lugar que valorize a versatilidade, conforto e a sustentabilidade.<\/li>\n<li><strong>Alto Desempenho:<\/strong> supera os padr\u00f5es de mercado de 2 horas em l\u00edquidos.<\/li>\n<li><strong>Sem PFAS<\/strong>: Este produto \u00e9 livre de PFAS, garantido seguran\u00e7a e qualidade.<\/li>\n<\/ul>","protected":false},"excerpt":{"rendered":"<p>A palhinha flex\u00edvel de papel kraft 0,58x22cm \u00e9 uma solu\u00e7\u00e3o pr\u00e1tica e ecol\u00f3gica. Feita de papel kraft resistente, \u00e9 biodegrad\u00e1vel e recicl\u00e1vel, perfeita para bebidas quentes ou frias. Estas palhinhas de papel kraft s\u00e3o ideais para caf\u00e9s, restaurantes e eventos, combinando sustentabilidade e conveni\u00eancia em qualquer ocasi\u00e3o.\u00a0 Alto Desempenho: supera os padr\u00f5es de mercado de 2 horas em l\u00edquidos. Este produto \u00e9 livre de PFAS, garantido seguran\u00e7a e qualidade.<\/p>","protected":false},"featured_media":32234,"comment_status":"open","ping_status":"closed","template":"","meta":{"_acf_changed":false},"product_cat":[1898,2053,1725,1399,1705,1508,1469,229],"product_tag":[1570,2091,1612,2092,2090],"class_list":{"0":"post-12698","1":"product","2":"type-product","3":"status-publish","4":"has-post-thumbnail","6":"product_cat-58cm","7":"product_cat-palhinhas-flexiveis","8":"product_cat-castanho","9":"product_cat-avulso","10":"product_cat-flexivel","11":"product_cat-kraft","12":"product_cat-22cm","13":"product_cat-palhinhas","14":"product_tag-menu-palhinhas","15":"product_tag-palhinhas-de-papel","16":"product_tag-sub-menu-palhinhas-flexiveis","17":"product_tag-palhinhas-flexiveis-de-papel","18":"product_tag-papel-kraft","19":"pa_qtd-por-caixa-282","20":"pa_qtd-por-caixa-1320","21":"tm-no-options","23":"first","24":"instock","25":"taxable","26":"shipping-taxable","27":"purchasable","28":"product-type-variable"},"acf":[],"yoast_head":"<!-- This site is optimized with the Yoast SEO Premium plugin v23.9 (Yoast SEO v23.9) - https:\/\/yoast.com\/wordpress\/plugins\/seo\/ -->\n<title>PALHINHA FLEX\u00cdVEL DE PAPEL KRAFT 0,58X22CM - Copopalhinhas<\/title>\n<meta name=\"description\" content=\"A palhinha flex\u00edvel de papel kraft 0,58x22cm \u00e9 uma solu\u00e7\u00e3o pr\u00e1tica e ecol\u00f3gica. Feita de papel kraft resistente, \u00e9 biodegrad\u00e1vel e recicl\u00e1vel.\" \/>\n<meta name=\"robots\" content=\"index, follow, max-snippet:-1, max-image-preview:large, max-video-preview:-1\" \/>\n<link rel=\"canonical\" href=\"https:\/\/dev4copopalhinhas.devdg.pt\/es\/producto\/palhinha-flexivel-de-papel-kraft-058x22\/\" \/>\n<meta property=\"og:locale\" content=\"es_ES\" \/>\n<meta property=\"og:type\" content=\"article\" \/>\n<meta property=\"og:title\" content=\"PALHINHA FLEX\u00cdVEL DE PAPEL KRAFT 0,58X22CM\" \/>\n<meta property=\"og:description\" content=\"A palhinha flex\u00edvel de papel kraft 0,58x22cm \u00e9 uma solu\u00e7\u00e3o pr\u00e1tica e ecol\u00f3gica. Feita de papel kraft resistente, \u00e9 biodegrad\u00e1vel e recicl\u00e1vel.\" \/>\n<meta property=\"og:url\" content=\"https:\/\/dev4copopalhinhas.devdg.pt\/es\/producto\/palhinha-flexivel-de-papel-kraft-058x22\/\" \/>\n<meta property=\"og:site_name\" content=\"Copopalhinhas\" \/>\n<meta property=\"article:publisher\" content=\"https:\/\/www.facebook.com\/copopalhinhas\" \/>\n<meta property=\"article:modified_time\" content=\"2025-10-09T11:24:45+00:00\" \/>\n<meta property=\"og:image\" content=\"https:\/\/copopalhinhas.b-cdn.net\/wp-content\/uploads\/06.1057.28033239-PALHINHA-FLEXIVEL-DE-PAPEL-KRAFT-58-X-220_web1-1.png\" \/>\n\t<meta property=\"og:image:width\" content=\"1000\" \/>\n\t<meta property=\"og:image:height\" content=\"1000\" \/>\n\t<meta property=\"og:image:type\" content=\"image\/png\" \/>\n<meta name=\"twitter:card\" content=\"summary_large_image\" \/>\n<meta name=\"twitter:site\" content=\"@copopalhinhas\" \/>\n<script type=\"application\/ld+json\" class=\"yoast-schema-graph\">{\"@context\":\"https:\/\/schema.org\",\"@graph\":[{\"@type\":\"WebPage\",\"@id\":\"https:\/\/dev4copopalhinhas.devdg.pt\/produto\/palhinha-flexivel-de-papel-kraft-058x22\/\",\"url\":\"https:\/\/dev4copopalhinhas.devdg.pt\/produto\/palhinha-flexivel-de-papel-kraft-058x22\/\",\"name\":\"PALHINHA FLEX\u00cdVEL DE PAPEL KRAFT 0,58X22CM - Copopalhinhas\",\"isPartOf\":{\"@id\":\"https:\/\/dev4copopalhinhas.devdg.pt\/#website\"},\"primaryImageOfPage\":{\"@id\":\"https:\/\/dev4copopalhinhas.devdg.pt\/produto\/palhinha-flexivel-de-papel-kraft-058x22\/#primaryimage\"},\"image\":{\"@id\":\"https:\/\/dev4copopalhinhas.devdg.pt\/produto\/palhinha-flexivel-de-papel-kraft-058x22\/#primaryimage\"},\"thumbnailUrl\":\"https:\/\/dev4copopalhinhas.devdg.pt\/wp-content\/uploads\/06.1057.28033239-PALHINHA-FLEXIVEL-DE-PAPEL-KRAFT-58-X-220_web1-1.png\",\"datePublished\":\"2022-07-25T15:14:22+00:00\",\"dateModified\":\"2025-10-09T11:24:45+00:00\",\"description\":\"A palhinha flex\u00edvel de papel kraft 0,58x22cm \u00e9 uma solu\u00e7\u00e3o pr\u00e1tica e ecol\u00f3gica. Feita de papel kraft resistente, \u00e9 biodegrad\u00e1vel e recicl\u00e1vel.\",\"breadcrumb\":{\"@id\":\"https:\/\/dev4copopalhinhas.devdg.pt\/produto\/palhinha-flexivel-de-papel-kraft-058x22\/#breadcrumb\"},\"inLanguage\":\"es\",\"potentialAction\":[{\"@type\":\"ReadAction\",\"target\":[\"https:\/\/dev4copopalhinhas.devdg.pt\/produto\/palhinha-flexivel-de-papel-kraft-058x22\/\"]}]},{\"@type\":\"ImageObject\",\"inLanguage\":\"es\",\"@id\":\"https:\/\/dev4copopalhinhas.devdg.pt\/produto\/palhinha-flexivel-de-papel-kraft-058x22\/#primaryimage\",\"url\":\"https:\/\/dev4copopalhinhas.devdg.pt\/wp-content\/uploads\/06.1057.28033239-PALHINHA-FLEXIVEL-DE-PAPEL-KRAFT-58-X-220_web1-1.png\",\"contentUrl\":\"https:\/\/dev4copopalhinhas.devdg.pt\/wp-content\/uploads\/06.1057.28033239-PALHINHA-FLEXIVEL-DE-PAPEL-KRAFT-58-X-220_web1-1.png\",\"width\":1000,\"height\":1000,\"caption\":\"06.1057.28033239-PAL\"},{\"@type\":\"BreadcrumbList\",\"@id\":\"https:\/\/dev4copopalhinhas.devdg.pt\/produto\/palhinha-flexivel-de-papel-kraft-058x22\/#breadcrumb\",\"itemListElement\":[{\"@type\":\"ListItem\",\"position\":1,\"name\":\"In\u00edcio\",\"item\":\"https:\/\/dev4copopalhinhas.devdg.pt\/\"},{\"@type\":\"ListItem\",\"position\":2,\"name\":\"Loja\",\"item\":\"https:\/\/dev4copopalhinhas.devdg.pt\/loja\/\"},{\"@type\":\"ListItem\",\"position\":3,\"name\":\"PALHINHA FLEX\u00cdVEL DE PAPEL KRAFT 0,58X22CM\"}]},{\"@type\":\"WebSite\",\"@id\":\"https:\/\/dev4copopalhinhas.devdg.pt\/#website\",\"url\":\"https:\/\/dev4copopalhinhas.devdg.pt\/\",\"name\":\"Copopalhinhas\",\"description\":\"Os Melhores Pre\u00e7os\",\"publisher\":{\"@id\":\"https:\/\/dev4copopalhinhas.devdg.pt\/#organization\"},\"potentialAction\":[{\"@type\":\"SearchAction\",\"target\":{\"@type\":\"EntryPoint\",\"urlTemplate\":\"https:\/\/dev4copopalhinhas.devdg.pt\/?s={search_term_string}\"},\"query-input\":{\"@type\":\"PropertyValueSpecification\",\"valueRequired\":true,\"valueName\":\"search_term_string\"}}],\"inLanguage\":\"es\"},{\"@type\":\"Organization\",\"@id\":\"https:\/\/dev4copopalhinhas.devdg.pt\/#organization\",\"name\":\"Copopalhinhas\",\"url\":\"https:\/\/dev4copopalhinhas.devdg.pt\/\",\"logo\":{\"@type\":\"ImageObject\",\"inLanguage\":\"es\",\"@id\":\"https:\/\/dev4copopalhinhas.devdg.pt\/#\/schema\/logo\/image\/\",\"url\":\"https:\/\/dev4copopalhinhas.devdg.pt\/wp-content\/uploads\/2022\/05\/COPOPALHINHASlogo.png\",\"contentUrl\":\"https:\/\/dev4copopalhinhas.devdg.pt\/wp-content\/uploads\/2022\/05\/COPOPALHINHASlogo.png\",\"width\":1200,\"height\":323,\"caption\":\"Copopalhinhas\"},\"image\":{\"@id\":\"https:\/\/dev4copopalhinhas.devdg.pt\/#\/schema\/logo\/image\/\"},\"sameAs\":[\"https:\/\/www.facebook.com\/copopalhinhas\",\"https:\/\/x.com\/copopalhinhas\",\"https:\/\/copopalhinhas.blogspot.pt\/\"]}]}<\/script>\n<!-- \/ Yoast SEO Premium plugin. -->","yoast_head_json":{"title":"PALHINHA FLEX\u00cdVEL DE PAPEL KRAFT 0,58X22CM - Copopalhinhas","description":"A palhinha flex\u00edvel de papel kraft 0,58x22cm \u00e9 uma solu\u00e7\u00e3o pr\u00e1tica e ecol\u00f3gica. Feita de papel kraft resistente, \u00e9 biodegrad\u00e1vel e recicl\u00e1vel.","robots":{"index":"index","follow":"follow","max-snippet":"max-snippet:-1","max-image-preview":"max-image-preview:large","max-video-preview":"max-video-preview:-1"},"canonical":"https:\/\/dev4copopalhinhas.devdg.pt\/es\/producto\/palhinha-flexivel-de-papel-kraft-058x22\/","og_locale":"es_ES","og_type":"article","og_title":"PALHINHA FLEX\u00cdVEL DE PAPEL KRAFT 0,58X22CM","og_description":"A palhinha flex\u00edvel de papel kraft 0,58x22cm \u00e9 uma solu\u00e7\u00e3o pr\u00e1tica e ecol\u00f3gica. Feita de papel kraft resistente, \u00e9 biodegrad\u00e1vel e recicl\u00e1vel.","og_url":"https:\/\/dev4copopalhinhas.devdg.pt\/es\/producto\/palhinha-flexivel-de-papel-kraft-058x22\/","og_site_name":"Copopalhinhas","article_publisher":"https:\/\/www.facebook.com\/copopalhinhas","article_modified_time":"2025-10-09T11:24:45+00:00","og_image":[{"width":1000,"height":1000,"url":"https:\/\/copopalhinhas.b-cdn.net\/wp-content\/uploads\/06.1057.28033239-PALHINHA-FLEXIVEL-DE-PAPEL-KRAFT-58-X-220_web1-1.png","type":"image\/png"}],"twitter_card":"summary_large_image","twitter_site":"@copopalhinhas","schema":{"@context":"https:\/\/schema.org","@graph":[{"@type":"WebPage","@id":"https:\/\/dev4copopalhinhas.devdg.pt\/produto\/palhinha-flexivel-de-papel-kraft-058x22\/","url":"https:\/\/dev4copopalhinhas.devdg.pt\/produto\/palhinha-flexivel-de-papel-kraft-058x22\/","name":"PALHINHA FLEX\u00cdVEL DE PAPEL KRAFT 0,58X22CM - Copopalhinhas","isPartOf":{"@id":"https:\/\/dev4copopalhinhas.devdg.pt\/#website"},"primaryImageOfPage":{"@id":"https:\/\/dev4copopalhinhas.devdg.pt\/produto\/palhinha-flexivel-de-papel-kraft-058x22\/#primaryimage"},"image":{"@id":"https:\/\/dev4copopalhinhas.devdg.pt\/produto\/palhinha-flexivel-de-papel-kraft-058x22\/#primaryimage"},"thumbnailUrl":"https:\/\/dev4copopalhinhas.devdg.pt\/wp-content\/uploads\/06.1057.28033239-PALHINHA-FLEXIVEL-DE-PAPEL-KRAFT-58-X-220_web1-1.png","datePublished":"2022-07-25T15:14:22+00:00","dateModified":"2025-10-09T11:24:45+00:00","description":"A palhinha flex\u00edvel de papel kraft 0,58x22cm \u00e9 uma solu\u00e7\u00e3o pr\u00e1tica e ecol\u00f3gica. Feita de papel kraft resistente, \u00e9 biodegrad\u00e1vel e recicl\u00e1vel.","breadcrumb":{"@id":"https:\/\/dev4copopalhinhas.devdg.pt\/produto\/palhinha-flexivel-de-papel-kraft-058x22\/#breadcrumb"},"inLanguage":"es","potentialAction":[{"@type":"ReadAction","target":["https:\/\/dev4copopalhinhas.devdg.pt\/produto\/palhinha-flexivel-de-papel-kraft-058x22\/"]}]},{"@type":"ImageObject","inLanguage":"es","@id":"https:\/\/dev4copopalhinhas.devdg.pt\/produto\/palhinha-flexivel-de-papel-kraft-058x22\/#primaryimage","url":"https:\/\/dev4copopalhinhas.devdg.pt\/wp-content\/uploads\/06.1057.28033239-PALHINHA-FLEXIVEL-DE-PAPEL-KRAFT-58-X-220_web1-1.png","contentUrl":"https:\/\/dev4copopalhinhas.devdg.pt\/wp-content\/uploads\/06.1057.28033239-PALHINHA-FLEXIVEL-DE-PAPEL-KRAFT-58-X-220_web1-1.png","width":1000,"height":1000,"caption":"06.1057.28033239-PAL"},{"@type":"BreadcrumbList","@id":"https:\/\/dev4copopalhinhas.devdg.pt\/produto\/palhinha-flexivel-de-papel-kraft-058x22\/#breadcrumb","itemListElement":[{"@type":"ListItem","position":1,"name":"In\u00edcio","item":"https:\/\/dev4copopalhinhas.devdg.pt\/"},{"@type":"ListItem","position":2,"name":"Loja","item":"https:\/\/dev4copopalhinhas.devdg.pt\/loja\/"},{"@type":"ListItem","position":3,"name":"PALHINHA FLEX\u00cdVEL DE PAPEL KRAFT 0,58X22CM"}]},{"@type":"WebSite","@id":"https:\/\/dev4copopalhinhas.devdg.pt\/#website","url":"https:\/\/dev4copopalhinhas.devdg.pt\/","name":"Pajitas para vasos","description":"Os Melhores Pre\u00e7os","publisher":{"@id":"https:\/\/dev4copopalhinhas.devdg.pt\/#organization"},"potentialAction":[{"@type":"SearchAction","target":{"@type":"EntryPoint","urlTemplate":"https:\/\/dev4copopalhinhas.devdg.pt\/?s={search_term_string}"},"query-input":{"@type":"PropertyValueSpecification","valueRequired":true,"valueName":"search_term_string"}}],"inLanguage":"es"},{"@type":"Organization","@id":"https:\/\/dev4copopalhinhas.devdg.pt\/#organization","name":"Pajitas para vasos","url":"https:\/\/dev4copopalhinhas.devdg.pt\/","logo":{"@type":"ImageObject","inLanguage":"es","@id":"https:\/\/dev4copopalhinhas.devdg.pt\/#\/schema\/logo\/image\/","url":"https:\/\/dev4copopalhinhas.devdg.pt\/wp-content\/uploads\/2022\/05\/COPOPALHINHASlogo.png","contentUrl":"https:\/\/dev4copopalhinhas.devdg.pt\/wp-content\/uploads\/2022\/05\/COPOPALHINHASlogo.png","width":1200,"height":323,"caption":"Copopalhinhas"},"image":{"@id":"https:\/\/dev4copopalhinhas.devdg.pt\/#\/schema\/logo\/image\/"},"sameAs":["https:\/\/www.facebook.com\/copopalhinhas","https:\/\/x.com\/copopalhinhas","https:\/\/copopalhinhas.blogspot.pt\/"]}]}},"_links":{"self":[{"href":"https:\/\/dev4copopalhinhas.devdg.pt\/es\/wp-json\/wp\/v2\/product\/12698","targetHints":{"allow":["GET"]}}],"collection":[{"href":"https:\/\/dev4copopalhinhas.devdg.pt\/es\/wp-json\/wp\/v2\/product"}],"about":[{"href":"https:\/\/dev4copopalhinhas.devdg.pt\/es\/wp-json\/wp\/v2\/types\/product"}],"replies":[{"embeddable":true,"href":"https:\/\/dev4copopalhinhas.devdg.pt\/es\/wp-json\/wp\/v2\/comments?post=12698"}],"wp:featuredmedia":[{"embeddable":true,"href":"https:\/\/dev4copopalhinhas.devdg.pt\/es\/wp-json\/wp\/v2\/media\/32234"}],"wp:attachment":[{"href":"https:\/\/dev4copopalhinhas.devdg.pt\/es\/wp-json\/wp\/v2\/media?parent=12698"}],"wp:term":[{"taxonomy":"product_cat","embeddable":true,"href":"https:\/\/dev4copopalhinhas.devdg.pt\/es\/wp-json\/wp\/v2\/product_cat?post=12698"},{"taxonomy":"product_tag","embeddable":true,"href":"https:\/\/dev4copopalhinhas.devdg.pt\/es\/wp-json\/wp\/v2\/product_tag?post=12698"}],"curies":[{"name":"wp","href":"https:\/\/api.w.org\/{rel}","templated":true}]}}