{"id":23453,"date":"2023-01-30T14:48:14","date_gmt":"2023-01-30T14:48:14","guid":{"rendered":"https:\/\/dev4copopalhinhas.devdg.pt\/?post_type=product&#038;p=23453"},"modified":"2025-09-27T18:41:46","modified_gmt":"2025-09-27T17:41:46","slug":"barqueta-bandeja-cartao-ondulado-nano-micro-135x85cm","status":"publish","type":"product","link":"https:\/\/dev4copopalhinhas.devdg.pt\/es\/producto\/barqueta-bandeja-cartao-ondulado-nano-micro-135x85cm\/","title":{"rendered":"BARQUETA (BANDEJA) CART\u00c3O ONDULADO NANO-MICRO 13,5X8,5CM"},"content":{"rendered":"<h2>Barqueta Cart\u00e3o Nano-Micro 13,5&#215;8,5cm \u2014 Leve, Resistente e Vers\u00e1til<\/h2>\n<p>EL <strong>barqueta cart\u00e3o nano-micro<\/strong> 13,5&#215;8,5cm foi criada para servir alimentos com efici\u00eancia e excelente apresenta\u00e7\u00e3o. Al\u00e9m disso, a tecnologia de cart\u00e3o ondulado <em>nano-micro<\/em> confere maior rigidez com menor espessura, o que reduz peso e melhora a estabilidade em servi\u00e7o. Assim, consegue por\u00e7\u00f5es elegantes para petiscos, snacks, fritos, finger food e sobremesas individuais, tanto em restaura\u00e7\u00e3o como em eventos e <em>llevar<\/em>.<\/p>\n<h3>Cart\u00e3o Ondulado Nano-Micro de Alta Qualidade<\/h3>\n<p>O miolo ondulado de passo reduzido oferece estrutura s\u00f3lida e confort\u00e1vel ao toque. Por um lado, a barqueta mant\u00e9m a forma mesmo com alimentos suculentos. Por outro, a parede fina ocupa menos espa\u00e7o no armazenamento e facilita a reposi\u00e7\u00e3o em linha. Consequentemente, a <strong>bandeja cart\u00e3o nano-micro<\/strong> acelera opera\u00e7\u00f5es em buffets, quiosques e festivais, sem perder a est\u00e9tica.<\/p>\n<h3>Seguran\u00e7a Alimentar e Conformidade<\/h3>\n<p>Este produto \u00e9 <strong>Apto para contacto con alimentos<\/strong>, de conformidad con la <a href=\"https:\/\/eur-lex.europa.eu\/legal-content\/PT\/TXT\/?uri=CELEX:32004R1935\" target=\"_blank\" rel=\"noopener\">Regulamento (CE) n.\u00ba 1935\/2004<\/a>, e segue boas pr\u00e1ticas de fabrico segundo o <a href=\"https:\/\/eur-lex.europa.eu\/legal-content\/PT\/TXT\/?uri=CELEX:32006R2023\" target=\"_blank\" rel=\"noopener\">Regulamento (CE) n.\u00ba 2023\/2006<\/a>. Al\u00e9m disso, \u00e9 isento de BPA e PFOA. Assim, utiliza a <strong>barqueta ondulada 13,5&#215;8,5<\/strong> com total confian\u00e7a em ambientes profissionais e dom\u00e9sticos.<\/p>\n<h3>Desempenho e Temperatura<\/h3>\n<p>O cart\u00e3o apresenta <strong>boa resist\u00eancia a \u00f3leos e gorduras<\/strong>, reduzindo manchas e deforma\u00e7\u00f5es. Adicionalmente, suporta o intervalo t\u00e9rmico t\u00edpico de <strong>\u221218 \u00baC a +70 \u00baC<\/strong>, adequado a alimentos quentes e frios do dia a dia. Para maior conveni\u00eancia, \u00e9 <strong>apta para micro-ondas (aquecimento curto)<\/strong>; <strong>n\u00e3o \u00e9 apta para forno<\/strong>. Deste modo, a <strong>travessa cart\u00e3o 13,5&#215;8,5<\/strong> adapta-se ao servi\u00e7o em balc\u00e3o, ao reaquecimento r\u00e1pido e ao consumo imediato.<\/p>\n<h3>Opera\u00e7\u00e3o R\u00e1pida e Experi\u00eancia Melhor<\/h3>\n<p>Leve e empilh\u00e1vel, a barqueta facilita mise en place, enchimento e transporte. Entretanto, o formato aberto valoriza o conte\u00fado e oferece preens\u00e3o confort\u00e1vel. Como resultado, a equipa ganha tempo, reduz quebras e mant\u00e9m o ritmo mesmo nas horas de pico. Entretanto, a <strong>bandeja cart\u00e3o ondulado<\/strong> confere um toque natural que combina com propostas r\u00fasticas ou contempor\u00e2neas.<\/p>\n<h3>Solu\u00e7\u00e3o Mais Respons\u00e1vel<\/h3>\n<p>Por ser de papel\/cart\u00e3o, o produto \u00e9 <strong>recicl\u00e1vel<\/strong> y se puede reenviar a <strong>recupera\u00e7\u00e3o energ\u00e9tica<\/strong>, conforme as pr\u00e1ticas locais. Assim, reduz o uso de pl\u00e1sticos de utiliza\u00e7\u00e3o \u00fanica e comunica um compromisso claro com escolhas mais sustent\u00e1veis, sem comprometer a performance di\u00e1ria.<\/p>\n<h3>Especifica\u00e7\u00f5es Essenciais<\/h3>\n<p><strong>Dimens\u00f5es:<\/strong> 13,5 x 8,5 cm. <strong>Material:<\/strong> cart\u00e3o ondulado nano-micro. <strong>Color:<\/strong> natural. <strong>Tipo:<\/strong> descart\u00e1vel, recicl\u00e1vel. <strong>Propiedades:<\/strong> resistente a \u00f3leos e gorduras; <strong>Apto para contacto con alimentos<\/strong>; intervalo de utiliza\u00e7\u00e3o \u221218 \u00baC a +70 \u00baC; <strong>apta para micro-ondas (curta dura\u00e7\u00e3o)<\/strong>; <strong>n\u00e3o apta para forno<\/strong>. <strong>Aplica\u00e7\u00f5es:<\/strong> petiscos, batatas fritas, salgados, doces, por\u00e7\u00f5es individuais, finger food e degusta\u00e7\u00f5es.<\/p>\n<p>En resumen, el <strong>barqueta cart\u00e3o nano-micro<\/strong> 13,5&#215;8,5cm re\u00fane leveza, firmeza e apresenta\u00e7\u00e3o cuidada, garantindo servi\u00e7o r\u00e1pido e uma experi\u00eancia consistente para o cliente em qualquer ocasi\u00e3o. Veja mais produtos em <a href=\"https:\/\/dev4copopalhinhas.devdg.pt\/es\/categorias\/loucas-descartaveis\/\">Lou\u00e7as Descart\u00e1veis<\/a>.<\/p>\n<p><img decoding=\"async\" src=\"https:\/\/dev4copopalhinhas.devdg.pt\/wp-content\/uploads\/Icons_alimentos.png\" alt=\"\" width=\"30\" height=\"30\" \/>\u00a0<img decoding=\"async\" src=\"https:\/\/dev4copopalhinhas.devdg.pt\/wp-content\/uploads\/Icon_DESCARTAVEL.png\" alt=\"\" width=\"30\" height=\"30\" \/>\u00a0<img decoding=\"async\" src=\"https:\/\/dev4copopalhinhas.devdg.pt\/wp-content\/uploads\/Icon_reciclaveis.png\" alt=\"\" width=\"30\" height=\"30\" \/><\/p>","protected":false},"excerpt":{"rendered":"<p>A barqueta cart\u00e3o nano-micro 13,5&#215;8,5cm combina leveza e rigidez para servir por\u00e7\u00f5es elegantes. Al\u00e9m disso, resiste a \u00f3leos e suporta \u221218 \u00baC a +70 \u00baC. \u00c9 apta para contacto alimentar e permite aquecimento curto em micro-ondas. Por isso, a bandeja cart\u00e3o ondulado \u00e9 ideal para finger food, petiscos e sobremesas.<\/p>","protected":false},"featured_media":27744,"comment_status":"open","ping_status":"closed","template":"","meta":{"_acf_changed":false},"product_cat":[2008,2040,1725,1512,1484,1458,1501,1701,226],"product_tag":[1569,1596,1598],"class_list":{"0":"post-23453","1":"product","2":"type-product","3":"status-publish","4":"has-post-thumbnail","6":"product_cat-loucas-descartaveis","7":"product_cat-loucas-descartaveis-cartao","8":"product_cat-castanho","9":"product_cat-descartavel","10":"product_cat-cartao","11":"product_cat-bandejas","12":"product_cat-comida-oriental","13":"product_cat-travessa","14":"product_cat-loucas","15":"product_tag-menu-descartaveis","16":"product_tag-sub-menu-loucas-descartaveis","17":"product_tag-sub-menu-loucas-descartaveis-cartao","18":"pa_qtd-por-caixa-1347","19":"pa_qtd-por-caixa-1315","20":"tm-no-options","22":"first","23":"instock","24":"taxable","25":"shipping-taxable","26":"purchasable","27":"product-type-variable"},"acf":[],"yoast_head":"<!-- This site is optimized with the Yoast SEO Premium plugin v23.9 (Yoast SEO v23.9) - https:\/\/yoast.com\/wordpress\/plugins\/seo\/ -->\n<title>BARQUETA CART\u00c3O ONDULADO NANO-MICRO 13,5X8,5CM<\/title>\n<meta name=\"description\" content=\"Barqueta cart\u00e3o nano-micro 13,5x8,5cm, resistente a \u00f3leos e apta para contacto alimentar. Suporta \u221218 \u00baC a +70 \u00baC e micro-ondas curto. Ideal para petiscos.\" \/>\n<meta name=\"robots\" content=\"index, follow, max-snippet:-1, max-image-preview:large, max-video-preview:-1\" \/>\n<link rel=\"canonical\" href=\"https:\/\/dev4copopalhinhas.devdg.pt\/es\/producto\/barqueta-bandeja-cartao-ondulado-nano-micro-135x85cm\/\" \/>\n<meta property=\"og:locale\" content=\"es_ES\" \/>\n<meta property=\"og:type\" content=\"article\" \/>\n<meta property=\"og:title\" content=\"BARQUETA (BANDEJA) CART\u00c3O ONDULADO NANO-MICRO 13,5X8,5CM\" \/>\n<meta property=\"og:description\" content=\"Barqueta cart\u00e3o nano-micro 13,5x8,5cm, resistente a \u00f3leos e apta para contacto alimentar. Suporta \u221218 \u00baC a +70 \u00baC e micro-ondas curto. Ideal para petiscos.\" \/>\n<meta property=\"og:url\" content=\"https:\/\/dev4copopalhinhas.devdg.pt\/es\/producto\/barqueta-bandeja-cartao-ondulado-nano-micro-135x85cm\/\" \/>\n<meta property=\"og:site_name\" content=\"Copopalhinhas\" \/>\n<meta property=\"article:publisher\" content=\"https:\/\/www.facebook.com\/copopalhinhas\" \/>\n<meta property=\"article:modified_time\" content=\"2025-09-27T17:41:46+00:00\" \/>\n<meta property=\"og:image\" content=\"https:\/\/copopalhinhas.b-cdn.net\/wp-content\/uploads\/HOS234.97-TRAVESSA-BANDEJA-CARTAO-ONDULADO-NANO-MICRO-NATURAL-KRAFT135X85CM-Copopalhinhas-web-1.png\" \/>\n\t<meta property=\"og:image:width\" content=\"1000\" \/>\n\t<meta property=\"og:image:height\" content=\"1000\" \/>\n\t<meta property=\"og:image:type\" content=\"image\/png\" \/>\n<meta name=\"twitter:card\" content=\"summary_large_image\" \/>\n<meta name=\"twitter:site\" content=\"@copopalhinhas\" \/>\n<script type=\"application\/ld+json\" class=\"yoast-schema-graph\">{\"@context\":\"https:\/\/schema.org\",\"@graph\":[{\"@type\":\"WebPage\",\"@id\":\"https:\/\/dev4copopalhinhas.devdg.pt\/produto\/barqueta-bandeja-cartao-ondulado-nano-micro-135x85cm\/\",\"url\":\"https:\/\/dev4copopalhinhas.devdg.pt\/produto\/barqueta-bandeja-cartao-ondulado-nano-micro-135x85cm\/\",\"name\":\"BARQUETA CART\u00c3O ONDULADO NANO-MICRO 13,5X8,5CM\",\"isPartOf\":{\"@id\":\"https:\/\/dev4copopalhinhas.devdg.pt\/#website\"},\"primaryImageOfPage\":{\"@id\":\"https:\/\/dev4copopalhinhas.devdg.pt\/produto\/barqueta-bandeja-cartao-ondulado-nano-micro-135x85cm\/#primaryimage\"},\"image\":{\"@id\":\"https:\/\/dev4copopalhinhas.devdg.pt\/produto\/barqueta-bandeja-cartao-ondulado-nano-micro-135x85cm\/#primaryimage\"},\"thumbnailUrl\":\"https:\/\/dev4copopalhinhas.devdg.pt\/wp-content\/uploads\/HOS234.97-TRAVESSA-BANDEJA-CARTAO-ONDULADO-NANO-MICRO-NATURAL-KRAFT135X85CM-Copopalhinhas-web-1.png\",\"datePublished\":\"2023-01-30T14:48:14+00:00\",\"dateModified\":\"2025-09-27T17:41:46+00:00\",\"description\":\"Barqueta cart\u00e3o nano-micro 13,5x8,5cm, resistente a \u00f3leos e apta para contacto alimentar. Suporta \u221218 \u00baC a +70 \u00baC e micro-ondas curto. Ideal para petiscos.\",\"breadcrumb\":{\"@id\":\"https:\/\/dev4copopalhinhas.devdg.pt\/produto\/barqueta-bandeja-cartao-ondulado-nano-micro-135x85cm\/#breadcrumb\"},\"inLanguage\":\"es\",\"potentialAction\":[{\"@type\":\"ReadAction\",\"target\":[\"https:\/\/dev4copopalhinhas.devdg.pt\/produto\/barqueta-bandeja-cartao-ondulado-nano-micro-135x85cm\/\"]}]},{\"@type\":\"ImageObject\",\"inLanguage\":\"es\",\"@id\":\"https:\/\/dev4copopalhinhas.devdg.pt\/produto\/barqueta-bandeja-cartao-ondulado-nano-micro-135x85cm\/#primaryimage\",\"url\":\"https:\/\/dev4copopalhinhas.devdg.pt\/wp-content\/uploads\/HOS234.97-TRAVESSA-BANDEJA-CARTAO-ONDULADO-NANO-MICRO-NATURAL-KRAFT135X85CM-Copopalhinhas-web-1.png\",\"contentUrl\":\"https:\/\/dev4copopalhinhas.devdg.pt\/wp-content\/uploads\/HOS234.97-TRAVESSA-BANDEJA-CARTAO-ONDULADO-NANO-MICRO-NATURAL-KRAFT135X85CM-Copopalhinhas-web-1.png\",\"width\":1000,\"height\":1000,\"caption\":\"HOS234.97-TRAVESSA-BANDEJA-CARTAO-ONDULADO-NANO-MICRO-NATURAL-KRAFT135X85CM-Copopalhinhas-web-5\"},{\"@type\":\"BreadcrumbList\",\"@id\":\"https:\/\/dev4copopalhinhas.devdg.pt\/produto\/barqueta-bandeja-cartao-ondulado-nano-micro-135x85cm\/#breadcrumb\",\"itemListElement\":[{\"@type\":\"ListItem\",\"position\":1,\"name\":\"In\u00edcio\",\"item\":\"https:\/\/dev4copopalhinhas.devdg.pt\/\"},{\"@type\":\"ListItem\",\"position\":2,\"name\":\"Loja\",\"item\":\"https:\/\/dev4copopalhinhas.devdg.pt\/loja\/\"},{\"@type\":\"ListItem\",\"position\":3,\"name\":\"BARQUETA (BANDEJA) CART\u00c3O ONDULADO NANO-MICRO 13,5X8,5CM\"}]},{\"@type\":\"WebSite\",\"@id\":\"https:\/\/dev4copopalhinhas.devdg.pt\/#website\",\"url\":\"https:\/\/dev4copopalhinhas.devdg.pt\/\",\"name\":\"Copopalhinhas\",\"description\":\"Os Melhores Pre\u00e7os\",\"publisher\":{\"@id\":\"https:\/\/dev4copopalhinhas.devdg.pt\/#organization\"},\"potentialAction\":[{\"@type\":\"SearchAction\",\"target\":{\"@type\":\"EntryPoint\",\"urlTemplate\":\"https:\/\/dev4copopalhinhas.devdg.pt\/?s={search_term_string}\"},\"query-input\":{\"@type\":\"PropertyValueSpecification\",\"valueRequired\":true,\"valueName\":\"search_term_string\"}}],\"inLanguage\":\"es\"},{\"@type\":\"Organization\",\"@id\":\"https:\/\/dev4copopalhinhas.devdg.pt\/#organization\",\"name\":\"Copopalhinhas\",\"url\":\"https:\/\/dev4copopalhinhas.devdg.pt\/\",\"logo\":{\"@type\":\"ImageObject\",\"inLanguage\":\"es\",\"@id\":\"https:\/\/dev4copopalhinhas.devdg.pt\/#\/schema\/logo\/image\/\",\"url\":\"https:\/\/dev4copopalhinhas.devdg.pt\/wp-content\/uploads\/2022\/05\/COPOPALHINHASlogo.png\",\"contentUrl\":\"https:\/\/dev4copopalhinhas.devdg.pt\/wp-content\/uploads\/2022\/05\/COPOPALHINHASlogo.png\",\"width\":1200,\"height\":323,\"caption\":\"Copopalhinhas\"},\"image\":{\"@id\":\"https:\/\/dev4copopalhinhas.devdg.pt\/#\/schema\/logo\/image\/\"},\"sameAs\":[\"https:\/\/www.facebook.com\/copopalhinhas\",\"https:\/\/x.com\/copopalhinhas\",\"https:\/\/copopalhinhas.blogspot.pt\/\"]}]}<\/script>\n<!-- \/ Yoast SEO Premium plugin. -->","yoast_head_json":{"title":"BARQUETA CART\u00c3O ONDULADO NANO-MICRO 13,5X8,5CM","description":"Barqueta cart\u00e3o nano-micro 13,5x8,5cm, resistente a \u00f3leos e apta para contacto alimentar. Suporta \u221218 \u00baC a +70 \u00baC e micro-ondas curto. Ideal para petiscos.","robots":{"index":"index","follow":"follow","max-snippet":"max-snippet:-1","max-image-preview":"max-image-preview:large","max-video-preview":"max-video-preview:-1"},"canonical":"https:\/\/dev4copopalhinhas.devdg.pt\/es\/producto\/barqueta-bandeja-cartao-ondulado-nano-micro-135x85cm\/","og_locale":"es_ES","og_type":"article","og_title":"BARQUETA (BANDEJA) CART\u00c3O ONDULADO NANO-MICRO 13,5X8,5CM","og_description":"Barqueta cart\u00e3o nano-micro 13,5x8,5cm, resistente a \u00f3leos e apta para contacto alimentar. Suporta \u221218 \u00baC a +70 \u00baC e micro-ondas curto. Ideal para petiscos.","og_url":"https:\/\/dev4copopalhinhas.devdg.pt\/es\/producto\/barqueta-bandeja-cartao-ondulado-nano-micro-135x85cm\/","og_site_name":"Copopalhinhas","article_publisher":"https:\/\/www.facebook.com\/copopalhinhas","article_modified_time":"2025-09-27T17:41:46+00:00","og_image":[{"width":1000,"height":1000,"url":"https:\/\/copopalhinhas.b-cdn.net\/wp-content\/uploads\/HOS234.97-TRAVESSA-BANDEJA-CARTAO-ONDULADO-NANO-MICRO-NATURAL-KRAFT135X85CM-Copopalhinhas-web-1.png","type":"image\/png"}],"twitter_card":"summary_large_image","twitter_site":"@copopalhinhas","schema":{"@context":"https:\/\/schema.org","@graph":[{"@type":"WebPage","@id":"https:\/\/dev4copopalhinhas.devdg.pt\/produto\/barqueta-bandeja-cartao-ondulado-nano-micro-135x85cm\/","url":"https:\/\/dev4copopalhinhas.devdg.pt\/produto\/barqueta-bandeja-cartao-ondulado-nano-micro-135x85cm\/","name":"BARQUETA CART\u00c3O ONDULADO NANO-MICRO 13,5X8,5CM","isPartOf":{"@id":"https:\/\/dev4copopalhinhas.devdg.pt\/#website"},"primaryImageOfPage":{"@id":"https:\/\/dev4copopalhinhas.devdg.pt\/produto\/barqueta-bandeja-cartao-ondulado-nano-micro-135x85cm\/#primaryimage"},"image":{"@id":"https:\/\/dev4copopalhinhas.devdg.pt\/produto\/barqueta-bandeja-cartao-ondulado-nano-micro-135x85cm\/#primaryimage"},"thumbnailUrl":"https:\/\/dev4copopalhinhas.devdg.pt\/wp-content\/uploads\/HOS234.97-TRAVESSA-BANDEJA-CARTAO-ONDULADO-NANO-MICRO-NATURAL-KRAFT135X85CM-Copopalhinhas-web-1.png","datePublished":"2023-01-30T14:48:14+00:00","dateModified":"2025-09-27T17:41:46+00:00","description":"Barqueta cart\u00e3o nano-micro 13,5x8,5cm, resistente a \u00f3leos e apta para contacto alimentar. Suporta \u221218 \u00baC a +70 \u00baC e micro-ondas curto. Ideal para petiscos.","breadcrumb":{"@id":"https:\/\/dev4copopalhinhas.devdg.pt\/produto\/barqueta-bandeja-cartao-ondulado-nano-micro-135x85cm\/#breadcrumb"},"inLanguage":"es","potentialAction":[{"@type":"ReadAction","target":["https:\/\/dev4copopalhinhas.devdg.pt\/produto\/barqueta-bandeja-cartao-ondulado-nano-micro-135x85cm\/"]}]},{"@type":"ImageObject","inLanguage":"es","@id":"https:\/\/dev4copopalhinhas.devdg.pt\/produto\/barqueta-bandeja-cartao-ondulado-nano-micro-135x85cm\/#primaryimage","url":"https:\/\/dev4copopalhinhas.devdg.pt\/wp-content\/uploads\/HOS234.97-TRAVESSA-BANDEJA-CARTAO-ONDULADO-NANO-MICRO-NATURAL-KRAFT135X85CM-Copopalhinhas-web-1.png","contentUrl":"https:\/\/dev4copopalhinhas.devdg.pt\/wp-content\/uploads\/HOS234.97-TRAVESSA-BANDEJA-CARTAO-ONDULADO-NANO-MICRO-NATURAL-KRAFT135X85CM-Copopalhinhas-web-1.png","width":1000,"height":1000,"caption":"HOS234.97-TRAVESSA-BANDEJA-CARTAO-ONDULADO-NANO-MICRO-NATURAL-KRAFT135X85CM-Copopalhinhas-web-5"},{"@type":"BreadcrumbList","@id":"https:\/\/dev4copopalhinhas.devdg.pt\/produto\/barqueta-bandeja-cartao-ondulado-nano-micro-135x85cm\/#breadcrumb","itemListElement":[{"@type":"ListItem","position":1,"name":"In\u00edcio","item":"https:\/\/dev4copopalhinhas.devdg.pt\/"},{"@type":"ListItem","position":2,"name":"Loja","item":"https:\/\/dev4copopalhinhas.devdg.pt\/loja\/"},{"@type":"ListItem","position":3,"name":"BARQUETA (BANDEJA) CART\u00c3O ONDULADO NANO-MICRO 13,5X8,5CM"}]},{"@type":"WebSite","@id":"https:\/\/dev4copopalhinhas.devdg.pt\/#website","url":"https:\/\/dev4copopalhinhas.devdg.pt\/","name":"Pajitas para vasos","description":"Os Melhores Pre\u00e7os","publisher":{"@id":"https:\/\/dev4copopalhinhas.devdg.pt\/#organization"},"potentialAction":[{"@type":"SearchAction","target":{"@type":"EntryPoint","urlTemplate":"https:\/\/dev4copopalhinhas.devdg.pt\/?s={search_term_string}"},"query-input":{"@type":"PropertyValueSpecification","valueRequired":true,"valueName":"search_term_string"}}],"inLanguage":"es"},{"@type":"Organization","@id":"https:\/\/dev4copopalhinhas.devdg.pt\/#organization","name":"Pajitas para vasos","url":"https:\/\/dev4copopalhinhas.devdg.pt\/","logo":{"@type":"ImageObject","inLanguage":"es","@id":"https:\/\/dev4copopalhinhas.devdg.pt\/#\/schema\/logo\/image\/","url":"https:\/\/dev4copopalhinhas.devdg.pt\/wp-content\/uploads\/2022\/05\/COPOPALHINHASlogo.png","contentUrl":"https:\/\/dev4copopalhinhas.devdg.pt\/wp-content\/uploads\/2022\/05\/COPOPALHINHASlogo.png","width":1200,"height":323,"caption":"Copopalhinhas"},"image":{"@id":"https:\/\/dev4copopalhinhas.devdg.pt\/#\/schema\/logo\/image\/"},"sameAs":["https:\/\/www.facebook.com\/copopalhinhas","https:\/\/x.com\/copopalhinhas","https:\/\/copopalhinhas.blogspot.pt\/"]}]}},"_links":{"self":[{"href":"https:\/\/dev4copopalhinhas.devdg.pt\/es\/wp-json\/wp\/v2\/product\/23453","targetHints":{"allow":["GET"]}}],"collection":[{"href":"https:\/\/dev4copopalhinhas.devdg.pt\/es\/wp-json\/wp\/v2\/product"}],"about":[{"href":"https:\/\/dev4copopalhinhas.devdg.pt\/es\/wp-json\/wp\/v2\/types\/product"}],"replies":[{"embeddable":true,"href":"https:\/\/dev4copopalhinhas.devdg.pt\/es\/wp-json\/wp\/v2\/comments?post=23453"}],"wp:featuredmedia":[{"embeddable":true,"href":"https:\/\/dev4copopalhinhas.devdg.pt\/es\/wp-json\/wp\/v2\/media\/27744"}],"wp:attachment":[{"href":"https:\/\/dev4copopalhinhas.devdg.pt\/es\/wp-json\/wp\/v2\/media?parent=23453"}],"wp:term":[{"taxonomy":"product_cat","embeddable":true,"href":"https:\/\/dev4copopalhinhas.devdg.pt\/es\/wp-json\/wp\/v2\/product_cat?post=23453"},{"taxonomy":"product_tag","embeddable":true,"href":"https:\/\/dev4copopalhinhas.devdg.pt\/es\/wp-json\/wp\/v2\/product_tag?post=23453"}],"curies":[{"name":"wp","href":"https:\/\/api.w.org\/{rel}","templated":true}]}}