{"id":23721,"date":"2023-03-23T12:54:15","date_gmt":"2023-03-23T12:54:15","guid":{"rendered":"https:\/\/dev4copopalhinhas.devdg.pt\/?post_type=product&#038;p=23721"},"modified":"2025-10-14T17:38:21","modified_gmt":"2025-10-14T16:38:21","slug":"copo-balao-tritan-45cl-450ml","status":"publish","type":"product","link":"https:\/\/dev4copopalhinhas.devdg.pt\/es\/producto\/copo-balao-tritan-45cl-450ml\/","title":{"rendered":"COPO BAL\u00c3O EM TRITAN 45CL (450ML)"},"content":{"rendered":"<h4>Copo Bal\u00e3o em Tritan 45Cl (450 ML)<\/h4>\n<p>O Copo Bal\u00e3o em Tritan 45Cl une eleg\u00e2ncia e robustez para real\u00e7ar cada gole. Al\u00e9m disso, o seu formato em bal\u00e3o concentra os aromas, proporcionando uma experi\u00eancia sensorial \u00fanica. Em simult\u00e2neo, o Tritan mant\u00e9m a transpar\u00eancia do vidro e resiste a impactos.<\/p>\n<h4>Material Tritan de primera calidad<\/h4>\n<p>Primeiro, opt\u00e1mos pelo Tritan livre de BPA para garantir seguran\u00e7a alimentar. Dessa forma, evita-se qualquer altera\u00e7\u00e3o do sabor e assegura-se durabilidade contra quedas e riscos.<\/p>\n<h4>Design em Bal\u00e3o<\/h4>\n<p>O desenho generoso amplia a superf\u00edcie de contacto com o ar. Logo, capta-se melhor os vol\u00e1teis do cocktail e facilita-se a mistura de gelo e guarni\u00e7\u00f5es.<\/p>\n<h4>Capacidad generosa<\/h4>\n<p>Com 45 cl (450 ml), serve cocktails longos, \u00e1guas aromatizadas ou sumos frescos. Portanto, idealiza-se um servi\u00e7o abundante sem necessidade de reabastecer constantemente.<\/p>\n<h4>Versatilidad de uso<\/h4>\n<p>Seja num jantar formal ou num conv\u00edvio ao ar livre, este copo bal\u00e3o reutiliz\u00e1vel adapta-se a qualquer ocasi\u00e3o. Al\u00e9m disso, real\u00e7a a apresenta\u00e7\u00e3o em esplanadas, buffets ou eventos corporativos.<\/p>\n<h4>Transpar\u00eancia Cristalina<\/h4>\n<p>O Tritan confere brilho semelhante ao vidro. Assim, valoriza-se a cor e a textura das bebidas sem opacidades.<\/p>\n<h4>Limpeza R\u00e1pida<\/h4>\n<p>Em seguida ao uso, basta colocar o copo pl\u00e1stico na m\u00e1quina de lavar loi\u00e7a ou lavar \u00e0 m\u00e3o em segundos. Por isso, reduz-se o tempo de p\u00f3s-evento e mant\u00e9m-se o brilho original. Veja mais <a href=\"https:\/\/dev4copopalhinhas.devdg.pt\/es\/categorias\/copos-tritan\/\">Copos Reutiliz\u00e1veis Premium<\/a>.<\/p>","protected":false},"excerpt":{"rendered":"<p>O Copo Bal\u00e3o em Tritan 45Cl une eleg\u00e2ncia e resist\u00eancia num \u00fanico produto. Com 450 ml de capacidade, real\u00e7a aromas e sabores em cocktails e sumos. Transparente, livre de BPA e f\u00e1cil de limpar, adapta-se a qualquer ocasi\u00e3o. Ideal para uso dom\u00e9stico e profissional.<\/p>\n<p><strong><img decoding=\"async\" src=\"https:\/\/dev4copopalhinhas.devdg.pt\/wp-content\/uploads\/Icon_inquebraveis.png\" alt=\"\" width=\"30\" height=\"30\" \/><img decoding=\"async\" src=\"https:\/\/dev4copopalhinhas.devdg.pt\/wp-content\/uploads\/Icon_reciclaveis.png\" alt=\"\" width=\"30\" height=\"30\" \/><\/strong><strong><img decoding=\"async\" src=\"https:\/\/dev4copopalhinhas.devdg.pt\/wp-content\/uploads\/Icon_resistencia.png\" alt=\"\" width=\"30\" height=\"30\" \/><\/strong><strong><img  decoding=\"async\" src=\"https:\/\/dev4copopalhinhas.devdg.pt\/wp-content\/uploads\/Icon_compativeis.png\" alt=\"\" width=\"30\" height=\"30\" \/><\/strong><strong><img  decoding=\"async\" src=\"https:\/\/dev4copopalhinhas.devdg.pt\/wp-content\/uploads\/Icons_alimentos.png\" alt=\"\" width=\"30\" height=\"30\" \/><\/strong><strong><img  decoding=\"async\" src=\"https:\/\/dev4copopalhinhas.devdg.pt\/wp-content\/uploads\/Icon_neutros.png\" alt=\"\" width=\"30\" height=\"30\" \/><\/strong><strong><img  decoding=\"async\" src=\"https:\/\/dev4copopalhinhas.devdg.pt\/wp-content\/uploads\/Icon_isolamentos.png\" alt=\"\" width=\"30\" height=\"30\" \/><\/strong><strong><img  decoding=\"async\" src=\"https:\/\/dev4copopalhinhas.devdg.pt\/wp-content\/uploads\/Icons_seguranca.png\" alt=\"\" width=\"30\" height=\"30\" \/><\/strong><strong><img  decoding=\"async\" src=\"https:\/\/dev4copopalhinhas.devdg.pt\/wp-content\/uploads\/Icons_reutilizaveis.png\" alt=\"\" width=\"30\" height=\"30\" \/><\/strong><strong><img  decoding=\"async\" src=\"https:\/\/dev4copopalhinhas.devdg.pt\/wp-content\/uploads\/Icon_economicos.png\" alt=\"\" width=\"30\" height=\"30\" \/><\/strong><strong><img  decoding=\"async\" src=\"https:\/\/dev4copopalhinhas.devdg.pt\/wp-content\/uploads\/Icon_transparencia.png\" alt=\"\" width=\"30\" height=\"30\" \/><\/strong><\/p>","protected":false},"featured_media":31221,"comment_status":"open","ping_status":"closed","template":"","meta":{"_acf_changed":false},"product_cat":[2000,2019,1718,1455,1510,1533,1441,225],"product_tag":[1575,1577,1568],"class_list":{"0":"post-23721","1":"product","2":"type-product","3":"status-publish","4":"has-post-thumbnail","6":"product_cat-copos-reutilizaveis-premium","7":"product_cat-copos-tritan","8":"product_cat-transparente","9":"product_cat-41-50cl","10":"product_cat-inquebravel","11":"product_cat-tritan","12":"product_cat-gin","13":"product_cat-copos","14":"product_tag-sub-menu-copos-premium","15":"product_tag-sub-menu-copos-reutilizaveis-tritan","16":"product_tag-menu-reutilizaveis","17":"pa_capacidade-total-41-50cl","18":"pa_qtd-por-caixa-284","19":"pa_qtd-por-caixa-1535","20":"tm-no-options","22":"first","23":"instock","24":"taxable","25":"shipping-taxable","26":"purchasable","27":"product-type-variable"},"acf":[],"yoast_head":"<!-- This site is optimized with the Yoast SEO Premium plugin v23.9 (Yoast SEO v23.9) - https:\/\/yoast.com\/wordpress\/plugins\/seo\/ -->\n<title>COPO BAL\u00c3O EM TRITAN 45CL (450ML)<\/title>\n<meta name=\"description\" content=\"Copo Bal\u00e3o em Tritan 45Cl: design sofisticado e resist\u00eancia a impactos. Transparente, livre de BPA e f\u00e1cil de limpar. Perfeito para cocktails e sumos.\" \/>\n<meta name=\"robots\" content=\"index, follow, max-snippet:-1, max-image-preview:large, max-video-preview:-1\" \/>\n<link rel=\"canonical\" href=\"https:\/\/dev4copopalhinhas.devdg.pt\/es\/producto\/copo-balao-tritan-45cl-450ml\/\" \/>\n<meta property=\"og:locale\" content=\"es_ES\" \/>\n<meta property=\"og:type\" content=\"article\" \/>\n<meta property=\"og:title\" content=\"COPO BAL\u00c3O EM TRITAN 45CL (450ML)\" \/>\n<meta property=\"og:description\" content=\"Copo Bal\u00e3o em Tritan 45Cl: design sofisticado e resist\u00eancia a impactos. Transparente, livre de BPA e f\u00e1cil de limpar. Perfeito para cocktails e sumos.\" \/>\n<meta property=\"og:url\" content=\"https:\/\/dev4copopalhinhas.devdg.pt\/es\/producto\/copo-balao-tritan-45cl-450ml\/\" \/>\n<meta property=\"og:site_name\" content=\"Copopalhinhas\" \/>\n<meta property=\"article:publisher\" content=\"https:\/\/www.facebook.com\/copopalhinhas\" \/>\n<meta property=\"article:modified_time\" content=\"2025-10-14T16:38:21+00:00\" \/>\n<meta property=\"og:image\" content=\"https:\/\/dev4copopalhinhas.devdg.pt\/wp-content\/uploads\/RINOBALL45T-copo-tritan-45cl-copopalhinhas-web-1.png\" \/>\n\t<meta property=\"og:image:width\" content=\"1000\" \/>\n\t<meta property=\"og:image:height\" content=\"1000\" \/>\n\t<meta property=\"og:image:type\" content=\"image\/png\" \/>\n<meta name=\"twitter:card\" content=\"summary_large_image\" \/>\n<meta name=\"twitter:site\" content=\"@copopalhinhas\" \/>\n<script type=\"application\/ld+json\" class=\"yoast-schema-graph\">{\"@context\":\"https:\/\/schema.org\",\"@graph\":[{\"@type\":\"WebPage\",\"@id\":\"https:\/\/dev4copopalhinhas.devdg.pt\/produto\/copo-balao-tritan-45cl-450ml\/\",\"url\":\"https:\/\/dev4copopalhinhas.devdg.pt\/produto\/copo-balao-tritan-45cl-450ml\/\",\"name\":\"COPO BAL\u00c3O EM TRITAN 45CL (450ML)\",\"isPartOf\":{\"@id\":\"https:\/\/dev4copopalhinhas.devdg.pt\/#website\"},\"primaryImageOfPage\":{\"@id\":\"https:\/\/dev4copopalhinhas.devdg.pt\/produto\/copo-balao-tritan-45cl-450ml\/#primaryimage\"},\"image\":{\"@id\":\"https:\/\/dev4copopalhinhas.devdg.pt\/produto\/copo-balao-tritan-45cl-450ml\/#primaryimage\"},\"thumbnailUrl\":\"https:\/\/dev4copopalhinhas.devdg.pt\/wp-content\/uploads\/RINOBALL45T-copo-tritan-45cl-copopalhinhas-web-1.png\",\"datePublished\":\"2023-03-23T12:54:15+00:00\",\"dateModified\":\"2025-10-14T16:38:21+00:00\",\"description\":\"Copo Bal\u00e3o em Tritan 45Cl: design sofisticado e resist\u00eancia a impactos. Transparente, livre de BPA e f\u00e1cil de limpar. Perfeito para cocktails e sumos.\",\"breadcrumb\":{\"@id\":\"https:\/\/dev4copopalhinhas.devdg.pt\/produto\/copo-balao-tritan-45cl-450ml\/#breadcrumb\"},\"inLanguage\":\"es\",\"potentialAction\":[{\"@type\":\"ReadAction\",\"target\":[\"https:\/\/dev4copopalhinhas.devdg.pt\/produto\/copo-balao-tritan-45cl-450ml\/\"]}]},{\"@type\":\"ImageObject\",\"inLanguage\":\"es\",\"@id\":\"https:\/\/dev4copopalhinhas.devdg.pt\/produto\/copo-balao-tritan-45cl-450ml\/#primaryimage\",\"url\":\"https:\/\/dev4copopalhinhas.devdg.pt\/wp-content\/uploads\/RINOBALL45T-copo-tritan-45cl-copopalhinhas-web-1.png\",\"contentUrl\":\"https:\/\/dev4copopalhinhas.devdg.pt\/wp-content\/uploads\/RINOBALL45T-copo-tritan-45cl-copopalhinhas-web-1.png\",\"width\":1000,\"height\":1000,\"caption\":\"RINOBALL45T-copo-tritan-45cl-copopalhinhas-web-1\"},{\"@type\":\"BreadcrumbList\",\"@id\":\"https:\/\/dev4copopalhinhas.devdg.pt\/produto\/copo-balao-tritan-45cl-450ml\/#breadcrumb\",\"itemListElement\":[{\"@type\":\"ListItem\",\"position\":1,\"name\":\"In\u00edcio\",\"item\":\"https:\/\/dev4copopalhinhas.devdg.pt\/\"},{\"@type\":\"ListItem\",\"position\":2,\"name\":\"Loja\",\"item\":\"https:\/\/dev4copopalhinhas.devdg.pt\/loja\/\"},{\"@type\":\"ListItem\",\"position\":3,\"name\":\"COPO BAL\u00c3O EM TRITAN 45CL (450ML)\"}]},{\"@type\":\"WebSite\",\"@id\":\"https:\/\/dev4copopalhinhas.devdg.pt\/#website\",\"url\":\"https:\/\/dev4copopalhinhas.devdg.pt\/\",\"name\":\"Copopalhinhas\",\"description\":\"Os Melhores Pre\u00e7os\",\"publisher\":{\"@id\":\"https:\/\/dev4copopalhinhas.devdg.pt\/#organization\"},\"potentialAction\":[{\"@type\":\"SearchAction\",\"target\":{\"@type\":\"EntryPoint\",\"urlTemplate\":\"https:\/\/dev4copopalhinhas.devdg.pt\/?s={search_term_string}\"},\"query-input\":{\"@type\":\"PropertyValueSpecification\",\"valueRequired\":true,\"valueName\":\"search_term_string\"}}],\"inLanguage\":\"es\"},{\"@type\":\"Organization\",\"@id\":\"https:\/\/dev4copopalhinhas.devdg.pt\/#organization\",\"name\":\"Copopalhinhas\",\"url\":\"https:\/\/dev4copopalhinhas.devdg.pt\/\",\"logo\":{\"@type\":\"ImageObject\",\"inLanguage\":\"es\",\"@id\":\"https:\/\/dev4copopalhinhas.devdg.pt\/#\/schema\/logo\/image\/\",\"url\":\"https:\/\/dev4copopalhinhas.devdg.pt\/wp-content\/uploads\/2022\/05\/COPOPALHINHASlogo.png\",\"contentUrl\":\"https:\/\/dev4copopalhinhas.devdg.pt\/wp-content\/uploads\/2022\/05\/COPOPALHINHASlogo.png\",\"width\":1200,\"height\":323,\"caption\":\"Copopalhinhas\"},\"image\":{\"@id\":\"https:\/\/dev4copopalhinhas.devdg.pt\/#\/schema\/logo\/image\/\"},\"sameAs\":[\"https:\/\/www.facebook.com\/copopalhinhas\",\"https:\/\/x.com\/copopalhinhas\",\"https:\/\/copopalhinhas.blogspot.pt\/\"]}]}<\/script>\n<!-- \/ Yoast SEO Premium plugin. -->","yoast_head_json":{"title":"COPO BAL\u00c3O EM TRITAN 45CL (450ML)","description":"Copo Bal\u00e3o em Tritan 45Cl: design sofisticado e resist\u00eancia a impactos. Transparente, livre de BPA e f\u00e1cil de limpar. Perfeito para cocktails e sumos.","robots":{"index":"index","follow":"follow","max-snippet":"max-snippet:-1","max-image-preview":"max-image-preview:large","max-video-preview":"max-video-preview:-1"},"canonical":"https:\/\/dev4copopalhinhas.devdg.pt\/es\/producto\/copo-balao-tritan-45cl-450ml\/","og_locale":"es_ES","og_type":"article","og_title":"COPO BAL\u00c3O EM TRITAN 45CL (450ML)","og_description":"Copo Bal\u00e3o em Tritan 45Cl: design sofisticado e resist\u00eancia a impactos. Transparente, livre de BPA e f\u00e1cil de limpar. Perfeito para cocktails e sumos.","og_url":"https:\/\/dev4copopalhinhas.devdg.pt\/es\/producto\/copo-balao-tritan-45cl-450ml\/","og_site_name":"Copopalhinhas","article_publisher":"https:\/\/www.facebook.com\/copopalhinhas","article_modified_time":"2025-10-14T16:38:21+00:00","og_image":[{"width":1000,"height":1000,"url":"https:\/\/dev4copopalhinhas.devdg.pt\/wp-content\/uploads\/RINOBALL45T-copo-tritan-45cl-copopalhinhas-web-1.png","type":"image\/png"}],"twitter_card":"summary_large_image","twitter_site":"@copopalhinhas","schema":{"@context":"https:\/\/schema.org","@graph":[{"@type":"WebPage","@id":"https:\/\/dev4copopalhinhas.devdg.pt\/produto\/copo-balao-tritan-45cl-450ml\/","url":"https:\/\/dev4copopalhinhas.devdg.pt\/produto\/copo-balao-tritan-45cl-450ml\/","name":"COPO BAL\u00c3O EM TRITAN 45CL (450ML)","isPartOf":{"@id":"https:\/\/dev4copopalhinhas.devdg.pt\/#website"},"primaryImageOfPage":{"@id":"https:\/\/dev4copopalhinhas.devdg.pt\/produto\/copo-balao-tritan-45cl-450ml\/#primaryimage"},"image":{"@id":"https:\/\/dev4copopalhinhas.devdg.pt\/produto\/copo-balao-tritan-45cl-450ml\/#primaryimage"},"thumbnailUrl":"https:\/\/dev4copopalhinhas.devdg.pt\/wp-content\/uploads\/RINOBALL45T-copo-tritan-45cl-copopalhinhas-web-1.png","datePublished":"2023-03-23T12:54:15+00:00","dateModified":"2025-10-14T16:38:21+00:00","description":"Copo Bal\u00e3o em Tritan 45Cl: design sofisticado e resist\u00eancia a impactos. Transparente, livre de BPA e f\u00e1cil de limpar. Perfeito para cocktails e sumos.","breadcrumb":{"@id":"https:\/\/dev4copopalhinhas.devdg.pt\/produto\/copo-balao-tritan-45cl-450ml\/#breadcrumb"},"inLanguage":"es","potentialAction":[{"@type":"ReadAction","target":["https:\/\/dev4copopalhinhas.devdg.pt\/produto\/copo-balao-tritan-45cl-450ml\/"]}]},{"@type":"ImageObject","inLanguage":"es","@id":"https:\/\/dev4copopalhinhas.devdg.pt\/produto\/copo-balao-tritan-45cl-450ml\/#primaryimage","url":"https:\/\/dev4copopalhinhas.devdg.pt\/wp-content\/uploads\/RINOBALL45T-copo-tritan-45cl-copopalhinhas-web-1.png","contentUrl":"https:\/\/dev4copopalhinhas.devdg.pt\/wp-content\/uploads\/RINOBALL45T-copo-tritan-45cl-copopalhinhas-web-1.png","width":1000,"height":1000,"caption":"RINOBALL45T-copo-tritan-45cl-copopalhinhas-web-1"},{"@type":"BreadcrumbList","@id":"https:\/\/dev4copopalhinhas.devdg.pt\/produto\/copo-balao-tritan-45cl-450ml\/#breadcrumb","itemListElement":[{"@type":"ListItem","position":1,"name":"In\u00edcio","item":"https:\/\/dev4copopalhinhas.devdg.pt\/"},{"@type":"ListItem","position":2,"name":"Loja","item":"https:\/\/dev4copopalhinhas.devdg.pt\/loja\/"},{"@type":"ListItem","position":3,"name":"COPO BAL\u00c3O EM TRITAN 45CL (450ML)"}]},{"@type":"WebSite","@id":"https:\/\/dev4copopalhinhas.devdg.pt\/#website","url":"https:\/\/dev4copopalhinhas.devdg.pt\/","name":"Pajitas para vasos","description":"Os Melhores Pre\u00e7os","publisher":{"@id":"https:\/\/dev4copopalhinhas.devdg.pt\/#organization"},"potentialAction":[{"@type":"SearchAction","target":{"@type":"EntryPoint","urlTemplate":"https:\/\/dev4copopalhinhas.devdg.pt\/?s={search_term_string}"},"query-input":{"@type":"PropertyValueSpecification","valueRequired":true,"valueName":"search_term_string"}}],"inLanguage":"es"},{"@type":"Organization","@id":"https:\/\/dev4copopalhinhas.devdg.pt\/#organization","name":"Pajitas para vasos","url":"https:\/\/dev4copopalhinhas.devdg.pt\/","logo":{"@type":"ImageObject","inLanguage":"es","@id":"https:\/\/dev4copopalhinhas.devdg.pt\/#\/schema\/logo\/image\/","url":"https:\/\/dev4copopalhinhas.devdg.pt\/wp-content\/uploads\/2022\/05\/COPOPALHINHASlogo.png","contentUrl":"https:\/\/dev4copopalhinhas.devdg.pt\/wp-content\/uploads\/2022\/05\/COPOPALHINHASlogo.png","width":1200,"height":323,"caption":"Copopalhinhas"},"image":{"@id":"https:\/\/dev4copopalhinhas.devdg.pt\/#\/schema\/logo\/image\/"},"sameAs":["https:\/\/www.facebook.com\/copopalhinhas","https:\/\/x.com\/copopalhinhas","https:\/\/copopalhinhas.blogspot.pt\/"]}]}},"_links":{"self":[{"href":"https:\/\/dev4copopalhinhas.devdg.pt\/es\/wp-json\/wp\/v2\/product\/23721","targetHints":{"allow":["GET"]}}],"collection":[{"href":"https:\/\/dev4copopalhinhas.devdg.pt\/es\/wp-json\/wp\/v2\/product"}],"about":[{"href":"https:\/\/dev4copopalhinhas.devdg.pt\/es\/wp-json\/wp\/v2\/types\/product"}],"replies":[{"embeddable":true,"href":"https:\/\/dev4copopalhinhas.devdg.pt\/es\/wp-json\/wp\/v2\/comments?post=23721"}],"wp:featuredmedia":[{"embeddable":true,"href":"https:\/\/dev4copopalhinhas.devdg.pt\/es\/wp-json\/wp\/v2\/media\/31221"}],"wp:attachment":[{"href":"https:\/\/dev4copopalhinhas.devdg.pt\/es\/wp-json\/wp\/v2\/media?parent=23721"}],"wp:term":[{"taxonomy":"product_cat","embeddable":true,"href":"https:\/\/dev4copopalhinhas.devdg.pt\/es\/wp-json\/wp\/v2\/product_cat?post=23721"},{"taxonomy":"product_tag","embeddable":true,"href":"https:\/\/dev4copopalhinhas.devdg.pt\/es\/wp-json\/wp\/v2\/product_tag?post=23721"}],"curies":[{"name":"wp","href":"https:\/\/api.w.org\/{rel}","templated":true}]}}