{"id":28815,"date":"2023-11-03T11:25:34","date_gmt":"2023-11-03T11:25:34","guid":{"rendered":"https:\/\/dev4copopalhinhas.devdg.pt\/?post_type=product&#038;p=28815"},"modified":"2025-09-27T20:40:14","modified_gmt":"2025-09-27T19:40:14","slug":"colher-de-sobremesa-em-ps-branca-reutilizavel","status":"publish","type":"product","link":"https:\/\/dev4copopalhinhas.devdg.pt\/es\/producto\/colher-de-sobremesa-em-ps-branca-reutilizavel\/","title":{"rendered":"COLHER DE SOBREMESA EM PS BRANCA REUTILIZ\u00c1VEL 12,5CM"},"content":{"rendered":"<p>Colher de Sobremesa em PS Branca<\/p>\n<p>A Colher de Sobremesa\u00a0 em PS Branca \u00e9 a escolha inteligente para quem procura uma op\u00e7\u00e3o econ\u00f3mica e sustent\u00e1vel para as suas refei\u00e7\u00f5es di\u00e1rias. A sua durabilidade e versatilidade tornam-na um utens\u00edlio de cozinha essencial.<\/p>\n<p>Opte pela nossa Colher de Sobremesa em PS Branca para desfrutar de uma solu\u00e7\u00e3o de qualidade.<\/p>\n<ul>\n<li>Economia Inteligente: A Colher de Sobremesa em PS Branca \u00e9 uma op\u00e7\u00e3o econ\u00f3mica para o uso di\u00e1rio, proporcionando qualidade a um pre\u00e7o acess\u00edvel.<\/li>\n<li>Dur\u00e1vel e Reutiliz\u00e1vel: Feita em PS de qualidade, esta colher \u00e9 resistente e pode ser reutilizada, reduzindo o desperd\u00edcio.<\/li>\n<li>Versatilidade: Adequada para uma ampla gama de receitas de sobremesas, tornando-a uma escolha vers\u00e1til na sua cozinha.<\/li>\n<li>F\u00e1cil de Limpar: Pode ser lavada \u00e0 m\u00e3o para uma limpeza r\u00e1pida e simples.<\/li>\n<li>O artigo indicado foi submetido a ensaios de adequa\u00e7\u00e3o \u00e0 m\u00e1quina de lavar loi\u00e7a de acordo com a Norma DIN EN 12875-1:2005:08.<\/li>\n<li>Foi sujeito a 20 ciclos de lavagem, n\u00e3o se tendo detetado altera\u00e7\u00f5es em rela\u00e7\u00e3o \u00e0 amostra de controlo.<\/li>\n<\/ul>\n<p><img decoding=\"async\" src=\"https:\/\/dev4copopalhinhas.devdg.pt\/wp-content\/uploads\/Icons_alimentos.png\" alt=\"\" width=\"30\" height=\"30\" \/>\u00a0<strong>Alimento<\/strong>: Pr\u00f3prios para consumo alimentar<\/p>\n<p><img decoding=\"async\" src=\"https:\/\/dev4copopalhinhas.devdg.pt\/wp-content\/uploads\/Icon_reciclaveis.png\" alt=\"\" width=\"30\" height=\"30\" \/>\u00a0<strong>Recicl\u00e1veis<\/strong>: Produtos que podem ser reciclados ou usados para recupera\u00e7\u00e3o energ\u00e9tica.<\/p>","protected":false},"excerpt":{"rendered":"<p>A Colher de Sobremesa em PS Branca oferece uma solu\u00e7\u00e3o econ\u00f3mica para as suas necessidades de culin\u00e1ria e sobremesa. Fabricada em PS (Poliestireno), esta colher \u00e9 reutiliz\u00e1vel*, proporcionando versatilidade na cozinha.<\/p>\n<p><img decoding=\"async\" src=\"https:\/\/dev4copopalhinhas.devdg.pt\/wp-content\/uploads\/Icons_alimentos.png\" alt=\"\" width=\"30\" height=\"30\" \/>\u00a0<img decoding=\"async\" src=\"https:\/\/dev4copopalhinhas.devdg.pt\/wp-content\/uploads\/Icon_DESCARTAVEL.png\" alt=\"\" width=\"30\" height=\"30\" \/>\u00a0<img decoding=\"async\" src=\"https:\/\/dev4copopalhinhas.devdg.pt\/wp-content\/uploads\/Icon_reciclaveis.png\" alt=\"\" width=\"30\" height=\"30\" \/><\/p>","protected":false},"featured_media":28819,"comment_status":"open","ping_status":"closed","template":"","meta":{"_acf_changed":false},"product_cat":[2005,1719,1399,1512,1511,1433,1661,1794,1499,227],"product_tag":[1568,1603,1587],"class_list":{"0":"post-28815","1":"product","2":"type-product","3":"status-publish","4":"has-post-thumbnail","6":"product_cat-talheres-reutilizaveis","7":"product_cat-branco","8":"product_cat-avulso","9":"product_cat-descartavel","10":"product_cat-reutilizaveis-caracteristica","11":"product_cat-materia-prima-ps","12":"product_cat-125cm","13":"product_cat-colher","14":"product_cat-sobremesa","15":"product_cat-talheres","16":"product_tag-menu-reutilizaveis","17":"product_tag-sub-menu-talheres-poliestireno-ps","18":"product_tag-sub-menu-talheres-reutilizaveis","19":"pa_qtd-por-caixa-1308","20":"pa_qtd-por-caixa-1284","21":"tm-no-options","23":"first","24":"instock","25":"taxable","26":"shipping-taxable","27":"purchasable","28":"product-type-variable"},"acf":[],"yoast_head":"<!-- This site is optimized with the Yoast SEO Premium plugin v23.9 (Yoast SEO v23.9) - https:\/\/yoast.com\/wordpress\/plugins\/seo\/ -->\n<title>COLHER DE SOBREMESA EM PS BRANCA REUTILIZ\u00c1VEL 12,5CM - Copopalhinhas<\/title>\n<meta name=\"robots\" content=\"index, follow, max-snippet:-1, max-image-preview:large, max-video-preview:-1\" \/>\n<link rel=\"canonical\" href=\"https:\/\/dev4copopalhinhas.devdg.pt\/es\/producto\/colher-de-sobremesa-em-ps-branca-reutilizavel\/\" \/>\n<meta property=\"og:locale\" content=\"es_ES\" \/>\n<meta property=\"og:type\" content=\"article\" \/>\n<meta property=\"og:title\" content=\"COLHER DE SOBREMESA EM PS BRANCA REUTILIZ\u00c1VEL 12,5CM\" \/>\n<meta property=\"og:description\" content=\"A Colher de Sobremesa em PS Branca oferece uma solu\u00e7\u00e3o econ\u00f3mica para as suas necessidades de culin\u00e1ria e sobremesa. Fabricada em PS (Poliestireno), esta colher \u00e9 reutiliz\u00e1vel*, proporcionando versatilidade na cozinha. \u00a0\u00a0\" \/>\n<meta property=\"og:url\" content=\"https:\/\/dev4copopalhinhas.devdg.pt\/es\/producto\/colher-de-sobremesa-em-ps-branca-reutilizavel\/\" \/>\n<meta property=\"og:site_name\" content=\"Copopalhinhas\" \/>\n<meta property=\"article:publisher\" content=\"https:\/\/www.facebook.com\/copopalhinhas\" \/>\n<meta property=\"article:modified_time\" content=\"2025-09-27T19:40:14+00:00\" \/>\n<meta property=\"og:image\" content=\"https:\/\/copopalhinhas.b-cdn.net\/wp-content\/uploads\/REUEC0006-COLHER-BRANCA-125CM-ECONOMICA-REUSE-Copopalhinhas-web-1.png\" \/>\n\t<meta property=\"og:image:width\" content=\"1000\" \/>\n\t<meta property=\"og:image:height\" content=\"1000\" \/>\n\t<meta property=\"og:image:type\" content=\"image\/png\" \/>\n<meta name=\"twitter:card\" content=\"summary_large_image\" \/>\n<meta name=\"twitter:site\" content=\"@copopalhinhas\" \/>\n<script type=\"application\/ld+json\" class=\"yoast-schema-graph\">{\"@context\":\"https:\/\/schema.org\",\"@graph\":[{\"@type\":\"WebPage\",\"@id\":\"https:\/\/dev4copopalhinhas.devdg.pt\/produto\/colher-de-sobremesa-em-ps-branca-reutilizavel\/\",\"url\":\"https:\/\/dev4copopalhinhas.devdg.pt\/produto\/colher-de-sobremesa-em-ps-branca-reutilizavel\/\",\"name\":\"COLHER DE SOBREMESA EM PS BRANCA REUTILIZ\u00c1VEL 12,5CM - Copopalhinhas\",\"isPartOf\":{\"@id\":\"https:\/\/dev4copopalhinhas.devdg.pt\/#website\"},\"primaryImageOfPage\":{\"@id\":\"https:\/\/dev4copopalhinhas.devdg.pt\/produto\/colher-de-sobremesa-em-ps-branca-reutilizavel\/#primaryimage\"},\"image\":{\"@id\":\"https:\/\/dev4copopalhinhas.devdg.pt\/produto\/colher-de-sobremesa-em-ps-branca-reutilizavel\/#primaryimage\"},\"thumbnailUrl\":\"https:\/\/dev4copopalhinhas.devdg.pt\/wp-content\/uploads\/REUEC0006-COLHER-BRANCA-125CM-ECONOMICA-REUSE-Copopalhinhas-web-1.png\",\"datePublished\":\"2023-11-03T11:25:34+00:00\",\"dateModified\":\"2025-09-27T19:40:14+00:00\",\"breadcrumb\":{\"@id\":\"https:\/\/dev4copopalhinhas.devdg.pt\/produto\/colher-de-sobremesa-em-ps-branca-reutilizavel\/#breadcrumb\"},\"inLanguage\":\"es\",\"potentialAction\":[{\"@type\":\"ReadAction\",\"target\":[\"https:\/\/dev4copopalhinhas.devdg.pt\/produto\/colher-de-sobremesa-em-ps-branca-reutilizavel\/\"]}]},{\"@type\":\"ImageObject\",\"inLanguage\":\"es\",\"@id\":\"https:\/\/dev4copopalhinhas.devdg.pt\/produto\/colher-de-sobremesa-em-ps-branca-reutilizavel\/#primaryimage\",\"url\":\"https:\/\/dev4copopalhinhas.devdg.pt\/wp-content\/uploads\/REUEC0006-COLHER-BRANCA-125CM-ECONOMICA-REUSE-Copopalhinhas-web-1.png\",\"contentUrl\":\"https:\/\/dev4copopalhinhas.devdg.pt\/wp-content\/uploads\/REUEC0006-COLHER-BRANCA-125CM-ECONOMICA-REUSE-Copopalhinhas-web-1.png\",\"width\":1000,\"height\":1000,\"caption\":\"REUEC0006-COLHER-BRANCA-125CM-ECONOMICA-REUSE-Copopalhinhas-web-1\"},{\"@type\":\"BreadcrumbList\",\"@id\":\"https:\/\/dev4copopalhinhas.devdg.pt\/produto\/colher-de-sobremesa-em-ps-branca-reutilizavel\/#breadcrumb\",\"itemListElement\":[{\"@type\":\"ListItem\",\"position\":1,\"name\":\"In\u00edcio\",\"item\":\"https:\/\/dev4copopalhinhas.devdg.pt\/\"},{\"@type\":\"ListItem\",\"position\":2,\"name\":\"Loja\",\"item\":\"https:\/\/dev4copopalhinhas.devdg.pt\/loja\/\"},{\"@type\":\"ListItem\",\"position\":3,\"name\":\"COLHER DE SOBREMESA EM PS BRANCA REUTILIZ\u00c1VEL 12,5CM\"}]},{\"@type\":\"WebSite\",\"@id\":\"https:\/\/dev4copopalhinhas.devdg.pt\/#website\",\"url\":\"https:\/\/dev4copopalhinhas.devdg.pt\/\",\"name\":\"Copopalhinhas\",\"description\":\"Os Melhores Pre\u00e7os\",\"publisher\":{\"@id\":\"https:\/\/dev4copopalhinhas.devdg.pt\/#organization\"},\"potentialAction\":[{\"@type\":\"SearchAction\",\"target\":{\"@type\":\"EntryPoint\",\"urlTemplate\":\"https:\/\/dev4copopalhinhas.devdg.pt\/?s={search_term_string}\"},\"query-input\":{\"@type\":\"PropertyValueSpecification\",\"valueRequired\":true,\"valueName\":\"search_term_string\"}}],\"inLanguage\":\"es\"},{\"@type\":\"Organization\",\"@id\":\"https:\/\/dev4copopalhinhas.devdg.pt\/#organization\",\"name\":\"Copopalhinhas\",\"url\":\"https:\/\/dev4copopalhinhas.devdg.pt\/\",\"logo\":{\"@type\":\"ImageObject\",\"inLanguage\":\"es\",\"@id\":\"https:\/\/dev4copopalhinhas.devdg.pt\/#\/schema\/logo\/image\/\",\"url\":\"https:\/\/dev4copopalhinhas.devdg.pt\/wp-content\/uploads\/2022\/05\/COPOPALHINHASlogo.png\",\"contentUrl\":\"https:\/\/dev4copopalhinhas.devdg.pt\/wp-content\/uploads\/2022\/05\/COPOPALHINHASlogo.png\",\"width\":1200,\"height\":323,\"caption\":\"Copopalhinhas\"},\"image\":{\"@id\":\"https:\/\/dev4copopalhinhas.devdg.pt\/#\/schema\/logo\/image\/\"},\"sameAs\":[\"https:\/\/www.facebook.com\/copopalhinhas\",\"https:\/\/x.com\/copopalhinhas\",\"https:\/\/copopalhinhas.blogspot.pt\/\"]}]}<\/script>\n<!-- \/ Yoast SEO Premium plugin. -->","yoast_head_json":{"title":"COLHER DE SOBREMESA EM PS BRANCA REUTILIZ\u00c1VEL 12,5CM - Copopalhinhas","robots":{"index":"index","follow":"follow","max-snippet":"max-snippet:-1","max-image-preview":"max-image-preview:large","max-video-preview":"max-video-preview:-1"},"canonical":"https:\/\/dev4copopalhinhas.devdg.pt\/es\/producto\/colher-de-sobremesa-em-ps-branca-reutilizavel\/","og_locale":"es_ES","og_type":"article","og_title":"COLHER DE SOBREMESA EM PS BRANCA REUTILIZ\u00c1VEL 12,5CM","og_description":"A Colher de Sobremesa em PS Branca oferece uma solu\u00e7\u00e3o econ\u00f3mica para as suas necessidades de culin\u00e1ria e sobremesa. Fabricada em PS (Poliestireno), esta colher \u00e9 reutiliz\u00e1vel*, proporcionando versatilidade na cozinha. \u00a0\u00a0","og_url":"https:\/\/dev4copopalhinhas.devdg.pt\/es\/producto\/colher-de-sobremesa-em-ps-branca-reutilizavel\/","og_site_name":"Copopalhinhas","article_publisher":"https:\/\/www.facebook.com\/copopalhinhas","article_modified_time":"2025-09-27T19:40:14+00:00","og_image":[{"width":1000,"height":1000,"url":"https:\/\/copopalhinhas.b-cdn.net\/wp-content\/uploads\/REUEC0006-COLHER-BRANCA-125CM-ECONOMICA-REUSE-Copopalhinhas-web-1.png","type":"image\/png"}],"twitter_card":"summary_large_image","twitter_site":"@copopalhinhas","schema":{"@context":"https:\/\/schema.org","@graph":[{"@type":"WebPage","@id":"https:\/\/dev4copopalhinhas.devdg.pt\/produto\/colher-de-sobremesa-em-ps-branca-reutilizavel\/","url":"https:\/\/dev4copopalhinhas.devdg.pt\/produto\/colher-de-sobremesa-em-ps-branca-reutilizavel\/","name":"COLHER DE SOBREMESA EM PS BRANCA REUTILIZ\u00c1VEL 12,5CM - Copopalhinhas","isPartOf":{"@id":"https:\/\/dev4copopalhinhas.devdg.pt\/#website"},"primaryImageOfPage":{"@id":"https:\/\/dev4copopalhinhas.devdg.pt\/produto\/colher-de-sobremesa-em-ps-branca-reutilizavel\/#primaryimage"},"image":{"@id":"https:\/\/dev4copopalhinhas.devdg.pt\/produto\/colher-de-sobremesa-em-ps-branca-reutilizavel\/#primaryimage"},"thumbnailUrl":"https:\/\/dev4copopalhinhas.devdg.pt\/wp-content\/uploads\/REUEC0006-COLHER-BRANCA-125CM-ECONOMICA-REUSE-Copopalhinhas-web-1.png","datePublished":"2023-11-03T11:25:34+00:00","dateModified":"2025-09-27T19:40:14+00:00","breadcrumb":{"@id":"https:\/\/dev4copopalhinhas.devdg.pt\/produto\/colher-de-sobremesa-em-ps-branca-reutilizavel\/#breadcrumb"},"inLanguage":"es","potentialAction":[{"@type":"ReadAction","target":["https:\/\/dev4copopalhinhas.devdg.pt\/produto\/colher-de-sobremesa-em-ps-branca-reutilizavel\/"]}]},{"@type":"ImageObject","inLanguage":"es","@id":"https:\/\/dev4copopalhinhas.devdg.pt\/produto\/colher-de-sobremesa-em-ps-branca-reutilizavel\/#primaryimage","url":"https:\/\/dev4copopalhinhas.devdg.pt\/wp-content\/uploads\/REUEC0006-COLHER-BRANCA-125CM-ECONOMICA-REUSE-Copopalhinhas-web-1.png","contentUrl":"https:\/\/dev4copopalhinhas.devdg.pt\/wp-content\/uploads\/REUEC0006-COLHER-BRANCA-125CM-ECONOMICA-REUSE-Copopalhinhas-web-1.png","width":1000,"height":1000,"caption":"REUEC0006-COLHER-BRANCA-125CM-ECONOMICA-REUSE-Copopalhinhas-web-1"},{"@type":"BreadcrumbList","@id":"https:\/\/dev4copopalhinhas.devdg.pt\/produto\/colher-de-sobremesa-em-ps-branca-reutilizavel\/#breadcrumb","itemListElement":[{"@type":"ListItem","position":1,"name":"In\u00edcio","item":"https:\/\/dev4copopalhinhas.devdg.pt\/"},{"@type":"ListItem","position":2,"name":"Loja","item":"https:\/\/dev4copopalhinhas.devdg.pt\/loja\/"},{"@type":"ListItem","position":3,"name":"COLHER DE SOBREMESA EM PS BRANCA REUTILIZ\u00c1VEL 12,5CM"}]},{"@type":"WebSite","@id":"https:\/\/dev4copopalhinhas.devdg.pt\/#website","url":"https:\/\/dev4copopalhinhas.devdg.pt\/","name":"Pajitas para vasos","description":"Os Melhores Pre\u00e7os","publisher":{"@id":"https:\/\/dev4copopalhinhas.devdg.pt\/#organization"},"potentialAction":[{"@type":"SearchAction","target":{"@type":"EntryPoint","urlTemplate":"https:\/\/dev4copopalhinhas.devdg.pt\/?s={search_term_string}"},"query-input":{"@type":"PropertyValueSpecification","valueRequired":true,"valueName":"search_term_string"}}],"inLanguage":"es"},{"@type":"Organization","@id":"https:\/\/dev4copopalhinhas.devdg.pt\/#organization","name":"Pajitas para vasos","url":"https:\/\/dev4copopalhinhas.devdg.pt\/","logo":{"@type":"ImageObject","inLanguage":"es","@id":"https:\/\/dev4copopalhinhas.devdg.pt\/#\/schema\/logo\/image\/","url":"https:\/\/dev4copopalhinhas.devdg.pt\/wp-content\/uploads\/2022\/05\/COPOPALHINHASlogo.png","contentUrl":"https:\/\/dev4copopalhinhas.devdg.pt\/wp-content\/uploads\/2022\/05\/COPOPALHINHASlogo.png","width":1200,"height":323,"caption":"Copopalhinhas"},"image":{"@id":"https:\/\/dev4copopalhinhas.devdg.pt\/#\/schema\/logo\/image\/"},"sameAs":["https:\/\/www.facebook.com\/copopalhinhas","https:\/\/x.com\/copopalhinhas","https:\/\/copopalhinhas.blogspot.pt\/"]}]}},"_links":{"self":[{"href":"https:\/\/dev4copopalhinhas.devdg.pt\/es\/wp-json\/wp\/v2\/product\/28815","targetHints":{"allow":["GET"]}}],"collection":[{"href":"https:\/\/dev4copopalhinhas.devdg.pt\/es\/wp-json\/wp\/v2\/product"}],"about":[{"href":"https:\/\/dev4copopalhinhas.devdg.pt\/es\/wp-json\/wp\/v2\/types\/product"}],"replies":[{"embeddable":true,"href":"https:\/\/dev4copopalhinhas.devdg.pt\/es\/wp-json\/wp\/v2\/comments?post=28815"}],"wp:featuredmedia":[{"embeddable":true,"href":"https:\/\/dev4copopalhinhas.devdg.pt\/es\/wp-json\/wp\/v2\/media\/28819"}],"wp:attachment":[{"href":"https:\/\/dev4copopalhinhas.devdg.pt\/es\/wp-json\/wp\/v2\/media?parent=28815"}],"wp:term":[{"taxonomy":"product_cat","embeddable":true,"href":"https:\/\/dev4copopalhinhas.devdg.pt\/es\/wp-json\/wp\/v2\/product_cat?post=28815"},{"taxonomy":"product_tag","embeddable":true,"href":"https:\/\/dev4copopalhinhas.devdg.pt\/es\/wp-json\/wp\/v2\/product_tag?post=28815"}],"curies":[{"name":"wp","href":"https:\/\/api.w.org\/{rel}","templated":true}]}}