{"id":30833,"date":"2024-01-17T11:22:52","date_gmt":"2024-01-17T11:22:52","guid":{"rendered":"https:\/\/dev4copopalhinhas.devdg.pt\/?post_type=product&#038;p=30833"},"modified":"2025-01-10T15:14:28","modified_gmt":"2025-01-10T15:14:28","slug":"eco-copo-em-pp-verde-35cl-350ml","status":"publish","type":"product","link":"https:\/\/dev4copopalhinhas.devdg.pt\/es\/producto\/eco-copo-em-pp-verde-35cl-350ml\/","title":{"rendered":"VASO ECO PP VERDE 35 CL (350 ML)"},"content":{"rendered":"<p>Eco Copo Verde em PP para fazer uma declara\u00e7\u00e3o de estilo enquanto promove pr\u00e1ticas sustent\u00e1veis, tornando cada uso uma escolha consciente para um futuro mais verde.<\/p>\n<ul>\n<li>Versatilidade Eco-Friendly: Este copo representa um compromisso com pr\u00e1ticas sustent\u00e1veis, proporcionando a op\u00e7\u00e3o de uso descart\u00e1vel ou reutiliz\u00e1vel, contribuindo para um consumo mais respons\u00e1vel.<\/li>\n<li>Material Dur\u00e1vel e Recicl\u00e1vel: Fabricado em Polipropileno (PP), o copo \u00e9 resistente, dur\u00e1vel e recicl\u00e1vel, oferecendo uma alternativa consciente para minimizar o impacto ambiental.<\/li>\n<li>Capacidade Vers\u00e1til: Com 35cl (350ml), \u00e9 adequado para servir uma variedade de bebidas, tornando-se uma escolha vers\u00e1til para diferentes ocasi\u00f5es.<\/li>\n<li>Design Ergon\u00f3mico: O formato ergon\u00f3mico do copo \u00e9 confort\u00e1vel de segurar, garantindo uma experi\u00eancia agrad\u00e1vel ao consumir suas bebidas preferidas.<\/li>\n<li>Promo\u00e7\u00e3o do Consumo Respons\u00e1vel: Ao oferecer a op\u00e7\u00e3o de reutiliza\u00e7\u00e3o, o Eco Copo Verde incentiva o consumo consciente, contribuindo para a redu\u00e7\u00e3o de res\u00edduos descart\u00e1veis.<\/li>\n<li>Praticidade na Limpeza: Seja para uso \u00fanico ou reutiliz\u00e1vel, a limpeza do Eco Copo \u00e9 f\u00e1cil, proporcionando praticidade no dia a dia.<\/li>\n<\/ul>\n<p><a href=\"http:\/\/www.ecocopo.pt\" target=\"_blank\" rel=\"noopener\"><img fetchpriority=\"high\" decoding=\"async\" src=\"https:\/\/dev4copopalhinhas.devdg.pt\/img\/cms\/ecocopo_reciclar.png\" alt=\"Reciclar\" width=\"226\" height=\"247\" \/><img decoding=\"async\" src=\"https:\/\/dev4copopalhinhas.devdg.pt\/img\/cms\/ecocopo_recordar.png\" alt=\"Recordar\" width=\"226\" height=\"247\" \/><img decoding=\"async\" src=\"https:\/\/dev4copopalhinhas.devdg.pt\/img\/cms\/ecocopo_reduzir.png\" alt=\"Reduzir\" width=\"226\" height=\"247\" \/><img  decoding=\"async\" src=\"https:\/\/dev4copopalhinhas.devdg.pt\/img\/cms\/ecocopo_reutilizar.png\" alt=\"Reutilizar\" width=\"226\" height=\"247\" \/><\/a><\/p>","protected":false},"excerpt":{"rendered":"<p>Eco Copo Verde em Polipropileno (PP) com capacidade de 35cl (350ml) \u2013 uma escolha que vai do descart\u00e1vel ao dur\u00e1vel, promovendo o consumo respons\u00e1vel e sustent\u00e1vel!<\/p>","protected":false},"featured_media":30834,"comment_status":"open","ping_status":"closed","template":"","meta":{"_acf_changed":false},"product_cat":[2002,2023,2016,2056,1714,1454,1511,1432,1738,225],"product_tag":[1579,1591,1574,1839,1568],"class_list":{"0":"post-30833","1":"product","2":"type-product","3":"status-publish","4":"has-post-thumbnail","6":"product_cat-copos-reutilizaveis","7":"product_cat-copos-reutilizaveis-polipropileno-pp","8":"product_cat-ecocopos-modelo","9":"product_cat-ecocopos-coloridos","10":"product_cat-verde","11":"product_cat-31-40cl","12":"product_cat-reutilizaveis-caracteristica","13":"product_cat-materia-prima-pp","14":"product_cat-ecocopos","15":"product_cat-copos","16":"product_tag-sub-menu-copos-reutilizaveis","17":"product_tag-sub-menu-copos-reutilizaveis-polipropileno-pp","18":"product_tag-menu-ecocopo","19":"product_tag-sub-menu-ecocopo-coloridos","20":"product_tag-menu-reutilizaveis","21":"pa_qtd-por-caixa-1307","22":"tm-no-options","24":"first","25":"outofstock","26":"taxable","27":"shipping-taxable","28":"product-type-variable"},"acf":[],"yoast_head":"<!-- This site is optimized with the Yoast SEO Premium plugin v23.9 (Yoast SEO v23.9) - https:\/\/yoast.com\/wordpress\/plugins\/seo\/ -->\n<title>ECO COPO EM PP VERDE 35CL (350ML) - Copopalhinhas<\/title>\n<meta name=\"robots\" content=\"index, follow, max-snippet:-1, max-image-preview:large, max-video-preview:-1\" \/>\n<link rel=\"canonical\" href=\"https:\/\/dev4copopalhinhas.devdg.pt\/es\/producto\/eco-copo-em-pp-verde-35cl-350ml\/\" \/>\n<meta property=\"og:locale\" content=\"es_ES\" \/>\n<meta property=\"og:type\" content=\"article\" \/>\n<meta property=\"og:title\" content=\"ECO COPO EM PP VERDE 35CL (350ML)\" \/>\n<meta property=\"og:description\" content=\"Eco Copo Verde em Polipropileno (PP) com capacidade de 35cl (350ml) \u2013 uma escolha que vai do descart\u00e1vel ao dur\u00e1vel, promovendo o consumo respons\u00e1vel e sustent\u00e1vel!\" \/>\n<meta property=\"og:url\" content=\"https:\/\/dev4copopalhinhas.devdg.pt\/es\/producto\/eco-copo-em-pp-verde-35cl-350ml\/\" \/>\n<meta property=\"og:site_name\" content=\"Copopalhinhas\" \/>\n<meta property=\"article:publisher\" content=\"https:\/\/www.facebook.com\/copopalhinhas\" \/>\n<meta property=\"article:modified_time\" content=\"2025-01-10T15:14:28+00:00\" \/>\n<meta property=\"og:image\" content=\"https:\/\/dev4copopalhinhas.devdg.pt\/wp-content\/uploads\/ECO35VERDE-ecocopo-verde-35cl-copopalhinhas-web-1.png\" \/>\n\t<meta property=\"og:image:width\" content=\"1000\" \/>\n\t<meta property=\"og:image:height\" content=\"1000\" \/>\n\t<meta property=\"og:image:type\" content=\"image\/png\" \/>\n<meta name=\"twitter:card\" content=\"summary_large_image\" \/>\n<meta name=\"twitter:site\" content=\"@copopalhinhas\" \/>\n<script type=\"application\/ld+json\" class=\"yoast-schema-graph\">{\"@context\":\"https:\/\/schema.org\",\"@graph\":[{\"@type\":\"WebPage\",\"@id\":\"https:\/\/dev4copopalhinhas.devdg.pt\/produto\/eco-copo-em-pp-verde-35cl-350ml\/\",\"url\":\"https:\/\/dev4copopalhinhas.devdg.pt\/produto\/eco-copo-em-pp-verde-35cl-350ml\/\",\"name\":\"ECO COPO EM PP VERDE 35CL (350ML) - Copopalhinhas\",\"isPartOf\":{\"@id\":\"https:\/\/dev4copopalhinhas.devdg.pt\/#website\"},\"primaryImageOfPage\":{\"@id\":\"https:\/\/dev4copopalhinhas.devdg.pt\/produto\/eco-copo-em-pp-verde-35cl-350ml\/#primaryimage\"},\"image\":{\"@id\":\"https:\/\/dev4copopalhinhas.devdg.pt\/produto\/eco-copo-em-pp-verde-35cl-350ml\/#primaryimage\"},\"thumbnailUrl\":\"https:\/\/dev4copopalhinhas.devdg.pt\/wp-content\/uploads\/ECO35VERDE-ecocopo-verde-35cl-copopalhinhas-web-1.png\",\"datePublished\":\"2024-01-17T11:22:52+00:00\",\"dateModified\":\"2025-01-10T15:14:28+00:00\",\"breadcrumb\":{\"@id\":\"https:\/\/dev4copopalhinhas.devdg.pt\/produto\/eco-copo-em-pp-verde-35cl-350ml\/#breadcrumb\"},\"inLanguage\":\"es\",\"potentialAction\":[{\"@type\":\"ReadAction\",\"target\":[\"https:\/\/dev4copopalhinhas.devdg.pt\/produto\/eco-copo-em-pp-verde-35cl-350ml\/\"]}]},{\"@type\":\"ImageObject\",\"inLanguage\":\"es\",\"@id\":\"https:\/\/dev4copopalhinhas.devdg.pt\/produto\/eco-copo-em-pp-verde-35cl-350ml\/#primaryimage\",\"url\":\"https:\/\/dev4copopalhinhas.devdg.pt\/wp-content\/uploads\/ECO35VERDE-ecocopo-verde-35cl-copopalhinhas-web-1.png\",\"contentUrl\":\"https:\/\/dev4copopalhinhas.devdg.pt\/wp-content\/uploads\/ECO35VERDE-ecocopo-verde-35cl-copopalhinhas-web-1.png\",\"width\":1000,\"height\":1000,\"caption\":\"ECO35VERDE-ecocopo-verde-35cl-copopalhinhas-web-1\"},{\"@type\":\"BreadcrumbList\",\"@id\":\"https:\/\/dev4copopalhinhas.devdg.pt\/produto\/eco-copo-em-pp-verde-35cl-350ml\/#breadcrumb\",\"itemListElement\":[{\"@type\":\"ListItem\",\"position\":1,\"name\":\"In\u00edcio\",\"item\":\"https:\/\/dev4copopalhinhas.devdg.pt\/\"},{\"@type\":\"ListItem\",\"position\":2,\"name\":\"Loja\",\"item\":\"https:\/\/dev4copopalhinhas.devdg.pt\/loja\/\"},{\"@type\":\"ListItem\",\"position\":3,\"name\":\"ECO COPO EM PP VERDE 35CL (350ML)\"}]},{\"@type\":\"WebSite\",\"@id\":\"https:\/\/dev4copopalhinhas.devdg.pt\/#website\",\"url\":\"https:\/\/dev4copopalhinhas.devdg.pt\/\",\"name\":\"Copopalhinhas\",\"description\":\"Os Melhores Pre\u00e7os\",\"publisher\":{\"@id\":\"https:\/\/dev4copopalhinhas.devdg.pt\/#organization\"},\"potentialAction\":[{\"@type\":\"SearchAction\",\"target\":{\"@type\":\"EntryPoint\",\"urlTemplate\":\"https:\/\/dev4copopalhinhas.devdg.pt\/?s={search_term_string}\"},\"query-input\":{\"@type\":\"PropertyValueSpecification\",\"valueRequired\":true,\"valueName\":\"search_term_string\"}}],\"inLanguage\":\"es\"},{\"@type\":\"Organization\",\"@id\":\"https:\/\/dev4copopalhinhas.devdg.pt\/#organization\",\"name\":\"Copopalhinhas\",\"url\":\"https:\/\/dev4copopalhinhas.devdg.pt\/\",\"logo\":{\"@type\":\"ImageObject\",\"inLanguage\":\"es\",\"@id\":\"https:\/\/dev4copopalhinhas.devdg.pt\/#\/schema\/logo\/image\/\",\"url\":\"https:\/\/dev4copopalhinhas.devdg.pt\/wp-content\/uploads\/2022\/05\/COPOPALHINHASlogo.png\",\"contentUrl\":\"https:\/\/dev4copopalhinhas.devdg.pt\/wp-content\/uploads\/2022\/05\/COPOPALHINHASlogo.png\",\"width\":1200,\"height\":323,\"caption\":\"Copopalhinhas\"},\"image\":{\"@id\":\"https:\/\/dev4copopalhinhas.devdg.pt\/#\/schema\/logo\/image\/\"},\"sameAs\":[\"https:\/\/www.facebook.com\/copopalhinhas\",\"https:\/\/x.com\/copopalhinhas\",\"https:\/\/copopalhinhas.blogspot.pt\/\"]}]}<\/script>\n<!-- \/ Yoast SEO Premium plugin. -->","yoast_head_json":{"title":"ECO COPO EM PP VERDE 35CL (350ML) - Copopalhinhas","robots":{"index":"index","follow":"follow","max-snippet":"max-snippet:-1","max-image-preview":"max-image-preview:large","max-video-preview":"max-video-preview:-1"},"canonical":"https:\/\/dev4copopalhinhas.devdg.pt\/es\/producto\/eco-copo-em-pp-verde-35cl-350ml\/","og_locale":"es_ES","og_type":"article","og_title":"ECO COPO EM PP VERDE 35CL (350ML)","og_description":"Eco Copo Verde em Polipropileno (PP) com capacidade de 35cl (350ml) \u2013 uma escolha que vai do descart\u00e1vel ao dur\u00e1vel, promovendo o consumo respons\u00e1vel e sustent\u00e1vel!","og_url":"https:\/\/dev4copopalhinhas.devdg.pt\/es\/producto\/eco-copo-em-pp-verde-35cl-350ml\/","og_site_name":"Copopalhinhas","article_publisher":"https:\/\/www.facebook.com\/copopalhinhas","article_modified_time":"2025-01-10T15:14:28+00:00","og_image":[{"width":1000,"height":1000,"url":"https:\/\/dev4copopalhinhas.devdg.pt\/wp-content\/uploads\/ECO35VERDE-ecocopo-verde-35cl-copopalhinhas-web-1.png","type":"image\/png"}],"twitter_card":"summary_large_image","twitter_site":"@copopalhinhas","schema":{"@context":"https:\/\/schema.org","@graph":[{"@type":"WebPage","@id":"https:\/\/dev4copopalhinhas.devdg.pt\/produto\/eco-copo-em-pp-verde-35cl-350ml\/","url":"https:\/\/dev4copopalhinhas.devdg.pt\/produto\/eco-copo-em-pp-verde-35cl-350ml\/","name":"ECO COPO EM PP VERDE 35CL (350ML) - Copopalhinhas","isPartOf":{"@id":"https:\/\/dev4copopalhinhas.devdg.pt\/#website"},"primaryImageOfPage":{"@id":"https:\/\/dev4copopalhinhas.devdg.pt\/produto\/eco-copo-em-pp-verde-35cl-350ml\/#primaryimage"},"image":{"@id":"https:\/\/dev4copopalhinhas.devdg.pt\/produto\/eco-copo-em-pp-verde-35cl-350ml\/#primaryimage"},"thumbnailUrl":"https:\/\/dev4copopalhinhas.devdg.pt\/wp-content\/uploads\/ECO35VERDE-ecocopo-verde-35cl-copopalhinhas-web-1.png","datePublished":"2024-01-17T11:22:52+00:00","dateModified":"2025-01-10T15:14:28+00:00","breadcrumb":{"@id":"https:\/\/dev4copopalhinhas.devdg.pt\/produto\/eco-copo-em-pp-verde-35cl-350ml\/#breadcrumb"},"inLanguage":"es","potentialAction":[{"@type":"ReadAction","target":["https:\/\/dev4copopalhinhas.devdg.pt\/produto\/eco-copo-em-pp-verde-35cl-350ml\/"]}]},{"@type":"ImageObject","inLanguage":"es","@id":"https:\/\/dev4copopalhinhas.devdg.pt\/produto\/eco-copo-em-pp-verde-35cl-350ml\/#primaryimage","url":"https:\/\/dev4copopalhinhas.devdg.pt\/wp-content\/uploads\/ECO35VERDE-ecocopo-verde-35cl-copopalhinhas-web-1.png","contentUrl":"https:\/\/dev4copopalhinhas.devdg.pt\/wp-content\/uploads\/ECO35VERDE-ecocopo-verde-35cl-copopalhinhas-web-1.png","width":1000,"height":1000,"caption":"ECO35VERDE-ecocopo-verde-35cl-copopalhinhas-web-1"},{"@type":"BreadcrumbList","@id":"https:\/\/dev4copopalhinhas.devdg.pt\/produto\/eco-copo-em-pp-verde-35cl-350ml\/#breadcrumb","itemListElement":[{"@type":"ListItem","position":1,"name":"In\u00edcio","item":"https:\/\/dev4copopalhinhas.devdg.pt\/"},{"@type":"ListItem","position":2,"name":"Loja","item":"https:\/\/dev4copopalhinhas.devdg.pt\/loja\/"},{"@type":"ListItem","position":3,"name":"ECO COPO EM PP VERDE 35CL (350ML)"}]},{"@type":"WebSite","@id":"https:\/\/dev4copopalhinhas.devdg.pt\/#website","url":"https:\/\/dev4copopalhinhas.devdg.pt\/","name":"Pajitas para vasos","description":"Os Melhores Pre\u00e7os","publisher":{"@id":"https:\/\/dev4copopalhinhas.devdg.pt\/#organization"},"potentialAction":[{"@type":"SearchAction","target":{"@type":"EntryPoint","urlTemplate":"https:\/\/dev4copopalhinhas.devdg.pt\/?s={search_term_string}"},"query-input":{"@type":"PropertyValueSpecification","valueRequired":true,"valueName":"search_term_string"}}],"inLanguage":"es"},{"@type":"Organization","@id":"https:\/\/dev4copopalhinhas.devdg.pt\/#organization","name":"Pajitas para vasos","url":"https:\/\/dev4copopalhinhas.devdg.pt\/","logo":{"@type":"ImageObject","inLanguage":"es","@id":"https:\/\/dev4copopalhinhas.devdg.pt\/#\/schema\/logo\/image\/","url":"https:\/\/dev4copopalhinhas.devdg.pt\/wp-content\/uploads\/2022\/05\/COPOPALHINHASlogo.png","contentUrl":"https:\/\/dev4copopalhinhas.devdg.pt\/wp-content\/uploads\/2022\/05\/COPOPALHINHASlogo.png","width":1200,"height":323,"caption":"Copopalhinhas"},"image":{"@id":"https:\/\/dev4copopalhinhas.devdg.pt\/#\/schema\/logo\/image\/"},"sameAs":["https:\/\/www.facebook.com\/copopalhinhas","https:\/\/x.com\/copopalhinhas","https:\/\/copopalhinhas.blogspot.pt\/"]}]}},"_links":{"self":[{"href":"https:\/\/dev4copopalhinhas.devdg.pt\/es\/wp-json\/wp\/v2\/product\/30833","targetHints":{"allow":["GET"]}}],"collection":[{"href":"https:\/\/dev4copopalhinhas.devdg.pt\/es\/wp-json\/wp\/v2\/product"}],"about":[{"href":"https:\/\/dev4copopalhinhas.devdg.pt\/es\/wp-json\/wp\/v2\/types\/product"}],"replies":[{"embeddable":true,"href":"https:\/\/dev4copopalhinhas.devdg.pt\/es\/wp-json\/wp\/v2\/comments?post=30833"}],"wp:featuredmedia":[{"embeddable":true,"href":"https:\/\/dev4copopalhinhas.devdg.pt\/es\/wp-json\/wp\/v2\/media\/30834"}],"wp:attachment":[{"href":"https:\/\/dev4copopalhinhas.devdg.pt\/es\/wp-json\/wp\/v2\/media?parent=30833"}],"wp:term":[{"taxonomy":"product_cat","embeddable":true,"href":"https:\/\/dev4copopalhinhas.devdg.pt\/es\/wp-json\/wp\/v2\/product_cat?post=30833"},{"taxonomy":"product_tag","embeddable":true,"href":"https:\/\/dev4copopalhinhas.devdg.pt\/es\/wp-json\/wp\/v2\/product_tag?post=30833"}],"curies":[{"name":"wp","href":"https:\/\/api.w.org\/{rel}","templated":true}]}}