{"id":31641,"date":"2024-02-01T14:42:14","date_gmt":"2024-02-01T14:42:14","guid":{"rendered":"https:\/\/dev4copopalhinhas.devdg.pt\/?post_type=product&#038;p=31641"},"modified":"2025-05-09T12:00:14","modified_gmt":"2025-05-09T11:00:14","slug":"copo-ecocopo-personalizacao","status":"publish","type":"product","link":"https:\/\/dev4copopalhinhas.devdg.pt\/es\/producto\/copo-ecocopo-personalizacao\/","title":{"rendered":"ECOCOPOS | PERSONALIZA\u00c7\u00c3O"},"content":{"rendered":"<ul>\n<li><strong>Logotipos de empresas:<\/strong> Adicione o logotipo da sua empresa ou marca para promover a sua identidade visual e fortalecer a sua presen\u00e7a de marca em eventos corporativos, confer\u00eancias ou feiras.<\/li>\n<li><strong>Dise\u00f1os creativos:<\/strong> Deixe voar a sua imagina\u00e7\u00e3o! Os nossos Eco Copos oferecem espa\u00e7o suficiente para expressar a sua criatividade e criar uma arte \u00fanica para os seus clientes.<\/li>\n<\/ul>\n<p>Os Eco Copos s\u00e3o feitos de polipropileno (PP) de qualidade, proporcionando durabilidade e resist\u00eancia a longo prazo. A personaliza\u00e7\u00e3o de alta qualidade garante que seu design permane\u00e7a vibrante mesmo ap\u00f3s m\u00faltiplas lavagens, garantindo uma experi\u00eancia de uso duradoura.<\/p>\n<p>&nbsp;<\/p>","protected":false},"excerpt":{"rendered":"<p>Copo Reutiliz\u00e1vel em Pl\u00e1stico Flex\u00edvel Reutiliz\u00e1vel &#8211; Polipropileno (PP) Lav\u00e1vel e reutiliz\u00e1vel.<\/p>\n<p>Com a Copopalhinhas, oferecemos a oportunidade de personalizar os nossos Eco Copo reutiliz\u00e1veis para refletir a identidade da sua marca, imagem do seu evento ou celebrar acontecimentos especiais. Com a nossa capacidade de personaliza\u00e7\u00e3o de at\u00e9 4 cores a 360 graus, pode criar artes \u00fanicas e vibrantes para o seu Eco Copo.<\/p>","protected":false},"featured_media":31761,"comment_status":"open","ping_status":"closed","template":"","meta":{"_acf_changed":false},"product_cat":[2016,1738,280],"product_tag":[1572],"class_list":{"0":"post-31641","1":"product","2":"type-product","3":"status-publish","4":"has-post-thumbnail","6":"product_cat-ecocopos-modelo","7":"product_cat-ecocopos","8":"product_cat-personalizacao","9":"product_tag-menu-personalizado","10":"tm-has-options","12":"first","13":"instock","14":"taxable","15":"shipping-taxable","16":"purchasable","17":"product-type-simple"},"acf":[],"yoast_head":"<!-- This site is optimized with the Yoast SEO Premium plugin v23.9 (Yoast SEO v23.9) - https:\/\/yoast.com\/wordpress\/plugins\/seo\/ -->\n<title>ECOCOPOS | PERSONALIZA\u00c7\u00c3O - Copopalhinhas<\/title>\n<meta name=\"robots\" content=\"index, follow, max-snippet:-1, max-image-preview:large, max-video-preview:-1\" \/>\n<link rel=\"canonical\" href=\"https:\/\/dev4copopalhinhas.devdg.pt\/es\/producto\/copo-ecocopo-personalizacao\/\" \/>\n<meta property=\"og:locale\" content=\"es_ES\" \/>\n<meta property=\"og:type\" content=\"article\" \/>\n<meta property=\"og:title\" content=\"ECOCOPOS | PERSONALIZA\u00c7\u00c3O\" \/>\n<meta property=\"og:description\" content=\"Copo Reutiliz\u00e1vel em Pl\u00e1stico Flex\u00edvel Reutiliz\u00e1vel - Polipropileno (PP) Lav\u00e1vel e reutiliz\u00e1vel.  Com a Copopalhinhas, oferecemos a oportunidade de personalizar os nossos Eco Copo reutiliz\u00e1veis para refletir a identidade da sua marca, imagem do seu evento ou celebrar acontecimentos especiais. Com a nossa capacidade de personaliza\u00e7\u00e3o de at\u00e9 4 cores a 360 graus, pode criar artes \u00fanicas e vibrantes para o seu Eco Copo.\" \/>\n<meta property=\"og:url\" content=\"https:\/\/dev4copopalhinhas.devdg.pt\/es\/producto\/copo-ecocopo-personalizacao\/\" \/>\n<meta property=\"og:site_name\" content=\"Copopalhinhas\" \/>\n<meta property=\"article:publisher\" content=\"https:\/\/www.facebook.com\/copopalhinhas\" \/>\n<meta property=\"article:modified_time\" content=\"2025-05-09T11:00:14+00:00\" \/>\n<meta property=\"og:image\" content=\"https:\/\/dev4copopalhinhas.devdg.pt\/wp-content\/uploads\/ecocopo-personalizados-web-1.png\" \/>\n\t<meta property=\"og:image:width\" content=\"1000\" \/>\n\t<meta property=\"og:image:height\" content=\"1000\" \/>\n\t<meta property=\"og:image:type\" content=\"image\/png\" \/>\n<meta name=\"twitter:card\" content=\"summary_large_image\" \/>\n<meta name=\"twitter:site\" content=\"@copopalhinhas\" \/>\n<script type=\"application\/ld+json\" class=\"yoast-schema-graph\">{\"@context\":\"https:\/\/schema.org\",\"@graph\":[{\"@type\":\"WebPage\",\"@id\":\"https:\/\/dev4copopalhinhas.devdg.pt\/produto\/copo-ecocopo-personalizacao\/\",\"url\":\"https:\/\/dev4copopalhinhas.devdg.pt\/produto\/copo-ecocopo-personalizacao\/\",\"name\":\"ECOCOPOS | PERSONALIZA\u00c7\u00c3O - Copopalhinhas\",\"isPartOf\":{\"@id\":\"https:\/\/dev4copopalhinhas.devdg.pt\/#website\"},\"primaryImageOfPage\":{\"@id\":\"https:\/\/dev4copopalhinhas.devdg.pt\/produto\/copo-ecocopo-personalizacao\/#primaryimage\"},\"image\":{\"@id\":\"https:\/\/dev4copopalhinhas.devdg.pt\/produto\/copo-ecocopo-personalizacao\/#primaryimage\"},\"thumbnailUrl\":\"https:\/\/dev4copopalhinhas.devdg.pt\/wp-content\/uploads\/ecocopo-personalizados-web-1.png\",\"datePublished\":\"2024-02-01T14:42:14+00:00\",\"dateModified\":\"2025-05-09T11:00:14+00:00\",\"breadcrumb\":{\"@id\":\"https:\/\/dev4copopalhinhas.devdg.pt\/produto\/copo-ecocopo-personalizacao\/#breadcrumb\"},\"inLanguage\":\"es\",\"potentialAction\":[{\"@type\":\"ReadAction\",\"target\":[\"https:\/\/dev4copopalhinhas.devdg.pt\/produto\/copo-ecocopo-personalizacao\/\"]}]},{\"@type\":\"ImageObject\",\"inLanguage\":\"es\",\"@id\":\"https:\/\/dev4copopalhinhas.devdg.pt\/produto\/copo-ecocopo-personalizacao\/#primaryimage\",\"url\":\"https:\/\/dev4copopalhinhas.devdg.pt\/wp-content\/uploads\/ecocopo-personalizados-web-1.png\",\"contentUrl\":\"https:\/\/dev4copopalhinhas.devdg.pt\/wp-content\/uploads\/ecocopo-personalizados-web-1.png\",\"width\":1000,\"height\":1000},{\"@type\":\"BreadcrumbList\",\"@id\":\"https:\/\/dev4copopalhinhas.devdg.pt\/produto\/copo-ecocopo-personalizacao\/#breadcrumb\",\"itemListElement\":[{\"@type\":\"ListItem\",\"position\":1,\"name\":\"In\u00edcio\",\"item\":\"https:\/\/dev4copopalhinhas.devdg.pt\/\"},{\"@type\":\"ListItem\",\"position\":2,\"name\":\"Loja\",\"item\":\"https:\/\/dev4copopalhinhas.devdg.pt\/loja\/\"},{\"@type\":\"ListItem\",\"position\":3,\"name\":\"ECOCOPOS | PERSONALIZA\u00c7\u00c3O\"}]},{\"@type\":\"WebSite\",\"@id\":\"https:\/\/dev4copopalhinhas.devdg.pt\/#website\",\"url\":\"https:\/\/dev4copopalhinhas.devdg.pt\/\",\"name\":\"Copopalhinhas\",\"description\":\"Os Melhores Pre\u00e7os\",\"publisher\":{\"@id\":\"https:\/\/dev4copopalhinhas.devdg.pt\/#organization\"},\"potentialAction\":[{\"@type\":\"SearchAction\",\"target\":{\"@type\":\"EntryPoint\",\"urlTemplate\":\"https:\/\/dev4copopalhinhas.devdg.pt\/?s={search_term_string}\"},\"query-input\":{\"@type\":\"PropertyValueSpecification\",\"valueRequired\":true,\"valueName\":\"search_term_string\"}}],\"inLanguage\":\"es\"},{\"@type\":\"Organization\",\"@id\":\"https:\/\/dev4copopalhinhas.devdg.pt\/#organization\",\"name\":\"Copopalhinhas\",\"url\":\"https:\/\/dev4copopalhinhas.devdg.pt\/\",\"logo\":{\"@type\":\"ImageObject\",\"inLanguage\":\"es\",\"@id\":\"https:\/\/dev4copopalhinhas.devdg.pt\/#\/schema\/logo\/image\/\",\"url\":\"https:\/\/dev4copopalhinhas.devdg.pt\/wp-content\/uploads\/2022\/05\/COPOPALHINHASlogo.png\",\"contentUrl\":\"https:\/\/dev4copopalhinhas.devdg.pt\/wp-content\/uploads\/2022\/05\/COPOPALHINHASlogo.png\",\"width\":1200,\"height\":323,\"caption\":\"Copopalhinhas\"},\"image\":{\"@id\":\"https:\/\/dev4copopalhinhas.devdg.pt\/#\/schema\/logo\/image\/\"},\"sameAs\":[\"https:\/\/www.facebook.com\/copopalhinhas\",\"https:\/\/x.com\/copopalhinhas\",\"https:\/\/copopalhinhas.blogspot.pt\/\"]}]}<\/script>\n<!-- \/ Yoast SEO Premium plugin. -->","yoast_head_json":{"title":"ECOCOPOS | PERSONALIZA\u00c7\u00c3O - Copopalhinhas","robots":{"index":"index","follow":"follow","max-snippet":"max-snippet:-1","max-image-preview":"max-image-preview:large","max-video-preview":"max-video-preview:-1"},"canonical":"https:\/\/dev4copopalhinhas.devdg.pt\/es\/producto\/copo-ecocopo-personalizacao\/","og_locale":"es_ES","og_type":"article","og_title":"ECOCOPOS | PERSONALIZA\u00c7\u00c3O","og_description":"Copo Reutiliz\u00e1vel em Pl\u00e1stico Flex\u00edvel Reutiliz\u00e1vel - Polipropileno (PP) Lav\u00e1vel e reutiliz\u00e1vel.  Com a Copopalhinhas, oferecemos a oportunidade de personalizar os nossos Eco Copo reutiliz\u00e1veis para refletir a identidade da sua marca, imagem do seu evento ou celebrar acontecimentos especiais. Com a nossa capacidade de personaliza\u00e7\u00e3o de at\u00e9 4 cores a 360 graus, pode criar artes \u00fanicas e vibrantes para o seu Eco Copo.","og_url":"https:\/\/dev4copopalhinhas.devdg.pt\/es\/producto\/copo-ecocopo-personalizacao\/","og_site_name":"Copopalhinhas","article_publisher":"https:\/\/www.facebook.com\/copopalhinhas","article_modified_time":"2025-05-09T11:00:14+00:00","og_image":[{"width":1000,"height":1000,"url":"https:\/\/dev4copopalhinhas.devdg.pt\/wp-content\/uploads\/ecocopo-personalizados-web-1.png","type":"image\/png"}],"twitter_card":"summary_large_image","twitter_site":"@copopalhinhas","schema":{"@context":"https:\/\/schema.org","@graph":[{"@type":"WebPage","@id":"https:\/\/dev4copopalhinhas.devdg.pt\/produto\/copo-ecocopo-personalizacao\/","url":"https:\/\/dev4copopalhinhas.devdg.pt\/produto\/copo-ecocopo-personalizacao\/","name":"ECOCOPOS | PERSONALIZA\u00c7\u00c3O - Copopalhinhas","isPartOf":{"@id":"https:\/\/dev4copopalhinhas.devdg.pt\/#website"},"primaryImageOfPage":{"@id":"https:\/\/dev4copopalhinhas.devdg.pt\/produto\/copo-ecocopo-personalizacao\/#primaryimage"},"image":{"@id":"https:\/\/dev4copopalhinhas.devdg.pt\/produto\/copo-ecocopo-personalizacao\/#primaryimage"},"thumbnailUrl":"https:\/\/dev4copopalhinhas.devdg.pt\/wp-content\/uploads\/ecocopo-personalizados-web-1.png","datePublished":"2024-02-01T14:42:14+00:00","dateModified":"2025-05-09T11:00:14+00:00","breadcrumb":{"@id":"https:\/\/dev4copopalhinhas.devdg.pt\/produto\/copo-ecocopo-personalizacao\/#breadcrumb"},"inLanguage":"es","potentialAction":[{"@type":"ReadAction","target":["https:\/\/dev4copopalhinhas.devdg.pt\/produto\/copo-ecocopo-personalizacao\/"]}]},{"@type":"ImageObject","inLanguage":"es","@id":"https:\/\/dev4copopalhinhas.devdg.pt\/produto\/copo-ecocopo-personalizacao\/#primaryimage","url":"https:\/\/dev4copopalhinhas.devdg.pt\/wp-content\/uploads\/ecocopo-personalizados-web-1.png","contentUrl":"https:\/\/dev4copopalhinhas.devdg.pt\/wp-content\/uploads\/ecocopo-personalizados-web-1.png","width":1000,"height":1000},{"@type":"BreadcrumbList","@id":"https:\/\/dev4copopalhinhas.devdg.pt\/produto\/copo-ecocopo-personalizacao\/#breadcrumb","itemListElement":[{"@type":"ListItem","position":1,"name":"In\u00edcio","item":"https:\/\/dev4copopalhinhas.devdg.pt\/"},{"@type":"ListItem","position":2,"name":"Loja","item":"https:\/\/dev4copopalhinhas.devdg.pt\/loja\/"},{"@type":"ListItem","position":3,"name":"ECOCOPOS | PERSONALIZA\u00c7\u00c3O"}]},{"@type":"WebSite","@id":"https:\/\/dev4copopalhinhas.devdg.pt\/#website","url":"https:\/\/dev4copopalhinhas.devdg.pt\/","name":"Pajitas para vasos","description":"Os Melhores Pre\u00e7os","publisher":{"@id":"https:\/\/dev4copopalhinhas.devdg.pt\/#organization"},"potentialAction":[{"@type":"SearchAction","target":{"@type":"EntryPoint","urlTemplate":"https:\/\/dev4copopalhinhas.devdg.pt\/?s={search_term_string}"},"query-input":{"@type":"PropertyValueSpecification","valueRequired":true,"valueName":"search_term_string"}}],"inLanguage":"es"},{"@type":"Organization","@id":"https:\/\/dev4copopalhinhas.devdg.pt\/#organization","name":"Pajitas para vasos","url":"https:\/\/dev4copopalhinhas.devdg.pt\/","logo":{"@type":"ImageObject","inLanguage":"es","@id":"https:\/\/dev4copopalhinhas.devdg.pt\/#\/schema\/logo\/image\/","url":"https:\/\/dev4copopalhinhas.devdg.pt\/wp-content\/uploads\/2022\/05\/COPOPALHINHASlogo.png","contentUrl":"https:\/\/dev4copopalhinhas.devdg.pt\/wp-content\/uploads\/2022\/05\/COPOPALHINHASlogo.png","width":1200,"height":323,"caption":"Copopalhinhas"},"image":{"@id":"https:\/\/dev4copopalhinhas.devdg.pt\/#\/schema\/logo\/image\/"},"sameAs":["https:\/\/www.facebook.com\/copopalhinhas","https:\/\/x.com\/copopalhinhas","https:\/\/copopalhinhas.blogspot.pt\/"]}]}},"_links":{"self":[{"href":"https:\/\/dev4copopalhinhas.devdg.pt\/es\/wp-json\/wp\/v2\/product\/31641","targetHints":{"allow":["GET"]}}],"collection":[{"href":"https:\/\/dev4copopalhinhas.devdg.pt\/es\/wp-json\/wp\/v2\/product"}],"about":[{"href":"https:\/\/dev4copopalhinhas.devdg.pt\/es\/wp-json\/wp\/v2\/types\/product"}],"replies":[{"embeddable":true,"href":"https:\/\/dev4copopalhinhas.devdg.pt\/es\/wp-json\/wp\/v2\/comments?post=31641"}],"wp:featuredmedia":[{"embeddable":true,"href":"https:\/\/dev4copopalhinhas.devdg.pt\/es\/wp-json\/wp\/v2\/media\/31761"}],"wp:attachment":[{"href":"https:\/\/dev4copopalhinhas.devdg.pt\/es\/wp-json\/wp\/v2\/media?parent=31641"}],"wp:term":[{"taxonomy":"product_cat","embeddable":true,"href":"https:\/\/dev4copopalhinhas.devdg.pt\/es\/wp-json\/wp\/v2\/product_cat?post=31641"},{"taxonomy":"product_tag","embeddable":true,"href":"https:\/\/dev4copopalhinhas.devdg.pt\/es\/wp-json\/wp\/v2\/product_tag?post=31641"}],"curies":[{"name":"wp","href":"https:\/\/api.w.org\/{rel}","templated":true}]}}