{"id":31975,"date":"2024-02-20T09:19:12","date_gmt":"2024-02-20T09:19:12","guid":{"rendered":"https:\/\/dev4copopalhinhas.devdg.pt\/?post_type=product&#038;p=31975"},"modified":"2025-06-02T10:05:41","modified_gmt":"2025-06-02T09:05:41","slug":"copos-papel-personalizacao","status":"publish","type":"product","link":"https:\/\/dev4copopalhinhas.devdg.pt\/es\/producto\/copos-papel-personalizacao\/","title":{"rendered":"COPOS EM PAPEL | PERSONALIZA\u00c7\u00c3O"},"content":{"rendered":"<p>Versatilidade: Dispon\u00edveis numa variedade de tamanhos para atender \u00e0s suas necessidades, desde copos pequenos para caf\u00e9 at\u00e9 copos grandes para refrigerantes ou cerveja.<\/p>\n<p>Coloque a sua marca em destaque em qualquer evento com os nossos copos em papel personalizados. Entre em contacto connosco ainda hoje para discutir as suas necessidades de personaliza\u00e7\u00e3o. Deixe-nos ajud\u00e1-lo a tornar o seu pr\u00f3ximo evento verdadeiramente memor\u00e1vel!<\/p>","protected":false},"excerpt":{"rendered":"<p>A nossa linha de copos em papel, ideal para qualquer ocasi\u00e3o, desde festas particulares a eventos corporativos. Os nossos copos em papel s\u00e3o uma op\u00e7\u00e3o perfeita para servir uma variedade de bebidas quentes e frias. Temos dispon\u00edvel um servi\u00e7o de personaliza\u00e7\u00e3o para transformar os seus copos em papel numa poderosas ferramenta de marketing.<br \/>\nAdicione o logotipo da sua empresa, design personalizado ou mensagem especial para criar uma comunica\u00e7\u00e3o poderosa com os seus clientes e convidados.<\/p>\n<p><span style=\"color: #d4564a;\"><a style=\"color: #d4564a;\" href=\"https:\/\/dev4copopalhinhas.devdg.pt\/es\/etiquetas\/sub-menu-copos-descartaveis-papel-cartao\/\">Acceso <strong>aqu\u00ed<\/strong> para ver todos os modelos de Copos de Papel<\/a><\/span><\/p>\n<p><a href=\"https:\/\/dev4copopalhinhas.devdg.pt\/es\/etiquetas\/sub-menu-copos-descartaveis-free-plastic\/\"><span style=\"color: #ff6600;\"><span style=\"color: #d4564a;\">Acceso <strong>aqu\u00ed<\/strong> para ver os modelos de Copos de Papel Free Plastic<\/span><\/span><\/a><\/p>","protected":false},"featured_media":31977,"comment_status":"open","ping_status":"closed","template":"","meta":{"_acf_changed":false},"product_cat":[1741,280],"product_tag":[1572],"class_list":{"0":"post-31975","1":"product","2":"type-product","3":"status-publish","4":"has-post-thumbnail","6":"product_cat-copos-em-papel","7":"product_cat-personalizacao","8":"product_tag-menu-personalizado","9":"tm-has-options","11":"first","12":"instock","13":"sold-individually","14":"taxable","15":"shipping-taxable","16":"purchasable","17":"product-type-simple"},"acf":[],"yoast_head":"<!-- This site is optimized with the Yoast SEO Premium plugin v23.9 (Yoast SEO v23.9) - https:\/\/yoast.com\/wordpress\/plugins\/seo\/ -->\n<title>COPOS EM PAPEL | PERSONALIZA\u00c7\u00c3O - Copopalhinhas<\/title>\n<meta name=\"robots\" content=\"index, follow, max-snippet:-1, max-image-preview:large, max-video-preview:-1\" \/>\n<link rel=\"canonical\" href=\"https:\/\/dev4copopalhinhas.devdg.pt\/es\/producto\/copos-papel-personalizacao\/\" \/>\n<meta property=\"og:locale\" content=\"es_ES\" \/>\n<meta property=\"og:type\" content=\"article\" \/>\n<meta property=\"og:title\" content=\"COPOS EM PAPEL | PERSONALIZA\u00c7\u00c3O\" \/>\n<meta property=\"og:description\" content=\"A nossa linha de copos em papel, ideal para qualquer ocasi\u00e3o, desde festas particulares a eventos corporativos. Os nossos copos em papel s\u00e3o uma op\u00e7\u00e3o perfeita para servir uma variedade de bebidas quentes e frias. Temos dispon\u00edvel um servi\u00e7o de personaliza\u00e7\u00e3o para transformar os seus copos em papel numa poderosas ferramenta de marketing. Adicione o logotipo da sua empresa, design personalizado ou mensagem especial para criar uma comunica\u00e7\u00e3o poderosa com os seus clientes e convidados.  Acede aqui para ver todos os modelos de Copos de Papel  Acede aqui para ver os modelos de Copos de Papel Free Plastic\" \/>\n<meta property=\"og:url\" content=\"https:\/\/dev4copopalhinhas.devdg.pt\/es\/producto\/copos-papel-personalizacao\/\" \/>\n<meta property=\"og:site_name\" content=\"Copopalhinhas\" \/>\n<meta property=\"article:publisher\" content=\"https:\/\/www.facebook.com\/copopalhinhas\" \/>\n<meta property=\"article:modified_time\" content=\"2025-06-02T09:05:41+00:00\" \/>\n<meta property=\"og:image\" content=\"https:\/\/dev4copopalhinhas.devdg.pt\/wp-content\/uploads\/papel-personalizados-web-1-low.png\" \/>\n\t<meta property=\"og:image:width\" content=\"1000\" \/>\n\t<meta property=\"og:image:height\" content=\"1000\" \/>\n\t<meta property=\"og:image:type\" content=\"image\/png\" \/>\n<meta name=\"twitter:card\" content=\"summary_large_image\" \/>\n<meta name=\"twitter:site\" content=\"@copopalhinhas\" \/>\n<script type=\"application\/ld+json\" class=\"yoast-schema-graph\">{\"@context\":\"https:\/\/schema.org\",\"@graph\":[{\"@type\":\"WebPage\",\"@id\":\"https:\/\/dev4copopalhinhas.devdg.pt\/produto\/copos-papel-personalizacao\/\",\"url\":\"https:\/\/dev4copopalhinhas.devdg.pt\/produto\/copos-papel-personalizacao\/\",\"name\":\"COPOS EM PAPEL | PERSONALIZA\u00c7\u00c3O - Copopalhinhas\",\"isPartOf\":{\"@id\":\"https:\/\/dev4copopalhinhas.devdg.pt\/#website\"},\"primaryImageOfPage\":{\"@id\":\"https:\/\/dev4copopalhinhas.devdg.pt\/produto\/copos-papel-personalizacao\/#primaryimage\"},\"image\":{\"@id\":\"https:\/\/dev4copopalhinhas.devdg.pt\/produto\/copos-papel-personalizacao\/#primaryimage\"},\"thumbnailUrl\":\"https:\/\/dev4copopalhinhas.devdg.pt\/wp-content\/uploads\/papel-personalizados-web-1-low.png\",\"datePublished\":\"2024-02-20T09:19:12+00:00\",\"dateModified\":\"2025-06-02T09:05:41+00:00\",\"breadcrumb\":{\"@id\":\"https:\/\/dev4copopalhinhas.devdg.pt\/produto\/copos-papel-personalizacao\/#breadcrumb\"},\"inLanguage\":\"es\",\"potentialAction\":[{\"@type\":\"ReadAction\",\"target\":[\"https:\/\/dev4copopalhinhas.devdg.pt\/produto\/copos-papel-personalizacao\/\"]}]},{\"@type\":\"ImageObject\",\"inLanguage\":\"es\",\"@id\":\"https:\/\/dev4copopalhinhas.devdg.pt\/produto\/copos-papel-personalizacao\/#primaryimage\",\"url\":\"https:\/\/dev4copopalhinhas.devdg.pt\/wp-content\/uploads\/papel-personalizados-web-1-low.png\",\"contentUrl\":\"https:\/\/dev4copopalhinhas.devdg.pt\/wp-content\/uploads\/papel-personalizados-web-1-low.png\",\"width\":1000,\"height\":1000,\"caption\":\"papel-personalizados-web-1-low\"},{\"@type\":\"BreadcrumbList\",\"@id\":\"https:\/\/dev4copopalhinhas.devdg.pt\/produto\/copos-papel-personalizacao\/#breadcrumb\",\"itemListElement\":[{\"@type\":\"ListItem\",\"position\":1,\"name\":\"In\u00edcio\",\"item\":\"https:\/\/dev4copopalhinhas.devdg.pt\/\"},{\"@type\":\"ListItem\",\"position\":2,\"name\":\"Loja\",\"item\":\"https:\/\/dev4copopalhinhas.devdg.pt\/loja\/\"},{\"@type\":\"ListItem\",\"position\":3,\"name\":\"COPOS EM PAPEL | PERSONALIZA\u00c7\u00c3O\"}]},{\"@type\":\"WebSite\",\"@id\":\"https:\/\/dev4copopalhinhas.devdg.pt\/#website\",\"url\":\"https:\/\/dev4copopalhinhas.devdg.pt\/\",\"name\":\"Copopalhinhas\",\"description\":\"Os Melhores Pre\u00e7os\",\"publisher\":{\"@id\":\"https:\/\/dev4copopalhinhas.devdg.pt\/#organization\"},\"potentialAction\":[{\"@type\":\"SearchAction\",\"target\":{\"@type\":\"EntryPoint\",\"urlTemplate\":\"https:\/\/dev4copopalhinhas.devdg.pt\/?s={search_term_string}\"},\"query-input\":{\"@type\":\"PropertyValueSpecification\",\"valueRequired\":true,\"valueName\":\"search_term_string\"}}],\"inLanguage\":\"es\"},{\"@type\":\"Organization\",\"@id\":\"https:\/\/dev4copopalhinhas.devdg.pt\/#organization\",\"name\":\"Copopalhinhas\",\"url\":\"https:\/\/dev4copopalhinhas.devdg.pt\/\",\"logo\":{\"@type\":\"ImageObject\",\"inLanguage\":\"es\",\"@id\":\"https:\/\/dev4copopalhinhas.devdg.pt\/#\/schema\/logo\/image\/\",\"url\":\"https:\/\/dev4copopalhinhas.devdg.pt\/wp-content\/uploads\/2022\/05\/COPOPALHINHASlogo.png\",\"contentUrl\":\"https:\/\/dev4copopalhinhas.devdg.pt\/wp-content\/uploads\/2022\/05\/COPOPALHINHASlogo.png\",\"width\":1200,\"height\":323,\"caption\":\"Copopalhinhas\"},\"image\":{\"@id\":\"https:\/\/dev4copopalhinhas.devdg.pt\/#\/schema\/logo\/image\/\"},\"sameAs\":[\"https:\/\/www.facebook.com\/copopalhinhas\",\"https:\/\/x.com\/copopalhinhas\",\"https:\/\/copopalhinhas.blogspot.pt\/\"]}]}<\/script>\n<!-- \/ Yoast SEO Premium plugin. -->","yoast_head_json":{"title":"COPOS EM PAPEL | PERSONALIZA\u00c7\u00c3O - Copopalhinhas","robots":{"index":"index","follow":"follow","max-snippet":"max-snippet:-1","max-image-preview":"max-image-preview:large","max-video-preview":"max-video-preview:-1"},"canonical":"https:\/\/dev4copopalhinhas.devdg.pt\/es\/producto\/copos-papel-personalizacao\/","og_locale":"es_ES","og_type":"article","og_title":"COPOS EM PAPEL | PERSONALIZA\u00c7\u00c3O","og_description":"A nossa linha de copos em papel, ideal para qualquer ocasi\u00e3o, desde festas particulares a eventos corporativos. Os nossos copos em papel s\u00e3o uma op\u00e7\u00e3o perfeita para servir uma variedade de bebidas quentes e frias. Temos dispon\u00edvel um servi\u00e7o de personaliza\u00e7\u00e3o para transformar os seus copos em papel numa poderosas ferramenta de marketing. Adicione o logotipo da sua empresa, design personalizado ou mensagem especial para criar uma comunica\u00e7\u00e3o poderosa com os seus clientes e convidados.  Acede aqui para ver todos os modelos de Copos de Papel  Acede aqui para ver os modelos de Copos de Papel Free Plastic","og_url":"https:\/\/dev4copopalhinhas.devdg.pt\/es\/producto\/copos-papel-personalizacao\/","og_site_name":"Copopalhinhas","article_publisher":"https:\/\/www.facebook.com\/copopalhinhas","article_modified_time":"2025-06-02T09:05:41+00:00","og_image":[{"width":1000,"height":1000,"url":"https:\/\/dev4copopalhinhas.devdg.pt\/wp-content\/uploads\/papel-personalizados-web-1-low.png","type":"image\/png"}],"twitter_card":"summary_large_image","twitter_site":"@copopalhinhas","schema":{"@context":"https:\/\/schema.org","@graph":[{"@type":"WebPage","@id":"https:\/\/dev4copopalhinhas.devdg.pt\/produto\/copos-papel-personalizacao\/","url":"https:\/\/dev4copopalhinhas.devdg.pt\/produto\/copos-papel-personalizacao\/","name":"COPOS EM PAPEL | PERSONALIZA\u00c7\u00c3O - Copopalhinhas","isPartOf":{"@id":"https:\/\/dev4copopalhinhas.devdg.pt\/#website"},"primaryImageOfPage":{"@id":"https:\/\/dev4copopalhinhas.devdg.pt\/produto\/copos-papel-personalizacao\/#primaryimage"},"image":{"@id":"https:\/\/dev4copopalhinhas.devdg.pt\/produto\/copos-papel-personalizacao\/#primaryimage"},"thumbnailUrl":"https:\/\/dev4copopalhinhas.devdg.pt\/wp-content\/uploads\/papel-personalizados-web-1-low.png","datePublished":"2024-02-20T09:19:12+00:00","dateModified":"2025-06-02T09:05:41+00:00","breadcrumb":{"@id":"https:\/\/dev4copopalhinhas.devdg.pt\/produto\/copos-papel-personalizacao\/#breadcrumb"},"inLanguage":"es","potentialAction":[{"@type":"ReadAction","target":["https:\/\/dev4copopalhinhas.devdg.pt\/produto\/copos-papel-personalizacao\/"]}]},{"@type":"ImageObject","inLanguage":"es","@id":"https:\/\/dev4copopalhinhas.devdg.pt\/produto\/copos-papel-personalizacao\/#primaryimage","url":"https:\/\/dev4copopalhinhas.devdg.pt\/wp-content\/uploads\/papel-personalizados-web-1-low.png","contentUrl":"https:\/\/dev4copopalhinhas.devdg.pt\/wp-content\/uploads\/papel-personalizados-web-1-low.png","width":1000,"height":1000,"caption":"papel-personalizados-web-1-low"},{"@type":"BreadcrumbList","@id":"https:\/\/dev4copopalhinhas.devdg.pt\/produto\/copos-papel-personalizacao\/#breadcrumb","itemListElement":[{"@type":"ListItem","position":1,"name":"In\u00edcio","item":"https:\/\/dev4copopalhinhas.devdg.pt\/"},{"@type":"ListItem","position":2,"name":"Loja","item":"https:\/\/dev4copopalhinhas.devdg.pt\/loja\/"},{"@type":"ListItem","position":3,"name":"COPOS EM PAPEL | PERSONALIZA\u00c7\u00c3O"}]},{"@type":"WebSite","@id":"https:\/\/dev4copopalhinhas.devdg.pt\/#website","url":"https:\/\/dev4copopalhinhas.devdg.pt\/","name":"Pajitas para vasos","description":"Os Melhores Pre\u00e7os","publisher":{"@id":"https:\/\/dev4copopalhinhas.devdg.pt\/#organization"},"potentialAction":[{"@type":"SearchAction","target":{"@type":"EntryPoint","urlTemplate":"https:\/\/dev4copopalhinhas.devdg.pt\/?s={search_term_string}"},"query-input":{"@type":"PropertyValueSpecification","valueRequired":true,"valueName":"search_term_string"}}],"inLanguage":"es"},{"@type":"Organization","@id":"https:\/\/dev4copopalhinhas.devdg.pt\/#organization","name":"Pajitas para vasos","url":"https:\/\/dev4copopalhinhas.devdg.pt\/","logo":{"@type":"ImageObject","inLanguage":"es","@id":"https:\/\/dev4copopalhinhas.devdg.pt\/#\/schema\/logo\/image\/","url":"https:\/\/dev4copopalhinhas.devdg.pt\/wp-content\/uploads\/2022\/05\/COPOPALHINHASlogo.png","contentUrl":"https:\/\/dev4copopalhinhas.devdg.pt\/wp-content\/uploads\/2022\/05\/COPOPALHINHASlogo.png","width":1200,"height":323,"caption":"Copopalhinhas"},"image":{"@id":"https:\/\/dev4copopalhinhas.devdg.pt\/#\/schema\/logo\/image\/"},"sameAs":["https:\/\/www.facebook.com\/copopalhinhas","https:\/\/x.com\/copopalhinhas","https:\/\/copopalhinhas.blogspot.pt\/"]}]}},"_links":{"self":[{"href":"https:\/\/dev4copopalhinhas.devdg.pt\/es\/wp-json\/wp\/v2\/product\/31975","targetHints":{"allow":["GET"]}}],"collection":[{"href":"https:\/\/dev4copopalhinhas.devdg.pt\/es\/wp-json\/wp\/v2\/product"}],"about":[{"href":"https:\/\/dev4copopalhinhas.devdg.pt\/es\/wp-json\/wp\/v2\/types\/product"}],"replies":[{"embeddable":true,"href":"https:\/\/dev4copopalhinhas.devdg.pt\/es\/wp-json\/wp\/v2\/comments?post=31975"}],"wp:featuredmedia":[{"embeddable":true,"href":"https:\/\/dev4copopalhinhas.devdg.pt\/es\/wp-json\/wp\/v2\/media\/31977"}],"wp:attachment":[{"href":"https:\/\/dev4copopalhinhas.devdg.pt\/es\/wp-json\/wp\/v2\/media?parent=31975"}],"wp:term":[{"taxonomy":"product_cat","embeddable":true,"href":"https:\/\/dev4copopalhinhas.devdg.pt\/es\/wp-json\/wp\/v2\/product_cat?post=31975"},{"taxonomy":"product_tag","embeddable":true,"href":"https:\/\/dev4copopalhinhas.devdg.pt\/es\/wp-json\/wp\/v2\/product_tag?post=31975"}],"curies":[{"name":"wp","href":"https:\/\/api.w.org\/{rel}","templated":true}]}}