{"id":33439,"date":"2024-09-12T16:39:31","date_gmt":"2024-09-12T15:39:31","guid":{"rendered":"https:\/\/dev4copopalhinhas.devdg.pt\/?post_type=product&#038;p=33439"},"modified":"2025-10-21T09:21:30","modified_gmt":"2025-10-21T08:21:30","slug":"copo-cafe-branco-4oz-12cl-120ml-cartao-papel","status":"publish","type":"product","link":"https:\/\/dev4copopalhinhas.devdg.pt\/es\/producto\/copo-cafe-branco-4oz-12cl-120ml-cartao-papel\/","title":{"rendered":"COPO CAF\u00c9 BRANCO 4OZ \/ 12CL (120ML) CART\u00c3O \/ PAPEL"},"content":{"rendered":"<p>Copo de Caf\u00e9 Branco 4OZ (12cl\/120ml) em Papel Branco<\/p>\n<p>O Copo de Caf\u00e9 Branco de 4oz \u00e9 uma maneira inspiradora de desfrutar do seu caf\u00e9.<\/p>\n<ul>\n<li>Tamanho Perfeito: Com uma capacidade de 4 oz (12 cl\/120 ml), este copo \u00e9 adequado para servir caf\u00e9s, e outras bebidas quentes.<\/li>\n<li>Material Sustent\u00e1vel: Fabricado em papel branco resistente, este copo \u00e9 recicl\u00e1vel, contribuindo para a preserva\u00e7\u00e3o do meio ambiente.<\/li>\n<li>Conformidade com Diretivas da UE: Este copo atende \u00e0s diretrizes da Uni\u00e3o Europeia para embalagens no sentido de alertar para o perigo ambiental que estes produtos podem representar quando descartados incorretamente.<\/li>\n<\/ul>\n<p><img decoding=\"async\" src=\"https:\/\/dev4copopalhinhas.devdg.pt\/wp-content\/uploads\/Icon_DESCARTAVEL.png\" alt=\"\" width=\"30\" height=\"30\" \/> <strong>Descart\u00e1vel<\/strong><\/p>\n<p><img decoding=\"async\" src=\"https:\/\/dev4copopalhinhas.devdg.pt\/wp-content\/uploads\/Icons_alimentos.png\" alt=\"\" width=\"30\" height=\"30\" \/> <strong>Alimento<\/strong>: Pr\u00f3prios para consumo alimentar<\/p>\n<p><img decoding=\"async\" src=\"https:\/\/dev4copopalhinhas.devdg.pt\/wp-content\/uploads\/Icon_reciclaveis.png\" alt=\"\" width=\"30\" height=\"30\" \/> <strong>Recicl\u00e1veis<\/strong>: Produtos que podem ser reciclados ou usados para recupera\u00e7\u00e3o energ\u00e9tica.<\/p>","protected":false},"excerpt":{"rendered":"<p>O Copo de Caf\u00e9 Branco de 4oz (12 cl\/120 ml) em Papel \u00e9 a escolha perfeita para desfrutar do seu caf\u00e9 favorito com conforto. Inclui a impress\u00e3o da Diretiva da UE (Decreto-Lei n.\u00ba 78\/2021).<\/p>\n<p><img decoding=\"async\" src=\"https:\/\/dev4copopalhinhas.devdg.pt\/wp-content\/uploads\/Icons_alimentos.png\" alt=\"\" width=\"30\" height=\"30\" \/> <img decoding=\"async\" src=\"https:\/\/dev4copopalhinhas.devdg.pt\/wp-content\/uploads\/Icon_DESCARTAVEL.png\" alt=\"\" width=\"30\" height=\"30\" \/> <img decoding=\"async\" src=\"https:\/\/dev4copopalhinhas.devdg.pt\/wp-content\/uploads\/Icon_reciclaveis.png\" alt=\"\" width=\"30\" height=\"30\" \/><\/p>","protected":false},"featured_media":33442,"comment_status":"open","ping_status":"closed","template":"","meta":{"_acf_changed":false},"product_cat":[2007,2035,1719,1453,1512,1484,1437,1946,225],"product_tag":[1589,1594,1569,1702],"class_list":{"0":"post-33439","1":"product","2":"type-product","3":"status-publish","4":"has-post-thumbnail","6":"product_cat-copos-descartaveis","7":"product_cat-copos-descartaveis-cartao","8":"product_cat-branco","9":"product_cat-11-20cl","10":"product_cat-descartavel","11":"product_cat-cartao","12":"product_cat-cafe","13":"product_cat-copo","14":"product_cat-copos","15":"product_tag-sub-menu-copos-descartaveis","16":"product_tag-sub-menu-copos-descartaveis-papel-cartao","17":"product_tag-menu-descartaveis","18":"product_tag-destaque","19":"pa_qtd-por-caixa-1273","20":"pa_qtd-por-caixa-1288","21":"pa_qtd-por-caixa-1289","22":"tm-no-options","24":"first","25":"instock","26":"taxable","27":"shipping-taxable","28":"purchasable","29":"product-type-variable"},"acf":[],"yoast_head":"<!-- This site is optimized with the Yoast SEO Premium plugin v23.9 (Yoast SEO v23.9) - https:\/\/yoast.com\/wordpress\/plugins\/seo\/ -->\n<title>COPO CAF\u00c9 BRANCO 4OZ \/ 12CL (120ML) CART\u00c3O \/ PAPEL - Copopalhinhas<\/title>\n<meta name=\"description\" content=\"O Copo de Caf\u00e9 Branco de 4oz (12 cl\/120 ml) em Papel \u00e9 a escolha perfeita para desfrutar do seu caf\u00e9 favorito com conforto. Com a impress\u00e3o da Diretiva UE.\" \/>\n<meta name=\"robots\" content=\"index, follow, max-snippet:-1, max-image-preview:large, max-video-preview:-1\" \/>\n<link rel=\"canonical\" href=\"https:\/\/dev4copopalhinhas.devdg.pt\/es\/producto\/copo-cafe-branco-4oz-12cl-120ml-cartao-papel\/\" \/>\n<meta property=\"og:locale\" content=\"es_ES\" \/>\n<meta property=\"og:type\" content=\"article\" \/>\n<meta property=\"og:title\" content=\"COPO CAF\u00c9 BRANCO 4OZ \/ 12CL (120ML) CART\u00c3O \/ PAPEL\" \/>\n<meta property=\"og:description\" content=\"O Copo de Caf\u00e9 Branco de 4oz (12 cl\/120 ml) em Papel \u00e9 a escolha perfeita para desfrutar do seu caf\u00e9 favorito com conforto. Com a impress\u00e3o da Diretiva UE.\" \/>\n<meta property=\"og:url\" content=\"https:\/\/dev4copopalhinhas.devdg.pt\/es\/producto\/copo-cafe-branco-4oz-12cl-120ml-cartao-papel\/\" \/>\n<meta property=\"og:site_name\" content=\"Copopalhinhas\" \/>\n<meta property=\"article:publisher\" content=\"https:\/\/www.facebook.com\/copopalhinhas\" \/>\n<meta property=\"article:modified_time\" content=\"2025-10-21T08:21:30+00:00\" \/>\n<meta property=\"og:image\" content=\"https:\/\/copopalhinhas.b-cdn.net\/wp-content\/uploads\/AAC4.PAPEL-COPO-CARTAO-PAPEL-4OZ-120ML-Copopalhinhas-web-1.png\" \/>\n\t<meta property=\"og:image:width\" content=\"1000\" \/>\n\t<meta property=\"og:image:height\" content=\"1000\" \/>\n\t<meta property=\"og:image:type\" content=\"image\/png\" \/>\n<meta name=\"twitter:card\" content=\"summary_large_image\" \/>\n<meta name=\"twitter:site\" content=\"@copopalhinhas\" \/>\n<script type=\"application\/ld+json\" class=\"yoast-schema-graph\">{\"@context\":\"https:\/\/schema.org\",\"@graph\":[{\"@type\":\"WebPage\",\"@id\":\"https:\/\/dev4copopalhinhas.devdg.pt\/produto\/copo-cafe-branco-4oz-12cl-120ml-cartao-papel\/\",\"url\":\"https:\/\/dev4copopalhinhas.devdg.pt\/produto\/copo-cafe-branco-4oz-12cl-120ml-cartao-papel\/\",\"name\":\"COPO CAF\u00c9 BRANCO 4OZ \/ 12CL (120ML) CART\u00c3O \/ PAPEL - Copopalhinhas\",\"isPartOf\":{\"@id\":\"https:\/\/dev4copopalhinhas.devdg.pt\/#website\"},\"primaryImageOfPage\":{\"@id\":\"https:\/\/dev4copopalhinhas.devdg.pt\/produto\/copo-cafe-branco-4oz-12cl-120ml-cartao-papel\/#primaryimage\"},\"image\":{\"@id\":\"https:\/\/dev4copopalhinhas.devdg.pt\/produto\/copo-cafe-branco-4oz-12cl-120ml-cartao-papel\/#primaryimage\"},\"thumbnailUrl\":\"https:\/\/dev4copopalhinhas.devdg.pt\/wp-content\/uploads\/AAC4.PAPEL-COPO-CARTAO-PAPEL-4OZ-120ML-Copopalhinhas-web-1.png\",\"datePublished\":\"2024-09-12T15:39:31+00:00\",\"dateModified\":\"2025-10-21T08:21:30+00:00\",\"description\":\"O Copo de Caf\u00e9 Branco de 4oz (12 cl\/120 ml) em Papel \u00e9 a escolha perfeita para desfrutar do seu caf\u00e9 favorito com conforto. Com a impress\u00e3o da Diretiva UE.\",\"breadcrumb\":{\"@id\":\"https:\/\/dev4copopalhinhas.devdg.pt\/produto\/copo-cafe-branco-4oz-12cl-120ml-cartao-papel\/#breadcrumb\"},\"inLanguage\":\"es\",\"potentialAction\":[{\"@type\":\"ReadAction\",\"target\":[\"https:\/\/dev4copopalhinhas.devdg.pt\/produto\/copo-cafe-branco-4oz-12cl-120ml-cartao-papel\/\"]}]},{\"@type\":\"ImageObject\",\"inLanguage\":\"es\",\"@id\":\"https:\/\/dev4copopalhinhas.devdg.pt\/produto\/copo-cafe-branco-4oz-12cl-120ml-cartao-papel\/#primaryimage\",\"url\":\"https:\/\/dev4copopalhinhas.devdg.pt\/wp-content\/uploads\/AAC4.PAPEL-COPO-CARTAO-PAPEL-4OZ-120ML-Copopalhinhas-web-1.png\",\"contentUrl\":\"https:\/\/dev4copopalhinhas.devdg.pt\/wp-content\/uploads\/AAC4.PAPEL-COPO-CARTAO-PAPEL-4OZ-120ML-Copopalhinhas-web-1.png\",\"width\":1000,\"height\":1000,\"caption\":\"AAC4.PAPEL-COPO-CARTAO-PAPEL-4OZ-120ML-Copopalhinhas-web-1\"},{\"@type\":\"BreadcrumbList\",\"@id\":\"https:\/\/dev4copopalhinhas.devdg.pt\/produto\/copo-cafe-branco-4oz-12cl-120ml-cartao-papel\/#breadcrumb\",\"itemListElement\":[{\"@type\":\"ListItem\",\"position\":1,\"name\":\"In\u00edcio\",\"item\":\"https:\/\/dev4copopalhinhas.devdg.pt\/\"},{\"@type\":\"ListItem\",\"position\":2,\"name\":\"Loja\",\"item\":\"https:\/\/dev4copopalhinhas.devdg.pt\/loja\/\"},{\"@type\":\"ListItem\",\"position\":3,\"name\":\"COPO CAF\u00c9 BRANCO 4OZ \/ 12CL (120ML) CART\u00c3O \/ PAPEL\"}]},{\"@type\":\"WebSite\",\"@id\":\"https:\/\/dev4copopalhinhas.devdg.pt\/#website\",\"url\":\"https:\/\/dev4copopalhinhas.devdg.pt\/\",\"name\":\"Copopalhinhas\",\"description\":\"Os Melhores Pre\u00e7os\",\"publisher\":{\"@id\":\"https:\/\/dev4copopalhinhas.devdg.pt\/#organization\"},\"potentialAction\":[{\"@type\":\"SearchAction\",\"target\":{\"@type\":\"EntryPoint\",\"urlTemplate\":\"https:\/\/dev4copopalhinhas.devdg.pt\/?s={search_term_string}\"},\"query-input\":{\"@type\":\"PropertyValueSpecification\",\"valueRequired\":true,\"valueName\":\"search_term_string\"}}],\"inLanguage\":\"es\"},{\"@type\":\"Organization\",\"@id\":\"https:\/\/dev4copopalhinhas.devdg.pt\/#organization\",\"name\":\"Copopalhinhas\",\"url\":\"https:\/\/dev4copopalhinhas.devdg.pt\/\",\"logo\":{\"@type\":\"ImageObject\",\"inLanguage\":\"es\",\"@id\":\"https:\/\/dev4copopalhinhas.devdg.pt\/#\/schema\/logo\/image\/\",\"url\":\"https:\/\/dev4copopalhinhas.devdg.pt\/wp-content\/uploads\/2022\/05\/COPOPALHINHASlogo.png\",\"contentUrl\":\"https:\/\/dev4copopalhinhas.devdg.pt\/wp-content\/uploads\/2022\/05\/COPOPALHINHASlogo.png\",\"width\":1200,\"height\":323,\"caption\":\"Copopalhinhas\"},\"image\":{\"@id\":\"https:\/\/dev4copopalhinhas.devdg.pt\/#\/schema\/logo\/image\/\"},\"sameAs\":[\"https:\/\/www.facebook.com\/copopalhinhas\",\"https:\/\/x.com\/copopalhinhas\",\"https:\/\/copopalhinhas.blogspot.pt\/\"]}]}<\/script>\n<!-- \/ Yoast SEO Premium plugin. -->","yoast_head_json":{"title":"COPO CAF\u00c9 BRANCO 4OZ \/ 12CL (120ML) CART\u00c3O \/ PAPEL - Copopalhinhas","description":"O Copo de Caf\u00e9 Branco de 4oz (12 cl\/120 ml) em Papel \u00e9 a escolha perfeita para desfrutar do seu caf\u00e9 favorito com conforto. Com a impress\u00e3o da Diretiva UE.","robots":{"index":"index","follow":"follow","max-snippet":"max-snippet:-1","max-image-preview":"max-image-preview:large","max-video-preview":"max-video-preview:-1"},"canonical":"https:\/\/dev4copopalhinhas.devdg.pt\/es\/producto\/copo-cafe-branco-4oz-12cl-120ml-cartao-papel\/","og_locale":"es_ES","og_type":"article","og_title":"COPO CAF\u00c9 BRANCO 4OZ \/ 12CL (120ML) CART\u00c3O \/ PAPEL","og_description":"O Copo de Caf\u00e9 Branco de 4oz (12 cl\/120 ml) em Papel \u00e9 a escolha perfeita para desfrutar do seu caf\u00e9 favorito com conforto. Com a impress\u00e3o da Diretiva UE.","og_url":"https:\/\/dev4copopalhinhas.devdg.pt\/es\/producto\/copo-cafe-branco-4oz-12cl-120ml-cartao-papel\/","og_site_name":"Copopalhinhas","article_publisher":"https:\/\/www.facebook.com\/copopalhinhas","article_modified_time":"2025-10-21T08:21:30+00:00","og_image":[{"width":1000,"height":1000,"url":"https:\/\/copopalhinhas.b-cdn.net\/wp-content\/uploads\/AAC4.PAPEL-COPO-CARTAO-PAPEL-4OZ-120ML-Copopalhinhas-web-1.png","type":"image\/png"}],"twitter_card":"summary_large_image","twitter_site":"@copopalhinhas","schema":{"@context":"https:\/\/schema.org","@graph":[{"@type":"WebPage","@id":"https:\/\/dev4copopalhinhas.devdg.pt\/produto\/copo-cafe-branco-4oz-12cl-120ml-cartao-papel\/","url":"https:\/\/dev4copopalhinhas.devdg.pt\/produto\/copo-cafe-branco-4oz-12cl-120ml-cartao-papel\/","name":"COPO CAF\u00c9 BRANCO 4OZ \/ 12CL (120ML) CART\u00c3O \/ PAPEL - Copopalhinhas","isPartOf":{"@id":"https:\/\/dev4copopalhinhas.devdg.pt\/#website"},"primaryImageOfPage":{"@id":"https:\/\/dev4copopalhinhas.devdg.pt\/produto\/copo-cafe-branco-4oz-12cl-120ml-cartao-papel\/#primaryimage"},"image":{"@id":"https:\/\/dev4copopalhinhas.devdg.pt\/produto\/copo-cafe-branco-4oz-12cl-120ml-cartao-papel\/#primaryimage"},"thumbnailUrl":"https:\/\/dev4copopalhinhas.devdg.pt\/wp-content\/uploads\/AAC4.PAPEL-COPO-CARTAO-PAPEL-4OZ-120ML-Copopalhinhas-web-1.png","datePublished":"2024-09-12T15:39:31+00:00","dateModified":"2025-10-21T08:21:30+00:00","description":"O Copo de Caf\u00e9 Branco de 4oz (12 cl\/120 ml) em Papel \u00e9 a escolha perfeita para desfrutar do seu caf\u00e9 favorito com conforto. Com a impress\u00e3o da Diretiva UE.","breadcrumb":{"@id":"https:\/\/dev4copopalhinhas.devdg.pt\/produto\/copo-cafe-branco-4oz-12cl-120ml-cartao-papel\/#breadcrumb"},"inLanguage":"es","potentialAction":[{"@type":"ReadAction","target":["https:\/\/dev4copopalhinhas.devdg.pt\/produto\/copo-cafe-branco-4oz-12cl-120ml-cartao-papel\/"]}]},{"@type":"ImageObject","inLanguage":"es","@id":"https:\/\/dev4copopalhinhas.devdg.pt\/produto\/copo-cafe-branco-4oz-12cl-120ml-cartao-papel\/#primaryimage","url":"https:\/\/dev4copopalhinhas.devdg.pt\/wp-content\/uploads\/AAC4.PAPEL-COPO-CARTAO-PAPEL-4OZ-120ML-Copopalhinhas-web-1.png","contentUrl":"https:\/\/dev4copopalhinhas.devdg.pt\/wp-content\/uploads\/AAC4.PAPEL-COPO-CARTAO-PAPEL-4OZ-120ML-Copopalhinhas-web-1.png","width":1000,"height":1000,"caption":"AAC4.PAPEL-COPO-CARTAO-PAPEL-4OZ-120ML-Copopalhinhas-web-1"},{"@type":"BreadcrumbList","@id":"https:\/\/dev4copopalhinhas.devdg.pt\/produto\/copo-cafe-branco-4oz-12cl-120ml-cartao-papel\/#breadcrumb","itemListElement":[{"@type":"ListItem","position":1,"name":"In\u00edcio","item":"https:\/\/dev4copopalhinhas.devdg.pt\/"},{"@type":"ListItem","position":2,"name":"Loja","item":"https:\/\/dev4copopalhinhas.devdg.pt\/loja\/"},{"@type":"ListItem","position":3,"name":"COPO CAF\u00c9 BRANCO 4OZ \/ 12CL (120ML) CART\u00c3O \/ PAPEL"}]},{"@type":"WebSite","@id":"https:\/\/dev4copopalhinhas.devdg.pt\/#website","url":"https:\/\/dev4copopalhinhas.devdg.pt\/","name":"Pajitas para vasos","description":"Os Melhores Pre\u00e7os","publisher":{"@id":"https:\/\/dev4copopalhinhas.devdg.pt\/#organization"},"potentialAction":[{"@type":"SearchAction","target":{"@type":"EntryPoint","urlTemplate":"https:\/\/dev4copopalhinhas.devdg.pt\/?s={search_term_string}"},"query-input":{"@type":"PropertyValueSpecification","valueRequired":true,"valueName":"search_term_string"}}],"inLanguage":"es"},{"@type":"Organization","@id":"https:\/\/dev4copopalhinhas.devdg.pt\/#organization","name":"Pajitas para vasos","url":"https:\/\/dev4copopalhinhas.devdg.pt\/","logo":{"@type":"ImageObject","inLanguage":"es","@id":"https:\/\/dev4copopalhinhas.devdg.pt\/#\/schema\/logo\/image\/","url":"https:\/\/dev4copopalhinhas.devdg.pt\/wp-content\/uploads\/2022\/05\/COPOPALHINHASlogo.png","contentUrl":"https:\/\/dev4copopalhinhas.devdg.pt\/wp-content\/uploads\/2022\/05\/COPOPALHINHASlogo.png","width":1200,"height":323,"caption":"Copopalhinhas"},"image":{"@id":"https:\/\/dev4copopalhinhas.devdg.pt\/#\/schema\/logo\/image\/"},"sameAs":["https:\/\/www.facebook.com\/copopalhinhas","https:\/\/x.com\/copopalhinhas","https:\/\/copopalhinhas.blogspot.pt\/"]}]}},"_links":{"self":[{"href":"https:\/\/dev4copopalhinhas.devdg.pt\/es\/wp-json\/wp\/v2\/product\/33439","targetHints":{"allow":["GET"]}}],"collection":[{"href":"https:\/\/dev4copopalhinhas.devdg.pt\/es\/wp-json\/wp\/v2\/product"}],"about":[{"href":"https:\/\/dev4copopalhinhas.devdg.pt\/es\/wp-json\/wp\/v2\/types\/product"}],"replies":[{"embeddable":true,"href":"https:\/\/dev4copopalhinhas.devdg.pt\/es\/wp-json\/wp\/v2\/comments?post=33439"}],"wp:featuredmedia":[{"embeddable":true,"href":"https:\/\/dev4copopalhinhas.devdg.pt\/es\/wp-json\/wp\/v2\/media\/33442"}],"wp:attachment":[{"href":"https:\/\/dev4copopalhinhas.devdg.pt\/es\/wp-json\/wp\/v2\/media?parent=33439"}],"wp:term":[{"taxonomy":"product_cat","embeddable":true,"href":"https:\/\/dev4copopalhinhas.devdg.pt\/es\/wp-json\/wp\/v2\/product_cat?post=33439"},{"taxonomy":"product_tag","embeddable":true,"href":"https:\/\/dev4copopalhinhas.devdg.pt\/es\/wp-json\/wp\/v2\/product_tag?post=33439"}],"curies":[{"name":"wp","href":"https:\/\/api.w.org\/{rel}","templated":true}]}}