{"id":55857,"date":"2025-01-08T10:34:18","date_gmt":"2025-01-08T10:34:18","guid":{"rendered":"https:\/\/dev4copopalhinhas.devdg.pt\/?post_type=product&#038;p=55857"},"modified":"2025-11-12T10:12:05","modified_gmt":"2025-11-12T10:12:05","slug":"copo-papel-cartao-branco-tampa-branca-furo-24cl-240ml-8oz","status":"publish","type":"product","link":"https:\/\/dev4copopalhinhas.devdg.pt\/es\/producto\/copo-papel-cartao-branco-tampa-branca-furo-24cl-240ml-8oz\/","title":{"rendered":"COPO DE PAPEL (CART\u00c3O) BRANCO TAMPA BRANCA E FURO 24CL (240ML\/8OZ)"},"content":{"rendered":"<h3>COPO DE PAPEL (CART\u00c3O) BRANCO TAMPA BRANCA E FURO 24CL (240ML\/8OZ)<\/h3>\n<p>O Copo de Papel (cart\u00e3o) Branco Tampa Branca e Furo 24cl (240ml\/8oz) \u00e9 a escolha ideal para quem procura praticidade e seguran\u00e7a no servi\u00e7o de bebidas. Al\u00e9m disso, \u00e9 perfeito para bebidas quentes e frias, como caf\u00e9s, ch\u00e1s, sumos e outras bebidas de take-away. Adicionalmente, a tampa branca, com orif\u00edcio, permite o consumo sem derramamentos, garantindo, assim, comodidade para o cliente, seja em eventos, cafeterias ou restaurantes. Al\u00e9m disso, a sua estrutura em papel oferece maior sustentabilidade, ajudando a reduzir o impacto ambiental. Uma solu\u00e7\u00e3o eficiente e ecol\u00f3gica para o seu neg\u00f3cio.<\/p>\n<ul>\n<li><strong>Tamanho Ideal para Diversas Bebidas:<\/strong> Com uma capacidade de 24cl (240ml\/8oz), este copo \u00e9 vers\u00e1til o suficiente para servir todo o tipo de bebidas quentes ou frias. Al\u00e9m disso, o material de cart\u00e3o\/papel utilizado \u00e9 de qualidade superior, garantindo resist\u00eancia e durabilidade.<\/li>\n<li><strong>Material de Cart\u00e3o\/Papel:<\/strong> Fabricado em cart\u00e3o\/papel de qualidade, este copo \u00e9 resistente. Consequentemente, ele atende \u00e0s normas exigidas, garantindo a seguran\u00e7a e sustentabilidade do produto.<\/li>\n<li><strong>Conformidade com Diretivas da UE:<\/strong> Este copo atende \u00e0s diretrizes da Uni\u00e3o Europeia para embalagens, alertando, assim, para o perigo ambiental que estes produtos podem representar, quando descartados incorretamente. Portanto, \u00e9 importante seguir as recomenda\u00e7\u00f5es para garantir um descarte respons\u00e1vel.<\/li>\n<li><strong>Descart\u00e1vel e Pr\u00e1tico:<\/strong> Ap\u00f3s o uso, \u00e9 f\u00e1cil descartar os copos, o que torna a limpeza e a reciclagem mais simples e r\u00e1pidas.<\/li>\n<\/ul>\n<p>Veja a nossa sele\u00e7\u00e3o de <a href=\"https:\/\/dev4copopalhinhas.devdg.pt\/es\/categorias\/copos-descartaveis-cartao\/\">vasos de papel<\/a> y <a href=\"https:\/\/dev4copopalhinhas.devdg.pt\/es\/categorias\/copos-descartaveis\/\">copos descart\u00e1veis<\/a>.<\/p>\n<p><img decoding=\"async\" src=\"https:\/\/dev4copopalhinhas.devdg.pt\/wp-content\/uploads\/Icon_DESCARTAVEL.png\" alt=\"\" width=\"30\" height=\"30\" \/> <strong>Descart\u00e1vel<\/strong><\/p>\n<p><img decoding=\"async\" src=\"https:\/\/dev4copopalhinhas.devdg.pt\/wp-content\/uploads\/Icons_alimentos.png\" alt=\"\" width=\"30\" height=\"30\" \/> <strong>Alimento<\/strong>: Pr\u00f3prios para consumo alimentar<\/p>\n<p><img decoding=\"async\" src=\"https:\/\/dev4copopalhinhas.devdg.pt\/wp-content\/uploads\/Icon_reciclaveis.png\" alt=\"\" width=\"30\" height=\"30\" \/> <strong>Recicl\u00e1veis<\/strong>: Produtos que se podem reciclar ou utilizar para recupera\u00e7\u00e3o energ\u00e9tica.<\/p>","protected":false},"excerpt":{"rendered":"<p>Este Copo de Papel (Cart\u00e3o) Branco \u00e9 ideal para bebidas quentes e frias. Perfeito para take-away, eventos e neg\u00f3cios. A tampa branca com furo permite um consumo f\u00e1cil e sem derramamentos, proporcionando praticidade e seguran\u00e7a. Inclui a impress\u00e3o da Diretiva da UE (Decreto-Lei n.\u00ba 78\/2021).<\/p>\n<p>&nbsp;<\/p>\n<p><img decoding=\"async\" src=\"https:\/\/dev4copopalhinhas.devdg.pt\/wp-content\/uploads\/Icons_alimentos.png\" alt=\"\" width=\"30\" height=\"30\" \/> <img decoding=\"async\" src=\"https:\/\/dev4copopalhinhas.devdg.pt\/wp-content\/uploads\/Icon_DESCARTAVEL.png\" alt=\"\" width=\"30\" height=\"30\" \/> <img decoding=\"async\" src=\"https:\/\/dev4copopalhinhas.devdg.pt\/wp-content\/uploads\/Icon_reciclaveis.png\" alt=\"\" width=\"30\" height=\"30\" \/><\/p>","protected":false},"featured_media":55861,"comment_status":"open","ping_status":"closed","template":"","meta":{"_acf_changed":false},"product_cat":[1719,2007,2036,2249,1515,1512,1484,1436,1946,225],"product_tag":[2088,2089,1589,1775,1569,1702],"class_list":{"0":"post-55857","1":"product","2":"type-product","3":"status-publish","4":"has-post-thumbnail","6":"product_cat-branco","7":"product_cat-copos-descartaveis","8":"product_cat-copos-descartaveis-cartao-com-tampa","9":"product_cat-take-away","10":"product_cat-21-30cl","11":"product_cat-descartavel","12":"product_cat-cartao","13":"product_cat-agua","14":"product_cat-copo","15":"product_cat-copos","16":"product_tag-copos-de-cartao","17":"product_tag-copos-de-papel","18":"product_tag-sub-menu-copos-descartaveis","19":"product_tag-copos-descartaveis-cartao-com-tampa","20":"product_tag-menu-descartaveis","21":"product_tag-destaque","22":"pa_qtd-por-caixa-281","23":"pa_qtd-por-caixa-1288","24":"tm-no-options","26":"first","27":"instock","28":"taxable","29":"shipping-taxable","30":"purchasable","31":"product-type-variable"},"acf":[],"yoast_head":"<!-- This site is optimized with the Yoast SEO Premium plugin v23.9 (Yoast SEO v23.9) - https:\/\/yoast.com\/wordpress\/plugins\/seo\/ -->\n<title>COPO DE PAPEL (CART\u00c3O) BRANCO 24CL TAMPA E FURO<\/title>\n<meta name=\"description\" content=\"Este copo de papel branco \u00e9 feito de papel de alta qualidade, s\u00e3o resistentes, suportam bebidas quentes e podem ser reciclados ap\u00f3s o uso.\" \/>\n<meta name=\"robots\" content=\"index, follow, max-snippet:-1, max-image-preview:large, max-video-preview:-1\" \/>\n<link rel=\"canonical\" href=\"https:\/\/dev4copopalhinhas.devdg.pt\/es\/producto\/copo-papel-cartao-branco-tampa-branca-furo-24cl-240ml-8oz\/\" \/>\n<meta property=\"og:locale\" content=\"es_ES\" \/>\n<meta property=\"og:type\" content=\"article\" \/>\n<meta property=\"og:title\" content=\"COPO DE PAPEL (CART\u00c3O) BRANCO TAMPA BRANCA E FURO 24CL (240ML\/8OZ)\" \/>\n<meta property=\"og:description\" content=\"Este copo de papel branco \u00e9 feito de papel de alta qualidade, s\u00e3o resistentes, suportam bebidas quentes e podem ser reciclados ap\u00f3s o uso.\" \/>\n<meta property=\"og:url\" content=\"https:\/\/dev4copopalhinhas.devdg.pt\/es\/producto\/copo-papel-cartao-branco-tampa-branca-furo-24cl-240ml-8oz\/\" \/>\n<meta property=\"og:site_name\" content=\"Copopalhinhas\" \/>\n<meta property=\"article:publisher\" content=\"https:\/\/www.facebook.com\/copopalhinhas\" \/>\n<meta property=\"article:modified_time\" content=\"2025-11-12T10:12:05+00:00\" \/>\n<meta property=\"og:image\" content=\"https:\/\/dev4copopalhinhas.devdg.pt\/wp-content\/uploads\/PAPEC1003-TAMP01001-COPO-BRANCO-8OZ-24CL-EM-CARTAO-PAPEL-COM-TAMPA-BRANCA-COM-FURO-web-1.png\" \/>\n\t<meta property=\"og:image:width\" content=\"1000\" \/>\n\t<meta property=\"og:image:height\" content=\"1000\" \/>\n\t<meta property=\"og:image:type\" content=\"image\/png\" \/>\n<meta name=\"twitter:card\" content=\"summary_large_image\" \/>\n<meta name=\"twitter:site\" content=\"@copopalhinhas\" \/>\n<script type=\"application\/ld+json\" class=\"yoast-schema-graph\">{\"@context\":\"https:\/\/schema.org\",\"@graph\":[{\"@type\":\"WebPage\",\"@id\":\"https:\/\/dev4copopalhinhas.devdg.pt\/produto\/copo-papel-cartao-branco-tampa-branca-furo-24cl-240ml-8oz\/\",\"url\":\"https:\/\/dev4copopalhinhas.devdg.pt\/produto\/copo-papel-cartao-branco-tampa-branca-furo-24cl-240ml-8oz\/\",\"name\":\"COPO DE PAPEL (CART\u00c3O) BRANCO 24CL TAMPA E FURO\",\"isPartOf\":{\"@id\":\"https:\/\/dev4copopalhinhas.devdg.pt\/#website\"},\"primaryImageOfPage\":{\"@id\":\"https:\/\/dev4copopalhinhas.devdg.pt\/produto\/copo-papel-cartao-branco-tampa-branca-furo-24cl-240ml-8oz\/#primaryimage\"},\"image\":{\"@id\":\"https:\/\/dev4copopalhinhas.devdg.pt\/produto\/copo-papel-cartao-branco-tampa-branca-furo-24cl-240ml-8oz\/#primaryimage\"},\"thumbnailUrl\":\"https:\/\/dev4copopalhinhas.devdg.pt\/wp-content\/uploads\/PAPEC1003-TAMP01001-COPO-BRANCO-8OZ-24CL-EM-CARTAO-PAPEL-COM-TAMPA-BRANCA-COM-FURO-web-1.png\",\"datePublished\":\"2025-01-08T10:34:18+00:00\",\"dateModified\":\"2025-11-12T10:12:05+00:00\",\"description\":\"Este copo de papel branco \u00e9 feito de papel de alta qualidade, s\u00e3o resistentes, suportam bebidas quentes e podem ser reciclados ap\u00f3s o uso.\",\"breadcrumb\":{\"@id\":\"https:\/\/dev4copopalhinhas.devdg.pt\/produto\/copo-papel-cartao-branco-tampa-branca-furo-24cl-240ml-8oz\/#breadcrumb\"},\"inLanguage\":\"es\",\"potentialAction\":[{\"@type\":\"ReadAction\",\"target\":[\"https:\/\/dev4copopalhinhas.devdg.pt\/produto\/copo-papel-cartao-branco-tampa-branca-furo-24cl-240ml-8oz\/\"]}]},{\"@type\":\"ImageObject\",\"inLanguage\":\"es\",\"@id\":\"https:\/\/dev4copopalhinhas.devdg.pt\/produto\/copo-papel-cartao-branco-tampa-branca-furo-24cl-240ml-8oz\/#primaryimage\",\"url\":\"https:\/\/dev4copopalhinhas.devdg.pt\/wp-content\/uploads\/PAPEC1003-TAMP01001-COPO-BRANCO-8OZ-24CL-EM-CARTAO-PAPEL-COM-TAMPA-BRANCA-COM-FURO-web-1.png\",\"contentUrl\":\"https:\/\/dev4copopalhinhas.devdg.pt\/wp-content\/uploads\/PAPEC1003-TAMP01001-COPO-BRANCO-8OZ-24CL-EM-CARTAO-PAPEL-COM-TAMPA-BRANCA-COM-FURO-web-1.png\",\"width\":1000,\"height\":1000,\"caption\":\"Copo de Papel (Cart\u00e3o) Branco\"},{\"@type\":\"BreadcrumbList\",\"@id\":\"https:\/\/dev4copopalhinhas.devdg.pt\/produto\/copo-papel-cartao-branco-tampa-branca-furo-24cl-240ml-8oz\/#breadcrumb\",\"itemListElement\":[{\"@type\":\"ListItem\",\"position\":1,\"name\":\"In\u00edcio\",\"item\":\"https:\/\/dev4copopalhinhas.devdg.pt\/\"},{\"@type\":\"ListItem\",\"position\":2,\"name\":\"Loja\",\"item\":\"https:\/\/dev4copopalhinhas.devdg.pt\/loja\/\"},{\"@type\":\"ListItem\",\"position\":3,\"name\":\"COPO DE PAPEL (CART\u00c3O) BRANCO TAMPA BRANCA E FURO 24CL (240ML\/8OZ)\"}]},{\"@type\":\"WebSite\",\"@id\":\"https:\/\/dev4copopalhinhas.devdg.pt\/#website\",\"url\":\"https:\/\/dev4copopalhinhas.devdg.pt\/\",\"name\":\"Copopalhinhas\",\"description\":\"Os Melhores Pre\u00e7os\",\"publisher\":{\"@id\":\"https:\/\/dev4copopalhinhas.devdg.pt\/#organization\"},\"potentialAction\":[{\"@type\":\"SearchAction\",\"target\":{\"@type\":\"EntryPoint\",\"urlTemplate\":\"https:\/\/dev4copopalhinhas.devdg.pt\/?s={search_term_string}\"},\"query-input\":{\"@type\":\"PropertyValueSpecification\",\"valueRequired\":true,\"valueName\":\"search_term_string\"}}],\"inLanguage\":\"es\"},{\"@type\":\"Organization\",\"@id\":\"https:\/\/dev4copopalhinhas.devdg.pt\/#organization\",\"name\":\"Copopalhinhas\",\"url\":\"https:\/\/dev4copopalhinhas.devdg.pt\/\",\"logo\":{\"@type\":\"ImageObject\",\"inLanguage\":\"es\",\"@id\":\"https:\/\/dev4copopalhinhas.devdg.pt\/#\/schema\/logo\/image\/\",\"url\":\"https:\/\/dev4copopalhinhas.devdg.pt\/wp-content\/uploads\/2022\/05\/COPOPALHINHASlogo.png\",\"contentUrl\":\"https:\/\/dev4copopalhinhas.devdg.pt\/wp-content\/uploads\/2022\/05\/COPOPALHINHASlogo.png\",\"width\":1200,\"height\":323,\"caption\":\"Copopalhinhas\"},\"image\":{\"@id\":\"https:\/\/dev4copopalhinhas.devdg.pt\/#\/schema\/logo\/image\/\"},\"sameAs\":[\"https:\/\/www.facebook.com\/copopalhinhas\",\"https:\/\/x.com\/copopalhinhas\",\"https:\/\/copopalhinhas.blogspot.pt\/\"]}]}<\/script>\n<!-- \/ Yoast SEO Premium plugin. -->","yoast_head_json":{"title":"COPO DE PAPEL (CART\u00c3O) BRANCO 24CL TAMPA E FURO","description":"Este copo de papel branco \u00e9 feito de papel de alta qualidade, s\u00e3o resistentes, suportam bebidas quentes e podem ser reciclados ap\u00f3s o uso.","robots":{"index":"index","follow":"follow","max-snippet":"max-snippet:-1","max-image-preview":"max-image-preview:large","max-video-preview":"max-video-preview:-1"},"canonical":"https:\/\/dev4copopalhinhas.devdg.pt\/es\/producto\/copo-papel-cartao-branco-tampa-branca-furo-24cl-240ml-8oz\/","og_locale":"es_ES","og_type":"article","og_title":"COPO DE PAPEL (CART\u00c3O) BRANCO TAMPA BRANCA E FURO 24CL (240ML\/8OZ)","og_description":"Este copo de papel branco \u00e9 feito de papel de alta qualidade, s\u00e3o resistentes, suportam bebidas quentes e podem ser reciclados ap\u00f3s o uso.","og_url":"https:\/\/dev4copopalhinhas.devdg.pt\/es\/producto\/copo-papel-cartao-branco-tampa-branca-furo-24cl-240ml-8oz\/","og_site_name":"Copopalhinhas","article_publisher":"https:\/\/www.facebook.com\/copopalhinhas","article_modified_time":"2025-11-12T10:12:05+00:00","og_image":[{"width":1000,"height":1000,"url":"https:\/\/dev4copopalhinhas.devdg.pt\/wp-content\/uploads\/PAPEC1003-TAMP01001-COPO-BRANCO-8OZ-24CL-EM-CARTAO-PAPEL-COM-TAMPA-BRANCA-COM-FURO-web-1.png","type":"image\/png"}],"twitter_card":"summary_large_image","twitter_site":"@copopalhinhas","schema":{"@context":"https:\/\/schema.org","@graph":[{"@type":"WebPage","@id":"https:\/\/dev4copopalhinhas.devdg.pt\/produto\/copo-papel-cartao-branco-tampa-branca-furo-24cl-240ml-8oz\/","url":"https:\/\/dev4copopalhinhas.devdg.pt\/produto\/copo-papel-cartao-branco-tampa-branca-furo-24cl-240ml-8oz\/","name":"COPO DE PAPEL (CART\u00c3O) BRANCO 24CL TAMPA E FURO","isPartOf":{"@id":"https:\/\/dev4copopalhinhas.devdg.pt\/#website"},"primaryImageOfPage":{"@id":"https:\/\/dev4copopalhinhas.devdg.pt\/produto\/copo-papel-cartao-branco-tampa-branca-furo-24cl-240ml-8oz\/#primaryimage"},"image":{"@id":"https:\/\/dev4copopalhinhas.devdg.pt\/produto\/copo-papel-cartao-branco-tampa-branca-furo-24cl-240ml-8oz\/#primaryimage"},"thumbnailUrl":"https:\/\/dev4copopalhinhas.devdg.pt\/wp-content\/uploads\/PAPEC1003-TAMP01001-COPO-BRANCO-8OZ-24CL-EM-CARTAO-PAPEL-COM-TAMPA-BRANCA-COM-FURO-web-1.png","datePublished":"2025-01-08T10:34:18+00:00","dateModified":"2025-11-12T10:12:05+00:00","description":"Este copo de papel branco \u00e9 feito de papel de alta qualidade, s\u00e3o resistentes, suportam bebidas quentes e podem ser reciclados ap\u00f3s o uso.","breadcrumb":{"@id":"https:\/\/dev4copopalhinhas.devdg.pt\/produto\/copo-papel-cartao-branco-tampa-branca-furo-24cl-240ml-8oz\/#breadcrumb"},"inLanguage":"es","potentialAction":[{"@type":"ReadAction","target":["https:\/\/dev4copopalhinhas.devdg.pt\/produto\/copo-papel-cartao-branco-tampa-branca-furo-24cl-240ml-8oz\/"]}]},{"@type":"ImageObject","inLanguage":"es","@id":"https:\/\/dev4copopalhinhas.devdg.pt\/produto\/copo-papel-cartao-branco-tampa-branca-furo-24cl-240ml-8oz\/#primaryimage","url":"https:\/\/dev4copopalhinhas.devdg.pt\/wp-content\/uploads\/PAPEC1003-TAMP01001-COPO-BRANCO-8OZ-24CL-EM-CARTAO-PAPEL-COM-TAMPA-BRANCA-COM-FURO-web-1.png","contentUrl":"https:\/\/dev4copopalhinhas.devdg.pt\/wp-content\/uploads\/PAPEC1003-TAMP01001-COPO-BRANCO-8OZ-24CL-EM-CARTAO-PAPEL-COM-TAMPA-BRANCA-COM-FURO-web-1.png","width":1000,"height":1000,"caption":"Copo de Papel (Cart\u00e3o) Branco"},{"@type":"BreadcrumbList","@id":"https:\/\/dev4copopalhinhas.devdg.pt\/produto\/copo-papel-cartao-branco-tampa-branca-furo-24cl-240ml-8oz\/#breadcrumb","itemListElement":[{"@type":"ListItem","position":1,"name":"In\u00edcio","item":"https:\/\/dev4copopalhinhas.devdg.pt\/"},{"@type":"ListItem","position":2,"name":"Loja","item":"https:\/\/dev4copopalhinhas.devdg.pt\/loja\/"},{"@type":"ListItem","position":3,"name":"COPO DE PAPEL (CART\u00c3O) BRANCO TAMPA BRANCA E FURO 24CL (240ML\/8OZ)"}]},{"@type":"WebSite","@id":"https:\/\/dev4copopalhinhas.devdg.pt\/#website","url":"https:\/\/dev4copopalhinhas.devdg.pt\/","name":"Pajitas para vasos","description":"Os Melhores Pre\u00e7os","publisher":{"@id":"https:\/\/dev4copopalhinhas.devdg.pt\/#organization"},"potentialAction":[{"@type":"SearchAction","target":{"@type":"EntryPoint","urlTemplate":"https:\/\/dev4copopalhinhas.devdg.pt\/?s={search_term_string}"},"query-input":{"@type":"PropertyValueSpecification","valueRequired":true,"valueName":"search_term_string"}}],"inLanguage":"es"},{"@type":"Organization","@id":"https:\/\/dev4copopalhinhas.devdg.pt\/#organization","name":"Pajitas para vasos","url":"https:\/\/dev4copopalhinhas.devdg.pt\/","logo":{"@type":"ImageObject","inLanguage":"es","@id":"https:\/\/dev4copopalhinhas.devdg.pt\/#\/schema\/logo\/image\/","url":"https:\/\/dev4copopalhinhas.devdg.pt\/wp-content\/uploads\/2022\/05\/COPOPALHINHASlogo.png","contentUrl":"https:\/\/dev4copopalhinhas.devdg.pt\/wp-content\/uploads\/2022\/05\/COPOPALHINHASlogo.png","width":1200,"height":323,"caption":"Copopalhinhas"},"image":{"@id":"https:\/\/dev4copopalhinhas.devdg.pt\/#\/schema\/logo\/image\/"},"sameAs":["https:\/\/www.facebook.com\/copopalhinhas","https:\/\/x.com\/copopalhinhas","https:\/\/copopalhinhas.blogspot.pt\/"]}]}},"_links":{"self":[{"href":"https:\/\/dev4copopalhinhas.devdg.pt\/es\/wp-json\/wp\/v2\/product\/55857","targetHints":{"allow":["GET"]}}],"collection":[{"href":"https:\/\/dev4copopalhinhas.devdg.pt\/es\/wp-json\/wp\/v2\/product"}],"about":[{"href":"https:\/\/dev4copopalhinhas.devdg.pt\/es\/wp-json\/wp\/v2\/types\/product"}],"replies":[{"embeddable":true,"href":"https:\/\/dev4copopalhinhas.devdg.pt\/es\/wp-json\/wp\/v2\/comments?post=55857"}],"wp:featuredmedia":[{"embeddable":true,"href":"https:\/\/dev4copopalhinhas.devdg.pt\/es\/wp-json\/wp\/v2\/media\/55861"}],"wp:attachment":[{"href":"https:\/\/dev4copopalhinhas.devdg.pt\/es\/wp-json\/wp\/v2\/media?parent=55857"}],"wp:term":[{"taxonomy":"product_cat","embeddable":true,"href":"https:\/\/dev4copopalhinhas.devdg.pt\/es\/wp-json\/wp\/v2\/product_cat?post=55857"},{"taxonomy":"product_tag","embeddable":true,"href":"https:\/\/dev4copopalhinhas.devdg.pt\/es\/wp-json\/wp\/v2\/product_tag?post=55857"}],"curies":[{"name":"wp","href":"https:\/\/api.w.org\/{rel}","templated":true}]}}