{"id":65724,"date":"2025-03-24T17:14:32","date_gmt":"2025-03-24T17:14:32","guid":{"rendered":"https:\/\/dev4copopalhinhas.devdg.pt\/?post_type=product&#038;p=65724"},"modified":"2025-09-27T15:42:36","modified_gmt":"2025-09-27T14:42:36","slug":"bandeja-em-kraft-62x435x95cm-gourmet","status":"publish","type":"product","link":"https:\/\/dev4copopalhinhas.devdg.pt\/es\/producto\/bandeja-em-kraft-62x435x95cm-gourmet\/","title":{"rendered":"BANDEJA KRAFT 62\u00d743,5\u00d79,5CM \u201cGOURMET\u201d"},"content":{"rendered":"<h4>Bandeja em Kraft\u00a0 62&#215;43,5&#215;9,5cm &#8211; Apresente as suas Del\u00edcias com Estilo R\u00fastico<\/h4>\n<p>A Bandeja em Kraft &#8220;Gourmet&#8221; \u00e9 uma escolha elegante e consciente para servir os seus alimentos favoritos.<\/p>\n<p>Escolha esta bandeja em kraft para adicionar um toque de rusticidade e eco-consci\u00eancia \u00e0 apresenta\u00e7\u00e3o dos seus pratos.<br \/>\nCom medidas generosas e estilo r\u00fastico, ela \u00e9 uma escolha confi\u00e1vel para real\u00e7ar as suas del\u00edcias culin\u00e1rias com charme e responsabilidade ambiental.<\/p>\n<ul>\n<li>Este produto est\u00e1 certificado FSC Reciclado 100%. Ao escolher produtos certificados FSC\u00ae est\u00e1 a apoiar a gest\u00e3o respons\u00e1vel das florestas do mundo.<\/li>\n<li>Este produto \u00e9 100 % reciclado.<\/li>\n<li>Feita de material biodegrad\u00e1vel: decomp\u00f5e-se em elementos qu\u00edmicos naturais gra\u00e7as \u00e0 a\u00e7\u00e3o de agentes biol\u00f3gicos e agentes f\u00edsicos em condi\u00e7\u00f5es ambientais que ocorrem na natureza.<\/li>\n<\/ul>\n<h4>Certificados:<\/h4>\n<ul>\n<li>Regulamento (CE) n.\u00b0 1935\/2004 do Parlamento Europeu e do Conselho, de 27 de Outubro de 2004, relativo aos materiais e objetos destinados a entrar em contacto com os alimentos.<\/li>\n<li>Producto apto para contacto indirecto con alimentos.<\/li>\n<li>Registo Sanit\u00e1rio de Ind\u00fastrias e Produtos Alimentares<\/li>\n<\/ul>\n<p>Podem encontrar mais modelos na nossa se\u00e7\u00e3o <a href=\"https:\/\/dev4copopalhinhas.devdg.pt\/es\/categorias\/modelo\/bandejas\/\">Bandejas<\/a><\/p>\n<p><img decoding=\"async\" src=\"https:\/\/dev4copopalhinhas.devdg.pt\/wp-content\/uploads\/Icon_DESCARTAVEL.png\" alt=\"\" width=\"30\" height=\"30\" \/> <strong>Descart\u00e1vel<\/strong><\/p>\n<p><img decoding=\"async\" src=\"https:\/\/dev4copopalhinhas.devdg.pt\/wp-content\/uploads\/Icons_alimentos.png\" alt=\"\" width=\"30\" height=\"30\" \/> <strong>Alimento<\/strong>: Pr\u00f3prios para consumo alimentar<\/p>\n<p><img decoding=\"async\" src=\"https:\/\/dev4copopalhinhas.devdg.pt\/wp-content\/uploads\/Icon_reciclaveis.png\" alt=\"\" width=\"30\" height=\"30\" \/> <strong>Recicl\u00e1veis<\/strong>: Produtos que podem ser reciclados ou usados para recupera\u00e7\u00e3o energ\u00e9tica.<\/p>","protected":false},"excerpt":{"rendered":"<p>A Bandeja em Kraft com medidas de 62&#215;43,5&#215;9,5cm \u00e9 a solu\u00e7\u00e3o vers\u00e1til e ecol\u00f3gica para apresentar e servir uma variedade de pratos de forma encantadora e sustent\u00e1vel. S\u00e3o feitas para o transporte de alimentos processados. S\u00e3o compostas de papel\u00e3o Kraft de um canal e sem tampa. S\u00e3o empilh\u00e1veis e podem ser usadas para muitas aplica\u00e7\u00f5es: refei\u00e7\u00f5es prontas, produtos de panifica\u00e7\u00e3o, ind\u00fastria gastron\u00f4mica, etc&#8230;<\/p>\n<p><img decoding=\"async\" src=\"https:\/\/dev4copopalhinhas.devdg.pt\/wp-content\/uploads\/Icons_alimentos.png\" alt=\"\" width=\"30\" height=\"30\" \/> <img decoding=\"async\" src=\"https:\/\/dev4copopalhinhas.devdg.pt\/wp-content\/uploads\/Icon_DESCARTAVEL.png\" alt=\"\" width=\"30\" height=\"30\" \/> <img decoding=\"async\" src=\"https:\/\/dev4copopalhinhas.devdg.pt\/wp-content\/uploads\/Icon_reciclaveis.png\" alt=\"\" width=\"30\" height=\"30\" \/><\/p>","protected":false},"featured_media":65742,"comment_status":"open","ping_status":"closed","template":"","meta":{"_acf_changed":false},"product_cat":[2069,2008,2040,1725,1512,1508,1458,1701,226],"product_tag":[1569,1596,1598],"class_list":{"0":"post-65724","1":"product","2":"type-product","3":"status-publish","4":"has-post-thumbnail","6":"product_cat-bandejas-e-tabuleiros","7":"product_cat-loucas-descartaveis","8":"product_cat-loucas-descartaveis-cartao","9":"product_cat-castanho","10":"product_cat-descartavel","11":"product_cat-kraft","12":"product_cat-bandejas","13":"product_cat-travessa","14":"product_cat-loucas","15":"product_tag-menu-descartaveis","16":"product_tag-sub-menu-loucas-descartaveis","17":"product_tag-sub-menu-loucas-descartaveis-cartao","18":"pa_qtd-por-caixa-1273","19":"tm-no-options","21":"first","22":"instock","23":"taxable","24":"shipping-taxable","25":"purchasable","26":"product-type-variable"},"acf":[],"yoast_head":"<!-- This site is optimized with the Yoast SEO Premium plugin v23.9 (Yoast SEO v23.9) - https:\/\/yoast.com\/wordpress\/plugins\/seo\/ -->\n<title>BANDEJA EM KRAFT 62x43,5x9,5CM &quot;GOURMET&quot; - Copopalhinhas<\/title>\n<meta name=\"description\" content=\"A Bandeja em Kraft com medidas de 62x43,5x9,5cm \u00e9 a solu\u00e7\u00e3o vers\u00e1til e ecol\u00f3gica para apresentar e servir uma variedade de pratos ou alimentos.\" \/>\n<meta name=\"robots\" content=\"index, follow, max-snippet:-1, max-image-preview:large, max-video-preview:-1\" \/>\n<link rel=\"canonical\" href=\"https:\/\/dev4copopalhinhas.devdg.pt\/es\/producto\/bandeja-em-kraft-62x435x95cm-gourmet\/\" \/>\n<meta property=\"og:locale\" content=\"es_ES\" \/>\n<meta property=\"og:type\" content=\"article\" \/>\n<meta property=\"og:title\" content=\"BANDEJA EM KRAFT 62x43,5x9,5CM &quot;GOURMET&quot;\" \/>\n<meta property=\"og:description\" content=\"A Bandeja em Kraft com medidas de 62x43,5x9,5cm \u00e9 a solu\u00e7\u00e3o vers\u00e1til e ecol\u00f3gica para apresentar e servir uma variedade de pratos ou alimentos.\" \/>\n<meta property=\"og:url\" content=\"https:\/\/dev4copopalhinhas.devdg.pt\/es\/producto\/bandeja-em-kraft-62x435x95cm-gourmet\/\" \/>\n<meta property=\"og:site_name\" content=\"Copopalhinhas\" \/>\n<meta property=\"article:publisher\" content=\"https:\/\/www.facebook.com\/copopalhinhas\" \/>\n<meta property=\"article:modified_time\" content=\"2025-09-27T14:42:36+00:00\" \/>\n<meta property=\"og:image\" content=\"https:\/\/copopalhinhas.b-cdn.net\/wp-content\/uploads\/BANDEJA-TABULEIRO-EM-KRAFT-62x435x95CM-GOURMET-HOS147.68-Copopalhinhas-web-1.png\" \/>\n\t<meta property=\"og:image:width\" content=\"1000\" \/>\n\t<meta property=\"og:image:height\" content=\"1000\" \/>\n\t<meta property=\"og:image:type\" content=\"image\/png\" \/>\n<meta name=\"twitter:card\" content=\"summary_large_image\" \/>\n<meta name=\"twitter:site\" content=\"@copopalhinhas\" \/>\n<script type=\"application\/ld+json\" class=\"yoast-schema-graph\">{\"@context\":\"https:\/\/schema.org\",\"@graph\":[{\"@type\":\"WebPage\",\"@id\":\"https:\/\/dev4copopalhinhas.devdg.pt\/produto\/bandeja-em-kraft-62x435x95cm-gourmet\/\",\"url\":\"https:\/\/dev4copopalhinhas.devdg.pt\/produto\/bandeja-em-kraft-62x435x95cm-gourmet\/\",\"name\":\"BANDEJA EM KRAFT 62x43,5x9,5CM \\\"GOURMET\\\" - Copopalhinhas\",\"isPartOf\":{\"@id\":\"https:\/\/dev4copopalhinhas.devdg.pt\/#website\"},\"primaryImageOfPage\":{\"@id\":\"https:\/\/dev4copopalhinhas.devdg.pt\/produto\/bandeja-em-kraft-62x435x95cm-gourmet\/#primaryimage\"},\"image\":{\"@id\":\"https:\/\/dev4copopalhinhas.devdg.pt\/produto\/bandeja-em-kraft-62x435x95cm-gourmet\/#primaryimage\"},\"thumbnailUrl\":\"https:\/\/dev4copopalhinhas.devdg.pt\/wp-content\/uploads\/BANDEJA-TABULEIRO-EM-KRAFT-62x435x95CM-GOURMET-HOS147.68-Copopalhinhas-web-1.png\",\"datePublished\":\"2025-03-24T17:14:32+00:00\",\"dateModified\":\"2025-09-27T14:42:36+00:00\",\"description\":\"A Bandeja em Kraft com medidas de 62x43,5x9,5cm \u00e9 a solu\u00e7\u00e3o vers\u00e1til e ecol\u00f3gica para apresentar e servir uma variedade de pratos ou alimentos.\",\"breadcrumb\":{\"@id\":\"https:\/\/dev4copopalhinhas.devdg.pt\/produto\/bandeja-em-kraft-62x435x95cm-gourmet\/#breadcrumb\"},\"inLanguage\":\"es\",\"potentialAction\":[{\"@type\":\"ReadAction\",\"target\":[\"https:\/\/dev4copopalhinhas.devdg.pt\/produto\/bandeja-em-kraft-62x435x95cm-gourmet\/\"]}]},{\"@type\":\"ImageObject\",\"inLanguage\":\"es\",\"@id\":\"https:\/\/dev4copopalhinhas.devdg.pt\/produto\/bandeja-em-kraft-62x435x95cm-gourmet\/#primaryimage\",\"url\":\"https:\/\/dev4copopalhinhas.devdg.pt\/wp-content\/uploads\/BANDEJA-TABULEIRO-EM-KRAFT-62x435x95CM-GOURMET-HOS147.68-Copopalhinhas-web-1.png\",\"contentUrl\":\"https:\/\/dev4copopalhinhas.devdg.pt\/wp-content\/uploads\/BANDEJA-TABULEIRO-EM-KRAFT-62x435x95CM-GOURMET-HOS147.68-Copopalhinhas-web-1.png\",\"width\":1000,\"height\":1000,\"caption\":\"BANDEJA TABULEIRO EM KRAFT 62x43,5x9,5CM GOURMET-HOS147.68-Copopalhinhas-web-2\"},{\"@type\":\"BreadcrumbList\",\"@id\":\"https:\/\/dev4copopalhinhas.devdg.pt\/produto\/bandeja-em-kraft-62x435x95cm-gourmet\/#breadcrumb\",\"itemListElement\":[{\"@type\":\"ListItem\",\"position\":1,\"name\":\"In\u00edcio\",\"item\":\"https:\/\/dev4copopalhinhas.devdg.pt\/\"},{\"@type\":\"ListItem\",\"position\":2,\"name\":\"Loja\",\"item\":\"https:\/\/dev4copopalhinhas.devdg.pt\/loja\/\"},{\"@type\":\"ListItem\",\"position\":3,\"name\":\"BANDEJA EM KRAFT 62&#215;43,5&#215;9,5CM &#8220;GOURMET&#8221;\"}]},{\"@type\":\"WebSite\",\"@id\":\"https:\/\/dev4copopalhinhas.devdg.pt\/#website\",\"url\":\"https:\/\/dev4copopalhinhas.devdg.pt\/\",\"name\":\"Copopalhinhas\",\"description\":\"Os Melhores Pre\u00e7os\",\"publisher\":{\"@id\":\"https:\/\/dev4copopalhinhas.devdg.pt\/#organization\"},\"potentialAction\":[{\"@type\":\"SearchAction\",\"target\":{\"@type\":\"EntryPoint\",\"urlTemplate\":\"https:\/\/dev4copopalhinhas.devdg.pt\/?s={search_term_string}\"},\"query-input\":{\"@type\":\"PropertyValueSpecification\",\"valueRequired\":true,\"valueName\":\"search_term_string\"}}],\"inLanguage\":\"es\"},{\"@type\":\"Organization\",\"@id\":\"https:\/\/dev4copopalhinhas.devdg.pt\/#organization\",\"name\":\"Copopalhinhas\",\"url\":\"https:\/\/dev4copopalhinhas.devdg.pt\/\",\"logo\":{\"@type\":\"ImageObject\",\"inLanguage\":\"es\",\"@id\":\"https:\/\/dev4copopalhinhas.devdg.pt\/#\/schema\/logo\/image\/\",\"url\":\"https:\/\/dev4copopalhinhas.devdg.pt\/wp-content\/uploads\/2022\/05\/COPOPALHINHASlogo.png\",\"contentUrl\":\"https:\/\/dev4copopalhinhas.devdg.pt\/wp-content\/uploads\/2022\/05\/COPOPALHINHASlogo.png\",\"width\":1200,\"height\":323,\"caption\":\"Copopalhinhas\"},\"image\":{\"@id\":\"https:\/\/dev4copopalhinhas.devdg.pt\/#\/schema\/logo\/image\/\"},\"sameAs\":[\"https:\/\/www.facebook.com\/copopalhinhas\",\"https:\/\/x.com\/copopalhinhas\",\"https:\/\/copopalhinhas.blogspot.pt\/\"]}]}<\/script>\n<!-- \/ Yoast SEO Premium plugin. -->","yoast_head_json":{"title":"BANDEJA EM KRAFT 62x43,5x9,5CM \"GOURMET\" - Copopalhinhas","description":"A Bandeja em Kraft com medidas de 62x43,5x9,5cm \u00e9 a solu\u00e7\u00e3o vers\u00e1til e ecol\u00f3gica para apresentar e servir uma variedade de pratos ou alimentos.","robots":{"index":"index","follow":"follow","max-snippet":"max-snippet:-1","max-image-preview":"max-image-preview:large","max-video-preview":"max-video-preview:-1"},"canonical":"https:\/\/dev4copopalhinhas.devdg.pt\/es\/producto\/bandeja-em-kraft-62x435x95cm-gourmet\/","og_locale":"es_ES","og_type":"article","og_title":"BANDEJA EM KRAFT 62x43,5x9,5CM \"GOURMET\"","og_description":"A Bandeja em Kraft com medidas de 62x43,5x9,5cm \u00e9 a solu\u00e7\u00e3o vers\u00e1til e ecol\u00f3gica para apresentar e servir uma variedade de pratos ou alimentos.","og_url":"https:\/\/dev4copopalhinhas.devdg.pt\/es\/producto\/bandeja-em-kraft-62x435x95cm-gourmet\/","og_site_name":"Copopalhinhas","article_publisher":"https:\/\/www.facebook.com\/copopalhinhas","article_modified_time":"2025-09-27T14:42:36+00:00","og_image":[{"width":1000,"height":1000,"url":"https:\/\/copopalhinhas.b-cdn.net\/wp-content\/uploads\/BANDEJA-TABULEIRO-EM-KRAFT-62x435x95CM-GOURMET-HOS147.68-Copopalhinhas-web-1.png","type":"image\/png"}],"twitter_card":"summary_large_image","twitter_site":"@copopalhinhas","schema":{"@context":"https:\/\/schema.org","@graph":[{"@type":"WebPage","@id":"https:\/\/dev4copopalhinhas.devdg.pt\/produto\/bandeja-em-kraft-62x435x95cm-gourmet\/","url":"https:\/\/dev4copopalhinhas.devdg.pt\/produto\/bandeja-em-kraft-62x435x95cm-gourmet\/","name":"BANDEJA EM KRAFT 62x43,5x9,5CM \"GOURMET\" - Copopalhinhas","isPartOf":{"@id":"https:\/\/dev4copopalhinhas.devdg.pt\/#website"},"primaryImageOfPage":{"@id":"https:\/\/dev4copopalhinhas.devdg.pt\/produto\/bandeja-em-kraft-62x435x95cm-gourmet\/#primaryimage"},"image":{"@id":"https:\/\/dev4copopalhinhas.devdg.pt\/produto\/bandeja-em-kraft-62x435x95cm-gourmet\/#primaryimage"},"thumbnailUrl":"https:\/\/dev4copopalhinhas.devdg.pt\/wp-content\/uploads\/BANDEJA-TABULEIRO-EM-KRAFT-62x435x95CM-GOURMET-HOS147.68-Copopalhinhas-web-1.png","datePublished":"2025-03-24T17:14:32+00:00","dateModified":"2025-09-27T14:42:36+00:00","description":"A Bandeja em Kraft com medidas de 62x43,5x9,5cm \u00e9 a solu\u00e7\u00e3o vers\u00e1til e ecol\u00f3gica para apresentar e servir uma variedade de pratos ou alimentos.","breadcrumb":{"@id":"https:\/\/dev4copopalhinhas.devdg.pt\/produto\/bandeja-em-kraft-62x435x95cm-gourmet\/#breadcrumb"},"inLanguage":"es","potentialAction":[{"@type":"ReadAction","target":["https:\/\/dev4copopalhinhas.devdg.pt\/produto\/bandeja-em-kraft-62x435x95cm-gourmet\/"]}]},{"@type":"ImageObject","inLanguage":"es","@id":"https:\/\/dev4copopalhinhas.devdg.pt\/produto\/bandeja-em-kraft-62x435x95cm-gourmet\/#primaryimage","url":"https:\/\/dev4copopalhinhas.devdg.pt\/wp-content\/uploads\/BANDEJA-TABULEIRO-EM-KRAFT-62x435x95CM-GOURMET-HOS147.68-Copopalhinhas-web-1.png","contentUrl":"https:\/\/dev4copopalhinhas.devdg.pt\/wp-content\/uploads\/BANDEJA-TABULEIRO-EM-KRAFT-62x435x95CM-GOURMET-HOS147.68-Copopalhinhas-web-1.png","width":1000,"height":1000,"caption":"BANDEJA TABULEIRO EM KRAFT 62x43,5x9,5CM GOURMET-HOS147.68-Copopalhinhas-web-2"},{"@type":"BreadcrumbList","@id":"https:\/\/dev4copopalhinhas.devdg.pt\/produto\/bandeja-em-kraft-62x435x95cm-gourmet\/#breadcrumb","itemListElement":[{"@type":"ListItem","position":1,"name":"In\u00edcio","item":"https:\/\/dev4copopalhinhas.devdg.pt\/"},{"@type":"ListItem","position":2,"name":"Loja","item":"https:\/\/dev4copopalhinhas.devdg.pt\/loja\/"},{"@type":"ListItem","position":3,"name":"BANDEJA EM KRAFT 62&#215;43,5&#215;9,5CM &#8220;GOURMET&#8221;"}]},{"@type":"WebSite","@id":"https:\/\/dev4copopalhinhas.devdg.pt\/#website","url":"https:\/\/dev4copopalhinhas.devdg.pt\/","name":"Pajitas para vasos","description":"Os Melhores Pre\u00e7os","publisher":{"@id":"https:\/\/dev4copopalhinhas.devdg.pt\/#organization"},"potentialAction":[{"@type":"SearchAction","target":{"@type":"EntryPoint","urlTemplate":"https:\/\/dev4copopalhinhas.devdg.pt\/?s={search_term_string}"},"query-input":{"@type":"PropertyValueSpecification","valueRequired":true,"valueName":"search_term_string"}}],"inLanguage":"es"},{"@type":"Organization","@id":"https:\/\/dev4copopalhinhas.devdg.pt\/#organization","name":"Pajitas para vasos","url":"https:\/\/dev4copopalhinhas.devdg.pt\/","logo":{"@type":"ImageObject","inLanguage":"es","@id":"https:\/\/dev4copopalhinhas.devdg.pt\/#\/schema\/logo\/image\/","url":"https:\/\/dev4copopalhinhas.devdg.pt\/wp-content\/uploads\/2022\/05\/COPOPALHINHASlogo.png","contentUrl":"https:\/\/dev4copopalhinhas.devdg.pt\/wp-content\/uploads\/2022\/05\/COPOPALHINHASlogo.png","width":1200,"height":323,"caption":"Copopalhinhas"},"image":{"@id":"https:\/\/dev4copopalhinhas.devdg.pt\/#\/schema\/logo\/image\/"},"sameAs":["https:\/\/www.facebook.com\/copopalhinhas","https:\/\/x.com\/copopalhinhas","https:\/\/copopalhinhas.blogspot.pt\/"]}]}},"_links":{"self":[{"href":"https:\/\/dev4copopalhinhas.devdg.pt\/es\/wp-json\/wp\/v2\/product\/65724","targetHints":{"allow":["GET"]}}],"collection":[{"href":"https:\/\/dev4copopalhinhas.devdg.pt\/es\/wp-json\/wp\/v2\/product"}],"about":[{"href":"https:\/\/dev4copopalhinhas.devdg.pt\/es\/wp-json\/wp\/v2\/types\/product"}],"replies":[{"embeddable":true,"href":"https:\/\/dev4copopalhinhas.devdg.pt\/es\/wp-json\/wp\/v2\/comments?post=65724"}],"wp:featuredmedia":[{"embeddable":true,"href":"https:\/\/dev4copopalhinhas.devdg.pt\/es\/wp-json\/wp\/v2\/media\/65742"}],"wp:attachment":[{"href":"https:\/\/dev4copopalhinhas.devdg.pt\/es\/wp-json\/wp\/v2\/media?parent=65724"}],"wp:term":[{"taxonomy":"product_cat","embeddable":true,"href":"https:\/\/dev4copopalhinhas.devdg.pt\/es\/wp-json\/wp\/v2\/product_cat?post=65724"},{"taxonomy":"product_tag","embeddable":true,"href":"https:\/\/dev4copopalhinhas.devdg.pt\/es\/wp-json\/wp\/v2\/product_tag?post=65724"}],"curies":[{"name":"wp","href":"https:\/\/api.w.org\/{rel}","templated":true}]}}