{"id":65746,"date":"2025-03-25T09:28:18","date_gmt":"2025-03-25T09:28:18","guid":{"rendered":"https:\/\/dev4copopalhinhas.devdg.pt\/?post_type=product&#038;p=65746"},"modified":"2025-09-27T15:42:14","modified_gmt":"2025-09-27T14:42:14","slug":"bandeja-em-pp-preto-e-vermelho-com-tampa-239x15x45cm-para-comida-individual","status":"publish","type":"product","link":"https:\/\/dev4copopalhinhas.devdg.pt\/es\/producto\/bandeja-em-pp-preto-e-vermelho-com-tampa-239x15x45cm-para-comida-individual\/","title":{"rendered":"BANDEJA PP NEGRA Y ROJA CON TAPA 23,9x15x4,5CM PARA COMIDA INDIVIDUAL"},"content":{"rendered":"<h4>BANDEJA PP NEGRA Y ROJA CON TAPA 23,9x15x4,5CM PARA COMIDA INDIVIDUAL<\/h4>\n<p>A Bandeja em PP Preto e Vermelho com Tampa \u00e9 a solu\u00e7\u00e3o ideal para quem procura praticidade, seguran\u00e7a e um design moderno na hora de servir ou transportar refei\u00e7\u00f5es individuais. Com as dimens\u00f5es de 23,9x15x4,5cm, \u00e9 perfeita para por\u00e7\u00f5es individuais, seja em restaurantes, caf\u00e9s ou para servi\u00e7os de entrega, garantindo que a sua comida chegue ao destino com a m\u00e1xima qualidade. Cont\u00e9m dois compartimentos para melhor divis\u00e3o alimentar.<\/p>\n<h4>Caracter\u00edsticas:<\/h4>\n<ul>\n<li>Material de Alta Qualidade: Fabricada em polipropileno (PP), a bandeja \u00e9 resistente e dur\u00e1vel, ideal para o uso di\u00e1rio em ambientes de alta exig\u00eancia. O PP \u00e9 um material leve, mas robusto, perfeito para transportar alimentos de forma segura.<\/li>\n<li>Design Atraente e Funcional: O contraste entre as cores preto e vermelho n\u00e3o s\u00f3 proporciona um visual sofisticado e moderno, como tamb\u00e9m adiciona um toque de personalidade \u00e0 apresenta\u00e7\u00e3o dos seus pratos.<\/li>\n<li>Tampa Herm\u00e9tica: A tampa inclu\u00edda mant\u00e9m os alimentos frescos e protegidos durante o transporte ou armazenamento. Al\u00e9m disso, impede vazamentos, oferecendo maior comodidade no manuseio.<\/li>\n<\/ul>","protected":false},"excerpt":{"rendered":"<p>A bandeja em PP na cor preto e vermelho, \u00e9 o ideal para transportar e servir uma refei\u00e7\u00e3o individual. Inclui uma tampa de seguran\u00e7a e est\u00e1 apto para micro-ondas.<\/p>","protected":false},"featured_media":65751,"comment_status":"open","ping_status":"closed","template":"","meta":{"_acf_changed":false},"product_cat":[2010,2047,2076,2249,1717,1512,1432,1397],"product_tag":[1569,1604,1608],"class_list":{"0":"post-65746","1":"product","2":"type-product","3":"status-publish","4":"has-post-thumbnail","6":"product_cat-embalagens-descartaveis","7":"product_cat-embalagens-pp-ps-rpet","8":"product_cat-pp","9":"product_cat-take-away","10":"product_cat-preto","11":"product_cat-descartavel","12":"product_cat-materia-prima-pp","13":"product_cat-embalagens","14":"product_tag-menu-descartaveis","15":"product_tag-sub-menu-embalagens-descartaveis","16":"product_tag-sub-menu-emalagens-pp-ps-pet","17":"pa_qtd-por-caixa-1273","18":"pa_qtd-por-caixa-1277","19":"tm-no-options","21":"first","22":"instock","23":"taxable","24":"shipping-taxable","25":"purchasable","26":"product-type-variable"},"acf":[],"yoast_head":"<!-- This site is optimized with the Yoast SEO Premium plugin v23.9 (Yoast SEO v23.9) - https:\/\/yoast.com\/wordpress\/plugins\/seo\/ -->\n<title>BANDEJA EM PP PRETO E VERMELHO COM TAMPA 23,9x15x4,5CM PARA COMIDA INDIVIDUAL - Copopalhinhas<\/title>\n<meta name=\"description\" content=\"A bandeja em PP na cor preto e vermelho, \u00e9 o ideal para transportar e servir uma refei\u00e7\u00e3o individual. Inclui uma tampa e est\u00e1 apto para micro-ondas.\u00a0\" \/>\n<meta name=\"robots\" content=\"index, follow, max-snippet:-1, max-image-preview:large, max-video-preview:-1\" \/>\n<link rel=\"canonical\" href=\"https:\/\/dev4copopalhinhas.devdg.pt\/es\/producto\/bandeja-em-pp-preto-e-vermelho-com-tampa-239x15x45cm-para-comida-individual\/\" \/>\n<meta property=\"og:locale\" content=\"es_ES\" \/>\n<meta property=\"og:type\" content=\"article\" \/>\n<meta property=\"og:title\" content=\"BANDEJA EM PP PRETO E VERMELHO COM TAMPA 23,9x15x4,5CM PARA COMIDA INDIVIDUAL\" \/>\n<meta property=\"og:description\" content=\"A bandeja em PP na cor preto e vermelho, \u00e9 o ideal para transportar e servir uma refei\u00e7\u00e3o individual. Inclui uma tampa e est\u00e1 apto para micro-ondas.\u00a0\" \/>\n<meta property=\"og:url\" content=\"https:\/\/dev4copopalhinhas.devdg.pt\/es\/producto\/bandeja-em-pp-preto-e-vermelho-com-tampa-239x15x45cm-para-comida-individual\/\" \/>\n<meta property=\"og:site_name\" content=\"Copopalhinhas\" \/>\n<meta property=\"article:publisher\" content=\"https:\/\/www.facebook.com\/copopalhinhas\" \/>\n<meta property=\"article:modified_time\" content=\"2025-09-27T14:42:14+00:00\" \/>\n<meta property=\"og:image\" content=\"https:\/\/copopalhinhas.b-cdn.net\/wp-content\/uploads\/BANDEJA-EM-PP-PRETO-E-VERMELHO-COM-TAMPA-239x15x45CM-PARA-COMIDA-INDIVIDUAL-HOS145.24-copopalhinhas-web-1.png\" \/>\n\t<meta property=\"og:image:width\" content=\"1000\" \/>\n\t<meta property=\"og:image:height\" content=\"1000\" \/>\n\t<meta property=\"og:image:type\" content=\"image\/png\" \/>\n<meta name=\"twitter:card\" content=\"summary_large_image\" \/>\n<meta name=\"twitter:site\" content=\"@copopalhinhas\" \/>\n<script type=\"application\/ld+json\" class=\"yoast-schema-graph\">{\"@context\":\"https:\/\/schema.org\",\"@graph\":[{\"@type\":\"WebPage\",\"@id\":\"https:\/\/dev4copopalhinhas.devdg.pt\/produto\/bandeja-em-pp-preto-e-vermelho-com-tampa-239x15x45cm-para-comida-individual\/\",\"url\":\"https:\/\/dev4copopalhinhas.devdg.pt\/produto\/bandeja-em-pp-preto-e-vermelho-com-tampa-239x15x45cm-para-comida-individual\/\",\"name\":\"BANDEJA EM PP PRETO E VERMELHO COM TAMPA 23,9x15x4,5CM PARA COMIDA INDIVIDUAL - Copopalhinhas\",\"isPartOf\":{\"@id\":\"https:\/\/dev4copopalhinhas.devdg.pt\/#website\"},\"primaryImageOfPage\":{\"@id\":\"https:\/\/dev4copopalhinhas.devdg.pt\/produto\/bandeja-em-pp-preto-e-vermelho-com-tampa-239x15x45cm-para-comida-individual\/#primaryimage\"},\"image\":{\"@id\":\"https:\/\/dev4copopalhinhas.devdg.pt\/produto\/bandeja-em-pp-preto-e-vermelho-com-tampa-239x15x45cm-para-comida-individual\/#primaryimage\"},\"thumbnailUrl\":\"https:\/\/dev4copopalhinhas.devdg.pt\/wp-content\/uploads\/BANDEJA-EM-PP-PRETO-E-VERMELHO-COM-TAMPA-239x15x45CM-PARA-COMIDA-INDIVIDUAL-HOS145.24-copopalhinhas-web-1.png\",\"datePublished\":\"2025-03-25T09:28:18+00:00\",\"dateModified\":\"2025-09-27T14:42:14+00:00\",\"description\":\"A bandeja em PP na cor preto e vermelho, \u00e9 o ideal para transportar e servir uma refei\u00e7\u00e3o individual. Inclui uma tampa e est\u00e1 apto para micro-ondas.\u00a0\",\"breadcrumb\":{\"@id\":\"https:\/\/dev4copopalhinhas.devdg.pt\/produto\/bandeja-em-pp-preto-e-vermelho-com-tampa-239x15x45cm-para-comida-individual\/#breadcrumb\"},\"inLanguage\":\"es\",\"potentialAction\":[{\"@type\":\"ReadAction\",\"target\":[\"https:\/\/dev4copopalhinhas.devdg.pt\/produto\/bandeja-em-pp-preto-e-vermelho-com-tampa-239x15x45cm-para-comida-individual\/\"]}]},{\"@type\":\"ImageObject\",\"inLanguage\":\"es\",\"@id\":\"https:\/\/dev4copopalhinhas.devdg.pt\/produto\/bandeja-em-pp-preto-e-vermelho-com-tampa-239x15x45cm-para-comida-individual\/#primaryimage\",\"url\":\"https:\/\/dev4copopalhinhas.devdg.pt\/wp-content\/uploads\/BANDEJA-EM-PP-PRETO-E-VERMELHO-COM-TAMPA-239x15x45CM-PARA-COMIDA-INDIVIDUAL-HOS145.24-copopalhinhas-web-1.png\",\"contentUrl\":\"https:\/\/dev4copopalhinhas.devdg.pt\/wp-content\/uploads\/BANDEJA-EM-PP-PRETO-E-VERMELHO-COM-TAMPA-239x15x45CM-PARA-COMIDA-INDIVIDUAL-HOS145.24-copopalhinhas-web-1.png\",\"width\":1000,\"height\":1000,\"caption\":\"BANDEJA EM PP PRETO E VERMELHO COM TAMPA 23,9x15x4,5CM PARA COMIDA INDIVIDUAL-HOS145.24-copopalhinhas-web-1\"},{\"@type\":\"BreadcrumbList\",\"@id\":\"https:\/\/dev4copopalhinhas.devdg.pt\/produto\/bandeja-em-pp-preto-e-vermelho-com-tampa-239x15x45cm-para-comida-individual\/#breadcrumb\",\"itemListElement\":[{\"@type\":\"ListItem\",\"position\":1,\"name\":\"In\u00edcio\",\"item\":\"https:\/\/dev4copopalhinhas.devdg.pt\/\"},{\"@type\":\"ListItem\",\"position\":2,\"name\":\"Loja\",\"item\":\"https:\/\/dev4copopalhinhas.devdg.pt\/loja\/\"},{\"@type\":\"ListItem\",\"position\":3,\"name\":\"BANDEJA EM PP PRETO E VERMELHO COM TAMPA 23,9x15x4,5CM PARA COMIDA INDIVIDUAL\"}]},{\"@type\":\"WebSite\",\"@id\":\"https:\/\/dev4copopalhinhas.devdg.pt\/#website\",\"url\":\"https:\/\/dev4copopalhinhas.devdg.pt\/\",\"name\":\"Copopalhinhas\",\"description\":\"Os Melhores Pre\u00e7os\",\"publisher\":{\"@id\":\"https:\/\/dev4copopalhinhas.devdg.pt\/#organization\"},\"potentialAction\":[{\"@type\":\"SearchAction\",\"target\":{\"@type\":\"EntryPoint\",\"urlTemplate\":\"https:\/\/dev4copopalhinhas.devdg.pt\/?s={search_term_string}\"},\"query-input\":{\"@type\":\"PropertyValueSpecification\",\"valueRequired\":true,\"valueName\":\"search_term_string\"}}],\"inLanguage\":\"es\"},{\"@type\":\"Organization\",\"@id\":\"https:\/\/dev4copopalhinhas.devdg.pt\/#organization\",\"name\":\"Copopalhinhas\",\"url\":\"https:\/\/dev4copopalhinhas.devdg.pt\/\",\"logo\":{\"@type\":\"ImageObject\",\"inLanguage\":\"es\",\"@id\":\"https:\/\/dev4copopalhinhas.devdg.pt\/#\/schema\/logo\/image\/\",\"url\":\"https:\/\/dev4copopalhinhas.devdg.pt\/wp-content\/uploads\/2022\/05\/COPOPALHINHASlogo.png\",\"contentUrl\":\"https:\/\/dev4copopalhinhas.devdg.pt\/wp-content\/uploads\/2022\/05\/COPOPALHINHASlogo.png\",\"width\":1200,\"height\":323,\"caption\":\"Copopalhinhas\"},\"image\":{\"@id\":\"https:\/\/dev4copopalhinhas.devdg.pt\/#\/schema\/logo\/image\/\"},\"sameAs\":[\"https:\/\/www.facebook.com\/copopalhinhas\",\"https:\/\/x.com\/copopalhinhas\",\"https:\/\/copopalhinhas.blogspot.pt\/\"]}]}<\/script>\n<!-- \/ Yoast SEO Premium plugin. -->","yoast_head_json":{"title":"BANDEJA EM PP PRETO E VERMELHO COM TAMPA 23,9x15x4,5CM PARA COMIDA INDIVIDUAL - Copopalhinhas","description":"A bandeja em PP na cor preto e vermelho, \u00e9 o ideal para transportar e servir uma refei\u00e7\u00e3o individual. Inclui uma tampa e est\u00e1 apto para micro-ondas.\u00a0","robots":{"index":"index","follow":"follow","max-snippet":"max-snippet:-1","max-image-preview":"max-image-preview:large","max-video-preview":"max-video-preview:-1"},"canonical":"https:\/\/dev4copopalhinhas.devdg.pt\/es\/producto\/bandeja-em-pp-preto-e-vermelho-com-tampa-239x15x45cm-para-comida-individual\/","og_locale":"es_ES","og_type":"article","og_title":"BANDEJA EM PP PRETO E VERMELHO COM TAMPA 23,9x15x4,5CM PARA COMIDA INDIVIDUAL","og_description":"A bandeja em PP na cor preto e vermelho, \u00e9 o ideal para transportar e servir uma refei\u00e7\u00e3o individual. Inclui uma tampa e est\u00e1 apto para micro-ondas.\u00a0","og_url":"https:\/\/dev4copopalhinhas.devdg.pt\/es\/producto\/bandeja-em-pp-preto-e-vermelho-com-tampa-239x15x45cm-para-comida-individual\/","og_site_name":"Copopalhinhas","article_publisher":"https:\/\/www.facebook.com\/copopalhinhas","article_modified_time":"2025-09-27T14:42:14+00:00","og_image":[{"width":1000,"height":1000,"url":"https:\/\/copopalhinhas.b-cdn.net\/wp-content\/uploads\/BANDEJA-EM-PP-PRETO-E-VERMELHO-COM-TAMPA-239x15x45CM-PARA-COMIDA-INDIVIDUAL-HOS145.24-copopalhinhas-web-1.png","type":"image\/png"}],"twitter_card":"summary_large_image","twitter_site":"@copopalhinhas","schema":{"@context":"https:\/\/schema.org","@graph":[{"@type":"WebPage","@id":"https:\/\/dev4copopalhinhas.devdg.pt\/produto\/bandeja-em-pp-preto-e-vermelho-com-tampa-239x15x45cm-para-comida-individual\/","url":"https:\/\/dev4copopalhinhas.devdg.pt\/produto\/bandeja-em-pp-preto-e-vermelho-com-tampa-239x15x45cm-para-comida-individual\/","name":"BANDEJA EM PP PRETO E VERMELHO COM TAMPA 23,9x15x4,5CM PARA COMIDA INDIVIDUAL - Copopalhinhas","isPartOf":{"@id":"https:\/\/dev4copopalhinhas.devdg.pt\/#website"},"primaryImageOfPage":{"@id":"https:\/\/dev4copopalhinhas.devdg.pt\/produto\/bandeja-em-pp-preto-e-vermelho-com-tampa-239x15x45cm-para-comida-individual\/#primaryimage"},"image":{"@id":"https:\/\/dev4copopalhinhas.devdg.pt\/produto\/bandeja-em-pp-preto-e-vermelho-com-tampa-239x15x45cm-para-comida-individual\/#primaryimage"},"thumbnailUrl":"https:\/\/dev4copopalhinhas.devdg.pt\/wp-content\/uploads\/BANDEJA-EM-PP-PRETO-E-VERMELHO-COM-TAMPA-239x15x45CM-PARA-COMIDA-INDIVIDUAL-HOS145.24-copopalhinhas-web-1.png","datePublished":"2025-03-25T09:28:18+00:00","dateModified":"2025-09-27T14:42:14+00:00","description":"A bandeja em PP na cor preto e vermelho, \u00e9 o ideal para transportar e servir uma refei\u00e7\u00e3o individual. Inclui uma tampa e est\u00e1 apto para micro-ondas.\u00a0","breadcrumb":{"@id":"https:\/\/dev4copopalhinhas.devdg.pt\/produto\/bandeja-em-pp-preto-e-vermelho-com-tampa-239x15x45cm-para-comida-individual\/#breadcrumb"},"inLanguage":"es","potentialAction":[{"@type":"ReadAction","target":["https:\/\/dev4copopalhinhas.devdg.pt\/produto\/bandeja-em-pp-preto-e-vermelho-com-tampa-239x15x45cm-para-comida-individual\/"]}]},{"@type":"ImageObject","inLanguage":"es","@id":"https:\/\/dev4copopalhinhas.devdg.pt\/produto\/bandeja-em-pp-preto-e-vermelho-com-tampa-239x15x45cm-para-comida-individual\/#primaryimage","url":"https:\/\/dev4copopalhinhas.devdg.pt\/wp-content\/uploads\/BANDEJA-EM-PP-PRETO-E-VERMELHO-COM-TAMPA-239x15x45CM-PARA-COMIDA-INDIVIDUAL-HOS145.24-copopalhinhas-web-1.png","contentUrl":"https:\/\/dev4copopalhinhas.devdg.pt\/wp-content\/uploads\/BANDEJA-EM-PP-PRETO-E-VERMELHO-COM-TAMPA-239x15x45CM-PARA-COMIDA-INDIVIDUAL-HOS145.24-copopalhinhas-web-1.png","width":1000,"height":1000,"caption":"BANDEJA EM PP PRETO E VERMELHO COM TAMPA 23,9x15x4,5CM PARA COMIDA INDIVIDUAL-HOS145.24-copopalhinhas-web-1"},{"@type":"BreadcrumbList","@id":"https:\/\/dev4copopalhinhas.devdg.pt\/produto\/bandeja-em-pp-preto-e-vermelho-com-tampa-239x15x45cm-para-comida-individual\/#breadcrumb","itemListElement":[{"@type":"ListItem","position":1,"name":"In\u00edcio","item":"https:\/\/dev4copopalhinhas.devdg.pt\/"},{"@type":"ListItem","position":2,"name":"Loja","item":"https:\/\/dev4copopalhinhas.devdg.pt\/loja\/"},{"@type":"ListItem","position":3,"name":"BANDEJA EM PP PRETO E VERMELHO COM TAMPA 23,9x15x4,5CM PARA COMIDA INDIVIDUAL"}]},{"@type":"WebSite","@id":"https:\/\/dev4copopalhinhas.devdg.pt\/#website","url":"https:\/\/dev4copopalhinhas.devdg.pt\/","name":"Pajitas para vasos","description":"Os Melhores Pre\u00e7os","publisher":{"@id":"https:\/\/dev4copopalhinhas.devdg.pt\/#organization"},"potentialAction":[{"@type":"SearchAction","target":{"@type":"EntryPoint","urlTemplate":"https:\/\/dev4copopalhinhas.devdg.pt\/?s={search_term_string}"},"query-input":{"@type":"PropertyValueSpecification","valueRequired":true,"valueName":"search_term_string"}}],"inLanguage":"es"},{"@type":"Organization","@id":"https:\/\/dev4copopalhinhas.devdg.pt\/#organization","name":"Pajitas para vasos","url":"https:\/\/dev4copopalhinhas.devdg.pt\/","logo":{"@type":"ImageObject","inLanguage":"es","@id":"https:\/\/dev4copopalhinhas.devdg.pt\/#\/schema\/logo\/image\/","url":"https:\/\/dev4copopalhinhas.devdg.pt\/wp-content\/uploads\/2022\/05\/COPOPALHINHASlogo.png","contentUrl":"https:\/\/dev4copopalhinhas.devdg.pt\/wp-content\/uploads\/2022\/05\/COPOPALHINHASlogo.png","width":1200,"height":323,"caption":"Copopalhinhas"},"image":{"@id":"https:\/\/dev4copopalhinhas.devdg.pt\/#\/schema\/logo\/image\/"},"sameAs":["https:\/\/www.facebook.com\/copopalhinhas","https:\/\/x.com\/copopalhinhas","https:\/\/copopalhinhas.blogspot.pt\/"]}]}},"_links":{"self":[{"href":"https:\/\/dev4copopalhinhas.devdg.pt\/es\/wp-json\/wp\/v2\/product\/65746","targetHints":{"allow":["GET"]}}],"collection":[{"href":"https:\/\/dev4copopalhinhas.devdg.pt\/es\/wp-json\/wp\/v2\/product"}],"about":[{"href":"https:\/\/dev4copopalhinhas.devdg.pt\/es\/wp-json\/wp\/v2\/types\/product"}],"replies":[{"embeddable":true,"href":"https:\/\/dev4copopalhinhas.devdg.pt\/es\/wp-json\/wp\/v2\/comments?post=65746"}],"wp:featuredmedia":[{"embeddable":true,"href":"https:\/\/dev4copopalhinhas.devdg.pt\/es\/wp-json\/wp\/v2\/media\/65751"}],"wp:attachment":[{"href":"https:\/\/dev4copopalhinhas.devdg.pt\/es\/wp-json\/wp\/v2\/media?parent=65746"}],"wp:term":[{"taxonomy":"product_cat","embeddable":true,"href":"https:\/\/dev4copopalhinhas.devdg.pt\/es\/wp-json\/wp\/v2\/product_cat?post=65746"},{"taxonomy":"product_tag","embeddable":true,"href":"https:\/\/dev4copopalhinhas.devdg.pt\/es\/wp-json\/wp\/v2\/product_tag?post=65746"}],"curies":[{"name":"wp","href":"https:\/\/api.w.org\/{rel}","templated":true}]}}