{"id":65770,"date":"2025-03-25T11:08:30","date_gmt":"2025-03-25T11:08:30","guid":{"rendered":"https:\/\/dev4copopalhinhas.devdg.pt\/?post_type=product&#038;p=65770"},"modified":"2025-09-24T22:53:51","modified_gmt":"2025-09-24T21:53:51","slug":"forma-de-aluminio-com-tampa-53cl-530ml-com-2-compartimentos","status":"publish","type":"product","link":"https:\/\/dev4copopalhinhas.devdg.pt\/es\/producto\/forma-de-aluminio-com-tampa-53cl-530ml-com-2-compartimentos\/","title":{"rendered":"FORMA DE ALUM\u00cdNIO COM TAMPA 52 E 53CL COM 2 COMPARTIMENTOS"},"content":{"rendered":"<p>As formas de alum\u00ednio s\u00e3o uma excelente solu\u00e7\u00e3o para o transporte de alimentos. Leves e resistentes, elas mant\u00eam a temperatura dos pratos e s\u00e3o ideais para uma variedade de prepara\u00e7\u00f5es, desde assados at\u00e9 saladas. A tampa garante a frescura e evita vazamentos, tornando-as perfeitas para piqueniques, festas e takeaway.<\/p>\n<h4>Caracter\u00edsticas:<\/h4>\n<ul>\n<li>Resistente a \u00f3leos e gordura.<\/li>\n<li>Recicl\u00e1vel,<\/li>\n<li>Apto para forno sem tampa<\/li>\n<li>Suporta temperaturas entre -40\u00baC a +250\u00baC<\/li>\n<li>Apto para congela\u00e7\u00e3o.<\/li>\n<\/ul>\n<p><img decoding=\"async\" src=\"https:\/\/dev4copopalhinhas.devdg.pt\/wp-content\/uploads\/Icon_DESCARTAVEL.png\" alt=\"\" width=\"30\" height=\"30\" \/> <strong>Descart\u00e1vel<\/strong><\/p>\n<p><img decoding=\"async\" src=\"https:\/\/dev4copopalhinhas.devdg.pt\/wp-content\/uploads\/Icons_alimentos.png\" alt=\"\" width=\"30\" height=\"30\" \/> <strong>Alimento<\/strong>: Pr\u00f3prios para consumo alimentar<\/p>\n<p><img decoding=\"async\" src=\"https:\/\/dev4copopalhinhas.devdg.pt\/wp-content\/uploads\/Icon_reciclaveis.png\" alt=\"\" width=\"30\" height=\"30\" \/> <strong>Recicl\u00e1veis<\/strong>: Produtos que podem ser reciclados ou usados para recupera\u00e7\u00e3o energ\u00e9tica.<\/p>","protected":false},"excerpt":{"rendered":"<p>Forma de alum\u00ednio com tampa com um compartimento de 53cl (530ml) e outro de 52cl (520ml). Ideal para transportar refei\u00e7\u00f5es, esta forma de alum\u00ednio retangular com tampa \u00e9 perfeita para assar, armazenar e servir. Com compartimentos de 520 e 530ml, a sua estrutura leve e resistente garante uniformidade no cozimento e facilidade no manuseio. Oferece ainda 2 compartimentos para melhor divis\u00e3o de alimentos. As formas de alum\u00ednio s\u00e3o uma excelente solu\u00e7\u00e3o para o transporte de alimentos. Leves e resistentes, elas mant\u00eam a temperatura dos pratos e s\u00e3o ideais para uma variedade de prepara\u00e7\u00f5es, desde assados at\u00e9 saladas.<\/p>\n<p><img decoding=\"async\" src=\"https:\/\/dev4copopalhinhas.devdg.pt\/wp-content\/uploads\/Icons_alimentos.png\" alt=\"\" width=\"30\" height=\"30\" \/> <img decoding=\"async\" src=\"https:\/\/dev4copopalhinhas.devdg.pt\/wp-content\/uploads\/Icon_DESCARTAVEL.png\" alt=\"\" width=\"30\" height=\"30\" \/> <img decoding=\"async\" src=\"https:\/\/dev4copopalhinhas.devdg.pt\/wp-content\/uploads\/Icon_reciclaveis.png\" alt=\"\" width=\"30\" height=\"30\" \/><\/p>","protected":false},"featured_media":65790,"comment_status":"open","ping_status":"closed","template":"","meta":{"_acf_changed":false},"product_cat":[2048,2010,2249,1770,1520,1512,1487,1397],"product_tag":[1569,1702,1841,1604],"class_list":{"0":"post-65770","1":"product","2":"type-product","3":"status-publish","4":"has-post-thumbnail","6":"product_cat-embalagens-aluminio","7":"product_cat-embalagens-descartaveis","8":"product_cat-take-away","9":"product_cat-cinzento","10":"product_cat-91cl-1l","11":"product_cat-descartavel","12":"product_cat-aluminio","13":"product_cat-embalagens","14":"product_tag-menu-descartaveis","15":"product_tag-destaque","16":"product_tag-sub-menu-embalagens-aluminio","17":"product_tag-sub-menu-embalagens-descartaveis","18":"pa_qtd-por-caixa-281","19":"pa_qtd-por-caixa-1286","20":"tm-no-options","22":"first","23":"instock","24":"taxable","25":"shipping-taxable","26":"purchasable","27":"product-type-variable"},"acf":[],"yoast_head":"<!-- This site is optimized with the Yoast SEO Premium plugin v23.9 (Yoast SEO v23.9) - https:\/\/yoast.com\/wordpress\/plugins\/seo\/ -->\n<title>FORMA DE ALUM\u00cdNIO COM TAMPA 52 E 53CL COM 2 COMPARTIMENTOS - Copopalhinhas<\/title>\n<meta name=\"description\" content=\"Forma de alum\u00ednio com tampa e 2 compartimentos de 52cl e 53cl. Ideal para transportar refei\u00e7\u00f5es a sua estrutura \u00e9 leve e resistente.\" \/>\n<meta name=\"robots\" content=\"index, follow, max-snippet:-1, max-image-preview:large, max-video-preview:-1\" \/>\n<link rel=\"canonical\" href=\"https:\/\/dev4copopalhinhas.devdg.pt\/es\/producto\/forma-de-aluminio-com-tampa-53cl-530ml-com-2-compartimentos\/\" \/>\n<meta property=\"og:locale\" content=\"es_ES\" \/>\n<meta property=\"og:type\" content=\"article\" \/>\n<meta property=\"og:title\" content=\"FORMA DE ALUM\u00cdNIO COM TAMPA 52 E 53CL COM 2 COMPARTIMENTOS\" \/>\n<meta property=\"og:description\" content=\"Forma de alum\u00ednio com tampa e 2 compartimentos de 52cl e 53cl. Ideal para transportar refei\u00e7\u00f5es a sua estrutura \u00e9 leve e resistente.\" \/>\n<meta property=\"og:url\" content=\"https:\/\/dev4copopalhinhas.devdg.pt\/es\/producto\/forma-de-aluminio-com-tampa-53cl-530ml-com-2-compartimentos\/\" \/>\n<meta property=\"og:site_name\" content=\"Copopalhinhas\" \/>\n<meta property=\"article:publisher\" content=\"https:\/\/www.facebook.com\/copopalhinhas\" \/>\n<meta property=\"article:modified_time\" content=\"2025-09-24T21:53:51+00:00\" \/>\n<meta property=\"og:image\" content=\"https:\/\/copopalhinhas.b-cdn.net\/wp-content\/uploads\/FORMA-DE-ALUMINIO-COM-TAMPA-53CL-530ML-COM-2-COMPARTIMENTOS-HOS135.97-Copopalhinhas-web-3.png\" \/>\n\t<meta property=\"og:image:width\" content=\"1000\" \/>\n\t<meta property=\"og:image:height\" content=\"1000\" \/>\n\t<meta property=\"og:image:type\" content=\"image\/png\" \/>\n<meta name=\"twitter:card\" content=\"summary_large_image\" \/>\n<meta name=\"twitter:site\" content=\"@copopalhinhas\" \/>\n<script type=\"application\/ld+json\" class=\"yoast-schema-graph\">{\"@context\":\"https:\/\/schema.org\",\"@graph\":[{\"@type\":\"WebPage\",\"@id\":\"https:\/\/dev4copopalhinhas.devdg.pt\/produto\/forma-de-aluminio-com-tampa-53cl-530ml-com-2-compartimentos\/\",\"url\":\"https:\/\/dev4copopalhinhas.devdg.pt\/produto\/forma-de-aluminio-com-tampa-53cl-530ml-com-2-compartimentos\/\",\"name\":\"FORMA DE ALUM\u00cdNIO COM TAMPA 52 E 53CL COM 2 COMPARTIMENTOS - Copopalhinhas\",\"isPartOf\":{\"@id\":\"https:\/\/dev4copopalhinhas.devdg.pt\/#website\"},\"primaryImageOfPage\":{\"@id\":\"https:\/\/dev4copopalhinhas.devdg.pt\/produto\/forma-de-aluminio-com-tampa-53cl-530ml-com-2-compartimentos\/#primaryimage\"},\"image\":{\"@id\":\"https:\/\/dev4copopalhinhas.devdg.pt\/produto\/forma-de-aluminio-com-tampa-53cl-530ml-com-2-compartimentos\/#primaryimage\"},\"thumbnailUrl\":\"https:\/\/dev4copopalhinhas.devdg.pt\/wp-content\/uploads\/FORMA-DE-ALUMINIO-COM-TAMPA-53CL-530ML-COM-2-COMPARTIMENTOS-HOS135.97-Copopalhinhas-web-3.png\",\"datePublished\":\"2025-03-25T11:08:30+00:00\",\"dateModified\":\"2025-09-24T21:53:51+00:00\",\"description\":\"Forma de alum\u00ednio com tampa e 2 compartimentos de 52cl e 53cl. Ideal para transportar refei\u00e7\u00f5es a sua estrutura \u00e9 leve e resistente.\",\"breadcrumb\":{\"@id\":\"https:\/\/dev4copopalhinhas.devdg.pt\/produto\/forma-de-aluminio-com-tampa-53cl-530ml-com-2-compartimentos\/#breadcrumb\"},\"inLanguage\":\"es\",\"potentialAction\":[{\"@type\":\"ReadAction\",\"target\":[\"https:\/\/dev4copopalhinhas.devdg.pt\/produto\/forma-de-aluminio-com-tampa-53cl-530ml-com-2-compartimentos\/\"]}]},{\"@type\":\"ImageObject\",\"inLanguage\":\"es\",\"@id\":\"https:\/\/dev4copopalhinhas.devdg.pt\/produto\/forma-de-aluminio-com-tampa-53cl-530ml-com-2-compartimentos\/#primaryimage\",\"url\":\"https:\/\/dev4copopalhinhas.devdg.pt\/wp-content\/uploads\/FORMA-DE-ALUMINIO-COM-TAMPA-53CL-530ML-COM-2-COMPARTIMENTOS-HOS135.97-Copopalhinhas-web-3.png\",\"contentUrl\":\"https:\/\/dev4copopalhinhas.devdg.pt\/wp-content\/uploads\/FORMA-DE-ALUMINIO-COM-TAMPA-53CL-530ML-COM-2-COMPARTIMENTOS-HOS135.97-Copopalhinhas-web-3.png\",\"width\":1000,\"height\":1000,\"caption\":\"FORMA DE ALUM\u00cdNIO COM TAMPA 53CL (530ML) COM 2 COMPARTIMENTOS-HOS135.95-Copopalhinhas-web-1\"},{\"@type\":\"BreadcrumbList\",\"@id\":\"https:\/\/dev4copopalhinhas.devdg.pt\/produto\/forma-de-aluminio-com-tampa-53cl-530ml-com-2-compartimentos\/#breadcrumb\",\"itemListElement\":[{\"@type\":\"ListItem\",\"position\":1,\"name\":\"In\u00edcio\",\"item\":\"https:\/\/dev4copopalhinhas.devdg.pt\/\"},{\"@type\":\"ListItem\",\"position\":2,\"name\":\"Loja\",\"item\":\"https:\/\/dev4copopalhinhas.devdg.pt\/loja\/\"},{\"@type\":\"ListItem\",\"position\":3,\"name\":\"FORMA DE ALUM\u00cdNIO COM TAMPA 52 E 53CL COM 2 COMPARTIMENTOS\"}]},{\"@type\":\"WebSite\",\"@id\":\"https:\/\/dev4copopalhinhas.devdg.pt\/#website\",\"url\":\"https:\/\/dev4copopalhinhas.devdg.pt\/\",\"name\":\"Copopalhinhas\",\"description\":\"Os Melhores Pre\u00e7os\",\"publisher\":{\"@id\":\"https:\/\/dev4copopalhinhas.devdg.pt\/#organization\"},\"potentialAction\":[{\"@type\":\"SearchAction\",\"target\":{\"@type\":\"EntryPoint\",\"urlTemplate\":\"https:\/\/dev4copopalhinhas.devdg.pt\/?s={search_term_string}\"},\"query-input\":{\"@type\":\"PropertyValueSpecification\",\"valueRequired\":true,\"valueName\":\"search_term_string\"}}],\"inLanguage\":\"es\"},{\"@type\":\"Organization\",\"@id\":\"https:\/\/dev4copopalhinhas.devdg.pt\/#organization\",\"name\":\"Copopalhinhas\",\"url\":\"https:\/\/dev4copopalhinhas.devdg.pt\/\",\"logo\":{\"@type\":\"ImageObject\",\"inLanguage\":\"es\",\"@id\":\"https:\/\/dev4copopalhinhas.devdg.pt\/#\/schema\/logo\/image\/\",\"url\":\"https:\/\/dev4copopalhinhas.devdg.pt\/wp-content\/uploads\/2022\/05\/COPOPALHINHASlogo.png\",\"contentUrl\":\"https:\/\/dev4copopalhinhas.devdg.pt\/wp-content\/uploads\/2022\/05\/COPOPALHINHASlogo.png\",\"width\":1200,\"height\":323,\"caption\":\"Copopalhinhas\"},\"image\":{\"@id\":\"https:\/\/dev4copopalhinhas.devdg.pt\/#\/schema\/logo\/image\/\"},\"sameAs\":[\"https:\/\/www.facebook.com\/copopalhinhas\",\"https:\/\/x.com\/copopalhinhas\",\"https:\/\/copopalhinhas.blogspot.pt\/\"]}]}<\/script>\n<!-- \/ Yoast SEO Premium plugin. -->","yoast_head_json":{"title":"FORMA DE ALUM\u00cdNIO COM TAMPA 52 E 53CL COM 2 COMPARTIMENTOS - Copopalhinhas","description":"Forma de alum\u00ednio com tampa e 2 compartimentos de 52cl e 53cl. Ideal para transportar refei\u00e7\u00f5es a sua estrutura \u00e9 leve e resistente.","robots":{"index":"index","follow":"follow","max-snippet":"max-snippet:-1","max-image-preview":"max-image-preview:large","max-video-preview":"max-video-preview:-1"},"canonical":"https:\/\/dev4copopalhinhas.devdg.pt\/es\/producto\/forma-de-aluminio-com-tampa-53cl-530ml-com-2-compartimentos\/","og_locale":"es_ES","og_type":"article","og_title":"FORMA DE ALUM\u00cdNIO COM TAMPA 52 E 53CL COM 2 COMPARTIMENTOS","og_description":"Forma de alum\u00ednio com tampa e 2 compartimentos de 52cl e 53cl. Ideal para transportar refei\u00e7\u00f5es a sua estrutura \u00e9 leve e resistente.","og_url":"https:\/\/dev4copopalhinhas.devdg.pt\/es\/producto\/forma-de-aluminio-com-tampa-53cl-530ml-com-2-compartimentos\/","og_site_name":"Copopalhinhas","article_publisher":"https:\/\/www.facebook.com\/copopalhinhas","article_modified_time":"2025-09-24T21:53:51+00:00","og_image":[{"width":1000,"height":1000,"url":"https:\/\/copopalhinhas.b-cdn.net\/wp-content\/uploads\/FORMA-DE-ALUMINIO-COM-TAMPA-53CL-530ML-COM-2-COMPARTIMENTOS-HOS135.97-Copopalhinhas-web-3.png","type":"image\/png"}],"twitter_card":"summary_large_image","twitter_site":"@copopalhinhas","schema":{"@context":"https:\/\/schema.org","@graph":[{"@type":"WebPage","@id":"https:\/\/dev4copopalhinhas.devdg.pt\/produto\/forma-de-aluminio-com-tampa-53cl-530ml-com-2-compartimentos\/","url":"https:\/\/dev4copopalhinhas.devdg.pt\/produto\/forma-de-aluminio-com-tampa-53cl-530ml-com-2-compartimentos\/","name":"FORMA DE ALUM\u00cdNIO COM TAMPA 52 E 53CL COM 2 COMPARTIMENTOS - Copopalhinhas","isPartOf":{"@id":"https:\/\/dev4copopalhinhas.devdg.pt\/#website"},"primaryImageOfPage":{"@id":"https:\/\/dev4copopalhinhas.devdg.pt\/produto\/forma-de-aluminio-com-tampa-53cl-530ml-com-2-compartimentos\/#primaryimage"},"image":{"@id":"https:\/\/dev4copopalhinhas.devdg.pt\/produto\/forma-de-aluminio-com-tampa-53cl-530ml-com-2-compartimentos\/#primaryimage"},"thumbnailUrl":"https:\/\/dev4copopalhinhas.devdg.pt\/wp-content\/uploads\/FORMA-DE-ALUMINIO-COM-TAMPA-53CL-530ML-COM-2-COMPARTIMENTOS-HOS135.97-Copopalhinhas-web-3.png","datePublished":"2025-03-25T11:08:30+00:00","dateModified":"2025-09-24T21:53:51+00:00","description":"Forma de alum\u00ednio com tampa e 2 compartimentos de 52cl e 53cl. Ideal para transportar refei\u00e7\u00f5es a sua estrutura \u00e9 leve e resistente.","breadcrumb":{"@id":"https:\/\/dev4copopalhinhas.devdg.pt\/produto\/forma-de-aluminio-com-tampa-53cl-530ml-com-2-compartimentos\/#breadcrumb"},"inLanguage":"es","potentialAction":[{"@type":"ReadAction","target":["https:\/\/dev4copopalhinhas.devdg.pt\/produto\/forma-de-aluminio-com-tampa-53cl-530ml-com-2-compartimentos\/"]}]},{"@type":"ImageObject","inLanguage":"es","@id":"https:\/\/dev4copopalhinhas.devdg.pt\/produto\/forma-de-aluminio-com-tampa-53cl-530ml-com-2-compartimentos\/#primaryimage","url":"https:\/\/dev4copopalhinhas.devdg.pt\/wp-content\/uploads\/FORMA-DE-ALUMINIO-COM-TAMPA-53CL-530ML-COM-2-COMPARTIMENTOS-HOS135.97-Copopalhinhas-web-3.png","contentUrl":"https:\/\/dev4copopalhinhas.devdg.pt\/wp-content\/uploads\/FORMA-DE-ALUMINIO-COM-TAMPA-53CL-530ML-COM-2-COMPARTIMENTOS-HOS135.97-Copopalhinhas-web-3.png","width":1000,"height":1000,"caption":"FORMA DE ALUM\u00cdNIO COM TAMPA 53CL (530ML) COM 2 COMPARTIMENTOS-HOS135.95-Copopalhinhas-web-1"},{"@type":"BreadcrumbList","@id":"https:\/\/dev4copopalhinhas.devdg.pt\/produto\/forma-de-aluminio-com-tampa-53cl-530ml-com-2-compartimentos\/#breadcrumb","itemListElement":[{"@type":"ListItem","position":1,"name":"In\u00edcio","item":"https:\/\/dev4copopalhinhas.devdg.pt\/"},{"@type":"ListItem","position":2,"name":"Loja","item":"https:\/\/dev4copopalhinhas.devdg.pt\/loja\/"},{"@type":"ListItem","position":3,"name":"FORMA DE ALUM\u00cdNIO COM TAMPA 52 E 53CL COM 2 COMPARTIMENTOS"}]},{"@type":"WebSite","@id":"https:\/\/dev4copopalhinhas.devdg.pt\/#website","url":"https:\/\/dev4copopalhinhas.devdg.pt\/","name":"Pajitas para vasos","description":"Os Melhores Pre\u00e7os","publisher":{"@id":"https:\/\/dev4copopalhinhas.devdg.pt\/#organization"},"potentialAction":[{"@type":"SearchAction","target":{"@type":"EntryPoint","urlTemplate":"https:\/\/dev4copopalhinhas.devdg.pt\/?s={search_term_string}"},"query-input":{"@type":"PropertyValueSpecification","valueRequired":true,"valueName":"search_term_string"}}],"inLanguage":"es"},{"@type":"Organization","@id":"https:\/\/dev4copopalhinhas.devdg.pt\/#organization","name":"Pajitas para vasos","url":"https:\/\/dev4copopalhinhas.devdg.pt\/","logo":{"@type":"ImageObject","inLanguage":"es","@id":"https:\/\/dev4copopalhinhas.devdg.pt\/#\/schema\/logo\/image\/","url":"https:\/\/dev4copopalhinhas.devdg.pt\/wp-content\/uploads\/2022\/05\/COPOPALHINHASlogo.png","contentUrl":"https:\/\/dev4copopalhinhas.devdg.pt\/wp-content\/uploads\/2022\/05\/COPOPALHINHASlogo.png","width":1200,"height":323,"caption":"Copopalhinhas"},"image":{"@id":"https:\/\/dev4copopalhinhas.devdg.pt\/#\/schema\/logo\/image\/"},"sameAs":["https:\/\/www.facebook.com\/copopalhinhas","https:\/\/x.com\/copopalhinhas","https:\/\/copopalhinhas.blogspot.pt\/"]}]}},"_links":{"self":[{"href":"https:\/\/dev4copopalhinhas.devdg.pt\/es\/wp-json\/wp\/v2\/product\/65770","targetHints":{"allow":["GET"]}}],"collection":[{"href":"https:\/\/dev4copopalhinhas.devdg.pt\/es\/wp-json\/wp\/v2\/product"}],"about":[{"href":"https:\/\/dev4copopalhinhas.devdg.pt\/es\/wp-json\/wp\/v2\/types\/product"}],"replies":[{"embeddable":true,"href":"https:\/\/dev4copopalhinhas.devdg.pt\/es\/wp-json\/wp\/v2\/comments?post=65770"}],"wp:featuredmedia":[{"embeddable":true,"href":"https:\/\/dev4copopalhinhas.devdg.pt\/es\/wp-json\/wp\/v2\/media\/65790"}],"wp:attachment":[{"href":"https:\/\/dev4copopalhinhas.devdg.pt\/es\/wp-json\/wp\/v2\/media?parent=65770"}],"wp:term":[{"taxonomy":"product_cat","embeddable":true,"href":"https:\/\/dev4copopalhinhas.devdg.pt\/es\/wp-json\/wp\/v2\/product_cat?post=65770"},{"taxonomy":"product_tag","embeddable":true,"href":"https:\/\/dev4copopalhinhas.devdg.pt\/es\/wp-json\/wp\/v2\/product_tag?post=65770"}],"curies":[{"name":"wp","href":"https:\/\/api.w.org\/{rel}","templated":true}]}}