{"id":65875,"date":"2025-03-26T10:38:01","date_gmt":"2025-03-26T10:38:01","guid":{"rendered":"https:\/\/dev4copopalhinhas.devdg.pt\/?post_type=product&#038;p=65875"},"modified":"2025-09-27T16:48:50","modified_gmt":"2025-09-27T15:48:50","slug":"caixa-em-cartolina-castanha-de-1l-11x18x7cm","status":"publish","type":"product","link":"https:\/\/dev4copopalhinhas.devdg.pt\/es\/producto\/caixa-em-cartolina-castanha-de-1l-11x18x7cm\/","title":{"rendered":"CAJA DE CART\u00d3N MARR\u00d3N 1L \/ 11x18x7CM"},"content":{"rendered":"<p>Se procura uma embalagem pr\u00e1tica, ecol\u00f3gica e elegante, a Caixa em cartolina \u00e9 uma \u00f3tima escolha! Com um design moderno e funcional, estilo americana esta caixa \u00e9 muito vers\u00e1til.<\/p>\n<h4>Caracter\u00edsticas e Vantagens:<\/h4>\n<ul>\n<li>Material Sustent\u00e1vel: Fabricada em cartolina, um material biodegrad\u00e1vel e recicl\u00e1vel, esta caixa \u00e9 uma op\u00e7\u00e3o amiga do ambiente, ajudando a reduzir o impacto ambiental.<\/li>\n<li>Tamanho Vers\u00e1til: Com dimens\u00f5es de 11x18x7 cm, \u00e9 ideal para embalar e transportar uma variedade de produtos.<\/li>\n<li>Resist\u00eancia e Seguran\u00e7a: A estrutura robusta da caixa garante prote\u00e7\u00e3o ao conte\u00fado, mantendo os alimentos frescos e intactos durante o transporte.<\/li>\n<li>Ideal para Diversos Neg\u00f3cios: Perfeita para pastelarias, confeitarias, padarias, restaurantes e servi\u00e7os de takeaway, oferecendo praticidade e um toque sofisticado \u00e0 apresenta\u00e7\u00e3o dos produtos.<\/li>\n<li>A caixa em cartolina castanha com tampa \u00e9 recicl\u00e1vel e biodegrad\u00e1vel.<\/li>\n<\/ul>\n<h4>Certificados:<\/h4>\n<ul>\n<li><strong>Alimentar: <\/strong>Regulamento (CE) n.\u00b0 1935\/2004 do Parlamento Europeu e do Conselho, de 27 de Outubro de 2004, relativo aos materiais e objetos destinados a entrar em contacto com os alimentos. Registo Sanit\u00e1rio de Ind\u00fastrias e Produtos Alimentares.<\/li>\n<\/ul>\n<p><img decoding=\"async\" src=\"https:\/\/dev4copopalhinhas.devdg.pt\/wp-content\/uploads\/Icon_DESCARTAVEL.png\" alt=\"\" width=\"30\" height=\"30\" \/>\u00a0<strong>Descart\u00e1vel<\/strong><\/p>\n<p><img decoding=\"async\" src=\"https:\/\/dev4copopalhinhas.devdg.pt\/wp-content\/uploads\/Icons_alimentos.png\" alt=\"\" width=\"30\" height=\"30\" \/>\u00a0<strong>Alimento<\/strong>: Pr\u00f3prios para consumo alimentar<\/p>\n<p><img decoding=\"async\" src=\"https:\/\/dev4copopalhinhas.devdg.pt\/wp-content\/uploads\/Icon_reciclaveis.png\" alt=\"\" width=\"30\" height=\"30\" \/>\u00a0<strong>Recicl\u00e1veis<\/strong>: Produtos que podem ser reciclados ou usados para recupera\u00e7\u00e3o energ\u00e9tica.<\/p>","protected":false},"excerpt":{"rendered":"<p>A caixa em cartolina castanha, estilo americana, \u00e9 ideal para transporte de alimentos e produtos. Medidas de 11x18x7cm. Ela \u00e9 f\u00e1cil de montar, pois \u00e9 fabricada numa \u00fanica pe\u00e7a.<\/p>\n<p><img decoding=\"async\" src=\"https:\/\/dev4copopalhinhas.devdg.pt\/wp-content\/uploads\/Icons_alimentos.png\" alt=\"\" width=\"30\" height=\"30\" \/>\u00a0<img decoding=\"async\" src=\"https:\/\/dev4copopalhinhas.devdg.pt\/wp-content\/uploads\/Icon_DESCARTAVEL.png\" alt=\"\" width=\"30\" height=\"30\" \/>\u00a0<img decoding=\"async\" src=\"https:\/\/dev4copopalhinhas.devdg.pt\/wp-content\/uploads\/Icon_reciclaveis.png\" alt=\"\" width=\"30\" height=\"30\" \/><\/p>","protected":false},"featured_media":65881,"comment_status":"open","ping_status":"closed","template":"","meta":{"_acf_changed":false},"product_cat":[2046,2010,2249,1725,1520,1512,1484,1490,1500,1397],"product_tag":[1569,1607,1604,1610],"class_list":{"0":"post-65875","1":"product","2":"type-product","3":"status-publish","4":"has-post-thumbnail","6":"product_cat-embalagens-cartao","7":"product_cat-embalagens-descartaveis","8":"product_cat-take-away","9":"product_cat-castanho","10":"product_cat-91cl-1l","11":"product_cat-descartavel","12":"product_cat-cartao","13":"product_cat-caixas","14":"product_cat-caixas-americanas","15":"product_cat-embalagens","16":"product_tag-menu-descartaveis","17":"product_tag-sub-menu-embalagens-cartao","18":"product_tag-sub-menu-embalagens-descartaveis","19":"product_tag-sub-menu-embalagens-free-plastic-takeaway","20":"pa_qtd-por-caixa-1273","21":"pa_qtd-por-caixa-1308","22":"tm-no-options","24":"first","25":"instock","26":"taxable","27":"shipping-taxable","28":"purchasable","29":"product-type-variable"},"acf":[],"yoast_head":"<!-- This site is optimized with the Yoast SEO Premium plugin v23.9 (Yoast SEO v23.9) - https:\/\/yoast.com\/wordpress\/plugins\/seo\/ -->\n<title>CAIXA EM CARTOLINA CASTANHA DE 1L \/ 11x18x7CM - Copopalhinhas<\/title>\n<meta name=\"description\" content=\"A caixa em cartolina castanha, estilo americana, ideal para transporte de alimentos. Medidas de 11x18x7cm. F\u00e1ceis de montar, s\u00e3o feitos numa \u00fanica pe\u00e7a.\" \/>\n<meta name=\"robots\" content=\"index, follow, max-snippet:-1, max-image-preview:large, max-video-preview:-1\" \/>\n<link rel=\"canonical\" href=\"https:\/\/dev4copopalhinhas.devdg.pt\/es\/producto\/caixa-em-cartolina-castanha-de-1l-11x18x7cm\/\" \/>\n<meta property=\"og:locale\" content=\"es_ES\" \/>\n<meta property=\"og:type\" content=\"article\" \/>\n<meta property=\"og:title\" content=\"CAIXA EM CARTOLINA CASTANHA DE 1L \/ 11x18x7CM\" \/>\n<meta property=\"og:description\" content=\"A caixa em cartolina castanha, estilo americana, ideal para transporte de alimentos. Medidas de 11x18x7cm. F\u00e1ceis de montar, s\u00e3o feitos numa \u00fanica pe\u00e7a.\" \/>\n<meta property=\"og:url\" content=\"https:\/\/dev4copopalhinhas.devdg.pt\/es\/producto\/caixa-em-cartolina-castanha-de-1l-11x18x7cm\/\" \/>\n<meta property=\"og:site_name\" content=\"Copopalhinhas\" \/>\n<meta property=\"article:publisher\" content=\"https:\/\/www.facebook.com\/copopalhinhas\" \/>\n<meta property=\"article:modified_time\" content=\"2025-09-27T15:48:50+00:00\" \/>\n<meta property=\"og:image\" content=\"https:\/\/copopalhinhas.b-cdn.net\/wp-content\/uploads\/CAIXA-EM-CARTOLINA-CASTANHA-DE-1L-11x18x7CM-HOS223.21-Copopalhinhas-web-1.png\" \/>\n\t<meta property=\"og:image:width\" content=\"1000\" \/>\n\t<meta property=\"og:image:height\" content=\"1000\" \/>\n\t<meta property=\"og:image:type\" content=\"image\/png\" \/>\n<meta name=\"twitter:card\" content=\"summary_large_image\" \/>\n<meta name=\"twitter:site\" content=\"@copopalhinhas\" \/>\n<script type=\"application\/ld+json\" class=\"yoast-schema-graph\">{\"@context\":\"https:\/\/schema.org\",\"@graph\":[{\"@type\":\"WebPage\",\"@id\":\"https:\/\/dev4copopalhinhas.devdg.pt\/produto\/caixa-em-cartolina-castanha-de-1l-11x18x7cm\/\",\"url\":\"https:\/\/dev4copopalhinhas.devdg.pt\/produto\/caixa-em-cartolina-castanha-de-1l-11x18x7cm\/\",\"name\":\"CAIXA EM CARTOLINA CASTANHA DE 1L \/ 11x18x7CM - Copopalhinhas\",\"isPartOf\":{\"@id\":\"https:\/\/dev4copopalhinhas.devdg.pt\/#website\"},\"primaryImageOfPage\":{\"@id\":\"https:\/\/dev4copopalhinhas.devdg.pt\/produto\/caixa-em-cartolina-castanha-de-1l-11x18x7cm\/#primaryimage\"},\"image\":{\"@id\":\"https:\/\/dev4copopalhinhas.devdg.pt\/produto\/caixa-em-cartolina-castanha-de-1l-11x18x7cm\/#primaryimage\"},\"thumbnailUrl\":\"https:\/\/dev4copopalhinhas.devdg.pt\/wp-content\/uploads\/CAIXA-EM-CARTOLINA-CASTANHA-DE-1L-11x18x7CM-HOS223.21-Copopalhinhas-web-1.png\",\"datePublished\":\"2025-03-26T10:38:01+00:00\",\"dateModified\":\"2025-09-27T15:48:50+00:00\",\"description\":\"A caixa em cartolina castanha, estilo americana, ideal para transporte de alimentos. Medidas de 11x18x7cm. F\u00e1ceis de montar, s\u00e3o feitos numa \u00fanica pe\u00e7a.\",\"breadcrumb\":{\"@id\":\"https:\/\/dev4copopalhinhas.devdg.pt\/produto\/caixa-em-cartolina-castanha-de-1l-11x18x7cm\/#breadcrumb\"},\"inLanguage\":\"es\",\"potentialAction\":[{\"@type\":\"ReadAction\",\"target\":[\"https:\/\/dev4copopalhinhas.devdg.pt\/produto\/caixa-em-cartolina-castanha-de-1l-11x18x7cm\/\"]}]},{\"@type\":\"ImageObject\",\"inLanguage\":\"es\",\"@id\":\"https:\/\/dev4copopalhinhas.devdg.pt\/produto\/caixa-em-cartolina-castanha-de-1l-11x18x7cm\/#primaryimage\",\"url\":\"https:\/\/dev4copopalhinhas.devdg.pt\/wp-content\/uploads\/CAIXA-EM-CARTOLINA-CASTANHA-DE-1L-11x18x7CM-HOS223.21-Copopalhinhas-web-1.png\",\"contentUrl\":\"https:\/\/dev4copopalhinhas.devdg.pt\/wp-content\/uploads\/CAIXA-EM-CARTOLINA-CASTANHA-DE-1L-11x18x7CM-HOS223.21-Copopalhinhas-web-1.png\",\"width\":1000,\"height\":1000,\"caption\":\"CAIXA EM CARTOLINA CASTANHA DE 1L 11x18x7CM-HOS223.21-Copopalhinhas-web-4\"},{\"@type\":\"BreadcrumbList\",\"@id\":\"https:\/\/dev4copopalhinhas.devdg.pt\/produto\/caixa-em-cartolina-castanha-de-1l-11x18x7cm\/#breadcrumb\",\"itemListElement\":[{\"@type\":\"ListItem\",\"position\":1,\"name\":\"In\u00edcio\",\"item\":\"https:\/\/dev4copopalhinhas.devdg.pt\/\"},{\"@type\":\"ListItem\",\"position\":2,\"name\":\"Loja\",\"item\":\"https:\/\/dev4copopalhinhas.devdg.pt\/loja\/\"},{\"@type\":\"ListItem\",\"position\":3,\"name\":\"CAIXA EM CARTOLINA CASTANHA DE 1L \/ 11x18x7CM\"}]},{\"@type\":\"WebSite\",\"@id\":\"https:\/\/dev4copopalhinhas.devdg.pt\/#website\",\"url\":\"https:\/\/dev4copopalhinhas.devdg.pt\/\",\"name\":\"Copopalhinhas\",\"description\":\"Os Melhores Pre\u00e7os\",\"publisher\":{\"@id\":\"https:\/\/dev4copopalhinhas.devdg.pt\/#organization\"},\"potentialAction\":[{\"@type\":\"SearchAction\",\"target\":{\"@type\":\"EntryPoint\",\"urlTemplate\":\"https:\/\/dev4copopalhinhas.devdg.pt\/?s={search_term_string}\"},\"query-input\":{\"@type\":\"PropertyValueSpecification\",\"valueRequired\":true,\"valueName\":\"search_term_string\"}}],\"inLanguage\":\"es\"},{\"@type\":\"Organization\",\"@id\":\"https:\/\/dev4copopalhinhas.devdg.pt\/#organization\",\"name\":\"Copopalhinhas\",\"url\":\"https:\/\/dev4copopalhinhas.devdg.pt\/\",\"logo\":{\"@type\":\"ImageObject\",\"inLanguage\":\"es\",\"@id\":\"https:\/\/dev4copopalhinhas.devdg.pt\/#\/schema\/logo\/image\/\",\"url\":\"https:\/\/dev4copopalhinhas.devdg.pt\/wp-content\/uploads\/2022\/05\/COPOPALHINHASlogo.png\",\"contentUrl\":\"https:\/\/dev4copopalhinhas.devdg.pt\/wp-content\/uploads\/2022\/05\/COPOPALHINHASlogo.png\",\"width\":1200,\"height\":323,\"caption\":\"Copopalhinhas\"},\"image\":{\"@id\":\"https:\/\/dev4copopalhinhas.devdg.pt\/#\/schema\/logo\/image\/\"},\"sameAs\":[\"https:\/\/www.facebook.com\/copopalhinhas\",\"https:\/\/x.com\/copopalhinhas\",\"https:\/\/copopalhinhas.blogspot.pt\/\"]}]}<\/script>\n<!-- \/ Yoast SEO Premium plugin. -->","yoast_head_json":{"title":"CAIXA EM CARTOLINA CASTANHA DE 1L \/ 11x18x7CM - Copopalhinhas","description":"A caixa em cartolina castanha, estilo americana, ideal para transporte de alimentos. Medidas de 11x18x7cm. F\u00e1ceis de montar, s\u00e3o feitos numa \u00fanica pe\u00e7a.","robots":{"index":"index","follow":"follow","max-snippet":"max-snippet:-1","max-image-preview":"max-image-preview:large","max-video-preview":"max-video-preview:-1"},"canonical":"https:\/\/dev4copopalhinhas.devdg.pt\/es\/producto\/caixa-em-cartolina-castanha-de-1l-11x18x7cm\/","og_locale":"es_ES","og_type":"article","og_title":"CAIXA EM CARTOLINA CASTANHA DE 1L \/ 11x18x7CM","og_description":"A caixa em cartolina castanha, estilo americana, ideal para transporte de alimentos. Medidas de 11x18x7cm. F\u00e1ceis de montar, s\u00e3o feitos numa \u00fanica pe\u00e7a.","og_url":"https:\/\/dev4copopalhinhas.devdg.pt\/es\/producto\/caixa-em-cartolina-castanha-de-1l-11x18x7cm\/","og_site_name":"Copopalhinhas","article_publisher":"https:\/\/www.facebook.com\/copopalhinhas","article_modified_time":"2025-09-27T15:48:50+00:00","og_image":[{"width":1000,"height":1000,"url":"https:\/\/copopalhinhas.b-cdn.net\/wp-content\/uploads\/CAIXA-EM-CARTOLINA-CASTANHA-DE-1L-11x18x7CM-HOS223.21-Copopalhinhas-web-1.png","type":"image\/png"}],"twitter_card":"summary_large_image","twitter_site":"@copopalhinhas","schema":{"@context":"https:\/\/schema.org","@graph":[{"@type":"WebPage","@id":"https:\/\/dev4copopalhinhas.devdg.pt\/produto\/caixa-em-cartolina-castanha-de-1l-11x18x7cm\/","url":"https:\/\/dev4copopalhinhas.devdg.pt\/produto\/caixa-em-cartolina-castanha-de-1l-11x18x7cm\/","name":"CAIXA EM CARTOLINA CASTANHA DE 1L \/ 11x18x7CM - Copopalhinhas","isPartOf":{"@id":"https:\/\/dev4copopalhinhas.devdg.pt\/#website"},"primaryImageOfPage":{"@id":"https:\/\/dev4copopalhinhas.devdg.pt\/produto\/caixa-em-cartolina-castanha-de-1l-11x18x7cm\/#primaryimage"},"image":{"@id":"https:\/\/dev4copopalhinhas.devdg.pt\/produto\/caixa-em-cartolina-castanha-de-1l-11x18x7cm\/#primaryimage"},"thumbnailUrl":"https:\/\/dev4copopalhinhas.devdg.pt\/wp-content\/uploads\/CAIXA-EM-CARTOLINA-CASTANHA-DE-1L-11x18x7CM-HOS223.21-Copopalhinhas-web-1.png","datePublished":"2025-03-26T10:38:01+00:00","dateModified":"2025-09-27T15:48:50+00:00","description":"A caixa em cartolina castanha, estilo americana, ideal para transporte de alimentos. Medidas de 11x18x7cm. F\u00e1ceis de montar, s\u00e3o feitos numa \u00fanica pe\u00e7a.","breadcrumb":{"@id":"https:\/\/dev4copopalhinhas.devdg.pt\/produto\/caixa-em-cartolina-castanha-de-1l-11x18x7cm\/#breadcrumb"},"inLanguage":"es","potentialAction":[{"@type":"ReadAction","target":["https:\/\/dev4copopalhinhas.devdg.pt\/produto\/caixa-em-cartolina-castanha-de-1l-11x18x7cm\/"]}]},{"@type":"ImageObject","inLanguage":"es","@id":"https:\/\/dev4copopalhinhas.devdg.pt\/produto\/caixa-em-cartolina-castanha-de-1l-11x18x7cm\/#primaryimage","url":"https:\/\/dev4copopalhinhas.devdg.pt\/wp-content\/uploads\/CAIXA-EM-CARTOLINA-CASTANHA-DE-1L-11x18x7CM-HOS223.21-Copopalhinhas-web-1.png","contentUrl":"https:\/\/dev4copopalhinhas.devdg.pt\/wp-content\/uploads\/CAIXA-EM-CARTOLINA-CASTANHA-DE-1L-11x18x7CM-HOS223.21-Copopalhinhas-web-1.png","width":1000,"height":1000,"caption":"CAIXA EM CARTOLINA CASTANHA DE 1L 11x18x7CM-HOS223.21-Copopalhinhas-web-4"},{"@type":"BreadcrumbList","@id":"https:\/\/dev4copopalhinhas.devdg.pt\/produto\/caixa-em-cartolina-castanha-de-1l-11x18x7cm\/#breadcrumb","itemListElement":[{"@type":"ListItem","position":1,"name":"In\u00edcio","item":"https:\/\/dev4copopalhinhas.devdg.pt\/"},{"@type":"ListItem","position":2,"name":"Loja","item":"https:\/\/dev4copopalhinhas.devdg.pt\/loja\/"},{"@type":"ListItem","position":3,"name":"CAIXA EM CARTOLINA CASTANHA DE 1L \/ 11x18x7CM"}]},{"@type":"WebSite","@id":"https:\/\/dev4copopalhinhas.devdg.pt\/#website","url":"https:\/\/dev4copopalhinhas.devdg.pt\/","name":"Pajitas para vasos","description":"Os Melhores Pre\u00e7os","publisher":{"@id":"https:\/\/dev4copopalhinhas.devdg.pt\/#organization"},"potentialAction":[{"@type":"SearchAction","target":{"@type":"EntryPoint","urlTemplate":"https:\/\/dev4copopalhinhas.devdg.pt\/?s={search_term_string}"},"query-input":{"@type":"PropertyValueSpecification","valueRequired":true,"valueName":"search_term_string"}}],"inLanguage":"es"},{"@type":"Organization","@id":"https:\/\/dev4copopalhinhas.devdg.pt\/#organization","name":"Pajitas para vasos","url":"https:\/\/dev4copopalhinhas.devdg.pt\/","logo":{"@type":"ImageObject","inLanguage":"es","@id":"https:\/\/dev4copopalhinhas.devdg.pt\/#\/schema\/logo\/image\/","url":"https:\/\/dev4copopalhinhas.devdg.pt\/wp-content\/uploads\/2022\/05\/COPOPALHINHASlogo.png","contentUrl":"https:\/\/dev4copopalhinhas.devdg.pt\/wp-content\/uploads\/2022\/05\/COPOPALHINHASlogo.png","width":1200,"height":323,"caption":"Copopalhinhas"},"image":{"@id":"https:\/\/dev4copopalhinhas.devdg.pt\/#\/schema\/logo\/image\/"},"sameAs":["https:\/\/www.facebook.com\/copopalhinhas","https:\/\/x.com\/copopalhinhas","https:\/\/copopalhinhas.blogspot.pt\/"]}]}},"_links":{"self":[{"href":"https:\/\/dev4copopalhinhas.devdg.pt\/es\/wp-json\/wp\/v2\/product\/65875","targetHints":{"allow":["GET"]}}],"collection":[{"href":"https:\/\/dev4copopalhinhas.devdg.pt\/es\/wp-json\/wp\/v2\/product"}],"about":[{"href":"https:\/\/dev4copopalhinhas.devdg.pt\/es\/wp-json\/wp\/v2\/types\/product"}],"replies":[{"embeddable":true,"href":"https:\/\/dev4copopalhinhas.devdg.pt\/es\/wp-json\/wp\/v2\/comments?post=65875"}],"wp:featuredmedia":[{"embeddable":true,"href":"https:\/\/dev4copopalhinhas.devdg.pt\/es\/wp-json\/wp\/v2\/media\/65881"}],"wp:attachment":[{"href":"https:\/\/dev4copopalhinhas.devdg.pt\/es\/wp-json\/wp\/v2\/media?parent=65875"}],"wp:term":[{"taxonomy":"product_cat","embeddable":true,"href":"https:\/\/dev4copopalhinhas.devdg.pt\/es\/wp-json\/wp\/v2\/product_cat?post=65875"},{"taxonomy":"product_tag","embeddable":true,"href":"https:\/\/dev4copopalhinhas.devdg.pt\/es\/wp-json\/wp\/v2\/product_tag?post=65875"}],"curies":[{"name":"wp","href":"https:\/\/api.w.org\/{rel}","templated":true}]}}