{"id":65933,"date":"2025-03-26T16:24:23","date_gmt":"2025-03-26T16:24:23","guid":{"rendered":"https:\/\/dev4copopalhinhas.devdg.pt\/?post_type=product&#038;p=65933"},"modified":"2025-10-21T10:08:42","modified_gmt":"2025-10-21T09:08:42","slug":"colher-em-ps-transparente-166cm-reutilizavel","status":"publish","type":"product","link":"https:\/\/dev4copopalhinhas.devdg.pt\/es\/producto\/colher-em-ps-transparente-166cm-reutilizavel\/","title":{"rendered":"COLHER EM PS REUTILIZ\u00c1VEL 16,6CM TRANSPARENTE"},"content":{"rendered":"<p>Colher dem PS Reutiliz\u00e1vel, uma op\u00e7\u00e3o sustent\u00e1vel e pr\u00e1tica em seu estabelecimento, promovendo pr\u00e1ticas mais conscientes no consumo de utens\u00edlios descart\u00e1veis.<\/p>\n<ul>\n<li>Colher Reutiliz\u00e1vel: Fabricada em poliestireno (PS) dur\u00e1vel e reutiliz\u00e1vel, a colher oferece uma alternativa sustent\u00e1vel e duradoura \u00e0s colheres descart\u00e1veis.<\/li>\n<li>Tamanho Ideal: Com 16,6 cm de comprimento, a colher \u00e9 projetada para atender \u00e0s necessidades de degusta\u00e7\u00e3o de sopas ou doces de forma pr\u00e1tica.<\/li>\n<li>Versatilidade de Uso: Adequada para servir e desfrutar de refei\u00e7\u00f5es em eventos ao ar livre, festas, buffets e situa\u00e7\u00f5es em que colheres descart\u00e1veis podem ser substitu\u00eddas por op\u00e7\u00f5es reutiliz\u00e1veis.<\/li>\n<li>Sustentabilidade: O uso de colheres reutiliz\u00e1veis contribu\u00ed para pr\u00e1ticas mais sustent\u00e1veis, reduzindo o desperd\u00edcio de pl\u00e1stico descart\u00e1vel.<\/li>\n<li>Durabilidade: O garfo reutiliz\u00e1vel \u00e9 pensado para resistir ao uso repetido, proporcionando uma solu\u00e7\u00e3o econ\u00f3mica e amiga do meio ambiente. Foi testado para 20 ciclos de lavagem.<\/li>\n<li>Recicl\u00e1vel, reutiliz\u00e1vel.<\/li>\n<li>N\u00e3o apto para forno ou micro-ondas.<\/li>\n<\/ul>\n<p><img decoding=\"async\" src=\"https:\/\/dev4copopalhinhas.devdg.pt\/wp-content\/uploads\/Icons_alimentos.png\" alt=\"\" width=\"30\" height=\"30\" \/>\u00a0<strong>Alimento<\/strong>: Pr\u00f3prios para consumo alimentar<\/p>\n<p><img decoding=\"async\" src=\"https:\/\/dev4copopalhinhas.devdg.pt\/wp-content\/uploads\/Icon_reciclaveis.png\" alt=\"\" width=\"30\" height=\"30\" \/>\u00a0<strong>Recicl\u00e1veis<\/strong>: Produtos que podem ser reciclados ou usados para recupera\u00e7\u00e3o energ\u00e9tica.<\/p>","protected":false},"excerpt":{"rendered":"<p>A Colher em PS Reutiliz\u00e1vel 16,6 cm Transparente \u00e9 a escolha perfeita para quem procura praticidade, durabilidade e um toque elegante no servi\u00e7o de alimentos. Fabricada em Poliestireno (PS), esta colher \u00e9 reutiliz\u00e1vel e lav\u00e1vel at\u00e9 20 ciclos, oferecendo uma longa vida \u00fatil e contribuindo para a redu\u00e7\u00e3o de res\u00edduos.<\/p>","protected":false},"featured_media":65979,"comment_status":"open","ping_status":"closed","template":"","meta":{"_acf_changed":false},"product_cat":[2005,1718,1399,1511,1433,1550,1794,1498,227],"product_tag":[1568,1587],"class_list":{"0":"post-65933","1":"product","2":"type-product","3":"status-publish","4":"has-post-thumbnail","6":"product_cat-talheres-reutilizaveis","7":"product_cat-transparente","8":"product_cat-avulso","9":"product_cat-reutilizaveis-caracteristica","10":"product_cat-materia-prima-ps","11":"product_cat-16cm","12":"product_cat-colher","13":"product_cat-sopa","14":"product_cat-talheres","15":"product_tag-menu-reutilizaveis","16":"product_tag-sub-menu-talheres-reutilizaveis","17":"pa_qtd-por-caixa-281","18":"pa_qtd-por-caixa-1288","19":"tm-no-options","21":"first","22":"instock","23":"taxable","24":"shipping-taxable","25":"purchasable","26":"product-type-variable"},"acf":[],"yoast_head":"<!-- This site is optimized with the Yoast SEO Premium plugin v23.9 (Yoast SEO v23.9) - https:\/\/yoast.com\/wordpress\/plugins\/seo\/ -->\n<title>COLHER EM PS REUTILIZ\u00c1VEL 16,6CM TRANSPARENTE - Copopalhinhas<\/title>\n<meta name=\"description\" content=\"Colher em PS Reutiliz\u00e1vel transparente, com 16,6 cm de comprimento. Este utens\u00edlio oferece uma solu\u00e7\u00e3o pr\u00e1tica e sustent\u00e1vel.\" \/>\n<meta name=\"robots\" content=\"index, follow, max-snippet:-1, max-image-preview:large, max-video-preview:-1\" \/>\n<link rel=\"canonical\" href=\"https:\/\/dev4copopalhinhas.devdg.pt\/es\/producto\/colher-em-ps-transparente-166cm-reutilizavel\/\" \/>\n<meta property=\"og:locale\" content=\"es_ES\" \/>\n<meta property=\"og:type\" content=\"article\" \/>\n<meta property=\"og:title\" content=\"COLHER EM PS REUTILIZ\u00c1VEL 16,6CM TRANSPARENTE\" \/>\n<meta property=\"og:description\" content=\"Colher em PS Reutiliz\u00e1vel transparente, com 16,6 cm de comprimento. Este utens\u00edlio oferece uma solu\u00e7\u00e3o pr\u00e1tica e sustent\u00e1vel.\" \/>\n<meta property=\"og:url\" content=\"https:\/\/dev4copopalhinhas.devdg.pt\/es\/producto\/colher-em-ps-transparente-166cm-reutilizavel\/\" \/>\n<meta property=\"og:site_name\" content=\"Copopalhinhas\" \/>\n<meta property=\"article:publisher\" content=\"https:\/\/www.facebook.com\/copopalhinhas\" \/>\n<meta property=\"article:modified_time\" content=\"2025-10-21T09:08:42+00:00\" \/>\n<meta property=\"og:image\" content=\"https:\/\/copopalhinhas.b-cdn.net\/wp-content\/uploads\/COLHER-TRANSPARENTE-16CM-ALTA-QUALIDADE-B246700-Copopalhinhas-web-1.png\" \/>\n\t<meta property=\"og:image:width\" content=\"1000\" \/>\n\t<meta property=\"og:image:height\" content=\"1000\" \/>\n\t<meta property=\"og:image:type\" content=\"image\/png\" \/>\n<meta name=\"twitter:card\" content=\"summary_large_image\" \/>\n<meta name=\"twitter:site\" content=\"@copopalhinhas\" \/>\n<script type=\"application\/ld+json\" class=\"yoast-schema-graph\">{\"@context\":\"https:\/\/schema.org\",\"@graph\":[{\"@type\":\"WebPage\",\"@id\":\"https:\/\/dev4copopalhinhas.devdg.pt\/produto\/colher-em-ps-transparente-166cm-reutilizavel\/\",\"url\":\"https:\/\/dev4copopalhinhas.devdg.pt\/produto\/colher-em-ps-transparente-166cm-reutilizavel\/\",\"name\":\"COLHER EM PS REUTILIZ\u00c1VEL 16,6CM TRANSPARENTE - Copopalhinhas\",\"isPartOf\":{\"@id\":\"https:\/\/dev4copopalhinhas.devdg.pt\/#website\"},\"primaryImageOfPage\":{\"@id\":\"https:\/\/dev4copopalhinhas.devdg.pt\/produto\/colher-em-ps-transparente-166cm-reutilizavel\/#primaryimage\"},\"image\":{\"@id\":\"https:\/\/dev4copopalhinhas.devdg.pt\/produto\/colher-em-ps-transparente-166cm-reutilizavel\/#primaryimage\"},\"thumbnailUrl\":\"https:\/\/dev4copopalhinhas.devdg.pt\/wp-content\/uploads\/COLHER-TRANSPARENTE-16CM-ALTA-QUALIDADE-B246700-Copopalhinhas-web-1.png\",\"datePublished\":\"2025-03-26T16:24:23+00:00\",\"dateModified\":\"2025-10-21T09:08:42+00:00\",\"description\":\"Colher em PS Reutiliz\u00e1vel transparente, com 16,6 cm de comprimento. Este utens\u00edlio oferece uma solu\u00e7\u00e3o pr\u00e1tica e sustent\u00e1vel.\",\"breadcrumb\":{\"@id\":\"https:\/\/dev4copopalhinhas.devdg.pt\/produto\/colher-em-ps-transparente-166cm-reutilizavel\/#breadcrumb\"},\"inLanguage\":\"es\",\"potentialAction\":[{\"@type\":\"ReadAction\",\"target\":[\"https:\/\/dev4copopalhinhas.devdg.pt\/produto\/colher-em-ps-transparente-166cm-reutilizavel\/\"]}]},{\"@type\":\"ImageObject\",\"inLanguage\":\"es\",\"@id\":\"https:\/\/dev4copopalhinhas.devdg.pt\/produto\/colher-em-ps-transparente-166cm-reutilizavel\/#primaryimage\",\"url\":\"https:\/\/dev4copopalhinhas.devdg.pt\/wp-content\/uploads\/COLHER-TRANSPARENTE-16CM-ALTA-QUALIDADE-B246700-Copopalhinhas-web-1.png\",\"contentUrl\":\"https:\/\/dev4copopalhinhas.devdg.pt\/wp-content\/uploads\/COLHER-TRANSPARENTE-16CM-ALTA-QUALIDADE-B246700-Copopalhinhas-web-1.png\",\"width\":1000,\"height\":1000,\"caption\":\"COLHER-TRANSPARENTE-16CM-ALTA-QUALIDADE-B246700-Copopalhinhas-web-1\"},{\"@type\":\"BreadcrumbList\",\"@id\":\"https:\/\/dev4copopalhinhas.devdg.pt\/produto\/colher-em-ps-transparente-166cm-reutilizavel\/#breadcrumb\",\"itemListElement\":[{\"@type\":\"ListItem\",\"position\":1,\"name\":\"In\u00edcio\",\"item\":\"https:\/\/dev4copopalhinhas.devdg.pt\/\"},{\"@type\":\"ListItem\",\"position\":2,\"name\":\"Loja\",\"item\":\"https:\/\/dev4copopalhinhas.devdg.pt\/loja\/\"},{\"@type\":\"ListItem\",\"position\":3,\"name\":\"COLHER EM PS REUTILIZ\u00c1VEL 16,6CM TRANSPARENTE\"}]},{\"@type\":\"WebSite\",\"@id\":\"https:\/\/dev4copopalhinhas.devdg.pt\/#website\",\"url\":\"https:\/\/dev4copopalhinhas.devdg.pt\/\",\"name\":\"Copopalhinhas\",\"description\":\"Os Melhores Pre\u00e7os\",\"publisher\":{\"@id\":\"https:\/\/dev4copopalhinhas.devdg.pt\/#organization\"},\"potentialAction\":[{\"@type\":\"SearchAction\",\"target\":{\"@type\":\"EntryPoint\",\"urlTemplate\":\"https:\/\/dev4copopalhinhas.devdg.pt\/?s={search_term_string}\"},\"query-input\":{\"@type\":\"PropertyValueSpecification\",\"valueRequired\":true,\"valueName\":\"search_term_string\"}}],\"inLanguage\":\"es\"},{\"@type\":\"Organization\",\"@id\":\"https:\/\/dev4copopalhinhas.devdg.pt\/#organization\",\"name\":\"Copopalhinhas\",\"url\":\"https:\/\/dev4copopalhinhas.devdg.pt\/\",\"logo\":{\"@type\":\"ImageObject\",\"inLanguage\":\"es\",\"@id\":\"https:\/\/dev4copopalhinhas.devdg.pt\/#\/schema\/logo\/image\/\",\"url\":\"https:\/\/dev4copopalhinhas.devdg.pt\/wp-content\/uploads\/2022\/05\/COPOPALHINHASlogo.png\",\"contentUrl\":\"https:\/\/dev4copopalhinhas.devdg.pt\/wp-content\/uploads\/2022\/05\/COPOPALHINHASlogo.png\",\"width\":1200,\"height\":323,\"caption\":\"Copopalhinhas\"},\"image\":{\"@id\":\"https:\/\/dev4copopalhinhas.devdg.pt\/#\/schema\/logo\/image\/\"},\"sameAs\":[\"https:\/\/www.facebook.com\/copopalhinhas\",\"https:\/\/x.com\/copopalhinhas\",\"https:\/\/copopalhinhas.blogspot.pt\/\"]}]}<\/script>\n<!-- \/ Yoast SEO Premium plugin. -->","yoast_head_json":{"title":"COLHER EM PS REUTILIZ\u00c1VEL 16,6CM TRANSPARENTE - Copopalhinhas","description":"Colher em PS Reutiliz\u00e1vel transparente, com 16,6 cm de comprimento. Este utens\u00edlio oferece uma solu\u00e7\u00e3o pr\u00e1tica e sustent\u00e1vel.","robots":{"index":"index","follow":"follow","max-snippet":"max-snippet:-1","max-image-preview":"max-image-preview:large","max-video-preview":"max-video-preview:-1"},"canonical":"https:\/\/dev4copopalhinhas.devdg.pt\/es\/producto\/colher-em-ps-transparente-166cm-reutilizavel\/","og_locale":"es_ES","og_type":"article","og_title":"COLHER EM PS REUTILIZ\u00c1VEL 16,6CM TRANSPARENTE","og_description":"Colher em PS Reutiliz\u00e1vel transparente, com 16,6 cm de comprimento. Este utens\u00edlio oferece uma solu\u00e7\u00e3o pr\u00e1tica e sustent\u00e1vel.","og_url":"https:\/\/dev4copopalhinhas.devdg.pt\/es\/producto\/colher-em-ps-transparente-166cm-reutilizavel\/","og_site_name":"Copopalhinhas","article_publisher":"https:\/\/www.facebook.com\/copopalhinhas","article_modified_time":"2025-10-21T09:08:42+00:00","og_image":[{"width":1000,"height":1000,"url":"https:\/\/copopalhinhas.b-cdn.net\/wp-content\/uploads\/COLHER-TRANSPARENTE-16CM-ALTA-QUALIDADE-B246700-Copopalhinhas-web-1.png","type":"image\/png"}],"twitter_card":"summary_large_image","twitter_site":"@copopalhinhas","schema":{"@context":"https:\/\/schema.org","@graph":[{"@type":"WebPage","@id":"https:\/\/dev4copopalhinhas.devdg.pt\/produto\/colher-em-ps-transparente-166cm-reutilizavel\/","url":"https:\/\/dev4copopalhinhas.devdg.pt\/produto\/colher-em-ps-transparente-166cm-reutilizavel\/","name":"COLHER EM PS REUTILIZ\u00c1VEL 16,6CM TRANSPARENTE - Copopalhinhas","isPartOf":{"@id":"https:\/\/dev4copopalhinhas.devdg.pt\/#website"},"primaryImageOfPage":{"@id":"https:\/\/dev4copopalhinhas.devdg.pt\/produto\/colher-em-ps-transparente-166cm-reutilizavel\/#primaryimage"},"image":{"@id":"https:\/\/dev4copopalhinhas.devdg.pt\/produto\/colher-em-ps-transparente-166cm-reutilizavel\/#primaryimage"},"thumbnailUrl":"https:\/\/dev4copopalhinhas.devdg.pt\/wp-content\/uploads\/COLHER-TRANSPARENTE-16CM-ALTA-QUALIDADE-B246700-Copopalhinhas-web-1.png","datePublished":"2025-03-26T16:24:23+00:00","dateModified":"2025-10-21T09:08:42+00:00","description":"Colher em PS Reutiliz\u00e1vel transparente, com 16,6 cm de comprimento. Este utens\u00edlio oferece uma solu\u00e7\u00e3o pr\u00e1tica e sustent\u00e1vel.","breadcrumb":{"@id":"https:\/\/dev4copopalhinhas.devdg.pt\/produto\/colher-em-ps-transparente-166cm-reutilizavel\/#breadcrumb"},"inLanguage":"es","potentialAction":[{"@type":"ReadAction","target":["https:\/\/dev4copopalhinhas.devdg.pt\/produto\/colher-em-ps-transparente-166cm-reutilizavel\/"]}]},{"@type":"ImageObject","inLanguage":"es","@id":"https:\/\/dev4copopalhinhas.devdg.pt\/produto\/colher-em-ps-transparente-166cm-reutilizavel\/#primaryimage","url":"https:\/\/dev4copopalhinhas.devdg.pt\/wp-content\/uploads\/COLHER-TRANSPARENTE-16CM-ALTA-QUALIDADE-B246700-Copopalhinhas-web-1.png","contentUrl":"https:\/\/dev4copopalhinhas.devdg.pt\/wp-content\/uploads\/COLHER-TRANSPARENTE-16CM-ALTA-QUALIDADE-B246700-Copopalhinhas-web-1.png","width":1000,"height":1000,"caption":"COLHER-TRANSPARENTE-16CM-ALTA-QUALIDADE-B246700-Copopalhinhas-web-1"},{"@type":"BreadcrumbList","@id":"https:\/\/dev4copopalhinhas.devdg.pt\/produto\/colher-em-ps-transparente-166cm-reutilizavel\/#breadcrumb","itemListElement":[{"@type":"ListItem","position":1,"name":"In\u00edcio","item":"https:\/\/dev4copopalhinhas.devdg.pt\/"},{"@type":"ListItem","position":2,"name":"Loja","item":"https:\/\/dev4copopalhinhas.devdg.pt\/loja\/"},{"@type":"ListItem","position":3,"name":"COLHER EM PS REUTILIZ\u00c1VEL 16,6CM TRANSPARENTE"}]},{"@type":"WebSite","@id":"https:\/\/dev4copopalhinhas.devdg.pt\/#website","url":"https:\/\/dev4copopalhinhas.devdg.pt\/","name":"Pajitas para vasos","description":"Os Melhores Pre\u00e7os","publisher":{"@id":"https:\/\/dev4copopalhinhas.devdg.pt\/#organization"},"potentialAction":[{"@type":"SearchAction","target":{"@type":"EntryPoint","urlTemplate":"https:\/\/dev4copopalhinhas.devdg.pt\/?s={search_term_string}"},"query-input":{"@type":"PropertyValueSpecification","valueRequired":true,"valueName":"search_term_string"}}],"inLanguage":"es"},{"@type":"Organization","@id":"https:\/\/dev4copopalhinhas.devdg.pt\/#organization","name":"Pajitas para vasos","url":"https:\/\/dev4copopalhinhas.devdg.pt\/","logo":{"@type":"ImageObject","inLanguage":"es","@id":"https:\/\/dev4copopalhinhas.devdg.pt\/#\/schema\/logo\/image\/","url":"https:\/\/dev4copopalhinhas.devdg.pt\/wp-content\/uploads\/2022\/05\/COPOPALHINHASlogo.png","contentUrl":"https:\/\/dev4copopalhinhas.devdg.pt\/wp-content\/uploads\/2022\/05\/COPOPALHINHASlogo.png","width":1200,"height":323,"caption":"Copopalhinhas"},"image":{"@id":"https:\/\/dev4copopalhinhas.devdg.pt\/#\/schema\/logo\/image\/"},"sameAs":["https:\/\/www.facebook.com\/copopalhinhas","https:\/\/x.com\/copopalhinhas","https:\/\/copopalhinhas.blogspot.pt\/"]}]}},"_links":{"self":[{"href":"https:\/\/dev4copopalhinhas.devdg.pt\/es\/wp-json\/wp\/v2\/product\/65933","targetHints":{"allow":["GET"]}}],"collection":[{"href":"https:\/\/dev4copopalhinhas.devdg.pt\/es\/wp-json\/wp\/v2\/product"}],"about":[{"href":"https:\/\/dev4copopalhinhas.devdg.pt\/es\/wp-json\/wp\/v2\/types\/product"}],"replies":[{"embeddable":true,"href":"https:\/\/dev4copopalhinhas.devdg.pt\/es\/wp-json\/wp\/v2\/comments?post=65933"}],"wp:featuredmedia":[{"embeddable":true,"href":"https:\/\/dev4copopalhinhas.devdg.pt\/es\/wp-json\/wp\/v2\/media\/65979"}],"wp:attachment":[{"href":"https:\/\/dev4copopalhinhas.devdg.pt\/es\/wp-json\/wp\/v2\/media?parent=65933"}],"wp:term":[{"taxonomy":"product_cat","embeddable":true,"href":"https:\/\/dev4copopalhinhas.devdg.pt\/es\/wp-json\/wp\/v2\/product_cat?post=65933"},{"taxonomy":"product_tag","embeddable":true,"href":"https:\/\/dev4copopalhinhas.devdg.pt\/es\/wp-json\/wp\/v2\/product_tag?post=65933"}],"curies":[{"name":"wp","href":"https:\/\/api.w.org\/{rel}","templated":true}]}}