{"id":66147,"date":"2025-03-31T12:41:01","date_gmt":"2025-03-31T11:41:01","guid":{"rendered":"https:\/\/dev4copopalhinhas.devdg.pt\/?post_type=product&#038;p=66147"},"modified":"2025-09-27T11:25:53","modified_gmt":"2025-09-27T10:25:53","slug":"embalagem-em-pet-transparente-com-tampa-incorporada-188x239x99cm-para-fruta","status":"publish","type":"product","link":"https:\/\/dev4copopalhinhas.devdg.pt\/es\/producto\/embalagem-em-pet-transparente-com-tampa-incorporada-188x239x99cm-para-fruta\/","title":{"rendered":"ENVASE DE FRUTA EN PET TRANSPARENTE CON TAPA INCORPORADA 1L"},"content":{"rendered":"<h4>EMBALAGEM PAR FRUTA EM PET TRANSPARENTE COM TAMPA INCORPORADA 18,8&#215;23,9&#215;9,9CM<\/h4>\n<p>Esta embalagem em PET transparente com tampa incorporada, capacidade de 1L, \u00e9 ideal para o transporte e apresenta\u00e7\u00e3o de fruta fresca, como morangos, mirtilos, framboesas, ameixas, uvas, tomate cherry, cogumelos e outras frutas ou legumes pequenos. O seu design resistente e leve garante prote\u00e7\u00e3o durante o manuseamento, enquanto a transpar\u00eancia real\u00e7a a frescura e qualidade do produto. Perfeita para supermercados, mercados e venda direta ao consumidor.<\/p>\n<h4>Vantagens da Embalagem:<\/h4>\n<ul>\n<li>Transparente \u2192 Destaca a frescura e cor da fruta, incentivando a compra.<\/li>\n<li>Tampa incorporada \u2192 Maior praticidade no transporte e conserva\u00e7\u00e3o.<\/li>\n<li>Material PET \u2192 Resistente, leve e recicl\u00e1vel.<\/li>\n<li>Ideal para takeaway e supermercados \u2192 Mant\u00e9m a fruta protegida e fresca por mais tempo.<\/li>\n<li>Empilh\u00e1vel \u2192 Assegura economia de espa\u00e7o.<\/li>\n<\/ul>","protected":false},"excerpt":{"rendered":"<p>Embalagem para fruta em PET transparente com tampa incorporada (18,8 x 23,9 x 9,9 cm), capacidade de 1L, \u00e9 ideal para armazenar, transportar e apresentar fruta de forma pr\u00e1tica e higi\u00e9nica.<\/p>","protected":false},"featured_media":66169,"comment_status":"open","ping_status":"closed","template":"","meta":{"_acf_changed":false},"product_cat":[2010,2047,2236,2249,1718,1512,1892,1397],"product_tag":[1569,1604,1608],"class_list":{"0":"post-66147","1":"product","2":"type-product","3":"status-publish","4":"has-post-thumbnail","6":"product_cat-embalagens-descartaveis","7":"product_cat-embalagens-pp-ps-rpet","8":"product_cat-pet-2","9":"product_cat-take-away","10":"product_cat-transparente","11":"product_cat-descartavel","12":"product_cat-pet","13":"product_cat-embalagens","14":"product_tag-menu-descartaveis","15":"product_tag-sub-menu-embalagens-descartaveis","16":"product_tag-sub-menu-emalagens-pp-ps-pet","17":"pa_qtd-por-caixa-281","18":"pa_qtd-por-caixa-1277","19":"tm-no-options","21":"first","22":"instock","23":"taxable","24":"shipping-taxable","25":"purchasable","26":"product-type-variable"},"acf":[],"yoast_head":"<!-- This site is optimized with the Yoast SEO Premium plugin v23.9 (Yoast SEO v23.9) - https:\/\/yoast.com\/wordpress\/plugins\/seo\/ -->\n<title>EMBALAGEM PARA FRUTA EM PET TRANSPARENTE COM TAMPA INCORPORADA 1L - Copopalhinhas<\/title>\n<meta name=\"description\" content=\"Embalagem em PET transparente com tampa incorporada (18,8 x 23,9 x 9,9 cm) \u00e9 ideal para armazenar, transportar e apresentar fruta de forma pr\u00e1tica.\" \/>\n<meta name=\"robots\" content=\"index, follow, max-snippet:-1, max-image-preview:large, max-video-preview:-1\" \/>\n<link rel=\"canonical\" href=\"https:\/\/dev4copopalhinhas.devdg.pt\/es\/producto\/embalagem-em-pet-transparente-com-tampa-incorporada-188x239x99cm-para-fruta\/\" \/>\n<meta property=\"og:locale\" content=\"es_ES\" \/>\n<meta property=\"og:type\" content=\"article\" \/>\n<meta property=\"og:title\" content=\"EMBALAGEM PARA FRUTA EM PET TRANSPARENTE COM TAMPA INCORPORADA 1L\" \/>\n<meta property=\"og:description\" content=\"Embalagem em PET transparente com tampa incorporada (18,8 x 23,9 x 9,9 cm) \u00e9 ideal para armazenar, transportar e apresentar fruta de forma pr\u00e1tica.\" \/>\n<meta property=\"og:url\" content=\"https:\/\/dev4copopalhinhas.devdg.pt\/es\/producto\/embalagem-em-pet-transparente-com-tampa-incorporada-188x239x99cm-para-fruta\/\" \/>\n<meta property=\"og:site_name\" content=\"Copopalhinhas\" \/>\n<meta property=\"article:publisher\" content=\"https:\/\/www.facebook.com\/copopalhinhas\" \/>\n<meta property=\"article:modified_time\" content=\"2025-09-27T10:25:53+00:00\" \/>\n<meta property=\"og:image\" content=\"https:\/\/copopalhinhas.b-cdn.net\/wp-content\/uploads\/EMBALAGEM-EM-PET-TRANSPARENTE-COM-TAMPA-INCORPORADA-188x239x99CM-PARA-FRUTA-AAL-016-Copopalhinhas-web-2.png\" \/>\n\t<meta property=\"og:image:width\" content=\"1000\" \/>\n\t<meta property=\"og:image:height\" content=\"1000\" \/>\n\t<meta property=\"og:image:type\" content=\"image\/png\" \/>\n<meta name=\"twitter:card\" content=\"summary_large_image\" \/>\n<meta name=\"twitter:site\" content=\"@copopalhinhas\" \/>\n<script type=\"application\/ld+json\" class=\"yoast-schema-graph\">{\"@context\":\"https:\/\/schema.org\",\"@graph\":[{\"@type\":\"WebPage\",\"@id\":\"https:\/\/dev4copopalhinhas.devdg.pt\/produto\/embalagem-em-pet-transparente-com-tampa-incorporada-188x239x99cm-para-fruta\/\",\"url\":\"https:\/\/dev4copopalhinhas.devdg.pt\/produto\/embalagem-em-pet-transparente-com-tampa-incorporada-188x239x99cm-para-fruta\/\",\"name\":\"EMBALAGEM PARA FRUTA EM PET TRANSPARENTE COM TAMPA INCORPORADA 1L - Copopalhinhas\",\"isPartOf\":{\"@id\":\"https:\/\/dev4copopalhinhas.devdg.pt\/#website\"},\"primaryImageOfPage\":{\"@id\":\"https:\/\/dev4copopalhinhas.devdg.pt\/produto\/embalagem-em-pet-transparente-com-tampa-incorporada-188x239x99cm-para-fruta\/#primaryimage\"},\"image\":{\"@id\":\"https:\/\/dev4copopalhinhas.devdg.pt\/produto\/embalagem-em-pet-transparente-com-tampa-incorporada-188x239x99cm-para-fruta\/#primaryimage\"},\"thumbnailUrl\":\"https:\/\/dev4copopalhinhas.devdg.pt\/wp-content\/uploads\/EMBALAGEM-EM-PET-TRANSPARENTE-COM-TAMPA-INCORPORADA-188x239x99CM-PARA-FRUTA-AAL-016-Copopalhinhas-web-2.png\",\"datePublished\":\"2025-03-31T11:41:01+00:00\",\"dateModified\":\"2025-09-27T10:25:53+00:00\",\"description\":\"Embalagem em PET transparente com tampa incorporada (18,8 x 23,9 x 9,9 cm) \u00e9 ideal para armazenar, transportar e apresentar fruta de forma pr\u00e1tica.\",\"breadcrumb\":{\"@id\":\"https:\/\/dev4copopalhinhas.devdg.pt\/produto\/embalagem-em-pet-transparente-com-tampa-incorporada-188x239x99cm-para-fruta\/#breadcrumb\"},\"inLanguage\":\"es\",\"potentialAction\":[{\"@type\":\"ReadAction\",\"target\":[\"https:\/\/dev4copopalhinhas.devdg.pt\/produto\/embalagem-em-pet-transparente-com-tampa-incorporada-188x239x99cm-para-fruta\/\"]}]},{\"@type\":\"ImageObject\",\"inLanguage\":\"es\",\"@id\":\"https:\/\/dev4copopalhinhas.devdg.pt\/produto\/embalagem-em-pet-transparente-com-tampa-incorporada-188x239x99cm-para-fruta\/#primaryimage\",\"url\":\"https:\/\/dev4copopalhinhas.devdg.pt\/wp-content\/uploads\/EMBALAGEM-EM-PET-TRANSPARENTE-COM-TAMPA-INCORPORADA-188x239x99CM-PARA-FRUTA-AAL-016-Copopalhinhas-web-2.png\",\"contentUrl\":\"https:\/\/dev4copopalhinhas.devdg.pt\/wp-content\/uploads\/EMBALAGEM-EM-PET-TRANSPARENTE-COM-TAMPA-INCORPORADA-188x239x99CM-PARA-FRUTA-AAL-016-Copopalhinhas-web-2.png\",\"width\":1000,\"height\":1000,\"caption\":\"EMBALAGEM EM PET TRANSPARENTE COM TAMPA INCORPORADA 18,8x23,9x9,9CM PARA FRUTA-AAL-016-Copopalhinhas-web-2\"},{\"@type\":\"BreadcrumbList\",\"@id\":\"https:\/\/dev4copopalhinhas.devdg.pt\/produto\/embalagem-em-pet-transparente-com-tampa-incorporada-188x239x99cm-para-fruta\/#breadcrumb\",\"itemListElement\":[{\"@type\":\"ListItem\",\"position\":1,\"name\":\"In\u00edcio\",\"item\":\"https:\/\/dev4copopalhinhas.devdg.pt\/\"},{\"@type\":\"ListItem\",\"position\":2,\"name\":\"Loja\",\"item\":\"https:\/\/dev4copopalhinhas.devdg.pt\/loja\/\"},{\"@type\":\"ListItem\",\"position\":3,\"name\":\"EMBALAGEM PARA FRUTA EM PET TRANSPARENTE COM TAMPA INCORPORADA 1L\"}]},{\"@type\":\"WebSite\",\"@id\":\"https:\/\/dev4copopalhinhas.devdg.pt\/#website\",\"url\":\"https:\/\/dev4copopalhinhas.devdg.pt\/\",\"name\":\"Copopalhinhas\",\"description\":\"Os Melhores Pre\u00e7os\",\"publisher\":{\"@id\":\"https:\/\/dev4copopalhinhas.devdg.pt\/#organization\"},\"potentialAction\":[{\"@type\":\"SearchAction\",\"target\":{\"@type\":\"EntryPoint\",\"urlTemplate\":\"https:\/\/dev4copopalhinhas.devdg.pt\/?s={search_term_string}\"},\"query-input\":{\"@type\":\"PropertyValueSpecification\",\"valueRequired\":true,\"valueName\":\"search_term_string\"}}],\"inLanguage\":\"es\"},{\"@type\":\"Organization\",\"@id\":\"https:\/\/dev4copopalhinhas.devdg.pt\/#organization\",\"name\":\"Copopalhinhas\",\"url\":\"https:\/\/dev4copopalhinhas.devdg.pt\/\",\"logo\":{\"@type\":\"ImageObject\",\"inLanguage\":\"es\",\"@id\":\"https:\/\/dev4copopalhinhas.devdg.pt\/#\/schema\/logo\/image\/\",\"url\":\"https:\/\/dev4copopalhinhas.devdg.pt\/wp-content\/uploads\/2022\/05\/COPOPALHINHASlogo.png\",\"contentUrl\":\"https:\/\/dev4copopalhinhas.devdg.pt\/wp-content\/uploads\/2022\/05\/COPOPALHINHASlogo.png\",\"width\":1200,\"height\":323,\"caption\":\"Copopalhinhas\"},\"image\":{\"@id\":\"https:\/\/dev4copopalhinhas.devdg.pt\/#\/schema\/logo\/image\/\"},\"sameAs\":[\"https:\/\/www.facebook.com\/copopalhinhas\",\"https:\/\/x.com\/copopalhinhas\",\"https:\/\/copopalhinhas.blogspot.pt\/\"]}]}<\/script>\n<!-- \/ Yoast SEO Premium plugin. -->","yoast_head_json":{"title":"EMBALAGEM PARA FRUTA EM PET TRANSPARENTE COM TAMPA INCORPORADA 1L - Copopalhinhas","description":"Embalagem em PET transparente com tampa incorporada (18,8 x 23,9 x 9,9 cm) \u00e9 ideal para armazenar, transportar e apresentar fruta de forma pr\u00e1tica.","robots":{"index":"index","follow":"follow","max-snippet":"max-snippet:-1","max-image-preview":"max-image-preview:large","max-video-preview":"max-video-preview:-1"},"canonical":"https:\/\/dev4copopalhinhas.devdg.pt\/es\/producto\/embalagem-em-pet-transparente-com-tampa-incorporada-188x239x99cm-para-fruta\/","og_locale":"es_ES","og_type":"article","og_title":"EMBALAGEM PARA FRUTA EM PET TRANSPARENTE COM TAMPA INCORPORADA 1L","og_description":"Embalagem em PET transparente com tampa incorporada (18,8 x 23,9 x 9,9 cm) \u00e9 ideal para armazenar, transportar e apresentar fruta de forma pr\u00e1tica.","og_url":"https:\/\/dev4copopalhinhas.devdg.pt\/es\/producto\/embalagem-em-pet-transparente-com-tampa-incorporada-188x239x99cm-para-fruta\/","og_site_name":"Copopalhinhas","article_publisher":"https:\/\/www.facebook.com\/copopalhinhas","article_modified_time":"2025-09-27T10:25:53+00:00","og_image":[{"width":1000,"height":1000,"url":"https:\/\/copopalhinhas.b-cdn.net\/wp-content\/uploads\/EMBALAGEM-EM-PET-TRANSPARENTE-COM-TAMPA-INCORPORADA-188x239x99CM-PARA-FRUTA-AAL-016-Copopalhinhas-web-2.png","type":"image\/png"}],"twitter_card":"summary_large_image","twitter_site":"@copopalhinhas","schema":{"@context":"https:\/\/schema.org","@graph":[{"@type":"WebPage","@id":"https:\/\/dev4copopalhinhas.devdg.pt\/produto\/embalagem-em-pet-transparente-com-tampa-incorporada-188x239x99cm-para-fruta\/","url":"https:\/\/dev4copopalhinhas.devdg.pt\/produto\/embalagem-em-pet-transparente-com-tampa-incorporada-188x239x99cm-para-fruta\/","name":"EMBALAGEM PARA FRUTA EM PET TRANSPARENTE COM TAMPA INCORPORADA 1L - Copopalhinhas","isPartOf":{"@id":"https:\/\/dev4copopalhinhas.devdg.pt\/#website"},"primaryImageOfPage":{"@id":"https:\/\/dev4copopalhinhas.devdg.pt\/produto\/embalagem-em-pet-transparente-com-tampa-incorporada-188x239x99cm-para-fruta\/#primaryimage"},"image":{"@id":"https:\/\/dev4copopalhinhas.devdg.pt\/produto\/embalagem-em-pet-transparente-com-tampa-incorporada-188x239x99cm-para-fruta\/#primaryimage"},"thumbnailUrl":"https:\/\/dev4copopalhinhas.devdg.pt\/wp-content\/uploads\/EMBALAGEM-EM-PET-TRANSPARENTE-COM-TAMPA-INCORPORADA-188x239x99CM-PARA-FRUTA-AAL-016-Copopalhinhas-web-2.png","datePublished":"2025-03-31T11:41:01+00:00","dateModified":"2025-09-27T10:25:53+00:00","description":"Embalagem em PET transparente com tampa incorporada (18,8 x 23,9 x 9,9 cm) \u00e9 ideal para armazenar, transportar e apresentar fruta de forma pr\u00e1tica.","breadcrumb":{"@id":"https:\/\/dev4copopalhinhas.devdg.pt\/produto\/embalagem-em-pet-transparente-com-tampa-incorporada-188x239x99cm-para-fruta\/#breadcrumb"},"inLanguage":"es","potentialAction":[{"@type":"ReadAction","target":["https:\/\/dev4copopalhinhas.devdg.pt\/produto\/embalagem-em-pet-transparente-com-tampa-incorporada-188x239x99cm-para-fruta\/"]}]},{"@type":"ImageObject","inLanguage":"es","@id":"https:\/\/dev4copopalhinhas.devdg.pt\/produto\/embalagem-em-pet-transparente-com-tampa-incorporada-188x239x99cm-para-fruta\/#primaryimage","url":"https:\/\/dev4copopalhinhas.devdg.pt\/wp-content\/uploads\/EMBALAGEM-EM-PET-TRANSPARENTE-COM-TAMPA-INCORPORADA-188x239x99CM-PARA-FRUTA-AAL-016-Copopalhinhas-web-2.png","contentUrl":"https:\/\/dev4copopalhinhas.devdg.pt\/wp-content\/uploads\/EMBALAGEM-EM-PET-TRANSPARENTE-COM-TAMPA-INCORPORADA-188x239x99CM-PARA-FRUTA-AAL-016-Copopalhinhas-web-2.png","width":1000,"height":1000,"caption":"EMBALAGEM EM PET TRANSPARENTE COM TAMPA INCORPORADA 18,8x23,9x9,9CM PARA FRUTA-AAL-016-Copopalhinhas-web-2"},{"@type":"BreadcrumbList","@id":"https:\/\/dev4copopalhinhas.devdg.pt\/produto\/embalagem-em-pet-transparente-com-tampa-incorporada-188x239x99cm-para-fruta\/#breadcrumb","itemListElement":[{"@type":"ListItem","position":1,"name":"In\u00edcio","item":"https:\/\/dev4copopalhinhas.devdg.pt\/"},{"@type":"ListItem","position":2,"name":"Loja","item":"https:\/\/dev4copopalhinhas.devdg.pt\/loja\/"},{"@type":"ListItem","position":3,"name":"EMBALAGEM PARA FRUTA EM PET TRANSPARENTE COM TAMPA INCORPORADA 1L"}]},{"@type":"WebSite","@id":"https:\/\/dev4copopalhinhas.devdg.pt\/#website","url":"https:\/\/dev4copopalhinhas.devdg.pt\/","name":"Pajitas para vasos","description":"Os Melhores Pre\u00e7os","publisher":{"@id":"https:\/\/dev4copopalhinhas.devdg.pt\/#organization"},"potentialAction":[{"@type":"SearchAction","target":{"@type":"EntryPoint","urlTemplate":"https:\/\/dev4copopalhinhas.devdg.pt\/?s={search_term_string}"},"query-input":{"@type":"PropertyValueSpecification","valueRequired":true,"valueName":"search_term_string"}}],"inLanguage":"es"},{"@type":"Organization","@id":"https:\/\/dev4copopalhinhas.devdg.pt\/#organization","name":"Pajitas para vasos","url":"https:\/\/dev4copopalhinhas.devdg.pt\/","logo":{"@type":"ImageObject","inLanguage":"es","@id":"https:\/\/dev4copopalhinhas.devdg.pt\/#\/schema\/logo\/image\/","url":"https:\/\/dev4copopalhinhas.devdg.pt\/wp-content\/uploads\/2022\/05\/COPOPALHINHASlogo.png","contentUrl":"https:\/\/dev4copopalhinhas.devdg.pt\/wp-content\/uploads\/2022\/05\/COPOPALHINHASlogo.png","width":1200,"height":323,"caption":"Copopalhinhas"},"image":{"@id":"https:\/\/dev4copopalhinhas.devdg.pt\/#\/schema\/logo\/image\/"},"sameAs":["https:\/\/www.facebook.com\/copopalhinhas","https:\/\/x.com\/copopalhinhas","https:\/\/copopalhinhas.blogspot.pt\/"]}]}},"_links":{"self":[{"href":"https:\/\/dev4copopalhinhas.devdg.pt\/es\/wp-json\/wp\/v2\/product\/66147","targetHints":{"allow":["GET"]}}],"collection":[{"href":"https:\/\/dev4copopalhinhas.devdg.pt\/es\/wp-json\/wp\/v2\/product"}],"about":[{"href":"https:\/\/dev4copopalhinhas.devdg.pt\/es\/wp-json\/wp\/v2\/types\/product"}],"replies":[{"embeddable":true,"href":"https:\/\/dev4copopalhinhas.devdg.pt\/es\/wp-json\/wp\/v2\/comments?post=66147"}],"wp:featuredmedia":[{"embeddable":true,"href":"https:\/\/dev4copopalhinhas.devdg.pt\/es\/wp-json\/wp\/v2\/media\/66169"}],"wp:attachment":[{"href":"https:\/\/dev4copopalhinhas.devdg.pt\/es\/wp-json\/wp\/v2\/media?parent=66147"}],"wp:term":[{"taxonomy":"product_cat","embeddable":true,"href":"https:\/\/dev4copopalhinhas.devdg.pt\/es\/wp-json\/wp\/v2\/product_cat?post=66147"},{"taxonomy":"product_tag","embeddable":true,"href":"https:\/\/dev4copopalhinhas.devdg.pt\/es\/wp-json\/wp\/v2\/product_tag?post=66147"}],"curies":[{"name":"wp","href":"https:\/\/api.w.org\/{rel}","templated":true}]}}