{"id":66199,"date":"2025-04-01T09:33:28","date_gmt":"2025-04-01T08:33:28","guid":{"rendered":"https:\/\/dev4copopalhinhas.devdg.pt\/?post_type=product&#038;p=66199"},"modified":"2025-10-13T09:50:26","modified_gmt":"2025-10-13T08:50:26","slug":"bandeja-em-pp-preto-com-tampa-204x25x4cm-para-comida-individual","status":"publish","type":"product","link":"https:\/\/dev4copopalhinhas.devdg.pt\/es\/producto\/bandeja-em-pp-preto-com-tampa-204x25x4cm-para-comida-individual\/","title":{"rendered":"BANDEJA PP NEGRA CON TAPA 20,4x25x4CM PARA COMIDA INDIVIDUAL"},"content":{"rendered":"<h4>BANDEJA PP NEGRA CON TAPA 20,4x25x4CM PARA COMIDA INDIVIDUAL<\/h4>\n<p>A bandeja em PP preto com tampa (20,4 x 25 x 4 cm) \u00e9 ideal para o transporte e apresenta\u00e7\u00e3o de refei\u00e7\u00f5es individuais. Fabricada em polipropileno (PP), um material resistente e seguro para alimentos, esta embalagem mant\u00e9m a comida fresca e protegida.<\/p>\n<h4>Caracter\u00edsticas e Vantagens:<\/h4>\n<ul>\n<li>Material resistente (PP) \u2192 Suporta alimentos quentes e frios.<\/li>\n<li>Tampa segura \u2192 Facilita o transporte sem derrames.<\/li>\n<li>Design elegante em preto \u2192\u00a0Real\u00e7a a apresenta\u00e7\u00e3o das refei\u00e7\u00f5es.<\/li>\n<li>Tampa transparente \u2192 Para uma apresenta\u00e7\u00e3o apelativa.<\/li>\n<li>Ideal para takeaway e delivery \u2192 Perfeita para restaurantes, cafetarias e servi\u00e7o de refei\u00e7\u00f5es prontas.<\/li>\n<li>Apto para micro-ondas.<\/li>\n<li>Suporte temperaturas entre 0\u00baC a +100\u00baC.<\/li>\n<\/ul>\n<p>Uma solu\u00e7\u00e3o pr\u00e1tica e funcional para garantir qualidade e conveni\u00eancia na entrega de comida.<\/p>","protected":false},"excerpt":{"rendered":"<p>A bandeja em PP preto com tampa (20,4 x 25 x 4 cm) \u00e9 ideal para o transporte e apresenta\u00e7\u00e3o de refei\u00e7\u00f5es individuais. Fabricada em polipropileno (PP), um material resistente e seguro para alimentos, esta embalagem mant\u00e9m a comida fresca e protegida. Apto para micro-ondas.<\/p>","protected":false},"featured_media":66246,"comment_status":"open","ping_status":"closed","template":"","meta":{"_acf_changed":false},"product_cat":[2010,2047,2076,2249,1717,1512,1432,1397],"product_tag":[1569,1604,1608],"class_list":{"0":"post-66199","1":"product","2":"type-product","3":"status-publish","4":"has-post-thumbnail","6":"product_cat-embalagens-descartaveis","7":"product_cat-embalagens-pp-ps-rpet","8":"product_cat-pp","9":"product_cat-take-away","10":"product_cat-preto","11":"product_cat-descartavel","12":"product_cat-materia-prima-pp","13":"product_cat-embalagens","14":"product_tag-menu-descartaveis","15":"product_tag-sub-menu-embalagens-descartaveis","16":"product_tag-sub-menu-emalagens-pp-ps-pet","17":"pa_qtd-por-caixa-281","18":"pa_qtd-por-caixa-1281","19":"tm-no-options","21":"first","22":"instock","23":"taxable","24":"shipping-taxable","25":"purchasable","26":"product-type-variable"},"acf":[],"yoast_head":"<!-- This site is optimized with the Yoast SEO Premium plugin v23.9 (Yoast SEO v23.9) - https:\/\/yoast.com\/wordpress\/plugins\/seo\/ -->\n<title>BANDEJA EM PP PRETO COM TAMPA 20,4x25x4CM PARA COMIDA INDIVIDUAL - Copopalhinhas<\/title>\n<meta name=\"description\" content=\"A bandeja em PP preto com tampa \u00e9 ideal para o transporte de refei\u00e7\u00f5es. Fabricada em polipropileno (PP), um material seguro para alimentos.\" \/>\n<meta name=\"robots\" content=\"index, follow, max-snippet:-1, max-image-preview:large, max-video-preview:-1\" \/>\n<link rel=\"canonical\" href=\"https:\/\/dev4copopalhinhas.devdg.pt\/es\/producto\/bandeja-em-pp-preto-com-tampa-204x25x4cm-para-comida-individual\/\" \/>\n<meta property=\"og:locale\" content=\"es_ES\" \/>\n<meta property=\"og:type\" content=\"article\" \/>\n<meta property=\"og:title\" content=\"BANDEJA EM PP PRETO COM TAMPA 20,4x25x4CM PARA COMIDA INDIVIDUAL\" \/>\n<meta property=\"og:description\" content=\"A bandeja em PP preto com tampa \u00e9 ideal para o transporte de refei\u00e7\u00f5es. Fabricada em polipropileno (PP), um material seguro para alimentos.\" \/>\n<meta property=\"og:url\" content=\"https:\/\/dev4copopalhinhas.devdg.pt\/es\/producto\/bandeja-em-pp-preto-com-tampa-204x25x4cm-para-comida-individual\/\" \/>\n<meta property=\"og:site_name\" content=\"Copopalhinhas\" \/>\n<meta property=\"article:publisher\" content=\"https:\/\/www.facebook.com\/copopalhinhas\" \/>\n<meta property=\"article:modified_time\" content=\"2025-10-13T08:50:26+00:00\" \/>\n<meta property=\"og:image\" content=\"https:\/\/copopalhinhas.b-cdn.net\/wp-content\/uploads\/BANDEJA-EM-PP-PRETO-COM-TAMPA-204x25x3CM-PARA-COMIDA-INDIVIDUAL-AALPP-842B841L-Copopalhinhas-web1.png\" \/>\n\t<meta property=\"og:image:width\" content=\"1000\" \/>\n\t<meta property=\"og:image:height\" content=\"1000\" \/>\n\t<meta property=\"og:image:type\" content=\"image\/png\" \/>\n<meta name=\"twitter:card\" content=\"summary_large_image\" \/>\n<meta name=\"twitter:site\" content=\"@copopalhinhas\" \/>\n<script type=\"application\/ld+json\" class=\"yoast-schema-graph\">{\"@context\":\"https:\/\/schema.org\",\"@graph\":[{\"@type\":\"WebPage\",\"@id\":\"https:\/\/dev4copopalhinhas.devdg.pt\/produto\/bandeja-em-pp-preto-com-tampa-204x25x4cm-para-comida-individual\/\",\"url\":\"https:\/\/dev4copopalhinhas.devdg.pt\/produto\/bandeja-em-pp-preto-com-tampa-204x25x4cm-para-comida-individual\/\",\"name\":\"BANDEJA EM PP PRETO COM TAMPA 20,4x25x4CM PARA COMIDA INDIVIDUAL - Copopalhinhas\",\"isPartOf\":{\"@id\":\"https:\/\/dev4copopalhinhas.devdg.pt\/#website\"},\"primaryImageOfPage\":{\"@id\":\"https:\/\/dev4copopalhinhas.devdg.pt\/produto\/bandeja-em-pp-preto-com-tampa-204x25x4cm-para-comida-individual\/#primaryimage\"},\"image\":{\"@id\":\"https:\/\/dev4copopalhinhas.devdg.pt\/produto\/bandeja-em-pp-preto-com-tampa-204x25x4cm-para-comida-individual\/#primaryimage\"},\"thumbnailUrl\":\"https:\/\/dev4copopalhinhas.devdg.pt\/wp-content\/uploads\/BANDEJA-EM-PP-PRETO-COM-TAMPA-204x25x3CM-PARA-COMIDA-INDIVIDUAL-AALPP-842B841L-Copopalhinhas-web1.png\",\"datePublished\":\"2025-04-01T08:33:28+00:00\",\"dateModified\":\"2025-10-13T08:50:26+00:00\",\"description\":\"A bandeja em PP preto com tampa \u00e9 ideal para o transporte de refei\u00e7\u00f5es. Fabricada em polipropileno (PP), um material seguro para alimentos.\",\"breadcrumb\":{\"@id\":\"https:\/\/dev4copopalhinhas.devdg.pt\/produto\/bandeja-em-pp-preto-com-tampa-204x25x4cm-para-comida-individual\/#breadcrumb\"},\"inLanguage\":\"es\",\"potentialAction\":[{\"@type\":\"ReadAction\",\"target\":[\"https:\/\/dev4copopalhinhas.devdg.pt\/produto\/bandeja-em-pp-preto-com-tampa-204x25x4cm-para-comida-individual\/\"]}]},{\"@type\":\"ImageObject\",\"inLanguage\":\"es\",\"@id\":\"https:\/\/dev4copopalhinhas.devdg.pt\/produto\/bandeja-em-pp-preto-com-tampa-204x25x4cm-para-comida-individual\/#primaryimage\",\"url\":\"https:\/\/dev4copopalhinhas.devdg.pt\/wp-content\/uploads\/BANDEJA-EM-PP-PRETO-COM-TAMPA-204x25x3CM-PARA-COMIDA-INDIVIDUAL-AALPP-842B841L-Copopalhinhas-web1.png\",\"contentUrl\":\"https:\/\/dev4copopalhinhas.devdg.pt\/wp-content\/uploads\/BANDEJA-EM-PP-PRETO-COM-TAMPA-204x25x3CM-PARA-COMIDA-INDIVIDUAL-AALPP-842B841L-Copopalhinhas-web1.png\",\"width\":1000,\"height\":1000,\"caption\":\"BANDEJA EM PP PRETO COM TAMPA 20,4x25x3CM PARA COMIDA INDIVIDUAL-AALPP-842B+841L-Copopalhinhas-web1\"},{\"@type\":\"BreadcrumbList\",\"@id\":\"https:\/\/dev4copopalhinhas.devdg.pt\/produto\/bandeja-em-pp-preto-com-tampa-204x25x4cm-para-comida-individual\/#breadcrumb\",\"itemListElement\":[{\"@type\":\"ListItem\",\"position\":1,\"name\":\"In\u00edcio\",\"item\":\"https:\/\/dev4copopalhinhas.devdg.pt\/\"},{\"@type\":\"ListItem\",\"position\":2,\"name\":\"Loja\",\"item\":\"https:\/\/dev4copopalhinhas.devdg.pt\/loja\/\"},{\"@type\":\"ListItem\",\"position\":3,\"name\":\"BANDEJA EM PP PRETO COM TAMPA 20,4x25x4CM PARA COMIDA INDIVIDUAL\"}]},{\"@type\":\"WebSite\",\"@id\":\"https:\/\/dev4copopalhinhas.devdg.pt\/#website\",\"url\":\"https:\/\/dev4copopalhinhas.devdg.pt\/\",\"name\":\"Copopalhinhas\",\"description\":\"Os Melhores Pre\u00e7os\",\"publisher\":{\"@id\":\"https:\/\/dev4copopalhinhas.devdg.pt\/#organization\"},\"potentialAction\":[{\"@type\":\"SearchAction\",\"target\":{\"@type\":\"EntryPoint\",\"urlTemplate\":\"https:\/\/dev4copopalhinhas.devdg.pt\/?s={search_term_string}\"},\"query-input\":{\"@type\":\"PropertyValueSpecification\",\"valueRequired\":true,\"valueName\":\"search_term_string\"}}],\"inLanguage\":\"es\"},{\"@type\":\"Organization\",\"@id\":\"https:\/\/dev4copopalhinhas.devdg.pt\/#organization\",\"name\":\"Copopalhinhas\",\"url\":\"https:\/\/dev4copopalhinhas.devdg.pt\/\",\"logo\":{\"@type\":\"ImageObject\",\"inLanguage\":\"es\",\"@id\":\"https:\/\/dev4copopalhinhas.devdg.pt\/#\/schema\/logo\/image\/\",\"url\":\"https:\/\/dev4copopalhinhas.devdg.pt\/wp-content\/uploads\/2022\/05\/COPOPALHINHASlogo.png\",\"contentUrl\":\"https:\/\/dev4copopalhinhas.devdg.pt\/wp-content\/uploads\/2022\/05\/COPOPALHINHASlogo.png\",\"width\":1200,\"height\":323,\"caption\":\"Copopalhinhas\"},\"image\":{\"@id\":\"https:\/\/dev4copopalhinhas.devdg.pt\/#\/schema\/logo\/image\/\"},\"sameAs\":[\"https:\/\/www.facebook.com\/copopalhinhas\",\"https:\/\/x.com\/copopalhinhas\",\"https:\/\/copopalhinhas.blogspot.pt\/\"]}]}<\/script>\n<!-- \/ Yoast SEO Premium plugin. -->","yoast_head_json":{"title":"BANDEJA EM PP PRETO COM TAMPA 20,4x25x4CM PARA COMIDA INDIVIDUAL - Copopalhinhas","description":"A bandeja em PP preto com tampa \u00e9 ideal para o transporte de refei\u00e7\u00f5es. Fabricada em polipropileno (PP), um material seguro para alimentos.","robots":{"index":"index","follow":"follow","max-snippet":"max-snippet:-1","max-image-preview":"max-image-preview:large","max-video-preview":"max-video-preview:-1"},"canonical":"https:\/\/dev4copopalhinhas.devdg.pt\/es\/producto\/bandeja-em-pp-preto-com-tampa-204x25x4cm-para-comida-individual\/","og_locale":"es_ES","og_type":"article","og_title":"BANDEJA EM PP PRETO COM TAMPA 20,4x25x4CM PARA COMIDA INDIVIDUAL","og_description":"A bandeja em PP preto com tampa \u00e9 ideal para o transporte de refei\u00e7\u00f5es. Fabricada em polipropileno (PP), um material seguro para alimentos.","og_url":"https:\/\/dev4copopalhinhas.devdg.pt\/es\/producto\/bandeja-em-pp-preto-com-tampa-204x25x4cm-para-comida-individual\/","og_site_name":"Copopalhinhas","article_publisher":"https:\/\/www.facebook.com\/copopalhinhas","article_modified_time":"2025-10-13T08:50:26+00:00","og_image":[{"width":1000,"height":1000,"url":"https:\/\/copopalhinhas.b-cdn.net\/wp-content\/uploads\/BANDEJA-EM-PP-PRETO-COM-TAMPA-204x25x3CM-PARA-COMIDA-INDIVIDUAL-AALPP-842B841L-Copopalhinhas-web1.png","type":"image\/png"}],"twitter_card":"summary_large_image","twitter_site":"@copopalhinhas","schema":{"@context":"https:\/\/schema.org","@graph":[{"@type":"WebPage","@id":"https:\/\/dev4copopalhinhas.devdg.pt\/produto\/bandeja-em-pp-preto-com-tampa-204x25x4cm-para-comida-individual\/","url":"https:\/\/dev4copopalhinhas.devdg.pt\/produto\/bandeja-em-pp-preto-com-tampa-204x25x4cm-para-comida-individual\/","name":"BANDEJA EM PP PRETO COM TAMPA 20,4x25x4CM PARA COMIDA INDIVIDUAL - Copopalhinhas","isPartOf":{"@id":"https:\/\/dev4copopalhinhas.devdg.pt\/#website"},"primaryImageOfPage":{"@id":"https:\/\/dev4copopalhinhas.devdg.pt\/produto\/bandeja-em-pp-preto-com-tampa-204x25x4cm-para-comida-individual\/#primaryimage"},"image":{"@id":"https:\/\/dev4copopalhinhas.devdg.pt\/produto\/bandeja-em-pp-preto-com-tampa-204x25x4cm-para-comida-individual\/#primaryimage"},"thumbnailUrl":"https:\/\/dev4copopalhinhas.devdg.pt\/wp-content\/uploads\/BANDEJA-EM-PP-PRETO-COM-TAMPA-204x25x3CM-PARA-COMIDA-INDIVIDUAL-AALPP-842B841L-Copopalhinhas-web1.png","datePublished":"2025-04-01T08:33:28+00:00","dateModified":"2025-10-13T08:50:26+00:00","description":"A bandeja em PP preto com tampa \u00e9 ideal para o transporte de refei\u00e7\u00f5es. Fabricada em polipropileno (PP), um material seguro para alimentos.","breadcrumb":{"@id":"https:\/\/dev4copopalhinhas.devdg.pt\/produto\/bandeja-em-pp-preto-com-tampa-204x25x4cm-para-comida-individual\/#breadcrumb"},"inLanguage":"es","potentialAction":[{"@type":"ReadAction","target":["https:\/\/dev4copopalhinhas.devdg.pt\/produto\/bandeja-em-pp-preto-com-tampa-204x25x4cm-para-comida-individual\/"]}]},{"@type":"ImageObject","inLanguage":"es","@id":"https:\/\/dev4copopalhinhas.devdg.pt\/produto\/bandeja-em-pp-preto-com-tampa-204x25x4cm-para-comida-individual\/#primaryimage","url":"https:\/\/dev4copopalhinhas.devdg.pt\/wp-content\/uploads\/BANDEJA-EM-PP-PRETO-COM-TAMPA-204x25x3CM-PARA-COMIDA-INDIVIDUAL-AALPP-842B841L-Copopalhinhas-web1.png","contentUrl":"https:\/\/dev4copopalhinhas.devdg.pt\/wp-content\/uploads\/BANDEJA-EM-PP-PRETO-COM-TAMPA-204x25x3CM-PARA-COMIDA-INDIVIDUAL-AALPP-842B841L-Copopalhinhas-web1.png","width":1000,"height":1000,"caption":"BANDEJA EM PP PRETO COM TAMPA 20,4x25x3CM PARA COMIDA INDIVIDUAL-AALPP-842B+841L-Copopalhinhas-web1"},{"@type":"BreadcrumbList","@id":"https:\/\/dev4copopalhinhas.devdg.pt\/produto\/bandeja-em-pp-preto-com-tampa-204x25x4cm-para-comida-individual\/#breadcrumb","itemListElement":[{"@type":"ListItem","position":1,"name":"In\u00edcio","item":"https:\/\/dev4copopalhinhas.devdg.pt\/"},{"@type":"ListItem","position":2,"name":"Loja","item":"https:\/\/dev4copopalhinhas.devdg.pt\/loja\/"},{"@type":"ListItem","position":3,"name":"BANDEJA EM PP PRETO COM TAMPA 20,4x25x4CM PARA COMIDA INDIVIDUAL"}]},{"@type":"WebSite","@id":"https:\/\/dev4copopalhinhas.devdg.pt\/#website","url":"https:\/\/dev4copopalhinhas.devdg.pt\/","name":"Pajitas para vasos","description":"Os Melhores Pre\u00e7os","publisher":{"@id":"https:\/\/dev4copopalhinhas.devdg.pt\/#organization"},"potentialAction":[{"@type":"SearchAction","target":{"@type":"EntryPoint","urlTemplate":"https:\/\/dev4copopalhinhas.devdg.pt\/?s={search_term_string}"},"query-input":{"@type":"PropertyValueSpecification","valueRequired":true,"valueName":"search_term_string"}}],"inLanguage":"es"},{"@type":"Organization","@id":"https:\/\/dev4copopalhinhas.devdg.pt\/#organization","name":"Pajitas para vasos","url":"https:\/\/dev4copopalhinhas.devdg.pt\/","logo":{"@type":"ImageObject","inLanguage":"es","@id":"https:\/\/dev4copopalhinhas.devdg.pt\/#\/schema\/logo\/image\/","url":"https:\/\/dev4copopalhinhas.devdg.pt\/wp-content\/uploads\/2022\/05\/COPOPALHINHASlogo.png","contentUrl":"https:\/\/dev4copopalhinhas.devdg.pt\/wp-content\/uploads\/2022\/05\/COPOPALHINHASlogo.png","width":1200,"height":323,"caption":"Copopalhinhas"},"image":{"@id":"https:\/\/dev4copopalhinhas.devdg.pt\/#\/schema\/logo\/image\/"},"sameAs":["https:\/\/www.facebook.com\/copopalhinhas","https:\/\/x.com\/copopalhinhas","https:\/\/copopalhinhas.blogspot.pt\/"]}]}},"_links":{"self":[{"href":"https:\/\/dev4copopalhinhas.devdg.pt\/es\/wp-json\/wp\/v2\/product\/66199","targetHints":{"allow":["GET"]}}],"collection":[{"href":"https:\/\/dev4copopalhinhas.devdg.pt\/es\/wp-json\/wp\/v2\/product"}],"about":[{"href":"https:\/\/dev4copopalhinhas.devdg.pt\/es\/wp-json\/wp\/v2\/types\/product"}],"replies":[{"embeddable":true,"href":"https:\/\/dev4copopalhinhas.devdg.pt\/es\/wp-json\/wp\/v2\/comments?post=66199"}],"wp:featuredmedia":[{"embeddable":true,"href":"https:\/\/dev4copopalhinhas.devdg.pt\/es\/wp-json\/wp\/v2\/media\/66246"}],"wp:attachment":[{"href":"https:\/\/dev4copopalhinhas.devdg.pt\/es\/wp-json\/wp\/v2\/media?parent=66199"}],"wp:term":[{"taxonomy":"product_cat","embeddable":true,"href":"https:\/\/dev4copopalhinhas.devdg.pt\/es\/wp-json\/wp\/v2\/product_cat?post=66199"},{"taxonomy":"product_tag","embeddable":true,"href":"https:\/\/dev4copopalhinhas.devdg.pt\/es\/wp-json\/wp\/v2\/product_tag?post=66199"}],"curies":[{"name":"wp","href":"https:\/\/api.w.org\/{rel}","templated":true}]}}