{"id":66519,"date":"2025-04-04T14:19:55","date_gmt":"2025-04-04T13:19:55","guid":{"rendered":"https:\/\/dev4copopalhinhas.devdg.pt\/?post_type=product&#038;p=66519"},"modified":"2025-09-27T11:06:53","modified_gmt":"2025-09-27T10:06:53","slug":"tampa-em-pet-para-saladeiras-em-kraft-20oz-e-26oz","status":"publish","type":"product","link":"https:\/\/dev4copopalhinhas.devdg.pt\/es\/producto\/tampa-em-pet-para-saladeiras-em-kraft-20oz-e-26oz\/","title":{"rendered":"TAPA PARA MASCOTA PARA ENSALADERAS KRAFT DE 20 OZ Y 26 OZ"},"content":{"rendered":"<h4>Tampa em PET para Saladeiras em Kraft 20oz e 26oz \u2013 Prote\u00e7\u00e3o e Visibilidade<\/h4>\n<p>A Tampa em PET para Saladeiras em Kraft 20oz e 26oz oferece a solu\u00e7\u00e3o ideal para complementar as saladeiras em kraft, garantindo a prote\u00e7\u00e3o e o transporte seguro das tuas refei\u00e7\u00f5es. Feita de PET transparente, esta tampa mant\u00e9m os alimentos frescos e vis\u00edveis, permitindo que os teus clientes apreciem a apresenta\u00e7\u00e3o das suas saladas, massas, pokes e outras del\u00edcias.<\/p>\n<h4>Principales ventajas:<\/h4>\n<ul>\n<li>Compat\u00edvel com saladeiras de 20oz e 26oz: Perfeita para diferentes por\u00e7\u00f5es de refei\u00e7\u00f5es.<\/li>\n<li>Material transparente: Proporciona visibilidade total do conte\u00fado.<\/li>\n<li>Resistente e segura: Protege os alimentos contra derrames e mant\u00e9m a frescura.<\/li>\n<li>Ideal para take-away e delivery: A tampa garante seguran\u00e7a e praticidade no transporte.<\/li>\n<\/ul>\n<p>Com a Tampa em PET para Saladeiras em Kraft, asseguras aos teus clientes uma experi\u00eancia pr\u00e1tica e higi\u00e9nica, enquanto contribuis para uma solu\u00e7\u00e3o sustent\u00e1vel. Completa as tuas embalagens com qualidade e efici\u00eancia!<\/p>\n<p><img decoding=\"async\" src=\"https:\/\/dev4copopalhinhas.devdg.pt\/wp-content\/uploads\/Icon_DESCARTAVEL.png\" alt=\"\" width=\"30\" height=\"30\" \/> <strong>Descart\u00e1vel<\/strong><\/p>\n<p><img decoding=\"async\" src=\"https:\/\/dev4copopalhinhas.devdg.pt\/wp-content\/uploads\/Icons_alimentos.png\" alt=\"\" width=\"30\" height=\"30\" \/> <strong>Alimento<\/strong>: Pr\u00f3prios para consumo alimentar<\/p>\n<p><img decoding=\"async\" src=\"https:\/\/dev4copopalhinhas.devdg.pt\/wp-content\/uploads\/Icon_reciclaveis.png\" alt=\"\" width=\"30\" height=\"30\" \/> <strong>Recicl\u00e1veis<\/strong>: Produtos que podem ser reciclados ou usados para recupera\u00e7\u00e3o energ\u00e9tica.<\/p>","protected":false},"excerpt":{"rendered":"<p>A Tampa em PET para Saladeiras em Kraft 20oz e 26oz oferece a solu\u00e7\u00e3o ideal para complementar as saladeiras em kraft, garantindo a prote\u00e7\u00e3o e o transporte seguro das tuas refei\u00e7\u00f5es. Feita de PET transparente, esta tampa mant\u00e9m os alimentos frescos e vis\u00edveis, permitindo que os teus clientes apreciem a apresenta\u00e7\u00e3o das suas saladas, massas, pokes e outras del\u00edcias.<\/p>\n<p>A tampa \u00e9 compat\u00edvel com:<br \/>\n<a href=\"https:\/\/dev4copopalhinhas.devdg.pt\/es\/producto\/pote-saladeira-em-kraft-55cl-550ml-20oz\/\">ENSALADERA KRAFT 55 CL (550 ML\/20 OZ)<\/a><br \/>\n<a href=\"https:\/\/dev4copopalhinhas.devdg.pt\/es\/producto\/pote-saladeira-em-kraft-75cl-750ml-26oz\/\">ENSALADERA KRAFT 75CL (750ML\/26OZ)<\/a><\/p>\n<p><img decoding=\"async\" src=\"https:\/\/dev4copopalhinhas.devdg.pt\/wp-content\/uploads\/Icons_alimentos.png\" alt=\"\" width=\"30\" height=\"30\" \/> <img decoding=\"async\" src=\"https:\/\/dev4copopalhinhas.devdg.pt\/wp-content\/uploads\/Icon_DESCARTAVEL.png\" alt=\"\" width=\"30\" height=\"30\" \/> <img decoding=\"async\" src=\"https:\/\/dev4copopalhinhas.devdg.pt\/wp-content\/uploads\/Icon_reciclaveis.png\" alt=\"\" width=\"30\" height=\"30\" \/><\/p>","protected":false},"featured_media":66527,"comment_status":"open","ping_status":"closed","template":"","meta":{"_acf_changed":false},"product_cat":[2236,2063,1718,1512,1892,1987],"product_tag":[1571,1569,1620],"class_list":{"0":"post-66519","1":"product","2":"type-product","3":"status-publish","4":"has-post-thumbnail","6":"product_cat-pet-2","7":"product_cat-tampas","8":"product_cat-transparente","9":"product_cat-descartavel","10":"product_cat-pet","11":"product_cat-tampa-media","12":"product_tag-menu-acessorios","13":"product_tag-menu-descartaveis","14":"product_tag-sub-menu-tampas","15":"pa_qtd-por-caixa-1273","16":"pa_qtd-por-caixa-1277","17":"tm-no-options","19":"first","20":"instock","21":"taxable","22":"shipping-taxable","23":"purchasable","24":"product-type-variable"},"acf":[],"yoast_head":"<!-- This site is optimized with the Yoast SEO Premium plugin v23.9 (Yoast SEO v23.9) - https:\/\/yoast.com\/wordpress\/plugins\/seo\/ -->\n<title>TAMPA EM PET PARA SALADEIRAS EM KRAFT 20OZ e 26OZ<\/title>\n<meta name=\"description\" content=\"A Tampa em PET para Saladeiras em Kraft 20oz e 26oz oferece a solu\u00e7\u00e3o ideal para complementar as saladeiras em kraft, garantindo prote\u00e7\u00e3o..\" \/>\n<meta name=\"robots\" content=\"index, follow, max-snippet:-1, max-image-preview:large, max-video-preview:-1\" \/>\n<link rel=\"canonical\" href=\"https:\/\/dev4copopalhinhas.devdg.pt\/es\/producto\/tampa-em-pet-para-saladeiras-em-kraft-20oz-e-26oz\/\" \/>\n<meta property=\"og:locale\" content=\"es_ES\" \/>\n<meta property=\"og:type\" content=\"article\" \/>\n<meta property=\"og:title\" content=\"TAMPA EM PET PARA SALADEIRAS EM KRAFT 20OZ e 26OZ\" \/>\n<meta property=\"og:description\" content=\"A Tampa em PET para Saladeiras em Kraft 20oz e 26oz oferece a solu\u00e7\u00e3o ideal para complementar as saladeiras em kraft, garantindo prote\u00e7\u00e3o..\" \/>\n<meta property=\"og:url\" content=\"https:\/\/dev4copopalhinhas.devdg.pt\/es\/producto\/tampa-em-pet-para-saladeiras-em-kraft-20oz-e-26oz\/\" \/>\n<meta property=\"og:site_name\" content=\"Copopalhinhas\" \/>\n<meta property=\"article:publisher\" content=\"https:\/\/www.facebook.com\/copopalhinhas\" \/>\n<meta property=\"article:modified_time\" content=\"2025-09-27T10:06:53+00:00\" \/>\n<meta property=\"og:image\" content=\"https:\/\/copopalhinhas.b-cdn.net\/wp-content\/uploads\/TAMPA-EM-PET-PARA-SALADEIRAS-EM-KRAFT-20OZ-e-26OZ-AA20.26-Copopalhinhas-web1.png\" \/>\n\t<meta property=\"og:image:width\" content=\"1000\" \/>\n\t<meta property=\"og:image:height\" content=\"1000\" \/>\n\t<meta property=\"og:image:type\" content=\"image\/png\" \/>\n<meta name=\"twitter:card\" content=\"summary_large_image\" \/>\n<meta name=\"twitter:site\" content=\"@copopalhinhas\" \/>\n<script type=\"application\/ld+json\" class=\"yoast-schema-graph\">{\"@context\":\"https:\/\/schema.org\",\"@graph\":[{\"@type\":\"WebPage\",\"@id\":\"https:\/\/dev4copopalhinhas.devdg.pt\/produto\/tampa-em-pet-para-saladeiras-em-kraft-20oz-e-26oz\/\",\"url\":\"https:\/\/dev4copopalhinhas.devdg.pt\/produto\/tampa-em-pet-para-saladeiras-em-kraft-20oz-e-26oz\/\",\"name\":\"TAMPA EM PET PARA SALADEIRAS EM KRAFT 20OZ e 26OZ\",\"isPartOf\":{\"@id\":\"https:\/\/dev4copopalhinhas.devdg.pt\/#website\"},\"primaryImageOfPage\":{\"@id\":\"https:\/\/dev4copopalhinhas.devdg.pt\/produto\/tampa-em-pet-para-saladeiras-em-kraft-20oz-e-26oz\/#primaryimage\"},\"image\":{\"@id\":\"https:\/\/dev4copopalhinhas.devdg.pt\/produto\/tampa-em-pet-para-saladeiras-em-kraft-20oz-e-26oz\/#primaryimage\"},\"thumbnailUrl\":\"https:\/\/dev4copopalhinhas.devdg.pt\/wp-content\/uploads\/TAMPA-EM-PET-PARA-SALADEIRAS-EM-KRAFT-20OZ-e-26OZ-AA20.26-Copopalhinhas-web1.png\",\"datePublished\":\"2025-04-04T13:19:55+00:00\",\"dateModified\":\"2025-09-27T10:06:53+00:00\",\"description\":\"A Tampa em PET para Saladeiras em Kraft 20oz e 26oz oferece a solu\u00e7\u00e3o ideal para complementar as saladeiras em kraft, garantindo prote\u00e7\u00e3o..\",\"breadcrumb\":{\"@id\":\"https:\/\/dev4copopalhinhas.devdg.pt\/produto\/tampa-em-pet-para-saladeiras-em-kraft-20oz-e-26oz\/#breadcrumb\"},\"inLanguage\":\"es\",\"potentialAction\":[{\"@type\":\"ReadAction\",\"target\":[\"https:\/\/dev4copopalhinhas.devdg.pt\/produto\/tampa-em-pet-para-saladeiras-em-kraft-20oz-e-26oz\/\"]}]},{\"@type\":\"ImageObject\",\"inLanguage\":\"es\",\"@id\":\"https:\/\/dev4copopalhinhas.devdg.pt\/produto\/tampa-em-pet-para-saladeiras-em-kraft-20oz-e-26oz\/#primaryimage\",\"url\":\"https:\/\/dev4copopalhinhas.devdg.pt\/wp-content\/uploads\/TAMPA-EM-PET-PARA-SALADEIRAS-EM-KRAFT-20OZ-e-26OZ-AA20.26-Copopalhinhas-web1.png\",\"contentUrl\":\"https:\/\/dev4copopalhinhas.devdg.pt\/wp-content\/uploads\/TAMPA-EM-PET-PARA-SALADEIRAS-EM-KRAFT-20OZ-e-26OZ-AA20.26-Copopalhinhas-web1.png\",\"width\":1000,\"height\":1000,\"caption\":\"TAMPA EM PET PARA SALADEIRAS EM KRAFT 20OZ e 26OZ-AA20.26-Copopalhinhas-web1\"},{\"@type\":\"BreadcrumbList\",\"@id\":\"https:\/\/dev4copopalhinhas.devdg.pt\/produto\/tampa-em-pet-para-saladeiras-em-kraft-20oz-e-26oz\/#breadcrumb\",\"itemListElement\":[{\"@type\":\"ListItem\",\"position\":1,\"name\":\"In\u00edcio\",\"item\":\"https:\/\/dev4copopalhinhas.devdg.pt\/\"},{\"@type\":\"ListItem\",\"position\":2,\"name\":\"Loja\",\"item\":\"https:\/\/dev4copopalhinhas.devdg.pt\/loja\/\"},{\"@type\":\"ListItem\",\"position\":3,\"name\":\"TAMPA EM PET PARA SALADEIRAS EM KRAFT 20OZ e 26OZ\"}]},{\"@type\":\"WebSite\",\"@id\":\"https:\/\/dev4copopalhinhas.devdg.pt\/#website\",\"url\":\"https:\/\/dev4copopalhinhas.devdg.pt\/\",\"name\":\"Copopalhinhas\",\"description\":\"Os Melhores Pre\u00e7os\",\"publisher\":{\"@id\":\"https:\/\/dev4copopalhinhas.devdg.pt\/#organization\"},\"potentialAction\":[{\"@type\":\"SearchAction\",\"target\":{\"@type\":\"EntryPoint\",\"urlTemplate\":\"https:\/\/dev4copopalhinhas.devdg.pt\/?s={search_term_string}\"},\"query-input\":{\"@type\":\"PropertyValueSpecification\",\"valueRequired\":true,\"valueName\":\"search_term_string\"}}],\"inLanguage\":\"es\"},{\"@type\":\"Organization\",\"@id\":\"https:\/\/dev4copopalhinhas.devdg.pt\/#organization\",\"name\":\"Copopalhinhas\",\"url\":\"https:\/\/dev4copopalhinhas.devdg.pt\/\",\"logo\":{\"@type\":\"ImageObject\",\"inLanguage\":\"es\",\"@id\":\"https:\/\/dev4copopalhinhas.devdg.pt\/#\/schema\/logo\/image\/\",\"url\":\"https:\/\/dev4copopalhinhas.devdg.pt\/wp-content\/uploads\/2022\/05\/COPOPALHINHASlogo.png\",\"contentUrl\":\"https:\/\/dev4copopalhinhas.devdg.pt\/wp-content\/uploads\/2022\/05\/COPOPALHINHASlogo.png\",\"width\":1200,\"height\":323,\"caption\":\"Copopalhinhas\"},\"image\":{\"@id\":\"https:\/\/dev4copopalhinhas.devdg.pt\/#\/schema\/logo\/image\/\"},\"sameAs\":[\"https:\/\/www.facebook.com\/copopalhinhas\",\"https:\/\/x.com\/copopalhinhas\",\"https:\/\/copopalhinhas.blogspot.pt\/\"]}]}<\/script>\n<!-- \/ Yoast SEO Premium plugin. -->","yoast_head_json":{"title":"TAPA PARA MASCOTA PARA ENSALADERAS KRAFT DE 20 OZ Y 26 OZ","description":"A Tampa em PET para Saladeiras em Kraft 20oz e 26oz oferece a solu\u00e7\u00e3o ideal para complementar as saladeiras em kraft, garantindo prote\u00e7\u00e3o..","robots":{"index":"index","follow":"follow","max-snippet":"max-snippet:-1","max-image-preview":"max-image-preview:large","max-video-preview":"max-video-preview:-1"},"canonical":"https:\/\/dev4copopalhinhas.devdg.pt\/es\/producto\/tampa-em-pet-para-saladeiras-em-kraft-20oz-e-26oz\/","og_locale":"es_ES","og_type":"article","og_title":"TAMPA EM PET PARA SALADEIRAS EM KRAFT 20OZ e 26OZ","og_description":"A Tampa em PET para Saladeiras em Kraft 20oz e 26oz oferece a solu\u00e7\u00e3o ideal para complementar as saladeiras em kraft, garantindo prote\u00e7\u00e3o..","og_url":"https:\/\/dev4copopalhinhas.devdg.pt\/es\/producto\/tampa-em-pet-para-saladeiras-em-kraft-20oz-e-26oz\/","og_site_name":"Copopalhinhas","article_publisher":"https:\/\/www.facebook.com\/copopalhinhas","article_modified_time":"2025-09-27T10:06:53+00:00","og_image":[{"width":1000,"height":1000,"url":"https:\/\/copopalhinhas.b-cdn.net\/wp-content\/uploads\/TAMPA-EM-PET-PARA-SALADEIRAS-EM-KRAFT-20OZ-e-26OZ-AA20.26-Copopalhinhas-web1.png","type":"image\/png"}],"twitter_card":"summary_large_image","twitter_site":"@copopalhinhas","schema":{"@context":"https:\/\/schema.org","@graph":[{"@type":"WebPage","@id":"https:\/\/dev4copopalhinhas.devdg.pt\/produto\/tampa-em-pet-para-saladeiras-em-kraft-20oz-e-26oz\/","url":"https:\/\/dev4copopalhinhas.devdg.pt\/produto\/tampa-em-pet-para-saladeiras-em-kraft-20oz-e-26oz\/","name":"TAPA PARA MASCOTA PARA ENSALADERAS KRAFT DE 20 OZ Y 26 OZ","isPartOf":{"@id":"https:\/\/dev4copopalhinhas.devdg.pt\/#website"},"primaryImageOfPage":{"@id":"https:\/\/dev4copopalhinhas.devdg.pt\/produto\/tampa-em-pet-para-saladeiras-em-kraft-20oz-e-26oz\/#primaryimage"},"image":{"@id":"https:\/\/dev4copopalhinhas.devdg.pt\/produto\/tampa-em-pet-para-saladeiras-em-kraft-20oz-e-26oz\/#primaryimage"},"thumbnailUrl":"https:\/\/dev4copopalhinhas.devdg.pt\/wp-content\/uploads\/TAMPA-EM-PET-PARA-SALADEIRAS-EM-KRAFT-20OZ-e-26OZ-AA20.26-Copopalhinhas-web1.png","datePublished":"2025-04-04T13:19:55+00:00","dateModified":"2025-09-27T10:06:53+00:00","description":"A Tampa em PET para Saladeiras em Kraft 20oz e 26oz oferece a solu\u00e7\u00e3o ideal para complementar as saladeiras em kraft, garantindo prote\u00e7\u00e3o..","breadcrumb":{"@id":"https:\/\/dev4copopalhinhas.devdg.pt\/produto\/tampa-em-pet-para-saladeiras-em-kraft-20oz-e-26oz\/#breadcrumb"},"inLanguage":"es","potentialAction":[{"@type":"ReadAction","target":["https:\/\/dev4copopalhinhas.devdg.pt\/produto\/tampa-em-pet-para-saladeiras-em-kraft-20oz-e-26oz\/"]}]},{"@type":"ImageObject","inLanguage":"es","@id":"https:\/\/dev4copopalhinhas.devdg.pt\/produto\/tampa-em-pet-para-saladeiras-em-kraft-20oz-e-26oz\/#primaryimage","url":"https:\/\/dev4copopalhinhas.devdg.pt\/wp-content\/uploads\/TAMPA-EM-PET-PARA-SALADEIRAS-EM-KRAFT-20OZ-e-26OZ-AA20.26-Copopalhinhas-web1.png","contentUrl":"https:\/\/dev4copopalhinhas.devdg.pt\/wp-content\/uploads\/TAMPA-EM-PET-PARA-SALADEIRAS-EM-KRAFT-20OZ-e-26OZ-AA20.26-Copopalhinhas-web1.png","width":1000,"height":1000,"caption":"TAMPA EM PET PARA SALADEIRAS EM KRAFT 20OZ e 26OZ-AA20.26-Copopalhinhas-web1"},{"@type":"BreadcrumbList","@id":"https:\/\/dev4copopalhinhas.devdg.pt\/produto\/tampa-em-pet-para-saladeiras-em-kraft-20oz-e-26oz\/#breadcrumb","itemListElement":[{"@type":"ListItem","position":1,"name":"In\u00edcio","item":"https:\/\/dev4copopalhinhas.devdg.pt\/"},{"@type":"ListItem","position":2,"name":"Loja","item":"https:\/\/dev4copopalhinhas.devdg.pt\/loja\/"},{"@type":"ListItem","position":3,"name":"TAMPA EM PET PARA SALADEIRAS EM KRAFT 20OZ e 26OZ"}]},{"@type":"WebSite","@id":"https:\/\/dev4copopalhinhas.devdg.pt\/#website","url":"https:\/\/dev4copopalhinhas.devdg.pt\/","name":"Pajitas para vasos","description":"Os Melhores Pre\u00e7os","publisher":{"@id":"https:\/\/dev4copopalhinhas.devdg.pt\/#organization"},"potentialAction":[{"@type":"SearchAction","target":{"@type":"EntryPoint","urlTemplate":"https:\/\/dev4copopalhinhas.devdg.pt\/?s={search_term_string}"},"query-input":{"@type":"PropertyValueSpecification","valueRequired":true,"valueName":"search_term_string"}}],"inLanguage":"es"},{"@type":"Organization","@id":"https:\/\/dev4copopalhinhas.devdg.pt\/#organization","name":"Pajitas para vasos","url":"https:\/\/dev4copopalhinhas.devdg.pt\/","logo":{"@type":"ImageObject","inLanguage":"es","@id":"https:\/\/dev4copopalhinhas.devdg.pt\/#\/schema\/logo\/image\/","url":"https:\/\/dev4copopalhinhas.devdg.pt\/wp-content\/uploads\/2022\/05\/COPOPALHINHASlogo.png","contentUrl":"https:\/\/dev4copopalhinhas.devdg.pt\/wp-content\/uploads\/2022\/05\/COPOPALHINHASlogo.png","width":1200,"height":323,"caption":"Copopalhinhas"},"image":{"@id":"https:\/\/dev4copopalhinhas.devdg.pt\/#\/schema\/logo\/image\/"},"sameAs":["https:\/\/www.facebook.com\/copopalhinhas","https:\/\/x.com\/copopalhinhas","https:\/\/copopalhinhas.blogspot.pt\/"]}]}},"_links":{"self":[{"href":"https:\/\/dev4copopalhinhas.devdg.pt\/es\/wp-json\/wp\/v2\/product\/66519","targetHints":{"allow":["GET"]}}],"collection":[{"href":"https:\/\/dev4copopalhinhas.devdg.pt\/es\/wp-json\/wp\/v2\/product"}],"about":[{"href":"https:\/\/dev4copopalhinhas.devdg.pt\/es\/wp-json\/wp\/v2\/types\/product"}],"replies":[{"embeddable":true,"href":"https:\/\/dev4copopalhinhas.devdg.pt\/es\/wp-json\/wp\/v2\/comments?post=66519"}],"wp:featuredmedia":[{"embeddable":true,"href":"https:\/\/dev4copopalhinhas.devdg.pt\/es\/wp-json\/wp\/v2\/media\/66527"}],"wp:attachment":[{"href":"https:\/\/dev4copopalhinhas.devdg.pt\/es\/wp-json\/wp\/v2\/media?parent=66519"}],"wp:term":[{"taxonomy":"product_cat","embeddable":true,"href":"https:\/\/dev4copopalhinhas.devdg.pt\/es\/wp-json\/wp\/v2\/product_cat?post=66519"},{"taxonomy":"product_tag","embeddable":true,"href":"https:\/\/dev4copopalhinhas.devdg.pt\/es\/wp-json\/wp\/v2\/product_tag?post=66519"}],"curies":[{"name":"wp","href":"https:\/\/api.w.org\/{rel}","templated":true}]}}