{"id":67674,"date":"2025-04-28T09:13:05","date_gmt":"2025-04-28T08:13:05","guid":{"rendered":"https:\/\/dev4copopalhinhas.devdg.pt\/?post_type=product&#038;p=67674"},"modified":"2025-10-08T11:07:35","modified_gmt":"2025-10-08T10:07:35","slug":"caixa-em-kraft-takeaway-com-tampa-em-pet-174x134x48cm-90cl-900ml","status":"publish","type":"product","link":"https:\/\/dev4copopalhinhas.devdg.pt\/es\/producto\/caixa-em-kraft-takeaway-com-tampa-em-pet-174x134x48cm-90cl-900ml\/","title":{"rendered":"CAJA PARA LLEVAR KRAFT CON TAPA PET 17,4\u00d713,4\u00d74,8CM \/ 90CL (900ML)"},"content":{"rendered":"<p>Caixa em Kraft Takeaway com Tampa em PET 17,4&#215;13,4&#215;4,8CM \/ 90CL para uma embalagem eficiente e sustent\u00e1vel que preserva a qualidade e a apresenta\u00e7\u00e3o dos seus pratos durante o transporte.<\/p>\n<ul>\n<li>Combinando Kraft e PET: A combina\u00e7\u00e3o de kraft para a caixa e PET para a tampa cria uma embalagem equilibrada, oferecendo resist\u00eancia e transpar\u00eancia para destacar visualmente os alimentos.<\/li>\n<li>Dimens\u00f5es Ideais: Com medidas de 17,4&#215;13,4&#215;4,8cm, a caixa \u00e9 espa\u00e7osa o suficiente para acomodar por\u00e7\u00f5es generosas, tornando-a adequada para diversas op\u00e7\u00f5es de refei\u00e7\u00f5es.<\/li>\n<li>Material Sustent\u00e1vel: O kraft \u00e9 uma op\u00e7\u00e3o eco-friendly, enquanto o PET \u00e9 recicl\u00e1vel, proporcionando uma embalagem que atende aos padr\u00f5es de sustentabilidade.<\/li>\n<li>Tampa Transparente: A tampa em PET transparente permite aos clientes visualizar os alimentos, criando uma experi\u00eancia visual apetitosa que incentiva a satisfa\u00e7\u00e3o do cliente.<\/li>\n<li>Montagem F\u00e1cil: O design de montagem f\u00e1cil oferece conveni\u00eancia no preparo, tornando-a uma escolha pr\u00e1tica para servi\u00e7os de entrega, take-away e eventos.<\/li>\n<li>Recicl\u00e1vel.<\/li>\n<li>N\u00e3o apto para micro-ondas nem para forno.<\/li>\n<li>Resistente a \u00f3leos e gorduras.<\/li>\n<\/ul>\n<p>Certificados:<\/p>\n<ul>\n<li><strong>Alimentar: <\/strong>Regulamento (CE) n.\u00b0 1935\/2004 do Parlamento Europeu e do Conselho, de 27 de Outubro de 2004, relativo aos materiais e objetos destinados a entrar em contacto com os alimentos. Registo Sanit\u00e1rio de Ind\u00fastrias e Produtos Alimentares.<\/li>\n<\/ul>\n<p><img decoding=\"async\" src=\"https:\/\/dev4copopalhinhas.devdg.pt\/wp-content\/uploads\/Icon_DESCARTAVEL.png\" alt=\"\" width=\"30\" height=\"30\" \/> <strong>Descart\u00e1vel<\/strong><\/p>\n<p><img decoding=\"async\" src=\"https:\/\/dev4copopalhinhas.devdg.pt\/wp-content\/uploads\/Icons_alimentos.png\" alt=\"\" width=\"30\" height=\"30\" \/> <strong>Alimento<\/strong>: Pr\u00f3prios para consumo alimentar<\/p>\n<p><img decoding=\"async\" src=\"https:\/\/dev4copopalhinhas.devdg.pt\/wp-content\/uploads\/Icon_reciclaveis.png\" alt=\"\" width=\"30\" height=\"30\" \/> <strong>Recicl\u00e1veis<\/strong>: Produtos que podem ser reciclados ou usados para recupera\u00e7\u00e3o energ\u00e9tica.<\/p>","protected":false},"excerpt":{"rendered":"<p>Caixa em Kraft Takeaway com Tampa em PET, uma solu\u00e7\u00e3o pr\u00e1tica e sustent\u00e1vel para embalar refei\u00e7\u00f5es com efici\u00eancia. Com dimens\u00f5es de 17,4\u00d713,4\u00d74,8cm e uma capacidade de 90cL (900ml), esta caixa \u00e9 ideal para garantir a frescura e a integridade dos seus pratos durante o transporte.<\/p>\n<p><img decoding=\"async\" src=\"https:\/\/dev4copopalhinhas.devdg.pt\/wp-content\/uploads\/Icons_alimentos.png\" alt=\"\" width=\"30\" height=\"30\" \/>\u00a0<img decoding=\"async\" src=\"https:\/\/dev4copopalhinhas.devdg.pt\/wp-content\/uploads\/Icon_DESCARTAVEL.png\" alt=\"\" width=\"30\" height=\"30\" \/>\u00a0<img decoding=\"async\" src=\"https:\/\/dev4copopalhinhas.devdg.pt\/wp-content\/uploads\/Icon_reciclaveis.png\" alt=\"\" width=\"30\" height=\"30\" \/><\/p>","protected":false},"featured_media":67678,"comment_status":"open","ping_status":"closed","template":"","meta":{"_acf_changed":false},"product_cat":[2046,2010,1725,1644,1512,1484,1508,1490,1397],"product_tag":[1569,1607,1604],"class_list":{"0":"post-67674","1":"product","2":"type-product","3":"status-publish","4":"has-post-thumbnail","6":"product_cat-embalagens-cartao","7":"product_cat-embalagens-descartaveis","8":"product_cat-castanho","9":"product_cat-11l-a-2l","10":"product_cat-descartavel","11":"product_cat-cartao","12":"product_cat-kraft","13":"product_cat-caixas","14":"product_cat-embalagens","15":"product_tag-menu-descartaveis","16":"product_tag-sub-menu-embalagens-cartao","17":"product_tag-sub-menu-embalagens-descartaveis","18":"pa_qtd-por-caixa-1273","19":"pa_qtd-por-caixa-282","20":"tm-no-options","22":"first","23":"instock","24":"taxable","25":"shipping-taxable","26":"purchasable","27":"product-type-variable"},"acf":[],"yoast_head":"<!-- This site is optimized with the Yoast SEO Premium plugin v23.9 (Yoast SEO v23.9) - https:\/\/yoast.com\/wordpress\/plugins\/seo\/ -->\n<title>CAIXA EM KRAFT TAKEAWAY COM TAMPA EM PET 17,4x13,4x4,8CM \/ 90CL (900ML) - Copopalhinhas<\/title>\n<meta name=\"robots\" content=\"index, follow, max-snippet:-1, max-image-preview:large, max-video-preview:-1\" \/>\n<link rel=\"canonical\" href=\"https:\/\/dev4copopalhinhas.devdg.pt\/es\/producto\/caixa-em-kraft-takeaway-com-tampa-em-pet-174x134x48cm-90cl-900ml\/\" \/>\n<meta property=\"og:locale\" content=\"es_ES\" \/>\n<meta property=\"og:type\" content=\"article\" \/>\n<meta property=\"og:title\" content=\"CAIXA EM KRAFT TAKEAWAY COM TAMPA EM PET 17,4x13,4x4,8CM \/ 90CL (900ML)\" \/>\n<meta property=\"og:description\" content=\"Caixa em Kraft Takeaway com Tampa em PET, uma solu\u00e7\u00e3o pr\u00e1tica e sustent\u00e1vel para embalar refei\u00e7\u00f5es com efici\u00eancia. Com dimens\u00f5es de 17,4\u00d713,4\u00d74,8cm e uma capacidade de 90cL (900ml), esta caixa \u00e9 ideal para garantir a frescura e a integridade dos seus pratos durante o transporte.  \u00a0\u00a0\" \/>\n<meta property=\"og:url\" content=\"https:\/\/dev4copopalhinhas.devdg.pt\/es\/producto\/caixa-em-kraft-takeaway-com-tampa-em-pet-174x134x48cm-90cl-900ml\/\" \/>\n<meta property=\"og:site_name\" content=\"Copopalhinhas\" \/>\n<meta property=\"article:publisher\" content=\"https:\/\/www.facebook.com\/copopalhinhas\" \/>\n<meta property=\"article:modified_time\" content=\"2025-10-08T10:07:35+00:00\" \/>\n<meta property=\"og:image\" content=\"https:\/\/dev4copopalhinhas.devdg.pt\/wp-content\/uploads\/HOS226.98-CAIXA-KRAFT-TAKEAWAY-TAMPA-PET-174\u00d7134\u00d748CM-90CL-copopalhinhas-web-1.png\" \/>\n\t<meta property=\"og:image:width\" content=\"1000\" \/>\n\t<meta property=\"og:image:height\" content=\"1000\" \/>\n\t<meta property=\"og:image:type\" content=\"image\/png\" \/>\n<meta name=\"twitter:card\" content=\"summary_large_image\" \/>\n<meta name=\"twitter:site\" content=\"@copopalhinhas\" \/>\n<script type=\"application\/ld+json\" class=\"yoast-schema-graph\">{\"@context\":\"https:\/\/schema.org\",\"@graph\":[{\"@type\":\"WebPage\",\"@id\":\"https:\/\/dev4copopalhinhas.devdg.pt\/produto\/caixa-em-kraft-takeaway-com-tampa-em-pet-174x134x48cm-90cl-900ml\/\",\"url\":\"https:\/\/dev4copopalhinhas.devdg.pt\/produto\/caixa-em-kraft-takeaway-com-tampa-em-pet-174x134x48cm-90cl-900ml\/\",\"name\":\"CAIXA EM KRAFT TAKEAWAY COM TAMPA EM PET 17,4x13,4x4,8CM \/ 90CL (900ML) - Copopalhinhas\",\"isPartOf\":{\"@id\":\"https:\/\/dev4copopalhinhas.devdg.pt\/#website\"},\"primaryImageOfPage\":{\"@id\":\"https:\/\/dev4copopalhinhas.devdg.pt\/produto\/caixa-em-kraft-takeaway-com-tampa-em-pet-174x134x48cm-90cl-900ml\/#primaryimage\"},\"image\":{\"@id\":\"https:\/\/dev4copopalhinhas.devdg.pt\/produto\/caixa-em-kraft-takeaway-com-tampa-em-pet-174x134x48cm-90cl-900ml\/#primaryimage\"},\"thumbnailUrl\":\"https:\/\/dev4copopalhinhas.devdg.pt\/wp-content\/uploads\/HOS226.98-CAIXA-KRAFT-TAKEAWAY-TAMPA-PET-174\u00d7134\u00d748CM-90CL-copopalhinhas-web-1.png\",\"datePublished\":\"2025-04-28T08:13:05+00:00\",\"dateModified\":\"2025-10-08T10:07:35+00:00\",\"breadcrumb\":{\"@id\":\"https:\/\/dev4copopalhinhas.devdg.pt\/produto\/caixa-em-kraft-takeaway-com-tampa-em-pet-174x134x48cm-90cl-900ml\/#breadcrumb\"},\"inLanguage\":\"es\",\"potentialAction\":[{\"@type\":\"ReadAction\",\"target\":[\"https:\/\/dev4copopalhinhas.devdg.pt\/produto\/caixa-em-kraft-takeaway-com-tampa-em-pet-174x134x48cm-90cl-900ml\/\"]}]},{\"@type\":\"ImageObject\",\"inLanguage\":\"es\",\"@id\":\"https:\/\/dev4copopalhinhas.devdg.pt\/produto\/caixa-em-kraft-takeaway-com-tampa-em-pet-174x134x48cm-90cl-900ml\/#primaryimage\",\"url\":\"https:\/\/dev4copopalhinhas.devdg.pt\/wp-content\/uploads\/HOS226.98-CAIXA-KRAFT-TAKEAWAY-TAMPA-PET-174\u00d7134\u00d748CM-90CL-copopalhinhas-web-1.png\",\"contentUrl\":\"https:\/\/dev4copopalhinhas.devdg.pt\/wp-content\/uploads\/HOS226.98-CAIXA-KRAFT-TAKEAWAY-TAMPA-PET-174\u00d7134\u00d748CM-90CL-copopalhinhas-web-1.png\",\"width\":1000,\"height\":1000,\"caption\":\"HOS226.98-CAIXA-KRAFT-TAKEAWAY-TAMPA-PET-17,4\u00d713,4\u00d74,8CM 90CL-copopalhinhas-web-1\"},{\"@type\":\"BreadcrumbList\",\"@id\":\"https:\/\/dev4copopalhinhas.devdg.pt\/produto\/caixa-em-kraft-takeaway-com-tampa-em-pet-174x134x48cm-90cl-900ml\/#breadcrumb\",\"itemListElement\":[{\"@type\":\"ListItem\",\"position\":1,\"name\":\"In\u00edcio\",\"item\":\"https:\/\/dev4copopalhinhas.devdg.pt\/\"},{\"@type\":\"ListItem\",\"position\":2,\"name\":\"Loja\",\"item\":\"https:\/\/dev4copopalhinhas.devdg.pt\/loja\/\"},{\"@type\":\"ListItem\",\"position\":3,\"name\":\"CAIXA EM KRAFT TAKEAWAY COM TAMPA EM PET 17,4&#215;13,4&#215;4,8CM \/ 90CL (900ML)\"}]},{\"@type\":\"WebSite\",\"@id\":\"https:\/\/dev4copopalhinhas.devdg.pt\/#website\",\"url\":\"https:\/\/dev4copopalhinhas.devdg.pt\/\",\"name\":\"Copopalhinhas\",\"description\":\"Os Melhores Pre\u00e7os\",\"publisher\":{\"@id\":\"https:\/\/dev4copopalhinhas.devdg.pt\/#organization\"},\"potentialAction\":[{\"@type\":\"SearchAction\",\"target\":{\"@type\":\"EntryPoint\",\"urlTemplate\":\"https:\/\/dev4copopalhinhas.devdg.pt\/?s={search_term_string}\"},\"query-input\":{\"@type\":\"PropertyValueSpecification\",\"valueRequired\":true,\"valueName\":\"search_term_string\"}}],\"inLanguage\":\"es\"},{\"@type\":\"Organization\",\"@id\":\"https:\/\/dev4copopalhinhas.devdg.pt\/#organization\",\"name\":\"Copopalhinhas\",\"url\":\"https:\/\/dev4copopalhinhas.devdg.pt\/\",\"logo\":{\"@type\":\"ImageObject\",\"inLanguage\":\"es\",\"@id\":\"https:\/\/dev4copopalhinhas.devdg.pt\/#\/schema\/logo\/image\/\",\"url\":\"https:\/\/dev4copopalhinhas.devdg.pt\/wp-content\/uploads\/2022\/05\/COPOPALHINHASlogo.png\",\"contentUrl\":\"https:\/\/dev4copopalhinhas.devdg.pt\/wp-content\/uploads\/2022\/05\/COPOPALHINHASlogo.png\",\"width\":1200,\"height\":323,\"caption\":\"Copopalhinhas\"},\"image\":{\"@id\":\"https:\/\/dev4copopalhinhas.devdg.pt\/#\/schema\/logo\/image\/\"},\"sameAs\":[\"https:\/\/www.facebook.com\/copopalhinhas\",\"https:\/\/x.com\/copopalhinhas\",\"https:\/\/copopalhinhas.blogspot.pt\/\"]}]}<\/script>\n<!-- \/ Yoast SEO Premium plugin. -->","yoast_head_json":{"title":"CAIXA EM KRAFT TAKEAWAY COM TAMPA EM PET 17,4x13,4x4,8CM \/ 90CL (900ML) - Copopalhinhas","robots":{"index":"index","follow":"follow","max-snippet":"max-snippet:-1","max-image-preview":"max-image-preview:large","max-video-preview":"max-video-preview:-1"},"canonical":"https:\/\/dev4copopalhinhas.devdg.pt\/es\/producto\/caixa-em-kraft-takeaway-com-tampa-em-pet-174x134x48cm-90cl-900ml\/","og_locale":"es_ES","og_type":"article","og_title":"CAIXA EM KRAFT TAKEAWAY COM TAMPA EM PET 17,4x13,4x4,8CM \/ 90CL (900ML)","og_description":"Caixa em Kraft Takeaway com Tampa em PET, uma solu\u00e7\u00e3o pr\u00e1tica e sustent\u00e1vel para embalar refei\u00e7\u00f5es com efici\u00eancia. Com dimens\u00f5es de 17,4\u00d713,4\u00d74,8cm e uma capacidade de 90cL (900ml), esta caixa \u00e9 ideal para garantir a frescura e a integridade dos seus pratos durante o transporte.  \u00a0\u00a0","og_url":"https:\/\/dev4copopalhinhas.devdg.pt\/es\/producto\/caixa-em-kraft-takeaway-com-tampa-em-pet-174x134x48cm-90cl-900ml\/","og_site_name":"Copopalhinhas","article_publisher":"https:\/\/www.facebook.com\/copopalhinhas","article_modified_time":"2025-10-08T10:07:35+00:00","og_image":[{"width":1000,"height":1000,"url":"https:\/\/dev4copopalhinhas.devdg.pt\/wp-content\/uploads\/HOS226.98-CAIXA-KRAFT-TAKEAWAY-TAMPA-PET-174\u00d7134\u00d748CM-90CL-copopalhinhas-web-1.png","type":"image\/png"}],"twitter_card":"summary_large_image","twitter_site":"@copopalhinhas","schema":{"@context":"https:\/\/schema.org","@graph":[{"@type":"WebPage","@id":"https:\/\/dev4copopalhinhas.devdg.pt\/produto\/caixa-em-kraft-takeaway-com-tampa-em-pet-174x134x48cm-90cl-900ml\/","url":"https:\/\/dev4copopalhinhas.devdg.pt\/produto\/caixa-em-kraft-takeaway-com-tampa-em-pet-174x134x48cm-90cl-900ml\/","name":"CAIXA EM KRAFT TAKEAWAY COM TAMPA EM PET 17,4x13,4x4,8CM \/ 90CL (900ML) - Copopalhinhas","isPartOf":{"@id":"https:\/\/dev4copopalhinhas.devdg.pt\/#website"},"primaryImageOfPage":{"@id":"https:\/\/dev4copopalhinhas.devdg.pt\/produto\/caixa-em-kraft-takeaway-com-tampa-em-pet-174x134x48cm-90cl-900ml\/#primaryimage"},"image":{"@id":"https:\/\/dev4copopalhinhas.devdg.pt\/produto\/caixa-em-kraft-takeaway-com-tampa-em-pet-174x134x48cm-90cl-900ml\/#primaryimage"},"thumbnailUrl":"https:\/\/dev4copopalhinhas.devdg.pt\/wp-content\/uploads\/HOS226.98-CAIXA-KRAFT-TAKEAWAY-TAMPA-PET-174\u00d7134\u00d748CM-90CL-copopalhinhas-web-1.png","datePublished":"2025-04-28T08:13:05+00:00","dateModified":"2025-10-08T10:07:35+00:00","breadcrumb":{"@id":"https:\/\/dev4copopalhinhas.devdg.pt\/produto\/caixa-em-kraft-takeaway-com-tampa-em-pet-174x134x48cm-90cl-900ml\/#breadcrumb"},"inLanguage":"es","potentialAction":[{"@type":"ReadAction","target":["https:\/\/dev4copopalhinhas.devdg.pt\/produto\/caixa-em-kraft-takeaway-com-tampa-em-pet-174x134x48cm-90cl-900ml\/"]}]},{"@type":"ImageObject","inLanguage":"es","@id":"https:\/\/dev4copopalhinhas.devdg.pt\/produto\/caixa-em-kraft-takeaway-com-tampa-em-pet-174x134x48cm-90cl-900ml\/#primaryimage","url":"https:\/\/dev4copopalhinhas.devdg.pt\/wp-content\/uploads\/HOS226.98-CAIXA-KRAFT-TAKEAWAY-TAMPA-PET-174\u00d7134\u00d748CM-90CL-copopalhinhas-web-1.png","contentUrl":"https:\/\/dev4copopalhinhas.devdg.pt\/wp-content\/uploads\/HOS226.98-CAIXA-KRAFT-TAKEAWAY-TAMPA-PET-174\u00d7134\u00d748CM-90CL-copopalhinhas-web-1.png","width":1000,"height":1000,"caption":"HOS226.98-CAIXA-KRAFT-TAKEAWAY-TAMPA-PET-17,4\u00d713,4\u00d74,8CM 90CL-copopalhinhas-web-1"},{"@type":"BreadcrumbList","@id":"https:\/\/dev4copopalhinhas.devdg.pt\/produto\/caixa-em-kraft-takeaway-com-tampa-em-pet-174x134x48cm-90cl-900ml\/#breadcrumb","itemListElement":[{"@type":"ListItem","position":1,"name":"In\u00edcio","item":"https:\/\/dev4copopalhinhas.devdg.pt\/"},{"@type":"ListItem","position":2,"name":"Loja","item":"https:\/\/dev4copopalhinhas.devdg.pt\/loja\/"},{"@type":"ListItem","position":3,"name":"CAIXA EM KRAFT TAKEAWAY COM TAMPA EM PET 17,4&#215;13,4&#215;4,8CM \/ 90CL (900ML)"}]},{"@type":"WebSite","@id":"https:\/\/dev4copopalhinhas.devdg.pt\/#website","url":"https:\/\/dev4copopalhinhas.devdg.pt\/","name":"Pajitas para vasos","description":"Os Melhores Pre\u00e7os","publisher":{"@id":"https:\/\/dev4copopalhinhas.devdg.pt\/#organization"},"potentialAction":[{"@type":"SearchAction","target":{"@type":"EntryPoint","urlTemplate":"https:\/\/dev4copopalhinhas.devdg.pt\/?s={search_term_string}"},"query-input":{"@type":"PropertyValueSpecification","valueRequired":true,"valueName":"search_term_string"}}],"inLanguage":"es"},{"@type":"Organization","@id":"https:\/\/dev4copopalhinhas.devdg.pt\/#organization","name":"Pajitas para vasos","url":"https:\/\/dev4copopalhinhas.devdg.pt\/","logo":{"@type":"ImageObject","inLanguage":"es","@id":"https:\/\/dev4copopalhinhas.devdg.pt\/#\/schema\/logo\/image\/","url":"https:\/\/dev4copopalhinhas.devdg.pt\/wp-content\/uploads\/2022\/05\/COPOPALHINHASlogo.png","contentUrl":"https:\/\/dev4copopalhinhas.devdg.pt\/wp-content\/uploads\/2022\/05\/COPOPALHINHASlogo.png","width":1200,"height":323,"caption":"Copopalhinhas"},"image":{"@id":"https:\/\/dev4copopalhinhas.devdg.pt\/#\/schema\/logo\/image\/"},"sameAs":["https:\/\/www.facebook.com\/copopalhinhas","https:\/\/x.com\/copopalhinhas","https:\/\/copopalhinhas.blogspot.pt\/"]}]}},"_links":{"self":[{"href":"https:\/\/dev4copopalhinhas.devdg.pt\/es\/wp-json\/wp\/v2\/product\/67674","targetHints":{"allow":["GET"]}}],"collection":[{"href":"https:\/\/dev4copopalhinhas.devdg.pt\/es\/wp-json\/wp\/v2\/product"}],"about":[{"href":"https:\/\/dev4copopalhinhas.devdg.pt\/es\/wp-json\/wp\/v2\/types\/product"}],"replies":[{"embeddable":true,"href":"https:\/\/dev4copopalhinhas.devdg.pt\/es\/wp-json\/wp\/v2\/comments?post=67674"}],"wp:featuredmedia":[{"embeddable":true,"href":"https:\/\/dev4copopalhinhas.devdg.pt\/es\/wp-json\/wp\/v2\/media\/67678"}],"wp:attachment":[{"href":"https:\/\/dev4copopalhinhas.devdg.pt\/es\/wp-json\/wp\/v2\/media?parent=67674"}],"wp:term":[{"taxonomy":"product_cat","embeddable":true,"href":"https:\/\/dev4copopalhinhas.devdg.pt\/es\/wp-json\/wp\/v2\/product_cat?post=67674"},{"taxonomy":"product_tag","embeddable":true,"href":"https:\/\/dev4copopalhinhas.devdg.pt\/es\/wp-json\/wp\/v2\/product_tag?post=67674"}],"curies":[{"name":"wp","href":"https:\/\/api.w.org\/{rel}","templated":true}]}}