{"id":68532,"date":"2025-05-16T17:01:46","date_gmt":"2025-05-16T16:01:46","guid":{"rendered":"https:\/\/dev4copopalhinhas.devdg.pt\/?post_type=product&#038;p=68532"},"modified":"2025-09-27T08:32:22","modified_gmt":"2025-09-27T07:32:22","slug":"garrafa-termica-em-inox-50cl-500ml-65x265cm","status":"publish","type":"product","link":"https:\/\/dev4copopalhinhas.devdg.pt\/es\/producto\/garrafa-termica-em-inox-50cl-500ml-65x265cm\/","title":{"rendered":"GARRAFA T\u00c9RMICA EM INOX 50CL (500ML) 6,5&#215;26,5CM"},"content":{"rendered":"<p>Com um design elegante e funcional, a sua constru\u00e7\u00e3o de parede dupla com isolamento t\u00e9rmico permite manter a temperatura das bebidas durante mais tempo, sem condensa\u00e7\u00e3o no exterior.<\/p>\n<h4>Caracter\u00edsticas principais:<\/h4>\n<ul>\n<li>Capacidad: 500 ml (50 cl)<\/li>\n<li>Dimens\u00f5es: 6,5 cm (di\u00e2metro) x 26,5 cm (altura)<\/li>\n<li>Material: A\u00e7o inoxid\u00e1vel (sem BPA)<\/li>\n<li>Isolamento t\u00e9rmico de parede dupla \u2013 mant\u00e9m bebidas quentes ou frias<\/li>\n<li>Tampa herm\u00e9tica com rosca segura<\/li>\n<li>Compacta, leve e f\u00e1cil de transportar<\/li>\n<li>Reutiliz\u00e1vel e ecol\u00f3gica \u2013 ideal para reduzir o uso de garrafas pl\u00e1sticas<\/li>\n<\/ul>\n<h4>Benef\u00edcios:<\/h4>\n<ul>\n<li>Mant\u00e9m a temperatura ideal de caf\u00e9, ch\u00e1, \u00e1gua, sumos ou infus\u00f5es<\/li>\n<li>Excelente para uso personal, profesional o escolar.<\/li>\n<li>Material higi\u00e9nico, sem odores e f\u00e1cil de limpar<\/li>\n<li>Dise\u00f1o moderno que combina con cualquier estilo.<\/li>\n<\/ul>\n<p><img decoding=\"async\" src=\"https:\/\/dev4copopalhinhas.devdg.pt\/wp-content\/uploads\/Icons_reutilizaveis.png\" alt=\"\" width=\"30\" height=\"30\" \/>\u00a0<strong>Reutiliz\u00e1veis<\/strong>:Largo ciclo de vida, dependiendo de su uso.<\/p>\n<p><img decoding=\"async\" src=\"https:\/\/dev4copopalhinhas.devdg.pt\/wp-content\/uploads\/Icons_alimentos.png\" alt=\"\" width=\"30\" height=\"30\" \/>\u00a0<strong>Alimento<\/strong>: Pr\u00f3prios para consumo alimentar<\/p>","protected":false},"excerpt":{"rendered":"<p>Leve as suas bebidas favoritas para todo o lado com esta garrafa t\u00e9rmica em inox de 500 ml, ideal para manter l\u00edquidos quentes ou frios por v\u00e1rias horas. Fabricada em a\u00e7o inoxid\u00e1vel de alta qualidade, esta garrafa \u00e9 resistente, dur\u00e1vel e perfeita para o dia-a-dia no trabalho, na escola, em viagens ou atividades ao ar livre.<\/p>\n<p><img decoding=\"async\" src=\"https:\/\/dev4copopalhinhas.devdg.pt\/wp-content\/uploads\/Icons_reutilizaveis.png\" alt=\"\" width=\"30\" height=\"30\" \/>\u00a0<img decoding=\"async\" src=\"https:\/\/dev4copopalhinhas.devdg.pt\/wp-content\/uploads\/Icons_alimentos.png\" alt=\"\" width=\"30\" height=\"30\" \/>\u00a0<img decoding=\"async\" src=\"https:\/\/dev4copopalhinhas.devdg.pt\/wp-content\/uploads\/Icon_reciclaveis.png\" alt=\"\" width=\"30\" height=\"30\" \/><\/p>","protected":false},"featured_media":68535,"comment_status":"open","ping_status":"closed","template":"","meta":{"_acf_changed":false},"product_cat":[2004,2006,1770,1455,1510,1480,1425],"product_tag":[1586,1568],"class_list":{"0":"post-68532","1":"product","2":"type-product","3":"status-publish","4":"has-post-thumbnail","6":"product_cat-embalagens-reutilizaveis","7":"product_cat-inox","8":"product_cat-cinzento","9":"product_cat-41-50cl","10":"product_cat-inquebravel","11":"product_cat-inox-materia-prima","12":"product_cat-garrafas","13":"product_tag-sub-menu-embalagens-reutilizaveis","14":"product_tag-menu-reutilizaveis","15":"pa_qtd-por-caixa-297","16":"tm-no-options","18":"first","19":"instock","20":"taxable","21":"shipping-taxable","22":"purchasable","23":"product-type-variable"},"acf":[],"yoast_head":"<!-- This site is optimized with the Yoast SEO Premium plugin v23.9 (Yoast SEO v23.9) - https:\/\/yoast.com\/wordpress\/plugins\/seo\/ -->\n<title>GARRAFA T\u00c9RMICA EM INOX 50CL (500ML) 6,5x26,5CM - Copopalhinhas<\/title>\n<meta name=\"robots\" content=\"index, follow, max-snippet:-1, max-image-preview:large, max-video-preview:-1\" \/>\n<link rel=\"canonical\" href=\"https:\/\/dev4copopalhinhas.devdg.pt\/es\/producto\/garrafa-termica-em-inox-50cl-500ml-65x265cm\/\" \/>\n<meta property=\"og:locale\" content=\"es_ES\" \/>\n<meta property=\"og:type\" content=\"article\" \/>\n<meta property=\"og:title\" content=\"GARRAFA T\u00c9RMICA EM INOX 50CL (500ML) 6,5x26,5CM\" \/>\n<meta property=\"og:description\" content=\"Leve as suas bebidas favoritas para todo o lado com esta garrafa t\u00e9rmica em inox de 500 ml, ideal para manter l\u00edquidos quentes ou frios por v\u00e1rias horas. Fabricada em a\u00e7o inoxid\u00e1vel de alta qualidade, esta garrafa \u00e9 resistente, dur\u00e1vel e perfeita para o dia-a-dia no trabalho, na escola, em viagens ou atividades ao ar livre. \u00a0\u00a0\" \/>\n<meta property=\"og:url\" content=\"https:\/\/dev4copopalhinhas.devdg.pt\/es\/producto\/garrafa-termica-em-inox-50cl-500ml-65x265cm\/\" \/>\n<meta property=\"og:site_name\" content=\"Copopalhinhas\" \/>\n<meta property=\"article:publisher\" content=\"https:\/\/www.facebook.com\/copopalhinhas\" \/>\n<meta property=\"article:modified_time\" content=\"2025-09-27T07:32:22+00:00\" \/>\n<meta property=\"og:image\" content=\"https:\/\/copopalhinhas.b-cdn.net\/wp-content\/uploads\/0432271801-garrafa-termica-inox-copopalhinhas-web1.png\" \/>\n\t<meta property=\"og:image:width\" content=\"1000\" \/>\n\t<meta property=\"og:image:height\" content=\"1000\" \/>\n\t<meta property=\"og:image:type\" content=\"image\/png\" \/>\n<meta name=\"twitter:card\" content=\"summary_large_image\" \/>\n<meta name=\"twitter:site\" content=\"@copopalhinhas\" \/>\n<script type=\"application\/ld+json\" class=\"yoast-schema-graph\">{\"@context\":\"https:\/\/schema.org\",\"@graph\":[{\"@type\":\"WebPage\",\"@id\":\"https:\/\/dev4copopalhinhas.devdg.pt\/produto\/garrafa-termica-em-inox-50cl-500ml-65x265cm\/\",\"url\":\"https:\/\/dev4copopalhinhas.devdg.pt\/produto\/garrafa-termica-em-inox-50cl-500ml-65x265cm\/\",\"name\":\"GARRAFA T\u00c9RMICA EM INOX 50CL (500ML) 6,5x26,5CM - Copopalhinhas\",\"isPartOf\":{\"@id\":\"https:\/\/dev4copopalhinhas.devdg.pt\/#website\"},\"primaryImageOfPage\":{\"@id\":\"https:\/\/dev4copopalhinhas.devdg.pt\/produto\/garrafa-termica-em-inox-50cl-500ml-65x265cm\/#primaryimage\"},\"image\":{\"@id\":\"https:\/\/dev4copopalhinhas.devdg.pt\/produto\/garrafa-termica-em-inox-50cl-500ml-65x265cm\/#primaryimage\"},\"thumbnailUrl\":\"https:\/\/dev4copopalhinhas.devdg.pt\/wp-content\/uploads\/0432271801-garrafa-termica-inox-copopalhinhas-web1.png\",\"datePublished\":\"2025-05-16T16:01:46+00:00\",\"dateModified\":\"2025-09-27T07:32:22+00:00\",\"breadcrumb\":{\"@id\":\"https:\/\/dev4copopalhinhas.devdg.pt\/produto\/garrafa-termica-em-inox-50cl-500ml-65x265cm\/#breadcrumb\"},\"inLanguage\":\"es\",\"potentialAction\":[{\"@type\":\"ReadAction\",\"target\":[\"https:\/\/dev4copopalhinhas.devdg.pt\/produto\/garrafa-termica-em-inox-50cl-500ml-65x265cm\/\"]}]},{\"@type\":\"ImageObject\",\"inLanguage\":\"es\",\"@id\":\"https:\/\/dev4copopalhinhas.devdg.pt\/produto\/garrafa-termica-em-inox-50cl-500ml-65x265cm\/#primaryimage\",\"url\":\"https:\/\/dev4copopalhinhas.devdg.pt\/wp-content\/uploads\/0432271801-garrafa-termica-inox-copopalhinhas-web1.png\",\"contentUrl\":\"https:\/\/dev4copopalhinhas.devdg.pt\/wp-content\/uploads\/0432271801-garrafa-termica-inox-copopalhinhas-web1.png\",\"width\":1000,\"height\":1000,\"caption\":\"0432271801-garrafa-termica-inox-copopalhinhas-web1\"},{\"@type\":\"BreadcrumbList\",\"@id\":\"https:\/\/dev4copopalhinhas.devdg.pt\/produto\/garrafa-termica-em-inox-50cl-500ml-65x265cm\/#breadcrumb\",\"itemListElement\":[{\"@type\":\"ListItem\",\"position\":1,\"name\":\"In\u00edcio\",\"item\":\"https:\/\/dev4copopalhinhas.devdg.pt\/\"},{\"@type\":\"ListItem\",\"position\":2,\"name\":\"Loja\",\"item\":\"https:\/\/dev4copopalhinhas.devdg.pt\/loja\/\"},{\"@type\":\"ListItem\",\"position\":3,\"name\":\"GARRAFA T\u00c9RMICA EM INOX 50CL (500ML) 6,5&#215;26,5CM\"}]},{\"@type\":\"WebSite\",\"@id\":\"https:\/\/dev4copopalhinhas.devdg.pt\/#website\",\"url\":\"https:\/\/dev4copopalhinhas.devdg.pt\/\",\"name\":\"Copopalhinhas\",\"description\":\"Os Melhores Pre\u00e7os\",\"publisher\":{\"@id\":\"https:\/\/dev4copopalhinhas.devdg.pt\/#organization\"},\"potentialAction\":[{\"@type\":\"SearchAction\",\"target\":{\"@type\":\"EntryPoint\",\"urlTemplate\":\"https:\/\/dev4copopalhinhas.devdg.pt\/?s={search_term_string}\"},\"query-input\":{\"@type\":\"PropertyValueSpecification\",\"valueRequired\":true,\"valueName\":\"search_term_string\"}}],\"inLanguage\":\"es\"},{\"@type\":\"Organization\",\"@id\":\"https:\/\/dev4copopalhinhas.devdg.pt\/#organization\",\"name\":\"Copopalhinhas\",\"url\":\"https:\/\/dev4copopalhinhas.devdg.pt\/\",\"logo\":{\"@type\":\"ImageObject\",\"inLanguage\":\"es\",\"@id\":\"https:\/\/dev4copopalhinhas.devdg.pt\/#\/schema\/logo\/image\/\",\"url\":\"https:\/\/dev4copopalhinhas.devdg.pt\/wp-content\/uploads\/2022\/05\/COPOPALHINHASlogo.png\",\"contentUrl\":\"https:\/\/dev4copopalhinhas.devdg.pt\/wp-content\/uploads\/2022\/05\/COPOPALHINHASlogo.png\",\"width\":1200,\"height\":323,\"caption\":\"Copopalhinhas\"},\"image\":{\"@id\":\"https:\/\/dev4copopalhinhas.devdg.pt\/#\/schema\/logo\/image\/\"},\"sameAs\":[\"https:\/\/www.facebook.com\/copopalhinhas\",\"https:\/\/x.com\/copopalhinhas\",\"https:\/\/copopalhinhas.blogspot.pt\/\"]}]}<\/script>\n<!-- \/ Yoast SEO Premium plugin. -->","yoast_head_json":{"title":"GARRAFA T\u00c9RMICA EM INOX 50CL (500ML) 6,5x26,5CM - Copopalhinhas","robots":{"index":"index","follow":"follow","max-snippet":"max-snippet:-1","max-image-preview":"max-image-preview:large","max-video-preview":"max-video-preview:-1"},"canonical":"https:\/\/dev4copopalhinhas.devdg.pt\/es\/producto\/garrafa-termica-em-inox-50cl-500ml-65x265cm\/","og_locale":"es_ES","og_type":"article","og_title":"GARRAFA T\u00c9RMICA EM INOX 50CL (500ML) 6,5x26,5CM","og_description":"Leve as suas bebidas favoritas para todo o lado com esta garrafa t\u00e9rmica em inox de 500 ml, ideal para manter l\u00edquidos quentes ou frios por v\u00e1rias horas. Fabricada em a\u00e7o inoxid\u00e1vel de alta qualidade, esta garrafa \u00e9 resistente, dur\u00e1vel e perfeita para o dia-a-dia no trabalho, na escola, em viagens ou atividades ao ar livre. \u00a0\u00a0","og_url":"https:\/\/dev4copopalhinhas.devdg.pt\/es\/producto\/garrafa-termica-em-inox-50cl-500ml-65x265cm\/","og_site_name":"Copopalhinhas","article_publisher":"https:\/\/www.facebook.com\/copopalhinhas","article_modified_time":"2025-09-27T07:32:22+00:00","og_image":[{"width":1000,"height":1000,"url":"https:\/\/copopalhinhas.b-cdn.net\/wp-content\/uploads\/0432271801-garrafa-termica-inox-copopalhinhas-web1.png","type":"image\/png"}],"twitter_card":"summary_large_image","twitter_site":"@copopalhinhas","schema":{"@context":"https:\/\/schema.org","@graph":[{"@type":"WebPage","@id":"https:\/\/dev4copopalhinhas.devdg.pt\/produto\/garrafa-termica-em-inox-50cl-500ml-65x265cm\/","url":"https:\/\/dev4copopalhinhas.devdg.pt\/produto\/garrafa-termica-em-inox-50cl-500ml-65x265cm\/","name":"GARRAFA T\u00c9RMICA EM INOX 50CL (500ML) 6,5x26,5CM - Copopalhinhas","isPartOf":{"@id":"https:\/\/dev4copopalhinhas.devdg.pt\/#website"},"primaryImageOfPage":{"@id":"https:\/\/dev4copopalhinhas.devdg.pt\/produto\/garrafa-termica-em-inox-50cl-500ml-65x265cm\/#primaryimage"},"image":{"@id":"https:\/\/dev4copopalhinhas.devdg.pt\/produto\/garrafa-termica-em-inox-50cl-500ml-65x265cm\/#primaryimage"},"thumbnailUrl":"https:\/\/dev4copopalhinhas.devdg.pt\/wp-content\/uploads\/0432271801-garrafa-termica-inox-copopalhinhas-web1.png","datePublished":"2025-05-16T16:01:46+00:00","dateModified":"2025-09-27T07:32:22+00:00","breadcrumb":{"@id":"https:\/\/dev4copopalhinhas.devdg.pt\/produto\/garrafa-termica-em-inox-50cl-500ml-65x265cm\/#breadcrumb"},"inLanguage":"es","potentialAction":[{"@type":"ReadAction","target":["https:\/\/dev4copopalhinhas.devdg.pt\/produto\/garrafa-termica-em-inox-50cl-500ml-65x265cm\/"]}]},{"@type":"ImageObject","inLanguage":"es","@id":"https:\/\/dev4copopalhinhas.devdg.pt\/produto\/garrafa-termica-em-inox-50cl-500ml-65x265cm\/#primaryimage","url":"https:\/\/dev4copopalhinhas.devdg.pt\/wp-content\/uploads\/0432271801-garrafa-termica-inox-copopalhinhas-web1.png","contentUrl":"https:\/\/dev4copopalhinhas.devdg.pt\/wp-content\/uploads\/0432271801-garrafa-termica-inox-copopalhinhas-web1.png","width":1000,"height":1000,"caption":"0432271801-garrafa-termica-inox-copopalhinhas-web1"},{"@type":"BreadcrumbList","@id":"https:\/\/dev4copopalhinhas.devdg.pt\/produto\/garrafa-termica-em-inox-50cl-500ml-65x265cm\/#breadcrumb","itemListElement":[{"@type":"ListItem","position":1,"name":"In\u00edcio","item":"https:\/\/dev4copopalhinhas.devdg.pt\/"},{"@type":"ListItem","position":2,"name":"Loja","item":"https:\/\/dev4copopalhinhas.devdg.pt\/loja\/"},{"@type":"ListItem","position":3,"name":"GARRAFA T\u00c9RMICA EM INOX 50CL (500ML) 6,5&#215;26,5CM"}]},{"@type":"WebSite","@id":"https:\/\/dev4copopalhinhas.devdg.pt\/#website","url":"https:\/\/dev4copopalhinhas.devdg.pt\/","name":"Pajitas para vasos","description":"Os Melhores Pre\u00e7os","publisher":{"@id":"https:\/\/dev4copopalhinhas.devdg.pt\/#organization"},"potentialAction":[{"@type":"SearchAction","target":{"@type":"EntryPoint","urlTemplate":"https:\/\/dev4copopalhinhas.devdg.pt\/?s={search_term_string}"},"query-input":{"@type":"PropertyValueSpecification","valueRequired":true,"valueName":"search_term_string"}}],"inLanguage":"es"},{"@type":"Organization","@id":"https:\/\/dev4copopalhinhas.devdg.pt\/#organization","name":"Pajitas para vasos","url":"https:\/\/dev4copopalhinhas.devdg.pt\/","logo":{"@type":"ImageObject","inLanguage":"es","@id":"https:\/\/dev4copopalhinhas.devdg.pt\/#\/schema\/logo\/image\/","url":"https:\/\/dev4copopalhinhas.devdg.pt\/wp-content\/uploads\/2022\/05\/COPOPALHINHASlogo.png","contentUrl":"https:\/\/dev4copopalhinhas.devdg.pt\/wp-content\/uploads\/2022\/05\/COPOPALHINHASlogo.png","width":1200,"height":323,"caption":"Copopalhinhas"},"image":{"@id":"https:\/\/dev4copopalhinhas.devdg.pt\/#\/schema\/logo\/image\/"},"sameAs":["https:\/\/www.facebook.com\/copopalhinhas","https:\/\/x.com\/copopalhinhas","https:\/\/copopalhinhas.blogspot.pt\/"]}]}},"_links":{"self":[{"href":"https:\/\/dev4copopalhinhas.devdg.pt\/es\/wp-json\/wp\/v2\/product\/68532","targetHints":{"allow":["GET"]}}],"collection":[{"href":"https:\/\/dev4copopalhinhas.devdg.pt\/es\/wp-json\/wp\/v2\/product"}],"about":[{"href":"https:\/\/dev4copopalhinhas.devdg.pt\/es\/wp-json\/wp\/v2\/types\/product"}],"replies":[{"embeddable":true,"href":"https:\/\/dev4copopalhinhas.devdg.pt\/es\/wp-json\/wp\/v2\/comments?post=68532"}],"wp:featuredmedia":[{"embeddable":true,"href":"https:\/\/dev4copopalhinhas.devdg.pt\/es\/wp-json\/wp\/v2\/media\/68535"}],"wp:attachment":[{"href":"https:\/\/dev4copopalhinhas.devdg.pt\/es\/wp-json\/wp\/v2\/media?parent=68532"}],"wp:term":[{"taxonomy":"product_cat","embeddable":true,"href":"https:\/\/dev4copopalhinhas.devdg.pt\/es\/wp-json\/wp\/v2\/product_cat?post=68532"},{"taxonomy":"product_tag","embeddable":true,"href":"https:\/\/dev4copopalhinhas.devdg.pt\/es\/wp-json\/wp\/v2\/product_tag?post=68532"}],"curies":[{"name":"wp","href":"https:\/\/api.w.org\/{rel}","templated":true}]}}