{"id":68583,"date":"2025-05-19T09:44:15","date_gmt":"2025-05-19T08:44:15","guid":{"rendered":"https:\/\/dev4copopalhinhas.devdg.pt\/?post_type=product&#038;p=68583"},"modified":"2025-09-27T08:32:34","modified_gmt":"2025-09-27T07:32:34","slug":"travessa-oval-funda-inox-20x14cm","status":"publish","type":"product","link":"https:\/\/dev4copopalhinhas.devdg.pt\/es\/producto\/travessa-oval-funda-inox-20x14cm\/","title":{"rendered":"Bandeja profunda ovalada de acero inoxidable 20x14cm"},"content":{"rendered":"<h2>Bandeja de servicio ovalada profunda de acero inoxidable de 20 x 14 cm<\/h2>\n<p>EL <strong>bandeja ovalada de acero inoxidable<\/strong> 20&#215;14 cm foi concebida para servi\u00e7o di\u00e1rio com m\u00e1xima fiabilidade. Porque \u00e9 produzida em a\u00e7o inoxid\u00e1vel de alta resist\u00eancia, mant\u00e9m o brilho, resiste \u00e0 corros\u00e3o e suporta um uso intensivo em ambientes profissionais. Al\u00e9m disso, o formato <em>\u00f3valo profundo<\/em> permite conter molhos, l\u00edquidos e acompanhamentos com seguran\u00e7a, sem salpicos e com melhor apresenta\u00e7\u00e3o.<\/p>\n<h3>\u00bfPor qu\u00e9 elegir la bandeja ovalada de acero inoxidable?<\/h3>\n<p>Antes de mais, a estrutura s\u00f3lida garante estabilidade na mesa e no passe. Assim, a <strong>bandeja ovalada de acero inoxidable<\/strong> suporta temperaturas de servi\u00e7o comuns e n\u00e3o ret\u00e9m odores. Em seguida, o acabamento liso facilita a lavagem e reduz o tempo de higieniza\u00e7\u00e3o entre turnos. Deste modo, consegue elevar a rota\u00e7\u00e3o de mesas sem comprometer a qualidade do servi\u00e7o.<\/p>\n<h3>Dimens\u00e3o 20&#215;14 cm: Versatilidade e Controlo<\/h3>\n<p>Con 20 cm de largo y 14 cm de ancho, el <strong>Bandeja de acero inoxidable 20\u00d714<\/strong> funciona como pe\u00e7a individual, prato de acompanhamento ou recipiente para partilha em buffets. Por conseguinte, adapta-se a caf\u00e9s, restaurantes, cantinas, hot\u00e9is, <em>llevar<\/em> y eventos. Al mismo tiempo, el perfil profundo ayuda a mantener la temperatura de los alimentos por m\u00e1s tiempo.<\/p>\n<h3>Design Funcional e Empilh\u00e1vel<\/h3>\n<p>As bordas arredondadas facilitam a pega e melhoram a ergonomia na linha de servi\u00e7o. Entretanto, o desenho permite <strong>pila<\/strong> v\u00e1rias unidades sem marcar a superf\u00edcie, o que poupa espa\u00e7o em arm\u00e1rios, estantes e carrinhos. Como resultado, a opera\u00e7\u00e3o torna-se mais organizada e a reposi\u00e7\u00e3o fica mais r\u00e1pida nos momentos de maior movimento.<\/p>\n<h3>Higiene e Manuten\u00e7\u00e3o<\/h3>\n<p>O a\u00e7o inoxid\u00e1vel \u00e9 inerentemente higi\u00e9nico e f\u00e1cil de sanitizar. Por isso, a <strong>bandeja ovalada profunda<\/strong> suporta lavagem frequente com detergentes profissionais e enxaguamento a quente. Para prolongar o brilho, seque ap\u00f3s a lavagem e evite palhas abrasivas. Assim, preserva o aspeto premium e a boa imagem do seu neg\u00f3cio durante mais tempo.<\/p>\n<h3>Utiliza\u00e7\u00f5es Sugeridas<\/h3>\n<p>Sirva guarniciones, patatas, verduras, ensaladas, <em>bofetadas<\/em>Postres individuales, entrantes fr\u00edos o salsas. En buffets y banquetes, <strong>travessa a\u00e7o inoxid\u00e1vel<\/strong> integra-se facilmente com outras loi\u00e7as met\u00e1licas e porcelanas, garantindo coer\u00eancia visual e elevada durabilidade. Al\u00e9m disso, a forma oval valoriza a apresenta\u00e7\u00e3o e cria uma composi\u00e7\u00e3o mais fluida na mesa.<\/p>\n<h3>Benef\u00edcios em Resumo<\/h3>\n<p><strong>Resistente y duradero:<\/strong> a\u00e7o inox de qualidade com excelente reten\u00e7\u00e3o de brilho.<\/p>\n<p><strong>Formato funcional:<\/strong> oval funda que cont\u00e9m l\u00edquidos e melhora a seguran\u00e7a no transporte.<\/p>\n<p><strong>Higiene simplificada:<\/strong> superf\u00edcie lisa que simplifica a limpeza e reduz tempos de paragem.<\/p>\n<p><strong>Empilh\u00e1vel e compacta:<\/strong> armazenamento eficiente que poupa espa\u00e7o.<\/p>\n<h3>Conclus\u00e3o<\/h3>\n<p>En resumen, el <strong>bandeja ovalada de acero inoxidable<\/strong> 20&#215;14 cm combina robustez, higiene e est\u00e9tica profissional. Portanto, \u00e9 a escolha certa para quem procura uma pe\u00e7a vers\u00e1til, eficiente e pronta para o ritmo da restaura\u00e7\u00e3o moderna. Veja mais <a href=\"https:\/\/dev4copopalhinhas.devdg.pt\/es\/categorias\/loucas-inox\/\">Lou\u00e7as Inox<\/a>.<\/p>","protected":false},"excerpt":{"rendered":"<p><strong>Bandeja ovalada de acero inoxidable<\/strong> 20&#215;14 cm, funda e empilh\u00e1vel: resistente, higi\u00e9nica e ideal para acompanhamentos, partilhas e servi\u00e7o di\u00e1rio em restaura\u00e7\u00e3o.<\/p>","protected":false},"featured_media":68585,"comment_status":"open","ping_status":"closed","template":"","meta":{"_acf_changed":false},"product_cat":[2069,2006,2253,1770,1511,1458,234],"product_tag":[1578,1568],"class_list":{"0":"post-68583","1":"product","2":"type-product","3":"status-publish","4":"has-post-thumbnail","6":"product_cat-bandejas-e-tabuleiros","7":"product_cat-inox","8":"product_cat-loucas-inox","9":"product_cat-cinzento","10":"product_cat-reutilizaveis-caracteristica","11":"product_cat-bandejas","12":"product_cat-acessorios","13":"product_tag-sub-menu-loucas-premium","14":"product_tag-menu-reutilizaveis","15":"pa_qtd-por-caixa-297","16":"tm-no-options","18":"first","19":"instock","20":"taxable","21":"shipping-taxable","22":"purchasable","23":"product-type-variable"},"acf":[],"yoast_head":"<!-- This site is optimized with the Yoast SEO Premium plugin v23.9 (Yoast SEO v23.9) - https:\/\/yoast.com\/wordpress\/plugins\/seo\/ -->\n<title>TRAVESSA OVAL FUNDA EM INOX 20x14CM<\/title>\n<meta name=\"description\" content=\"Travessa oval funda em a\u00e7o inox 20x14 cm: resistente, higi\u00e9nica e empilh\u00e1vel. Ideal para servi\u00e7o e acompanhamentos em caf\u00e9s, hot\u00e9is e restaura\u00e7\u00e3o.\" \/>\n<meta name=\"robots\" content=\"index, follow, max-snippet:-1, max-image-preview:large, max-video-preview:-1\" \/>\n<link rel=\"canonical\" href=\"https:\/\/dev4copopalhinhas.devdg.pt\/es\/producto\/travessa-oval-funda-inox-20x14cm\/\" \/>\n<meta property=\"og:locale\" content=\"es_ES\" \/>\n<meta property=\"og:type\" content=\"article\" \/>\n<meta property=\"og:title\" content=\"TRAVESSA OVAL FUNDA EM INOX 20x14CM\" \/>\n<meta property=\"og:description\" content=\"Travessa oval funda em a\u00e7o inox 20x14 cm: resistente, higi\u00e9nica e empilh\u00e1vel. Ideal para servi\u00e7o e acompanhamentos em caf\u00e9s, hot\u00e9is e restaura\u00e7\u00e3o.\" \/>\n<meta property=\"og:url\" content=\"https:\/\/dev4copopalhinhas.devdg.pt\/es\/producto\/travessa-oval-funda-inox-20x14cm\/\" \/>\n<meta property=\"og:site_name\" content=\"Copopalhinhas\" \/>\n<meta property=\"article:publisher\" content=\"https:\/\/www.facebook.com\/copopalhinhas\" \/>\n<meta property=\"article:modified_time\" content=\"2025-09-27T07:32:34+00:00\" \/>\n<meta property=\"og:image\" content=\"https:\/\/copopalhinhas.b-cdn.net\/wp-content\/uploads\/travessa-oval-inox-04324300203-copopalhinhas-web-1.png\" \/>\n\t<meta property=\"og:image:width\" content=\"1000\" \/>\n\t<meta property=\"og:image:height\" content=\"1000\" \/>\n\t<meta property=\"og:image:type\" content=\"image\/png\" \/>\n<meta name=\"twitter:card\" content=\"summary_large_image\" \/>\n<meta name=\"twitter:site\" content=\"@copopalhinhas\" \/>\n<script type=\"application\/ld+json\" class=\"yoast-schema-graph\">{\"@context\":\"https:\/\/schema.org\",\"@graph\":[{\"@type\":\"WebPage\",\"@id\":\"https:\/\/dev4copopalhinhas.devdg.pt\/produto\/travessa-oval-funda-inox-20x14cm\/\",\"url\":\"https:\/\/dev4copopalhinhas.devdg.pt\/produto\/travessa-oval-funda-inox-20x14cm\/\",\"name\":\"TRAVESSA OVAL FUNDA EM INOX 20x14CM\",\"isPartOf\":{\"@id\":\"https:\/\/dev4copopalhinhas.devdg.pt\/#website\"},\"primaryImageOfPage\":{\"@id\":\"https:\/\/dev4copopalhinhas.devdg.pt\/produto\/travessa-oval-funda-inox-20x14cm\/#primaryimage\"},\"image\":{\"@id\":\"https:\/\/dev4copopalhinhas.devdg.pt\/produto\/travessa-oval-funda-inox-20x14cm\/#primaryimage\"},\"thumbnailUrl\":\"https:\/\/dev4copopalhinhas.devdg.pt\/wp-content\/uploads\/travessa-oval-inox-04324300203-copopalhinhas-web-1.png\",\"datePublished\":\"2025-05-19T08:44:15+00:00\",\"dateModified\":\"2025-09-27T07:32:34+00:00\",\"description\":\"Travessa oval funda em a\u00e7o inox 20x14 cm: resistente, higi\u00e9nica e empilh\u00e1vel. Ideal para servi\u00e7o e acompanhamentos em caf\u00e9s, hot\u00e9is e restaura\u00e7\u00e3o.\",\"breadcrumb\":{\"@id\":\"https:\/\/dev4copopalhinhas.devdg.pt\/produto\/travessa-oval-funda-inox-20x14cm\/#breadcrumb\"},\"inLanguage\":\"es\",\"potentialAction\":[{\"@type\":\"ReadAction\",\"target\":[\"https:\/\/dev4copopalhinhas.devdg.pt\/produto\/travessa-oval-funda-inox-20x14cm\/\"]}]},{\"@type\":\"ImageObject\",\"inLanguage\":\"es\",\"@id\":\"https:\/\/dev4copopalhinhas.devdg.pt\/produto\/travessa-oval-funda-inox-20x14cm\/#primaryimage\",\"url\":\"https:\/\/dev4copopalhinhas.devdg.pt\/wp-content\/uploads\/travessa-oval-inox-04324300203-copopalhinhas-web-1.png\",\"contentUrl\":\"https:\/\/dev4copopalhinhas.devdg.pt\/wp-content\/uploads\/travessa-oval-inox-04324300203-copopalhinhas-web-1.png\",\"width\":1000,\"height\":1000,\"caption\":\"travessa-oval-inox-04324300203-copopalhinhas-web-1\"},{\"@type\":\"BreadcrumbList\",\"@id\":\"https:\/\/dev4copopalhinhas.devdg.pt\/produto\/travessa-oval-funda-inox-20x14cm\/#breadcrumb\",\"itemListElement\":[{\"@type\":\"ListItem\",\"position\":1,\"name\":\"In\u00edcio\",\"item\":\"https:\/\/dev4copopalhinhas.devdg.pt\/\"},{\"@type\":\"ListItem\",\"position\":2,\"name\":\"Loja\",\"item\":\"https:\/\/dev4copopalhinhas.devdg.pt\/loja\/\"},{\"@type\":\"ListItem\",\"position\":3,\"name\":\"TRAVESSA OVAL FUNDA EM INOX 20x14CM\"}]},{\"@type\":\"WebSite\",\"@id\":\"https:\/\/dev4copopalhinhas.devdg.pt\/#website\",\"url\":\"https:\/\/dev4copopalhinhas.devdg.pt\/\",\"name\":\"Copopalhinhas\",\"description\":\"Os Melhores Pre\u00e7os\",\"publisher\":{\"@id\":\"https:\/\/dev4copopalhinhas.devdg.pt\/#organization\"},\"potentialAction\":[{\"@type\":\"SearchAction\",\"target\":{\"@type\":\"EntryPoint\",\"urlTemplate\":\"https:\/\/dev4copopalhinhas.devdg.pt\/?s={search_term_string}\"},\"query-input\":{\"@type\":\"PropertyValueSpecification\",\"valueRequired\":true,\"valueName\":\"search_term_string\"}}],\"inLanguage\":\"es\"},{\"@type\":\"Organization\",\"@id\":\"https:\/\/dev4copopalhinhas.devdg.pt\/#organization\",\"name\":\"Copopalhinhas\",\"url\":\"https:\/\/dev4copopalhinhas.devdg.pt\/\",\"logo\":{\"@type\":\"ImageObject\",\"inLanguage\":\"es\",\"@id\":\"https:\/\/dev4copopalhinhas.devdg.pt\/#\/schema\/logo\/image\/\",\"url\":\"https:\/\/dev4copopalhinhas.devdg.pt\/wp-content\/uploads\/2022\/05\/COPOPALHINHASlogo.png\",\"contentUrl\":\"https:\/\/dev4copopalhinhas.devdg.pt\/wp-content\/uploads\/2022\/05\/COPOPALHINHASlogo.png\",\"width\":1200,\"height\":323,\"caption\":\"Copopalhinhas\"},\"image\":{\"@id\":\"https:\/\/dev4copopalhinhas.devdg.pt\/#\/schema\/logo\/image\/\"},\"sameAs\":[\"https:\/\/www.facebook.com\/copopalhinhas\",\"https:\/\/x.com\/copopalhinhas\",\"https:\/\/copopalhinhas.blogspot.pt\/\"]}]}<\/script>\n<!-- \/ Yoast SEO Premium plugin. -->","yoast_head_json":{"title":"Bandeja profunda ovalada de acero inoxidable 20x14cm","description":"Travessa oval funda em a\u00e7o inox 20x14 cm: resistente, higi\u00e9nica e empilh\u00e1vel. Ideal para servi\u00e7o e acompanhamentos em caf\u00e9s, hot\u00e9is e restaura\u00e7\u00e3o.","robots":{"index":"index","follow":"follow","max-snippet":"max-snippet:-1","max-image-preview":"max-image-preview:large","max-video-preview":"max-video-preview:-1"},"canonical":"https:\/\/dev4copopalhinhas.devdg.pt\/es\/producto\/travessa-oval-funda-inox-20x14cm\/","og_locale":"es_ES","og_type":"article","og_title":"TRAVESSA OVAL FUNDA EM INOX 20x14CM","og_description":"Travessa oval funda em a\u00e7o inox 20x14 cm: resistente, higi\u00e9nica e empilh\u00e1vel. Ideal para servi\u00e7o e acompanhamentos em caf\u00e9s, hot\u00e9is e restaura\u00e7\u00e3o.","og_url":"https:\/\/dev4copopalhinhas.devdg.pt\/es\/producto\/travessa-oval-funda-inox-20x14cm\/","og_site_name":"Copopalhinhas","article_publisher":"https:\/\/www.facebook.com\/copopalhinhas","article_modified_time":"2025-09-27T07:32:34+00:00","og_image":[{"width":1000,"height":1000,"url":"https:\/\/copopalhinhas.b-cdn.net\/wp-content\/uploads\/travessa-oval-inox-04324300203-copopalhinhas-web-1.png","type":"image\/png"}],"twitter_card":"summary_large_image","twitter_site":"@copopalhinhas","schema":{"@context":"https:\/\/schema.org","@graph":[{"@type":"WebPage","@id":"https:\/\/dev4copopalhinhas.devdg.pt\/produto\/travessa-oval-funda-inox-20x14cm\/","url":"https:\/\/dev4copopalhinhas.devdg.pt\/produto\/travessa-oval-funda-inox-20x14cm\/","name":"Bandeja profunda ovalada de acero inoxidable 20x14cm","isPartOf":{"@id":"https:\/\/dev4copopalhinhas.devdg.pt\/#website"},"primaryImageOfPage":{"@id":"https:\/\/dev4copopalhinhas.devdg.pt\/produto\/travessa-oval-funda-inox-20x14cm\/#primaryimage"},"image":{"@id":"https:\/\/dev4copopalhinhas.devdg.pt\/produto\/travessa-oval-funda-inox-20x14cm\/#primaryimage"},"thumbnailUrl":"https:\/\/dev4copopalhinhas.devdg.pt\/wp-content\/uploads\/travessa-oval-inox-04324300203-copopalhinhas-web-1.png","datePublished":"2025-05-19T08:44:15+00:00","dateModified":"2025-09-27T07:32:34+00:00","description":"Travessa oval funda em a\u00e7o inox 20x14 cm: resistente, higi\u00e9nica e empilh\u00e1vel. Ideal para servi\u00e7o e acompanhamentos em caf\u00e9s, hot\u00e9is e restaura\u00e7\u00e3o.","breadcrumb":{"@id":"https:\/\/dev4copopalhinhas.devdg.pt\/produto\/travessa-oval-funda-inox-20x14cm\/#breadcrumb"},"inLanguage":"es","potentialAction":[{"@type":"ReadAction","target":["https:\/\/dev4copopalhinhas.devdg.pt\/produto\/travessa-oval-funda-inox-20x14cm\/"]}]},{"@type":"ImageObject","inLanguage":"es","@id":"https:\/\/dev4copopalhinhas.devdg.pt\/produto\/travessa-oval-funda-inox-20x14cm\/#primaryimage","url":"https:\/\/dev4copopalhinhas.devdg.pt\/wp-content\/uploads\/travessa-oval-inox-04324300203-copopalhinhas-web-1.png","contentUrl":"https:\/\/dev4copopalhinhas.devdg.pt\/wp-content\/uploads\/travessa-oval-inox-04324300203-copopalhinhas-web-1.png","width":1000,"height":1000,"caption":"travessa-oval-inox-04324300203-copopalhinhas-web-1"},{"@type":"BreadcrumbList","@id":"https:\/\/dev4copopalhinhas.devdg.pt\/produto\/travessa-oval-funda-inox-20x14cm\/#breadcrumb","itemListElement":[{"@type":"ListItem","position":1,"name":"In\u00edcio","item":"https:\/\/dev4copopalhinhas.devdg.pt\/"},{"@type":"ListItem","position":2,"name":"Loja","item":"https:\/\/dev4copopalhinhas.devdg.pt\/loja\/"},{"@type":"ListItem","position":3,"name":"TRAVESSA OVAL FUNDA EM INOX 20x14CM"}]},{"@type":"WebSite","@id":"https:\/\/dev4copopalhinhas.devdg.pt\/#website","url":"https:\/\/dev4copopalhinhas.devdg.pt\/","name":"Pajitas para vasos","description":"Os Melhores Pre\u00e7os","publisher":{"@id":"https:\/\/dev4copopalhinhas.devdg.pt\/#organization"},"potentialAction":[{"@type":"SearchAction","target":{"@type":"EntryPoint","urlTemplate":"https:\/\/dev4copopalhinhas.devdg.pt\/?s={search_term_string}"},"query-input":{"@type":"PropertyValueSpecification","valueRequired":true,"valueName":"search_term_string"}}],"inLanguage":"es"},{"@type":"Organization","@id":"https:\/\/dev4copopalhinhas.devdg.pt\/#organization","name":"Pajitas para vasos","url":"https:\/\/dev4copopalhinhas.devdg.pt\/","logo":{"@type":"ImageObject","inLanguage":"es","@id":"https:\/\/dev4copopalhinhas.devdg.pt\/#\/schema\/logo\/image\/","url":"https:\/\/dev4copopalhinhas.devdg.pt\/wp-content\/uploads\/2022\/05\/COPOPALHINHASlogo.png","contentUrl":"https:\/\/dev4copopalhinhas.devdg.pt\/wp-content\/uploads\/2022\/05\/COPOPALHINHASlogo.png","width":1200,"height":323,"caption":"Copopalhinhas"},"image":{"@id":"https:\/\/dev4copopalhinhas.devdg.pt\/#\/schema\/logo\/image\/"},"sameAs":["https:\/\/www.facebook.com\/copopalhinhas","https:\/\/x.com\/copopalhinhas","https:\/\/copopalhinhas.blogspot.pt\/"]}]}},"_links":{"self":[{"href":"https:\/\/dev4copopalhinhas.devdg.pt\/es\/wp-json\/wp\/v2\/product\/68583","targetHints":{"allow":["GET"]}}],"collection":[{"href":"https:\/\/dev4copopalhinhas.devdg.pt\/es\/wp-json\/wp\/v2\/product"}],"about":[{"href":"https:\/\/dev4copopalhinhas.devdg.pt\/es\/wp-json\/wp\/v2\/types\/product"}],"replies":[{"embeddable":true,"href":"https:\/\/dev4copopalhinhas.devdg.pt\/es\/wp-json\/wp\/v2\/comments?post=68583"}],"wp:featuredmedia":[{"embeddable":true,"href":"https:\/\/dev4copopalhinhas.devdg.pt\/es\/wp-json\/wp\/v2\/media\/68585"}],"wp:attachment":[{"href":"https:\/\/dev4copopalhinhas.devdg.pt\/es\/wp-json\/wp\/v2\/media?parent=68583"}],"wp:term":[{"taxonomy":"product_cat","embeddable":true,"href":"https:\/\/dev4copopalhinhas.devdg.pt\/es\/wp-json\/wp\/v2\/product_cat?post=68583"},{"taxonomy":"product_tag","embeddable":true,"href":"https:\/\/dev4copopalhinhas.devdg.pt\/es\/wp-json\/wp\/v2\/product_tag?post=68583"}],"curies":[{"name":"wp","href":"https:\/\/api.w.org\/{rel}","templated":true}]}}