{"id":68593,"date":"2025-05-19T10:43:39","date_gmt":"2025-05-19T09:43:39","guid":{"rendered":"https:\/\/dev4copopalhinhas.devdg.pt\/?post_type=product&#038;p=68593"},"modified":"2025-10-09T15:20:42","modified_gmt":"2025-10-09T14:20:42","slug":"tigela-em-inox-35cl-350ml","status":"publish","type":"product","link":"https:\/\/dev4copopalhinhas.devdg.pt\/es\/producto\/tigela-em-inox-35cl-350ml\/","title":{"rendered":"RECIPIENTE DE ACERO INOXIDABLE 35 CL (350 ML)"},"content":{"rendered":"<p>Fabricada em a\u00e7o inoxid\u00e1vel de alta qualidade, possui acabamento polido no interior e acabamento mate linear no exterior, combinando eleg\u00e2ncia com funcionalidade.<\/p>\n<h4>Caracter\u00edsticas principais:<\/h4>\n<ul>\n<li>Capacidad: 350 ml (35 cl)<\/li>\n<li>Dimens\u00f5es: Di\u00e2metro 12 cm x Altura 5,5 cm<\/li>\n<li>Material: A\u00e7o inoxid\u00e1vel de alta resist\u00eancia<\/li>\n<li>Intervalo t\u00e9rmico: -40\u00b0C a +300\u00b0C<\/li>\n<li>Empilh\u00e1vel: Sim, ideal para poupar espa\u00e7o<\/li>\n<li>Compat\u00edvel com: Frigor\u00edfico, congela\u00e7\u00e3o e m\u00e1quina de lavar loi\u00e7a<\/li>\n<\/ul>\n<h4>Ventajas:<\/h4>\n<ul>\n<li>Resistente: Inquebr\u00e1vel e n\u00e3o oxida, mesmo com uso intensivo<\/li>\n<li>F\u00e1cil de utilizar: Leve e pr\u00e1tica no manuseamento<\/li>\n<li>Higi\u00e9nica: N\u00e3o ret\u00e9m nem transmite cheiros ou sabores<\/li>\n<li>F\u00e1cil de limpar: Lav\u00e1vel na m\u00e1quina, sem esfor\u00e7o<\/li>\n<li>Vers\u00e1til: Ideal para servir molhos, acompanhamentos, sobremesas, cereais ou para mise en place<\/li>\n<\/ul>","protected":false},"excerpt":{"rendered":"<p>A tigela em inox 350ml \u00e9 o utens\u00edlio ideal para preparar, servir ou armazenar alimentos em ambientes profissionais ou dom\u00e9sticos. Com design robusto e funcional, adapta-se perfeitamente a cozinhas industriais, refeit\u00f3rios, caf\u00e9s, restaurantes, pastelarias e uso dom\u00e9stico.<\/p>\n<p>Fabricada em a\u00e7o inoxid\u00e1vel de alta qualidade, possui acabamento polido no interior e acabamento mate linear no exterior, combinando eleg\u00e2ncia com funcionalidade.<\/p>","protected":false},"featured_media":68596,"comment_status":"open","ping_status":"closed","template":"","meta":{"_acf_changed":false},"product_cat":[2006,2253,1770,1454,1510,1480,1465,226],"product_tag":[1578,1568],"class_list":{"0":"post-68593","1":"product","2":"type-product","3":"status-publish","4":"has-post-thumbnail","6":"product_cat-inox","7":"product_cat-loucas-inox","8":"product_cat-cinzento","9":"product_cat-31-40cl","10":"product_cat-inquebravel","11":"product_cat-inox-materia-prima","12":"product_cat-tigelas","13":"product_cat-loucas","14":"product_tag-sub-menu-loucas-premium","15":"product_tag-menu-reutilizaveis","16":"pa_qtd-por-caixa-297","17":"tm-no-options","19":"first","20":"instock","21":"taxable","22":"shipping-taxable","23":"purchasable","24":"product-type-variable"},"acf":[],"yoast_head":"<!-- This site is optimized with the Yoast SEO Premium plugin v23.9 (Yoast SEO v23.9) - https:\/\/yoast.com\/wordpress\/plugins\/seo\/ -->\n<title>TIGELA EM INOX 35CL (350ML) - Copopalhinhas<\/title>\n<meta name=\"description\" content=\"A tigela em inox 350ml \u00e9 o utens\u00edlio ideal para preparar, servir ou armazenar alimentos em ambientes profissionais ou dom\u00e9sticos.\" \/>\n<meta name=\"robots\" content=\"index, follow, max-snippet:-1, max-image-preview:large, max-video-preview:-1\" \/>\n<link rel=\"canonical\" href=\"https:\/\/dev4copopalhinhas.devdg.pt\/es\/producto\/tigela-em-inox-35cl-350ml\/\" \/>\n<meta property=\"og:locale\" content=\"es_ES\" \/>\n<meta property=\"og:type\" content=\"article\" \/>\n<meta property=\"og:title\" content=\"TIGELA EM INOX 35CL (350ML)\" \/>\n<meta property=\"og:description\" content=\"A tigela em inox 350ml \u00e9 o utens\u00edlio ideal para preparar, servir ou armazenar alimentos em ambientes profissionais ou dom\u00e9sticos.\" \/>\n<meta property=\"og:url\" content=\"https:\/\/dev4copopalhinhas.devdg.pt\/es\/producto\/tigela-em-inox-35cl-350ml\/\" \/>\n<meta property=\"og:site_name\" content=\"Copopalhinhas\" \/>\n<meta property=\"article:publisher\" content=\"https:\/\/www.facebook.com\/copopalhinhas\" \/>\n<meta property=\"article:modified_time\" content=\"2025-10-09T14:20:42+00:00\" \/>\n<meta property=\"og:image\" content=\"https:\/\/copopalhinhas.b-cdn.net\/wp-content\/uploads\/tigela-inox-35cl-0433651312-copopalhinhas-web1.png\" \/>\n\t<meta property=\"og:image:width\" content=\"1000\" \/>\n\t<meta property=\"og:image:height\" content=\"1000\" \/>\n\t<meta property=\"og:image:type\" content=\"image\/png\" \/>\n<meta name=\"twitter:card\" content=\"summary_large_image\" \/>\n<meta name=\"twitter:site\" content=\"@copopalhinhas\" \/>\n<script type=\"application\/ld+json\" class=\"yoast-schema-graph\">{\"@context\":\"https:\/\/schema.org\",\"@graph\":[{\"@type\":\"WebPage\",\"@id\":\"https:\/\/dev4copopalhinhas.devdg.pt\/produto\/tigela-em-inox-35cl-350ml\/\",\"url\":\"https:\/\/dev4copopalhinhas.devdg.pt\/produto\/tigela-em-inox-35cl-350ml\/\",\"name\":\"TIGELA EM INOX 35CL (350ML) - Copopalhinhas\",\"isPartOf\":{\"@id\":\"https:\/\/dev4copopalhinhas.devdg.pt\/#website\"},\"primaryImageOfPage\":{\"@id\":\"https:\/\/dev4copopalhinhas.devdg.pt\/produto\/tigela-em-inox-35cl-350ml\/#primaryimage\"},\"image\":{\"@id\":\"https:\/\/dev4copopalhinhas.devdg.pt\/produto\/tigela-em-inox-35cl-350ml\/#primaryimage\"},\"thumbnailUrl\":\"https:\/\/dev4copopalhinhas.devdg.pt\/wp-content\/uploads\/tigela-inox-35cl-0433651312-copopalhinhas-web1.png\",\"datePublished\":\"2025-05-19T09:43:39+00:00\",\"dateModified\":\"2025-10-09T14:20:42+00:00\",\"description\":\"A tigela em inox 350ml \u00e9 o utens\u00edlio ideal para preparar, servir ou armazenar alimentos em ambientes profissionais ou dom\u00e9sticos.\",\"breadcrumb\":{\"@id\":\"https:\/\/dev4copopalhinhas.devdg.pt\/produto\/tigela-em-inox-35cl-350ml\/#breadcrumb\"},\"inLanguage\":\"es\",\"potentialAction\":[{\"@type\":\"ReadAction\",\"target\":[\"https:\/\/dev4copopalhinhas.devdg.pt\/produto\/tigela-em-inox-35cl-350ml\/\"]}]},{\"@type\":\"ImageObject\",\"inLanguage\":\"es\",\"@id\":\"https:\/\/dev4copopalhinhas.devdg.pt\/produto\/tigela-em-inox-35cl-350ml\/#primaryimage\",\"url\":\"https:\/\/dev4copopalhinhas.devdg.pt\/wp-content\/uploads\/tigela-inox-35cl-0433651312-copopalhinhas-web1.png\",\"contentUrl\":\"https:\/\/dev4copopalhinhas.devdg.pt\/wp-content\/uploads\/tigela-inox-35cl-0433651312-copopalhinhas-web1.png\",\"width\":1000,\"height\":1000,\"caption\":\"tigela-inox-35cl-0433651312-copopalhinhas-web1\"},{\"@type\":\"BreadcrumbList\",\"@id\":\"https:\/\/dev4copopalhinhas.devdg.pt\/produto\/tigela-em-inox-35cl-350ml\/#breadcrumb\",\"itemListElement\":[{\"@type\":\"ListItem\",\"position\":1,\"name\":\"In\u00edcio\",\"item\":\"https:\/\/dev4copopalhinhas.devdg.pt\/\"},{\"@type\":\"ListItem\",\"position\":2,\"name\":\"Loja\",\"item\":\"https:\/\/dev4copopalhinhas.devdg.pt\/loja\/\"},{\"@type\":\"ListItem\",\"position\":3,\"name\":\"TIGELA EM INOX 35CL (350ML)\"}]},{\"@type\":\"WebSite\",\"@id\":\"https:\/\/dev4copopalhinhas.devdg.pt\/#website\",\"url\":\"https:\/\/dev4copopalhinhas.devdg.pt\/\",\"name\":\"Copopalhinhas\",\"description\":\"Os Melhores Pre\u00e7os\",\"publisher\":{\"@id\":\"https:\/\/dev4copopalhinhas.devdg.pt\/#organization\"},\"potentialAction\":[{\"@type\":\"SearchAction\",\"target\":{\"@type\":\"EntryPoint\",\"urlTemplate\":\"https:\/\/dev4copopalhinhas.devdg.pt\/?s={search_term_string}\"},\"query-input\":{\"@type\":\"PropertyValueSpecification\",\"valueRequired\":true,\"valueName\":\"search_term_string\"}}],\"inLanguage\":\"es\"},{\"@type\":\"Organization\",\"@id\":\"https:\/\/dev4copopalhinhas.devdg.pt\/#organization\",\"name\":\"Copopalhinhas\",\"url\":\"https:\/\/dev4copopalhinhas.devdg.pt\/\",\"logo\":{\"@type\":\"ImageObject\",\"inLanguage\":\"es\",\"@id\":\"https:\/\/dev4copopalhinhas.devdg.pt\/#\/schema\/logo\/image\/\",\"url\":\"https:\/\/dev4copopalhinhas.devdg.pt\/wp-content\/uploads\/2022\/05\/COPOPALHINHASlogo.png\",\"contentUrl\":\"https:\/\/dev4copopalhinhas.devdg.pt\/wp-content\/uploads\/2022\/05\/COPOPALHINHASlogo.png\",\"width\":1200,\"height\":323,\"caption\":\"Copopalhinhas\"},\"image\":{\"@id\":\"https:\/\/dev4copopalhinhas.devdg.pt\/#\/schema\/logo\/image\/\"},\"sameAs\":[\"https:\/\/www.facebook.com\/copopalhinhas\",\"https:\/\/x.com\/copopalhinhas\",\"https:\/\/copopalhinhas.blogspot.pt\/\"]}]}<\/script>\n<!-- \/ Yoast SEO Premium plugin. -->","yoast_head_json":{"title":"TIGELA EM INOX 35CL (350ML) - Copopalhinhas","description":"A tigela em inox 350ml \u00e9 o utens\u00edlio ideal para preparar, servir ou armazenar alimentos em ambientes profissionais ou dom\u00e9sticos.","robots":{"index":"index","follow":"follow","max-snippet":"max-snippet:-1","max-image-preview":"max-image-preview:large","max-video-preview":"max-video-preview:-1"},"canonical":"https:\/\/dev4copopalhinhas.devdg.pt\/es\/producto\/tigela-em-inox-35cl-350ml\/","og_locale":"es_ES","og_type":"article","og_title":"TIGELA EM INOX 35CL (350ML)","og_description":"A tigela em inox 350ml \u00e9 o utens\u00edlio ideal para preparar, servir ou armazenar alimentos em ambientes profissionais ou dom\u00e9sticos.","og_url":"https:\/\/dev4copopalhinhas.devdg.pt\/es\/producto\/tigela-em-inox-35cl-350ml\/","og_site_name":"Copopalhinhas","article_publisher":"https:\/\/www.facebook.com\/copopalhinhas","article_modified_time":"2025-10-09T14:20:42+00:00","og_image":[{"width":1000,"height":1000,"url":"https:\/\/copopalhinhas.b-cdn.net\/wp-content\/uploads\/tigela-inox-35cl-0433651312-copopalhinhas-web1.png","type":"image\/png"}],"twitter_card":"summary_large_image","twitter_site":"@copopalhinhas","schema":{"@context":"https:\/\/schema.org","@graph":[{"@type":"WebPage","@id":"https:\/\/dev4copopalhinhas.devdg.pt\/produto\/tigela-em-inox-35cl-350ml\/","url":"https:\/\/dev4copopalhinhas.devdg.pt\/produto\/tigela-em-inox-35cl-350ml\/","name":"TIGELA EM INOX 35CL (350ML) - Copopalhinhas","isPartOf":{"@id":"https:\/\/dev4copopalhinhas.devdg.pt\/#website"},"primaryImageOfPage":{"@id":"https:\/\/dev4copopalhinhas.devdg.pt\/produto\/tigela-em-inox-35cl-350ml\/#primaryimage"},"image":{"@id":"https:\/\/dev4copopalhinhas.devdg.pt\/produto\/tigela-em-inox-35cl-350ml\/#primaryimage"},"thumbnailUrl":"https:\/\/dev4copopalhinhas.devdg.pt\/wp-content\/uploads\/tigela-inox-35cl-0433651312-copopalhinhas-web1.png","datePublished":"2025-05-19T09:43:39+00:00","dateModified":"2025-10-09T14:20:42+00:00","description":"A tigela em inox 350ml \u00e9 o utens\u00edlio ideal para preparar, servir ou armazenar alimentos em ambientes profissionais ou dom\u00e9sticos.","breadcrumb":{"@id":"https:\/\/dev4copopalhinhas.devdg.pt\/produto\/tigela-em-inox-35cl-350ml\/#breadcrumb"},"inLanguage":"es","potentialAction":[{"@type":"ReadAction","target":["https:\/\/dev4copopalhinhas.devdg.pt\/produto\/tigela-em-inox-35cl-350ml\/"]}]},{"@type":"ImageObject","inLanguage":"es","@id":"https:\/\/dev4copopalhinhas.devdg.pt\/produto\/tigela-em-inox-35cl-350ml\/#primaryimage","url":"https:\/\/dev4copopalhinhas.devdg.pt\/wp-content\/uploads\/tigela-inox-35cl-0433651312-copopalhinhas-web1.png","contentUrl":"https:\/\/dev4copopalhinhas.devdg.pt\/wp-content\/uploads\/tigela-inox-35cl-0433651312-copopalhinhas-web1.png","width":1000,"height":1000,"caption":"tigela-inox-35cl-0433651312-copopalhinhas-web1"},{"@type":"BreadcrumbList","@id":"https:\/\/dev4copopalhinhas.devdg.pt\/produto\/tigela-em-inox-35cl-350ml\/#breadcrumb","itemListElement":[{"@type":"ListItem","position":1,"name":"In\u00edcio","item":"https:\/\/dev4copopalhinhas.devdg.pt\/"},{"@type":"ListItem","position":2,"name":"Loja","item":"https:\/\/dev4copopalhinhas.devdg.pt\/loja\/"},{"@type":"ListItem","position":3,"name":"TIGELA EM INOX 35CL (350ML)"}]},{"@type":"WebSite","@id":"https:\/\/dev4copopalhinhas.devdg.pt\/#website","url":"https:\/\/dev4copopalhinhas.devdg.pt\/","name":"Pajitas para vasos","description":"Os Melhores Pre\u00e7os","publisher":{"@id":"https:\/\/dev4copopalhinhas.devdg.pt\/#organization"},"potentialAction":[{"@type":"SearchAction","target":{"@type":"EntryPoint","urlTemplate":"https:\/\/dev4copopalhinhas.devdg.pt\/?s={search_term_string}"},"query-input":{"@type":"PropertyValueSpecification","valueRequired":true,"valueName":"search_term_string"}}],"inLanguage":"es"},{"@type":"Organization","@id":"https:\/\/dev4copopalhinhas.devdg.pt\/#organization","name":"Pajitas para vasos","url":"https:\/\/dev4copopalhinhas.devdg.pt\/","logo":{"@type":"ImageObject","inLanguage":"es","@id":"https:\/\/dev4copopalhinhas.devdg.pt\/#\/schema\/logo\/image\/","url":"https:\/\/dev4copopalhinhas.devdg.pt\/wp-content\/uploads\/2022\/05\/COPOPALHINHASlogo.png","contentUrl":"https:\/\/dev4copopalhinhas.devdg.pt\/wp-content\/uploads\/2022\/05\/COPOPALHINHASlogo.png","width":1200,"height":323,"caption":"Copopalhinhas"},"image":{"@id":"https:\/\/dev4copopalhinhas.devdg.pt\/#\/schema\/logo\/image\/"},"sameAs":["https:\/\/www.facebook.com\/copopalhinhas","https:\/\/x.com\/copopalhinhas","https:\/\/copopalhinhas.blogspot.pt\/"]}]}},"_links":{"self":[{"href":"https:\/\/dev4copopalhinhas.devdg.pt\/es\/wp-json\/wp\/v2\/product\/68593","targetHints":{"allow":["GET"]}}],"collection":[{"href":"https:\/\/dev4copopalhinhas.devdg.pt\/es\/wp-json\/wp\/v2\/product"}],"about":[{"href":"https:\/\/dev4copopalhinhas.devdg.pt\/es\/wp-json\/wp\/v2\/types\/product"}],"replies":[{"embeddable":true,"href":"https:\/\/dev4copopalhinhas.devdg.pt\/es\/wp-json\/wp\/v2\/comments?post=68593"}],"wp:featuredmedia":[{"embeddable":true,"href":"https:\/\/dev4copopalhinhas.devdg.pt\/es\/wp-json\/wp\/v2\/media\/68596"}],"wp:attachment":[{"href":"https:\/\/dev4copopalhinhas.devdg.pt\/es\/wp-json\/wp\/v2\/media?parent=68593"}],"wp:term":[{"taxonomy":"product_cat","embeddable":true,"href":"https:\/\/dev4copopalhinhas.devdg.pt\/es\/wp-json\/wp\/v2\/product_cat?post=68593"},{"taxonomy":"product_tag","embeddable":true,"href":"https:\/\/dev4copopalhinhas.devdg.pt\/es\/wp-json\/wp\/v2\/product_tag?post=68593"}],"curies":[{"name":"wp","href":"https:\/\/api.w.org\/{rel}","templated":true}]}}