{"id":68597,"date":"2025-05-19T11:13:03","date_gmt":"2025-05-19T10:13:03","guid":{"rendered":"https:\/\/dev4copopalhinhas.devdg.pt\/?post_type=product&#038;p=68597"},"modified":"2025-10-16T15:50:50","modified_gmt":"2025-10-16T14:50:50","slug":"prato-em-inox-24cm","status":"publish","type":"product","link":"https:\/\/dev4copopalhinhas.devdg.pt\/es\/producto\/prato-em-inox-24cm\/","title":{"rendered":"PLACA DE ACERO INOXIDABLE DE 24 CM"},"content":{"rendered":"<p>\u00c9 apto para m\u00e1quina de lavar loi\u00e7a, frigor\u00edfico, congelador e forno, oferecendo m\u00e1xima versatilidade no servi\u00e7o e prepara\u00e7\u00e3o de refei\u00e7\u00f5es. N\u00e3o \u00e9 adequado para micro-ondas, devido ao seu material met\u00e1lico.<\/p>\n<h4>Caracter\u00edsticas principais:<\/h4>\n<ul>\n<li>Dimens\u00f5es: \u00d824 cm<\/li>\n<li>Espessura: 0,7 mm<\/li>\n<li>Material: A\u00e7o inoxid\u00e1vel de alta qualidade<\/li>\n<li>Intervalo de temperatura: de -40\u00b0C at\u00e9 +300\u00b0C<\/li>\n<li>Compat\u00edvel com: Forno, frigor\u00edfico, congelador, m\u00e1quina de lavar loi\u00e7a<\/li>\n<li>N\u00e3o compat\u00edvel com micro-ondas<\/li>\n<\/ul>\n<h4>Ventajas:<\/h4>\n<ul>\n<li>Alta durabilidade: Resiste a impactos, riscos e corros\u00e3o<\/li>\n<li>Higi\u00e9nico e seguro: N\u00e3o ret\u00e9m nem transmite cheiros ou sabores<\/li>\n<li>F\u00e1cil de limpar: Totalmente lav\u00e1vel na m\u00e1quina<\/li>\n<li>Reutiliz\u00e1vel e ecol\u00f3gico: Alternativa sustent\u00e1vel ao descart\u00e1vel<\/li>\n<li>Design simples e funcional: Adapta-se a qualquer tipo de servi\u00e7o ou ocasi\u00e3o<\/li>\n<\/ul>","protected":false},"excerpt":{"rendered":"<p>Este prato em inox de 24 cm \u00e9 a escolha ideal para ambientes exigentes como restaura\u00e7\u00e3o, cantinas, escolas, hospitais, refeit\u00f3rios e uso dom\u00e9stico intensivo. Fabricado em a\u00e7o inoxid\u00e1vel resistente, com espessura de 0,7 mm, \u00e9 reutiliz\u00e1vel, higi\u00e9nico e concebido para suportar grandes varia\u00e7\u00f5es de temperatura.<\/p>","protected":false},"featured_media":68601,"comment_status":"open","ping_status":"closed","template":"","meta":{"_acf_changed":false},"product_cat":[2006,2253,1770,1510,1480,1678,1471,1462,226],"product_tag":[1578,1568],"class_list":{"0":"post-68597","1":"product","2":"type-product","3":"status-publish","4":"has-post-thumbnail","6":"product_cat-inox","7":"product_cat-loucas-inox","8":"product_cat-cinzento","9":"product_cat-inquebravel","10":"product_cat-inox-materia-prima","11":"product_cat-o24cm","12":"product_cat-24cm","13":"product_cat-pratos","14":"product_cat-loucas","15":"product_tag-sub-menu-loucas-premium","16":"product_tag-menu-reutilizaveis","17":"pa_qtd-por-caixa-297","18":"tm-no-options","20":"first","21":"instock","22":"taxable","23":"shipping-taxable","24":"purchasable","25":"product-type-variable"},"acf":[],"yoast_head":"<!-- This site is optimized with the Yoast SEO Premium plugin v23.9 (Yoast SEO v23.9) - https:\/\/yoast.com\/wordpress\/plugins\/seo\/ -->\n<title>PRATO EM INOX 24CM - Copopalhinhas<\/title>\n<meta name=\"description\" content=\"Este prato em inox de 24 cm \u00e9 a escolha ideal para ambientes exigentes como restaura\u00e7\u00e3o, cantinas, escolas, hospitais, refeit\u00f3rios e uso dom\u00e9stico.\" \/>\n<meta name=\"robots\" content=\"index, follow, max-snippet:-1, max-image-preview:large, max-video-preview:-1\" \/>\n<link rel=\"canonical\" href=\"https:\/\/dev4copopalhinhas.devdg.pt\/es\/producto\/prato-em-inox-24cm\/\" \/>\n<meta property=\"og:locale\" content=\"es_ES\" \/>\n<meta property=\"og:type\" content=\"article\" \/>\n<meta property=\"og:title\" content=\"PRATO EM INOX 24CM\" \/>\n<meta property=\"og:description\" content=\"Este prato em inox de 24 cm \u00e9 a escolha ideal para ambientes exigentes como restaura\u00e7\u00e3o, cantinas, escolas, hospitais, refeit\u00f3rios e uso dom\u00e9stico.\" \/>\n<meta property=\"og:url\" content=\"https:\/\/dev4copopalhinhas.devdg.pt\/es\/producto\/prato-em-inox-24cm\/\" \/>\n<meta property=\"og:site_name\" content=\"Copopalhinhas\" \/>\n<meta property=\"article:publisher\" content=\"https:\/\/www.facebook.com\/copopalhinhas\" \/>\n<meta property=\"article:modified_time\" content=\"2025-10-16T14:50:50+00:00\" \/>\n<meta property=\"og:image\" content=\"https:\/\/copopalhinhas.b-cdn.net\/wp-content\/uploads\/prato-inox-24cm-0433651571-copopalhinhas-web-1.png\" \/>\n\t<meta property=\"og:image:width\" content=\"1000\" \/>\n\t<meta property=\"og:image:height\" content=\"1000\" \/>\n\t<meta property=\"og:image:type\" content=\"image\/png\" \/>\n<meta name=\"twitter:card\" content=\"summary_large_image\" \/>\n<meta name=\"twitter:site\" content=\"@copopalhinhas\" \/>\n<script type=\"application\/ld+json\" class=\"yoast-schema-graph\">{\"@context\":\"https:\/\/schema.org\",\"@graph\":[{\"@type\":\"WebPage\",\"@id\":\"https:\/\/dev4copopalhinhas.devdg.pt\/produto\/prato-em-inox-24cm\/\",\"url\":\"https:\/\/dev4copopalhinhas.devdg.pt\/produto\/prato-em-inox-24cm\/\",\"name\":\"PRATO EM INOX 24CM - Copopalhinhas\",\"isPartOf\":{\"@id\":\"https:\/\/dev4copopalhinhas.devdg.pt\/#website\"},\"primaryImageOfPage\":{\"@id\":\"https:\/\/dev4copopalhinhas.devdg.pt\/produto\/prato-em-inox-24cm\/#primaryimage\"},\"image\":{\"@id\":\"https:\/\/dev4copopalhinhas.devdg.pt\/produto\/prato-em-inox-24cm\/#primaryimage\"},\"thumbnailUrl\":\"https:\/\/dev4copopalhinhas.devdg.pt\/wp-content\/uploads\/prato-inox-24cm-0433651571-copopalhinhas-web-1.png\",\"datePublished\":\"2025-05-19T10:13:03+00:00\",\"dateModified\":\"2025-10-16T14:50:50+00:00\",\"description\":\"Este prato em inox de 24 cm \u00e9 a escolha ideal para ambientes exigentes como restaura\u00e7\u00e3o, cantinas, escolas, hospitais, refeit\u00f3rios e uso dom\u00e9stico.\",\"breadcrumb\":{\"@id\":\"https:\/\/dev4copopalhinhas.devdg.pt\/produto\/prato-em-inox-24cm\/#breadcrumb\"},\"inLanguage\":\"es\",\"potentialAction\":[{\"@type\":\"ReadAction\",\"target\":[\"https:\/\/dev4copopalhinhas.devdg.pt\/produto\/prato-em-inox-24cm\/\"]}]},{\"@type\":\"ImageObject\",\"inLanguage\":\"es\",\"@id\":\"https:\/\/dev4copopalhinhas.devdg.pt\/produto\/prato-em-inox-24cm\/#primaryimage\",\"url\":\"https:\/\/dev4copopalhinhas.devdg.pt\/wp-content\/uploads\/prato-inox-24cm-0433651571-copopalhinhas-web-1.png\",\"contentUrl\":\"https:\/\/dev4copopalhinhas.devdg.pt\/wp-content\/uploads\/prato-inox-24cm-0433651571-copopalhinhas-web-1.png\",\"width\":1000,\"height\":1000,\"caption\":\"prato-inox-24cm-0433651571-copopalhinhas-web-1\"},{\"@type\":\"BreadcrumbList\",\"@id\":\"https:\/\/dev4copopalhinhas.devdg.pt\/produto\/prato-em-inox-24cm\/#breadcrumb\",\"itemListElement\":[{\"@type\":\"ListItem\",\"position\":1,\"name\":\"In\u00edcio\",\"item\":\"https:\/\/dev4copopalhinhas.devdg.pt\/\"},{\"@type\":\"ListItem\",\"position\":2,\"name\":\"Loja\",\"item\":\"https:\/\/dev4copopalhinhas.devdg.pt\/loja\/\"},{\"@type\":\"ListItem\",\"position\":3,\"name\":\"PRATO EM INOX 24CM\"}]},{\"@type\":\"WebSite\",\"@id\":\"https:\/\/dev4copopalhinhas.devdg.pt\/#website\",\"url\":\"https:\/\/dev4copopalhinhas.devdg.pt\/\",\"name\":\"Copopalhinhas\",\"description\":\"Os Melhores Pre\u00e7os\",\"publisher\":{\"@id\":\"https:\/\/dev4copopalhinhas.devdg.pt\/#organization\"},\"potentialAction\":[{\"@type\":\"SearchAction\",\"target\":{\"@type\":\"EntryPoint\",\"urlTemplate\":\"https:\/\/dev4copopalhinhas.devdg.pt\/?s={search_term_string}\"},\"query-input\":{\"@type\":\"PropertyValueSpecification\",\"valueRequired\":true,\"valueName\":\"search_term_string\"}}],\"inLanguage\":\"es\"},{\"@type\":\"Organization\",\"@id\":\"https:\/\/dev4copopalhinhas.devdg.pt\/#organization\",\"name\":\"Copopalhinhas\",\"url\":\"https:\/\/dev4copopalhinhas.devdg.pt\/\",\"logo\":{\"@type\":\"ImageObject\",\"inLanguage\":\"es\",\"@id\":\"https:\/\/dev4copopalhinhas.devdg.pt\/#\/schema\/logo\/image\/\",\"url\":\"https:\/\/dev4copopalhinhas.devdg.pt\/wp-content\/uploads\/2022\/05\/COPOPALHINHASlogo.png\",\"contentUrl\":\"https:\/\/dev4copopalhinhas.devdg.pt\/wp-content\/uploads\/2022\/05\/COPOPALHINHASlogo.png\",\"width\":1200,\"height\":323,\"caption\":\"Copopalhinhas\"},\"image\":{\"@id\":\"https:\/\/dev4copopalhinhas.devdg.pt\/#\/schema\/logo\/image\/\"},\"sameAs\":[\"https:\/\/www.facebook.com\/copopalhinhas\",\"https:\/\/x.com\/copopalhinhas\",\"https:\/\/copopalhinhas.blogspot.pt\/\"]}]}<\/script>\n<!-- \/ Yoast SEO Premium plugin. -->","yoast_head_json":{"title":"PRATO EM INOX 24CM - Copopalhinhas","description":"Este prato em inox de 24 cm \u00e9 a escolha ideal para ambientes exigentes como restaura\u00e7\u00e3o, cantinas, escolas, hospitais, refeit\u00f3rios e uso dom\u00e9stico.","robots":{"index":"index","follow":"follow","max-snippet":"max-snippet:-1","max-image-preview":"max-image-preview:large","max-video-preview":"max-video-preview:-1"},"canonical":"https:\/\/dev4copopalhinhas.devdg.pt\/es\/producto\/prato-em-inox-24cm\/","og_locale":"es_ES","og_type":"article","og_title":"PRATO EM INOX 24CM","og_description":"Este prato em inox de 24 cm \u00e9 a escolha ideal para ambientes exigentes como restaura\u00e7\u00e3o, cantinas, escolas, hospitais, refeit\u00f3rios e uso dom\u00e9stico.","og_url":"https:\/\/dev4copopalhinhas.devdg.pt\/es\/producto\/prato-em-inox-24cm\/","og_site_name":"Copopalhinhas","article_publisher":"https:\/\/www.facebook.com\/copopalhinhas","article_modified_time":"2025-10-16T14:50:50+00:00","og_image":[{"width":1000,"height":1000,"url":"https:\/\/copopalhinhas.b-cdn.net\/wp-content\/uploads\/prato-inox-24cm-0433651571-copopalhinhas-web-1.png","type":"image\/png"}],"twitter_card":"summary_large_image","twitter_site":"@copopalhinhas","schema":{"@context":"https:\/\/schema.org","@graph":[{"@type":"WebPage","@id":"https:\/\/dev4copopalhinhas.devdg.pt\/produto\/prato-em-inox-24cm\/","url":"https:\/\/dev4copopalhinhas.devdg.pt\/produto\/prato-em-inox-24cm\/","name":"PRATO EM INOX 24CM - Copopalhinhas","isPartOf":{"@id":"https:\/\/dev4copopalhinhas.devdg.pt\/#website"},"primaryImageOfPage":{"@id":"https:\/\/dev4copopalhinhas.devdg.pt\/produto\/prato-em-inox-24cm\/#primaryimage"},"image":{"@id":"https:\/\/dev4copopalhinhas.devdg.pt\/produto\/prato-em-inox-24cm\/#primaryimage"},"thumbnailUrl":"https:\/\/dev4copopalhinhas.devdg.pt\/wp-content\/uploads\/prato-inox-24cm-0433651571-copopalhinhas-web-1.png","datePublished":"2025-05-19T10:13:03+00:00","dateModified":"2025-10-16T14:50:50+00:00","description":"Este prato em inox de 24 cm \u00e9 a escolha ideal para ambientes exigentes como restaura\u00e7\u00e3o, cantinas, escolas, hospitais, refeit\u00f3rios e uso dom\u00e9stico.","breadcrumb":{"@id":"https:\/\/dev4copopalhinhas.devdg.pt\/produto\/prato-em-inox-24cm\/#breadcrumb"},"inLanguage":"es","potentialAction":[{"@type":"ReadAction","target":["https:\/\/dev4copopalhinhas.devdg.pt\/produto\/prato-em-inox-24cm\/"]}]},{"@type":"ImageObject","inLanguage":"es","@id":"https:\/\/dev4copopalhinhas.devdg.pt\/produto\/prato-em-inox-24cm\/#primaryimage","url":"https:\/\/dev4copopalhinhas.devdg.pt\/wp-content\/uploads\/prato-inox-24cm-0433651571-copopalhinhas-web-1.png","contentUrl":"https:\/\/dev4copopalhinhas.devdg.pt\/wp-content\/uploads\/prato-inox-24cm-0433651571-copopalhinhas-web-1.png","width":1000,"height":1000,"caption":"prato-inox-24cm-0433651571-copopalhinhas-web-1"},{"@type":"BreadcrumbList","@id":"https:\/\/dev4copopalhinhas.devdg.pt\/produto\/prato-em-inox-24cm\/#breadcrumb","itemListElement":[{"@type":"ListItem","position":1,"name":"In\u00edcio","item":"https:\/\/dev4copopalhinhas.devdg.pt\/"},{"@type":"ListItem","position":2,"name":"Loja","item":"https:\/\/dev4copopalhinhas.devdg.pt\/loja\/"},{"@type":"ListItem","position":3,"name":"PRATO EM INOX 24CM"}]},{"@type":"WebSite","@id":"https:\/\/dev4copopalhinhas.devdg.pt\/#website","url":"https:\/\/dev4copopalhinhas.devdg.pt\/","name":"Pajitas para vasos","description":"Os Melhores Pre\u00e7os","publisher":{"@id":"https:\/\/dev4copopalhinhas.devdg.pt\/#organization"},"potentialAction":[{"@type":"SearchAction","target":{"@type":"EntryPoint","urlTemplate":"https:\/\/dev4copopalhinhas.devdg.pt\/?s={search_term_string}"},"query-input":{"@type":"PropertyValueSpecification","valueRequired":true,"valueName":"search_term_string"}}],"inLanguage":"es"},{"@type":"Organization","@id":"https:\/\/dev4copopalhinhas.devdg.pt\/#organization","name":"Pajitas para vasos","url":"https:\/\/dev4copopalhinhas.devdg.pt\/","logo":{"@type":"ImageObject","inLanguage":"es","@id":"https:\/\/dev4copopalhinhas.devdg.pt\/#\/schema\/logo\/image\/","url":"https:\/\/dev4copopalhinhas.devdg.pt\/wp-content\/uploads\/2022\/05\/COPOPALHINHASlogo.png","contentUrl":"https:\/\/dev4copopalhinhas.devdg.pt\/wp-content\/uploads\/2022\/05\/COPOPALHINHASlogo.png","width":1200,"height":323,"caption":"Copopalhinhas"},"image":{"@id":"https:\/\/dev4copopalhinhas.devdg.pt\/#\/schema\/logo\/image\/"},"sameAs":["https:\/\/www.facebook.com\/copopalhinhas","https:\/\/x.com\/copopalhinhas","https:\/\/copopalhinhas.blogspot.pt\/"]}]}},"_links":{"self":[{"href":"https:\/\/dev4copopalhinhas.devdg.pt\/es\/wp-json\/wp\/v2\/product\/68597","targetHints":{"allow":["GET"]}}],"collection":[{"href":"https:\/\/dev4copopalhinhas.devdg.pt\/es\/wp-json\/wp\/v2\/product"}],"about":[{"href":"https:\/\/dev4copopalhinhas.devdg.pt\/es\/wp-json\/wp\/v2\/types\/product"}],"replies":[{"embeddable":true,"href":"https:\/\/dev4copopalhinhas.devdg.pt\/es\/wp-json\/wp\/v2\/comments?post=68597"}],"wp:featuredmedia":[{"embeddable":true,"href":"https:\/\/dev4copopalhinhas.devdg.pt\/es\/wp-json\/wp\/v2\/media\/68601"}],"wp:attachment":[{"href":"https:\/\/dev4copopalhinhas.devdg.pt\/es\/wp-json\/wp\/v2\/media?parent=68597"}],"wp:term":[{"taxonomy":"product_cat","embeddable":true,"href":"https:\/\/dev4copopalhinhas.devdg.pt\/es\/wp-json\/wp\/v2\/product_cat?post=68597"},{"taxonomy":"product_tag","embeddable":true,"href":"https:\/\/dev4copopalhinhas.devdg.pt\/es\/wp-json\/wp\/v2\/product_tag?post=68597"}],"curies":[{"name":"wp","href":"https:\/\/api.w.org\/{rel}","templated":true}]}}