{"id":68769,"date":"2025-05-21T10:09:56","date_gmt":"2025-05-21T09:09:56","guid":{"rendered":"https:\/\/dev4copopalhinhas.devdg.pt\/?post_type=product&#038;p=68769"},"modified":"2025-09-27T10:04:48","modified_gmt":"2025-09-27T09:04:48","slug":"travessa-em-bambu-com-3-divisoes-177x58cm","status":"publish","type":"product","link":"https:\/\/dev4copopalhinhas.devdg.pt\/es\/producto\/travessa-em-bambu-com-3-divisoes-177x58cm\/","title":{"rendered":"TRAVESSA EM BAMBU COM 3 DIVIS\u00d5ES 17,7&#215;5,8CM"},"content":{"rendered":"<p>O bambu \u00e9 um material biodegrad\u00e1vel, leve, resistente e reutiliz\u00e1vel, tornando esta bandeja uma excelente alternativa aos pl\u00e1sticos descart\u00e1veis. O seu formato com tr\u00eas compartimentos separados facilita a apresenta\u00e7\u00e3o de diferentes alimentos sem misturar sabores ou texturas.<\/p>\n<h4>Ventajas:<\/h4>\n<ul>\n<li>3 divis\u00f5es pr\u00e1ticas: Ideal para servir m\u00faltiplos alimentos numa s\u00f3 travessa<\/li>\n<li>Sustent\u00e1vel: Feito de bambu 100% natural e biodegrad\u00e1vel<\/li>\n<li>Est\u00e9tica natural: Acabamento elegante e ecol\u00f3gico<\/li>\n<li>Reutiliz\u00e1vel: Resistente e dur\u00e1vel com uso cont\u00ednuo<\/li>\n<li>Leve e compacto: F\u00e1cil de manusear, empilhar e armazenar<\/li>\n<li>Vers\u00e1til: Ideal para petiscos, molhos, sushi, sobremesas ou snacks<\/li>\n<\/ul>\n<p>O bamb\u00fa \u00e9 leve, resistente, muito pouco poroso 100% natural.<br \/>\nSustent\u00e1vel, cresce naturalmente de forma r\u00e1pida.<br \/>\nLavar com \u00e1gua e sab\u00e3o neutro. Manter seco e em local arejado.<\/p>\n<h4>Caracter\u00edsticas T\u00e9cnicas:<\/h4>\n<ul>\n<li>Dimens\u00f5es: 17,7 x 5,8 cm<\/li>\n<li>Material: Bambu natural<\/li>\n<li>Divis\u00f5es: 3 compartimentos<\/li>\n<li>Uso: Alimentar \u2013 frio ou \u00e0 temperatura ambiente<\/li>\n<li>Cuidados: Limpeza manual recomendada (n\u00e3o apto para m\u00e1quina de lavar loi\u00e7a ou micro-ondas)<\/li>\n<\/ul>\n<p><img decoding=\"async\" src=\"https:\/\/dev4copopalhinhas.devdg.pt\/wp-content\/uploads\/Icon_DESCARTAVEL.png\" alt=\"\" width=\"30\" height=\"30\" \/>\u00a0<strong>Descart\u00e1vel<\/strong><\/p>\n<p><img decoding=\"async\" src=\"https:\/\/dev4copopalhinhas.devdg.pt\/wp-content\/uploads\/Icons_alimentos.png\" alt=\"\" width=\"30\" height=\"30\" \/>\u00a0<strong>Alimento<\/strong>: Pr\u00f3prios para consumo alimentar<\/p>\n<p><img decoding=\"async\" src=\"https:\/\/dev4copopalhinhas.devdg.pt\/wp-content\/uploads\/Icon_reciclaveis.png\" alt=\"\" width=\"30\" height=\"30\" \/>\u00a0<strong>Recicl\u00e1veis<\/strong>: Produtos que podem ser reciclados ou usados para recupera\u00e7\u00e3o energ\u00e9tica.<\/p>","protected":false},"excerpt":{"rendered":"<p>Esta elegante travessa em bambu com tr\u00eas divis\u00f5es \u00e9 a solu\u00e7\u00e3o ideal para servir petiscos, molhos, snacks, entradas, acompanhamentos ou frutos secos, com um toque natural e sustent\u00e1vel. Fabricado em bambu 100% natural, combina design funcional com responsabilidade ecol\u00f3gica, sendo perfeito para restaurantes, caf\u00e9s, catering, buffets, eventos ou uso dom\u00e9stico.<\/p>\n<p><img decoding=\"async\" src=\"https:\/\/dev4copopalhinhas.devdg.pt\/wp-content\/uploads\/Icons_alimentos.png\" alt=\"\" width=\"30\" height=\"30\" \/>\u00a0<img decoding=\"async\" src=\"https:\/\/dev4copopalhinhas.devdg.pt\/wp-content\/uploads\/Icon_DESCARTAVEL.png\" alt=\"\" width=\"30\" height=\"30\" \/>\u00a0<img decoding=\"async\" src=\"https:\/\/dev4copopalhinhas.devdg.pt\/wp-content\/uploads\/Icon_reciclaveis.png\" alt=\"\" width=\"30\" height=\"30\" \/><\/p>","protected":false},"featured_media":68772,"comment_status":"open","ping_status":"closed","template":"","meta":{"_acf_changed":false},"product_cat":[2003,2254,2077,1725,1511,1552,1701,1418,226],"product_tag":[1702,1582,1568],"class_list":{"0":"post-68769","1":"product","2":"type-product","3":"status-publish","4":"has-post-thumbnail","6":"product_cat-loucas-reutilizaveis","7":"product_cat-loucas-madeira","8":"product_cat-madeira-2","9":"product_cat-castanho","10":"product_cat-reutilizaveis-caracteristica","11":"product_cat-bambu","12":"product_cat-travessa","13":"product_cat-loucas-pratos","14":"product_cat-loucas","15":"product_tag-destaque","16":"product_tag-sub-menu-loucas-reutilizaveis","17":"product_tag-menu-reutilizaveis","18":"pa_qtd-por-caixa-297","19":"tm-no-options","21":"first","22":"instock","23":"taxable","24":"shipping-taxable","25":"purchasable","26":"product-type-variable"},"acf":[],"yoast_head":"<!-- This site is optimized with the Yoast SEO Premium plugin v23.9 (Yoast SEO v23.9) - https:\/\/yoast.com\/wordpress\/plugins\/seo\/ -->\n<title>TRAVESSA EM BAMBU COM 3 DIVIS\u00d5ES 17,7x5,8CM - Copopalhinhas<\/title>\n<meta name=\"description\" content=\"Este elegante travessa em bambu com 3 divis\u00f5es \u00e9 a solu\u00e7\u00e3o ideal para servir petiscos, molhos, snacks, ou entradas, com um toque natural e sustent\u00e1vel.\" \/>\n<meta name=\"robots\" content=\"index, follow, max-snippet:-1, max-image-preview:large, max-video-preview:-1\" \/>\n<link rel=\"canonical\" href=\"https:\/\/dev4copopalhinhas.devdg.pt\/es\/producto\/travessa-em-bambu-com-3-divisoes-177x58cm\/\" \/>\n<meta property=\"og:locale\" content=\"es_ES\" \/>\n<meta property=\"og:type\" content=\"article\" \/>\n<meta property=\"og:title\" content=\"TRAVESSA EM BAMBU COM 3 DIVIS\u00d5ES 17,7x5,8CM\" \/>\n<meta property=\"og:description\" content=\"Este elegante travessa em bambu com 3 divis\u00f5es \u00e9 a solu\u00e7\u00e3o ideal para servir petiscos, molhos, snacks, ou entradas, com um toque natural e sustent\u00e1vel.\" \/>\n<meta property=\"og:url\" content=\"https:\/\/dev4copopalhinhas.devdg.pt\/es\/producto\/travessa-em-bambu-com-3-divisoes-177x58cm\/\" \/>\n<meta property=\"og:site_name\" content=\"Copopalhinhas\" \/>\n<meta property=\"article:publisher\" content=\"https:\/\/www.facebook.com\/copopalhinhas\" \/>\n<meta property=\"article:modified_time\" content=\"2025-09-27T09:04:48+00:00\" \/>\n<meta property=\"og:image\" content=\"https:\/\/copopalhinhas.b-cdn.net\/wp-content\/uploads\/Prato-retangular-3divisoes-bambi-1133710016-copopalhinhas-web1.png\" \/>\n\t<meta property=\"og:image:width\" content=\"1000\" \/>\n\t<meta property=\"og:image:height\" content=\"1000\" \/>\n\t<meta property=\"og:image:type\" content=\"image\/png\" \/>\n<meta name=\"twitter:card\" content=\"summary_large_image\" \/>\n<meta name=\"twitter:site\" content=\"@copopalhinhas\" \/>\n<script type=\"application\/ld+json\" class=\"yoast-schema-graph\">{\"@context\":\"https:\/\/schema.org\",\"@graph\":[{\"@type\":\"WebPage\",\"@id\":\"https:\/\/dev4copopalhinhas.devdg.pt\/produto\/travessa-em-bambu-com-3-divisoes-177x58cm\/\",\"url\":\"https:\/\/dev4copopalhinhas.devdg.pt\/produto\/travessa-em-bambu-com-3-divisoes-177x58cm\/\",\"name\":\"TRAVESSA EM BAMBU COM 3 DIVIS\u00d5ES 17,7x5,8CM - Copopalhinhas\",\"isPartOf\":{\"@id\":\"https:\/\/dev4copopalhinhas.devdg.pt\/#website\"},\"primaryImageOfPage\":{\"@id\":\"https:\/\/dev4copopalhinhas.devdg.pt\/produto\/travessa-em-bambu-com-3-divisoes-177x58cm\/#primaryimage\"},\"image\":{\"@id\":\"https:\/\/dev4copopalhinhas.devdg.pt\/produto\/travessa-em-bambu-com-3-divisoes-177x58cm\/#primaryimage\"},\"thumbnailUrl\":\"https:\/\/dev4copopalhinhas.devdg.pt\/wp-content\/uploads\/Prato-retangular-3divisoes-bambi-1133710016-copopalhinhas-web1.png\",\"datePublished\":\"2025-05-21T09:09:56+00:00\",\"dateModified\":\"2025-09-27T09:04:48+00:00\",\"description\":\"Este elegante travessa em bambu com 3 divis\u00f5es \u00e9 a solu\u00e7\u00e3o ideal para servir petiscos, molhos, snacks, ou entradas, com um toque natural e sustent\u00e1vel.\",\"breadcrumb\":{\"@id\":\"https:\/\/dev4copopalhinhas.devdg.pt\/produto\/travessa-em-bambu-com-3-divisoes-177x58cm\/#breadcrumb\"},\"inLanguage\":\"es\",\"potentialAction\":[{\"@type\":\"ReadAction\",\"target\":[\"https:\/\/dev4copopalhinhas.devdg.pt\/produto\/travessa-em-bambu-com-3-divisoes-177x58cm\/\"]}]},{\"@type\":\"ImageObject\",\"inLanguage\":\"es\",\"@id\":\"https:\/\/dev4copopalhinhas.devdg.pt\/produto\/travessa-em-bambu-com-3-divisoes-177x58cm\/#primaryimage\",\"url\":\"https:\/\/dev4copopalhinhas.devdg.pt\/wp-content\/uploads\/Prato-retangular-3divisoes-bambi-1133710016-copopalhinhas-web1.png\",\"contentUrl\":\"https:\/\/dev4copopalhinhas.devdg.pt\/wp-content\/uploads\/Prato-retangular-3divisoes-bambi-1133710016-copopalhinhas-web1.png\",\"width\":1000,\"height\":1000,\"caption\":\"Prato-retangular-3divisoes-bambi-1133710016-copopalhinhas-web1\"},{\"@type\":\"BreadcrumbList\",\"@id\":\"https:\/\/dev4copopalhinhas.devdg.pt\/produto\/travessa-em-bambu-com-3-divisoes-177x58cm\/#breadcrumb\",\"itemListElement\":[{\"@type\":\"ListItem\",\"position\":1,\"name\":\"In\u00edcio\",\"item\":\"https:\/\/dev4copopalhinhas.devdg.pt\/\"},{\"@type\":\"ListItem\",\"position\":2,\"name\":\"Loja\",\"item\":\"https:\/\/dev4copopalhinhas.devdg.pt\/loja\/\"},{\"@type\":\"ListItem\",\"position\":3,\"name\":\"TRAVESSA EM BAMBU COM 3 DIVIS\u00d5ES 17,7&#215;5,8CM\"}]},{\"@type\":\"WebSite\",\"@id\":\"https:\/\/dev4copopalhinhas.devdg.pt\/#website\",\"url\":\"https:\/\/dev4copopalhinhas.devdg.pt\/\",\"name\":\"Copopalhinhas\",\"description\":\"Os Melhores Pre\u00e7os\",\"publisher\":{\"@id\":\"https:\/\/dev4copopalhinhas.devdg.pt\/#organization\"},\"potentialAction\":[{\"@type\":\"SearchAction\",\"target\":{\"@type\":\"EntryPoint\",\"urlTemplate\":\"https:\/\/dev4copopalhinhas.devdg.pt\/?s={search_term_string}\"},\"query-input\":{\"@type\":\"PropertyValueSpecification\",\"valueRequired\":true,\"valueName\":\"search_term_string\"}}],\"inLanguage\":\"es\"},{\"@type\":\"Organization\",\"@id\":\"https:\/\/dev4copopalhinhas.devdg.pt\/#organization\",\"name\":\"Copopalhinhas\",\"url\":\"https:\/\/dev4copopalhinhas.devdg.pt\/\",\"logo\":{\"@type\":\"ImageObject\",\"inLanguage\":\"es\",\"@id\":\"https:\/\/dev4copopalhinhas.devdg.pt\/#\/schema\/logo\/image\/\",\"url\":\"https:\/\/dev4copopalhinhas.devdg.pt\/wp-content\/uploads\/2022\/05\/COPOPALHINHASlogo.png\",\"contentUrl\":\"https:\/\/dev4copopalhinhas.devdg.pt\/wp-content\/uploads\/2022\/05\/COPOPALHINHASlogo.png\",\"width\":1200,\"height\":323,\"caption\":\"Copopalhinhas\"},\"image\":{\"@id\":\"https:\/\/dev4copopalhinhas.devdg.pt\/#\/schema\/logo\/image\/\"},\"sameAs\":[\"https:\/\/www.facebook.com\/copopalhinhas\",\"https:\/\/x.com\/copopalhinhas\",\"https:\/\/copopalhinhas.blogspot.pt\/\"]}]}<\/script>\n<!-- \/ Yoast SEO Premium plugin. -->","yoast_head_json":{"title":"TRAVESSA EM BAMBU COM 3 DIVIS\u00d5ES 17,7x5,8CM - Copopalhinhas","description":"Este elegante travessa em bambu com 3 divis\u00f5es \u00e9 a solu\u00e7\u00e3o ideal para servir petiscos, molhos, snacks, ou entradas, com um toque natural e sustent\u00e1vel.","robots":{"index":"index","follow":"follow","max-snippet":"max-snippet:-1","max-image-preview":"max-image-preview:large","max-video-preview":"max-video-preview:-1"},"canonical":"https:\/\/dev4copopalhinhas.devdg.pt\/es\/producto\/travessa-em-bambu-com-3-divisoes-177x58cm\/","og_locale":"es_ES","og_type":"article","og_title":"TRAVESSA EM BAMBU COM 3 DIVIS\u00d5ES 17,7x5,8CM","og_description":"Este elegante travessa em bambu com 3 divis\u00f5es \u00e9 a solu\u00e7\u00e3o ideal para servir petiscos, molhos, snacks, ou entradas, com um toque natural e sustent\u00e1vel.","og_url":"https:\/\/dev4copopalhinhas.devdg.pt\/es\/producto\/travessa-em-bambu-com-3-divisoes-177x58cm\/","og_site_name":"Copopalhinhas","article_publisher":"https:\/\/www.facebook.com\/copopalhinhas","article_modified_time":"2025-09-27T09:04:48+00:00","og_image":[{"width":1000,"height":1000,"url":"https:\/\/copopalhinhas.b-cdn.net\/wp-content\/uploads\/Prato-retangular-3divisoes-bambi-1133710016-copopalhinhas-web1.png","type":"image\/png"}],"twitter_card":"summary_large_image","twitter_site":"@copopalhinhas","schema":{"@context":"https:\/\/schema.org","@graph":[{"@type":"WebPage","@id":"https:\/\/dev4copopalhinhas.devdg.pt\/produto\/travessa-em-bambu-com-3-divisoes-177x58cm\/","url":"https:\/\/dev4copopalhinhas.devdg.pt\/produto\/travessa-em-bambu-com-3-divisoes-177x58cm\/","name":"TRAVESSA EM BAMBU COM 3 DIVIS\u00d5ES 17,7x5,8CM - Copopalhinhas","isPartOf":{"@id":"https:\/\/dev4copopalhinhas.devdg.pt\/#website"},"primaryImageOfPage":{"@id":"https:\/\/dev4copopalhinhas.devdg.pt\/produto\/travessa-em-bambu-com-3-divisoes-177x58cm\/#primaryimage"},"image":{"@id":"https:\/\/dev4copopalhinhas.devdg.pt\/produto\/travessa-em-bambu-com-3-divisoes-177x58cm\/#primaryimage"},"thumbnailUrl":"https:\/\/dev4copopalhinhas.devdg.pt\/wp-content\/uploads\/Prato-retangular-3divisoes-bambi-1133710016-copopalhinhas-web1.png","datePublished":"2025-05-21T09:09:56+00:00","dateModified":"2025-09-27T09:04:48+00:00","description":"Este elegante travessa em bambu com 3 divis\u00f5es \u00e9 a solu\u00e7\u00e3o ideal para servir petiscos, molhos, snacks, ou entradas, com um toque natural e sustent\u00e1vel.","breadcrumb":{"@id":"https:\/\/dev4copopalhinhas.devdg.pt\/produto\/travessa-em-bambu-com-3-divisoes-177x58cm\/#breadcrumb"},"inLanguage":"es","potentialAction":[{"@type":"ReadAction","target":["https:\/\/dev4copopalhinhas.devdg.pt\/produto\/travessa-em-bambu-com-3-divisoes-177x58cm\/"]}]},{"@type":"ImageObject","inLanguage":"es","@id":"https:\/\/dev4copopalhinhas.devdg.pt\/produto\/travessa-em-bambu-com-3-divisoes-177x58cm\/#primaryimage","url":"https:\/\/dev4copopalhinhas.devdg.pt\/wp-content\/uploads\/Prato-retangular-3divisoes-bambi-1133710016-copopalhinhas-web1.png","contentUrl":"https:\/\/dev4copopalhinhas.devdg.pt\/wp-content\/uploads\/Prato-retangular-3divisoes-bambi-1133710016-copopalhinhas-web1.png","width":1000,"height":1000,"caption":"Prato-retangular-3divisoes-bambi-1133710016-copopalhinhas-web1"},{"@type":"BreadcrumbList","@id":"https:\/\/dev4copopalhinhas.devdg.pt\/produto\/travessa-em-bambu-com-3-divisoes-177x58cm\/#breadcrumb","itemListElement":[{"@type":"ListItem","position":1,"name":"In\u00edcio","item":"https:\/\/dev4copopalhinhas.devdg.pt\/"},{"@type":"ListItem","position":2,"name":"Loja","item":"https:\/\/dev4copopalhinhas.devdg.pt\/loja\/"},{"@type":"ListItem","position":3,"name":"TRAVESSA EM BAMBU COM 3 DIVIS\u00d5ES 17,7&#215;5,8CM"}]},{"@type":"WebSite","@id":"https:\/\/dev4copopalhinhas.devdg.pt\/#website","url":"https:\/\/dev4copopalhinhas.devdg.pt\/","name":"Pajitas para vasos","description":"Os Melhores Pre\u00e7os","publisher":{"@id":"https:\/\/dev4copopalhinhas.devdg.pt\/#organization"},"potentialAction":[{"@type":"SearchAction","target":{"@type":"EntryPoint","urlTemplate":"https:\/\/dev4copopalhinhas.devdg.pt\/?s={search_term_string}"},"query-input":{"@type":"PropertyValueSpecification","valueRequired":true,"valueName":"search_term_string"}}],"inLanguage":"es"},{"@type":"Organization","@id":"https:\/\/dev4copopalhinhas.devdg.pt\/#organization","name":"Pajitas para vasos","url":"https:\/\/dev4copopalhinhas.devdg.pt\/","logo":{"@type":"ImageObject","inLanguage":"es","@id":"https:\/\/dev4copopalhinhas.devdg.pt\/#\/schema\/logo\/image\/","url":"https:\/\/dev4copopalhinhas.devdg.pt\/wp-content\/uploads\/2022\/05\/COPOPALHINHASlogo.png","contentUrl":"https:\/\/dev4copopalhinhas.devdg.pt\/wp-content\/uploads\/2022\/05\/COPOPALHINHASlogo.png","width":1200,"height":323,"caption":"Copopalhinhas"},"image":{"@id":"https:\/\/dev4copopalhinhas.devdg.pt\/#\/schema\/logo\/image\/"},"sameAs":["https:\/\/www.facebook.com\/copopalhinhas","https:\/\/x.com\/copopalhinhas","https:\/\/copopalhinhas.blogspot.pt\/"]}]}},"_links":{"self":[{"href":"https:\/\/dev4copopalhinhas.devdg.pt\/es\/wp-json\/wp\/v2\/product\/68769","targetHints":{"allow":["GET"]}}],"collection":[{"href":"https:\/\/dev4copopalhinhas.devdg.pt\/es\/wp-json\/wp\/v2\/product"}],"about":[{"href":"https:\/\/dev4copopalhinhas.devdg.pt\/es\/wp-json\/wp\/v2\/types\/product"}],"replies":[{"embeddable":true,"href":"https:\/\/dev4copopalhinhas.devdg.pt\/es\/wp-json\/wp\/v2\/comments?post=68769"}],"wp:featuredmedia":[{"embeddable":true,"href":"https:\/\/dev4copopalhinhas.devdg.pt\/es\/wp-json\/wp\/v2\/media\/68772"}],"wp:attachment":[{"href":"https:\/\/dev4copopalhinhas.devdg.pt\/es\/wp-json\/wp\/v2\/media?parent=68769"}],"wp:term":[{"taxonomy":"product_cat","embeddable":true,"href":"https:\/\/dev4copopalhinhas.devdg.pt\/es\/wp-json\/wp\/v2\/product_cat?post=68769"},{"taxonomy":"product_tag","embeddable":true,"href":"https:\/\/dev4copopalhinhas.devdg.pt\/es\/wp-json\/wp\/v2\/product_tag?post=68769"}],"curies":[{"name":"wp","href":"https:\/\/api.w.org\/{rel}","templated":true}]}}