{"id":68791,"date":"2025-05-21T11:53:37","date_gmt":"2025-05-21T10:53:37","guid":{"rendered":"https:\/\/dev4copopalhinhas.devdg.pt\/?post_type=product&#038;p=68791"},"modified":"2025-09-27T09:03:16","modified_gmt":"2025-09-27T08:03:16","slug":"travessa-azeitoneira-em-inox-17x8cm","status":"publish","type":"product","link":"https:\/\/dev4copopalhinhas.devdg.pt\/es\/producto\/travessa-azeitoneira-em-inox-17x8cm\/","title":{"rendered":"ACEITUNAS DE ACERO INOXIDABLE 17x8CM"},"content":{"rendered":"<p>Azeitoneira em inox 17&#215;8 cm. Ideal para servir azeitonas, snacks ou molhos. Reutiliz\u00e1vel, resistente, higi\u00e9nica e apta para m\u00e1quina de lavar loi\u00e7a. Fabricada em a\u00e7o inoxid\u00e1vel de alta qualidade, \u00e9 resistente a riscos, impactos e \u00e0 corros\u00e3o, sendo totalmente reutiliz\u00e1vel, empilh\u00e1vel e f\u00e1cil de limpar. Uma alternativa ecol\u00f3gica e profissional \u00e0s ta\u00e7as ou pratos descart\u00e1veis.<\/p>\n<h4>Ventajas:<\/h4>\n<ul>\n<li>Vers\u00e1til: Ideal para azeitonas, snacks, molhos ou entradas<\/li>\n<li>Dur\u00e1vel: Material resistente e inquebr\u00e1vel<\/li>\n<li>Higi\u00e9nica: N\u00e3o ret\u00e9m odores nem sabores<\/li>\n<li>Reutiliz\u00e1vel: Sustent\u00e1vel e econ\u00f3mica<\/li>\n<li>Empilh\u00e1vel: F\u00e1cil de armazenar<\/li>\n<li>F\u00e1cil de limpar: Apta para m\u00e1quina de lavar loi\u00e7a<\/li>\n<li>Design profissional: Ideal para servi\u00e7o de mesa moderno<\/li>\n<\/ul>\n<h4>Caracter\u00edsticas T\u00e9cnicas:<\/h4>\n<ul>\n<li>Dimens\u00f5es: 17 x 8 cm<\/li>\n<li>Material: A\u00e7o inoxid\u00e1vel<\/li>\n<li>Temperatura: -40\u00b0C a +300\u00b0C<\/li>\n<li>Compat\u00edvel com: M\u00e1quina de lavar loi\u00e7a, frigor\u00edfico, congelador<\/li>\n<li>N\u00e3o compat\u00edvel com: Micro-ondas<\/li>\n<li>Formato: Oval \/ retangular com cantos arredondados<\/li>\n<\/ul>","protected":false},"excerpt":{"rendered":"<p>Esta azeitoneira em inox \u00e9 perfeita para servir azeitonas, tremo\u00e7os, frutos secos, molhos ou pequenos aperitivos, com eleg\u00e2ncia, durabilidade e higiene. Com dimens\u00f5es de 17&#215;8 cm, \u00e9 ideal para restaurantes, esplanadas, bares, tabernas, refeit\u00f3rios e eventos.<\/p>","protected":false},"featured_media":68796,"comment_status":"open","ping_status":"closed","template":"","meta":{"_acf_changed":false},"product_cat":[2069,2006,2253,1770,1510,1480,1458,226],"product_tag":[1578,1568],"class_list":{"0":"post-68791","1":"product","2":"type-product","3":"status-publish","4":"has-post-thumbnail","6":"product_cat-bandejas-e-tabuleiros","7":"product_cat-inox","8":"product_cat-loucas-inox","9":"product_cat-cinzento","10":"product_cat-inquebravel","11":"product_cat-inox-materia-prima","12":"product_cat-bandejas","13":"product_cat-loucas","14":"product_tag-sub-menu-loucas-premium","15":"product_tag-menu-reutilizaveis","16":"pa_qtd-por-caixa-297","17":"tm-no-options","19":"first","20":"instock","21":"taxable","22":"shipping-taxable","23":"purchasable","24":"product-type-variable"},"acf":[],"yoast_head":"<!-- This site is optimized with the Yoast SEO Premium plugin v23.9 (Yoast SEO v23.9) - https:\/\/yoast.com\/wordpress\/plugins\/seo\/ -->\n<title>TRAVESSA AZEITONEIRA EM INOX 17x8CM - Copopalhinhas<\/title>\n<meta name=\"description\" content=\"Esta azeitoneira em inox \u00e9 perfeita para servir azeitonas, tremo\u00e7os, frutos secos, molhos ou pequenos aperitivos, com eleg\u00e2ncia, durabilidade e higiene.\" \/>\n<meta name=\"robots\" content=\"index, follow, max-snippet:-1, max-image-preview:large, max-video-preview:-1\" \/>\n<link rel=\"canonical\" href=\"https:\/\/dev4copopalhinhas.devdg.pt\/es\/producto\/travessa-azeitoneira-em-inox-17x8cm\/\" \/>\n<meta property=\"og:locale\" content=\"es_ES\" \/>\n<meta property=\"og:type\" content=\"article\" \/>\n<meta property=\"og:title\" content=\"TRAVESSA AZEITONEIRA EM INOX 17x8CM\" \/>\n<meta property=\"og:description\" content=\"Esta azeitoneira em inox \u00e9 perfeita para servir azeitonas, tremo\u00e7os, frutos secos, molhos ou pequenos aperitivos, com eleg\u00e2ncia, durabilidade e higiene.\" \/>\n<meta property=\"og:url\" content=\"https:\/\/dev4copopalhinhas.devdg.pt\/es\/producto\/travessa-azeitoneira-em-inox-17x8cm\/\" \/>\n<meta property=\"og:site_name\" content=\"Copopalhinhas\" \/>\n<meta property=\"article:publisher\" content=\"https:\/\/www.facebook.com\/copopalhinhas\" \/>\n<meta property=\"article:modified_time\" content=\"2025-09-27T08:03:16+00:00\" \/>\n<meta property=\"og:image\" content=\"https:\/\/copopalhinhas.b-cdn.net\/wp-content\/uploads\/Prato-retangular-3divisoes-bambi-1133710016-copopalhinhas-web2.png\" \/>\n\t<meta property=\"og:image:width\" content=\"1000\" \/>\n\t<meta property=\"og:image:height\" content=\"1000\" \/>\n\t<meta property=\"og:image:type\" content=\"image\/png\" \/>\n<meta name=\"twitter:card\" content=\"summary_large_image\" \/>\n<meta name=\"twitter:site\" content=\"@copopalhinhas\" \/>\n<script type=\"application\/ld+json\" class=\"yoast-schema-graph\">{\"@context\":\"https:\/\/schema.org\",\"@graph\":[{\"@type\":\"WebPage\",\"@id\":\"https:\/\/dev4copopalhinhas.devdg.pt\/produto\/travessa-azeitoneira-em-inox-17x8cm\/\",\"url\":\"https:\/\/dev4copopalhinhas.devdg.pt\/produto\/travessa-azeitoneira-em-inox-17x8cm\/\",\"name\":\"TRAVESSA AZEITONEIRA EM INOX 17x8CM - Copopalhinhas\",\"isPartOf\":{\"@id\":\"https:\/\/dev4copopalhinhas.devdg.pt\/#website\"},\"primaryImageOfPage\":{\"@id\":\"https:\/\/dev4copopalhinhas.devdg.pt\/produto\/travessa-azeitoneira-em-inox-17x8cm\/#primaryimage\"},\"image\":{\"@id\":\"https:\/\/dev4copopalhinhas.devdg.pt\/produto\/travessa-azeitoneira-em-inox-17x8cm\/#primaryimage\"},\"thumbnailUrl\":\"https:\/\/dev4copopalhinhas.devdg.pt\/wp-content\/uploads\/Prato-retangular-3divisoes-bambi-1133710016-copopalhinhas-web2.png\",\"datePublished\":\"2025-05-21T10:53:37+00:00\",\"dateModified\":\"2025-09-27T08:03:16+00:00\",\"description\":\"Esta azeitoneira em inox \u00e9 perfeita para servir azeitonas, tremo\u00e7os, frutos secos, molhos ou pequenos aperitivos, com eleg\u00e2ncia, durabilidade e higiene.\",\"breadcrumb\":{\"@id\":\"https:\/\/dev4copopalhinhas.devdg.pt\/produto\/travessa-azeitoneira-em-inox-17x8cm\/#breadcrumb\"},\"inLanguage\":\"es\",\"potentialAction\":[{\"@type\":\"ReadAction\",\"target\":[\"https:\/\/dev4copopalhinhas.devdg.pt\/produto\/travessa-azeitoneira-em-inox-17x8cm\/\"]}]},{\"@type\":\"ImageObject\",\"inLanguage\":\"es\",\"@id\":\"https:\/\/dev4copopalhinhas.devdg.pt\/produto\/travessa-azeitoneira-em-inox-17x8cm\/#primaryimage\",\"url\":\"https:\/\/dev4copopalhinhas.devdg.pt\/wp-content\/uploads\/Prato-retangular-3divisoes-bambi-1133710016-copopalhinhas-web2.png\",\"contentUrl\":\"https:\/\/dev4copopalhinhas.devdg.pt\/wp-content\/uploads\/Prato-retangular-3divisoes-bambi-1133710016-copopalhinhas-web2.png\",\"width\":1000,\"height\":1000,\"caption\":\"Prato-retangular-3divisoes-bambi-1133710016-copopalhinhas-web2\"},{\"@type\":\"BreadcrumbList\",\"@id\":\"https:\/\/dev4copopalhinhas.devdg.pt\/produto\/travessa-azeitoneira-em-inox-17x8cm\/#breadcrumb\",\"itemListElement\":[{\"@type\":\"ListItem\",\"position\":1,\"name\":\"In\u00edcio\",\"item\":\"https:\/\/dev4copopalhinhas.devdg.pt\/\"},{\"@type\":\"ListItem\",\"position\":2,\"name\":\"Loja\",\"item\":\"https:\/\/dev4copopalhinhas.devdg.pt\/loja\/\"},{\"@type\":\"ListItem\",\"position\":3,\"name\":\"TRAVESSA AZEITONEIRA EM INOX 17x8CM\"}]},{\"@type\":\"WebSite\",\"@id\":\"https:\/\/dev4copopalhinhas.devdg.pt\/#website\",\"url\":\"https:\/\/dev4copopalhinhas.devdg.pt\/\",\"name\":\"Copopalhinhas\",\"description\":\"Os Melhores Pre\u00e7os\",\"publisher\":{\"@id\":\"https:\/\/dev4copopalhinhas.devdg.pt\/#organization\"},\"potentialAction\":[{\"@type\":\"SearchAction\",\"target\":{\"@type\":\"EntryPoint\",\"urlTemplate\":\"https:\/\/dev4copopalhinhas.devdg.pt\/?s={search_term_string}\"},\"query-input\":{\"@type\":\"PropertyValueSpecification\",\"valueRequired\":true,\"valueName\":\"search_term_string\"}}],\"inLanguage\":\"es\"},{\"@type\":\"Organization\",\"@id\":\"https:\/\/dev4copopalhinhas.devdg.pt\/#organization\",\"name\":\"Copopalhinhas\",\"url\":\"https:\/\/dev4copopalhinhas.devdg.pt\/\",\"logo\":{\"@type\":\"ImageObject\",\"inLanguage\":\"es\",\"@id\":\"https:\/\/dev4copopalhinhas.devdg.pt\/#\/schema\/logo\/image\/\",\"url\":\"https:\/\/dev4copopalhinhas.devdg.pt\/wp-content\/uploads\/2022\/05\/COPOPALHINHASlogo.png\",\"contentUrl\":\"https:\/\/dev4copopalhinhas.devdg.pt\/wp-content\/uploads\/2022\/05\/COPOPALHINHASlogo.png\",\"width\":1200,\"height\":323,\"caption\":\"Copopalhinhas\"},\"image\":{\"@id\":\"https:\/\/dev4copopalhinhas.devdg.pt\/#\/schema\/logo\/image\/\"},\"sameAs\":[\"https:\/\/www.facebook.com\/copopalhinhas\",\"https:\/\/x.com\/copopalhinhas\",\"https:\/\/copopalhinhas.blogspot.pt\/\"]}]}<\/script>\n<!-- \/ Yoast SEO Premium plugin. -->","yoast_head_json":{"title":"TRAVESSA AZEITONEIRA EM INOX 17x8CM - Copopalhinhas","description":"Esta azeitoneira em inox \u00e9 perfeita para servir azeitonas, tremo\u00e7os, frutos secos, molhos ou pequenos aperitivos, com eleg\u00e2ncia, durabilidade e higiene.","robots":{"index":"index","follow":"follow","max-snippet":"max-snippet:-1","max-image-preview":"max-image-preview:large","max-video-preview":"max-video-preview:-1"},"canonical":"https:\/\/dev4copopalhinhas.devdg.pt\/es\/producto\/travessa-azeitoneira-em-inox-17x8cm\/","og_locale":"es_ES","og_type":"article","og_title":"TRAVESSA AZEITONEIRA EM INOX 17x8CM","og_description":"Esta azeitoneira em inox \u00e9 perfeita para servir azeitonas, tremo\u00e7os, frutos secos, molhos ou pequenos aperitivos, com eleg\u00e2ncia, durabilidade e higiene.","og_url":"https:\/\/dev4copopalhinhas.devdg.pt\/es\/producto\/travessa-azeitoneira-em-inox-17x8cm\/","og_site_name":"Copopalhinhas","article_publisher":"https:\/\/www.facebook.com\/copopalhinhas","article_modified_time":"2025-09-27T08:03:16+00:00","og_image":[{"width":1000,"height":1000,"url":"https:\/\/copopalhinhas.b-cdn.net\/wp-content\/uploads\/Prato-retangular-3divisoes-bambi-1133710016-copopalhinhas-web2.png","type":"image\/png"}],"twitter_card":"summary_large_image","twitter_site":"@copopalhinhas","schema":{"@context":"https:\/\/schema.org","@graph":[{"@type":"WebPage","@id":"https:\/\/dev4copopalhinhas.devdg.pt\/produto\/travessa-azeitoneira-em-inox-17x8cm\/","url":"https:\/\/dev4copopalhinhas.devdg.pt\/produto\/travessa-azeitoneira-em-inox-17x8cm\/","name":"TRAVESSA AZEITONEIRA EM INOX 17x8CM - Copopalhinhas","isPartOf":{"@id":"https:\/\/dev4copopalhinhas.devdg.pt\/#website"},"primaryImageOfPage":{"@id":"https:\/\/dev4copopalhinhas.devdg.pt\/produto\/travessa-azeitoneira-em-inox-17x8cm\/#primaryimage"},"image":{"@id":"https:\/\/dev4copopalhinhas.devdg.pt\/produto\/travessa-azeitoneira-em-inox-17x8cm\/#primaryimage"},"thumbnailUrl":"https:\/\/dev4copopalhinhas.devdg.pt\/wp-content\/uploads\/Prato-retangular-3divisoes-bambi-1133710016-copopalhinhas-web2.png","datePublished":"2025-05-21T10:53:37+00:00","dateModified":"2025-09-27T08:03:16+00:00","description":"Esta azeitoneira em inox \u00e9 perfeita para servir azeitonas, tremo\u00e7os, frutos secos, molhos ou pequenos aperitivos, com eleg\u00e2ncia, durabilidade e higiene.","breadcrumb":{"@id":"https:\/\/dev4copopalhinhas.devdg.pt\/produto\/travessa-azeitoneira-em-inox-17x8cm\/#breadcrumb"},"inLanguage":"es","potentialAction":[{"@type":"ReadAction","target":["https:\/\/dev4copopalhinhas.devdg.pt\/produto\/travessa-azeitoneira-em-inox-17x8cm\/"]}]},{"@type":"ImageObject","inLanguage":"es","@id":"https:\/\/dev4copopalhinhas.devdg.pt\/produto\/travessa-azeitoneira-em-inox-17x8cm\/#primaryimage","url":"https:\/\/dev4copopalhinhas.devdg.pt\/wp-content\/uploads\/Prato-retangular-3divisoes-bambi-1133710016-copopalhinhas-web2.png","contentUrl":"https:\/\/dev4copopalhinhas.devdg.pt\/wp-content\/uploads\/Prato-retangular-3divisoes-bambi-1133710016-copopalhinhas-web2.png","width":1000,"height":1000,"caption":"Prato-retangular-3divisoes-bambi-1133710016-copopalhinhas-web2"},{"@type":"BreadcrumbList","@id":"https:\/\/dev4copopalhinhas.devdg.pt\/produto\/travessa-azeitoneira-em-inox-17x8cm\/#breadcrumb","itemListElement":[{"@type":"ListItem","position":1,"name":"In\u00edcio","item":"https:\/\/dev4copopalhinhas.devdg.pt\/"},{"@type":"ListItem","position":2,"name":"Loja","item":"https:\/\/dev4copopalhinhas.devdg.pt\/loja\/"},{"@type":"ListItem","position":3,"name":"TRAVESSA AZEITONEIRA EM INOX 17x8CM"}]},{"@type":"WebSite","@id":"https:\/\/dev4copopalhinhas.devdg.pt\/#website","url":"https:\/\/dev4copopalhinhas.devdg.pt\/","name":"Pajitas para vasos","description":"Os Melhores Pre\u00e7os","publisher":{"@id":"https:\/\/dev4copopalhinhas.devdg.pt\/#organization"},"potentialAction":[{"@type":"SearchAction","target":{"@type":"EntryPoint","urlTemplate":"https:\/\/dev4copopalhinhas.devdg.pt\/?s={search_term_string}"},"query-input":{"@type":"PropertyValueSpecification","valueRequired":true,"valueName":"search_term_string"}}],"inLanguage":"es"},{"@type":"Organization","@id":"https:\/\/dev4copopalhinhas.devdg.pt\/#organization","name":"Pajitas para vasos","url":"https:\/\/dev4copopalhinhas.devdg.pt\/","logo":{"@type":"ImageObject","inLanguage":"es","@id":"https:\/\/dev4copopalhinhas.devdg.pt\/#\/schema\/logo\/image\/","url":"https:\/\/dev4copopalhinhas.devdg.pt\/wp-content\/uploads\/2022\/05\/COPOPALHINHASlogo.png","contentUrl":"https:\/\/dev4copopalhinhas.devdg.pt\/wp-content\/uploads\/2022\/05\/COPOPALHINHASlogo.png","width":1200,"height":323,"caption":"Copopalhinhas"},"image":{"@id":"https:\/\/dev4copopalhinhas.devdg.pt\/#\/schema\/logo\/image\/"},"sameAs":["https:\/\/www.facebook.com\/copopalhinhas","https:\/\/x.com\/copopalhinhas","https:\/\/copopalhinhas.blogspot.pt\/"]}]}},"_links":{"self":[{"href":"https:\/\/dev4copopalhinhas.devdg.pt\/es\/wp-json\/wp\/v2\/product\/68791","targetHints":{"allow":["GET"]}}],"collection":[{"href":"https:\/\/dev4copopalhinhas.devdg.pt\/es\/wp-json\/wp\/v2\/product"}],"about":[{"href":"https:\/\/dev4copopalhinhas.devdg.pt\/es\/wp-json\/wp\/v2\/types\/product"}],"replies":[{"embeddable":true,"href":"https:\/\/dev4copopalhinhas.devdg.pt\/es\/wp-json\/wp\/v2\/comments?post=68791"}],"wp:featuredmedia":[{"embeddable":true,"href":"https:\/\/dev4copopalhinhas.devdg.pt\/es\/wp-json\/wp\/v2\/media\/68796"}],"wp:attachment":[{"href":"https:\/\/dev4copopalhinhas.devdg.pt\/es\/wp-json\/wp\/v2\/media?parent=68791"}],"wp:term":[{"taxonomy":"product_cat","embeddable":true,"href":"https:\/\/dev4copopalhinhas.devdg.pt\/es\/wp-json\/wp\/v2\/product_cat?post=68791"},{"taxonomy":"product_tag","embeddable":true,"href":"https:\/\/dev4copopalhinhas.devdg.pt\/es\/wp-json\/wp\/v2\/product_tag?post=68791"}],"curies":[{"name":"wp","href":"https:\/\/api.w.org\/{rel}","templated":true}]}}