{"id":69265,"date":"2025-05-30T11:14:48","date_gmt":"2025-05-30T10:14:48","guid":{"rendered":"https:\/\/dev4copopalhinhas.devdg.pt\/?post_type=product&#038;p=69265"},"modified":"2025-09-27T21:15:08","modified_gmt":"2025-09-27T20:15:08","slug":"copo-reutilizavel-em-pp-transparente-166cl-166ml","status":"publish","type":"product","link":"https:\/\/dev4copopalhinhas.devdg.pt\/es\/producto\/copo-reutilizavel-em-pp-transparente-166cl-166ml\/","title":{"rendered":"COPO REUTILIZ\u00c1VEL EM PP TRANSPARENTE 16,6CL (166ML)"},"content":{"rendered":"<p>O Copo Reutiliz\u00e1vel em PP Transparente 16,6cl (166ml) \u00e9 a escolha inteligente para quem procura uma solu\u00e7\u00e3o ecol\u00f3gica, pr\u00e1tica e econ\u00f3mica para servir bebidas. Fabricado em polipropileno (PP), este copo \u00e9 transparente, leve (apenas 1,8g) e extremamente resistente, o que o torna perfeito para eventos sustent\u00e1veis, festas, festivais, bares, esplanadas ou servi\u00e7os de takeaway.<\/p>\n<p>Com um di\u00e2metro de 70,3mm, \u00e9 compat\u00edvel com a maioria dos suportes e dispensadores. Sendo reutiliz\u00e1vel e 100% recicl\u00e1vel, este copo contribui para a redu\u00e7\u00e3o do uso de pl\u00e1sticos descart\u00e1veis, alinhando-se com as exig\u00eancias da economia circular e da responsabilidade ambiental.<\/p>\n<h4>Caracter\u00edsticas principais:<\/h4>\n<ul>\n<li>Capacidad: 16,6 cl (166 ml)<\/li>\n<li>Material: PP transparente (polipropileno)<\/li>\n<li>Di\u00e2metro: 70,3mm<\/li>\n<li>Peso: 1,8 g<\/li>\n<li>Reutiliz\u00e1vel e recicl\u00e1vel<\/li>\n<li>Ideal para bebidas fr\u00edas.<\/li>\n<li>Resistente, leve e econ\u00f3mico<\/li>\n<\/ul>\n<p>Adote j\u00e1 os copos reutiliz\u00e1veis e transforme o seu neg\u00f3cio num exemplo de sustentabilidade!<\/p>\n<p>Ver m\u00e1s <a href=\"https:\/\/dev4copopalhinhas.devdg.pt\/es\/categorias\/copos-reutilizaveis-polipropileno-pp\/\">Copos Reutiliz\u00e1veis Polipropileno PP<\/a>.<\/p>\n<p><img decoding=\"async\" src=\"https:\/\/dev4copopalhinhas.devdg.pt\/wp-content\/uploads\/Icon_PP.png\" alt=\"\" width=\"30\" height=\"30\" \/> <strong>Polipropileno (PP)<\/strong><\/p>\n<p><img decoding=\"async\" src=\"https:\/\/dev4copopalhinhas.devdg.pt\/wp-content\/uploads\/Icons_alimentos.png\" alt=\"\" width=\"30\" height=\"30\" \/> <strong>Alimento<\/strong>: Pr\u00f3prios para consumo alimentar<\/p>\n<p><img decoding=\"async\" src=\"https:\/\/dev4copopalhinhas.devdg.pt\/wp-content\/uploads\/Icon_reciclaveis.png\" alt=\"\" width=\"30\" height=\"30\" \/> <strong>Recicl\u00e1veis<\/strong>: Produtos que podem ser reciclados ou usados para recupera\u00e7\u00e3o energ\u00e9tica.<\/p>","protected":false},"excerpt":{"rendered":"<p>Copo reutiliz\u00e1vel em PP transparente de 16,6cl (166ml), leve e resistente. Ecol\u00f3gico, recicl\u00e1vel e com 70,3mm de di\u00e2metro.<\/p>\n<p><img decoding=\"async\" src=\"https:\/\/dev4copopalhinhas.devdg.pt\/wp-content\/uploads\/Icon_PP.png\" alt=\"\" width=\"30\" height=\"30\" \/> <img decoding=\"async\" src=\"https:\/\/dev4copopalhinhas.devdg.pt\/wp-content\/uploads\/Icons_alimentos.png\" alt=\"\" width=\"30\" height=\"30\" \/> <img decoding=\"async\" src=\"https:\/\/dev4copopalhinhas.devdg.pt\/wp-content\/uploads\/Icon_reciclaveis.png\" alt=\"\" width=\"30\" height=\"30\" \/><\/p>","protected":false},"featured_media":69471,"comment_status":"open","ping_status":"closed","template":"","meta":{"_acf_changed":false},"product_cat":[2007,2033,2002,2023,1724,1453,1511,1432,1436,1447,225],"product_tag":[1589,1592,1579,1591,1569,1568],"class_list":{"0":"post-69265","1":"product","2":"type-product","3":"status-publish","4":"has-post-thumbnail","6":"product_cat-copos-descartaveis","7":"product_cat-copos-descartaveis-polipropileno-pp","8":"product_cat-copos-reutilizaveis","9":"product_cat-copos-reutilizaveis-polipropileno-pp","10":"product_cat-translucido","11":"product_cat-11-20cl","12":"product_cat-reutilizaveis-caracteristica","13":"product_cat-materia-prima-pp","14":"product_cat-agua","15":"product_cat-sumos","16":"product_cat-copos","17":"product_tag-sub-menu-copos-descartaveis","18":"product_tag-sub-menu-copos-descartaveis-polipropileno-pp","19":"product_tag-sub-menu-copos-reutilizaveis","20":"product_tag-sub-menu-copos-reutilizaveis-polipropileno-pp","21":"product_tag-menu-descartaveis","22":"product_tag-menu-reutilizaveis","23":"pa_qtd-por-caixa-281","24":"pa_qtd-por-caixa-1284","25":"tm-no-options","27":"first","28":"instock","29":"taxable","30":"shipping-taxable","31":"purchasable","32":"product-type-variable"},"acf":[],"yoast_head":"<!-- This site is optimized with the Yoast SEO Premium plugin v23.9 (Yoast SEO v23.9) - https:\/\/yoast.com\/wordpress\/plugins\/seo\/ -->\n<title>COPO CERVEJA SUMO OU \u00c1GUA REUTILIZ\u00c1VEL EM PP 22CL<\/title>\n<meta name=\"description\" content=\"Copo Reutiliz\u00e1vel em PP Transparente 22cl (220ml): resistente, leve e perfeito para servir cerveja, sumo ou \u00e1gua com seguran\u00e7a e estilo em qualquer ocasi\u00e3o!\" \/>\n<meta name=\"robots\" content=\"index, follow, max-snippet:-1, max-image-preview:large, max-video-preview:-1\" \/>\n<link rel=\"canonical\" href=\"https:\/\/dev4copopalhinhas.devdg.pt\/es\/producto\/copo-reutilizavel-em-pp-transparente-166cl-166ml\/\" \/>\n<meta property=\"og:locale\" content=\"es_ES\" \/>\n<meta property=\"og:type\" content=\"article\" \/>\n<meta property=\"og:title\" content=\"COPO REUTILIZ\u00c1VEL EM PP TRANSPARENTE 16,6CL (166ML)\" \/>\n<meta property=\"og:description\" content=\"Copo Reutiliz\u00e1vel em PP Transparente 22cl (220ml): resistente, leve e perfeito para servir cerveja, sumo ou \u00e1gua com seguran\u00e7a e estilo em qualquer ocasi\u00e3o!\" \/>\n<meta property=\"og:url\" content=\"https:\/\/dev4copopalhinhas.devdg.pt\/es\/producto\/copo-reutilizavel-em-pp-transparente-166cl-166ml\/\" \/>\n<meta property=\"og:site_name\" content=\"Copopalhinhas\" \/>\n<meta property=\"article:publisher\" content=\"https:\/\/www.facebook.com\/copopalhinhas\" \/>\n<meta property=\"article:modified_time\" content=\"2025-09-27T20:15:08+00:00\" \/>\n<meta property=\"og:image\" content=\"https:\/\/copopalhinhas.b-cdn.net\/wp-content\/uploads\/copo-reutilizavel-pp-tranparente-16cl-Z13826-copopalhinhas-web1.png\" \/>\n\t<meta property=\"og:image:width\" content=\"1000\" \/>\n\t<meta property=\"og:image:height\" content=\"1000\" \/>\n\t<meta property=\"og:image:type\" content=\"image\/png\" \/>\n<meta name=\"twitter:card\" content=\"summary_large_image\" \/>\n<meta name=\"twitter:site\" content=\"@copopalhinhas\" \/>\n<script type=\"application\/ld+json\" class=\"yoast-schema-graph\">{\"@context\":\"https:\/\/schema.org\",\"@graph\":[{\"@type\":\"WebPage\",\"@id\":\"https:\/\/dev4copopalhinhas.devdg.pt\/produto\/copo-reutilizavel-em-pp-transparente-166cl-166ml\/\",\"url\":\"https:\/\/dev4copopalhinhas.devdg.pt\/produto\/copo-reutilizavel-em-pp-transparente-166cl-166ml\/\",\"name\":\"COPO CERVEJA SUMO OU \u00c1GUA REUTILIZ\u00c1VEL EM PP 22CL\",\"isPartOf\":{\"@id\":\"https:\/\/dev4copopalhinhas.devdg.pt\/#website\"},\"primaryImageOfPage\":{\"@id\":\"https:\/\/dev4copopalhinhas.devdg.pt\/produto\/copo-reutilizavel-em-pp-transparente-166cl-166ml\/#primaryimage\"},\"image\":{\"@id\":\"https:\/\/dev4copopalhinhas.devdg.pt\/produto\/copo-reutilizavel-em-pp-transparente-166cl-166ml\/#primaryimage\"},\"thumbnailUrl\":\"https:\/\/dev4copopalhinhas.devdg.pt\/wp-content\/uploads\/copo-reutilizavel-pp-tranparente-16cl-Z13826-copopalhinhas-web1.png\",\"datePublished\":\"2025-05-30T10:14:48+00:00\",\"dateModified\":\"2025-09-27T20:15:08+00:00\",\"description\":\"Copo Reutiliz\u00e1vel em PP Transparente 22cl (220ml): resistente, leve e perfeito para servir cerveja, sumo ou \u00e1gua com seguran\u00e7a e estilo em qualquer ocasi\u00e3o!\",\"breadcrumb\":{\"@id\":\"https:\/\/dev4copopalhinhas.devdg.pt\/produto\/copo-reutilizavel-em-pp-transparente-166cl-166ml\/#breadcrumb\"},\"inLanguage\":\"es\",\"potentialAction\":[{\"@type\":\"ReadAction\",\"target\":[\"https:\/\/dev4copopalhinhas.devdg.pt\/produto\/copo-reutilizavel-em-pp-transparente-166cl-166ml\/\"]}]},{\"@type\":\"ImageObject\",\"inLanguage\":\"es\",\"@id\":\"https:\/\/dev4copopalhinhas.devdg.pt\/produto\/copo-reutilizavel-em-pp-transparente-166cl-166ml\/#primaryimage\",\"url\":\"https:\/\/dev4copopalhinhas.devdg.pt\/wp-content\/uploads\/copo-reutilizavel-pp-tranparente-16cl-Z13826-copopalhinhas-web1.png\",\"contentUrl\":\"https:\/\/dev4copopalhinhas.devdg.pt\/wp-content\/uploads\/copo-reutilizavel-pp-tranparente-16cl-Z13826-copopalhinhas-web1.png\",\"width\":1000,\"height\":1000,\"caption\":\"copo-reutilizavel-pp-tranparente-16cl-Z13826-copopalhinhas-web1\"},{\"@type\":\"BreadcrumbList\",\"@id\":\"https:\/\/dev4copopalhinhas.devdg.pt\/produto\/copo-reutilizavel-em-pp-transparente-166cl-166ml\/#breadcrumb\",\"itemListElement\":[{\"@type\":\"ListItem\",\"position\":1,\"name\":\"In\u00edcio\",\"item\":\"https:\/\/dev4copopalhinhas.devdg.pt\/\"},{\"@type\":\"ListItem\",\"position\":2,\"name\":\"Loja\",\"item\":\"https:\/\/dev4copopalhinhas.devdg.pt\/loja\/\"},{\"@type\":\"ListItem\",\"position\":3,\"name\":\"COPO REUTILIZ\u00c1VEL EM PP TRANSPARENTE 16,6CL (166ML)\"}]},{\"@type\":\"WebSite\",\"@id\":\"https:\/\/dev4copopalhinhas.devdg.pt\/#website\",\"url\":\"https:\/\/dev4copopalhinhas.devdg.pt\/\",\"name\":\"Copopalhinhas\",\"description\":\"Os Melhores Pre\u00e7os\",\"publisher\":{\"@id\":\"https:\/\/dev4copopalhinhas.devdg.pt\/#organization\"},\"potentialAction\":[{\"@type\":\"SearchAction\",\"target\":{\"@type\":\"EntryPoint\",\"urlTemplate\":\"https:\/\/dev4copopalhinhas.devdg.pt\/?s={search_term_string}\"},\"query-input\":{\"@type\":\"PropertyValueSpecification\",\"valueRequired\":true,\"valueName\":\"search_term_string\"}}],\"inLanguage\":\"es\"},{\"@type\":\"Organization\",\"@id\":\"https:\/\/dev4copopalhinhas.devdg.pt\/#organization\",\"name\":\"Copopalhinhas\",\"url\":\"https:\/\/dev4copopalhinhas.devdg.pt\/\",\"logo\":{\"@type\":\"ImageObject\",\"inLanguage\":\"es\",\"@id\":\"https:\/\/dev4copopalhinhas.devdg.pt\/#\/schema\/logo\/image\/\",\"url\":\"https:\/\/dev4copopalhinhas.devdg.pt\/wp-content\/uploads\/2022\/05\/COPOPALHINHASlogo.png\",\"contentUrl\":\"https:\/\/dev4copopalhinhas.devdg.pt\/wp-content\/uploads\/2022\/05\/COPOPALHINHASlogo.png\",\"width\":1200,\"height\":323,\"caption\":\"Copopalhinhas\"},\"image\":{\"@id\":\"https:\/\/dev4copopalhinhas.devdg.pt\/#\/schema\/logo\/image\/\"},\"sameAs\":[\"https:\/\/www.facebook.com\/copopalhinhas\",\"https:\/\/x.com\/copopalhinhas\",\"https:\/\/copopalhinhas.blogspot.pt\/\"]}]}<\/script>\n<!-- \/ Yoast SEO Premium plugin. -->","yoast_head_json":{"title":"COPO CERVEJA SUMO OU \u00c1GUA REUTILIZ\u00c1VEL EM PP 22CL","description":"Copo Reutiliz\u00e1vel em PP Transparente 22cl (220ml): resistente, leve e perfeito para servir cerveja, sumo ou \u00e1gua com seguran\u00e7a e estilo em qualquer ocasi\u00e3o!","robots":{"index":"index","follow":"follow","max-snippet":"max-snippet:-1","max-image-preview":"max-image-preview:large","max-video-preview":"max-video-preview:-1"},"canonical":"https:\/\/dev4copopalhinhas.devdg.pt\/es\/producto\/copo-reutilizavel-em-pp-transparente-166cl-166ml\/","og_locale":"es_ES","og_type":"article","og_title":"COPO REUTILIZ\u00c1VEL EM PP TRANSPARENTE 16,6CL (166ML)","og_description":"Copo Reutiliz\u00e1vel em PP Transparente 22cl (220ml): resistente, leve e perfeito para servir cerveja, sumo ou \u00e1gua com seguran\u00e7a e estilo em qualquer ocasi\u00e3o!","og_url":"https:\/\/dev4copopalhinhas.devdg.pt\/es\/producto\/copo-reutilizavel-em-pp-transparente-166cl-166ml\/","og_site_name":"Copopalhinhas","article_publisher":"https:\/\/www.facebook.com\/copopalhinhas","article_modified_time":"2025-09-27T20:15:08+00:00","og_image":[{"width":1000,"height":1000,"url":"https:\/\/copopalhinhas.b-cdn.net\/wp-content\/uploads\/copo-reutilizavel-pp-tranparente-16cl-Z13826-copopalhinhas-web1.png","type":"image\/png"}],"twitter_card":"summary_large_image","twitter_site":"@copopalhinhas","schema":{"@context":"https:\/\/schema.org","@graph":[{"@type":"WebPage","@id":"https:\/\/dev4copopalhinhas.devdg.pt\/produto\/copo-reutilizavel-em-pp-transparente-166cl-166ml\/","url":"https:\/\/dev4copopalhinhas.devdg.pt\/produto\/copo-reutilizavel-em-pp-transparente-166cl-166ml\/","name":"COPO CERVEJA SUMO OU \u00c1GUA REUTILIZ\u00c1VEL EM PP 22CL","isPartOf":{"@id":"https:\/\/dev4copopalhinhas.devdg.pt\/#website"},"primaryImageOfPage":{"@id":"https:\/\/dev4copopalhinhas.devdg.pt\/produto\/copo-reutilizavel-em-pp-transparente-166cl-166ml\/#primaryimage"},"image":{"@id":"https:\/\/dev4copopalhinhas.devdg.pt\/produto\/copo-reutilizavel-em-pp-transparente-166cl-166ml\/#primaryimage"},"thumbnailUrl":"https:\/\/dev4copopalhinhas.devdg.pt\/wp-content\/uploads\/copo-reutilizavel-pp-tranparente-16cl-Z13826-copopalhinhas-web1.png","datePublished":"2025-05-30T10:14:48+00:00","dateModified":"2025-09-27T20:15:08+00:00","description":"Copo Reutiliz\u00e1vel em PP Transparente 22cl (220ml): resistente, leve e perfeito para servir cerveja, sumo ou \u00e1gua com seguran\u00e7a e estilo em qualquer ocasi\u00e3o!","breadcrumb":{"@id":"https:\/\/dev4copopalhinhas.devdg.pt\/produto\/copo-reutilizavel-em-pp-transparente-166cl-166ml\/#breadcrumb"},"inLanguage":"es","potentialAction":[{"@type":"ReadAction","target":["https:\/\/dev4copopalhinhas.devdg.pt\/produto\/copo-reutilizavel-em-pp-transparente-166cl-166ml\/"]}]},{"@type":"ImageObject","inLanguage":"es","@id":"https:\/\/dev4copopalhinhas.devdg.pt\/produto\/copo-reutilizavel-em-pp-transparente-166cl-166ml\/#primaryimage","url":"https:\/\/dev4copopalhinhas.devdg.pt\/wp-content\/uploads\/copo-reutilizavel-pp-tranparente-16cl-Z13826-copopalhinhas-web1.png","contentUrl":"https:\/\/dev4copopalhinhas.devdg.pt\/wp-content\/uploads\/copo-reutilizavel-pp-tranparente-16cl-Z13826-copopalhinhas-web1.png","width":1000,"height":1000,"caption":"copo-reutilizavel-pp-tranparente-16cl-Z13826-copopalhinhas-web1"},{"@type":"BreadcrumbList","@id":"https:\/\/dev4copopalhinhas.devdg.pt\/produto\/copo-reutilizavel-em-pp-transparente-166cl-166ml\/#breadcrumb","itemListElement":[{"@type":"ListItem","position":1,"name":"In\u00edcio","item":"https:\/\/dev4copopalhinhas.devdg.pt\/"},{"@type":"ListItem","position":2,"name":"Loja","item":"https:\/\/dev4copopalhinhas.devdg.pt\/loja\/"},{"@type":"ListItem","position":3,"name":"COPO REUTILIZ\u00c1VEL EM PP TRANSPARENTE 16,6CL (166ML)"}]},{"@type":"WebSite","@id":"https:\/\/dev4copopalhinhas.devdg.pt\/#website","url":"https:\/\/dev4copopalhinhas.devdg.pt\/","name":"Pajitas para vasos","description":"Os Melhores Pre\u00e7os","publisher":{"@id":"https:\/\/dev4copopalhinhas.devdg.pt\/#organization"},"potentialAction":[{"@type":"SearchAction","target":{"@type":"EntryPoint","urlTemplate":"https:\/\/dev4copopalhinhas.devdg.pt\/?s={search_term_string}"},"query-input":{"@type":"PropertyValueSpecification","valueRequired":true,"valueName":"search_term_string"}}],"inLanguage":"es"},{"@type":"Organization","@id":"https:\/\/dev4copopalhinhas.devdg.pt\/#organization","name":"Pajitas para vasos","url":"https:\/\/dev4copopalhinhas.devdg.pt\/","logo":{"@type":"ImageObject","inLanguage":"es","@id":"https:\/\/dev4copopalhinhas.devdg.pt\/#\/schema\/logo\/image\/","url":"https:\/\/dev4copopalhinhas.devdg.pt\/wp-content\/uploads\/2022\/05\/COPOPALHINHASlogo.png","contentUrl":"https:\/\/dev4copopalhinhas.devdg.pt\/wp-content\/uploads\/2022\/05\/COPOPALHINHASlogo.png","width":1200,"height":323,"caption":"Copopalhinhas"},"image":{"@id":"https:\/\/dev4copopalhinhas.devdg.pt\/#\/schema\/logo\/image\/"},"sameAs":["https:\/\/www.facebook.com\/copopalhinhas","https:\/\/x.com\/copopalhinhas","https:\/\/copopalhinhas.blogspot.pt\/"]}]}},"_links":{"self":[{"href":"https:\/\/dev4copopalhinhas.devdg.pt\/es\/wp-json\/wp\/v2\/product\/69265","targetHints":{"allow":["GET"]}}],"collection":[{"href":"https:\/\/dev4copopalhinhas.devdg.pt\/es\/wp-json\/wp\/v2\/product"}],"about":[{"href":"https:\/\/dev4copopalhinhas.devdg.pt\/es\/wp-json\/wp\/v2\/types\/product"}],"replies":[{"embeddable":true,"href":"https:\/\/dev4copopalhinhas.devdg.pt\/es\/wp-json\/wp\/v2\/comments?post=69265"}],"wp:featuredmedia":[{"embeddable":true,"href":"https:\/\/dev4copopalhinhas.devdg.pt\/es\/wp-json\/wp\/v2\/media\/69471"}],"wp:attachment":[{"href":"https:\/\/dev4copopalhinhas.devdg.pt\/es\/wp-json\/wp\/v2\/media?parent=69265"}],"wp:term":[{"taxonomy":"product_cat","embeddable":true,"href":"https:\/\/dev4copopalhinhas.devdg.pt\/es\/wp-json\/wp\/v2\/product_cat?post=69265"},{"taxonomy":"product_tag","embeddable":true,"href":"https:\/\/dev4copopalhinhas.devdg.pt\/es\/wp-json\/wp\/v2\/product_tag?post=69265"}],"curies":[{"name":"wp","href":"https:\/\/api.w.org\/{rel}","templated":true}]}}