{"id":70470,"date":"2025-06-23T08:58:00","date_gmt":"2025-06-23T07:58:00","guid":{"rendered":"https:\/\/dev4copopalhinhas.devdg.pt\/?post_type=product&#038;p=70470"},"modified":"2025-10-13T16:38:56","modified_gmt":"2025-10-13T15:38:56","slug":"palhinha-em-papel-preta-reta-o06x14cm","status":"publish","type":"product","link":"https:\/\/dev4copopalhinhas.devdg.pt\/es\/producto\/palhinha-em-papel-preta-reta-o06x14cm\/","title":{"rendered":"PALHINHA EM PAPEL PRETA RETA \u00d80,6X14CM"},"content":{"rendered":"<p>Palhinhas de Papel Pretas &#8211; \u00d80,6x14cm &#8211; Estilo e Sustentabilidade para as suas Bebidas<\/p>\n<p>As Palhinhas de Papel Pretas \u00d80,6x14cm oferecem uma experi\u00eancia de consumo de bebidas sofisticada e sustent\u00e1vel. Seja para uma festa de cocktails, um jantar requintado ou para uso di\u00e1rio em casa, essas palhinhas proporcionam estilo e responsabilidade ambiental.<\/p>\n<p>Escolha estas palhinhas para desfrutar das suas bebidas com eleg\u00e2ncia, estilo sofisticado e consci\u00eancia ambiental. Com seu design em papel preto profundo, elas s\u00e3o a escolha certa para quem deseja contribuir para um mundo mais sustent\u00e1vel, uma bebida de cada vez.<\/p>\n<ul>\n<li>Estilo em Preto: As palhinhas pretas adicionam um toque de sofistica\u00e7\u00e3o \u00e0s suas bebidas, tornando-as adequadas para diversas ocasi\u00f5es, desde cocktails chiques at\u00e9 eventos formais.<\/li>\n<li>Tamanho Vers\u00e1til: Com um comprimento de 14cm, essas palhinhas s\u00e3o adequadas para uma ampla variedade de bebidas, desde cocktails e at\u00e9 refrigerantes e sucos.<\/li>\n<li>Sustentabilidade em Foco: Feita de papel, esta palhinha \u00e9 uma alternativa ecologicamente correta \u00e0s palhinhas de pl\u00e1stico, contribuindo para a redu\u00e7\u00e3o de res\u00edduos pl\u00e1sticos. Menor pegada de carbono quando comparada com palhinhas de papel \u201cconvencionais\u201d (-20% papel, -10% adesivo, -50% consumo de energia).<\/li>\n<li>Versatilidade Sofisticada: Estas palhinhas s\u00e3o ideais para uso dom\u00e9stico, bares, restaurantes e qualquer lugar que valorize a eleg\u00e2ncia, conforto e a sustentabilidade.<\/li>\n<li>Recicl\u00e1vel, Biodegrad\u00e1vel, N\u00e3o apto para micro-ondas, N\u00e3o apto para o forno.<\/li>\n<\/ul>\n<p>Certificados:<\/p>\n<ul>\n<li><strong> Contacto con alimentos<\/strong>: Regulamento (CE) n.\u00b0 1935\/2004 do Parlamento Europeu e do Conselho, de 27 de Outubro de 2004, relativo aos materiais e objetos destinados a entrar em contacto com os alimentos.<\/li>\n<li><strong>FSC<\/strong>: Este produto est\u00e1 certificado FSC MIX 70%. Ao escolher produtos certificados FSC\u00ae est\u00e1 a apoiar a gest\u00e3o respons\u00e1vel das florestas do mundo.<\/li>\n<\/ul>","protected":false},"excerpt":{"rendered":"<p>As Palhinhas de Papel Pretas, com um di\u00e2metro de 6mm e um comprimento de 14cm, s\u00e3o a escolha perfeita para aqueles que desejam adicionar um toque de estilo e sustentabilidade \u00e0s suas bebidas. Estas palhinhas retas em preto profundo combinam funcionalidade, eleg\u00e2ncia e responsabilidade ambiental.<\/p>","protected":false},"featured_media":70473,"comment_status":"open","ping_status":"closed","template":"","meta":{"_acf_changed":false},"product_cat":[2054,1717,1399,1704,1484,1706,1650,229],"product_tag":[1570,1613,1849],"class_list":{"0":"post-70470","1":"product","2":"type-product","3":"status-publish","4":"has-post-thumbnail","6":"product_cat-palhinhas-retas","7":"product_cat-preto","8":"product_cat-avulso","9":"product_cat-reta","10":"product_cat-cartao","11":"product_cat-60mm","12":"product_cat-14cm","13":"product_cat-palhinhas","14":"product_tag-menu-palhinhas","15":"product_tag-sub-menu-palhinhas-retas","16":"product_tag-palhinhas-homepage","17":"pa_qtd-por-caixa-1308","18":"pa_qtd-por-caixa-1284","19":"tm-no-options","21":"first","22":"instock","23":"taxable","24":"shipping-taxable","25":"purchasable","26":"product-type-variable"},"acf":[],"yoast_head":"<!-- This site is optimized with the Yoast SEO Premium plugin v23.9 (Yoast SEO v23.9) - https:\/\/yoast.com\/wordpress\/plugins\/seo\/ -->\n<title>PALHINHA EM PAPEL PRETA RETA \u00d80,6X14CM - Copopalhinhas<\/title>\n<meta name=\"robots\" content=\"index, follow, max-snippet:-1, max-image-preview:large, max-video-preview:-1\" \/>\n<link rel=\"canonical\" href=\"https:\/\/dev4copopalhinhas.devdg.pt\/es\/producto\/palhinha-em-papel-preta-reta-o06x14cm\/\" \/>\n<meta property=\"og:locale\" content=\"es_ES\" \/>\n<meta property=\"og:type\" content=\"article\" \/>\n<meta property=\"og:title\" content=\"PALHINHA EM PAPEL PRETA RETA \u00d80,6X14CM\" \/>\n<meta property=\"og:description\" content=\"As Palhinhas de Papel Pretas, com um di\u00e2metro de 6mm e um comprimento de 14cm, s\u00e3o a escolha perfeita para aqueles que desejam adicionar um toque de estilo e sustentabilidade \u00e0s suas bebidas. Estas palhinhas retas em preto profundo combinam funcionalidade, eleg\u00e2ncia e responsabilidade ambiental.\" \/>\n<meta property=\"og:url\" content=\"https:\/\/dev4copopalhinhas.devdg.pt\/es\/producto\/palhinha-em-papel-preta-reta-o06x14cm\/\" \/>\n<meta property=\"og:site_name\" content=\"Copopalhinhas\" \/>\n<meta property=\"article:publisher\" content=\"https:\/\/www.facebook.com\/copopalhinhas\" \/>\n<meta property=\"article:modified_time\" content=\"2025-10-13T15:38:56+00:00\" \/>\n<meta property=\"og:image\" content=\"https:\/\/copopalhinhas.b-cdn.net\/wp-content\/uploads\/PALHINHA-EM-PAPEL-PRETA-RETA-06X14CM-HOS222.60-copopalhinhas-web-1.png\" \/>\n\t<meta property=\"og:image:width\" content=\"1000\" \/>\n\t<meta property=\"og:image:height\" content=\"1000\" \/>\n\t<meta property=\"og:image:type\" content=\"image\/png\" \/>\n<meta name=\"twitter:card\" content=\"summary_large_image\" \/>\n<meta name=\"twitter:site\" content=\"@copopalhinhas\" \/>\n<script type=\"application\/ld+json\" class=\"yoast-schema-graph\">{\"@context\":\"https:\/\/schema.org\",\"@graph\":[{\"@type\":\"WebPage\",\"@id\":\"https:\/\/dev4copopalhinhas.devdg.pt\/produto\/palhinha-em-papel-preta-reta-o06x14cm\/\",\"url\":\"https:\/\/dev4copopalhinhas.devdg.pt\/produto\/palhinha-em-papel-preta-reta-o06x14cm\/\",\"name\":\"PALHINHA EM PAPEL PRETA RETA \u00d80,6X14CM - Copopalhinhas\",\"isPartOf\":{\"@id\":\"https:\/\/dev4copopalhinhas.devdg.pt\/#website\"},\"primaryImageOfPage\":{\"@id\":\"https:\/\/dev4copopalhinhas.devdg.pt\/produto\/palhinha-em-papel-preta-reta-o06x14cm\/#primaryimage\"},\"image\":{\"@id\":\"https:\/\/dev4copopalhinhas.devdg.pt\/produto\/palhinha-em-papel-preta-reta-o06x14cm\/#primaryimage\"},\"thumbnailUrl\":\"https:\/\/dev4copopalhinhas.devdg.pt\/wp-content\/uploads\/PALHINHA-EM-PAPEL-PRETA-RETA-06X14CM-HOS222.60-copopalhinhas-web-1.png\",\"datePublished\":\"2025-06-23T07:58:00+00:00\",\"dateModified\":\"2025-10-13T15:38:56+00:00\",\"breadcrumb\":{\"@id\":\"https:\/\/dev4copopalhinhas.devdg.pt\/produto\/palhinha-em-papel-preta-reta-o06x14cm\/#breadcrumb\"},\"inLanguage\":\"es\",\"potentialAction\":[{\"@type\":\"ReadAction\",\"target\":[\"https:\/\/dev4copopalhinhas.devdg.pt\/produto\/palhinha-em-papel-preta-reta-o06x14cm\/\"]}]},{\"@type\":\"ImageObject\",\"inLanguage\":\"es\",\"@id\":\"https:\/\/dev4copopalhinhas.devdg.pt\/produto\/palhinha-em-papel-preta-reta-o06x14cm\/#primaryimage\",\"url\":\"https:\/\/dev4copopalhinhas.devdg.pt\/wp-content\/uploads\/PALHINHA-EM-PAPEL-PRETA-RETA-06X14CM-HOS222.60-copopalhinhas-web-1.png\",\"contentUrl\":\"https:\/\/dev4copopalhinhas.devdg.pt\/wp-content\/uploads\/PALHINHA-EM-PAPEL-PRETA-RETA-06X14CM-HOS222.60-copopalhinhas-web-1.png\",\"width\":1000,\"height\":1000,\"caption\":\"PALHINHA EM PAPEL PRETA RETA 06X14CM-HOS222.60-copopalhinhas-web-1\"},{\"@type\":\"BreadcrumbList\",\"@id\":\"https:\/\/dev4copopalhinhas.devdg.pt\/produto\/palhinha-em-papel-preta-reta-o06x14cm\/#breadcrumb\",\"itemListElement\":[{\"@type\":\"ListItem\",\"position\":1,\"name\":\"In\u00edcio\",\"item\":\"https:\/\/dev4copopalhinhas.devdg.pt\/\"},{\"@type\":\"ListItem\",\"position\":2,\"name\":\"Loja\",\"item\":\"https:\/\/dev4copopalhinhas.devdg.pt\/loja\/\"},{\"@type\":\"ListItem\",\"position\":3,\"name\":\"PALHINHA EM PAPEL PRETA RETA \u00d80,6X14CM\"}]},{\"@type\":\"WebSite\",\"@id\":\"https:\/\/dev4copopalhinhas.devdg.pt\/#website\",\"url\":\"https:\/\/dev4copopalhinhas.devdg.pt\/\",\"name\":\"Copopalhinhas\",\"description\":\"Os Melhores Pre\u00e7os\",\"publisher\":{\"@id\":\"https:\/\/dev4copopalhinhas.devdg.pt\/#organization\"},\"potentialAction\":[{\"@type\":\"SearchAction\",\"target\":{\"@type\":\"EntryPoint\",\"urlTemplate\":\"https:\/\/dev4copopalhinhas.devdg.pt\/?s={search_term_string}\"},\"query-input\":{\"@type\":\"PropertyValueSpecification\",\"valueRequired\":true,\"valueName\":\"search_term_string\"}}],\"inLanguage\":\"es\"},{\"@type\":\"Organization\",\"@id\":\"https:\/\/dev4copopalhinhas.devdg.pt\/#organization\",\"name\":\"Copopalhinhas\",\"url\":\"https:\/\/dev4copopalhinhas.devdg.pt\/\",\"logo\":{\"@type\":\"ImageObject\",\"inLanguage\":\"es\",\"@id\":\"https:\/\/dev4copopalhinhas.devdg.pt\/#\/schema\/logo\/image\/\",\"url\":\"https:\/\/dev4copopalhinhas.devdg.pt\/wp-content\/uploads\/2022\/05\/COPOPALHINHASlogo.png\",\"contentUrl\":\"https:\/\/dev4copopalhinhas.devdg.pt\/wp-content\/uploads\/2022\/05\/COPOPALHINHASlogo.png\",\"width\":1200,\"height\":323,\"caption\":\"Copopalhinhas\"},\"image\":{\"@id\":\"https:\/\/dev4copopalhinhas.devdg.pt\/#\/schema\/logo\/image\/\"},\"sameAs\":[\"https:\/\/www.facebook.com\/copopalhinhas\",\"https:\/\/x.com\/copopalhinhas\",\"https:\/\/copopalhinhas.blogspot.pt\/\"]}]}<\/script>\n<!-- \/ Yoast SEO Premium plugin. -->","yoast_head_json":{"title":"PALHINHA EM PAPEL PRETA RETA \u00d80,6X14CM - Copopalhinhas","robots":{"index":"index","follow":"follow","max-snippet":"max-snippet:-1","max-image-preview":"max-image-preview:large","max-video-preview":"max-video-preview:-1"},"canonical":"https:\/\/dev4copopalhinhas.devdg.pt\/es\/producto\/palhinha-em-papel-preta-reta-o06x14cm\/","og_locale":"es_ES","og_type":"article","og_title":"PALHINHA EM PAPEL PRETA RETA \u00d80,6X14CM","og_description":"As Palhinhas de Papel Pretas, com um di\u00e2metro de 6mm e um comprimento de 14cm, s\u00e3o a escolha perfeita para aqueles que desejam adicionar um toque de estilo e sustentabilidade \u00e0s suas bebidas. Estas palhinhas retas em preto profundo combinam funcionalidade, eleg\u00e2ncia e responsabilidade ambiental.","og_url":"https:\/\/dev4copopalhinhas.devdg.pt\/es\/producto\/palhinha-em-papel-preta-reta-o06x14cm\/","og_site_name":"Copopalhinhas","article_publisher":"https:\/\/www.facebook.com\/copopalhinhas","article_modified_time":"2025-10-13T15:38:56+00:00","og_image":[{"width":1000,"height":1000,"url":"https:\/\/copopalhinhas.b-cdn.net\/wp-content\/uploads\/PALHINHA-EM-PAPEL-PRETA-RETA-06X14CM-HOS222.60-copopalhinhas-web-1.png","type":"image\/png"}],"twitter_card":"summary_large_image","twitter_site":"@copopalhinhas","schema":{"@context":"https:\/\/schema.org","@graph":[{"@type":"WebPage","@id":"https:\/\/dev4copopalhinhas.devdg.pt\/produto\/palhinha-em-papel-preta-reta-o06x14cm\/","url":"https:\/\/dev4copopalhinhas.devdg.pt\/produto\/palhinha-em-papel-preta-reta-o06x14cm\/","name":"PALHINHA EM PAPEL PRETA RETA \u00d80,6X14CM - Copopalhinhas","isPartOf":{"@id":"https:\/\/dev4copopalhinhas.devdg.pt\/#website"},"primaryImageOfPage":{"@id":"https:\/\/dev4copopalhinhas.devdg.pt\/produto\/palhinha-em-papel-preta-reta-o06x14cm\/#primaryimage"},"image":{"@id":"https:\/\/dev4copopalhinhas.devdg.pt\/produto\/palhinha-em-papel-preta-reta-o06x14cm\/#primaryimage"},"thumbnailUrl":"https:\/\/dev4copopalhinhas.devdg.pt\/wp-content\/uploads\/PALHINHA-EM-PAPEL-PRETA-RETA-06X14CM-HOS222.60-copopalhinhas-web-1.png","datePublished":"2025-06-23T07:58:00+00:00","dateModified":"2025-10-13T15:38:56+00:00","breadcrumb":{"@id":"https:\/\/dev4copopalhinhas.devdg.pt\/produto\/palhinha-em-papel-preta-reta-o06x14cm\/#breadcrumb"},"inLanguage":"es","potentialAction":[{"@type":"ReadAction","target":["https:\/\/dev4copopalhinhas.devdg.pt\/produto\/palhinha-em-papel-preta-reta-o06x14cm\/"]}]},{"@type":"ImageObject","inLanguage":"es","@id":"https:\/\/dev4copopalhinhas.devdg.pt\/produto\/palhinha-em-papel-preta-reta-o06x14cm\/#primaryimage","url":"https:\/\/dev4copopalhinhas.devdg.pt\/wp-content\/uploads\/PALHINHA-EM-PAPEL-PRETA-RETA-06X14CM-HOS222.60-copopalhinhas-web-1.png","contentUrl":"https:\/\/dev4copopalhinhas.devdg.pt\/wp-content\/uploads\/PALHINHA-EM-PAPEL-PRETA-RETA-06X14CM-HOS222.60-copopalhinhas-web-1.png","width":1000,"height":1000,"caption":"PALHINHA EM PAPEL PRETA RETA 06X14CM-HOS222.60-copopalhinhas-web-1"},{"@type":"BreadcrumbList","@id":"https:\/\/dev4copopalhinhas.devdg.pt\/produto\/palhinha-em-papel-preta-reta-o06x14cm\/#breadcrumb","itemListElement":[{"@type":"ListItem","position":1,"name":"In\u00edcio","item":"https:\/\/dev4copopalhinhas.devdg.pt\/"},{"@type":"ListItem","position":2,"name":"Loja","item":"https:\/\/dev4copopalhinhas.devdg.pt\/loja\/"},{"@type":"ListItem","position":3,"name":"PALHINHA EM PAPEL PRETA RETA \u00d80,6X14CM"}]},{"@type":"WebSite","@id":"https:\/\/dev4copopalhinhas.devdg.pt\/#website","url":"https:\/\/dev4copopalhinhas.devdg.pt\/","name":"Pajitas para vasos","description":"Os Melhores Pre\u00e7os","publisher":{"@id":"https:\/\/dev4copopalhinhas.devdg.pt\/#organization"},"potentialAction":[{"@type":"SearchAction","target":{"@type":"EntryPoint","urlTemplate":"https:\/\/dev4copopalhinhas.devdg.pt\/?s={search_term_string}"},"query-input":{"@type":"PropertyValueSpecification","valueRequired":true,"valueName":"search_term_string"}}],"inLanguage":"es"},{"@type":"Organization","@id":"https:\/\/dev4copopalhinhas.devdg.pt\/#organization","name":"Pajitas para vasos","url":"https:\/\/dev4copopalhinhas.devdg.pt\/","logo":{"@type":"ImageObject","inLanguage":"es","@id":"https:\/\/dev4copopalhinhas.devdg.pt\/#\/schema\/logo\/image\/","url":"https:\/\/dev4copopalhinhas.devdg.pt\/wp-content\/uploads\/2022\/05\/COPOPALHINHASlogo.png","contentUrl":"https:\/\/dev4copopalhinhas.devdg.pt\/wp-content\/uploads\/2022\/05\/COPOPALHINHASlogo.png","width":1200,"height":323,"caption":"Copopalhinhas"},"image":{"@id":"https:\/\/dev4copopalhinhas.devdg.pt\/#\/schema\/logo\/image\/"},"sameAs":["https:\/\/www.facebook.com\/copopalhinhas","https:\/\/x.com\/copopalhinhas","https:\/\/copopalhinhas.blogspot.pt\/"]}]}},"_links":{"self":[{"href":"https:\/\/dev4copopalhinhas.devdg.pt\/es\/wp-json\/wp\/v2\/product\/70470","targetHints":{"allow":["GET"]}}],"collection":[{"href":"https:\/\/dev4copopalhinhas.devdg.pt\/es\/wp-json\/wp\/v2\/product"}],"about":[{"href":"https:\/\/dev4copopalhinhas.devdg.pt\/es\/wp-json\/wp\/v2\/types\/product"}],"replies":[{"embeddable":true,"href":"https:\/\/dev4copopalhinhas.devdg.pt\/es\/wp-json\/wp\/v2\/comments?post=70470"}],"wp:featuredmedia":[{"embeddable":true,"href":"https:\/\/dev4copopalhinhas.devdg.pt\/es\/wp-json\/wp\/v2\/media\/70473"}],"wp:attachment":[{"href":"https:\/\/dev4copopalhinhas.devdg.pt\/es\/wp-json\/wp\/v2\/media?parent=70470"}],"wp:term":[{"taxonomy":"product_cat","embeddable":true,"href":"https:\/\/dev4copopalhinhas.devdg.pt\/es\/wp-json\/wp\/v2\/product_cat?post=70470"},{"taxonomy":"product_tag","embeddable":true,"href":"https:\/\/dev4copopalhinhas.devdg.pt\/es\/wp-json\/wp\/v2\/product_tag?post=70470"}],"curies":[{"name":"wp","href":"https:\/\/api.w.org\/{rel}","templated":true}]}}