{"id":70717,"date":"2025-06-25T11:00:34","date_gmt":"2025-06-25T10:00:34","guid":{"rendered":"https:\/\/dev4copopalhinhas.devdg.pt\/?post_type=product&#038;p=70717"},"modified":"2025-09-27T18:23:16","modified_gmt":"2025-09-27T17:23:16","slug":"recolhe-pizza-em-cartao-ondulado-nano-micro-branco-21x165x35cm","status":"publish","type":"product","link":"https:\/\/dev4copopalhinhas.devdg.pt\/es\/producto\/recolhe-pizza-em-cartao-ondulado-nano-micro-branco-21x165x35cm\/","title":{"rendered":"RECOLHE PIZZA EM CART\u00c3O ONDULADO NANO-MICRO BRANCO 21&#215;16,5&#215;3,5CM"},"content":{"rendered":"<h3>Recolhe Pizza em Cart\u00e3o Ondulado Nano-Micro Branco 21&#215;16,5cm<\/h3>\n<p data-start=\"108\" data-end=\"510\">O Recolhe Pizza em Cart\u00e3o Ondulado Nano-Micro Branco 21&#215;16,5cm \u00e9 a escolha ideal para quem procura uma solu\u00e7\u00e3o pr\u00e1tica, higi\u00e9nica e sustent\u00e1vel na hora de transportar fatias de pizza. Em primeiro lugar, o formato e as dimens\u00f5es (21&#215;16,5cm) permitem acomodar a fatia de forma segura, mantendo-a protegida de poss\u00edveis danos e garantindo que a temperatura e o sabor se conservem at\u00e9 ao momento do consumo.<\/p>\n<h4>Resist\u00eancia e Prote\u00e7\u00e3o T\u00e9rmica<\/h4>\n<p>A estrutura em cart\u00e3o ondulado Nano-Micro confere maior resist\u00eancia ao produto, o que reduz o risco de deforma\u00e7\u00f5es durante o transporte. Al\u00e9m disso, este tipo de cart\u00e3o ajuda a preservar a temperatura da pizza, mantendo-a quente por mais tempo. Assim, cada fatia chega ao cliente em \u00f3timas condi\u00e7\u00f5es, destacando a qualidade do servi\u00e7o prestado. \u00a0Nano-micro \u00e9 o tamanho mais pequeno para o cart\u00e3o ondulado. Envolve muita tecnologia, investimento e conhecimento para produzir nano-micro ondula\u00e7\u00e3o com papeis de pouca gramagem. Com a nanotecnologia, as embalagens ficam mais fortes, mais leves e mais t\u00e9rmicas. (Permitem manter a temperatura interior por mais tempo). A nano-micro ondula\u00e7\u00e3o a proporciona maior rigidez \u00e0s embalagens e permite reduzir a quantidade de papel usado na fabrica\u00e7\u00e3o.<\/p>\n<h4>La sostenibilidad en el punto de mira<\/h4>\n<p>Por outro lado, ao optar pelo Recolhe Pizza em Cart\u00e3o Ondulado Nano-Micro Branco 21&#215;16,5cm, demonstra uma preocupa\u00e7\u00e3o genu\u00edna com o meio ambiente. O cart\u00e3o \u00e9 100% recicl\u00e1vel, podendo ser descartado no ecoponto azul ap\u00f3s a utiliza\u00e7\u00e3o. Ali\u00e1s, muitos destes produtos contam com certifica\u00e7\u00f5es como a FSC Mix Credit, garantindo que a mat\u00e9ria-prima prov\u00e9m de florestas geridas de forma respons\u00e1vel. Dessa forma, cada embalagem contribui para a redu\u00e7\u00e3o de res\u00edduos pl\u00e1sticos e promove a economia circular.<\/p>\n<h4>Practicidad para la vida cotidiana<\/h4>\n<p>Em segundo lugar, a conce\u00e7\u00e3o deste recolhe pizza facilita o manuseamento e a entrega, pois o seu design ergon\u00f3mico torna a tarefa de recolher e transportar a fatia mais simples. Por conseguinte, seja num servi\u00e7o de takeaway, numa pizzaria ou em eventos de catering, este formato triangular e compacto ajusta-se perfeitamente \u00e0 pizza, evitando derrames ou quebras, fazendo com que seja a embalagem para fatia de pizza perfeita.<\/p>\n<h4>Principales ventajas<\/h4>\n<ul>\n<li><strong data-start=\"1866\" data-end=\"1900\">Manuten\u00e7\u00e3o do sabor e textura:<\/strong> O cart\u00e3o ondulado Nano-Micro ret\u00e9m o calor e protege contra humidade externa.<\/li>\n<li><strong data-start=\"1983\" data-end=\"2013\">Apresenta\u00e7\u00e3o profissional:<\/strong> A fatia permanece limpa e organizada, refor\u00e7ando a imagem do estabelecimento.<\/li>\n<li><strong data-start=\"2096\" data-end=\"2123\">Facilidad de eliminaci\u00f3n:<\/strong> Simplemente coloque el embalaje en el contenedor azul de reciclaje, promoviendo as\u00ed el reciclaje.<\/li>\n<li><strong data-start=\"2197\" data-end=\"2229\">Versatilidade de utiliza\u00e7\u00e3o:<\/strong> Adequado para v\u00e1rios tipos de pizza, desde a tradicional at\u00e9 \u00e0s vers\u00f5es gourmet.<\/li>\n<\/ul>\n<h4>Aposta na Qualidade e na Imagem do Neg\u00f3cio<\/h4>\n<p>Quando investe num Recolhe Pizza em Cart\u00e3o Ondulado, valoriza a experi\u00eancia do cliente e, simultaneamente, transmite uma mensagem de responsabilidade ambiental. Ali\u00e1s, o cuidado com a apresenta\u00e7\u00e3o e a frescura dos alimentos pode ser determinante para a satisfa\u00e7\u00e3o do consumidor e para o sucesso do seu neg\u00f3cio.<\/p>\n<p>Em suma, o Recolhe Pizza em Cart\u00e3o Ondulado Nano-Micro 21&#215;16,5cm proporciona resist\u00eancia, prote\u00e7\u00e3o t\u00e9rmica e sustentabilidade, tornando-se a solu\u00e7\u00e3o perfeita para quem deseja aliar praticidade e respeito pelo ambiente. Assim, cada fatia de pizza chega ao destino em \u00f3timas condi\u00e7\u00f5es, preservando o sabor e a qualidade do produto.<\/p>\n<p>Ver m\u00e1s <a href=\"https:\/\/dev4copopalhinhas.devdg.pt\/es\/categorias\/embalagens-descartaveis\/\" target=\"_blank\" rel=\"noopener\">embalagens descart\u00e1veis<\/a><\/p>\n<h4>Caracter\u00edsticas principais<\/h4>\n<ul>\n<li>Material: Cart\u00e3o ondulado nano-micro.<\/li>\n<li>Dimens\u00f5es: 21&#215;16,5&#215;3,5cm.<\/li>\n<li>Leve, mas resistente. Recicl\u00e1vel e biodegrad\u00e1vel.<\/li>\n<li>Apto para microondas (9 minutos a 1000 W o 7,5 minutos a 1200 W).<\/li>\n<li>Al\u00e9m disso, protege contra danos durante o transporte e \u00e9 resistente a \u00f3leos e gorduras.<\/li>\n<li>Uma solu\u00e7\u00e3o sustent\u00e1vel e ecol\u00f3gica, ideal para quem busca efici\u00eancia e respeito ao meio ambiente.<\/li>\n<li>Adote esta embalagem para fatia de pizza em cart\u00e3o ondulado nano-micro para garantir um servi\u00e7o mais eficiente e profissional, ao mesmo tempo que oferece uma experi\u00eancia de qualidade aos seus clientes.<\/li>\n<\/ul>\n<h4>Certificados<\/h4>\n<ul>\n<li>Este produto est\u00e1 certificado FSC Mix Credit. Ao escolher produtos certificados FSC\u00ae est\u00e1 a apoiar a gest\u00e3o respons\u00e1vel das florestas do mundo.<\/li>\n<li>Material biodegrad\u00e1vel: decomp\u00f5e-se em elementos qu\u00edmicos naturais gra\u00e7as \u00e0 a\u00e7\u00e3o de agentes biol\u00f3gicos e agentes f\u00edsicos em condi\u00e7\u00f5es ambientais que ocorrem na natureza.<\/li>\n<li>PFOS \u2013 Producto libre de PFOA.<\/li>\n<li>Registo Sanit\u00e1rio de Ind\u00fastrias e Produtos Alimentares.<\/li>\n<\/ul>\n<p><img decoding=\"async\" src=\"https:\/\/dev4copopalhinhas.devdg.pt\/wp-content\/uploads\/Icon_DESCARTAVEL.png\" alt=\"\" width=\"30\" height=\"30\" \/> <strong>Descart\u00e1vel<\/strong><\/p>\n<p><img decoding=\"async\" src=\"https:\/\/dev4copopalhinhas.devdg.pt\/wp-content\/uploads\/Icons_alimentos.png\" alt=\"\" width=\"30\" height=\"30\" \/> <strong>Alimento<\/strong>: Pr\u00f3prios para consumo alimentar<\/p>\n<p><img decoding=\"async\" src=\"https:\/\/dev4copopalhinhas.devdg.pt\/wp-content\/uploads\/Icon_reciclaveis.png\" alt=\"\" width=\"30\" height=\"30\" \/> <strong>Recicl\u00e1veis<\/strong>: Produtos que podem ser reciclados ou usados para recupera\u00e7\u00e3o energ\u00e9tica.<\/p>","protected":false},"excerpt":{"rendered":"<p>O Recolhe Pizza em Cart\u00e3o Ondulado Nano-Micro branco 21\u00d716,5cm mant\u00e9m a fatia quente, protegida e pronta a servir, apostando na sustentabilidade e na praticidade. Com material altamente resistente e dur\u00e1vel \u00e9 perfeitamente adequado para a maioria das pizzas individuais e pequenos pedidos, garantindo que o produto chegue ao destino em perfeitas condi\u00e7\u00f5es.<\/p>\n<p><img decoding=\"async\" src=\"https:\/\/dev4copopalhinhas.devdg.pt\/wp-content\/uploads\/Icons_alimentos.png\" alt=\"\" width=\"30\" height=\"30\" \/> <img decoding=\"async\" src=\"https:\/\/dev4copopalhinhas.devdg.pt\/wp-content\/uploads\/Icon_DESCARTAVEL.png\" alt=\"\" width=\"30\" height=\"30\" \/> <img decoding=\"async\" src=\"https:\/\/dev4copopalhinhas.devdg.pt\/wp-content\/uploads\/Icon_reciclaveis.png\" alt=\"\" width=\"30\" height=\"30\" \/><\/p>","protected":false},"featured_media":70723,"comment_status":"open","ping_status":"closed","template":"","meta":{"_acf_changed":false},"product_cat":[2046,2010,2008,2040,1719,1512,1484,1503,226],"product_tag":[1569,1702,1607,1604,1596,1598],"class_list":{"0":"post-70717","1":"product","2":"type-product","3":"status-publish","4":"has-post-thumbnail","6":"product_cat-embalagens-cartao","7":"product_cat-embalagens-descartaveis","8":"product_cat-loucas-descartaveis","9":"product_cat-loucas-descartaveis-cartao","10":"product_cat-branco","11":"product_cat-descartavel","12":"product_cat-cartao","13":"product_cat-pizza","14":"product_cat-loucas","15":"product_tag-menu-descartaveis","16":"product_tag-destaque","17":"product_tag-sub-menu-embalagens-cartao","18":"product_tag-sub-menu-embalagens-descartaveis","19":"product_tag-sub-menu-loucas-descartaveis","20":"product_tag-sub-menu-loucas-descartaveis-cartao","21":"pa_qtd-por-caixa-282","22":"pa_qtd-por-caixa-1319","23":"tm-no-options","25":"first","26":"instock","27":"taxable","28":"shipping-taxable","29":"purchasable","30":"product-type-variable"},"acf":[],"yoast_head":"<!-- This site is optimized with the Yoast SEO Premium plugin v23.9 (Yoast SEO v23.9) - https:\/\/yoast.com\/wordpress\/plugins\/seo\/ -->\n<title>RECOLHE PIZZA EM CART\u00c3O ONDULADO NANO-MICRO BRANCO 21x16,5x3,5CM - Copopalhinhas<\/title>\n<meta name=\"description\" content=\"Recolhe Pizza em Cart\u00e3o Ondulado Nano-Micro 21x16,5cm: resistente, sustent\u00e1vel e pr\u00e1tico. Mantenha cada fatia quente e protegida!\" \/>\n<meta name=\"robots\" content=\"index, follow, max-snippet:-1, max-image-preview:large, max-video-preview:-1\" \/>\n<link rel=\"canonical\" href=\"https:\/\/dev4copopalhinhas.devdg.pt\/es\/producto\/recolhe-pizza-em-cartao-ondulado-nano-micro-branco-21x165x35cm\/\" \/>\n<meta property=\"og:locale\" content=\"es_ES\" \/>\n<meta property=\"og:type\" content=\"article\" \/>\n<meta property=\"og:title\" content=\"RECOLHE PIZZA EM CART\u00c3O ONDULADO NANO-MICRO BRANCO 21x16,5x3,5CM\" \/>\n<meta property=\"og:description\" content=\"Recolhe Pizza em Cart\u00e3o Ondulado Nano-Micro 21x16,5cm: resistente, sustent\u00e1vel e pr\u00e1tico. Mantenha cada fatia quente e protegida!\" \/>\n<meta property=\"og:url\" content=\"https:\/\/dev4copopalhinhas.devdg.pt\/es\/producto\/recolhe-pizza-em-cartao-ondulado-nano-micro-branco-21x165x35cm\/\" \/>\n<meta property=\"og:site_name\" content=\"Copopalhinhas\" \/>\n<meta property=\"article:publisher\" content=\"https:\/\/www.facebook.com\/copopalhinhas\" \/>\n<meta property=\"article:modified_time\" content=\"2025-09-27T17:23:16+00:00\" \/>\n<meta property=\"og:image\" content=\"https:\/\/dev4copopalhinhas.devdg.pt\/wp-content\/uploads\/Pas-triangulares-pizza-cartao-ondulado-hos234.73-copopalhinhas-web-4.png\" \/>\n\t<meta property=\"og:image:width\" content=\"1000\" \/>\n\t<meta property=\"og:image:height\" content=\"1000\" \/>\n\t<meta property=\"og:image:type\" content=\"image\/png\" \/>\n<meta name=\"twitter:card\" content=\"summary_large_image\" \/>\n<meta name=\"twitter:site\" content=\"@copopalhinhas\" \/>\n<script type=\"application\/ld+json\" class=\"yoast-schema-graph\">{\"@context\":\"https:\/\/schema.org\",\"@graph\":[{\"@type\":\"WebPage\",\"@id\":\"https:\/\/dev4copopalhinhas.devdg.pt\/produto\/recolhe-pizza-em-cartao-ondulado-nano-micro-branco-21x165x35cm\/\",\"url\":\"https:\/\/dev4copopalhinhas.devdg.pt\/produto\/recolhe-pizza-em-cartao-ondulado-nano-micro-branco-21x165x35cm\/\",\"name\":\"RECOLHE PIZZA EM CART\u00c3O ONDULADO NANO-MICRO BRANCO 21x16,5x3,5CM - Copopalhinhas\",\"isPartOf\":{\"@id\":\"https:\/\/dev4copopalhinhas.devdg.pt\/#website\"},\"primaryImageOfPage\":{\"@id\":\"https:\/\/dev4copopalhinhas.devdg.pt\/produto\/recolhe-pizza-em-cartao-ondulado-nano-micro-branco-21x165x35cm\/#primaryimage\"},\"image\":{\"@id\":\"https:\/\/dev4copopalhinhas.devdg.pt\/produto\/recolhe-pizza-em-cartao-ondulado-nano-micro-branco-21x165x35cm\/#primaryimage\"},\"thumbnailUrl\":\"https:\/\/dev4copopalhinhas.devdg.pt\/wp-content\/uploads\/Pas-triangulares-pizza-cartao-ondulado-hos234.73-copopalhinhas-web-4.png\",\"datePublished\":\"2025-06-25T10:00:34+00:00\",\"dateModified\":\"2025-09-27T17:23:16+00:00\",\"description\":\"Recolhe Pizza em Cart\u00e3o Ondulado Nano-Micro 21x16,5cm: resistente, sustent\u00e1vel e pr\u00e1tico. Mantenha cada fatia quente e protegida!\",\"breadcrumb\":{\"@id\":\"https:\/\/dev4copopalhinhas.devdg.pt\/produto\/recolhe-pizza-em-cartao-ondulado-nano-micro-branco-21x165x35cm\/#breadcrumb\"},\"inLanguage\":\"es\",\"potentialAction\":[{\"@type\":\"ReadAction\",\"target\":[\"https:\/\/dev4copopalhinhas.devdg.pt\/produto\/recolhe-pizza-em-cartao-ondulado-nano-micro-branco-21x165x35cm\/\"]}]},{\"@type\":\"ImageObject\",\"inLanguage\":\"es\",\"@id\":\"https:\/\/dev4copopalhinhas.devdg.pt\/produto\/recolhe-pizza-em-cartao-ondulado-nano-micro-branco-21x165x35cm\/#primaryimage\",\"url\":\"https:\/\/dev4copopalhinhas.devdg.pt\/wp-content\/uploads\/Pas-triangulares-pizza-cartao-ondulado-hos234.73-copopalhinhas-web-4.png\",\"contentUrl\":\"https:\/\/dev4copopalhinhas.devdg.pt\/wp-content\/uploads\/Pas-triangulares-pizza-cartao-ondulado-hos234.73-copopalhinhas-web-4.png\",\"width\":1000,\"height\":1000,\"caption\":\"Pas-triangulares-pizza-cartao-ondulado-hos234.73-copopalhinhas-web-4\"},{\"@type\":\"BreadcrumbList\",\"@id\":\"https:\/\/dev4copopalhinhas.devdg.pt\/produto\/recolhe-pizza-em-cartao-ondulado-nano-micro-branco-21x165x35cm\/#breadcrumb\",\"itemListElement\":[{\"@type\":\"ListItem\",\"position\":1,\"name\":\"In\u00edcio\",\"item\":\"https:\/\/dev4copopalhinhas.devdg.pt\/\"},{\"@type\":\"ListItem\",\"position\":2,\"name\":\"Loja\",\"item\":\"https:\/\/dev4copopalhinhas.devdg.pt\/loja\/\"},{\"@type\":\"ListItem\",\"position\":3,\"name\":\"RECOLHE PIZZA EM CART\u00c3O ONDULADO NANO-MICRO BRANCO 21&#215;16,5&#215;3,5CM\"}]},{\"@type\":\"WebSite\",\"@id\":\"https:\/\/dev4copopalhinhas.devdg.pt\/#website\",\"url\":\"https:\/\/dev4copopalhinhas.devdg.pt\/\",\"name\":\"Copopalhinhas\",\"description\":\"Os Melhores Pre\u00e7os\",\"publisher\":{\"@id\":\"https:\/\/dev4copopalhinhas.devdg.pt\/#organization\"},\"potentialAction\":[{\"@type\":\"SearchAction\",\"target\":{\"@type\":\"EntryPoint\",\"urlTemplate\":\"https:\/\/dev4copopalhinhas.devdg.pt\/?s={search_term_string}\"},\"query-input\":{\"@type\":\"PropertyValueSpecification\",\"valueRequired\":true,\"valueName\":\"search_term_string\"}}],\"inLanguage\":\"es\"},{\"@type\":\"Organization\",\"@id\":\"https:\/\/dev4copopalhinhas.devdg.pt\/#organization\",\"name\":\"Copopalhinhas\",\"url\":\"https:\/\/dev4copopalhinhas.devdg.pt\/\",\"logo\":{\"@type\":\"ImageObject\",\"inLanguage\":\"es\",\"@id\":\"https:\/\/dev4copopalhinhas.devdg.pt\/#\/schema\/logo\/image\/\",\"url\":\"https:\/\/dev4copopalhinhas.devdg.pt\/wp-content\/uploads\/2022\/05\/COPOPALHINHASlogo.png\",\"contentUrl\":\"https:\/\/dev4copopalhinhas.devdg.pt\/wp-content\/uploads\/2022\/05\/COPOPALHINHASlogo.png\",\"width\":1200,\"height\":323,\"caption\":\"Copopalhinhas\"},\"image\":{\"@id\":\"https:\/\/dev4copopalhinhas.devdg.pt\/#\/schema\/logo\/image\/\"},\"sameAs\":[\"https:\/\/www.facebook.com\/copopalhinhas\",\"https:\/\/x.com\/copopalhinhas\",\"https:\/\/copopalhinhas.blogspot.pt\/\"]}]}<\/script>\n<!-- \/ Yoast SEO Premium plugin. -->","yoast_head_json":{"title":"RECOLHE PIZZA EM CART\u00c3O ONDULADO NANO-MICRO BRANCO 21x16,5x3,5CM - Copopalhinhas","description":"Recolhe Pizza em Cart\u00e3o Ondulado Nano-Micro 21x16,5cm: resistente, sustent\u00e1vel e pr\u00e1tico. Mantenha cada fatia quente e protegida!","robots":{"index":"index","follow":"follow","max-snippet":"max-snippet:-1","max-image-preview":"max-image-preview:large","max-video-preview":"max-video-preview:-1"},"canonical":"https:\/\/dev4copopalhinhas.devdg.pt\/es\/producto\/recolhe-pizza-em-cartao-ondulado-nano-micro-branco-21x165x35cm\/","og_locale":"es_ES","og_type":"article","og_title":"RECOLHE PIZZA EM CART\u00c3O ONDULADO NANO-MICRO BRANCO 21x16,5x3,5CM","og_description":"Recolhe Pizza em Cart\u00e3o Ondulado Nano-Micro 21x16,5cm: resistente, sustent\u00e1vel e pr\u00e1tico. Mantenha cada fatia quente e protegida!","og_url":"https:\/\/dev4copopalhinhas.devdg.pt\/es\/producto\/recolhe-pizza-em-cartao-ondulado-nano-micro-branco-21x165x35cm\/","og_site_name":"Copopalhinhas","article_publisher":"https:\/\/www.facebook.com\/copopalhinhas","article_modified_time":"2025-09-27T17:23:16+00:00","og_image":[{"width":1000,"height":1000,"url":"https:\/\/dev4copopalhinhas.devdg.pt\/wp-content\/uploads\/Pas-triangulares-pizza-cartao-ondulado-hos234.73-copopalhinhas-web-4.png","type":"image\/png"}],"twitter_card":"summary_large_image","twitter_site":"@copopalhinhas","schema":{"@context":"https:\/\/schema.org","@graph":[{"@type":"WebPage","@id":"https:\/\/dev4copopalhinhas.devdg.pt\/produto\/recolhe-pizza-em-cartao-ondulado-nano-micro-branco-21x165x35cm\/","url":"https:\/\/dev4copopalhinhas.devdg.pt\/produto\/recolhe-pizza-em-cartao-ondulado-nano-micro-branco-21x165x35cm\/","name":"RECOLHE PIZZA EM CART\u00c3O ONDULADO NANO-MICRO BRANCO 21x16,5x3,5CM - Copopalhinhas","isPartOf":{"@id":"https:\/\/dev4copopalhinhas.devdg.pt\/#website"},"primaryImageOfPage":{"@id":"https:\/\/dev4copopalhinhas.devdg.pt\/produto\/recolhe-pizza-em-cartao-ondulado-nano-micro-branco-21x165x35cm\/#primaryimage"},"image":{"@id":"https:\/\/dev4copopalhinhas.devdg.pt\/produto\/recolhe-pizza-em-cartao-ondulado-nano-micro-branco-21x165x35cm\/#primaryimage"},"thumbnailUrl":"https:\/\/dev4copopalhinhas.devdg.pt\/wp-content\/uploads\/Pas-triangulares-pizza-cartao-ondulado-hos234.73-copopalhinhas-web-4.png","datePublished":"2025-06-25T10:00:34+00:00","dateModified":"2025-09-27T17:23:16+00:00","description":"Recolhe Pizza em Cart\u00e3o Ondulado Nano-Micro 21x16,5cm: resistente, sustent\u00e1vel e pr\u00e1tico. Mantenha cada fatia quente e protegida!","breadcrumb":{"@id":"https:\/\/dev4copopalhinhas.devdg.pt\/produto\/recolhe-pizza-em-cartao-ondulado-nano-micro-branco-21x165x35cm\/#breadcrumb"},"inLanguage":"es","potentialAction":[{"@type":"ReadAction","target":["https:\/\/dev4copopalhinhas.devdg.pt\/produto\/recolhe-pizza-em-cartao-ondulado-nano-micro-branco-21x165x35cm\/"]}]},{"@type":"ImageObject","inLanguage":"es","@id":"https:\/\/dev4copopalhinhas.devdg.pt\/produto\/recolhe-pizza-em-cartao-ondulado-nano-micro-branco-21x165x35cm\/#primaryimage","url":"https:\/\/dev4copopalhinhas.devdg.pt\/wp-content\/uploads\/Pas-triangulares-pizza-cartao-ondulado-hos234.73-copopalhinhas-web-4.png","contentUrl":"https:\/\/dev4copopalhinhas.devdg.pt\/wp-content\/uploads\/Pas-triangulares-pizza-cartao-ondulado-hos234.73-copopalhinhas-web-4.png","width":1000,"height":1000,"caption":"Pas-triangulares-pizza-cartao-ondulado-hos234.73-copopalhinhas-web-4"},{"@type":"BreadcrumbList","@id":"https:\/\/dev4copopalhinhas.devdg.pt\/produto\/recolhe-pizza-em-cartao-ondulado-nano-micro-branco-21x165x35cm\/#breadcrumb","itemListElement":[{"@type":"ListItem","position":1,"name":"In\u00edcio","item":"https:\/\/dev4copopalhinhas.devdg.pt\/"},{"@type":"ListItem","position":2,"name":"Loja","item":"https:\/\/dev4copopalhinhas.devdg.pt\/loja\/"},{"@type":"ListItem","position":3,"name":"RECOLHE PIZZA EM CART\u00c3O ONDULADO NANO-MICRO BRANCO 21&#215;16,5&#215;3,5CM"}]},{"@type":"WebSite","@id":"https:\/\/dev4copopalhinhas.devdg.pt\/#website","url":"https:\/\/dev4copopalhinhas.devdg.pt\/","name":"Pajitas para vasos","description":"Os Melhores Pre\u00e7os","publisher":{"@id":"https:\/\/dev4copopalhinhas.devdg.pt\/#organization"},"potentialAction":[{"@type":"SearchAction","target":{"@type":"EntryPoint","urlTemplate":"https:\/\/dev4copopalhinhas.devdg.pt\/?s={search_term_string}"},"query-input":{"@type":"PropertyValueSpecification","valueRequired":true,"valueName":"search_term_string"}}],"inLanguage":"es"},{"@type":"Organization","@id":"https:\/\/dev4copopalhinhas.devdg.pt\/#organization","name":"Pajitas para vasos","url":"https:\/\/dev4copopalhinhas.devdg.pt\/","logo":{"@type":"ImageObject","inLanguage":"es","@id":"https:\/\/dev4copopalhinhas.devdg.pt\/#\/schema\/logo\/image\/","url":"https:\/\/dev4copopalhinhas.devdg.pt\/wp-content\/uploads\/2022\/05\/COPOPALHINHASlogo.png","contentUrl":"https:\/\/dev4copopalhinhas.devdg.pt\/wp-content\/uploads\/2022\/05\/COPOPALHINHASlogo.png","width":1200,"height":323,"caption":"Copopalhinhas"},"image":{"@id":"https:\/\/dev4copopalhinhas.devdg.pt\/#\/schema\/logo\/image\/"},"sameAs":["https:\/\/www.facebook.com\/copopalhinhas","https:\/\/x.com\/copopalhinhas","https:\/\/copopalhinhas.blogspot.pt\/"]}]}},"_links":{"self":[{"href":"https:\/\/dev4copopalhinhas.devdg.pt\/es\/wp-json\/wp\/v2\/product\/70717","targetHints":{"allow":["GET"]}}],"collection":[{"href":"https:\/\/dev4copopalhinhas.devdg.pt\/es\/wp-json\/wp\/v2\/product"}],"about":[{"href":"https:\/\/dev4copopalhinhas.devdg.pt\/es\/wp-json\/wp\/v2\/types\/product"}],"replies":[{"embeddable":true,"href":"https:\/\/dev4copopalhinhas.devdg.pt\/es\/wp-json\/wp\/v2\/comments?post=70717"}],"wp:featuredmedia":[{"embeddable":true,"href":"https:\/\/dev4copopalhinhas.devdg.pt\/es\/wp-json\/wp\/v2\/media\/70723"}],"wp:attachment":[{"href":"https:\/\/dev4copopalhinhas.devdg.pt\/es\/wp-json\/wp\/v2\/media?parent=70717"}],"wp:term":[{"taxonomy":"product_cat","embeddable":true,"href":"https:\/\/dev4copopalhinhas.devdg.pt\/es\/wp-json\/wp\/v2\/product_cat?post=70717"},{"taxonomy":"product_tag","embeddable":true,"href":"https:\/\/dev4copopalhinhas.devdg.pt\/es\/wp-json\/wp\/v2\/product_tag?post=70717"}],"curies":[{"name":"wp","href":"https:\/\/api.w.org\/{rel}","templated":true}]}}