{"id":70747,"date":"2025-06-25T15:45:19","date_gmt":"2025-06-25T14:45:19","guid":{"rendered":"https:\/\/dev4copopalhinhas.devdg.pt\/?post_type=product&#038;p=70747"},"modified":"2025-10-21T13:24:27","modified_gmt":"2025-10-21T12:24:27","slug":"colher-de-cafe-sobremesa-em-ps-reutilizavel-125cm-branca","status":"publish","type":"product","link":"https:\/\/dev4copopalhinhas.devdg.pt\/es\/producto\/colher-de-cafe-sobremesa-em-ps-reutilizavel-125cm-branca\/","title":{"rendered":"CUCHARA DE CAF\u00c9\/POSTER REUTILIZABLE DE PS BLANCA DE 12,5 CM"},"content":{"rendered":"<p>Cuchara reutilizable de caf\u00e9\/postre de PS blanca de 12,5 cm. Ideal para caf\u00e9, postres, helados y catas. Ligera, duradera y lavable. Sostenible y pr\u00e1ctica.<\/p>\n<p>Su forma compacta y dise\u00f1o transl\u00facido a\u00f1aden un toque moderno a la presentaci\u00f3n del postre y, al ser reutilizable, es una opci\u00f3n m\u00e1s sostenible en comparaci\u00f3n con los utensilios desechables convencionales.<\/p>\n<h4>Ventajas:<\/h4>\n<ul>\n<li>Material duradero: hecho de poliestireno (PS) de alta calidad.<\/li>\n<li>Reutilizable: Ciclo de 20 lavados. Lavable y econ\u00f3mico, reduce el uso de art\u00edculos desechables.<\/li>\n<li>Compacto y ligero: f\u00e1cil de usar y transportar.<\/li>\n<li>Dise\u00f1o elegante: Blanco, combina con cualquier presentaci\u00f3n.<\/li>\n<li>Vers\u00e1til: Ideal para helados, postres, mousses, yogures o degustaciones.<\/li>\n<li>Higi\u00e9nico: Se puede lavar a mano despu\u00e9s de cada uso.<\/li>\n<\/ul>\n<h4>Beneficios:<\/h4>\n<ul>\n<li>Reduce tu impacto ambiental eligiendo una cuchara reutilizable fabricada con materiales duraderos y f\u00e1ciles de mantener.<\/li>\n<li>Ideal para utilizar en helados, sorbetes y otros postres, garantizando una experiencia de degustaci\u00f3n m\u00e1s c\u00f3moda.<\/li>\n<li>Dise\u00f1o pr\u00e1ctico y elegante, adecuado para cualquier tipo de evento o reuni\u00f3n social.<\/li>\n<li>F\u00e1cil de lavar y se puede reutilizar en varias ocasiones sin perder calidad.<\/li>\n<\/ul>\n<h4>La sostenibilidad a tu alcance.<\/h4>\n<p>La cuchara para helado reutilizable de poliestireno de 12,5 cm es la opci\u00f3n ideal para quienes buscan una alternativa ecol\u00f3gica, pr\u00e1ctica y duradera a los utensilios desechables. Apuesta por la sostenibilidad y a\u00f1ade un toque de sofisticaci\u00f3n y funcionalidad a tus postres.<\/p>\n<p><img decoding=\"async\" src=\"https:\/\/dev4copopalhinhas.devdg.pt\/wp-content\/uploads\/Icons_alimentos.png\" alt=\"\" width=\"30\" height=\"30\" \/>\u00a0<strong>Alimento<\/strong>: Apto para consumo alimentario.<\/p>\n<p><img decoding=\"async\" src=\"https:\/\/dev4copopalhinhas.devdg.pt\/wp-content\/uploads\/Icon_reciclaveis.png\" alt=\"\" width=\"30\" height=\"30\" \/>\u00a0<strong>Reciclables<\/strong>:Productos que pueden reciclarse o utilizarse para la recuperaci\u00f3n de energ\u00eda.<\/p>","protected":false},"excerpt":{"rendered":"<p>La cuchara de caf\u00e9\/postre reutilizable de poliestireno (PS) blanca de 12,5 cm es perfecta para servir caf\u00e9, helado, sorbetes, mousses, postres o degustaciones. Fabricada en poliestireno (PS) r\u00edgido y duradero, es una opci\u00f3n elegante, pr\u00e1ctica y econ\u00f3mica para helader\u00edas, panader\u00edas, eventos, comida para llevar, catering y uso dom\u00e9stico.<\/p>","protected":false},"featured_media":70759,"comment_status":"open","ping_status":"closed","template":"","meta":{"_acf_changed":false},"product_cat":[2005,2086,2078,2009,2044,1719,1399,1511,1433,1794,1499,227],"product_tag":[1568,1587],"class_list":{"0":"post-70747","1":"product","2":"type-product","3":"status-publish","4":"has-post-thumbnail","6":"product_cat-talheres-reutilizaveis","7":"product_cat-gelados","8":"product_cat-ps","9":"product_cat-talheres-descartaveis","10":"product_cat-talheres-descartaveis-poliestireno-ps","11":"product_cat-branco","12":"product_cat-avulso","13":"product_cat-reutilizaveis-caracteristica","14":"product_cat-materia-prima-ps","15":"product_cat-colher","16":"product_cat-sobremesa","17":"product_cat-talheres","18":"product_tag-menu-reutilizaveis","19":"product_tag-sub-menu-talheres-reutilizaveis","20":"pa_qtd-por-caixa-281","21":"pa_qtd-por-caixa-1289","22":"tm-no-options","24":"first","25":"instock","26":"taxable","27":"shipping-taxable","28":"purchasable","29":"product-type-variable"},"acf":[],"yoast_head":"<!-- This site is optimized with the Yoast SEO Premium plugin v23.9 (Yoast SEO v23.9) - https:\/\/yoast.com\/wordpress\/plugins\/seo\/ -->\n<title>COLHER DE CAF\u00c9 \/ SOBREMESA EM PS REUTILIZ\u00c1VEL 12,5CM BRANCA - Copopalhinhas<\/title>\n<meta name=\"description\" content=\"A colher de caf\u00e9 \/ sobremesa reutiliz\u00e1vel em PS branca de 12,5 cm \u00e9 perfeita para servir caf\u00e9, gelados, sorvetes, mousses, sobremesas ou degusta\u00e7\u00f5es.\" \/>\n<meta name=\"robots\" content=\"index, follow, max-snippet:-1, max-image-preview:large, max-video-preview:-1\" \/>\n<link rel=\"canonical\" href=\"https:\/\/dev4copopalhinhas.devdg.pt\/es\/producto\/colher-de-cafe-sobremesa-em-ps-reutilizavel-125cm-branca\/\" \/>\n<meta property=\"og:locale\" content=\"es_ES\" \/>\n<meta property=\"og:type\" content=\"article\" \/>\n<meta property=\"og:title\" content=\"COLHER DE CAF\u00c9 \/ SOBREMESA EM PS REUTILIZ\u00c1VEL 12,5CM BRANCA\" \/>\n<meta property=\"og:description\" content=\"A colher de caf\u00e9 \/ sobremesa reutiliz\u00e1vel em PS branca de 12,5 cm \u00e9 perfeita para servir caf\u00e9, gelados, sorvetes, mousses, sobremesas ou degusta\u00e7\u00f5es.\" \/>\n<meta property=\"og:url\" content=\"https:\/\/dev4copopalhinhas.devdg.pt\/es\/producto\/colher-de-cafe-sobremesa-em-ps-reutilizavel-125cm-branca\/\" \/>\n<meta property=\"og:site_name\" content=\"Copopalhinhas\" \/>\n<meta property=\"article:publisher\" content=\"https:\/\/www.facebook.com\/copopalhinhas\" \/>\n<meta property=\"article:modified_time\" content=\"2025-10-21T12:24:27+00:00\" \/>\n<meta property=\"og:image\" content=\"https:\/\/copopalhinhas.b-cdn.net\/wp-content\/uploads\/COLHER-DE-CAFE-SOBREMESA-EM-PS-REUTILIZAVEL-125MM-BRANCA-B730061-copopalhinhas-web-1.png\" \/>\n\t<meta property=\"og:image:width\" content=\"1000\" \/>\n\t<meta property=\"og:image:height\" content=\"1000\" \/>\n\t<meta property=\"og:image:type\" content=\"image\/png\" \/>\n<meta name=\"twitter:card\" content=\"summary_large_image\" \/>\n<meta name=\"twitter:site\" content=\"@copopalhinhas\" \/>\n<script type=\"application\/ld+json\" class=\"yoast-schema-graph\">{\"@context\":\"https:\/\/schema.org\",\"@graph\":[{\"@type\":\"WebPage\",\"@id\":\"https:\/\/dev4copopalhinhas.devdg.pt\/produto\/colher-de-cafe-sobremesa-em-ps-reutilizavel-125cm-branca\/\",\"url\":\"https:\/\/dev4copopalhinhas.devdg.pt\/produto\/colher-de-cafe-sobremesa-em-ps-reutilizavel-125cm-branca\/\",\"name\":\"COLHER DE CAF\u00c9 \/ SOBREMESA EM PS REUTILIZ\u00c1VEL 12,5CM BRANCA - Copopalhinhas\",\"isPartOf\":{\"@id\":\"https:\/\/dev4copopalhinhas.devdg.pt\/#website\"},\"primaryImageOfPage\":{\"@id\":\"https:\/\/dev4copopalhinhas.devdg.pt\/produto\/colher-de-cafe-sobremesa-em-ps-reutilizavel-125cm-branca\/#primaryimage\"},\"image\":{\"@id\":\"https:\/\/dev4copopalhinhas.devdg.pt\/produto\/colher-de-cafe-sobremesa-em-ps-reutilizavel-125cm-branca\/#primaryimage\"},\"thumbnailUrl\":\"https:\/\/dev4copopalhinhas.devdg.pt\/wp-content\/uploads\/COLHER-DE-CAFE-SOBREMESA-EM-PS-REUTILIZAVEL-125MM-BRANCA-B730061-copopalhinhas-web-1.png\",\"datePublished\":\"2025-06-25T14:45:19+00:00\",\"dateModified\":\"2025-10-21T12:24:27+00:00\",\"description\":\"A colher de caf\u00e9 \/ sobremesa reutiliz\u00e1vel em PS branca de 12,5 cm \u00e9 perfeita para servir caf\u00e9, gelados, sorvetes, mousses, sobremesas ou degusta\u00e7\u00f5es.\",\"breadcrumb\":{\"@id\":\"https:\/\/dev4copopalhinhas.devdg.pt\/produto\/colher-de-cafe-sobremesa-em-ps-reutilizavel-125cm-branca\/#breadcrumb\"},\"inLanguage\":\"es\",\"potentialAction\":[{\"@type\":\"ReadAction\",\"target\":[\"https:\/\/dev4copopalhinhas.devdg.pt\/produto\/colher-de-cafe-sobremesa-em-ps-reutilizavel-125cm-branca\/\"]}]},{\"@type\":\"ImageObject\",\"inLanguage\":\"es\",\"@id\":\"https:\/\/dev4copopalhinhas.devdg.pt\/produto\/colher-de-cafe-sobremesa-em-ps-reutilizavel-125cm-branca\/#primaryimage\",\"url\":\"https:\/\/dev4copopalhinhas.devdg.pt\/wp-content\/uploads\/COLHER-DE-CAFE-SOBREMESA-EM-PS-REUTILIZAVEL-125MM-BRANCA-B730061-copopalhinhas-web-1.png\",\"contentUrl\":\"https:\/\/dev4copopalhinhas.devdg.pt\/wp-content\/uploads\/COLHER-DE-CAFE-SOBREMESA-EM-PS-REUTILIZAVEL-125MM-BRANCA-B730061-copopalhinhas-web-1.png\",\"width\":1000,\"height\":1000,\"caption\":\"COLHER DE CAFE SOBREMESA EM PS REUTILIZ\u00c1VEL 125MM BRANCA-B730061-copopalhinhas-web-1\"},{\"@type\":\"BreadcrumbList\",\"@id\":\"https:\/\/dev4copopalhinhas.devdg.pt\/produto\/colher-de-cafe-sobremesa-em-ps-reutilizavel-125cm-branca\/#breadcrumb\",\"itemListElement\":[{\"@type\":\"ListItem\",\"position\":1,\"name\":\"In\u00edcio\",\"item\":\"https:\/\/dev4copopalhinhas.devdg.pt\/\"},{\"@type\":\"ListItem\",\"position\":2,\"name\":\"Loja\",\"item\":\"https:\/\/dev4copopalhinhas.devdg.pt\/loja\/\"},{\"@type\":\"ListItem\",\"position\":3,\"name\":\"COLHER DE CAF\u00c9 \/ SOBREMESA EM PS REUTILIZ\u00c1VEL 12,5CM BRANCA\"}]},{\"@type\":\"WebSite\",\"@id\":\"https:\/\/dev4copopalhinhas.devdg.pt\/#website\",\"url\":\"https:\/\/dev4copopalhinhas.devdg.pt\/\",\"name\":\"Copopalhinhas\",\"description\":\"Os Melhores Pre\u00e7os\",\"publisher\":{\"@id\":\"https:\/\/dev4copopalhinhas.devdg.pt\/#organization\"},\"potentialAction\":[{\"@type\":\"SearchAction\",\"target\":{\"@type\":\"EntryPoint\",\"urlTemplate\":\"https:\/\/dev4copopalhinhas.devdg.pt\/?s={search_term_string}\"},\"query-input\":{\"@type\":\"PropertyValueSpecification\",\"valueRequired\":true,\"valueName\":\"search_term_string\"}}],\"inLanguage\":\"es\"},{\"@type\":\"Organization\",\"@id\":\"https:\/\/dev4copopalhinhas.devdg.pt\/#organization\",\"name\":\"Copopalhinhas\",\"url\":\"https:\/\/dev4copopalhinhas.devdg.pt\/\",\"logo\":{\"@type\":\"ImageObject\",\"inLanguage\":\"es\",\"@id\":\"https:\/\/dev4copopalhinhas.devdg.pt\/#\/schema\/logo\/image\/\",\"url\":\"https:\/\/dev4copopalhinhas.devdg.pt\/wp-content\/uploads\/2022\/05\/COPOPALHINHASlogo.png\",\"contentUrl\":\"https:\/\/dev4copopalhinhas.devdg.pt\/wp-content\/uploads\/2022\/05\/COPOPALHINHASlogo.png\",\"width\":1200,\"height\":323,\"caption\":\"Copopalhinhas\"},\"image\":{\"@id\":\"https:\/\/dev4copopalhinhas.devdg.pt\/#\/schema\/logo\/image\/\"},\"sameAs\":[\"https:\/\/www.facebook.com\/copopalhinhas\",\"https:\/\/x.com\/copopalhinhas\",\"https:\/\/copopalhinhas.blogspot.pt\/\"]}]}<\/script>\n<!-- \/ Yoast SEO Premium plugin. -->","yoast_head_json":{"title":"COLHER DE CAF\u00c9 \/ SOBREMESA EM PS REUTILIZ\u00c1VEL 12,5CM BRANCA - Copopalhinhas","description":"A colher de caf\u00e9 \/ sobremesa reutiliz\u00e1vel em PS branca de 12,5 cm \u00e9 perfeita para servir caf\u00e9, gelados, sorvetes, mousses, sobremesas ou degusta\u00e7\u00f5es.","robots":{"index":"index","follow":"follow","max-snippet":"max-snippet:-1","max-image-preview":"max-image-preview:large","max-video-preview":"max-video-preview:-1"},"canonical":"https:\/\/dev4copopalhinhas.devdg.pt\/es\/producto\/colher-de-cafe-sobremesa-em-ps-reutilizavel-125cm-branca\/","og_locale":"es_ES","og_type":"article","og_title":"COLHER DE CAF\u00c9 \/ SOBREMESA EM PS REUTILIZ\u00c1VEL 12,5CM BRANCA","og_description":"A colher de caf\u00e9 \/ sobremesa reutiliz\u00e1vel em PS branca de 12,5 cm \u00e9 perfeita para servir caf\u00e9, gelados, sorvetes, mousses, sobremesas ou degusta\u00e7\u00f5es.","og_url":"https:\/\/dev4copopalhinhas.devdg.pt\/es\/producto\/colher-de-cafe-sobremesa-em-ps-reutilizavel-125cm-branca\/","og_site_name":"Copopalhinhas","article_publisher":"https:\/\/www.facebook.com\/copopalhinhas","article_modified_time":"2025-10-21T12:24:27+00:00","og_image":[{"width":1000,"height":1000,"url":"https:\/\/copopalhinhas.b-cdn.net\/wp-content\/uploads\/COLHER-DE-CAFE-SOBREMESA-EM-PS-REUTILIZAVEL-125MM-BRANCA-B730061-copopalhinhas-web-1.png","type":"image\/png"}],"twitter_card":"summary_large_image","twitter_site":"@copopalhinhas","schema":{"@context":"https:\/\/schema.org","@graph":[{"@type":"WebPage","@id":"https:\/\/dev4copopalhinhas.devdg.pt\/produto\/colher-de-cafe-sobremesa-em-ps-reutilizavel-125cm-branca\/","url":"https:\/\/dev4copopalhinhas.devdg.pt\/produto\/colher-de-cafe-sobremesa-em-ps-reutilizavel-125cm-branca\/","name":"COLHER DE CAF\u00c9 \/ SOBREMESA EM PS REUTILIZ\u00c1VEL 12,5CM BRANCA - Copopalhinhas","isPartOf":{"@id":"https:\/\/dev4copopalhinhas.devdg.pt\/#website"},"primaryImageOfPage":{"@id":"https:\/\/dev4copopalhinhas.devdg.pt\/produto\/colher-de-cafe-sobremesa-em-ps-reutilizavel-125cm-branca\/#primaryimage"},"image":{"@id":"https:\/\/dev4copopalhinhas.devdg.pt\/produto\/colher-de-cafe-sobremesa-em-ps-reutilizavel-125cm-branca\/#primaryimage"},"thumbnailUrl":"https:\/\/dev4copopalhinhas.devdg.pt\/wp-content\/uploads\/COLHER-DE-CAFE-SOBREMESA-EM-PS-REUTILIZAVEL-125MM-BRANCA-B730061-copopalhinhas-web-1.png","datePublished":"2025-06-25T14:45:19+00:00","dateModified":"2025-10-21T12:24:27+00:00","description":"A colher de caf\u00e9 \/ sobremesa reutiliz\u00e1vel em PS branca de 12,5 cm \u00e9 perfeita para servir caf\u00e9, gelados, sorvetes, mousses, sobremesas ou degusta\u00e7\u00f5es.","breadcrumb":{"@id":"https:\/\/dev4copopalhinhas.devdg.pt\/produto\/colher-de-cafe-sobremesa-em-ps-reutilizavel-125cm-branca\/#breadcrumb"},"inLanguage":"es","potentialAction":[{"@type":"ReadAction","target":["https:\/\/dev4copopalhinhas.devdg.pt\/produto\/colher-de-cafe-sobremesa-em-ps-reutilizavel-125cm-branca\/"]}]},{"@type":"ImageObject","inLanguage":"es","@id":"https:\/\/dev4copopalhinhas.devdg.pt\/produto\/colher-de-cafe-sobremesa-em-ps-reutilizavel-125cm-branca\/#primaryimage","url":"https:\/\/dev4copopalhinhas.devdg.pt\/wp-content\/uploads\/COLHER-DE-CAFE-SOBREMESA-EM-PS-REUTILIZAVEL-125MM-BRANCA-B730061-copopalhinhas-web-1.png","contentUrl":"https:\/\/dev4copopalhinhas.devdg.pt\/wp-content\/uploads\/COLHER-DE-CAFE-SOBREMESA-EM-PS-REUTILIZAVEL-125MM-BRANCA-B730061-copopalhinhas-web-1.png","width":1000,"height":1000,"caption":"COLHER DE CAFE SOBREMESA EM PS REUTILIZ\u00c1VEL 125MM BRANCA-B730061-copopalhinhas-web-1"},{"@type":"BreadcrumbList","@id":"https:\/\/dev4copopalhinhas.devdg.pt\/produto\/colher-de-cafe-sobremesa-em-ps-reutilizavel-125cm-branca\/#breadcrumb","itemListElement":[{"@type":"ListItem","position":1,"name":"In\u00edcio","item":"https:\/\/dev4copopalhinhas.devdg.pt\/"},{"@type":"ListItem","position":2,"name":"Loja","item":"https:\/\/dev4copopalhinhas.devdg.pt\/loja\/"},{"@type":"ListItem","position":3,"name":"COLHER DE CAF\u00c9 \/ SOBREMESA EM PS REUTILIZ\u00c1VEL 12,5CM BRANCA"}]},{"@type":"WebSite","@id":"https:\/\/dev4copopalhinhas.devdg.pt\/#website","url":"https:\/\/dev4copopalhinhas.devdg.pt\/","name":"Pajitas para vasos","description":"Los mejores precios","publisher":{"@id":"https:\/\/dev4copopalhinhas.devdg.pt\/#organization"},"potentialAction":[{"@type":"SearchAction","target":{"@type":"EntryPoint","urlTemplate":"https:\/\/dev4copopalhinhas.devdg.pt\/?s={search_term_string}"},"query-input":{"@type":"PropertyValueSpecification","valueRequired":true,"valueName":"search_term_string"}}],"inLanguage":"es"},{"@type":"Organization","@id":"https:\/\/dev4copopalhinhas.devdg.pt\/#organization","name":"Pajitas para vasos","url":"https:\/\/dev4copopalhinhas.devdg.pt\/","logo":{"@type":"ImageObject","inLanguage":"es","@id":"https:\/\/dev4copopalhinhas.devdg.pt\/#\/schema\/logo\/image\/","url":"https:\/\/dev4copopalhinhas.devdg.pt\/wp-content\/uploads\/2022\/05\/COPOPALHINHASlogo.png","contentUrl":"https:\/\/dev4copopalhinhas.devdg.pt\/wp-content\/uploads\/2022\/05\/COPOPALHINHASlogo.png","width":1200,"height":323,"caption":"Copopalhinhas"},"image":{"@id":"https:\/\/dev4copopalhinhas.devdg.pt\/#\/schema\/logo\/image\/"},"sameAs":["https:\/\/www.facebook.com\/copopalhinhas","https:\/\/x.com\/copopalhinhas","https:\/\/copopalhinhas.blogspot.pt\/"]}]}},"_links":{"self":[{"href":"https:\/\/dev4copopalhinhas.devdg.pt\/es\/wp-json\/wp\/v2\/product\/70747","targetHints":{"allow":["GET"]}}],"collection":[{"href":"https:\/\/dev4copopalhinhas.devdg.pt\/es\/wp-json\/wp\/v2\/product"}],"about":[{"href":"https:\/\/dev4copopalhinhas.devdg.pt\/es\/wp-json\/wp\/v2\/types\/product"}],"replies":[{"embeddable":true,"href":"https:\/\/dev4copopalhinhas.devdg.pt\/es\/wp-json\/wp\/v2\/comments?post=70747"}],"wp:featuredmedia":[{"embeddable":true,"href":"https:\/\/dev4copopalhinhas.devdg.pt\/es\/wp-json\/wp\/v2\/media\/70759"}],"wp:attachment":[{"href":"https:\/\/dev4copopalhinhas.devdg.pt\/es\/wp-json\/wp\/v2\/media?parent=70747"}],"wp:term":[{"taxonomy":"product_cat","embeddable":true,"href":"https:\/\/dev4copopalhinhas.devdg.pt\/es\/wp-json\/wp\/v2\/product_cat?post=70747"},{"taxonomy":"product_tag","embeddable":true,"href":"https:\/\/dev4copopalhinhas.devdg.pt\/es\/wp-json\/wp\/v2\/product_tag?post=70747"}],"curies":[{"name":"wp","href":"https:\/\/api.w.org\/{rel}","templated":true}]}}