{"id":74212,"date":"2025-08-12T08:55:22","date_gmt":"2025-08-12T07:55:22","guid":{"rendered":"https:\/\/dev4copopalhinhas.devdg.pt\/?post_type=product&#038;p=74212"},"modified":"2025-10-14T01:04:31","modified_gmt":"2025-10-14T00:04:31","slug":"palhinha-reta-de-papel-kraft-natural-08x20cm-copia","status":"publish","type":"product","link":"https:\/\/dev4copopalhinhas.devdg.pt\/es\/producto\/palhinha-reta-de-papel-kraft-natural-08x20cm-copia\/","title":{"rendered":"PAJA EN PAPEL KRAFT NATURAL 0.8X20CM"},"content":{"rendered":"<h3>D\u00e1 um Toque Natural \u00e0s Tuas Bebidas com a Palhinha Reta em Papel Kraft 0,8x20cm<\/h3>\n<p>Si buscas una opci\u00f3n ecol\u00f3gica y sofisticada para tus bebidas, la pajita recta de papel kraft de 0,8 x 20 cm es la opci\u00f3n ideal. Con un dise\u00f1o natural y sostenible, esta pajita combina practicidad y responsabilidad ambiental. \u00a1El\u00edgela ahora y haz de cada sorbo una experiencia m\u00e1s consciente!<\/p>\n<h4>Apuesta por la autenticidad y la sencillez<\/h4>\n<p>El aspecto r\u00fastico del papel kraft natural a\u00f1ade un toque especial a tus bebidas. Esta pajita biodegradable y ecol\u00f3gica es perfecta para cafeter\u00edas, bistr\u00f3s, bares o restaurantes que valoran un concepto sostenible y elegante. Tambi\u00e9n es ideal para cualquier tipo de evento, ya sea una cena \u00edntima o una fiesta informal.<\/p>\n<h4>Utilice una pajita vers\u00e1til para diferentes bebidas<\/h4>\n<p>Con 20 cm de largo y 0,8 cm de di\u00e1metro, esta pajita es perfecta para una amplia variedad de bebidas. Desde caf\u00e9s helados y t\u00e9s hasta c\u00f3cteles y zumos naturales, ofrece practicidad sin sacrificar el sabor. Por eso, elige una soluci\u00f3n funcional y est\u00e9ticamente atractiva para cualquier ocasi\u00f3n. Ver m\u00e1s <a href=\"https:\/\/dev4copopalhinhas.devdg.pt\/es\/categorias\/palhinhas\/?wpf_filter_cat_list_0=1508&amp;wpf_fbv=1\">pajitas kraft<\/a>.<\/p>\n<h4>Elige Sostenibilidad y Calidad Garantizada<\/h4>\n<p>Fabricada con papel kraft biodegradable y reciclable, esta pajita ayuda a reducir el impacto ambiental. Adem\u00e1s, su material se descompone de forma natural, lo que la convierte en una alternativa viable a las pajitas de pl\u00e1stico desechables. As\u00ed, contribuyes a un planeta m\u00e1s limpio sin sacrificar la calidad.<\/p>\n<h4>La higiene y la seguridad siempre son lo primero<\/h4>\n<p>Cada pajita se fabrica seg\u00fan rigurosos est\u00e1ndares de calidad y certificaci\u00f3n. A diferencia de las pajitas de pl\u00e1stico, esta opci\u00f3n garantiza un consumo responsable y seguro. Adem\u00e1s, resiste temperaturas de entre 0 \u00b0C y +80 \u00b0C, lo que garantiza su resistencia y durabilidad.<\/p>\n<h4>Producto certificado para mayor confianza<\/h4>\n<ul>\n<li>Libre de PFOS-PFOA<\/li>\n<li>Certificaci\u00f3n FSC MIX 70%: apoya la gesti\u00f3n forestal sostenible<\/li>\n<li>Cumplimiento del Reglamento CE n.\u00ba 1935\/2004 \u2013 Apto para contacto con alimentos<\/li>\n<\/ul>","protected":false},"excerpt":{"rendered":"<p>Palhinha reta em papel kraft 0,8x20cm, biodegrad\u00e1vel e ecol\u00f3gica. Ideal para caf\u00e9s, bares e restaurantes que valorizam a sustentabilidade e a autenticidade. Estas palhinhas retas em papel kraft natural combinam funcionalidade, rusticidade e responsabilidade ambiental.<\/p>","protected":false},"featured_media":74226,"comment_status":"open","ping_status":"closed","template":"","meta":{"_acf_changed":false},"product_cat":[2054,1725,1399,1704,1508,1708,1547,229],"product_tag":[1570,1613],"class_list":{"0":"post-74212","1":"product","2":"type-product","3":"status-publish","4":"has-post-thumbnail","6":"product_cat-palhinhas-retas","7":"product_cat-castanho","8":"product_cat-avulso","9":"product_cat-reta","10":"product_cat-kraft","11":"product_cat-80mm","12":"product_cat-20cm","13":"product_cat-palhinhas","14":"product_tag-menu-palhinhas","15":"product_tag-sub-menu-palhinhas-retas","16":"pa_qtd-por-caixa-1347","17":"pa_qtd-por-caixa-1371","18":"tm-no-options","20":"first","21":"instock","22":"taxable","23":"shipping-taxable","24":"purchasable","25":"product-type-variable"},"acf":[],"yoast_head":"<!-- This site is optimized with the Yoast SEO Premium plugin v23.9 (Yoast SEO v23.9) - https:\/\/yoast.com\/wordpress\/plugins\/seo\/ -->\n<title>PALHINHA RETA EM PAPEL KRAFT NATURAL 0,8X20CM - Copopalhinhas<\/title>\n<meta name=\"description\" content=\"Aposta na sustentabilidade com a palhinha reta em papel kraft 0,8x20cm. Ecol\u00f3gica, resistente e perfeita para qualquer bebida. Valoriza a autenticidade!\" \/>\n<meta name=\"robots\" content=\"index, follow, max-snippet:-1, max-image-preview:large, max-video-preview:-1\" \/>\n<link rel=\"canonical\" href=\"https:\/\/dev4copopalhinhas.devdg.pt\/es\/producto\/palhinha-reta-de-papel-kraft-natural-08x20cm-copia\/\" \/>\n<meta property=\"og:locale\" content=\"es_ES\" \/>\n<meta property=\"og:type\" content=\"article\" \/>\n<meta property=\"og:title\" content=\"PALHINHA RETA EM PAPEL KRAFT NATURAL 0,8X20CM\" \/>\n<meta property=\"og:description\" content=\"Aposta na sustentabilidade com a palhinha reta em papel kraft 0,8x20cm. Ecol\u00f3gica, resistente e perfeita para qualquer bebida. Valoriza a autenticidade!\" \/>\n<meta property=\"og:url\" content=\"https:\/\/dev4copopalhinhas.devdg.pt\/es\/producto\/palhinha-reta-de-papel-kraft-natural-08x20cm-copia\/\" \/>\n<meta property=\"og:site_name\" content=\"Copopalhinhas\" \/>\n<meta property=\"article:publisher\" content=\"https:\/\/www.facebook.com\/copopalhinhas\" \/>\n<meta property=\"article:modified_time\" content=\"2025-10-14T00:04:31+00:00\" \/>\n<meta property=\"og:image\" content=\"https:\/\/copopalhinhas.b-cdn.net\/wp-content\/uploads\/PALHINHA-RETA-EM-PAPEL-KRAFT-NATURAL-08X20CM-06.0055.28313684-Copopalhinhas-web3.png\" \/>\n\t<meta property=\"og:image:width\" content=\"1000\" \/>\n\t<meta property=\"og:image:height\" content=\"1000\" \/>\n\t<meta property=\"og:image:type\" content=\"image\/png\" \/>\n<meta name=\"twitter:card\" content=\"summary_large_image\" \/>\n<meta name=\"twitter:site\" content=\"@copopalhinhas\" \/>\n<script type=\"application\/ld+json\" class=\"yoast-schema-graph\">{\"@context\":\"https:\/\/schema.org\",\"@graph\":[{\"@type\":\"WebPage\",\"@id\":\"https:\/\/dev4copopalhinhas.devdg.pt\/produto\/palhinha-reta-de-papel-kraft-natural-08x20cm-copia\/\",\"url\":\"https:\/\/dev4copopalhinhas.devdg.pt\/produto\/palhinha-reta-de-papel-kraft-natural-08x20cm-copia\/\",\"name\":\"PALHINHA RETA EM PAPEL KRAFT NATURAL 0,8X20CM - Copopalhinhas\",\"isPartOf\":{\"@id\":\"https:\/\/dev4copopalhinhas.devdg.pt\/#website\"},\"primaryImageOfPage\":{\"@id\":\"https:\/\/dev4copopalhinhas.devdg.pt\/produto\/palhinha-reta-de-papel-kraft-natural-08x20cm-copia\/#primaryimage\"},\"image\":{\"@id\":\"https:\/\/dev4copopalhinhas.devdg.pt\/produto\/palhinha-reta-de-papel-kraft-natural-08x20cm-copia\/#primaryimage\"},\"thumbnailUrl\":\"https:\/\/dev4copopalhinhas.devdg.pt\/wp-content\/uploads\/PALHINHA-RETA-EM-PAPEL-KRAFT-NATURAL-08X20CM-06.0055.28313684-Copopalhinhas-web3.png\",\"datePublished\":\"2025-08-12T07:55:22+00:00\",\"dateModified\":\"2025-10-14T00:04:31+00:00\",\"description\":\"Aposta na sustentabilidade com a palhinha reta em papel kraft 0,8x20cm. Ecol\u00f3gica, resistente e perfeita para qualquer bebida. Valoriza a autenticidade!\",\"breadcrumb\":{\"@id\":\"https:\/\/dev4copopalhinhas.devdg.pt\/produto\/palhinha-reta-de-papel-kraft-natural-08x20cm-copia\/#breadcrumb\"},\"inLanguage\":\"es\",\"potentialAction\":[{\"@type\":\"ReadAction\",\"target\":[\"https:\/\/dev4copopalhinhas.devdg.pt\/produto\/palhinha-reta-de-papel-kraft-natural-08x20cm-copia\/\"]}]},{\"@type\":\"ImageObject\",\"inLanguage\":\"es\",\"@id\":\"https:\/\/dev4copopalhinhas.devdg.pt\/produto\/palhinha-reta-de-papel-kraft-natural-08x20cm-copia\/#primaryimage\",\"url\":\"https:\/\/dev4copopalhinhas.devdg.pt\/wp-content\/uploads\/PALHINHA-RETA-EM-PAPEL-KRAFT-NATURAL-08X20CM-06.0055.28313684-Copopalhinhas-web3.png\",\"contentUrl\":\"https:\/\/dev4copopalhinhas.devdg.pt\/wp-content\/uploads\/PALHINHA-RETA-EM-PAPEL-KRAFT-NATURAL-08X20CM-06.0055.28313684-Copopalhinhas-web3.png\",\"width\":1000,\"height\":1000,\"caption\":\"PALHINHA RETA EM PAPEL KRAFT NATURAL 0,8X20CM-06.0055.28313684-Copopalhinhas-web3\"},{\"@type\":\"BreadcrumbList\",\"@id\":\"https:\/\/dev4copopalhinhas.devdg.pt\/produto\/palhinha-reta-de-papel-kraft-natural-08x20cm-copia\/#breadcrumb\",\"itemListElement\":[{\"@type\":\"ListItem\",\"position\":1,\"name\":\"In\u00edcio\",\"item\":\"https:\/\/dev4copopalhinhas.devdg.pt\/\"},{\"@type\":\"ListItem\",\"position\":2,\"name\":\"Loja\",\"item\":\"https:\/\/dev4copopalhinhas.devdg.pt\/loja\/\"},{\"@type\":\"ListItem\",\"position\":3,\"name\":\"PALHINHA RETA EM PAPEL KRAFT NATURAL 0,8X20CM\"}]},{\"@type\":\"WebSite\",\"@id\":\"https:\/\/dev4copopalhinhas.devdg.pt\/#website\",\"url\":\"https:\/\/dev4copopalhinhas.devdg.pt\/\",\"name\":\"Copopalhinhas\",\"description\":\"Os Melhores Pre\u00e7os\",\"publisher\":{\"@id\":\"https:\/\/dev4copopalhinhas.devdg.pt\/#organization\"},\"potentialAction\":[{\"@type\":\"SearchAction\",\"target\":{\"@type\":\"EntryPoint\",\"urlTemplate\":\"https:\/\/dev4copopalhinhas.devdg.pt\/?s={search_term_string}\"},\"query-input\":{\"@type\":\"PropertyValueSpecification\",\"valueRequired\":true,\"valueName\":\"search_term_string\"}}],\"inLanguage\":\"es\"},{\"@type\":\"Organization\",\"@id\":\"https:\/\/dev4copopalhinhas.devdg.pt\/#organization\",\"name\":\"Copopalhinhas\",\"url\":\"https:\/\/dev4copopalhinhas.devdg.pt\/\",\"logo\":{\"@type\":\"ImageObject\",\"inLanguage\":\"es\",\"@id\":\"https:\/\/dev4copopalhinhas.devdg.pt\/#\/schema\/logo\/image\/\",\"url\":\"https:\/\/dev4copopalhinhas.devdg.pt\/wp-content\/uploads\/2022\/05\/COPOPALHINHASlogo.png\",\"contentUrl\":\"https:\/\/dev4copopalhinhas.devdg.pt\/wp-content\/uploads\/2022\/05\/COPOPALHINHASlogo.png\",\"width\":1200,\"height\":323,\"caption\":\"Copopalhinhas\"},\"image\":{\"@id\":\"https:\/\/dev4copopalhinhas.devdg.pt\/#\/schema\/logo\/image\/\"},\"sameAs\":[\"https:\/\/www.facebook.com\/copopalhinhas\",\"https:\/\/x.com\/copopalhinhas\",\"https:\/\/copopalhinhas.blogspot.pt\/\"]}]}<\/script>\n<!-- \/ Yoast SEO Premium plugin. -->","yoast_head_json":{"title":"PALHINHA RETA EM PAPEL KRAFT NATURAL 0,8X20CM - Copopalhinhas","description":"Aposta na sustentabilidade com a palhinha reta em papel kraft 0,8x20cm. Ecol\u00f3gica, resistente e perfeita para qualquer bebida. Valoriza a autenticidade!","robots":{"index":"index","follow":"follow","max-snippet":"max-snippet:-1","max-image-preview":"max-image-preview:large","max-video-preview":"max-video-preview:-1"},"canonical":"https:\/\/dev4copopalhinhas.devdg.pt\/es\/producto\/palhinha-reta-de-papel-kraft-natural-08x20cm-copia\/","og_locale":"es_ES","og_type":"article","og_title":"PALHINHA RETA EM PAPEL KRAFT NATURAL 0,8X20CM","og_description":"Aposta na sustentabilidade com a palhinha reta em papel kraft 0,8x20cm. Ecol\u00f3gica, resistente e perfeita para qualquer bebida. Valoriza a autenticidade!","og_url":"https:\/\/dev4copopalhinhas.devdg.pt\/es\/producto\/palhinha-reta-de-papel-kraft-natural-08x20cm-copia\/","og_site_name":"Copopalhinhas","article_publisher":"https:\/\/www.facebook.com\/copopalhinhas","article_modified_time":"2025-10-14T00:04:31+00:00","og_image":[{"width":1000,"height":1000,"url":"https:\/\/copopalhinhas.b-cdn.net\/wp-content\/uploads\/PALHINHA-RETA-EM-PAPEL-KRAFT-NATURAL-08X20CM-06.0055.28313684-Copopalhinhas-web3.png","type":"image\/png"}],"twitter_card":"summary_large_image","twitter_site":"@copopalhinhas","schema":{"@context":"https:\/\/schema.org","@graph":[{"@type":"WebPage","@id":"https:\/\/dev4copopalhinhas.devdg.pt\/produto\/palhinha-reta-de-papel-kraft-natural-08x20cm-copia\/","url":"https:\/\/dev4copopalhinhas.devdg.pt\/produto\/palhinha-reta-de-papel-kraft-natural-08x20cm-copia\/","name":"PALHINHA RETA EM PAPEL KRAFT NATURAL 0,8X20CM - Copopalhinhas","isPartOf":{"@id":"https:\/\/dev4copopalhinhas.devdg.pt\/#website"},"primaryImageOfPage":{"@id":"https:\/\/dev4copopalhinhas.devdg.pt\/produto\/palhinha-reta-de-papel-kraft-natural-08x20cm-copia\/#primaryimage"},"image":{"@id":"https:\/\/dev4copopalhinhas.devdg.pt\/produto\/palhinha-reta-de-papel-kraft-natural-08x20cm-copia\/#primaryimage"},"thumbnailUrl":"https:\/\/dev4copopalhinhas.devdg.pt\/wp-content\/uploads\/PALHINHA-RETA-EM-PAPEL-KRAFT-NATURAL-08X20CM-06.0055.28313684-Copopalhinhas-web3.png","datePublished":"2025-08-12T07:55:22+00:00","dateModified":"2025-10-14T00:04:31+00:00","description":"Aposta na sustentabilidade com a palhinha reta em papel kraft 0,8x20cm. Ecol\u00f3gica, resistente e perfeita para qualquer bebida. Valoriza a autenticidade!","breadcrumb":{"@id":"https:\/\/dev4copopalhinhas.devdg.pt\/produto\/palhinha-reta-de-papel-kraft-natural-08x20cm-copia\/#breadcrumb"},"inLanguage":"es","potentialAction":[{"@type":"ReadAction","target":["https:\/\/dev4copopalhinhas.devdg.pt\/produto\/palhinha-reta-de-papel-kraft-natural-08x20cm-copia\/"]}]},{"@type":"ImageObject","inLanguage":"es","@id":"https:\/\/dev4copopalhinhas.devdg.pt\/produto\/palhinha-reta-de-papel-kraft-natural-08x20cm-copia\/#primaryimage","url":"https:\/\/dev4copopalhinhas.devdg.pt\/wp-content\/uploads\/PALHINHA-RETA-EM-PAPEL-KRAFT-NATURAL-08X20CM-06.0055.28313684-Copopalhinhas-web3.png","contentUrl":"https:\/\/dev4copopalhinhas.devdg.pt\/wp-content\/uploads\/PALHINHA-RETA-EM-PAPEL-KRAFT-NATURAL-08X20CM-06.0055.28313684-Copopalhinhas-web3.png","width":1000,"height":1000,"caption":"PALHINHA RETA EM PAPEL KRAFT NATURAL 0,8X20CM-06.0055.28313684-Copopalhinhas-web3"},{"@type":"BreadcrumbList","@id":"https:\/\/dev4copopalhinhas.devdg.pt\/produto\/palhinha-reta-de-papel-kraft-natural-08x20cm-copia\/#breadcrumb","itemListElement":[{"@type":"ListItem","position":1,"name":"In\u00edcio","item":"https:\/\/dev4copopalhinhas.devdg.pt\/"},{"@type":"ListItem","position":2,"name":"Loja","item":"https:\/\/dev4copopalhinhas.devdg.pt\/loja\/"},{"@type":"ListItem","position":3,"name":"PALHINHA RETA EM PAPEL KRAFT NATURAL 0,8X20CM"}]},{"@type":"WebSite","@id":"https:\/\/dev4copopalhinhas.devdg.pt\/#website","url":"https:\/\/dev4copopalhinhas.devdg.pt\/","name":"Pajitas para vasos","description":"Los mejores precios","publisher":{"@id":"https:\/\/dev4copopalhinhas.devdg.pt\/#organization"},"potentialAction":[{"@type":"SearchAction","target":{"@type":"EntryPoint","urlTemplate":"https:\/\/dev4copopalhinhas.devdg.pt\/?s={search_term_string}"},"query-input":{"@type":"PropertyValueSpecification","valueRequired":true,"valueName":"search_term_string"}}],"inLanguage":"es"},{"@type":"Organization","@id":"https:\/\/dev4copopalhinhas.devdg.pt\/#organization","name":"Pajitas para vasos","url":"https:\/\/dev4copopalhinhas.devdg.pt\/","logo":{"@type":"ImageObject","inLanguage":"es","@id":"https:\/\/dev4copopalhinhas.devdg.pt\/#\/schema\/logo\/image\/","url":"https:\/\/dev4copopalhinhas.devdg.pt\/wp-content\/uploads\/2022\/05\/COPOPALHINHASlogo.png","contentUrl":"https:\/\/dev4copopalhinhas.devdg.pt\/wp-content\/uploads\/2022\/05\/COPOPALHINHASlogo.png","width":1200,"height":323,"caption":"Copopalhinhas"},"image":{"@id":"https:\/\/dev4copopalhinhas.devdg.pt\/#\/schema\/logo\/image\/"},"sameAs":["https:\/\/www.facebook.com\/copopalhinhas","https:\/\/x.com\/copopalhinhas","https:\/\/copopalhinhas.blogspot.pt\/"]}]}},"_links":{"self":[{"href":"https:\/\/dev4copopalhinhas.devdg.pt\/es\/wp-json\/wp\/v2\/product\/74212","targetHints":{"allow":["GET"]}}],"collection":[{"href":"https:\/\/dev4copopalhinhas.devdg.pt\/es\/wp-json\/wp\/v2\/product"}],"about":[{"href":"https:\/\/dev4copopalhinhas.devdg.pt\/es\/wp-json\/wp\/v2\/types\/product"}],"replies":[{"embeddable":true,"href":"https:\/\/dev4copopalhinhas.devdg.pt\/es\/wp-json\/wp\/v2\/comments?post=74212"}],"wp:featuredmedia":[{"embeddable":true,"href":"https:\/\/dev4copopalhinhas.devdg.pt\/es\/wp-json\/wp\/v2\/media\/74226"}],"wp:attachment":[{"href":"https:\/\/dev4copopalhinhas.devdg.pt\/es\/wp-json\/wp\/v2\/media?parent=74212"}],"wp:term":[{"taxonomy":"product_cat","embeddable":true,"href":"https:\/\/dev4copopalhinhas.devdg.pt\/es\/wp-json\/wp\/v2\/product_cat?post=74212"},{"taxonomy":"product_tag","embeddable":true,"href":"https:\/\/dev4copopalhinhas.devdg.pt\/es\/wp-json\/wp\/v2\/product_tag?post=74212"}],"curies":[{"name":"wp","href":"https:\/\/api.w.org\/{rel}","templated":true}]}}